{"id":104175,"date":"2026-01-13T12:35:46","date_gmt":"2026-01-13T10:35:46","guid":{"rendered":"https:\/\/www.lilleliis.com\/?post_type=product&#038;p=104175"},"modified":"2026-04-06T16:59:23","modified_gmt":"2026-04-06T13:59:23","slug":"artist-bear-manguasja-liigesed-15-mm","status":"publish","type":"product","link":"https:\/\/www.lilleliis.com\/et\/toode\/artist-bear-manguasja-liigesed-15-mm\/","title":{"rendered":"Artist Bear m\u00e4nguasja liigesed &#8211; 15 mm"},"content":{"rendered":"<p>Artist Bear m\u00e4nguasja liigesed. Komplekt sisaldab 5 kinnitust &#8211; neli k\u00e4ppade ja \u00fcks pea jaoks.<\/p>\n<p>Valmistatud traditsiooniliselt papist ja traadist. Sobib kergemate, pigem kollektsioneerimise otstarbega m\u00e4ngukarude valmistamiseks.<\/p>\n<p>Suurus: 15 mm<\/p>\n<p>Ei tohi pesta.<\/p>\n<p>Lastele m\u00e4ngimiseks m\u00f5eldud m\u00e4ngukarudele soovitan pigem <a href=\"https:\/\/www.lilleliis.com\/et\/toode\/manguasjade-liigesed\/\">plastmassist liigeseid<\/a>.<\/p>\n","protected":false},"excerpt":{"rendered":"<p>Artist Bear m\u00e4nguasja liigesed kollektsioneeritavate karude valmistamiseks. Komplekt sisaldab 5 kinnitust (4 k\u00e4ppadele ja 1 pea jaoks). Sobib m\u00e4ngukarude liigutatavate j\u00e4semete loomiseks.<\/p>\n","protected":false},"featured_media":104176,"comment_status":"open","ping_status":"closed","template":"","meta":[],"product_brand":[],"product_cat":[429,562],"product_tag":[],"class_list":{"0":"post-104175","1":"product","2":"type-product","3":"status-publish","4":"has-post-thumbnail","6":"product_cat-kasitoo-tarvikud","7":"product_cat-turvasilmad","8":"pa_special-features-liikuvad-jasemed","10":"first","11":"instock","12":"taxable","13":"shipping-taxable","14":"purchasable","15":"product-type-simple"},"yoast_head":"<!-- This site is optimized with the Yoast SEO plugin v27.3 - https:\/\/yoast.com\/product\/yoast-seo-wordpress\/ -->\n<title>Artist Bear m\u00e4nguasja liigesed - 15 mm | lilleliis<\/title>\n<meta name=\"description\" content=\"Artist Bear m\u00e4nguasja liigesed. Komplekt sisaldab 5 kinnitust - neli k\u00e4ppade ja \u00fcks pea jaoks. Suurus: 15 mm.\" \/>\n<meta name=\"robots\" content=\"index, follow, max-snippet:-1, max-image-preview:large, max-video-preview:-1\" \/>\n<link rel=\"canonical\" href=\"https:\/\/www.lilleliis.com\/et\/toode\/artist-bear-manguasja-liigesed-15-mm\/\" \/>\n<meta property=\"og:locale\" content=\"et_EE\" \/>\n<meta property=\"og:type\" content=\"article\" \/>\n<meta property=\"og:title\" content=\"Artist Bear m\u00e4nguasja liigesed - 15 mm | lilleliis\" \/>\n<meta property=\"og:description\" content=\"Artist Bear m\u00e4nguasja liigesed. Komplekt sisaldab 5 kinnitust - neli k\u00e4ppade ja \u00fcks pea jaoks. Suurus: 15 mm.\" \/>\n<meta property=\"og:url\" content=\"https:\/\/www.lilleliis.com\/et\/toode\/artist-bear-manguasja-liigesed-15-mm\/\" \/>\n<meta property=\"og:site_name\" content=\"lilleliis\" \/>\n<meta property=\"article:publisher\" content=\"https:\/\/www.facebook.com\/lilleliis-283266335035799\/\" \/>\n<meta property=\"article:modified_time\" content=\"2026-04-06T13:59:23+00:00\" \/>\n<meta property=\"og:image\" content=\"https:\/\/www.lilleliis.com\/wp-content\/uploads\/2026\/01\/artist-bear-manguasja-liigesed1.jpg\" \/>\n\t<meta property=\"og:image:width\" content=\"1000\" \/>\n\t<meta property=\"og:image:height\" content=\"1000\" \/>\n\t<meta property=\"og:image:type\" content=\"image\/jpeg\" \/>\n<meta name=\"twitter:card\" content=\"summary_large_image\" \/>\n<meta name=\"twitter:label1\" content=\"Est. reading time\" \/>\n\t<meta name=\"twitter:data1\" content=\"1 minute\" \/>\n<script type=\"application\/ld+json\" class=\"yoast-schema-graph\">{\"@context\":\"https:\\\/\\\/schema.org\",\"@graph\":[{\"@type\":\"WebPage\",\"@id\":\"https:\\\/\\\/www.lilleliis.com\\\/et\\\/toode\\\/artist-bear-manguasja-liigesed-15-mm\\\/\",\"url\":\"https:\\\/\\\/www.lilleliis.com\\\/et\\\/toode\\\/artist-bear-manguasja-liigesed-15-mm\\\/\",\"name\":\"Artist Bear m\u00e4nguasja liigesed - 15 mm | lilleliis\",\"isPartOf\":{\"@id\":\"https:\\\/\\\/www.lilleliis.com\\\/et\\\/#website\"},\"primaryImageOfPage\":{\"@id\":\"https:\\\/\\\/www.lilleliis.com\\\/et\\\/toode\\\/artist-bear-manguasja-liigesed-15-mm\\\/#primaryimage\"},\"image\":{\"@id\":\"https:\\\/\\\/www.lilleliis.com\\\/et\\\/toode\\\/artist-bear-manguasja-liigesed-15-mm\\\/#primaryimage\"},\"thumbnailUrl\":\"https:\\\/\\\/www.lilleliis.com\\\/wp-content\\\/uploads\\\/2026\\\/01\\\/artist-bear-manguasja-liigesed1.jpg\",\"datePublished\":\"2026-01-13T10:35:46+00:00\",\"dateModified\":\"2026-04-06T13:59:23+00:00\",\"description\":\"Artist Bear m\u00e4nguasja liigesed. Komplekt sisaldab 5 kinnitust - neli k\u00e4ppade ja \u00fcks pea jaoks. Suurus: 15 mm.\",\"breadcrumb\":{\"@id\":\"https:\\\/\\\/www.lilleliis.com\\\/et\\\/toode\\\/artist-bear-manguasja-liigesed-15-mm\\\/#breadcrumb\"},\"inLanguage\":\"et\",\"potentialAction\":[{\"@type\":\"ReadAction\",\"target\":[\"https:\\\/\\\/www.lilleliis.com\\\/et\\\/toode\\\/artist-bear-manguasja-liigesed-15-mm\\\/\"]}]},{\"@type\":\"ImageObject\",\"inLanguage\":\"et\",\"@id\":\"https:\\\/\\\/www.lilleliis.com\\\/et\\\/toode\\\/artist-bear-manguasja-liigesed-15-mm\\\/#primaryimage\",\"url\":\"https:\\\/\\\/www.lilleliis.com\\\/wp-content\\\/uploads\\\/2026\\\/01\\\/artist-bear-manguasja-liigesed1.jpg\",\"contentUrl\":\"https:\\\/\\\/www.lilleliis.com\\\/wp-content\\\/uploads\\\/2026\\\/01\\\/artist-bear-manguasja-liigesed1.jpg\",\"width\":1000,\"height\":1000,\"caption\":\"artist bear m\u00e4nguasja liigesed\"},{\"@type\":\"BreadcrumbList\",\"@id\":\"https:\\\/\\\/www.lilleliis.com\\\/et\\\/toode\\\/artist-bear-manguasja-liigesed-15-mm\\\/#breadcrumb\",\"itemListElement\":[{\"@type\":\"ListItem\",\"position\":1,\"name\":\"Home\",\"item\":\"https:\\\/\\\/www.lilleliis.com\\\/et\\\/\"},{\"@type\":\"ListItem\",\"position\":2,\"name\":\"Pood\",\"item\":\"https:\\\/\\\/www.lilleliis.com\\\/et\\\/shop\\\/\"},{\"@type\":\"ListItem\",\"position\":3,\"name\":\"Artist Bear m\u00e4nguasja liigesed &#8211; 15 mm\"}]},{\"@type\":\"WebSite\",\"@id\":\"https:\\\/\\\/www.lilleliis.com\\\/et\\\/#website\",\"url\":\"https:\\\/\\\/www.lilleliis.com\\\/et\\\/\",\"name\":\"lilleliis\",\"description\":\"Amigurumi m\u00e4nguasjad ja mustrid\",\"potentialAction\":[{\"@type\":\"SearchAction\",\"target\":{\"@type\":\"EntryPoint\",\"urlTemplate\":\"https:\\\/\\\/www.lilleliis.com\\\/et\\\/?s={search_term_string}\"},\"query-input\":{\"@type\":\"PropertyValueSpecification\",\"valueRequired\":true,\"valueName\":\"search_term_string\"}}],\"inLanguage\":\"et\"}]}<\/script>\n<!-- \/ Yoast SEO plugin. -->","yoast_head_json":{"title":"Artist Bear m\u00e4nguasja liigesed - 15 mm | lilleliis","description":"Artist Bear m\u00e4nguasja liigesed. Komplekt sisaldab 5 kinnitust - neli k\u00e4ppade ja \u00fcks pea jaoks. Suurus: 15 mm.","robots":{"index":"index","follow":"follow","max-snippet":"max-snippet:-1","max-image-preview":"max-image-preview:large","max-video-preview":"max-video-preview:-1"},"canonical":"https:\/\/www.lilleliis.com\/et\/toode\/artist-bear-manguasja-liigesed-15-mm\/","og_locale":"et_EE","og_type":"article","og_title":"Artist Bear m\u00e4nguasja liigesed - 15 mm | lilleliis","og_description":"Artist Bear m\u00e4nguasja liigesed. Komplekt sisaldab 5 kinnitust - neli k\u00e4ppade ja \u00fcks pea jaoks. Suurus: 15 mm.","og_url":"https:\/\/www.lilleliis.com\/et\/toode\/artist-bear-manguasja-liigesed-15-mm\/","og_site_name":"lilleliis","article_publisher":"https:\/\/www.facebook.com\/lilleliis-283266335035799\/","article_modified_time":"2026-04-06T13:59:23+00:00","og_image":[{"width":1000,"height":1000,"url":"https:\/\/www.lilleliis.com\/wp-content\/uploads\/2026\/01\/artist-bear-manguasja-liigesed1.jpg","type":"image\/jpeg"}],"twitter_card":"summary_large_image","twitter_misc":{"Est. reading time":"1 minute"},"schema":{"@context":"https:\/\/schema.org","@graph":[{"@type":"WebPage","@id":"https:\/\/www.lilleliis.com\/et\/toode\/artist-bear-manguasja-liigesed-15-mm\/","url":"https:\/\/www.lilleliis.com\/et\/toode\/artist-bear-manguasja-liigesed-15-mm\/","name":"Artist Bear m\u00e4nguasja liigesed - 15 mm | lilleliis","isPartOf":{"@id":"https:\/\/www.lilleliis.com\/et\/#website"},"primaryImageOfPage":{"@id":"https:\/\/www.lilleliis.com\/et\/toode\/artist-bear-manguasja-liigesed-15-mm\/#primaryimage"},"image":{"@id":"https:\/\/www.lilleliis.com\/et\/toode\/artist-bear-manguasja-liigesed-15-mm\/#primaryimage"},"thumbnailUrl":"https:\/\/www.lilleliis.com\/wp-content\/uploads\/2026\/01\/artist-bear-manguasja-liigesed1.jpg","datePublished":"2026-01-13T10:35:46+00:00","dateModified":"2026-04-06T13:59:23+00:00","description":"Artist Bear m\u00e4nguasja liigesed. Komplekt sisaldab 5 kinnitust - neli k\u00e4ppade ja \u00fcks pea jaoks. Suurus: 15 mm.","breadcrumb":{"@id":"https:\/\/www.lilleliis.com\/et\/toode\/artist-bear-manguasja-liigesed-15-mm\/#breadcrumb"},"inLanguage":"et","potentialAction":[{"@type":"ReadAction","target":["https:\/\/www.lilleliis.com\/et\/toode\/artist-bear-manguasja-liigesed-15-mm\/"]}]},{"@type":"ImageObject","inLanguage":"et","@id":"https:\/\/www.lilleliis.com\/et\/toode\/artist-bear-manguasja-liigesed-15-mm\/#primaryimage","url":"https:\/\/www.lilleliis.com\/wp-content\/uploads\/2026\/01\/artist-bear-manguasja-liigesed1.jpg","contentUrl":"https:\/\/www.lilleliis.com\/wp-content\/uploads\/2026\/01\/artist-bear-manguasja-liigesed1.jpg","width":1000,"height":1000,"caption":"artist bear m\u00e4nguasja liigesed"},{"@type":"BreadcrumbList","@id":"https:\/\/www.lilleliis.com\/et\/toode\/artist-bear-manguasja-liigesed-15-mm\/#breadcrumb","itemListElement":[{"@type":"ListItem","position":1,"name":"Home","item":"https:\/\/www.lilleliis.com\/et\/"},{"@type":"ListItem","position":2,"name":"Pood","item":"https:\/\/www.lilleliis.com\/et\/shop\/"},{"@type":"ListItem","position":3,"name":"Artist Bear m\u00e4nguasja liigesed &#8211; 15 mm"}]},{"@type":"WebSite","@id":"https:\/\/www.lilleliis.com\/et\/#website","url":"https:\/\/www.lilleliis.com\/et\/","name":"lilleliis","description":"Amigurumi m\u00e4nguasjad ja mustrid","potentialAction":[{"@type":"SearchAction","target":{"@type":"EntryPoint","urlTemplate":"https:\/\/www.lilleliis.com\/et\/?s={search_term_string}"},"query-input":{"@type":"PropertyValueSpecification","valueRequired":true,"valueName":"search_term_string"}}],"inLanguage":"et"}]}},"_links":{"self":[{"href":"https:\/\/www.lilleliis.com\/et\/wp-json\/wp\/v2\/product\/104175","targetHints":{"allow":["GET"]}}],"collection":[{"href":"https:\/\/www.lilleliis.com\/et\/wp-json\/wp\/v2\/product"}],"about":[{"href":"https:\/\/www.lilleliis.com\/et\/wp-json\/wp\/v2\/types\/product"}],"replies":[{"embeddable":true,"href":"https:\/\/www.lilleliis.com\/et\/wp-json\/wp\/v2\/comments?post=104175"}],"wp:featuredmedia":[{"embeddable":true,"href":"https:\/\/www.lilleliis.com\/et\/wp-json\/wp\/v2\/media\/104176"}],"wp:attachment":[{"href":"https:\/\/www.lilleliis.com\/et\/wp-json\/wp\/v2\/media?parent=104175"}],"wp:term":[{"taxonomy":"product_brand","embeddable":true,"href":"https:\/\/www.lilleliis.com\/et\/wp-json\/wp\/v2\/product_brand?post=104175"},{"taxonomy":"product_cat","embeddable":true,"href":"https:\/\/www.lilleliis.com\/et\/wp-json\/wp\/v2\/product_cat?post=104175"},{"taxonomy":"product_tag","embeddable":true,"href":"https:\/\/www.lilleliis.com\/et\/wp-json\/wp\/v2\/product_tag?post=104175"}],"curies":[{"name":"wp","href":"https:\/\/api.w.org\/{rel}","templated":true}]}}