{"id":104181,"date":"2026-01-13T17:51:29","date_gmt":"2026-01-13T15:51:29","guid":{"rendered":"https:\/\/www.lilleliis.com\/?post_type=product&#038;p=104181"},"modified":"2026-04-14T18:27:48","modified_gmt":"2026-04-14T15:27:48","slug":"votmehoidja-rongas","status":"publish","type":"product","link":"https:\/\/www.lilleliis.com\/et\/toode\/votmehoidja-rongas\/","title":{"rendered":"V\u00f5tmehoidja r\u00f5ngas"},"content":{"rendered":null,"protected":false},"excerpt":{"rendered":"<p>Metallist v\u00f5tmehoidja r\u00f5ngas amigurumi v\u00f5tmehoidjate valmistamiseks.<\/p>\n<p>R\u00f5nga suurus: 28 mm<\/p>\n","protected":false},"featured_media":104182,"comment_status":"open","ping_status":"closed","template":"","meta":[],"product_brand":[],"product_cat":[429,568],"product_tag":[],"class_list":{"0":"post-104181","1":"product","2":"type-product","3":"status-publish","4":"has-post-thumbnail","6":"product_cat-kasitoo-tarvikud","7":"product_cat-muud-tarvikud","9":"first","10":"instock","11":"taxable","12":"shipping-taxable","13":"purchasable","14":"product-type-simple"},"yoast_head":"<!-- This site is optimized with the Yoast SEO plugin v27.3 - https:\/\/yoast.com\/product\/yoast-seo-wordpress\/ -->\n<title>V\u00f5tmehoidja r\u00f5ngas | lilleliis<\/title>\n<meta name=\"description\" content=\"Metallist v\u00f5tmehoidja r\u00f5ngas amigurumi v\u00f5tmehoidjate valmistamiseks. R\u00f5nga suurus: 28 mm.\" \/>\n<meta name=\"robots\" content=\"index, follow, max-snippet:-1, max-image-preview:large, max-video-preview:-1\" \/>\n<link rel=\"canonical\" href=\"https:\/\/www.lilleliis.com\/et\/toode\/votmehoidja-rongas\/\" \/>\n<meta property=\"og:locale\" content=\"et_EE\" \/>\n<meta property=\"og:type\" content=\"article\" \/>\n<meta property=\"og:title\" content=\"V\u00f5tmehoidja r\u00f5ngas | lilleliis\" \/>\n<meta property=\"og:description\" content=\"Metallist v\u00f5tmehoidja r\u00f5ngas amigurumi v\u00f5tmehoidjate valmistamiseks. R\u00f5nga suurus: 28 mm.\" \/>\n<meta property=\"og:url\" content=\"https:\/\/www.lilleliis.com\/et\/toode\/votmehoidja-rongas\/\" \/>\n<meta property=\"og:site_name\" content=\"lilleliis\" \/>\n<meta property=\"article:publisher\" content=\"https:\/\/www.facebook.com\/lilleliis-283266335035799\/\" \/>\n<meta property=\"article:modified_time\" content=\"2026-04-14T15:27:48+00:00\" \/>\n<meta property=\"og:image\" content=\"https:\/\/www.lilleliis.com\/wp-content\/uploads\/2026\/01\/votmehoidja-rongas1.jpg\" \/>\n\t<meta property=\"og:image:width\" content=\"1000\" \/>\n\t<meta property=\"og:image:height\" content=\"1000\" \/>\n\t<meta property=\"og:image:type\" content=\"image\/jpeg\" \/>\n<meta name=\"twitter:card\" content=\"summary_large_image\" \/>\n<meta name=\"twitter:label1\" content=\"Est. reading time\" \/>\n\t<meta name=\"twitter:data1\" content=\"1 minute\" \/>\n<script type=\"application\/ld+json\" class=\"yoast-schema-graph\">{\"@context\":\"https:\\\/\\\/schema.org\",\"@graph\":[{\"@type\":\"WebPage\",\"@id\":\"https:\\\/\\\/www.lilleliis.com\\\/et\\\/toode\\\/votmehoidja-rongas\\\/\",\"url\":\"https:\\\/\\\/www.lilleliis.com\\\/et\\\/toode\\\/votmehoidja-rongas\\\/\",\"name\":\"V\u00f5tmehoidja r\u00f5ngas | lilleliis\",\"isPartOf\":{\"@id\":\"https:\\\/\\\/www.lilleliis.com\\\/et\\\/#website\"},\"primaryImageOfPage\":{\"@id\":\"https:\\\/\\\/www.lilleliis.com\\\/et\\\/toode\\\/votmehoidja-rongas\\\/#primaryimage\"},\"image\":{\"@id\":\"https:\\\/\\\/www.lilleliis.com\\\/et\\\/toode\\\/votmehoidja-rongas\\\/#primaryimage\"},\"thumbnailUrl\":\"https:\\\/\\\/www.lilleliis.com\\\/wp-content\\\/uploads\\\/2026\\\/01\\\/votmehoidja-rongas1.jpg\",\"datePublished\":\"2026-01-13T15:51:29+00:00\",\"dateModified\":\"2026-04-14T15:27:48+00:00\",\"description\":\"Metallist v\u00f5tmehoidja r\u00f5ngas amigurumi v\u00f5tmehoidjate valmistamiseks. R\u00f5nga suurus: 28 mm.\",\"breadcrumb\":{\"@id\":\"https:\\\/\\\/www.lilleliis.com\\\/et\\\/toode\\\/votmehoidja-rongas\\\/#breadcrumb\"},\"inLanguage\":\"et\",\"potentialAction\":[{\"@type\":\"ReadAction\",\"target\":[\"https:\\\/\\\/www.lilleliis.com\\\/et\\\/toode\\\/votmehoidja-rongas\\\/\"]}]},{\"@type\":\"ImageObject\",\"inLanguage\":\"et\",\"@id\":\"https:\\\/\\\/www.lilleliis.com\\\/et\\\/toode\\\/votmehoidja-rongas\\\/#primaryimage\",\"url\":\"https:\\\/\\\/www.lilleliis.com\\\/wp-content\\\/uploads\\\/2026\\\/01\\\/votmehoidja-rongas1.jpg\",\"contentUrl\":\"https:\\\/\\\/www.lilleliis.com\\\/wp-content\\\/uploads\\\/2026\\\/01\\\/votmehoidja-rongas1.jpg\",\"width\":1000,\"height\":1000,\"caption\":\"v\u00f5tmehoidja r\u00f5ngas\"},{\"@type\":\"BreadcrumbList\",\"@id\":\"https:\\\/\\\/www.lilleliis.com\\\/et\\\/toode\\\/votmehoidja-rongas\\\/#breadcrumb\",\"itemListElement\":[{\"@type\":\"ListItem\",\"position\":1,\"name\":\"Home\",\"item\":\"https:\\\/\\\/www.lilleliis.com\\\/et\\\/\"},{\"@type\":\"ListItem\",\"position\":2,\"name\":\"Pood\",\"item\":\"https:\\\/\\\/www.lilleliis.com\\\/et\\\/shop\\\/\"},{\"@type\":\"ListItem\",\"position\":3,\"name\":\"V\u00f5tmehoidja r\u00f5ngas\"}]},{\"@type\":\"WebSite\",\"@id\":\"https:\\\/\\\/www.lilleliis.com\\\/et\\\/#website\",\"url\":\"https:\\\/\\\/www.lilleliis.com\\\/et\\\/\",\"name\":\"lilleliis\",\"description\":\"Amigurumi m\u00e4nguasjad ja mustrid\",\"potentialAction\":[{\"@type\":\"SearchAction\",\"target\":{\"@type\":\"EntryPoint\",\"urlTemplate\":\"https:\\\/\\\/www.lilleliis.com\\\/et\\\/?s={search_term_string}\"},\"query-input\":{\"@type\":\"PropertyValueSpecification\",\"valueRequired\":true,\"valueName\":\"search_term_string\"}}],\"inLanguage\":\"et\"}]}<\/script>\n<!-- \/ Yoast SEO plugin. -->","yoast_head_json":{"title":"V\u00f5tmehoidja r\u00f5ngas | lilleliis","description":"Metallist v\u00f5tmehoidja r\u00f5ngas amigurumi v\u00f5tmehoidjate valmistamiseks. R\u00f5nga suurus: 28 mm.","robots":{"index":"index","follow":"follow","max-snippet":"max-snippet:-1","max-image-preview":"max-image-preview:large","max-video-preview":"max-video-preview:-1"},"canonical":"https:\/\/www.lilleliis.com\/et\/toode\/votmehoidja-rongas\/","og_locale":"et_EE","og_type":"article","og_title":"V\u00f5tmehoidja r\u00f5ngas | lilleliis","og_description":"Metallist v\u00f5tmehoidja r\u00f5ngas amigurumi v\u00f5tmehoidjate valmistamiseks. R\u00f5nga suurus: 28 mm.","og_url":"https:\/\/www.lilleliis.com\/et\/toode\/votmehoidja-rongas\/","og_site_name":"lilleliis","article_publisher":"https:\/\/www.facebook.com\/lilleliis-283266335035799\/","article_modified_time":"2026-04-14T15:27:48+00:00","og_image":[{"width":1000,"height":1000,"url":"https:\/\/www.lilleliis.com\/wp-content\/uploads\/2026\/01\/votmehoidja-rongas1.jpg","type":"image\/jpeg"}],"twitter_card":"summary_large_image","twitter_misc":{"Est. reading time":"1 minute"},"schema":{"@context":"https:\/\/schema.org","@graph":[{"@type":"WebPage","@id":"https:\/\/www.lilleliis.com\/et\/toode\/votmehoidja-rongas\/","url":"https:\/\/www.lilleliis.com\/et\/toode\/votmehoidja-rongas\/","name":"V\u00f5tmehoidja r\u00f5ngas | lilleliis","isPartOf":{"@id":"https:\/\/www.lilleliis.com\/et\/#website"},"primaryImageOfPage":{"@id":"https:\/\/www.lilleliis.com\/et\/toode\/votmehoidja-rongas\/#primaryimage"},"image":{"@id":"https:\/\/www.lilleliis.com\/et\/toode\/votmehoidja-rongas\/#primaryimage"},"thumbnailUrl":"https:\/\/www.lilleliis.com\/wp-content\/uploads\/2026\/01\/votmehoidja-rongas1.jpg","datePublished":"2026-01-13T15:51:29+00:00","dateModified":"2026-04-14T15:27:48+00:00","description":"Metallist v\u00f5tmehoidja r\u00f5ngas amigurumi v\u00f5tmehoidjate valmistamiseks. R\u00f5nga suurus: 28 mm.","breadcrumb":{"@id":"https:\/\/www.lilleliis.com\/et\/toode\/votmehoidja-rongas\/#breadcrumb"},"inLanguage":"et","potentialAction":[{"@type":"ReadAction","target":["https:\/\/www.lilleliis.com\/et\/toode\/votmehoidja-rongas\/"]}]},{"@type":"ImageObject","inLanguage":"et","@id":"https:\/\/www.lilleliis.com\/et\/toode\/votmehoidja-rongas\/#primaryimage","url":"https:\/\/www.lilleliis.com\/wp-content\/uploads\/2026\/01\/votmehoidja-rongas1.jpg","contentUrl":"https:\/\/www.lilleliis.com\/wp-content\/uploads\/2026\/01\/votmehoidja-rongas1.jpg","width":1000,"height":1000,"caption":"v\u00f5tmehoidja r\u00f5ngas"},{"@type":"BreadcrumbList","@id":"https:\/\/www.lilleliis.com\/et\/toode\/votmehoidja-rongas\/#breadcrumb","itemListElement":[{"@type":"ListItem","position":1,"name":"Home","item":"https:\/\/www.lilleliis.com\/et\/"},{"@type":"ListItem","position":2,"name":"Pood","item":"https:\/\/www.lilleliis.com\/et\/shop\/"},{"@type":"ListItem","position":3,"name":"V\u00f5tmehoidja r\u00f5ngas"}]},{"@type":"WebSite","@id":"https:\/\/www.lilleliis.com\/et\/#website","url":"https:\/\/www.lilleliis.com\/et\/","name":"lilleliis","description":"Amigurumi m\u00e4nguasjad ja mustrid","potentialAction":[{"@type":"SearchAction","target":{"@type":"EntryPoint","urlTemplate":"https:\/\/www.lilleliis.com\/et\/?s={search_term_string}"},"query-input":{"@type":"PropertyValueSpecification","valueRequired":true,"valueName":"search_term_string"}}],"inLanguage":"et"}]}},"_links":{"self":[{"href":"https:\/\/www.lilleliis.com\/et\/wp-json\/wp\/v2\/product\/104181","targetHints":{"allow":["GET"]}}],"collection":[{"href":"https:\/\/www.lilleliis.com\/et\/wp-json\/wp\/v2\/product"}],"about":[{"href":"https:\/\/www.lilleliis.com\/et\/wp-json\/wp\/v2\/types\/product"}],"replies":[{"embeddable":true,"href":"https:\/\/www.lilleliis.com\/et\/wp-json\/wp\/v2\/comments?post=104181"}],"wp:featuredmedia":[{"embeddable":true,"href":"https:\/\/www.lilleliis.com\/et\/wp-json\/wp\/v2\/media\/104182"}],"wp:attachment":[{"href":"https:\/\/www.lilleliis.com\/et\/wp-json\/wp\/v2\/media?parent=104181"}],"wp:term":[{"taxonomy":"product_brand","embeddable":true,"href":"https:\/\/www.lilleliis.com\/et\/wp-json\/wp\/v2\/product_brand?post=104181"},{"taxonomy":"product_cat","embeddable":true,"href":"https:\/\/www.lilleliis.com\/et\/wp-json\/wp\/v2\/product_cat?post=104181"},{"taxonomy":"product_tag","embeddable":true,"href":"https:\/\/www.lilleliis.com\/et\/wp-json\/wp\/v2\/product_tag?post=104181"}],"curies":[{"name":"wp","href":"https:\/\/api.w.org\/{rel}","templated":true}]}}