{"id":104295,"date":"2026-02-02T13:28:31","date_gmt":"2026-02-02T11:28:31","guid":{"rendered":"https:\/\/www.lilleliis.com\/?post_type=product&#038;p=104295"},"modified":"2026-02-02T13:52:43","modified_gmt":"2026-02-02T11:52:43","slug":"puuvillane-long-outlet","status":"publish","type":"product","link":"https:\/\/www.lilleliis.com\/et\/toode\/puuvillane-long-outlet\/","title":{"rendered":"Puuvillane l\u00f5ng 500g &#8211; 8\/4 cotton &#8211; OUTLET"},"content":{"rendered":null,"protected":false},"excerpt":{"rendered":"<p>M\u00fc\u00fcn \u00e4ra 500 grammi 8\/4 j\u00e4meduses puuvillast l\u00f5nga, mille tellisin topi heegeldamiseks, aga t\u00f6\u00f6 ei edenenud ja j\u00e4i l\u00f5puks p\u00e4ris soiku.<\/p>\n<p>Kokku on 10 tokki, igas tokis 50 grammi l\u00f5nga.<\/p>\n<p>L\u00f5nga j\u00e4medus: 50 g \/ 170 m<\/p>\n<p>Koostis: 100% puuvill<\/p>\n<div class=\"is-divider divider clearfix\" style=\"max-width:100%;\"><\/div>\n<p>Scheepjes Cotton 8 &#8211; tumesinine (3 tokki), roheline (2 tokki), helelilla (1 tokk), lilla (1 tokk), hall (1 tokk)<\/p>\n<p>Drops Loves You 7 &#8211; oran\u017e (2 tokki)<\/p>\n","protected":false},"featured_media":104298,"comment_status":"open","ping_status":"closed","template":"","meta":[],"product_brand":[],"product_cat":[1121],"product_tag":[],"class_list":{"0":"post-104295","1":"product","2":"type-product","3":"status-publish","4":"has-post-thumbnail","6":"product_cat-outlet","8":"first","9":"instock","10":"taxable","11":"shipping-taxable","12":"purchasable","13":"product-type-simple"},"yoast_head":"<!-- This site is optimized with the Yoast SEO plugin v27.3 - https:\/\/yoast.com\/product\/yoast-seo-wordpress\/ -->\n<title>Puuvillane l\u00f5ng 500g - 8\/4 cotton - OUTLET | lilleliis<\/title>\n<meta name=\"description\" content=\"M\u00fc\u00fcn \u00e4ra 500 grammi 8\/4 j\u00e4meduses puuvillast l\u00f5nga, mille tellisin topi heegeldamiseks. Kokku on 10 tokki, igas tokis 50 grammi l\u00f5nga.\" \/>\n<meta name=\"robots\" content=\"index, follow, max-snippet:-1, max-image-preview:large, max-video-preview:-1\" \/>\n<link rel=\"canonical\" href=\"https:\/\/www.lilleliis.com\/et\/toode\/puuvillane-long-outlet\/\" \/>\n<meta property=\"og:locale\" content=\"et_EE\" \/>\n<meta property=\"og:type\" content=\"article\" \/>\n<meta property=\"og:title\" content=\"Puuvillane l\u00f5ng 500g - 8\/4 cotton - OUTLET | lilleliis\" \/>\n<meta property=\"og:description\" content=\"M\u00fc\u00fcn \u00e4ra 500 grammi 8\/4 j\u00e4meduses puuvillast l\u00f5nga, mille tellisin topi heegeldamiseks. Kokku on 10 tokki, igas tokis 50 grammi l\u00f5nga.\" \/>\n<meta property=\"og:url\" content=\"https:\/\/www.lilleliis.com\/et\/toode\/puuvillane-long-outlet\/\" \/>\n<meta property=\"og:site_name\" content=\"lilleliis\" \/>\n<meta property=\"article:publisher\" content=\"https:\/\/www.facebook.com\/lilleliis-283266335035799\/\" \/>\n<meta property=\"article:modified_time\" content=\"2026-02-02T11:52:43+00:00\" \/>\n<meta property=\"og:image\" content=\"https:\/\/www.lilleliis.com\/wp-content\/uploads\/2026\/02\/puuvillane-long1.jpg\" \/>\n\t<meta property=\"og:image:width\" content=\"1000\" \/>\n\t<meta property=\"og:image:height\" content=\"1500\" \/>\n\t<meta property=\"og:image:type\" content=\"image\/jpeg\" \/>\n<meta name=\"twitter:card\" content=\"summary_large_image\" \/>\n<meta name=\"twitter:label1\" content=\"Est. reading time\" \/>\n\t<meta name=\"twitter:data1\" content=\"1 minute\" \/>\n<script type=\"application\/ld+json\" class=\"yoast-schema-graph\">{\"@context\":\"https:\\\/\\\/schema.org\",\"@graph\":[{\"@type\":\"WebPage\",\"@id\":\"https:\\\/\\\/www.lilleliis.com\\\/et\\\/toode\\\/puuvillane-long-outlet\\\/\",\"url\":\"https:\\\/\\\/www.lilleliis.com\\\/et\\\/toode\\\/puuvillane-long-outlet\\\/\",\"name\":\"Puuvillane l\u00f5ng 500g - 8\\\/4 cotton - OUTLET | lilleliis\",\"isPartOf\":{\"@id\":\"https:\\\/\\\/www.lilleliis.com\\\/et\\\/#website\"},\"primaryImageOfPage\":{\"@id\":\"https:\\\/\\\/www.lilleliis.com\\\/et\\\/toode\\\/puuvillane-long-outlet\\\/#primaryimage\"},\"image\":{\"@id\":\"https:\\\/\\\/www.lilleliis.com\\\/et\\\/toode\\\/puuvillane-long-outlet\\\/#primaryimage\"},\"thumbnailUrl\":\"https:\\\/\\\/www.lilleliis.com\\\/wp-content\\\/uploads\\\/2026\\\/02\\\/puuvillane-long1.jpg\",\"datePublished\":\"2026-02-02T11:28:31+00:00\",\"dateModified\":\"2026-02-02T11:52:43+00:00\",\"description\":\"M\u00fc\u00fcn \u00e4ra 500 grammi 8\\\/4 j\u00e4meduses puuvillast l\u00f5nga, mille tellisin topi heegeldamiseks. Kokku on 10 tokki, igas tokis 50 grammi l\u00f5nga.\",\"breadcrumb\":{\"@id\":\"https:\\\/\\\/www.lilleliis.com\\\/et\\\/toode\\\/puuvillane-long-outlet\\\/#breadcrumb\"},\"inLanguage\":\"et\",\"potentialAction\":[{\"@type\":\"ReadAction\",\"target\":[\"https:\\\/\\\/www.lilleliis.com\\\/et\\\/toode\\\/puuvillane-long-outlet\\\/\"]}]},{\"@type\":\"ImageObject\",\"inLanguage\":\"et\",\"@id\":\"https:\\\/\\\/www.lilleliis.com\\\/et\\\/toode\\\/puuvillane-long-outlet\\\/#primaryimage\",\"url\":\"https:\\\/\\\/www.lilleliis.com\\\/wp-content\\\/uploads\\\/2026\\\/02\\\/puuvillane-long1.jpg\",\"contentUrl\":\"https:\\\/\\\/www.lilleliis.com\\\/wp-content\\\/uploads\\\/2026\\\/02\\\/puuvillane-long1.jpg\",\"width\":1000,\"height\":1500,\"caption\":\"puuvillane l\u00f5ng\"},{\"@type\":\"BreadcrumbList\",\"@id\":\"https:\\\/\\\/www.lilleliis.com\\\/et\\\/toode\\\/puuvillane-long-outlet\\\/#breadcrumb\",\"itemListElement\":[{\"@type\":\"ListItem\",\"position\":1,\"name\":\"Home\",\"item\":\"https:\\\/\\\/www.lilleliis.com\\\/et\\\/\"},{\"@type\":\"ListItem\",\"position\":2,\"name\":\"Pood\",\"item\":\"https:\\\/\\\/www.lilleliis.com\\\/et\\\/shop\\\/\"},{\"@type\":\"ListItem\",\"position\":3,\"name\":\"Puuvillane l\u00f5ng 500g &#8211; 8\\\/4 cotton &#8211; OUTLET\"}]},{\"@type\":\"WebSite\",\"@id\":\"https:\\\/\\\/www.lilleliis.com\\\/et\\\/#website\",\"url\":\"https:\\\/\\\/www.lilleliis.com\\\/et\\\/\",\"name\":\"lilleliis\",\"description\":\"Amigurumi m\u00e4nguasjad ja mustrid\",\"potentialAction\":[{\"@type\":\"SearchAction\",\"target\":{\"@type\":\"EntryPoint\",\"urlTemplate\":\"https:\\\/\\\/www.lilleliis.com\\\/et\\\/?s={search_term_string}\"},\"query-input\":{\"@type\":\"PropertyValueSpecification\",\"valueRequired\":true,\"valueName\":\"search_term_string\"}}],\"inLanguage\":\"et\"}]}<\/script>\n<!-- \/ Yoast SEO plugin. -->","yoast_head_json":{"title":"Puuvillane l\u00f5ng 500g - 8\/4 cotton - OUTLET | lilleliis","description":"M\u00fc\u00fcn \u00e4ra 500 grammi 8\/4 j\u00e4meduses puuvillast l\u00f5nga, mille tellisin topi heegeldamiseks. Kokku on 10 tokki, igas tokis 50 grammi l\u00f5nga.","robots":{"index":"index","follow":"follow","max-snippet":"max-snippet:-1","max-image-preview":"max-image-preview:large","max-video-preview":"max-video-preview:-1"},"canonical":"https:\/\/www.lilleliis.com\/et\/toode\/puuvillane-long-outlet\/","og_locale":"et_EE","og_type":"article","og_title":"Puuvillane l\u00f5ng 500g - 8\/4 cotton - OUTLET | lilleliis","og_description":"M\u00fc\u00fcn \u00e4ra 500 grammi 8\/4 j\u00e4meduses puuvillast l\u00f5nga, mille tellisin topi heegeldamiseks. Kokku on 10 tokki, igas tokis 50 grammi l\u00f5nga.","og_url":"https:\/\/www.lilleliis.com\/et\/toode\/puuvillane-long-outlet\/","og_site_name":"lilleliis","article_publisher":"https:\/\/www.facebook.com\/lilleliis-283266335035799\/","article_modified_time":"2026-02-02T11:52:43+00:00","og_image":[{"width":1000,"height":1500,"url":"https:\/\/www.lilleliis.com\/wp-content\/uploads\/2026\/02\/puuvillane-long1.jpg","type":"image\/jpeg"}],"twitter_card":"summary_large_image","twitter_misc":{"Est. reading time":"1 minute"},"schema":{"@context":"https:\/\/schema.org","@graph":[{"@type":"WebPage","@id":"https:\/\/www.lilleliis.com\/et\/toode\/puuvillane-long-outlet\/","url":"https:\/\/www.lilleliis.com\/et\/toode\/puuvillane-long-outlet\/","name":"Puuvillane l\u00f5ng 500g - 8\/4 cotton - OUTLET | lilleliis","isPartOf":{"@id":"https:\/\/www.lilleliis.com\/et\/#website"},"primaryImageOfPage":{"@id":"https:\/\/www.lilleliis.com\/et\/toode\/puuvillane-long-outlet\/#primaryimage"},"image":{"@id":"https:\/\/www.lilleliis.com\/et\/toode\/puuvillane-long-outlet\/#primaryimage"},"thumbnailUrl":"https:\/\/www.lilleliis.com\/wp-content\/uploads\/2026\/02\/puuvillane-long1.jpg","datePublished":"2026-02-02T11:28:31+00:00","dateModified":"2026-02-02T11:52:43+00:00","description":"M\u00fc\u00fcn \u00e4ra 500 grammi 8\/4 j\u00e4meduses puuvillast l\u00f5nga, mille tellisin topi heegeldamiseks. Kokku on 10 tokki, igas tokis 50 grammi l\u00f5nga.","breadcrumb":{"@id":"https:\/\/www.lilleliis.com\/et\/toode\/puuvillane-long-outlet\/#breadcrumb"},"inLanguage":"et","potentialAction":[{"@type":"ReadAction","target":["https:\/\/www.lilleliis.com\/et\/toode\/puuvillane-long-outlet\/"]}]},{"@type":"ImageObject","inLanguage":"et","@id":"https:\/\/www.lilleliis.com\/et\/toode\/puuvillane-long-outlet\/#primaryimage","url":"https:\/\/www.lilleliis.com\/wp-content\/uploads\/2026\/02\/puuvillane-long1.jpg","contentUrl":"https:\/\/www.lilleliis.com\/wp-content\/uploads\/2026\/02\/puuvillane-long1.jpg","width":1000,"height":1500,"caption":"puuvillane l\u00f5ng"},{"@type":"BreadcrumbList","@id":"https:\/\/www.lilleliis.com\/et\/toode\/puuvillane-long-outlet\/#breadcrumb","itemListElement":[{"@type":"ListItem","position":1,"name":"Home","item":"https:\/\/www.lilleliis.com\/et\/"},{"@type":"ListItem","position":2,"name":"Pood","item":"https:\/\/www.lilleliis.com\/et\/shop\/"},{"@type":"ListItem","position":3,"name":"Puuvillane l\u00f5ng 500g &#8211; 8\/4 cotton &#8211; OUTLET"}]},{"@type":"WebSite","@id":"https:\/\/www.lilleliis.com\/et\/#website","url":"https:\/\/www.lilleliis.com\/et\/","name":"lilleliis","description":"Amigurumi m\u00e4nguasjad ja mustrid","potentialAction":[{"@type":"SearchAction","target":{"@type":"EntryPoint","urlTemplate":"https:\/\/www.lilleliis.com\/et\/?s={search_term_string}"},"query-input":{"@type":"PropertyValueSpecification","valueRequired":true,"valueName":"search_term_string"}}],"inLanguage":"et"}]}},"_links":{"self":[{"href":"https:\/\/www.lilleliis.com\/et\/wp-json\/wp\/v2\/product\/104295","targetHints":{"allow":["GET"]}}],"collection":[{"href":"https:\/\/www.lilleliis.com\/et\/wp-json\/wp\/v2\/product"}],"about":[{"href":"https:\/\/www.lilleliis.com\/et\/wp-json\/wp\/v2\/types\/product"}],"replies":[{"embeddable":true,"href":"https:\/\/www.lilleliis.com\/et\/wp-json\/wp\/v2\/comments?post=104295"}],"wp:featuredmedia":[{"embeddable":true,"href":"https:\/\/www.lilleliis.com\/et\/wp-json\/wp\/v2\/media\/104298"}],"wp:attachment":[{"href":"https:\/\/www.lilleliis.com\/et\/wp-json\/wp\/v2\/media?parent=104295"}],"wp:term":[{"taxonomy":"product_brand","embeddable":true,"href":"https:\/\/www.lilleliis.com\/et\/wp-json\/wp\/v2\/product_brand?post=104295"},{"taxonomy":"product_cat","embeddable":true,"href":"https:\/\/www.lilleliis.com\/et\/wp-json\/wp\/v2\/product_cat?post=104295"},{"taxonomy":"product_tag","embeddable":true,"href":"https:\/\/www.lilleliis.com\/et\/wp-json\/wp\/v2\/product_tag?post=104295"}],"curies":[{"name":"wp","href":"https:\/\/api.w.org\/{rel}","templated":true}]}}