{"id":104734,"date":"2026-02-13T12:55:58","date_gmt":"2026-02-13T10:55:58","guid":{"rendered":"https:\/\/www.lilleliis.com\/?post_type=product&#038;p=104734"},"modified":"2026-04-22T09:12:56","modified_gmt":"2026-04-22T06:12:56","slug":"reisikaarid","status":"publish","type":"product","link":"https:\/\/www.lilleliis.com\/et\/toode\/reisikaarid\/","title":{"rendered":"Kokkupandavad reisik\u00e4\u00e4rid &#8211; 9,6 cm &#8211; roosa kuld"},"content":{"rendered":null,"protected":false},"excerpt":{"rendered":"<p data-start=\"58\" data-end=\"308\">Stiilsed kokkupandavad reisik\u00e4\u00e4rid firmalt KnitPro.<br data-start=\"107\" data-end=\"110\" \/>K\u00e4\u00e4rid on kokkupandavad, mist\u00f5ttu saab neid turvaliselt ja mugavalt reisile kaasa v\u00f5tta. Lahtivoldituna sobivad need ideaalselt l\u00f5ngajuppide l\u00f5ikamiseks nii heegeldamis- kui kudumist\u00f6\u00f6 ajal.<\/p>\n<p data-start=\"310\" data-end=\"471\">K\u00e4\u00e4rik\u00e4epidemed on elegantse roosa kuldse viimistlusega.<\/p>\n<p data-start=\"310\" data-end=\"471\">Komplekti kuulub ka armas lillemustriline kangast hoiukott, mis kaitseb k\u00e4\u00e4re ja hoiab need kindlas kohas.<\/p>\n<p data-start=\"473\" data-end=\"528\">K\u00e4\u00e4ride kogupikkus on 9,6 cm ja k\u00e4epideme laius 5 cm.<\/p>\n","protected":false},"featured_media":104735,"comment_status":"open","ping_status":"closed","template":"","meta":[],"product_brand":[1568],"product_cat":[429,568],"product_tag":[1576,1722],"class_list":{"0":"post-104734","1":"product","2":"type-product","3":"status-publish","4":"has-post-thumbnail","6":"product_brand-knitpro","7":"product_cat-kasitoo-tarvikud","8":"product_cat-muud-tarvikud","9":"product_tag-kasitookaarid","10":"product_tag-kingitus-kasitooarmastajale","12":"first","13":"instock","14":"taxable","15":"shipping-taxable","16":"purchasable","17":"product-type-simple"},"yoast_head":"<!-- This site is optimized with the Yoast SEO plugin v27.3 - https:\/\/yoast.com\/product\/yoast-seo-wordpress\/ -->\n<title>Kokkupandavad reisik\u00e4\u00e4rid - 9,6 cm - roosa kuld | lilleliis<\/title>\n<meta name=\"description\" content=\"Stiilsed kokkupandavad reisik\u00e4\u00e4rid firmalt KnitPro. K\u00e4\u00e4rid on kokkupandavad ja hoiukotis, mist\u00f5ttu saab neid turvaliselt ja mugavalt reisile kaasa v\u00f5tta.\" \/>\n<meta name=\"robots\" content=\"index, follow, max-snippet:-1, max-image-preview:large, max-video-preview:-1\" \/>\n<link rel=\"canonical\" href=\"https:\/\/www.lilleliis.com\/et\/toode\/reisikaarid\/\" \/>\n<meta property=\"og:locale\" content=\"et_EE\" \/>\n<meta property=\"og:type\" content=\"article\" \/>\n<meta property=\"og:title\" content=\"Kokkupandavad reisik\u00e4\u00e4rid - 9,6 cm - roosa kuld | lilleliis\" \/>\n<meta property=\"og:description\" content=\"Stiilsed kokkupandavad reisik\u00e4\u00e4rid firmalt KnitPro. K\u00e4\u00e4rid on kokkupandavad ja hoiukotis, mist\u00f5ttu saab neid turvaliselt ja mugavalt reisile kaasa v\u00f5tta.\" \/>\n<meta property=\"og:url\" content=\"https:\/\/www.lilleliis.com\/et\/toode\/reisikaarid\/\" \/>\n<meta property=\"og:site_name\" content=\"lilleliis\" \/>\n<meta property=\"article:publisher\" content=\"https:\/\/www.facebook.com\/lilleliis-283266335035799\/\" \/>\n<meta property=\"article:modified_time\" content=\"2026-04-22T06:12:56+00:00\" \/>\n<meta property=\"og:image\" content=\"https:\/\/www.lilleliis.com\/wp-content\/uploads\/2026\/02\/reisikaarid1.jpg\" \/>\n\t<meta property=\"og:image:width\" content=\"1000\" \/>\n\t<meta property=\"og:image:height\" content=\"1500\" \/>\n\t<meta property=\"og:image:type\" content=\"image\/jpeg\" \/>\n<meta name=\"twitter:card\" content=\"summary_large_image\" \/>\n<meta name=\"twitter:label1\" content=\"Est. reading time\" \/>\n\t<meta name=\"twitter:data1\" content=\"1 minute\" \/>\n<script type=\"application\/ld+json\" class=\"yoast-schema-graph\">{\"@context\":\"https:\\\/\\\/schema.org\",\"@graph\":[{\"@type\":\"WebPage\",\"@id\":\"https:\\\/\\\/www.lilleliis.com\\\/et\\\/toode\\\/reisikaarid\\\/\",\"url\":\"https:\\\/\\\/www.lilleliis.com\\\/et\\\/toode\\\/reisikaarid\\\/\",\"name\":\"Kokkupandavad reisik\u00e4\u00e4rid - 9,6 cm - roosa kuld | lilleliis\",\"isPartOf\":{\"@id\":\"https:\\\/\\\/www.lilleliis.com\\\/et\\\/#website\"},\"primaryImageOfPage\":{\"@id\":\"https:\\\/\\\/www.lilleliis.com\\\/et\\\/toode\\\/reisikaarid\\\/#primaryimage\"},\"image\":{\"@id\":\"https:\\\/\\\/www.lilleliis.com\\\/et\\\/toode\\\/reisikaarid\\\/#primaryimage\"},\"thumbnailUrl\":\"https:\\\/\\\/www.lilleliis.com\\\/wp-content\\\/uploads\\\/2026\\\/02\\\/reisikaarid1.jpg\",\"datePublished\":\"2026-02-13T10:55:58+00:00\",\"dateModified\":\"2026-04-22T06:12:56+00:00\",\"description\":\"Stiilsed kokkupandavad reisik\u00e4\u00e4rid firmalt KnitPro. K\u00e4\u00e4rid on kokkupandavad ja hoiukotis, mist\u00f5ttu saab neid turvaliselt ja mugavalt reisile kaasa v\u00f5tta.\",\"breadcrumb\":{\"@id\":\"https:\\\/\\\/www.lilleliis.com\\\/et\\\/toode\\\/reisikaarid\\\/#breadcrumb\"},\"inLanguage\":\"et\",\"potentialAction\":[{\"@type\":\"ReadAction\",\"target\":[\"https:\\\/\\\/www.lilleliis.com\\\/et\\\/toode\\\/reisikaarid\\\/\"]}]},{\"@type\":\"ImageObject\",\"inLanguage\":\"et\",\"@id\":\"https:\\\/\\\/www.lilleliis.com\\\/et\\\/toode\\\/reisikaarid\\\/#primaryimage\",\"url\":\"https:\\\/\\\/www.lilleliis.com\\\/wp-content\\\/uploads\\\/2026\\\/02\\\/reisikaarid1.jpg\",\"contentUrl\":\"https:\\\/\\\/www.lilleliis.com\\\/wp-content\\\/uploads\\\/2026\\\/02\\\/reisikaarid1.jpg\",\"width\":1000,\"height\":1500,\"caption\":\"reisik\u00e4\u00e4rid\"},{\"@type\":\"BreadcrumbList\",\"@id\":\"https:\\\/\\\/www.lilleliis.com\\\/et\\\/toode\\\/reisikaarid\\\/#breadcrumb\",\"itemListElement\":[{\"@type\":\"ListItem\",\"position\":1,\"name\":\"Home\",\"item\":\"https:\\\/\\\/www.lilleliis.com\\\/et\\\/\"},{\"@type\":\"ListItem\",\"position\":2,\"name\":\"Pood\",\"item\":\"https:\\\/\\\/www.lilleliis.com\\\/et\\\/shop\\\/\"},{\"@type\":\"ListItem\",\"position\":3,\"name\":\"Kokkupandavad reisik\u00e4\u00e4rid &#8211; 9,6 cm &#8211; roosa kuld\"}]},{\"@type\":\"WebSite\",\"@id\":\"https:\\\/\\\/www.lilleliis.com\\\/et\\\/#website\",\"url\":\"https:\\\/\\\/www.lilleliis.com\\\/et\\\/\",\"name\":\"lilleliis\",\"description\":\"Amigurumi m\u00e4nguasjad ja mustrid\",\"potentialAction\":[{\"@type\":\"SearchAction\",\"target\":{\"@type\":\"EntryPoint\",\"urlTemplate\":\"https:\\\/\\\/www.lilleliis.com\\\/et\\\/?s={search_term_string}\"},\"query-input\":{\"@type\":\"PropertyValueSpecification\",\"valueRequired\":true,\"valueName\":\"search_term_string\"}}],\"inLanguage\":\"et\"}]}<\/script>\n<!-- \/ Yoast SEO plugin. -->","yoast_head_json":{"title":"Kokkupandavad reisik\u00e4\u00e4rid - 9,6 cm - roosa kuld | lilleliis","description":"Stiilsed kokkupandavad reisik\u00e4\u00e4rid firmalt KnitPro. K\u00e4\u00e4rid on kokkupandavad ja hoiukotis, mist\u00f5ttu saab neid turvaliselt ja mugavalt reisile kaasa v\u00f5tta.","robots":{"index":"index","follow":"follow","max-snippet":"max-snippet:-1","max-image-preview":"max-image-preview:large","max-video-preview":"max-video-preview:-1"},"canonical":"https:\/\/www.lilleliis.com\/et\/toode\/reisikaarid\/","og_locale":"et_EE","og_type":"article","og_title":"Kokkupandavad reisik\u00e4\u00e4rid - 9,6 cm - roosa kuld | lilleliis","og_description":"Stiilsed kokkupandavad reisik\u00e4\u00e4rid firmalt KnitPro. K\u00e4\u00e4rid on kokkupandavad ja hoiukotis, mist\u00f5ttu saab neid turvaliselt ja mugavalt reisile kaasa v\u00f5tta.","og_url":"https:\/\/www.lilleliis.com\/et\/toode\/reisikaarid\/","og_site_name":"lilleliis","article_publisher":"https:\/\/www.facebook.com\/lilleliis-283266335035799\/","article_modified_time":"2026-04-22T06:12:56+00:00","og_image":[{"width":1000,"height":1500,"url":"https:\/\/www.lilleliis.com\/wp-content\/uploads\/2026\/02\/reisikaarid1.jpg","type":"image\/jpeg"}],"twitter_card":"summary_large_image","twitter_misc":{"Est. reading time":"1 minute"},"schema":{"@context":"https:\/\/schema.org","@graph":[{"@type":"WebPage","@id":"https:\/\/www.lilleliis.com\/et\/toode\/reisikaarid\/","url":"https:\/\/www.lilleliis.com\/et\/toode\/reisikaarid\/","name":"Kokkupandavad reisik\u00e4\u00e4rid - 9,6 cm - roosa kuld | lilleliis","isPartOf":{"@id":"https:\/\/www.lilleliis.com\/et\/#website"},"primaryImageOfPage":{"@id":"https:\/\/www.lilleliis.com\/et\/toode\/reisikaarid\/#primaryimage"},"image":{"@id":"https:\/\/www.lilleliis.com\/et\/toode\/reisikaarid\/#primaryimage"},"thumbnailUrl":"https:\/\/www.lilleliis.com\/wp-content\/uploads\/2026\/02\/reisikaarid1.jpg","datePublished":"2026-02-13T10:55:58+00:00","dateModified":"2026-04-22T06:12:56+00:00","description":"Stiilsed kokkupandavad reisik\u00e4\u00e4rid firmalt KnitPro. K\u00e4\u00e4rid on kokkupandavad ja hoiukotis, mist\u00f5ttu saab neid turvaliselt ja mugavalt reisile kaasa v\u00f5tta.","breadcrumb":{"@id":"https:\/\/www.lilleliis.com\/et\/toode\/reisikaarid\/#breadcrumb"},"inLanguage":"et","potentialAction":[{"@type":"ReadAction","target":["https:\/\/www.lilleliis.com\/et\/toode\/reisikaarid\/"]}]},{"@type":"ImageObject","inLanguage":"et","@id":"https:\/\/www.lilleliis.com\/et\/toode\/reisikaarid\/#primaryimage","url":"https:\/\/www.lilleliis.com\/wp-content\/uploads\/2026\/02\/reisikaarid1.jpg","contentUrl":"https:\/\/www.lilleliis.com\/wp-content\/uploads\/2026\/02\/reisikaarid1.jpg","width":1000,"height":1500,"caption":"reisik\u00e4\u00e4rid"},{"@type":"BreadcrumbList","@id":"https:\/\/www.lilleliis.com\/et\/toode\/reisikaarid\/#breadcrumb","itemListElement":[{"@type":"ListItem","position":1,"name":"Home","item":"https:\/\/www.lilleliis.com\/et\/"},{"@type":"ListItem","position":2,"name":"Pood","item":"https:\/\/www.lilleliis.com\/et\/shop\/"},{"@type":"ListItem","position":3,"name":"Kokkupandavad reisik\u00e4\u00e4rid &#8211; 9,6 cm &#8211; roosa kuld"}]},{"@type":"WebSite","@id":"https:\/\/www.lilleliis.com\/et\/#website","url":"https:\/\/www.lilleliis.com\/et\/","name":"lilleliis","description":"Amigurumi m\u00e4nguasjad ja mustrid","potentialAction":[{"@type":"SearchAction","target":{"@type":"EntryPoint","urlTemplate":"https:\/\/www.lilleliis.com\/et\/?s={search_term_string}"},"query-input":{"@type":"PropertyValueSpecification","valueRequired":true,"valueName":"search_term_string"}}],"inLanguage":"et"}]}},"_links":{"self":[{"href":"https:\/\/www.lilleliis.com\/et\/wp-json\/wp\/v2\/product\/104734","targetHints":{"allow":["GET"]}}],"collection":[{"href":"https:\/\/www.lilleliis.com\/et\/wp-json\/wp\/v2\/product"}],"about":[{"href":"https:\/\/www.lilleliis.com\/et\/wp-json\/wp\/v2\/types\/product"}],"replies":[{"embeddable":true,"href":"https:\/\/www.lilleliis.com\/et\/wp-json\/wp\/v2\/comments?post=104734"}],"wp:featuredmedia":[{"embeddable":true,"href":"https:\/\/www.lilleliis.com\/et\/wp-json\/wp\/v2\/media\/104735"}],"wp:attachment":[{"href":"https:\/\/www.lilleliis.com\/et\/wp-json\/wp\/v2\/media?parent=104734"}],"wp:term":[{"taxonomy":"product_brand","embeddable":true,"href":"https:\/\/www.lilleliis.com\/et\/wp-json\/wp\/v2\/product_brand?post=104734"},{"taxonomy":"product_cat","embeddable":true,"href":"https:\/\/www.lilleliis.com\/et\/wp-json\/wp\/v2\/product_cat?post=104734"},{"taxonomy":"product_tag","embeddable":true,"href":"https:\/\/www.lilleliis.com\/et\/wp-json\/wp\/v2\/product_tag?post=104734"}],"curies":[{"name":"wp","href":"https:\/\/api.w.org\/{rel}","templated":true}]}}