{"id":104748,"date":"2026-02-13T19:04:33","date_gmt":"2026-02-13T17:04:33","guid":{"rendered":"https:\/\/www.lilleliis.com\/?post_type=product&#038;p=104748"},"modified":"2026-03-09T09:57:11","modified_gmt":"2026-03-09T07:57:11","slug":"nahast-kasitootarvikute-kott","status":"publish","type":"product","link":"https:\/\/www.lilleliis.com\/et\/toode\/nahast-kasitootarvikute-kott\/","title":{"rendered":"Nahast k\u00e4sit\u00f6\u00f6tarvikute kott"},"content":{"rendered":"<p data-start=\"72\" data-end=\"131\"><em>Hoia oma k\u00e4sit\u00f6\u00f6tarbed kontrolli all ja tee seda stiilselt!<\/em><\/p>\n<p data-start=\"133\" data-end=\"390\">Nahast k\u00e4sit\u00f6\u00f6tarvikute kott on iga k\u00e4sit\u00f6\u00f6armastaja unistus. See pakub piisavalt ruumi nii k\u00e4sit\u00f6\u00f6vahenditele kui ka v\u00e4iksematele projektidele nagu sokid v\u00f5i m\u00fcts. Sobib suurep\u00e4raselt ka muude esemete hoiustamiseks, n\u00e4iteks kosmeetika- v\u00f5i beebitarvetele.<\/p>\n<p data-start=\"392\" data-end=\"663\">Koti sisemusest leiad avara p\u00f5hisahtli, \u00fchel k\u00fcljel v\u00e4ikese lukuga tasku ning teisel k\u00fcljel avatud tasku. Need sobivad ideaalselt v\u00e4iksemate tarvikute, nagu silmusem\u00e4rkijate, n\u00f6\u00f6pide v\u00f5i n\u00f5elte hoidmiseks. Pealt suletav t\u00f5mblukk hoiab sisu kindlalt ja turvaliselt paigal.<\/p>\n<p data-start=\"392\" data-end=\"663\">Iga kotiga on kaasas sobivas toonis lukuga kangast kaitsekott, mida saad kasutada n\u00e4iteks l\u00f5ngade v\u00f5i t\u00e4itematerjali mugavaks kaasav\u00f5tmiseks.<\/p>\n<p data-start=\"665\" data-end=\"722\">Koti m\u00f5\u00f5dud: 15 \u00d7 29 \u00d7 11,5 cm<\/p>\n<p data-start=\"665\" data-end=\"722\">V\u00e4rvid: must v\u00f5i pruun<\/p>\n","protected":false},"excerpt":{"rendered":"<p>Stiilne nahast k\u00e4sit\u00f6\u00f6tarvikute kott, mis sobib ideaalselt v\u00e4iksemate heegeldamist\u00f6\u00f6de ning t\u00f6\u00f6vahendite hoidmiseks. Mahukas sisu ja sisetaskud. Kott on saadaval pruunis ja mustas toonis.<\/p>\n","protected":false},"featured_media":104757,"comment_status":"open","ping_status":"closed","template":"","meta":[],"product_brand":[1568],"product_cat":[429,568],"product_tag":[1578,1722],"class_list":{"0":"post-104748","1":"product","2":"type-product","3":"status-publish","4":"has-post-thumbnail","6":"product_brand-knitpro","7":"product_cat-kasitoo-tarvikud","8":"product_cat-muud-tarvikud","9":"product_tag-kasitookott","10":"product_tag-kingitus-kasitooarmastajale","11":"pa_color-must","12":"pa_color-pruun","14":"first","15":"instock","16":"taxable","17":"shipping-taxable","18":"purchasable","19":"product-type-variable"},"yoast_head":"<!-- This site is optimized with the Yoast SEO plugin v27.3 - https:\/\/yoast.com\/product\/yoast-seo-wordpress\/ -->\n<title>Nahast k\u00e4sit\u00f6\u00f6tarvikute kott | lilleliis<\/title>\n<meta name=\"description\" content=\"Nahast k\u00e4sit\u00f6\u00f6tarvikute kott on iga k\u00e4sit\u00f6\u00f6armastaja unistus. Pakub piisavalt ruumi nii k\u00e4sit\u00f6\u00f6vahenditele kui ka v\u00e4iksematele projektidele nagu sokid v\u00f5i m\u00fcts.\" \/>\n<meta name=\"robots\" content=\"index, follow, max-snippet:-1, max-image-preview:large, max-video-preview:-1\" \/>\n<link rel=\"canonical\" href=\"https:\/\/www.lilleliis.com\/et\/toode\/nahast-kasitootarvikute-kott\/\" \/>\n<meta property=\"og:locale\" content=\"et_EE\" \/>\n<meta property=\"og:type\" content=\"article\" \/>\n<meta property=\"og:title\" content=\"Nahast k\u00e4sit\u00f6\u00f6tarvikute kott | lilleliis\" \/>\n<meta property=\"og:description\" content=\"Nahast k\u00e4sit\u00f6\u00f6tarvikute kott on iga k\u00e4sit\u00f6\u00f6armastaja unistus. Pakub piisavalt ruumi nii k\u00e4sit\u00f6\u00f6vahenditele kui ka v\u00e4iksematele projektidele nagu sokid v\u00f5i m\u00fcts.\" \/>\n<meta property=\"og:url\" content=\"https:\/\/www.lilleliis.com\/et\/toode\/nahast-kasitootarvikute-kott\/\" \/>\n<meta property=\"og:site_name\" content=\"lilleliis\" \/>\n<meta property=\"article:publisher\" content=\"https:\/\/www.facebook.com\/lilleliis-283266335035799\/\" \/>\n<meta property=\"article:modified_time\" content=\"2026-03-09T07:57:11+00:00\" \/>\n<meta property=\"og:image\" content=\"https:\/\/www.lilleliis.com\/wp-content\/uploads\/2026\/02\/nahast-kasitootarvikute-kott6.webp\" \/>\n\t<meta property=\"og:image:width\" content=\"1000\" \/>\n\t<meta property=\"og:image:height\" content=\"1000\" \/>\n\t<meta property=\"og:image:type\" content=\"image\/webp\" \/>\n<meta name=\"twitter:card\" content=\"summary_large_image\" \/>\n<meta name=\"twitter:label1\" content=\"Est. reading time\" \/>\n\t<meta name=\"twitter:data1\" content=\"1 minute\" \/>\n<script type=\"application\/ld+json\" class=\"yoast-schema-graph\">{\"@context\":\"https:\\\/\\\/schema.org\",\"@graph\":[{\"@type\":\"WebPage\",\"@id\":\"https:\\\/\\\/www.lilleliis.com\\\/et\\\/toode\\\/nahast-kasitootarvikute-kott\\\/\",\"url\":\"https:\\\/\\\/www.lilleliis.com\\\/et\\\/toode\\\/nahast-kasitootarvikute-kott\\\/\",\"name\":\"Nahast k\u00e4sit\u00f6\u00f6tarvikute kott | lilleliis\",\"isPartOf\":{\"@id\":\"https:\\\/\\\/www.lilleliis.com\\\/et\\\/#website\"},\"primaryImageOfPage\":{\"@id\":\"https:\\\/\\\/www.lilleliis.com\\\/et\\\/toode\\\/nahast-kasitootarvikute-kott\\\/#primaryimage\"},\"image\":{\"@id\":\"https:\\\/\\\/www.lilleliis.com\\\/et\\\/toode\\\/nahast-kasitootarvikute-kott\\\/#primaryimage\"},\"thumbnailUrl\":\"https:\\\/\\\/www.lilleliis.com\\\/wp-content\\\/uploads\\\/2026\\\/02\\\/nahast-kasitootarvikute-kott6.webp\",\"datePublished\":\"2026-02-13T17:04:33+00:00\",\"dateModified\":\"2026-03-09T07:57:11+00:00\",\"description\":\"Nahast k\u00e4sit\u00f6\u00f6tarvikute kott on iga k\u00e4sit\u00f6\u00f6armastaja unistus. Pakub piisavalt ruumi nii k\u00e4sit\u00f6\u00f6vahenditele kui ka v\u00e4iksematele projektidele nagu sokid v\u00f5i m\u00fcts.\",\"breadcrumb\":{\"@id\":\"https:\\\/\\\/www.lilleliis.com\\\/et\\\/toode\\\/nahast-kasitootarvikute-kott\\\/#breadcrumb\"},\"inLanguage\":\"et\",\"potentialAction\":[{\"@type\":\"ReadAction\",\"target\":[\"https:\\\/\\\/www.lilleliis.com\\\/et\\\/toode\\\/nahast-kasitootarvikute-kott\\\/\"]}]},{\"@type\":\"ImageObject\",\"inLanguage\":\"et\",\"@id\":\"https:\\\/\\\/www.lilleliis.com\\\/et\\\/toode\\\/nahast-kasitootarvikute-kott\\\/#primaryimage\",\"url\":\"https:\\\/\\\/www.lilleliis.com\\\/wp-content\\\/uploads\\\/2026\\\/02\\\/nahast-kasitootarvikute-kott6.webp\",\"contentUrl\":\"https:\\\/\\\/www.lilleliis.com\\\/wp-content\\\/uploads\\\/2026\\\/02\\\/nahast-kasitootarvikute-kott6.webp\",\"width\":1000,\"height\":1000,\"caption\":\"nahast k\u00e4sit\u00f6\u00f6tarvikute kott pruun\"},{\"@type\":\"BreadcrumbList\",\"@id\":\"https:\\\/\\\/www.lilleliis.com\\\/et\\\/toode\\\/nahast-kasitootarvikute-kott\\\/#breadcrumb\",\"itemListElement\":[{\"@type\":\"ListItem\",\"position\":1,\"name\":\"Home\",\"item\":\"https:\\\/\\\/www.lilleliis.com\\\/et\\\/\"},{\"@type\":\"ListItem\",\"position\":2,\"name\":\"Pood\",\"item\":\"https:\\\/\\\/www.lilleliis.com\\\/et\\\/shop\\\/\"},{\"@type\":\"ListItem\",\"position\":3,\"name\":\"Nahast k\u00e4sit\u00f6\u00f6tarvikute kott\"}]},{\"@type\":\"WebSite\",\"@id\":\"https:\\\/\\\/www.lilleliis.com\\\/et\\\/#website\",\"url\":\"https:\\\/\\\/www.lilleliis.com\\\/et\\\/\",\"name\":\"lilleliis\",\"description\":\"Amigurumi m\u00e4nguasjad ja mustrid\",\"potentialAction\":[{\"@type\":\"SearchAction\",\"target\":{\"@type\":\"EntryPoint\",\"urlTemplate\":\"https:\\\/\\\/www.lilleliis.com\\\/et\\\/?s={search_term_string}\"},\"query-input\":{\"@type\":\"PropertyValueSpecification\",\"valueRequired\":true,\"valueName\":\"search_term_string\"}}],\"inLanguage\":\"et\"}]}<\/script>\n<!-- \/ Yoast SEO plugin. -->","yoast_head_json":{"title":"Nahast k\u00e4sit\u00f6\u00f6tarvikute kott | lilleliis","description":"Nahast k\u00e4sit\u00f6\u00f6tarvikute kott on iga k\u00e4sit\u00f6\u00f6armastaja unistus. Pakub piisavalt ruumi nii k\u00e4sit\u00f6\u00f6vahenditele kui ka v\u00e4iksematele projektidele nagu sokid v\u00f5i m\u00fcts.","robots":{"index":"index","follow":"follow","max-snippet":"max-snippet:-1","max-image-preview":"max-image-preview:large","max-video-preview":"max-video-preview:-1"},"canonical":"https:\/\/www.lilleliis.com\/et\/toode\/nahast-kasitootarvikute-kott\/","og_locale":"et_EE","og_type":"article","og_title":"Nahast k\u00e4sit\u00f6\u00f6tarvikute kott | lilleliis","og_description":"Nahast k\u00e4sit\u00f6\u00f6tarvikute kott on iga k\u00e4sit\u00f6\u00f6armastaja unistus. Pakub piisavalt ruumi nii k\u00e4sit\u00f6\u00f6vahenditele kui ka v\u00e4iksematele projektidele nagu sokid v\u00f5i m\u00fcts.","og_url":"https:\/\/www.lilleliis.com\/et\/toode\/nahast-kasitootarvikute-kott\/","og_site_name":"lilleliis","article_publisher":"https:\/\/www.facebook.com\/lilleliis-283266335035799\/","article_modified_time":"2026-03-09T07:57:11+00:00","og_image":[{"width":1000,"height":1000,"url":"https:\/\/www.lilleliis.com\/wp-content\/uploads\/2026\/02\/nahast-kasitootarvikute-kott6.webp","type":"image\/webp"}],"twitter_card":"summary_large_image","twitter_misc":{"Est. reading time":"1 minute"},"schema":{"@context":"https:\/\/schema.org","@graph":[{"@type":"WebPage","@id":"https:\/\/www.lilleliis.com\/et\/toode\/nahast-kasitootarvikute-kott\/","url":"https:\/\/www.lilleliis.com\/et\/toode\/nahast-kasitootarvikute-kott\/","name":"Nahast k\u00e4sit\u00f6\u00f6tarvikute kott | lilleliis","isPartOf":{"@id":"https:\/\/www.lilleliis.com\/et\/#website"},"primaryImageOfPage":{"@id":"https:\/\/www.lilleliis.com\/et\/toode\/nahast-kasitootarvikute-kott\/#primaryimage"},"image":{"@id":"https:\/\/www.lilleliis.com\/et\/toode\/nahast-kasitootarvikute-kott\/#primaryimage"},"thumbnailUrl":"https:\/\/www.lilleliis.com\/wp-content\/uploads\/2026\/02\/nahast-kasitootarvikute-kott6.webp","datePublished":"2026-02-13T17:04:33+00:00","dateModified":"2026-03-09T07:57:11+00:00","description":"Nahast k\u00e4sit\u00f6\u00f6tarvikute kott on iga k\u00e4sit\u00f6\u00f6armastaja unistus. Pakub piisavalt ruumi nii k\u00e4sit\u00f6\u00f6vahenditele kui ka v\u00e4iksematele projektidele nagu sokid v\u00f5i m\u00fcts.","breadcrumb":{"@id":"https:\/\/www.lilleliis.com\/et\/toode\/nahast-kasitootarvikute-kott\/#breadcrumb"},"inLanguage":"et","potentialAction":[{"@type":"ReadAction","target":["https:\/\/www.lilleliis.com\/et\/toode\/nahast-kasitootarvikute-kott\/"]}]},{"@type":"ImageObject","inLanguage":"et","@id":"https:\/\/www.lilleliis.com\/et\/toode\/nahast-kasitootarvikute-kott\/#primaryimage","url":"https:\/\/www.lilleliis.com\/wp-content\/uploads\/2026\/02\/nahast-kasitootarvikute-kott6.webp","contentUrl":"https:\/\/www.lilleliis.com\/wp-content\/uploads\/2026\/02\/nahast-kasitootarvikute-kott6.webp","width":1000,"height":1000,"caption":"nahast k\u00e4sit\u00f6\u00f6tarvikute kott pruun"},{"@type":"BreadcrumbList","@id":"https:\/\/www.lilleliis.com\/et\/toode\/nahast-kasitootarvikute-kott\/#breadcrumb","itemListElement":[{"@type":"ListItem","position":1,"name":"Home","item":"https:\/\/www.lilleliis.com\/et\/"},{"@type":"ListItem","position":2,"name":"Pood","item":"https:\/\/www.lilleliis.com\/et\/shop\/"},{"@type":"ListItem","position":3,"name":"Nahast k\u00e4sit\u00f6\u00f6tarvikute kott"}]},{"@type":"WebSite","@id":"https:\/\/www.lilleliis.com\/et\/#website","url":"https:\/\/www.lilleliis.com\/et\/","name":"lilleliis","description":"Amigurumi m\u00e4nguasjad ja mustrid","potentialAction":[{"@type":"SearchAction","target":{"@type":"EntryPoint","urlTemplate":"https:\/\/www.lilleliis.com\/et\/?s={search_term_string}"},"query-input":{"@type":"PropertyValueSpecification","valueRequired":true,"valueName":"search_term_string"}}],"inLanguage":"et"}]}},"_links":{"self":[{"href":"https:\/\/www.lilleliis.com\/et\/wp-json\/wp\/v2\/product\/104748","targetHints":{"allow":["GET"]}}],"collection":[{"href":"https:\/\/www.lilleliis.com\/et\/wp-json\/wp\/v2\/product"}],"about":[{"href":"https:\/\/www.lilleliis.com\/et\/wp-json\/wp\/v2\/types\/product"}],"replies":[{"embeddable":true,"href":"https:\/\/www.lilleliis.com\/et\/wp-json\/wp\/v2\/comments?post=104748"}],"wp:featuredmedia":[{"embeddable":true,"href":"https:\/\/www.lilleliis.com\/et\/wp-json\/wp\/v2\/media\/104757"}],"wp:attachment":[{"href":"https:\/\/www.lilleliis.com\/et\/wp-json\/wp\/v2\/media?parent=104748"}],"wp:term":[{"taxonomy":"product_brand","embeddable":true,"href":"https:\/\/www.lilleliis.com\/et\/wp-json\/wp\/v2\/product_brand?post=104748"},{"taxonomy":"product_cat","embeddable":true,"href":"https:\/\/www.lilleliis.com\/et\/wp-json\/wp\/v2\/product_cat?post=104748"},{"taxonomy":"product_tag","embeddable":true,"href":"https:\/\/www.lilleliis.com\/et\/wp-json\/wp\/v2\/product_tag?post=104748"}],"curies":[{"name":"wp","href":"https:\/\/api.w.org\/{rel}","templated":true}]}}