{"id":104772,"date":"2026-02-13T20:01:41","date_gmt":"2026-02-13T18:01:41","guid":{"rendered":"https:\/\/www.lilleliis.com\/?post_type=product&#038;p=104772"},"modified":"2026-03-09T09:57:01","modified_gmt":"2026-03-09T07:57:01","slug":"kasitoo-projektikott","status":"publish","type":"product","link":"https:\/\/www.lilleliis.com\/et\/toode\/kasitoo-projektikott\/","title":{"rendered":"Suur k\u00e4sit\u00f6\u00f6 projektikott &#8211; Della Q"},"content":{"rendered":"<p data-start=\"42\" data-end=\"121\"><em>Haara pooleliolev k\u00e4sit\u00f6\u00f6projekt reisile v\u00f5i randa kaasa ja tee seda stiilselt!<\/em><\/p>\n<p data-start=\"123\" data-end=\"394\">Della Q Nora Big Bucket on nutikalt l\u00e4bim\u00f5eldud k\u00e4sit\u00f6\u00f6 projektikott, mis toimib \u00fchtaegu ka l\u00f5ngakorvina. Tugevast ja kaunist salvei toonis kangast valmistatud kott on seest vooderdatud sileda mustrilise kangaga ning mahutab ka suurema kudumis- v\u00f5i heegeldamist\u00f6\u00f6.<\/p>\n<p data-start=\"396\" data-end=\"641\">K\u00e4epidemel olevad trukid v\u00f5imaldavad suletud koti randmele riputada &#8211; nii saad kududa\/heegeldada kasv\u00f5i k\u00e4igupealt. Kui trukid avad, saad koti enda k\u00f5rvale asetada ja kasutada seda praktilise l\u00f5ngakorvina.<\/p>\n<p data-start=\"643\" data-end=\"845\">V\u00e4lisk\u00fcljel on kaks avatud taskut, millest \u00fchel on dekoratiivne haakn\u00f5el lootosekujuliste silmusem\u00e4rkijatega. Seest leiad mitu lisataskut ning lukuga tasku v\u00e4iksemate tarvikute hoidmiseks.<\/p>\n<p data-start=\"847\" data-end=\"905\" data-is-last-node=\"\" data-is-only-node=\"\">M\u00f5\u00f5dud: 53 \u00d7 40 \u00d7 12 cm<\/p>\n<p data-start=\"847\" data-end=\"905\" data-is-last-node=\"\" data-is-only-node=\"\">V\u00e4rv: hele salveiroheline<\/p>\n","protected":false},"excerpt":{"rendered":"<p data-start=\"42\" data-end=\"121\">Della Q Nora Big Bucket on stiilne ja mahukas k\u00e4sit\u00f6\u00f6projektikott, mis toimib \u00fchtaegu ka l\u00f5ngakorvina. Tugevast kangast kott sobib ideaalselt kudumis- ja heegeldamist\u00f6\u00f6de mugavaks kaasav\u00f5tmiseks.<\/p>\n","protected":false},"featured_media":104787,"comment_status":"open","ping_status":"closed","template":"","meta":[],"product_brand":[],"product_cat":[429,568],"product_tag":[1578,1722],"class_list":{"0":"post-104772","1":"product","2":"type-product","3":"status-publish","4":"has-post-thumbnail","6":"product_cat-kasitoo-tarvikud","7":"product_cat-muud-tarvikud","8":"product_tag-kasitookott","9":"product_tag-kingitus-kasitooarmastajale","11":"first","12":"instock","13":"taxable","14":"shipping-taxable","15":"purchasable","16":"product-type-simple"},"yoast_head":"<!-- This site is optimized with the Yoast SEO plugin v27.3 - https:\/\/yoast.com\/product\/yoast-seo-wordpress\/ -->\n<title>Suur k\u00e4sit\u00f6\u00f6 projektikott Della Q | Kudumiseks ja heegeldamiseks| lilleliis<\/title>\n<meta name=\"description\" content=\"Suur ja mahukas k\u00e4sit\u00f6\u00f6 projektikott, mida saad kanda randmel v\u00f5i kasutada l\u00f5ngakorvina. Ideaalne reisile, randa ja koduseks materjalide hoiustamiseks.\" \/>\n<meta name=\"robots\" content=\"index, follow, max-snippet:-1, max-image-preview:large, max-video-preview:-1\" \/>\n<link rel=\"canonical\" href=\"https:\/\/www.lilleliis.com\/et\/toode\/kasitoo-projektikott\/\" \/>\n<meta property=\"og:locale\" content=\"et_EE\" \/>\n<meta property=\"og:type\" content=\"article\" \/>\n<meta property=\"og:title\" content=\"Suur k\u00e4sit\u00f6\u00f6 projektikott Della Q | Kudumiseks ja heegeldamiseks| lilleliis\" \/>\n<meta property=\"og:description\" content=\"Suur ja mahukas k\u00e4sit\u00f6\u00f6 projektikott, mida saad kanda randmel v\u00f5i kasutada l\u00f5ngakorvina. Ideaalne reisile, randa ja koduseks materjalide hoiustamiseks.\" \/>\n<meta property=\"og:url\" content=\"https:\/\/www.lilleliis.com\/et\/toode\/kasitoo-projektikott\/\" \/>\n<meta property=\"og:site_name\" content=\"lilleliis\" \/>\n<meta property=\"article:publisher\" content=\"https:\/\/www.facebook.com\/lilleliis-283266335035799\/\" \/>\n<meta property=\"article:modified_time\" content=\"2026-03-09T07:57:01+00:00\" \/>\n<meta property=\"og:image\" content=\"https:\/\/www.lilleliis.com\/wp-content\/uploads\/2026\/02\/kasitoo-projektikott-Della-Q10.webp\" \/>\n\t<meta property=\"og:image:width\" content=\"700\" \/>\n\t<meta property=\"og:image:height\" content=\"700\" \/>\n\t<meta property=\"og:image:type\" content=\"image\/webp\" \/>\n<meta name=\"twitter:card\" content=\"summary_large_image\" \/>\n<meta name=\"twitter:label1\" content=\"Est. reading time\" \/>\n\t<meta name=\"twitter:data1\" content=\"1 minute\" \/>\n<script type=\"application\/ld+json\" class=\"yoast-schema-graph\">{\"@context\":\"https:\\\/\\\/schema.org\",\"@graph\":[{\"@type\":\"WebPage\",\"@id\":\"https:\\\/\\\/www.lilleliis.com\\\/et\\\/toode\\\/kasitoo-projektikott\\\/\",\"url\":\"https:\\\/\\\/www.lilleliis.com\\\/et\\\/toode\\\/kasitoo-projektikott\\\/\",\"name\":\"Suur k\u00e4sit\u00f6\u00f6 projektikott Della Q | Kudumiseks ja heegeldamiseks| lilleliis\",\"isPartOf\":{\"@id\":\"https:\\\/\\\/www.lilleliis.com\\\/et\\\/#website\"},\"primaryImageOfPage\":{\"@id\":\"https:\\\/\\\/www.lilleliis.com\\\/et\\\/toode\\\/kasitoo-projektikott\\\/#primaryimage\"},\"image\":{\"@id\":\"https:\\\/\\\/www.lilleliis.com\\\/et\\\/toode\\\/kasitoo-projektikott\\\/#primaryimage\"},\"thumbnailUrl\":\"https:\\\/\\\/www.lilleliis.com\\\/wp-content\\\/uploads\\\/2026\\\/02\\\/kasitoo-projektikott-Della-Q10.webp\",\"datePublished\":\"2026-02-13T18:01:41+00:00\",\"dateModified\":\"2026-03-09T07:57:01+00:00\",\"description\":\"Suur ja mahukas k\u00e4sit\u00f6\u00f6 projektikott, mida saad kanda randmel v\u00f5i kasutada l\u00f5ngakorvina. Ideaalne reisile, randa ja koduseks materjalide hoiustamiseks.\",\"breadcrumb\":{\"@id\":\"https:\\\/\\\/www.lilleliis.com\\\/et\\\/toode\\\/kasitoo-projektikott\\\/#breadcrumb\"},\"inLanguage\":\"et\",\"potentialAction\":[{\"@type\":\"ReadAction\",\"target\":[\"https:\\\/\\\/www.lilleliis.com\\\/et\\\/toode\\\/kasitoo-projektikott\\\/\"]}]},{\"@type\":\"ImageObject\",\"inLanguage\":\"et\",\"@id\":\"https:\\\/\\\/www.lilleliis.com\\\/et\\\/toode\\\/kasitoo-projektikott\\\/#primaryimage\",\"url\":\"https:\\\/\\\/www.lilleliis.com\\\/wp-content\\\/uploads\\\/2026\\\/02\\\/kasitoo-projektikott-Della-Q10.webp\",\"contentUrl\":\"https:\\\/\\\/www.lilleliis.com\\\/wp-content\\\/uploads\\\/2026\\\/02\\\/kasitoo-projektikott-Della-Q10.webp\",\"width\":700,\"height\":700,\"caption\":\"k\u00e4sit\u00f6\u00f6 projektikott Della Q\"},{\"@type\":\"BreadcrumbList\",\"@id\":\"https:\\\/\\\/www.lilleliis.com\\\/et\\\/toode\\\/kasitoo-projektikott\\\/#breadcrumb\",\"itemListElement\":[{\"@type\":\"ListItem\",\"position\":1,\"name\":\"Home\",\"item\":\"https:\\\/\\\/www.lilleliis.com\\\/et\\\/\"},{\"@type\":\"ListItem\",\"position\":2,\"name\":\"Pood\",\"item\":\"https:\\\/\\\/www.lilleliis.com\\\/et\\\/shop\\\/\"},{\"@type\":\"ListItem\",\"position\":3,\"name\":\"Suur k\u00e4sit\u00f6\u00f6 projektikott &#8211; Della Q\"}]},{\"@type\":\"WebSite\",\"@id\":\"https:\\\/\\\/www.lilleliis.com\\\/et\\\/#website\",\"url\":\"https:\\\/\\\/www.lilleliis.com\\\/et\\\/\",\"name\":\"lilleliis\",\"description\":\"Amigurumi m\u00e4nguasjad ja mustrid\",\"potentialAction\":[{\"@type\":\"SearchAction\",\"target\":{\"@type\":\"EntryPoint\",\"urlTemplate\":\"https:\\\/\\\/www.lilleliis.com\\\/et\\\/?s={search_term_string}\"},\"query-input\":{\"@type\":\"PropertyValueSpecification\",\"valueRequired\":true,\"valueName\":\"search_term_string\"}}],\"inLanguage\":\"et\"}]}<\/script>\n<!-- \/ Yoast SEO plugin. -->","yoast_head_json":{"title":"Suur k\u00e4sit\u00f6\u00f6 projektikott Della Q | Kudumiseks ja heegeldamiseks| lilleliis","description":"Suur ja mahukas k\u00e4sit\u00f6\u00f6 projektikott, mida saad kanda randmel v\u00f5i kasutada l\u00f5ngakorvina. Ideaalne reisile, randa ja koduseks materjalide hoiustamiseks.","robots":{"index":"index","follow":"follow","max-snippet":"max-snippet:-1","max-image-preview":"max-image-preview:large","max-video-preview":"max-video-preview:-1"},"canonical":"https:\/\/www.lilleliis.com\/et\/toode\/kasitoo-projektikott\/","og_locale":"et_EE","og_type":"article","og_title":"Suur k\u00e4sit\u00f6\u00f6 projektikott Della Q | Kudumiseks ja heegeldamiseks| lilleliis","og_description":"Suur ja mahukas k\u00e4sit\u00f6\u00f6 projektikott, mida saad kanda randmel v\u00f5i kasutada l\u00f5ngakorvina. Ideaalne reisile, randa ja koduseks materjalide hoiustamiseks.","og_url":"https:\/\/www.lilleliis.com\/et\/toode\/kasitoo-projektikott\/","og_site_name":"lilleliis","article_publisher":"https:\/\/www.facebook.com\/lilleliis-283266335035799\/","article_modified_time":"2026-03-09T07:57:01+00:00","og_image":[{"width":700,"height":700,"url":"https:\/\/www.lilleliis.com\/wp-content\/uploads\/2026\/02\/kasitoo-projektikott-Della-Q10.webp","type":"image\/webp"}],"twitter_card":"summary_large_image","twitter_misc":{"Est. reading time":"1 minute"},"schema":{"@context":"https:\/\/schema.org","@graph":[{"@type":"WebPage","@id":"https:\/\/www.lilleliis.com\/et\/toode\/kasitoo-projektikott\/","url":"https:\/\/www.lilleliis.com\/et\/toode\/kasitoo-projektikott\/","name":"Suur k\u00e4sit\u00f6\u00f6 projektikott Della Q | Kudumiseks ja heegeldamiseks| lilleliis","isPartOf":{"@id":"https:\/\/www.lilleliis.com\/et\/#website"},"primaryImageOfPage":{"@id":"https:\/\/www.lilleliis.com\/et\/toode\/kasitoo-projektikott\/#primaryimage"},"image":{"@id":"https:\/\/www.lilleliis.com\/et\/toode\/kasitoo-projektikott\/#primaryimage"},"thumbnailUrl":"https:\/\/www.lilleliis.com\/wp-content\/uploads\/2026\/02\/kasitoo-projektikott-Della-Q10.webp","datePublished":"2026-02-13T18:01:41+00:00","dateModified":"2026-03-09T07:57:01+00:00","description":"Suur ja mahukas k\u00e4sit\u00f6\u00f6 projektikott, mida saad kanda randmel v\u00f5i kasutada l\u00f5ngakorvina. Ideaalne reisile, randa ja koduseks materjalide hoiustamiseks.","breadcrumb":{"@id":"https:\/\/www.lilleliis.com\/et\/toode\/kasitoo-projektikott\/#breadcrumb"},"inLanguage":"et","potentialAction":[{"@type":"ReadAction","target":["https:\/\/www.lilleliis.com\/et\/toode\/kasitoo-projektikott\/"]}]},{"@type":"ImageObject","inLanguage":"et","@id":"https:\/\/www.lilleliis.com\/et\/toode\/kasitoo-projektikott\/#primaryimage","url":"https:\/\/www.lilleliis.com\/wp-content\/uploads\/2026\/02\/kasitoo-projektikott-Della-Q10.webp","contentUrl":"https:\/\/www.lilleliis.com\/wp-content\/uploads\/2026\/02\/kasitoo-projektikott-Della-Q10.webp","width":700,"height":700,"caption":"k\u00e4sit\u00f6\u00f6 projektikott Della Q"},{"@type":"BreadcrumbList","@id":"https:\/\/www.lilleliis.com\/et\/toode\/kasitoo-projektikott\/#breadcrumb","itemListElement":[{"@type":"ListItem","position":1,"name":"Home","item":"https:\/\/www.lilleliis.com\/et\/"},{"@type":"ListItem","position":2,"name":"Pood","item":"https:\/\/www.lilleliis.com\/et\/shop\/"},{"@type":"ListItem","position":3,"name":"Suur k\u00e4sit\u00f6\u00f6 projektikott &#8211; Della Q"}]},{"@type":"WebSite","@id":"https:\/\/www.lilleliis.com\/et\/#website","url":"https:\/\/www.lilleliis.com\/et\/","name":"lilleliis","description":"Amigurumi m\u00e4nguasjad ja mustrid","potentialAction":[{"@type":"SearchAction","target":{"@type":"EntryPoint","urlTemplate":"https:\/\/www.lilleliis.com\/et\/?s={search_term_string}"},"query-input":{"@type":"PropertyValueSpecification","valueRequired":true,"valueName":"search_term_string"}}],"inLanguage":"et"}]}},"_links":{"self":[{"href":"https:\/\/www.lilleliis.com\/et\/wp-json\/wp\/v2\/product\/104772","targetHints":{"allow":["GET"]}}],"collection":[{"href":"https:\/\/www.lilleliis.com\/et\/wp-json\/wp\/v2\/product"}],"about":[{"href":"https:\/\/www.lilleliis.com\/et\/wp-json\/wp\/v2\/types\/product"}],"replies":[{"embeddable":true,"href":"https:\/\/www.lilleliis.com\/et\/wp-json\/wp\/v2\/comments?post=104772"}],"wp:featuredmedia":[{"embeddable":true,"href":"https:\/\/www.lilleliis.com\/et\/wp-json\/wp\/v2\/media\/104787"}],"wp:attachment":[{"href":"https:\/\/www.lilleliis.com\/et\/wp-json\/wp\/v2\/media?parent=104772"}],"wp:term":[{"taxonomy":"product_brand","embeddable":true,"href":"https:\/\/www.lilleliis.com\/et\/wp-json\/wp\/v2\/product_brand?post=104772"},{"taxonomy":"product_cat","embeddable":true,"href":"https:\/\/www.lilleliis.com\/et\/wp-json\/wp\/v2\/product_cat?post=104772"},{"taxonomy":"product_tag","embeddable":true,"href":"https:\/\/www.lilleliis.com\/et\/wp-json\/wp\/v2\/product_tag?post=104772"}],"curies":[{"name":"wp","href":"https:\/\/api.w.org\/{rel}","templated":true}]}}