{"id":104879,"date":"2026-02-16T21:30:51","date_gmt":"2026-02-16T19:30:51","guid":{"rendered":"https:\/\/www.lilleliis.com\/?post_type=product&#038;p=104879"},"modified":"2026-04-06T17:34:00","modified_gmt":"2026-04-06T14:34:00","slug":"ricorumi-furry-furry","status":"publish","type":"product","link":"https:\/\/www.lilleliis.com\/et\/toode\/ricorumi-furry-furry\/","title":{"rendered":"Ricorumi Furry Furry &#8211; karval\u00f5ng &#8211; 25 g \/ 175 m"},"content":{"rendered":"<p data-start=\"0\" data-end=\"323\">Ricorumi sarja on lisandunud uus karvaefektiga l\u00f5ng nimega Furry Furry, mis annab heegeldatud m\u00e4nguloomadele p\u00e4riselu sarnase karvase efekti. L\u00f5nga peened kiud on p\u00f5imitud kandeniidi sisse ning loovad heegeldamisel \u00f5rna, karvase pinnastruktuuri. See eriline tekstuur sobib ideaalselt amigurumidele, lisades m\u00e4nguloomadele loomuliku karvkatte efekti.<\/p>\n<p data-start=\"325\" data-end=\"506\">L\u00f5nga v\u00e4rvid on t\u00e4pselt sobitatud <a href=\"https:\/\/www.lilleliis.com\/product\/ricorumi-dk\/\">Ricorumi puuvillaste l\u00f5ngade<\/a> v\u00e4rvikaardiga, mist\u00f5ttu saab seda h\u00f5lpsasti kasutada koos p\u00f5hitooniga, heegeldades kahe l\u00f5ngaga samaaegselt.<\/p>\n<p class=\"alt-font\" data-start=\"325\" data-end=\"506\">Vahvaid karvaste loomade \u00f5petusi, mis on kirjutatud spetsiaalselt Furry Furry l\u00f5ngale, leiad inglisekeelsest mustriraamatust <a href=\"https:\/\/www.lilleliis.com\/et\/toode\/furry-animals-mustriraamat\/\">&#8220;Furry Animals&#8221;<\/a>.<\/p>\n<p data-start=\"325\" data-end=\"506\"><div class=\"is-divider divider clearfix\" ><\/div>\n<h3 data-start=\"325\" data-end=\"506\">Suurus ja materjal<\/h3>\n<p>L\u00f5nga j\u00e4medus: 25 g \/ 175 m (Lace, 2 ply)<\/p>\n<p>Materjal: 100% pol\u00fcamiid<\/p>\n<p>Tootja: Saksamaa<\/p>\n<div class=\"is-divider divider clearfix\" ><\/div>\n<h3>Kuidas l\u00f5nga hooldada<\/h3>\n<p>K\u00e4sipesu, max 30\u00b0C \/ kuivata tasapinnal<\/p>\n","protected":false},"excerpt":{"rendered":"<p data-start=\"0\" data-end=\"323\">Ricorumi Furry Furry on pehme karvaefektiga l\u00f5ng, mis annab amigurumi m\u00e4nguloomadele realistliku karvase v\u00e4limuse. Ideaalne v\u00e4ikeste karvaste detailide v\u00f5i uhke karvkatte loomiseks.<\/p>\n","protected":false},"featured_media":104953,"comment_status":"open","ping_status":"closed","template":"","meta":[],"product_brand":[1563],"product_cat":[708,429],"product_tag":[],"class_list":{"0":"post-104879","1":"product","2":"type-product","3":"status-publish","4":"has-post-thumbnail","6":"product_brand-rico-design","7":"product_cat-longad","8":"product_cat-kasitoo-tarvikud","9":"pa_special-features-kohev-tekstuur","10":"pa_yarn-weight-lace-2-ply","12":"first","13":"instock","14":"taxable","15":"shipping-taxable","16":"purchasable","17":"product-type-variable"},"yoast_head":"<!-- This site is optimized with the Yoast SEO plugin v27.3 - https:\/\/yoast.com\/product\/yoast-seo-wordpress\/ -->\n<title>Ricorumi Furry Furry | Pehme karval\u00f5ng amigurumidele | lilleliis<\/title>\n<meta name=\"description\" content=\"Ricorumi Furry Furry on pehme karval\u00f5ng, mis lisab amigurumidele realistliku karvaefekti. Kasuta eraldi v\u00f5i koos Ricorumi puuvillase l\u00f5ngaga.\" \/>\n<meta name=\"robots\" content=\"index, follow, max-snippet:-1, max-image-preview:large, max-video-preview:-1\" \/>\n<link rel=\"canonical\" href=\"https:\/\/www.lilleliis.com\/et\/toode\/ricorumi-furry-furry\/\" \/>\n<meta property=\"og:locale\" content=\"et_EE\" \/>\n<meta property=\"og:type\" content=\"article\" \/>\n<meta property=\"og:title\" content=\"Ricorumi Furry Furry | Pehme karval\u00f5ng amigurumidele | lilleliis\" \/>\n<meta property=\"og:description\" content=\"Ricorumi Furry Furry on pehme karval\u00f5ng, mis lisab amigurumidele realistliku karvaefekti. Kasuta eraldi v\u00f5i koos Ricorumi puuvillase l\u00f5ngaga.\" \/>\n<meta property=\"og:url\" content=\"https:\/\/www.lilleliis.com\/et\/toode\/ricorumi-furry-furry\/\" \/>\n<meta property=\"og:site_name\" content=\"lilleliis\" \/>\n<meta property=\"article:publisher\" content=\"https:\/\/www.facebook.com\/lilleliis-283266335035799\/\" \/>\n<meta property=\"article:modified_time\" content=\"2026-04-06T14:34:00+00:00\" \/>\n<meta property=\"og:image\" content=\"https:\/\/www.lilleliis.com\/wp-content\/uploads\/2026\/02\/Ricorumi-Furry-Furry-karvalong3.jpg\" \/>\n\t<meta property=\"og:image:width\" content=\"1500\" \/>\n\t<meta property=\"og:image:height\" content=\"1500\" \/>\n\t<meta property=\"og:image:type\" content=\"image\/jpeg\" \/>\n<meta name=\"twitter:card\" content=\"summary_large_image\" \/>\n<meta name=\"twitter:label1\" content=\"Est. reading time\" \/>\n\t<meta name=\"twitter:data1\" content=\"1 minute\" \/>\n<script type=\"application\/ld+json\" class=\"yoast-schema-graph\">{\"@context\":\"https:\\\/\\\/schema.org\",\"@graph\":[{\"@type\":\"WebPage\",\"@id\":\"https:\\\/\\\/www.lilleliis.com\\\/et\\\/toode\\\/ricorumi-furry-furry\\\/\",\"url\":\"https:\\\/\\\/www.lilleliis.com\\\/et\\\/toode\\\/ricorumi-furry-furry\\\/\",\"name\":\"Ricorumi Furry Furry | Pehme karval\u00f5ng amigurumidele | lilleliis\",\"isPartOf\":{\"@id\":\"https:\\\/\\\/www.lilleliis.com\\\/et\\\/#website\"},\"primaryImageOfPage\":{\"@id\":\"https:\\\/\\\/www.lilleliis.com\\\/et\\\/toode\\\/ricorumi-furry-furry\\\/#primaryimage\"},\"image\":{\"@id\":\"https:\\\/\\\/www.lilleliis.com\\\/et\\\/toode\\\/ricorumi-furry-furry\\\/#primaryimage\"},\"thumbnailUrl\":\"https:\\\/\\\/www.lilleliis.com\\\/wp-content\\\/uploads\\\/2026\\\/02\\\/Ricorumi-Furry-Furry-karvalong3.jpg\",\"datePublished\":\"2026-02-16T19:30:51+00:00\",\"dateModified\":\"2026-04-06T14:34:00+00:00\",\"description\":\"Ricorumi Furry Furry on pehme karval\u00f5ng, mis lisab amigurumidele realistliku karvaefekti. Kasuta eraldi v\u00f5i koos Ricorumi puuvillase l\u00f5ngaga.\",\"breadcrumb\":{\"@id\":\"https:\\\/\\\/www.lilleliis.com\\\/et\\\/toode\\\/ricorumi-furry-furry\\\/#breadcrumb\"},\"inLanguage\":\"et\",\"potentialAction\":[{\"@type\":\"ReadAction\",\"target\":[\"https:\\\/\\\/www.lilleliis.com\\\/et\\\/toode\\\/ricorumi-furry-furry\\\/\"]}]},{\"@type\":\"ImageObject\",\"inLanguage\":\"et\",\"@id\":\"https:\\\/\\\/www.lilleliis.com\\\/et\\\/toode\\\/ricorumi-furry-furry\\\/#primaryimage\",\"url\":\"https:\\\/\\\/www.lilleliis.com\\\/wp-content\\\/uploads\\\/2026\\\/02\\\/Ricorumi-Furry-Furry-karvalong3.jpg\",\"contentUrl\":\"https:\\\/\\\/www.lilleliis.com\\\/wp-content\\\/uploads\\\/2026\\\/02\\\/Ricorumi-Furry-Furry-karvalong3.jpg\",\"width\":1500,\"height\":1500,\"caption\":\"ricorumi furry furry yarn\"},{\"@type\":\"BreadcrumbList\",\"@id\":\"https:\\\/\\\/www.lilleliis.com\\\/et\\\/toode\\\/ricorumi-furry-furry\\\/#breadcrumb\",\"itemListElement\":[{\"@type\":\"ListItem\",\"position\":1,\"name\":\"Home\",\"item\":\"https:\\\/\\\/www.lilleliis.com\\\/et\\\/\"},{\"@type\":\"ListItem\",\"position\":2,\"name\":\"Pood\",\"item\":\"https:\\\/\\\/www.lilleliis.com\\\/et\\\/shop\\\/\"},{\"@type\":\"ListItem\",\"position\":3,\"name\":\"Ricorumi Furry Furry &#8211; karval\u00f5ng &#8211; 25 g \\\/ 175 m\"}]},{\"@type\":\"WebSite\",\"@id\":\"https:\\\/\\\/www.lilleliis.com\\\/et\\\/#website\",\"url\":\"https:\\\/\\\/www.lilleliis.com\\\/et\\\/\",\"name\":\"lilleliis\",\"description\":\"Amigurumi m\u00e4nguasjad ja mustrid\",\"potentialAction\":[{\"@type\":\"SearchAction\",\"target\":{\"@type\":\"EntryPoint\",\"urlTemplate\":\"https:\\\/\\\/www.lilleliis.com\\\/et\\\/?s={search_term_string}\"},\"query-input\":{\"@type\":\"PropertyValueSpecification\",\"valueRequired\":true,\"valueName\":\"search_term_string\"}}],\"inLanguage\":\"et\"}]}<\/script>\n<!-- \/ Yoast SEO plugin. -->","yoast_head_json":{"title":"Ricorumi Furry Furry | Pehme karval\u00f5ng amigurumidele | lilleliis","description":"Ricorumi Furry Furry on pehme karval\u00f5ng, mis lisab amigurumidele realistliku karvaefekti. Kasuta eraldi v\u00f5i koos Ricorumi puuvillase l\u00f5ngaga.","robots":{"index":"index","follow":"follow","max-snippet":"max-snippet:-1","max-image-preview":"max-image-preview:large","max-video-preview":"max-video-preview:-1"},"canonical":"https:\/\/www.lilleliis.com\/et\/toode\/ricorumi-furry-furry\/","og_locale":"et_EE","og_type":"article","og_title":"Ricorumi Furry Furry | Pehme karval\u00f5ng amigurumidele | lilleliis","og_description":"Ricorumi Furry Furry on pehme karval\u00f5ng, mis lisab amigurumidele realistliku karvaefekti. Kasuta eraldi v\u00f5i koos Ricorumi puuvillase l\u00f5ngaga.","og_url":"https:\/\/www.lilleliis.com\/et\/toode\/ricorumi-furry-furry\/","og_site_name":"lilleliis","article_publisher":"https:\/\/www.facebook.com\/lilleliis-283266335035799\/","article_modified_time":"2026-04-06T14:34:00+00:00","og_image":[{"width":1500,"height":1500,"url":"https:\/\/www.lilleliis.com\/wp-content\/uploads\/2026\/02\/Ricorumi-Furry-Furry-karvalong3.jpg","type":"image\/jpeg"}],"twitter_card":"summary_large_image","twitter_misc":{"Est. reading time":"1 minute"},"schema":{"@context":"https:\/\/schema.org","@graph":[{"@type":"WebPage","@id":"https:\/\/www.lilleliis.com\/et\/toode\/ricorumi-furry-furry\/","url":"https:\/\/www.lilleliis.com\/et\/toode\/ricorumi-furry-furry\/","name":"Ricorumi Furry Furry | Pehme karval\u00f5ng amigurumidele | lilleliis","isPartOf":{"@id":"https:\/\/www.lilleliis.com\/et\/#website"},"primaryImageOfPage":{"@id":"https:\/\/www.lilleliis.com\/et\/toode\/ricorumi-furry-furry\/#primaryimage"},"image":{"@id":"https:\/\/www.lilleliis.com\/et\/toode\/ricorumi-furry-furry\/#primaryimage"},"thumbnailUrl":"https:\/\/www.lilleliis.com\/wp-content\/uploads\/2026\/02\/Ricorumi-Furry-Furry-karvalong3.jpg","datePublished":"2026-02-16T19:30:51+00:00","dateModified":"2026-04-06T14:34:00+00:00","description":"Ricorumi Furry Furry on pehme karval\u00f5ng, mis lisab amigurumidele realistliku karvaefekti. Kasuta eraldi v\u00f5i koos Ricorumi puuvillase l\u00f5ngaga.","breadcrumb":{"@id":"https:\/\/www.lilleliis.com\/et\/toode\/ricorumi-furry-furry\/#breadcrumb"},"inLanguage":"et","potentialAction":[{"@type":"ReadAction","target":["https:\/\/www.lilleliis.com\/et\/toode\/ricorumi-furry-furry\/"]}]},{"@type":"ImageObject","inLanguage":"et","@id":"https:\/\/www.lilleliis.com\/et\/toode\/ricorumi-furry-furry\/#primaryimage","url":"https:\/\/www.lilleliis.com\/wp-content\/uploads\/2026\/02\/Ricorumi-Furry-Furry-karvalong3.jpg","contentUrl":"https:\/\/www.lilleliis.com\/wp-content\/uploads\/2026\/02\/Ricorumi-Furry-Furry-karvalong3.jpg","width":1500,"height":1500,"caption":"ricorumi furry furry yarn"},{"@type":"BreadcrumbList","@id":"https:\/\/www.lilleliis.com\/et\/toode\/ricorumi-furry-furry\/#breadcrumb","itemListElement":[{"@type":"ListItem","position":1,"name":"Home","item":"https:\/\/www.lilleliis.com\/et\/"},{"@type":"ListItem","position":2,"name":"Pood","item":"https:\/\/www.lilleliis.com\/et\/shop\/"},{"@type":"ListItem","position":3,"name":"Ricorumi Furry Furry &#8211; karval\u00f5ng &#8211; 25 g \/ 175 m"}]},{"@type":"WebSite","@id":"https:\/\/www.lilleliis.com\/et\/#website","url":"https:\/\/www.lilleliis.com\/et\/","name":"lilleliis","description":"Amigurumi m\u00e4nguasjad ja mustrid","potentialAction":[{"@type":"SearchAction","target":{"@type":"EntryPoint","urlTemplate":"https:\/\/www.lilleliis.com\/et\/?s={search_term_string}"},"query-input":{"@type":"PropertyValueSpecification","valueRequired":true,"valueName":"search_term_string"}}],"inLanguage":"et"}]}},"_links":{"self":[{"href":"https:\/\/www.lilleliis.com\/et\/wp-json\/wp\/v2\/product\/104879","targetHints":{"allow":["GET"]}}],"collection":[{"href":"https:\/\/www.lilleliis.com\/et\/wp-json\/wp\/v2\/product"}],"about":[{"href":"https:\/\/www.lilleliis.com\/et\/wp-json\/wp\/v2\/types\/product"}],"replies":[{"embeddable":true,"href":"https:\/\/www.lilleliis.com\/et\/wp-json\/wp\/v2\/comments?post=104879"}],"wp:featuredmedia":[{"embeddable":true,"href":"https:\/\/www.lilleliis.com\/et\/wp-json\/wp\/v2\/media\/104953"}],"wp:attachment":[{"href":"https:\/\/www.lilleliis.com\/et\/wp-json\/wp\/v2\/media?parent=104879"}],"wp:term":[{"taxonomy":"product_brand","embeddable":true,"href":"https:\/\/www.lilleliis.com\/et\/wp-json\/wp\/v2\/product_brand?post=104879"},{"taxonomy":"product_cat","embeddable":true,"href":"https:\/\/www.lilleliis.com\/et\/wp-json\/wp\/v2\/product_cat?post=104879"},{"taxonomy":"product_tag","embeddable":true,"href":"https:\/\/www.lilleliis.com\/et\/wp-json\/wp\/v2\/product_tag?post=104879"}],"curies":[{"name":"wp","href":"https:\/\/api.w.org\/{rel}","templated":true}]}}