{"id":104975,"date":"2026-02-16T22:33:28","date_gmt":"2026-02-16T20:33:28","guid":{"rendered":"https:\/\/www.lilleliis.com\/?post_type=product&#038;p=104975"},"modified":"2026-03-19T11:51:04","modified_gmt":"2026-03-19T09:51:04","slug":"furry-animals-mustriraamat","status":"publish","type":"product","link":"https:\/\/www.lilleliis.com\/et\/toode\/furry-animals-mustriraamat\/","title":{"rendered":"Ricorumi Furry Animals \u2013 amigurumi mustriraamat (ENG)"},"content":{"rendered":"<p data-start=\"193\" data-end=\"532\">Ricorumi mustriraamat \u201cFurry Animals\u201d viib sind lummavasse loomade maailma ning tutvustab Ricorumi <a href=\"https:\/\/www.lilleliis.com\/et\/toode\/ricorumi-furry-furry\/\">Furry Furry<\/a> karval\u00f5nga kasutamist koos armastatud <a href=\"https:\/\/www.lilleliis.com\/et\/toode\/ricorumi-dk\/\">Ricorumi DK<\/a> puuvillase l\u00f5ngaga. T\u00e4nu ideaalselt sobitatud v\u00e4rvikaardile saab karval\u00f5nga ja puuvillast l\u00f5nga h\u00f5lpsasti koos kasutada, luues pehmeid ja efektseid karvaseid detaile. Raamat on inglise keeles.<\/p>\n<p data-start=\"534\" data-end=\"740\">S\u00f5ltuvalt mudelist on karval\u00f5ng kas t\u00f6\u00f6 sisse heegeldatud v\u00f5i j\u00e4etud teadlikult v\u00e4lja, et luua erinevaid tekstuure. Nii valmivad ainulaadsed, erilise pinnastruktuuriga ja vastupandamatult armsad amigurumid.<\/p>\n<p data-start=\"534\" data-end=\"740\"><div class=\"is-divider divider clearfix\" ><\/div>\n<h3 data-start=\"510\" data-end=\"716\">Raamatus sisalduvad \u00f5petused<\/h3>\n<ol>\n<li data-start=\"510\" data-end=\"716\">linnu pea<\/li>\n<li data-start=\"510\" data-end=\"716\">konna pea<\/li>\n<li data-start=\"510\" data-end=\"716\">elevandi pea<\/li>\n<li data-start=\"510\" data-end=\"716\">kaelkirjaku pea<\/li>\n<li data-start=\"510\" data-end=\"716\">j\u00e4nes<\/li>\n<li data-start=\"510\" data-end=\"716\">rebane<\/li>\n<li data-start=\"510\" data-end=\"716\">karu<\/li>\n<li data-start=\"510\" data-end=\"716\">pingviin<\/li>\n<li data-start=\"510\" data-end=\"716\">l\u00f5vi<\/li>\n<\/ol>\n<div class=\"is-divider divider clearfix\" ><\/div>\n<h3>Kasutatud l\u00f5ngad<\/h3>\n<p>Ricorumi <a href=\"https:\/\/www.lilleliis.com\/et\/toode\/ricorumi-furry-furry\/\">Furry Furry, <\/a><a href=\"https:\/\/www.lilleliis.com\/et\/toode\/ricorumi-dk\/\">Ricorumi DK<\/a>, Ricorumi <a href=\"https:\/\/www.lilleliis.com\/et\/toode\/ricorumi-nilli-nilli-senill-long\/\">Nilli Nilli<\/a><\/p>\n<div class=\"is-divider divider clearfix\" ><\/div>\n<h3>Tooteinfo<\/h3>\n<ul data-start=\"733\" data-end=\"844\">\n<li data-start=\"733\" data-end=\"747\">\n<p data-start=\"735\" data-end=\"747\">9 mustrit<\/p>\n<\/li>\n<li data-start=\"733\" data-end=\"747\">Keel: inglise (US terminoloogia)<\/li>\n<li data-start=\"748\" data-end=\"780\">\n<p data-start=\"750\" data-end=\"780\">24 lehek\u00fclge, pehmekaaneline<\/p>\n<\/li>\n<li data-start=\"781\" data-end=\"804\">\n<p data-start=\"783\" data-end=\"804\">Formaat: 24 \u00d7 21 cm<\/p>\n<\/li>\n<li data-start=\"805\" data-end=\"844\">\n<p data-start=\"807\" data-end=\"844\">Kirjastaja: Rico Design GmbH &amp; Co. KG<\/p>\n<\/li>\n<\/ul>\n","protected":false},"excerpt":{"rendered":"<p>Ricorumi mustriraamat \u201cFurry Animals\u201d tutvustab karvaste amigurumi loomade valmistamist uue <a href=\"https:\/\/www.lilleliis.com\/et\/toode\/ricorumi-furry-furry\/\">Furry Furry<\/a> karval\u00f5ngaga. Raamat on inglise keeles.<\/p>\n","protected":false},"featured_media":104881,"comment_status":"open","ping_status":"closed","template":"","meta":[],"product_brand":[1563],"product_cat":[559],"product_tag":[],"class_list":{"0":"post-104975","1":"product","2":"type-product","3":"status-publish","4":"has-post-thumbnail","6":"product_brand-rico-design","7":"product_cat-raamatud","9":"first","10":"instock","11":"taxable","12":"shipping-taxable","13":"purchasable","14":"product-type-simple"},"yoast_head":"<!-- This site is optimized with the Yoast SEO plugin v27.3 - https:\/\/yoast.com\/product\/yoast-seo-wordpress\/ -->\n<title>Furry Animals | Amigurumi mustriraamat | 9 karvast tegelast<\/title>\n<meta name=\"description\" content=\"Furry Animals amigurumi mustriraamat sisaldab 9 armsat loomamustrit, mille heegeldamisel kasutatakse Ricorumi Furry Furry karval\u00f5nga.\" \/>\n<meta name=\"robots\" content=\"index, follow, max-snippet:-1, max-image-preview:large, max-video-preview:-1\" \/>\n<link rel=\"canonical\" href=\"https:\/\/www.lilleliis.com\/et\/toode\/furry-animals-mustriraamat\/\" \/>\n<meta property=\"og:locale\" content=\"et_EE\" \/>\n<meta property=\"og:type\" content=\"article\" \/>\n<meta property=\"og:title\" content=\"Furry Animals | Amigurumi mustriraamat | 9 karvast tegelast\" \/>\n<meta property=\"og:description\" content=\"Furry Animals amigurumi mustriraamat sisaldab 9 armsat loomamustrit, mille heegeldamisel kasutatakse Ricorumi Furry Furry karval\u00f5nga.\" \/>\n<meta property=\"og:url\" content=\"https:\/\/www.lilleliis.com\/et\/toode\/furry-animals-mustriraamat\/\" \/>\n<meta property=\"og:site_name\" content=\"lilleliis\" \/>\n<meta property=\"article:publisher\" content=\"https:\/\/www.facebook.com\/lilleliis-283266335035799\/\" \/>\n<meta property=\"article:modified_time\" content=\"2026-03-19T09:51:04+00:00\" \/>\n<meta property=\"og:image\" content=\"https:\/\/www.lilleliis.com\/wp-content\/uploads\/2026\/02\/Furry-Animals-mustriraamat.jpg\" \/>\n\t<meta property=\"og:image:width\" content=\"1500\" \/>\n\t<meta property=\"og:image:height\" content=\"1500\" \/>\n\t<meta property=\"og:image:type\" content=\"image\/jpeg\" \/>\n<meta name=\"twitter:card\" content=\"summary_large_image\" \/>\n<meta name=\"twitter:label1\" content=\"Est. reading time\" \/>\n\t<meta name=\"twitter:data1\" content=\"1 minute\" \/>\n<script type=\"application\/ld+json\" class=\"yoast-schema-graph\">{\"@context\":\"https:\\\/\\\/schema.org\",\"@graph\":[{\"@type\":\"WebPage\",\"@id\":\"https:\\\/\\\/www.lilleliis.com\\\/et\\\/toode\\\/furry-animals-mustriraamat\\\/\",\"url\":\"https:\\\/\\\/www.lilleliis.com\\\/et\\\/toode\\\/furry-animals-mustriraamat\\\/\",\"name\":\"Furry Animals | Amigurumi mustriraamat | 9 karvast tegelast\",\"isPartOf\":{\"@id\":\"https:\\\/\\\/www.lilleliis.com\\\/et\\\/#website\"},\"primaryImageOfPage\":{\"@id\":\"https:\\\/\\\/www.lilleliis.com\\\/et\\\/toode\\\/furry-animals-mustriraamat\\\/#primaryimage\"},\"image\":{\"@id\":\"https:\\\/\\\/www.lilleliis.com\\\/et\\\/toode\\\/furry-animals-mustriraamat\\\/#primaryimage\"},\"thumbnailUrl\":\"https:\\\/\\\/www.lilleliis.com\\\/wp-content\\\/uploads\\\/2026\\\/02\\\/Furry-Animals-mustriraamat.jpg\",\"datePublished\":\"2026-02-16T20:33:28+00:00\",\"dateModified\":\"2026-03-19T09:51:04+00:00\",\"description\":\"Furry Animals amigurumi mustriraamat sisaldab 9 armsat loomamustrit, mille heegeldamisel kasutatakse Ricorumi Furry Furry karval\u00f5nga.\",\"breadcrumb\":{\"@id\":\"https:\\\/\\\/www.lilleliis.com\\\/et\\\/toode\\\/furry-animals-mustriraamat\\\/#breadcrumb\"},\"inLanguage\":\"et\",\"potentialAction\":[{\"@type\":\"ReadAction\",\"target\":[\"https:\\\/\\\/www.lilleliis.com\\\/et\\\/toode\\\/furry-animals-mustriraamat\\\/\"]}]},{\"@type\":\"ImageObject\",\"inLanguage\":\"et\",\"@id\":\"https:\\\/\\\/www.lilleliis.com\\\/et\\\/toode\\\/furry-animals-mustriraamat\\\/#primaryimage\",\"url\":\"https:\\\/\\\/www.lilleliis.com\\\/wp-content\\\/uploads\\\/2026\\\/02\\\/Furry-Animals-mustriraamat.jpg\",\"contentUrl\":\"https:\\\/\\\/www.lilleliis.com\\\/wp-content\\\/uploads\\\/2026\\\/02\\\/Furry-Animals-mustriraamat.jpg\",\"width\":1500,\"height\":1500,\"caption\":\"Furry Animals mustriraamat\"},{\"@type\":\"BreadcrumbList\",\"@id\":\"https:\\\/\\\/www.lilleliis.com\\\/et\\\/toode\\\/furry-animals-mustriraamat\\\/#breadcrumb\",\"itemListElement\":[{\"@type\":\"ListItem\",\"position\":1,\"name\":\"Home\",\"item\":\"https:\\\/\\\/www.lilleliis.com\\\/et\\\/\"},{\"@type\":\"ListItem\",\"position\":2,\"name\":\"Pood\",\"item\":\"https:\\\/\\\/www.lilleliis.com\\\/et\\\/shop\\\/\"},{\"@type\":\"ListItem\",\"position\":3,\"name\":\"Ricorumi Furry Animals \u2013 amigurumi mustriraamat (ENG)\"}]},{\"@type\":\"WebSite\",\"@id\":\"https:\\\/\\\/www.lilleliis.com\\\/et\\\/#website\",\"url\":\"https:\\\/\\\/www.lilleliis.com\\\/et\\\/\",\"name\":\"lilleliis\",\"description\":\"Amigurumi m\u00e4nguasjad ja mustrid\",\"potentialAction\":[{\"@type\":\"SearchAction\",\"target\":{\"@type\":\"EntryPoint\",\"urlTemplate\":\"https:\\\/\\\/www.lilleliis.com\\\/et\\\/?s={search_term_string}\"},\"query-input\":{\"@type\":\"PropertyValueSpecification\",\"valueRequired\":true,\"valueName\":\"search_term_string\"}}],\"inLanguage\":\"et\"}]}<\/script>\n<!-- \/ Yoast SEO plugin. -->","yoast_head_json":{"title":"Furry Animals | Amigurumi mustriraamat | 9 karvast tegelast","description":"Furry Animals amigurumi mustriraamat sisaldab 9 armsat loomamustrit, mille heegeldamisel kasutatakse Ricorumi Furry Furry karval\u00f5nga.","robots":{"index":"index","follow":"follow","max-snippet":"max-snippet:-1","max-image-preview":"max-image-preview:large","max-video-preview":"max-video-preview:-1"},"canonical":"https:\/\/www.lilleliis.com\/et\/toode\/furry-animals-mustriraamat\/","og_locale":"et_EE","og_type":"article","og_title":"Furry Animals | Amigurumi mustriraamat | 9 karvast tegelast","og_description":"Furry Animals amigurumi mustriraamat sisaldab 9 armsat loomamustrit, mille heegeldamisel kasutatakse Ricorumi Furry Furry karval\u00f5nga.","og_url":"https:\/\/www.lilleliis.com\/et\/toode\/furry-animals-mustriraamat\/","og_site_name":"lilleliis","article_publisher":"https:\/\/www.facebook.com\/lilleliis-283266335035799\/","article_modified_time":"2026-03-19T09:51:04+00:00","og_image":[{"width":1500,"height":1500,"url":"https:\/\/www.lilleliis.com\/wp-content\/uploads\/2026\/02\/Furry-Animals-mustriraamat.jpg","type":"image\/jpeg"}],"twitter_card":"summary_large_image","twitter_misc":{"Est. reading time":"1 minute"},"schema":{"@context":"https:\/\/schema.org","@graph":[{"@type":"WebPage","@id":"https:\/\/www.lilleliis.com\/et\/toode\/furry-animals-mustriraamat\/","url":"https:\/\/www.lilleliis.com\/et\/toode\/furry-animals-mustriraamat\/","name":"Furry Animals | Amigurumi mustriraamat | 9 karvast tegelast","isPartOf":{"@id":"https:\/\/www.lilleliis.com\/et\/#website"},"primaryImageOfPage":{"@id":"https:\/\/www.lilleliis.com\/et\/toode\/furry-animals-mustriraamat\/#primaryimage"},"image":{"@id":"https:\/\/www.lilleliis.com\/et\/toode\/furry-animals-mustriraamat\/#primaryimage"},"thumbnailUrl":"https:\/\/www.lilleliis.com\/wp-content\/uploads\/2026\/02\/Furry-Animals-mustriraamat.jpg","datePublished":"2026-02-16T20:33:28+00:00","dateModified":"2026-03-19T09:51:04+00:00","description":"Furry Animals amigurumi mustriraamat sisaldab 9 armsat loomamustrit, mille heegeldamisel kasutatakse Ricorumi Furry Furry karval\u00f5nga.","breadcrumb":{"@id":"https:\/\/www.lilleliis.com\/et\/toode\/furry-animals-mustriraamat\/#breadcrumb"},"inLanguage":"et","potentialAction":[{"@type":"ReadAction","target":["https:\/\/www.lilleliis.com\/et\/toode\/furry-animals-mustriraamat\/"]}]},{"@type":"ImageObject","inLanguage":"et","@id":"https:\/\/www.lilleliis.com\/et\/toode\/furry-animals-mustriraamat\/#primaryimage","url":"https:\/\/www.lilleliis.com\/wp-content\/uploads\/2026\/02\/Furry-Animals-mustriraamat.jpg","contentUrl":"https:\/\/www.lilleliis.com\/wp-content\/uploads\/2026\/02\/Furry-Animals-mustriraamat.jpg","width":1500,"height":1500,"caption":"Furry Animals mustriraamat"},{"@type":"BreadcrumbList","@id":"https:\/\/www.lilleliis.com\/et\/toode\/furry-animals-mustriraamat\/#breadcrumb","itemListElement":[{"@type":"ListItem","position":1,"name":"Home","item":"https:\/\/www.lilleliis.com\/et\/"},{"@type":"ListItem","position":2,"name":"Pood","item":"https:\/\/www.lilleliis.com\/et\/shop\/"},{"@type":"ListItem","position":3,"name":"Ricorumi Furry Animals \u2013 amigurumi mustriraamat (ENG)"}]},{"@type":"WebSite","@id":"https:\/\/www.lilleliis.com\/et\/#website","url":"https:\/\/www.lilleliis.com\/et\/","name":"lilleliis","description":"Amigurumi m\u00e4nguasjad ja mustrid","potentialAction":[{"@type":"SearchAction","target":{"@type":"EntryPoint","urlTemplate":"https:\/\/www.lilleliis.com\/et\/?s={search_term_string}"},"query-input":{"@type":"PropertyValueSpecification","valueRequired":true,"valueName":"search_term_string"}}],"inLanguage":"et"}]}},"_links":{"self":[{"href":"https:\/\/www.lilleliis.com\/et\/wp-json\/wp\/v2\/product\/104975","targetHints":{"allow":["GET"]}}],"collection":[{"href":"https:\/\/www.lilleliis.com\/et\/wp-json\/wp\/v2\/product"}],"about":[{"href":"https:\/\/www.lilleliis.com\/et\/wp-json\/wp\/v2\/types\/product"}],"replies":[{"embeddable":true,"href":"https:\/\/www.lilleliis.com\/et\/wp-json\/wp\/v2\/comments?post=104975"}],"wp:featuredmedia":[{"embeddable":true,"href":"https:\/\/www.lilleliis.com\/et\/wp-json\/wp\/v2\/media\/104881"}],"wp:attachment":[{"href":"https:\/\/www.lilleliis.com\/et\/wp-json\/wp\/v2\/media?parent=104975"}],"wp:term":[{"taxonomy":"product_brand","embeddable":true,"href":"https:\/\/www.lilleliis.com\/et\/wp-json\/wp\/v2\/product_brand?post=104975"},{"taxonomy":"product_cat","embeddable":true,"href":"https:\/\/www.lilleliis.com\/et\/wp-json\/wp\/v2\/product_cat?post=104975"},{"taxonomy":"product_tag","embeddable":true,"href":"https:\/\/www.lilleliis.com\/et\/wp-json\/wp\/v2\/product_tag?post=104975"}],"curies":[{"name":"wp","href":"https:\/\/api.w.org\/{rel}","templated":true}]}}