{"id":105062,"date":"2026-02-21T18:30:27","date_gmt":"2026-02-21T16:30:27","guid":{"rendered":"https:\/\/www.lilleliis.com\/?post_type=product&#038;p=105062"},"modified":"2026-02-21T18:30:27","modified_gmt":"2026-02-21T16:30:27","slug":"teddy-heegeldamiskomplekt-ricorumi","status":"publish","type":"product","link":"https:\/\/www.lilleliis.com\/et\/toode\/teddy-heegeldamiskomplekt-ricorumi\/","title":{"rendered":"Ricorumi mini heegeldamiskomplekt &#8211; Teddy (tr\u00fckitud \u00f5petusega)"},"content":{"rendered":"<p data-start=\"55\" data-end=\"225\">See armas Ricorumi Mini Easy heegeldamiskomplekt on loodud just algajale &#8211; k\u00f5ik vajalik on \u00fches karbis olemas, et saaksid heegeldada v\u00e4ikese karukese.<\/p>\n<p data-start=\"227\" data-end=\"459\">Kui oled amigurumi maailmaga alles tutvust tegemas v\u00f5i otsid m\u00f5nusat v\u00e4ikest projekti, siis see komplekt on ideaalne. Samm-sammuline juhend aitab sind rahulikult l\u00e4bi kogu protsessi ning peagi hoiad k\u00e4es enda tehtud pehmet karukest.<\/p>\n<p data-start=\"227\" data-end=\"459\"><div class=\"is-divider divider clearfix\" ><\/div>\n<p data-start=\"461\" data-end=\"551\">Komplekt on ka tore kingitus k\u00e4sit\u00f6\u00f6s\u00f5brale v\u00f5i lapsele, kes tahaks heegeldamist proovida.<\/p>\n<p data-start=\"553\" data-end=\"575\">Komplekt sisaldab:<\/p>\n<ul data-start=\"576\" data-end=\"726\">\n<li data-start=\"576\" data-end=\"610\">\n<p data-start=\"578\" data-end=\"610\">1 tokike Ricorumi DK puuvillast\u00a0l\u00f5nga<\/p>\n<\/li>\n<li data-start=\"611\" data-end=\"645\">\n<p data-start=\"613\" data-end=\"645\">2 lisatooni samast l\u00f5ngast<\/p>\n<\/li>\n<li data-start=\"646\" data-end=\"659\">\n<p data-start=\"648\" data-end=\"659\">t\u00e4itematerjal<\/p>\n<\/li>\n<li data-start=\"660\" data-end=\"674\">\n<p data-start=\"662\" data-end=\"674\">heegeln\u00f5el<\/p>\n<\/li>\n<li data-start=\"675\" data-end=\"705\">\n<p data-start=\"677\" data-end=\"705\">n\u00f5el detailide \u00f5mblemiseks<\/p>\n<\/li>\n<li data-start=\"706\" data-end=\"726\">\n<p data-start=\"708\" data-end=\"726\">tr\u00fckitud juhend \u00a0inglise, saksa, hispaania, prantsuse ja hollandi keeles<\/p>\n<\/li>\n<\/ul>\n<div class=\"is-divider divider clearfix\" ><\/div>\n<ul data-start=\"742\" data-end=\"873\">\n<li data-start=\"763\" data-end=\"796\">\n<p data-start=\"765\" data-end=\"796\">Pakendi m\u00f5\u00f5dud: 6 \u00d7 6 \u00d7 15 cm<\/p>\n<\/li>\n<li data-start=\"797\" data-end=\"873\">\n<p data-start=\"799\" data-end=\"873\">K\u00f5ik vajalik on komplektis olemas \u2013 eraldi midagi juurde osta ei ole vaja.<\/p>\n<\/li>\n<\/ul>\n","protected":false},"excerpt":{"rendered":"<p>Heegelda endale v\u00e4ike pehme Teddy-karu. See heegeldamiskomplekt sisaldab k\u00f5ike vajalikku, et saaksid alustada kohe &#8211; l\u00f5ng, t\u00e4idis, heegeln\u00f5el, n\u00f5el ja juhend on k\u00f5ik karbis olemas. Tore v\u00e4ike projekt nii algajale kui ka kingituseks k\u00e4sit\u00f6\u00f6s\u00f5brale.<\/p>\n<p>Komplektis olev juhend on tr\u00fckitud kujul ja j\u00e4rgmistes keeltes: inglise, saksa, prantsuse, hispaania ja hollandi keeles.<\/p>\n","protected":false},"featured_media":105069,"comment_status":"open","ping_status":"closed","template":"","meta":[],"product_brand":[1563],"product_cat":[1036],"product_tag":[],"class_list":{"0":"post-105062","1":"product","2":"type-product","3":"status-publish","4":"has-post-thumbnail","6":"product_brand-rico-design","7":"product_cat-kasitookomplekt","9":"first","10":"instock","11":"taxable","12":"shipping-taxable","13":"purchasable","14":"product-type-simple"},"yoast_head":"<!-- This site is optimized with the Yoast SEO plugin v27.3 - https:\/\/yoast.com\/product\/yoast-seo-wordpress\/ -->\n<title>Teddy heegeldamiskomplekt algajale \u2013 Ricorumi mini | lilleliis<\/title>\n<meta name=\"description\" content=\"Heegelda armas Teddy-karu Ricorumi mini heegeldamiskomplektiga. Komplektis l\u00f5ng, t\u00e4idis, heegeln\u00f5el ja juhend. Sobib algajale ja kingituseks.\" \/>\n<meta name=\"robots\" content=\"index, follow, max-snippet:-1, max-image-preview:large, max-video-preview:-1\" \/>\n<link rel=\"canonical\" href=\"https:\/\/www.lilleliis.com\/et\/toode\/teddy-heegeldamiskomplekt-ricorumi\/\" \/>\n<meta property=\"og:locale\" content=\"et_EE\" \/>\n<meta property=\"og:type\" content=\"article\" \/>\n<meta property=\"og:title\" content=\"Teddy heegeldamiskomplekt algajale \u2013 Ricorumi mini | lilleliis\" \/>\n<meta property=\"og:description\" content=\"Heegelda armas Teddy-karu Ricorumi mini heegeldamiskomplektiga. Komplektis l\u00f5ng, t\u00e4idis, heegeln\u00f5el ja juhend. Sobib algajale ja kingituseks.\" \/>\n<meta property=\"og:url\" content=\"https:\/\/www.lilleliis.com\/et\/toode\/teddy-heegeldamiskomplekt-ricorumi\/\" \/>\n<meta property=\"og:site_name\" content=\"lilleliis\" \/>\n<meta property=\"article:publisher\" content=\"https:\/\/www.facebook.com\/lilleliis-283266335035799\/\" \/>\n<meta property=\"og:image\" content=\"https:\/\/www.lilleliis.com\/wp-content\/uploads\/2026\/02\/Ricorumi-mini-heegeldamiskomplekt-Teddy4.jpg\" \/>\n\t<meta property=\"og:image:width\" content=\"1500\" \/>\n\t<meta property=\"og:image:height\" content=\"1500\" \/>\n\t<meta property=\"og:image:type\" content=\"image\/jpeg\" \/>\n<meta name=\"twitter:card\" content=\"summary_large_image\" \/>\n<meta name=\"twitter:label1\" content=\"Est. reading time\" \/>\n\t<meta name=\"twitter:data1\" content=\"1 minute\" \/>\n<script type=\"application\/ld+json\" class=\"yoast-schema-graph\">{\"@context\":\"https:\\\/\\\/schema.org\",\"@graph\":[{\"@type\":\"WebPage\",\"@id\":\"https:\\\/\\\/www.lilleliis.com\\\/et\\\/toode\\\/teddy-heegeldamiskomplekt-ricorumi\\\/\",\"url\":\"https:\\\/\\\/www.lilleliis.com\\\/et\\\/toode\\\/teddy-heegeldamiskomplekt-ricorumi\\\/\",\"name\":\"Teddy heegeldamiskomplekt algajale \u2013 Ricorumi mini | lilleliis\",\"isPartOf\":{\"@id\":\"https:\\\/\\\/www.lilleliis.com\\\/et\\\/#website\"},\"primaryImageOfPage\":{\"@id\":\"https:\\\/\\\/www.lilleliis.com\\\/et\\\/toode\\\/teddy-heegeldamiskomplekt-ricorumi\\\/#primaryimage\"},\"image\":{\"@id\":\"https:\\\/\\\/www.lilleliis.com\\\/et\\\/toode\\\/teddy-heegeldamiskomplekt-ricorumi\\\/#primaryimage\"},\"thumbnailUrl\":\"https:\\\/\\\/www.lilleliis.com\\\/wp-content\\\/uploads\\\/2026\\\/02\\\/Ricorumi-mini-heegeldamiskomplekt-Teddy4.jpg\",\"datePublished\":\"2026-02-21T16:30:27+00:00\",\"description\":\"Heegelda armas Teddy-karu Ricorumi mini heegeldamiskomplektiga. Komplektis l\u00f5ng, t\u00e4idis, heegeln\u00f5el ja juhend. Sobib algajale ja kingituseks.\",\"breadcrumb\":{\"@id\":\"https:\\\/\\\/www.lilleliis.com\\\/et\\\/toode\\\/teddy-heegeldamiskomplekt-ricorumi\\\/#breadcrumb\"},\"inLanguage\":\"et\",\"potentialAction\":[{\"@type\":\"ReadAction\",\"target\":[\"https:\\\/\\\/www.lilleliis.com\\\/et\\\/toode\\\/teddy-heegeldamiskomplekt-ricorumi\\\/\"]}]},{\"@type\":\"ImageObject\",\"inLanguage\":\"et\",\"@id\":\"https:\\\/\\\/www.lilleliis.com\\\/et\\\/toode\\\/teddy-heegeldamiskomplekt-ricorumi\\\/#primaryimage\",\"url\":\"https:\\\/\\\/www.lilleliis.com\\\/wp-content\\\/uploads\\\/2026\\\/02\\\/Ricorumi-mini-heegeldamiskomplekt-Teddy4.jpg\",\"contentUrl\":\"https:\\\/\\\/www.lilleliis.com\\\/wp-content\\\/uploads\\\/2026\\\/02\\\/Ricorumi-mini-heegeldamiskomplekt-Teddy4.jpg\",\"width\":1500,\"height\":1500,\"caption\":\"Ricorumi mini heegeldamiskomplekt - Teddy\"},{\"@type\":\"BreadcrumbList\",\"@id\":\"https:\\\/\\\/www.lilleliis.com\\\/et\\\/toode\\\/teddy-heegeldamiskomplekt-ricorumi\\\/#breadcrumb\",\"itemListElement\":[{\"@type\":\"ListItem\",\"position\":1,\"name\":\"Home\",\"item\":\"https:\\\/\\\/www.lilleliis.com\\\/et\\\/\"},{\"@type\":\"ListItem\",\"position\":2,\"name\":\"Pood\",\"item\":\"https:\\\/\\\/www.lilleliis.com\\\/et\\\/shop\\\/\"},{\"@type\":\"ListItem\",\"position\":3,\"name\":\"Ricorumi mini heegeldamiskomplekt &#8211; Teddy (tr\u00fckitud \u00f5petusega)\"}]},{\"@type\":\"WebSite\",\"@id\":\"https:\\\/\\\/www.lilleliis.com\\\/et\\\/#website\",\"url\":\"https:\\\/\\\/www.lilleliis.com\\\/et\\\/\",\"name\":\"lilleliis\",\"description\":\"Amigurumi m\u00e4nguasjad ja mustrid\",\"potentialAction\":[{\"@type\":\"SearchAction\",\"target\":{\"@type\":\"EntryPoint\",\"urlTemplate\":\"https:\\\/\\\/www.lilleliis.com\\\/et\\\/?s={search_term_string}\"},\"query-input\":{\"@type\":\"PropertyValueSpecification\",\"valueRequired\":true,\"valueName\":\"search_term_string\"}}],\"inLanguage\":\"et\"}]}<\/script>\n<!-- \/ Yoast SEO plugin. -->","yoast_head_json":{"title":"Teddy heegeldamiskomplekt algajale \u2013 Ricorumi mini | lilleliis","description":"Heegelda armas Teddy-karu Ricorumi mini heegeldamiskomplektiga. Komplektis l\u00f5ng, t\u00e4idis, heegeln\u00f5el ja juhend. Sobib algajale ja kingituseks.","robots":{"index":"index","follow":"follow","max-snippet":"max-snippet:-1","max-image-preview":"max-image-preview:large","max-video-preview":"max-video-preview:-1"},"canonical":"https:\/\/www.lilleliis.com\/et\/toode\/teddy-heegeldamiskomplekt-ricorumi\/","og_locale":"et_EE","og_type":"article","og_title":"Teddy heegeldamiskomplekt algajale \u2013 Ricorumi mini | lilleliis","og_description":"Heegelda armas Teddy-karu Ricorumi mini heegeldamiskomplektiga. Komplektis l\u00f5ng, t\u00e4idis, heegeln\u00f5el ja juhend. Sobib algajale ja kingituseks.","og_url":"https:\/\/www.lilleliis.com\/et\/toode\/teddy-heegeldamiskomplekt-ricorumi\/","og_site_name":"lilleliis","article_publisher":"https:\/\/www.facebook.com\/lilleliis-283266335035799\/","og_image":[{"width":1500,"height":1500,"url":"https:\/\/www.lilleliis.com\/wp-content\/uploads\/2026\/02\/Ricorumi-mini-heegeldamiskomplekt-Teddy4.jpg","type":"image\/jpeg"}],"twitter_card":"summary_large_image","twitter_misc":{"Est. reading time":"1 minute"},"schema":{"@context":"https:\/\/schema.org","@graph":[{"@type":"WebPage","@id":"https:\/\/www.lilleliis.com\/et\/toode\/teddy-heegeldamiskomplekt-ricorumi\/","url":"https:\/\/www.lilleliis.com\/et\/toode\/teddy-heegeldamiskomplekt-ricorumi\/","name":"Teddy heegeldamiskomplekt algajale \u2013 Ricorumi mini | lilleliis","isPartOf":{"@id":"https:\/\/www.lilleliis.com\/et\/#website"},"primaryImageOfPage":{"@id":"https:\/\/www.lilleliis.com\/et\/toode\/teddy-heegeldamiskomplekt-ricorumi\/#primaryimage"},"image":{"@id":"https:\/\/www.lilleliis.com\/et\/toode\/teddy-heegeldamiskomplekt-ricorumi\/#primaryimage"},"thumbnailUrl":"https:\/\/www.lilleliis.com\/wp-content\/uploads\/2026\/02\/Ricorumi-mini-heegeldamiskomplekt-Teddy4.jpg","datePublished":"2026-02-21T16:30:27+00:00","description":"Heegelda armas Teddy-karu Ricorumi mini heegeldamiskomplektiga. Komplektis l\u00f5ng, t\u00e4idis, heegeln\u00f5el ja juhend. Sobib algajale ja kingituseks.","breadcrumb":{"@id":"https:\/\/www.lilleliis.com\/et\/toode\/teddy-heegeldamiskomplekt-ricorumi\/#breadcrumb"},"inLanguage":"et","potentialAction":[{"@type":"ReadAction","target":["https:\/\/www.lilleliis.com\/et\/toode\/teddy-heegeldamiskomplekt-ricorumi\/"]}]},{"@type":"ImageObject","inLanguage":"et","@id":"https:\/\/www.lilleliis.com\/et\/toode\/teddy-heegeldamiskomplekt-ricorumi\/#primaryimage","url":"https:\/\/www.lilleliis.com\/wp-content\/uploads\/2026\/02\/Ricorumi-mini-heegeldamiskomplekt-Teddy4.jpg","contentUrl":"https:\/\/www.lilleliis.com\/wp-content\/uploads\/2026\/02\/Ricorumi-mini-heegeldamiskomplekt-Teddy4.jpg","width":1500,"height":1500,"caption":"Ricorumi mini heegeldamiskomplekt - Teddy"},{"@type":"BreadcrumbList","@id":"https:\/\/www.lilleliis.com\/et\/toode\/teddy-heegeldamiskomplekt-ricorumi\/#breadcrumb","itemListElement":[{"@type":"ListItem","position":1,"name":"Home","item":"https:\/\/www.lilleliis.com\/et\/"},{"@type":"ListItem","position":2,"name":"Pood","item":"https:\/\/www.lilleliis.com\/et\/shop\/"},{"@type":"ListItem","position":3,"name":"Ricorumi mini heegeldamiskomplekt &#8211; Teddy (tr\u00fckitud \u00f5petusega)"}]},{"@type":"WebSite","@id":"https:\/\/www.lilleliis.com\/et\/#website","url":"https:\/\/www.lilleliis.com\/et\/","name":"lilleliis","description":"Amigurumi m\u00e4nguasjad ja mustrid","potentialAction":[{"@type":"SearchAction","target":{"@type":"EntryPoint","urlTemplate":"https:\/\/www.lilleliis.com\/et\/?s={search_term_string}"},"query-input":{"@type":"PropertyValueSpecification","valueRequired":true,"valueName":"search_term_string"}}],"inLanguage":"et"}]}},"_links":{"self":[{"href":"https:\/\/www.lilleliis.com\/et\/wp-json\/wp\/v2\/product\/105062","targetHints":{"allow":["GET"]}}],"collection":[{"href":"https:\/\/www.lilleliis.com\/et\/wp-json\/wp\/v2\/product"}],"about":[{"href":"https:\/\/www.lilleliis.com\/et\/wp-json\/wp\/v2\/types\/product"}],"replies":[{"embeddable":true,"href":"https:\/\/www.lilleliis.com\/et\/wp-json\/wp\/v2\/comments?post=105062"}],"wp:featuredmedia":[{"embeddable":true,"href":"https:\/\/www.lilleliis.com\/et\/wp-json\/wp\/v2\/media\/105069"}],"wp:attachment":[{"href":"https:\/\/www.lilleliis.com\/et\/wp-json\/wp\/v2\/media?parent=105062"}],"wp:term":[{"taxonomy":"product_brand","embeddable":true,"href":"https:\/\/www.lilleliis.com\/et\/wp-json\/wp\/v2\/product_brand?post=105062"},{"taxonomy":"product_cat","embeddable":true,"href":"https:\/\/www.lilleliis.com\/et\/wp-json\/wp\/v2\/product_cat?post=105062"},{"taxonomy":"product_tag","embeddable":true,"href":"https:\/\/www.lilleliis.com\/et\/wp-json\/wp\/v2\/product_tag?post=105062"}],"curies":[{"name":"wp","href":"https:\/\/api.w.org\/{rel}","templated":true}]}}