{"id":105134,"date":"2026-02-25T18:53:34","date_gmt":"2026-02-25T16:53:34","guid":{"rendered":"https:\/\/www.lilleliis.com\/?post_type=product&#038;p=105134"},"modified":"2026-02-25T19:51:11","modified_gmt":"2026-02-25T17:51:11","slug":"heegeldamise-komplekt-elevandi-kaisutekk","status":"publish","type":"product","link":"https:\/\/www.lilleliis.com\/et\/toode\/heegeldamise-komplekt-elevandi-kaisutekk\/","title":{"rendered":"Heegeldamise komplekt &#8211; elevandi kaisutekk beebile (tr\u00fckitud \u00f5petusega)"},"content":{"rendered":"<p data-start=\"227\" data-end=\"459\">Heegeldamise komplekt on tore ja s\u00fcdamlik kingitus nii beebiootel naisele kui ka k\u00e4sit\u00f6\u00f6armastajale. See sobib h\u00e4sti ka algajale heegeldajale, sest k\u00f5ik vajalik on komplektis olemas ning saab rahulikult loomise protsessi juurde asuda.<\/p>\n<p data-start=\"227\" data-end=\"459\">Ise heegeldatud beebi kaisutekk on eriline ja isiklik kingitus, mis j\u00e4\u00e4b lapsele armsaks kaaslaseks.<\/p>\n<p data-start=\"227\" data-end=\"459\"><div class=\"is-divider divider clearfix\" ><\/div>\n<p data-start=\"485\" data-end=\"507\"><strong data-start=\"485\" data-end=\"507\">Komplekt sisaldab:<\/strong><\/p>\n<ul data-start=\"508\" data-end=\"738\">\n<li data-start=\"528\" data-end=\"566\">\n<p data-start=\"530\" data-end=\"566\">3 tokki Ricorumi Nilli Nilli l\u00f5nga<\/p>\n<\/li>\n<li data-start=\"619\" data-end=\"658\">\n<p data-start=\"621\" data-end=\"658\">1 tokk Ricorumi dk puuvillast l\u00f5nga<\/p>\n<\/li>\n<li data-start=\"619\" data-end=\"658\">\n<p data-start=\"621\" data-end=\"658\">lisal\u00f5ngad detailide jaoks<\/p>\n<\/li>\n<li data-start=\"697\" data-end=\"710\">\n<p data-start=\"699\" data-end=\"710\">t\u00e4itematerjal<\/p>\n<\/li>\n<li data-start=\"711\" data-end=\"725\">\n<p data-start=\"713\" data-end=\"725\">heegeln\u00f5el<\/p>\n<\/li>\n<li data-start=\"726\" data-end=\"738\">\n<p data-start=\"728\" data-end=\"738\">\u00f5mblusn\u00f5el<\/p>\n<\/li>\n<li>tr\u00fckitud valmistamisjuhend inglise, saksa, prantsuse ja hollandi keeles<\/li>\n<\/ul>\n<div class=\"is-divider divider clearfix\" ><\/div>\n<ul data-start=\"742\" data-end=\"873\">\n<li data-start=\"763\" data-end=\"796\">\n<p data-start=\"765\" data-end=\"796\">Pakendi m\u00f5\u00f5dud: 11 \u00d7 11 \u00d7 11 cm<\/p>\n<\/li>\n<li data-start=\"763\" data-end=\"796\">Tootja: Rico Design<\/li>\n<li data-start=\"797\" data-end=\"873\">\n<p data-start=\"799\" data-end=\"873\">K\u00f5ik vajalik on komplektis olemas &#8211; eraldi midagi juurde osta ei ole vaja.<\/p>\n<\/li>\n<\/ul>\n","protected":false},"excerpt":{"rendered":"<p data-start=\"182\" data-end=\"416\">Heegeldamise komplekt, mille abil valmib elevandi kaisutekk beebile.<\/p>\n<p data-start=\"182\" data-end=\"416\">Karp sisaldab k\u00f5ike vajalikku, et projektiga kohe alustada, ning kaasas on ka prinditud \u00f5petus neljas keeles (inglise, saksa, prantsuse ja hollandi).<\/p>\n<p data-start=\"418\" data-end=\"624\">Komplektis on kvaliteetsed Ricorumi l\u00f5ngad, mis sobivad suurep\u00e4raselt m\u00e4nguasjade valmistamiseks. Elevandi pea heegeldamiseks on kaasas puuvillane l\u00f5ng ning m\u00fctsi ja kaisuteki jaoks eriti pehme \u0161enill-l\u00f5ng. Lisaks k\u00f5ik muud vajalikud tarvikud.<\/p>\n","protected":false},"featured_media":105140,"comment_status":"open","ping_status":"closed","template":"","meta":[],"product_brand":[1563],"product_cat":[1036],"product_tag":[],"class_list":{"0":"post-105134","1":"product","2":"type-product","3":"status-publish","4":"has-post-thumbnail","6":"product_brand-rico-design","7":"product_cat-kasitookomplekt","9":"first","10":"instock","11":"taxable","12":"shipping-taxable","13":"purchasable","14":"product-type-simple"},"yoast_head":"<!-- This site is optimized with the Yoast SEO plugin v27.3 - https:\/\/yoast.com\/product\/yoast-seo-wordpress\/ -->\n<title>Heegeldamise komplekt - elevandi kaisutekk beebile (Ricorumi)<\/title>\n<meta name=\"description\" content=\"Heegeldamise komplekt, millest valmib elevandi kaisutekk beebile. Komplekt sisaldab l\u00f5ngu, heegeln\u00f5ela, t\u00e4itematerjali ja prinditud \u00f5petust.\" \/>\n<meta name=\"robots\" content=\"index, follow, max-snippet:-1, max-image-preview:large, max-video-preview:-1\" \/>\n<link rel=\"canonical\" href=\"https:\/\/www.lilleliis.com\/et\/toode\/heegeldamise-komplekt-elevandi-kaisutekk\/\" \/>\n<meta property=\"og:locale\" content=\"et_EE\" \/>\n<meta property=\"og:type\" content=\"article\" \/>\n<meta property=\"og:title\" content=\"Heegeldamise komplekt - elevandi kaisutekk beebile (Ricorumi)\" \/>\n<meta property=\"og:description\" content=\"Heegeldamise komplekt, millest valmib elevandi kaisutekk beebile. Komplekt sisaldab l\u00f5ngu, heegeln\u00f5ela, t\u00e4itematerjali ja prinditud \u00f5petust.\" \/>\n<meta property=\"og:url\" content=\"https:\/\/www.lilleliis.com\/et\/toode\/heegeldamise-komplekt-elevandi-kaisutekk\/\" \/>\n<meta property=\"og:site_name\" content=\"lilleliis\" \/>\n<meta property=\"article:publisher\" content=\"https:\/\/www.facebook.com\/lilleliis-283266335035799\/\" \/>\n<meta property=\"article:modified_time\" content=\"2026-02-25T17:51:11+00:00\" \/>\n<meta property=\"og:image\" content=\"https:\/\/www.lilleliis.com\/wp-content\/uploads\/2026\/02\/Heegeldamise-komplekt-elevandi-kaisutekk3.jpg\" \/>\n\t<meta property=\"og:image:width\" content=\"1500\" \/>\n\t<meta property=\"og:image:height\" content=\"1500\" \/>\n\t<meta property=\"og:image:type\" content=\"image\/jpeg\" \/>\n<meta name=\"twitter:card\" content=\"summary_large_image\" \/>\n<meta name=\"twitter:label1\" content=\"Est. reading time\" \/>\n\t<meta name=\"twitter:data1\" content=\"1 minute\" \/>\n<script type=\"application\/ld+json\" class=\"yoast-schema-graph\">{\"@context\":\"https:\\\/\\\/schema.org\",\"@graph\":[{\"@type\":\"WebPage\",\"@id\":\"https:\\\/\\\/www.lilleliis.com\\\/et\\\/toode\\\/heegeldamise-komplekt-elevandi-kaisutekk\\\/\",\"url\":\"https:\\\/\\\/www.lilleliis.com\\\/et\\\/toode\\\/heegeldamise-komplekt-elevandi-kaisutekk\\\/\",\"name\":\"Heegeldamise komplekt - elevandi kaisutekk beebile (Ricorumi)\",\"isPartOf\":{\"@id\":\"https:\\\/\\\/www.lilleliis.com\\\/et\\\/#website\"},\"primaryImageOfPage\":{\"@id\":\"https:\\\/\\\/www.lilleliis.com\\\/et\\\/toode\\\/heegeldamise-komplekt-elevandi-kaisutekk\\\/#primaryimage\"},\"image\":{\"@id\":\"https:\\\/\\\/www.lilleliis.com\\\/et\\\/toode\\\/heegeldamise-komplekt-elevandi-kaisutekk\\\/#primaryimage\"},\"thumbnailUrl\":\"https:\\\/\\\/www.lilleliis.com\\\/wp-content\\\/uploads\\\/2026\\\/02\\\/Heegeldamise-komplekt-elevandi-kaisutekk3.jpg\",\"datePublished\":\"2026-02-25T16:53:34+00:00\",\"dateModified\":\"2026-02-25T17:51:11+00:00\",\"description\":\"Heegeldamise komplekt, millest valmib elevandi kaisutekk beebile. Komplekt sisaldab l\u00f5ngu, heegeln\u00f5ela, t\u00e4itematerjali ja prinditud \u00f5petust.\",\"breadcrumb\":{\"@id\":\"https:\\\/\\\/www.lilleliis.com\\\/et\\\/toode\\\/heegeldamise-komplekt-elevandi-kaisutekk\\\/#breadcrumb\"},\"inLanguage\":\"et\",\"potentialAction\":[{\"@type\":\"ReadAction\",\"target\":[\"https:\\\/\\\/www.lilleliis.com\\\/et\\\/toode\\\/heegeldamise-komplekt-elevandi-kaisutekk\\\/\"]}]},{\"@type\":\"ImageObject\",\"inLanguage\":\"et\",\"@id\":\"https:\\\/\\\/www.lilleliis.com\\\/et\\\/toode\\\/heegeldamise-komplekt-elevandi-kaisutekk\\\/#primaryimage\",\"url\":\"https:\\\/\\\/www.lilleliis.com\\\/wp-content\\\/uploads\\\/2026\\\/02\\\/Heegeldamise-komplekt-elevandi-kaisutekk3.jpg\",\"contentUrl\":\"https:\\\/\\\/www.lilleliis.com\\\/wp-content\\\/uploads\\\/2026\\\/02\\\/Heegeldamise-komplekt-elevandi-kaisutekk3.jpg\",\"width\":1500,\"height\":1500,\"caption\":\"Heegeldamise komplekt elevandi kaisutekk\"},{\"@type\":\"BreadcrumbList\",\"@id\":\"https:\\\/\\\/www.lilleliis.com\\\/et\\\/toode\\\/heegeldamise-komplekt-elevandi-kaisutekk\\\/#breadcrumb\",\"itemListElement\":[{\"@type\":\"ListItem\",\"position\":1,\"name\":\"Home\",\"item\":\"https:\\\/\\\/www.lilleliis.com\\\/et\\\/\"},{\"@type\":\"ListItem\",\"position\":2,\"name\":\"Pood\",\"item\":\"https:\\\/\\\/www.lilleliis.com\\\/et\\\/shop\\\/\"},{\"@type\":\"ListItem\",\"position\":3,\"name\":\"Heegeldamise komplekt &#8211; elevandi kaisutekk beebile (tr\u00fckitud \u00f5petusega)\"}]},{\"@type\":\"WebSite\",\"@id\":\"https:\\\/\\\/www.lilleliis.com\\\/et\\\/#website\",\"url\":\"https:\\\/\\\/www.lilleliis.com\\\/et\\\/\",\"name\":\"lilleliis\",\"description\":\"Amigurumi m\u00e4nguasjad ja mustrid\",\"potentialAction\":[{\"@type\":\"SearchAction\",\"target\":{\"@type\":\"EntryPoint\",\"urlTemplate\":\"https:\\\/\\\/www.lilleliis.com\\\/et\\\/?s={search_term_string}\"},\"query-input\":{\"@type\":\"PropertyValueSpecification\",\"valueRequired\":true,\"valueName\":\"search_term_string\"}}],\"inLanguage\":\"et\"}]}<\/script>\n<!-- \/ Yoast SEO plugin. -->","yoast_head_json":{"title":"Heegeldamise komplekt - elevandi kaisutekk beebile (Ricorumi)","description":"Heegeldamise komplekt, millest valmib elevandi kaisutekk beebile. Komplekt sisaldab l\u00f5ngu, heegeln\u00f5ela, t\u00e4itematerjali ja prinditud \u00f5petust.","robots":{"index":"index","follow":"follow","max-snippet":"max-snippet:-1","max-image-preview":"max-image-preview:large","max-video-preview":"max-video-preview:-1"},"canonical":"https:\/\/www.lilleliis.com\/et\/toode\/heegeldamise-komplekt-elevandi-kaisutekk\/","og_locale":"et_EE","og_type":"article","og_title":"Heegeldamise komplekt - elevandi kaisutekk beebile (Ricorumi)","og_description":"Heegeldamise komplekt, millest valmib elevandi kaisutekk beebile. Komplekt sisaldab l\u00f5ngu, heegeln\u00f5ela, t\u00e4itematerjali ja prinditud \u00f5petust.","og_url":"https:\/\/www.lilleliis.com\/et\/toode\/heegeldamise-komplekt-elevandi-kaisutekk\/","og_site_name":"lilleliis","article_publisher":"https:\/\/www.facebook.com\/lilleliis-283266335035799\/","article_modified_time":"2026-02-25T17:51:11+00:00","og_image":[{"width":1500,"height":1500,"url":"https:\/\/www.lilleliis.com\/wp-content\/uploads\/2026\/02\/Heegeldamise-komplekt-elevandi-kaisutekk3.jpg","type":"image\/jpeg"}],"twitter_card":"summary_large_image","twitter_misc":{"Est. reading time":"1 minute"},"schema":{"@context":"https:\/\/schema.org","@graph":[{"@type":"WebPage","@id":"https:\/\/www.lilleliis.com\/et\/toode\/heegeldamise-komplekt-elevandi-kaisutekk\/","url":"https:\/\/www.lilleliis.com\/et\/toode\/heegeldamise-komplekt-elevandi-kaisutekk\/","name":"Heegeldamise komplekt - elevandi kaisutekk beebile (Ricorumi)","isPartOf":{"@id":"https:\/\/www.lilleliis.com\/et\/#website"},"primaryImageOfPage":{"@id":"https:\/\/www.lilleliis.com\/et\/toode\/heegeldamise-komplekt-elevandi-kaisutekk\/#primaryimage"},"image":{"@id":"https:\/\/www.lilleliis.com\/et\/toode\/heegeldamise-komplekt-elevandi-kaisutekk\/#primaryimage"},"thumbnailUrl":"https:\/\/www.lilleliis.com\/wp-content\/uploads\/2026\/02\/Heegeldamise-komplekt-elevandi-kaisutekk3.jpg","datePublished":"2026-02-25T16:53:34+00:00","dateModified":"2026-02-25T17:51:11+00:00","description":"Heegeldamise komplekt, millest valmib elevandi kaisutekk beebile. Komplekt sisaldab l\u00f5ngu, heegeln\u00f5ela, t\u00e4itematerjali ja prinditud \u00f5petust.","breadcrumb":{"@id":"https:\/\/www.lilleliis.com\/et\/toode\/heegeldamise-komplekt-elevandi-kaisutekk\/#breadcrumb"},"inLanguage":"et","potentialAction":[{"@type":"ReadAction","target":["https:\/\/www.lilleliis.com\/et\/toode\/heegeldamise-komplekt-elevandi-kaisutekk\/"]}]},{"@type":"ImageObject","inLanguage":"et","@id":"https:\/\/www.lilleliis.com\/et\/toode\/heegeldamise-komplekt-elevandi-kaisutekk\/#primaryimage","url":"https:\/\/www.lilleliis.com\/wp-content\/uploads\/2026\/02\/Heegeldamise-komplekt-elevandi-kaisutekk3.jpg","contentUrl":"https:\/\/www.lilleliis.com\/wp-content\/uploads\/2026\/02\/Heegeldamise-komplekt-elevandi-kaisutekk3.jpg","width":1500,"height":1500,"caption":"Heegeldamise komplekt elevandi kaisutekk"},{"@type":"BreadcrumbList","@id":"https:\/\/www.lilleliis.com\/et\/toode\/heegeldamise-komplekt-elevandi-kaisutekk\/#breadcrumb","itemListElement":[{"@type":"ListItem","position":1,"name":"Home","item":"https:\/\/www.lilleliis.com\/et\/"},{"@type":"ListItem","position":2,"name":"Pood","item":"https:\/\/www.lilleliis.com\/et\/shop\/"},{"@type":"ListItem","position":3,"name":"Heegeldamise komplekt &#8211; elevandi kaisutekk beebile (tr\u00fckitud \u00f5petusega)"}]},{"@type":"WebSite","@id":"https:\/\/www.lilleliis.com\/et\/#website","url":"https:\/\/www.lilleliis.com\/et\/","name":"lilleliis","description":"Amigurumi m\u00e4nguasjad ja mustrid","potentialAction":[{"@type":"SearchAction","target":{"@type":"EntryPoint","urlTemplate":"https:\/\/www.lilleliis.com\/et\/?s={search_term_string}"},"query-input":{"@type":"PropertyValueSpecification","valueRequired":true,"valueName":"search_term_string"}}],"inLanguage":"et"}]}},"_links":{"self":[{"href":"https:\/\/www.lilleliis.com\/et\/wp-json\/wp\/v2\/product\/105134","targetHints":{"allow":["GET"]}}],"collection":[{"href":"https:\/\/www.lilleliis.com\/et\/wp-json\/wp\/v2\/product"}],"about":[{"href":"https:\/\/www.lilleliis.com\/et\/wp-json\/wp\/v2\/types\/product"}],"replies":[{"embeddable":true,"href":"https:\/\/www.lilleliis.com\/et\/wp-json\/wp\/v2\/comments?post=105134"}],"wp:featuredmedia":[{"embeddable":true,"href":"https:\/\/www.lilleliis.com\/et\/wp-json\/wp\/v2\/media\/105140"}],"wp:attachment":[{"href":"https:\/\/www.lilleliis.com\/et\/wp-json\/wp\/v2\/media?parent=105134"}],"wp:term":[{"taxonomy":"product_brand","embeddable":true,"href":"https:\/\/www.lilleliis.com\/et\/wp-json\/wp\/v2\/product_brand?post=105134"},{"taxonomy":"product_cat","embeddable":true,"href":"https:\/\/www.lilleliis.com\/et\/wp-json\/wp\/v2\/product_cat?post=105134"},{"taxonomy":"product_tag","embeddable":true,"href":"https:\/\/www.lilleliis.com\/et\/wp-json\/wp\/v2\/product_tag?post=105134"}],"curies":[{"name":"wp","href":"https:\/\/api.w.org\/{rel}","templated":true}]}}