{"id":105312,"date":"2026-03-08T17:31:33","date_gmt":"2026-03-08T15:31:33","guid":{"rendered":"https:\/\/www.lilleliis.com\/?post_type=product&#038;p=105312"},"modified":"2026-04-06T12:15:57","modified_gmt":"2026-04-06T09:15:57","slug":"turvasilmade-komplekt","status":"publish","type":"product","link":"https:\/\/www.lilleliis.com\/et\/toode\/turvasilmade-komplekt\/","title":{"rendered":"Turvasilmade komplekt amigurumile (15 paari) &#8211; Little Box Of Magic"},"content":{"rendered":"<p data-start=\"209\" data-end=\"270\"><strong data-start=\"209\" data-end=\"270\">Little Box Of Magic &#8211; v\u00e4ike karp t\u00e4is amigurumi maagiat \u2728<\/strong><\/p>\n<p data-start=\"272\" data-end=\"585\">Turvasilmad sobivad suurep\u00e4raselt amigurumi loomade, nukkude ja teiste pehmete m\u00e4nguasjade valmistamiseks.<\/p>\n<p data-start=\"272\" data-end=\"585\">Little Box Of Magic turvasilmade komplekt sisaldab valikut erineva suurusega kvaliteetseid turvasilmi ilusas kinkekarbis &#8211; sobib nii enda k\u00e4sit\u00f6\u00f6lauale kui ka kingituseks tuttavale m\u00e4nguasjameistrile v\u00f5i s\u00f5brale.<\/p>\n<p data-start=\"587\" data-end=\"626\">Komplekt sisaldab musti turvasilmi suurustes:<\/p>\n<p data-start=\"628\" data-end=\"697\">6 mm &#8211; 5 paari<br data-start=\"642\" data-end=\"645\" \/>8 mm &#8211; 5 paari<br data-start=\"659\" data-end=\"662\" \/>10 mm &#8211; 3 paari<br data-start=\"677\" data-end=\"680\" \/>12 mm &#8211; 2 paari<\/p>\n<p data-start=\"699\" data-end=\"781\">Kokku <strong data-start=\"705\" data-end=\"728\">15 paari turvasilmi<\/strong>, pakitud v\u00e4ikesesse Little Box Of Magic metallkarpi.<\/p>\n","protected":false},"excerpt":{"rendered":"<p>Little Box Of Magic turvasilmade komplekt sisaldab 15 paari turvasilmi k\u00f5ige levinumates suurustes &#8211; 6, 8, 10 ja 12 mm.<\/p>\n<p>Ideaalne amigurumi loomade ja nukkude valmistamiseks ning armas kingiidee k\u00e4sit\u00f6\u00f6armastajale.<\/p>\n","protected":false},"featured_media":105313,"comment_status":"open","ping_status":"closed","template":"","meta":[],"product_brand":[1580],"product_cat":[1720,429,562],"product_tag":[1722],"class_list":{"0":"post-105312","1":"product","2":"type-product","3":"status-publish","4":"has-post-thumbnail","6":"product_brand-lilleliis","7":"product_cat-little-box-of-magic","8":"product_cat-kasitoo-tarvikud","9":"product_cat-turvasilmad","10":"product_tag-kingitus-kasitooarmastajale","12":"first","13":"instock","14":"taxable","15":"shipping-taxable","16":"purchasable","17":"product-type-simple"},"yoast_head":"<!-- This site is optimized with the Yoast SEO plugin v27.3 - https:\/\/yoast.com\/product\/yoast-seo-wordpress\/ -->\n<title>Turvasilmade komplekt amigurumile (15 paari) - Little Box Of Magic | lilleliis<\/title>\n<meta name=\"description\" content=\"Turvasilmade komplekt amigurumi loomade ja nukkude jaoks. 15 paari turvasilmi suurustes 6-12 mm, pakitud Little Box Of Magic metallkarpi.\" \/>\n<meta name=\"robots\" content=\"index, follow, max-snippet:-1, max-image-preview:large, max-video-preview:-1\" \/>\n<link rel=\"canonical\" href=\"https:\/\/www.lilleliis.com\/et\/toode\/turvasilmade-komplekt\/\" \/>\n<meta property=\"og:locale\" content=\"et_EE\" \/>\n<meta property=\"og:type\" content=\"article\" \/>\n<meta property=\"og:title\" content=\"Turvasilmade komplekt amigurumile (15 paari) - Little Box Of Magic | lilleliis\" \/>\n<meta property=\"og:description\" content=\"Turvasilmade komplekt amigurumi loomade ja nukkude jaoks. 15 paari turvasilmi suurustes 6-12 mm, pakitud Little Box Of Magic metallkarpi.\" \/>\n<meta property=\"og:url\" content=\"https:\/\/www.lilleliis.com\/et\/toode\/turvasilmade-komplekt\/\" \/>\n<meta property=\"og:site_name\" content=\"lilleliis\" \/>\n<meta property=\"article:publisher\" content=\"https:\/\/www.facebook.com\/lilleliis-283266335035799\/\" \/>\n<meta property=\"article:modified_time\" content=\"2026-04-06T09:15:57+00:00\" \/>\n<meta property=\"og:image\" content=\"https:\/\/www.lilleliis.com\/wp-content\/uploads\/2026\/03\/turvasilmade-komplekt-karbis.jpg\" \/>\n\t<meta property=\"og:image:width\" content=\"1000\" \/>\n\t<meta property=\"og:image:height\" content=\"1500\" \/>\n\t<meta property=\"og:image:type\" content=\"image\/jpeg\" \/>\n<meta name=\"twitter:card\" content=\"summary_large_image\" \/>\n<meta name=\"twitter:label1\" content=\"Est. reading time\" \/>\n\t<meta name=\"twitter:data1\" content=\"1 minute\" \/>\n<script type=\"application\/ld+json\" class=\"yoast-schema-graph\">{\"@context\":\"https:\\\/\\\/schema.org\",\"@graph\":[{\"@type\":\"WebPage\",\"@id\":\"https:\\\/\\\/www.lilleliis.com\\\/et\\\/toode\\\/turvasilmade-komplekt\\\/\",\"url\":\"https:\\\/\\\/www.lilleliis.com\\\/et\\\/toode\\\/turvasilmade-komplekt\\\/\",\"name\":\"Turvasilmade komplekt amigurumile (15 paari) - Little Box Of Magic | lilleliis\",\"isPartOf\":{\"@id\":\"https:\\\/\\\/www.lilleliis.com\\\/et\\\/#website\"},\"primaryImageOfPage\":{\"@id\":\"https:\\\/\\\/www.lilleliis.com\\\/et\\\/toode\\\/turvasilmade-komplekt\\\/#primaryimage\"},\"image\":{\"@id\":\"https:\\\/\\\/www.lilleliis.com\\\/et\\\/toode\\\/turvasilmade-komplekt\\\/#primaryimage\"},\"thumbnailUrl\":\"https:\\\/\\\/www.lilleliis.com\\\/wp-content\\\/uploads\\\/2026\\\/03\\\/turvasilmade-komplekt-karbis.jpg\",\"datePublished\":\"2026-03-08T15:31:33+00:00\",\"dateModified\":\"2026-04-06T09:15:57+00:00\",\"description\":\"Turvasilmade komplekt amigurumi loomade ja nukkude jaoks. 15 paari turvasilmi suurustes 6-12 mm, pakitud Little Box Of Magic metallkarpi.\",\"breadcrumb\":{\"@id\":\"https:\\\/\\\/www.lilleliis.com\\\/et\\\/toode\\\/turvasilmade-komplekt\\\/#breadcrumb\"},\"inLanguage\":\"et\",\"potentialAction\":[{\"@type\":\"ReadAction\",\"target\":[\"https:\\\/\\\/www.lilleliis.com\\\/et\\\/toode\\\/turvasilmade-komplekt\\\/\"]}]},{\"@type\":\"ImageObject\",\"inLanguage\":\"et\",\"@id\":\"https:\\\/\\\/www.lilleliis.com\\\/et\\\/toode\\\/turvasilmade-komplekt\\\/#primaryimage\",\"url\":\"https:\\\/\\\/www.lilleliis.com\\\/wp-content\\\/uploads\\\/2026\\\/03\\\/turvasilmade-komplekt-karbis.jpg\",\"contentUrl\":\"https:\\\/\\\/www.lilleliis.com\\\/wp-content\\\/uploads\\\/2026\\\/03\\\/turvasilmade-komplekt-karbis.jpg\",\"width\":1000,\"height\":1500,\"caption\":\"turvasilmade komplekt karbis\"},{\"@type\":\"BreadcrumbList\",\"@id\":\"https:\\\/\\\/www.lilleliis.com\\\/et\\\/toode\\\/turvasilmade-komplekt\\\/#breadcrumb\",\"itemListElement\":[{\"@type\":\"ListItem\",\"position\":1,\"name\":\"Home\",\"item\":\"https:\\\/\\\/www.lilleliis.com\\\/et\\\/\"},{\"@type\":\"ListItem\",\"position\":2,\"name\":\"Pood\",\"item\":\"https:\\\/\\\/www.lilleliis.com\\\/et\\\/shop\\\/\"},{\"@type\":\"ListItem\",\"position\":3,\"name\":\"Turvasilmade komplekt amigurumile (15 paari) &#8211; Little Box Of Magic\"}]},{\"@type\":\"WebSite\",\"@id\":\"https:\\\/\\\/www.lilleliis.com\\\/et\\\/#website\",\"url\":\"https:\\\/\\\/www.lilleliis.com\\\/et\\\/\",\"name\":\"lilleliis\",\"description\":\"Amigurumi m\u00e4nguasjad ja mustrid\",\"potentialAction\":[{\"@type\":\"SearchAction\",\"target\":{\"@type\":\"EntryPoint\",\"urlTemplate\":\"https:\\\/\\\/www.lilleliis.com\\\/et\\\/?s={search_term_string}\"},\"query-input\":{\"@type\":\"PropertyValueSpecification\",\"valueRequired\":true,\"valueName\":\"search_term_string\"}}],\"inLanguage\":\"et\"}]}<\/script>\n<!-- \/ Yoast SEO plugin. -->","yoast_head_json":{"title":"Turvasilmade komplekt amigurumile (15 paari) - Little Box Of Magic | lilleliis","description":"Turvasilmade komplekt amigurumi loomade ja nukkude jaoks. 15 paari turvasilmi suurustes 6-12 mm, pakitud Little Box Of Magic metallkarpi.","robots":{"index":"index","follow":"follow","max-snippet":"max-snippet:-1","max-image-preview":"max-image-preview:large","max-video-preview":"max-video-preview:-1"},"canonical":"https:\/\/www.lilleliis.com\/et\/toode\/turvasilmade-komplekt\/","og_locale":"et_EE","og_type":"article","og_title":"Turvasilmade komplekt amigurumile (15 paari) - Little Box Of Magic | lilleliis","og_description":"Turvasilmade komplekt amigurumi loomade ja nukkude jaoks. 15 paari turvasilmi suurustes 6-12 mm, pakitud Little Box Of Magic metallkarpi.","og_url":"https:\/\/www.lilleliis.com\/et\/toode\/turvasilmade-komplekt\/","og_site_name":"lilleliis","article_publisher":"https:\/\/www.facebook.com\/lilleliis-283266335035799\/","article_modified_time":"2026-04-06T09:15:57+00:00","og_image":[{"width":1000,"height":1500,"url":"https:\/\/www.lilleliis.com\/wp-content\/uploads\/2026\/03\/turvasilmade-komplekt-karbis.jpg","type":"image\/jpeg"}],"twitter_card":"summary_large_image","twitter_misc":{"Est. reading time":"1 minute"},"schema":{"@context":"https:\/\/schema.org","@graph":[{"@type":"WebPage","@id":"https:\/\/www.lilleliis.com\/et\/toode\/turvasilmade-komplekt\/","url":"https:\/\/www.lilleliis.com\/et\/toode\/turvasilmade-komplekt\/","name":"Turvasilmade komplekt amigurumile (15 paari) - Little Box Of Magic | lilleliis","isPartOf":{"@id":"https:\/\/www.lilleliis.com\/et\/#website"},"primaryImageOfPage":{"@id":"https:\/\/www.lilleliis.com\/et\/toode\/turvasilmade-komplekt\/#primaryimage"},"image":{"@id":"https:\/\/www.lilleliis.com\/et\/toode\/turvasilmade-komplekt\/#primaryimage"},"thumbnailUrl":"https:\/\/www.lilleliis.com\/wp-content\/uploads\/2026\/03\/turvasilmade-komplekt-karbis.jpg","datePublished":"2026-03-08T15:31:33+00:00","dateModified":"2026-04-06T09:15:57+00:00","description":"Turvasilmade komplekt amigurumi loomade ja nukkude jaoks. 15 paari turvasilmi suurustes 6-12 mm, pakitud Little Box Of Magic metallkarpi.","breadcrumb":{"@id":"https:\/\/www.lilleliis.com\/et\/toode\/turvasilmade-komplekt\/#breadcrumb"},"inLanguage":"et","potentialAction":[{"@type":"ReadAction","target":["https:\/\/www.lilleliis.com\/et\/toode\/turvasilmade-komplekt\/"]}]},{"@type":"ImageObject","inLanguage":"et","@id":"https:\/\/www.lilleliis.com\/et\/toode\/turvasilmade-komplekt\/#primaryimage","url":"https:\/\/www.lilleliis.com\/wp-content\/uploads\/2026\/03\/turvasilmade-komplekt-karbis.jpg","contentUrl":"https:\/\/www.lilleliis.com\/wp-content\/uploads\/2026\/03\/turvasilmade-komplekt-karbis.jpg","width":1000,"height":1500,"caption":"turvasilmade komplekt karbis"},{"@type":"BreadcrumbList","@id":"https:\/\/www.lilleliis.com\/et\/toode\/turvasilmade-komplekt\/#breadcrumb","itemListElement":[{"@type":"ListItem","position":1,"name":"Home","item":"https:\/\/www.lilleliis.com\/et\/"},{"@type":"ListItem","position":2,"name":"Pood","item":"https:\/\/www.lilleliis.com\/et\/shop\/"},{"@type":"ListItem","position":3,"name":"Turvasilmade komplekt amigurumile (15 paari) &#8211; Little Box Of Magic"}]},{"@type":"WebSite","@id":"https:\/\/www.lilleliis.com\/et\/#website","url":"https:\/\/www.lilleliis.com\/et\/","name":"lilleliis","description":"Amigurumi m\u00e4nguasjad ja mustrid","potentialAction":[{"@type":"SearchAction","target":{"@type":"EntryPoint","urlTemplate":"https:\/\/www.lilleliis.com\/et\/?s={search_term_string}"},"query-input":{"@type":"PropertyValueSpecification","valueRequired":true,"valueName":"search_term_string"}}],"inLanguage":"et"}]}},"_links":{"self":[{"href":"https:\/\/www.lilleliis.com\/et\/wp-json\/wp\/v2\/product\/105312","targetHints":{"allow":["GET"]}}],"collection":[{"href":"https:\/\/www.lilleliis.com\/et\/wp-json\/wp\/v2\/product"}],"about":[{"href":"https:\/\/www.lilleliis.com\/et\/wp-json\/wp\/v2\/types\/product"}],"replies":[{"embeddable":true,"href":"https:\/\/www.lilleliis.com\/et\/wp-json\/wp\/v2\/comments?post=105312"}],"wp:featuredmedia":[{"embeddable":true,"href":"https:\/\/www.lilleliis.com\/et\/wp-json\/wp\/v2\/media\/105313"}],"wp:attachment":[{"href":"https:\/\/www.lilleliis.com\/et\/wp-json\/wp\/v2\/media?parent=105312"}],"wp:term":[{"taxonomy":"product_brand","embeddable":true,"href":"https:\/\/www.lilleliis.com\/et\/wp-json\/wp\/v2\/product_brand?post=105312"},{"taxonomy":"product_cat","embeddable":true,"href":"https:\/\/www.lilleliis.com\/et\/wp-json\/wp\/v2\/product_cat?post=105312"},{"taxonomy":"product_tag","embeddable":true,"href":"https:\/\/www.lilleliis.com\/et\/wp-json\/wp\/v2\/product_tag?post=105312"}],"curies":[{"name":"wp","href":"https:\/\/api.w.org\/{rel}","templated":true}]}}