{"id":105320,"date":"2026-03-08T20:06:12","date_gmt":"2026-03-08T18:06:12","guid":{"rendered":"https:\/\/www.lilleliis.com\/?post_type=product&#038;p=105320"},"modified":"2026-04-06T12:17:25","modified_gmt":"2026-04-06T09:17:25","slug":"amigurumi-kasitoopinal","status":"publish","type":"product","link":"https:\/\/www.lilleliis.com\/et\/toode\/amigurumi-kasitoopinal\/","title":{"rendered":"Amigurumi k\u00e4sit\u00f6\u00f6pinal n\u00f5elte ja silmusem\u00e4rkijatega &#8211; Little Box Of Magic"},"content":{"rendered":"<p data-start=\"129\" data-end=\"188\"><strong data-start=\"129\" data-end=\"188\">Little Box Of Magic &#8211; v\u00e4ike pinal t\u00e4is k\u00e4sit\u00f6\u00f6maagiat \u2728<\/strong><\/p>\n<p data-start=\"190\" data-end=\"407\">Amigurumi k\u00e4sit\u00f6\u00f6pinal on loodud selleks, et k\u00f5ik v\u00e4ikesed vajalikud t\u00f6\u00f6vahendid oleksid k\u00e4eulatuses. Kui n\u00f5elad ja silmusem\u00e4rkijad on kenasti \u00fches kohas, on lihtsam keskenduda k\u00f5ige olulisemale &#8211; loomisele.<\/p>\n<p data-start=\"190\" data-end=\"407\">Selline pinal on olnud juba aastaid ka minu enda k\u00e4sit\u00f6\u00f6laual. Kui vana v\u00e4sis ja kaas k\u00fcljest murdus, ostsin endale samasuguse uue. Sest see lihtsalt ongi nii hea! Ka pinalis olev n\u00f5elte valik on kujunenud aastate jooksul &#8211; just selliseid n\u00f5elu kasutan oma igap\u00e4evases t\u00f6\u00f6s m\u00e4nguasju heegeldades.<\/p>\n<p data-start=\"409\" data-end=\"483\">Karp sisaldab k\u00f5iki m\u00e4nguasjade valmistamiseks sobivaid n\u00f5elu, mille valikul olen tuginenud oma pikaajalisele kogemusele. Siit leiad:<\/p>\n<ul data-start=\"485\" data-end=\"890\">\n<li data-section-id=\"1ymfu72\" data-start=\"485\" data-end=\"606\">\n<p data-start=\"487\" data-end=\"606\"><strong data-start=\"487\" data-end=\"526\">t\u00f6mbi otsaga sukan\u00f5elad (3 suurust)<\/strong>, millega on hea peamisi detaile kokku \u00f5mmelda ja l\u00f5ngasabasid t\u00f6\u00f6 sisse peita<\/p>\n<\/li>\n<li data-section-id=\"1aycqs0\" data-start=\"607\" data-end=\"731\">\n<p data-start=\"609\" data-end=\"731\"><strong data-start=\"609\" data-end=\"648\">terava otsaga sukan\u00f5elu (3 suurust)<\/strong>, millel on mugavalt suur silm ja mis on abiks seal, kus t\u00f6mp n\u00f5el hakkama ei saa<\/p>\n<\/li>\n<li data-section-id=\"1ldok0j\" data-start=\"732\" data-end=\"825\">\n<p data-start=\"734\" data-end=\"825\"><strong data-start=\"734\" data-end=\"759\">pikki nukun\u00f5elu (3 suurust)<\/strong> n\u00e4o tikkimiseks ning l\u00e4bi kogu t\u00f6\u00f6 ulatuvate pistete tegemiseks<\/p>\n<\/li>\n<li data-section-id=\"h82h0k\" data-start=\"826\" data-end=\"890\">\n<p data-start=\"828\" data-end=\"890\"><strong data-start=\"828\" data-end=\"845\">tikkimisn\u00f5elu (3 suurust)<\/strong> peenemateks ja t\u00e4psemateks tikkimist\u00f6\u00f6deks<\/p>\n<\/li>\n<\/ul>\n<p data-start=\"892\" data-end=\"997\">Lisaks sisaldab k\u00e4sit\u00f6\u00f6pinal <strong data-start=\"921\" data-end=\"943\">10 silmusem\u00e4rkijat<\/strong>, mis on v\u00e4ga vajalikud abimehed t\u00f6\u00f6l j\u00e4rjepidamiseks.<\/p>\n<p data-start=\"999\" data-end=\"1193\">Pinal on magnetkinnitusega, millel on ka \u00fcks v\u00e4ike lisav\u00f5ime &#8211; magneti k\u00fclge saab n\u00f5elu ajutiselt kinnitada. T\u00f6\u00f6 k\u00e4igus on mugav panna sinna need n\u00f5elad, mida parasjagu k\u00f5ige rohkem kasutad.<\/p>\n<p data-start=\"1195\" data-end=\"1343\">Pinal on paraja suurusega ning sinna mahuvad lisaks n\u00f5eltele ja silmusem\u00e4rkijatele ka v\u00e4ikesed k\u00e4sit\u00f6\u00f6k\u00e4\u00e4rid, heegeln\u00f5elad ja muud pisitarvikud.<\/p>\n<p data-start=\"1345\" data-end=\"1469\">See on praktiline abiline nii algajale kui ka kogenud heegeldajale ning sobib armsaks kingituseks k\u00e4sit\u00f6\u00f6armastajale.<\/p>\n<p data-start=\"1345\" data-end=\"1469\"><div class=\"is-divider divider clearfix\" ><\/div>\n<p data-start=\"645\" data-end=\"784\">Suurus: 6 x 21 x 2,5 cm<\/p>\n<p data-start=\"645\" data-end=\"784\">Karp on kartongist ja kinnitub magnetiga.<\/p>\n","protected":false},"excerpt":{"rendered":"<p data-start=\"219\" data-end=\"408\">Amigurumi k\u00e4sit\u00f6\u00f6pinal hoiab k\u00f5ik m\u00e4nguasjade valmistamiseks vajalikud t\u00f6\u00f6vahendid \u00fches kohas. Magnetkinnitusega pinal, 12 spetsiaalselt m\u00e4nguasjade valmistamiseks valitud n\u00f5ela ja 10 silmusem\u00e4rkijat &#8211; k\u00f5ik vajalik \u00fches Little Box Of Magic k\u00e4sit\u00f6\u00f6pinalis.<\/p>\n<p data-start=\"219\" data-end=\"408\">Praktiline abiline m\u00e4nguasjade heegeldamisel ja armas kingiidee k\u00e4sit\u00f6\u00f6armastajale.<\/p>\n","protected":false},"featured_media":105321,"comment_status":"open","ping_status":"closed","template":"","meta":[],"product_brand":[1580],"product_cat":[982,1720,429],"product_tag":[1722,1586],"class_list":{"0":"post-105320","1":"product","2":"type-product","3":"status-publish","4":"has-post-thumbnail","6":"product_brand-lilleliis","7":"product_cat-heegelnoelad-ja-noelad","8":"product_cat-little-box-of-magic","9":"product_cat-kasitoo-tarvikud","10":"product_tag-kingitus-kasitooarmastajale","11":"product_tag-noelad","13":"first","14":"instock","15":"taxable","16":"shipping-taxable","17":"purchasable","18":"product-type-simple"},"yoast_head":"<!-- This site is optimized with the Yoast SEO plugin v27.3 - https:\/\/yoast.com\/product\/yoast-seo-wordpress\/ -->\n<title>Amigurumi k\u00e4sit\u00f6\u00f6pinal heegeldajale - Little Box Of Magic | lilleliis<\/title>\n<meta name=\"description\" content=\"Amigurumi k\u00e4sit\u00f6\u00f6pinal n\u00f5elte ja silmusem\u00e4rkijatega. V\u00e4ike, kuid v\u00e4ga praktiline abiline heegeldajale ning tore kingiidee k\u00e4sit\u00f6\u00f6armastajale.\" \/>\n<meta name=\"robots\" content=\"index, follow, max-snippet:-1, max-image-preview:large, max-video-preview:-1\" \/>\n<link rel=\"canonical\" href=\"https:\/\/www.lilleliis.com\/et\/toode\/amigurumi-kasitoopinal\/\" \/>\n<meta property=\"og:locale\" content=\"et_EE\" \/>\n<meta property=\"og:type\" content=\"article\" \/>\n<meta property=\"og:title\" content=\"Amigurumi k\u00e4sit\u00f6\u00f6pinal heegeldajale - Little Box Of Magic | lilleliis\" \/>\n<meta property=\"og:description\" content=\"Amigurumi k\u00e4sit\u00f6\u00f6pinal n\u00f5elte ja silmusem\u00e4rkijatega. V\u00e4ike, kuid v\u00e4ga praktiline abiline heegeldajale ning tore kingiidee k\u00e4sit\u00f6\u00f6armastajale.\" \/>\n<meta property=\"og:url\" content=\"https:\/\/www.lilleliis.com\/et\/toode\/amigurumi-kasitoopinal\/\" \/>\n<meta property=\"og:site_name\" content=\"lilleliis\" \/>\n<meta property=\"article:publisher\" content=\"https:\/\/www.facebook.com\/lilleliis-283266335035799\/\" \/>\n<meta property=\"article:modified_time\" content=\"2026-04-06T09:17:25+00:00\" \/>\n<meta property=\"og:image\" content=\"https:\/\/www.lilleliis.com\/wp-content\/uploads\/2026\/03\/Amigurumi-kasitoopinal-little-box-of-magic.jpg\" \/>\n\t<meta property=\"og:image:width\" content=\"1000\" \/>\n\t<meta property=\"og:image:height\" content=\"1500\" \/>\n\t<meta property=\"og:image:type\" content=\"image\/jpeg\" \/>\n<meta name=\"twitter:card\" content=\"summary_large_image\" \/>\n<meta name=\"twitter:label1\" content=\"Est. reading time\" \/>\n\t<meta name=\"twitter:data1\" content=\"2 minutes\" \/>\n<script type=\"application\/ld+json\" class=\"yoast-schema-graph\">{\"@context\":\"https:\\\/\\\/schema.org\",\"@graph\":[{\"@type\":\"WebPage\",\"@id\":\"https:\\\/\\\/www.lilleliis.com\\\/et\\\/toode\\\/amigurumi-kasitoopinal\\\/\",\"url\":\"https:\\\/\\\/www.lilleliis.com\\\/et\\\/toode\\\/amigurumi-kasitoopinal\\\/\",\"name\":\"Amigurumi k\u00e4sit\u00f6\u00f6pinal heegeldajale - Little Box Of Magic | lilleliis\",\"isPartOf\":{\"@id\":\"https:\\\/\\\/www.lilleliis.com\\\/et\\\/#website\"},\"primaryImageOfPage\":{\"@id\":\"https:\\\/\\\/www.lilleliis.com\\\/et\\\/toode\\\/amigurumi-kasitoopinal\\\/#primaryimage\"},\"image\":{\"@id\":\"https:\\\/\\\/www.lilleliis.com\\\/et\\\/toode\\\/amigurumi-kasitoopinal\\\/#primaryimage\"},\"thumbnailUrl\":\"https:\\\/\\\/www.lilleliis.com\\\/wp-content\\\/uploads\\\/2026\\\/03\\\/Amigurumi-kasitoopinal-little-box-of-magic.jpg\",\"datePublished\":\"2026-03-08T18:06:12+00:00\",\"dateModified\":\"2026-04-06T09:17:25+00:00\",\"description\":\"Amigurumi k\u00e4sit\u00f6\u00f6pinal n\u00f5elte ja silmusem\u00e4rkijatega. V\u00e4ike, kuid v\u00e4ga praktiline abiline heegeldajale ning tore kingiidee k\u00e4sit\u00f6\u00f6armastajale.\",\"breadcrumb\":{\"@id\":\"https:\\\/\\\/www.lilleliis.com\\\/et\\\/toode\\\/amigurumi-kasitoopinal\\\/#breadcrumb\"},\"inLanguage\":\"et\",\"potentialAction\":[{\"@type\":\"ReadAction\",\"target\":[\"https:\\\/\\\/www.lilleliis.com\\\/et\\\/toode\\\/amigurumi-kasitoopinal\\\/\"]}]},{\"@type\":\"ImageObject\",\"inLanguage\":\"et\",\"@id\":\"https:\\\/\\\/www.lilleliis.com\\\/et\\\/toode\\\/amigurumi-kasitoopinal\\\/#primaryimage\",\"url\":\"https:\\\/\\\/www.lilleliis.com\\\/wp-content\\\/uploads\\\/2026\\\/03\\\/Amigurumi-kasitoopinal-little-box-of-magic.jpg\",\"contentUrl\":\"https:\\\/\\\/www.lilleliis.com\\\/wp-content\\\/uploads\\\/2026\\\/03\\\/Amigurumi-kasitoopinal-little-box-of-magic.jpg\",\"width\":1000,\"height\":1500,\"caption\":\"Amigurumi k\u00e4sit\u00f6\u00f6pinal little box of magic\"},{\"@type\":\"BreadcrumbList\",\"@id\":\"https:\\\/\\\/www.lilleliis.com\\\/et\\\/toode\\\/amigurumi-kasitoopinal\\\/#breadcrumb\",\"itemListElement\":[{\"@type\":\"ListItem\",\"position\":1,\"name\":\"Home\",\"item\":\"https:\\\/\\\/www.lilleliis.com\\\/et\\\/\"},{\"@type\":\"ListItem\",\"position\":2,\"name\":\"Pood\",\"item\":\"https:\\\/\\\/www.lilleliis.com\\\/et\\\/shop\\\/\"},{\"@type\":\"ListItem\",\"position\":3,\"name\":\"Amigurumi k\u00e4sit\u00f6\u00f6pinal n\u00f5elte ja silmusem\u00e4rkijatega &#8211; Little Box Of Magic\"}]},{\"@type\":\"WebSite\",\"@id\":\"https:\\\/\\\/www.lilleliis.com\\\/et\\\/#website\",\"url\":\"https:\\\/\\\/www.lilleliis.com\\\/et\\\/\",\"name\":\"lilleliis\",\"description\":\"Amigurumi m\u00e4nguasjad ja mustrid\",\"potentialAction\":[{\"@type\":\"SearchAction\",\"target\":{\"@type\":\"EntryPoint\",\"urlTemplate\":\"https:\\\/\\\/www.lilleliis.com\\\/et\\\/?s={search_term_string}\"},\"query-input\":{\"@type\":\"PropertyValueSpecification\",\"valueRequired\":true,\"valueName\":\"search_term_string\"}}],\"inLanguage\":\"et\"}]}<\/script>\n<!-- \/ Yoast SEO plugin. -->","yoast_head_json":{"title":"Amigurumi k\u00e4sit\u00f6\u00f6pinal heegeldajale - Little Box Of Magic | lilleliis","description":"Amigurumi k\u00e4sit\u00f6\u00f6pinal n\u00f5elte ja silmusem\u00e4rkijatega. V\u00e4ike, kuid v\u00e4ga praktiline abiline heegeldajale ning tore kingiidee k\u00e4sit\u00f6\u00f6armastajale.","robots":{"index":"index","follow":"follow","max-snippet":"max-snippet:-1","max-image-preview":"max-image-preview:large","max-video-preview":"max-video-preview:-1"},"canonical":"https:\/\/www.lilleliis.com\/et\/toode\/amigurumi-kasitoopinal\/","og_locale":"et_EE","og_type":"article","og_title":"Amigurumi k\u00e4sit\u00f6\u00f6pinal heegeldajale - Little Box Of Magic | lilleliis","og_description":"Amigurumi k\u00e4sit\u00f6\u00f6pinal n\u00f5elte ja silmusem\u00e4rkijatega. V\u00e4ike, kuid v\u00e4ga praktiline abiline heegeldajale ning tore kingiidee k\u00e4sit\u00f6\u00f6armastajale.","og_url":"https:\/\/www.lilleliis.com\/et\/toode\/amigurumi-kasitoopinal\/","og_site_name":"lilleliis","article_publisher":"https:\/\/www.facebook.com\/lilleliis-283266335035799\/","article_modified_time":"2026-04-06T09:17:25+00:00","og_image":[{"width":1000,"height":1500,"url":"https:\/\/www.lilleliis.com\/wp-content\/uploads\/2026\/03\/Amigurumi-kasitoopinal-little-box-of-magic.jpg","type":"image\/jpeg"}],"twitter_card":"summary_large_image","twitter_misc":{"Est. reading time":"2 minutes"},"schema":{"@context":"https:\/\/schema.org","@graph":[{"@type":"WebPage","@id":"https:\/\/www.lilleliis.com\/et\/toode\/amigurumi-kasitoopinal\/","url":"https:\/\/www.lilleliis.com\/et\/toode\/amigurumi-kasitoopinal\/","name":"Amigurumi k\u00e4sit\u00f6\u00f6pinal heegeldajale - Little Box Of Magic | lilleliis","isPartOf":{"@id":"https:\/\/www.lilleliis.com\/et\/#website"},"primaryImageOfPage":{"@id":"https:\/\/www.lilleliis.com\/et\/toode\/amigurumi-kasitoopinal\/#primaryimage"},"image":{"@id":"https:\/\/www.lilleliis.com\/et\/toode\/amigurumi-kasitoopinal\/#primaryimage"},"thumbnailUrl":"https:\/\/www.lilleliis.com\/wp-content\/uploads\/2026\/03\/Amigurumi-kasitoopinal-little-box-of-magic.jpg","datePublished":"2026-03-08T18:06:12+00:00","dateModified":"2026-04-06T09:17:25+00:00","description":"Amigurumi k\u00e4sit\u00f6\u00f6pinal n\u00f5elte ja silmusem\u00e4rkijatega. V\u00e4ike, kuid v\u00e4ga praktiline abiline heegeldajale ning tore kingiidee k\u00e4sit\u00f6\u00f6armastajale.","breadcrumb":{"@id":"https:\/\/www.lilleliis.com\/et\/toode\/amigurumi-kasitoopinal\/#breadcrumb"},"inLanguage":"et","potentialAction":[{"@type":"ReadAction","target":["https:\/\/www.lilleliis.com\/et\/toode\/amigurumi-kasitoopinal\/"]}]},{"@type":"ImageObject","inLanguage":"et","@id":"https:\/\/www.lilleliis.com\/et\/toode\/amigurumi-kasitoopinal\/#primaryimage","url":"https:\/\/www.lilleliis.com\/wp-content\/uploads\/2026\/03\/Amigurumi-kasitoopinal-little-box-of-magic.jpg","contentUrl":"https:\/\/www.lilleliis.com\/wp-content\/uploads\/2026\/03\/Amigurumi-kasitoopinal-little-box-of-magic.jpg","width":1000,"height":1500,"caption":"Amigurumi k\u00e4sit\u00f6\u00f6pinal little box of magic"},{"@type":"BreadcrumbList","@id":"https:\/\/www.lilleliis.com\/et\/toode\/amigurumi-kasitoopinal\/#breadcrumb","itemListElement":[{"@type":"ListItem","position":1,"name":"Home","item":"https:\/\/www.lilleliis.com\/et\/"},{"@type":"ListItem","position":2,"name":"Pood","item":"https:\/\/www.lilleliis.com\/et\/shop\/"},{"@type":"ListItem","position":3,"name":"Amigurumi k\u00e4sit\u00f6\u00f6pinal n\u00f5elte ja silmusem\u00e4rkijatega &#8211; Little Box Of Magic"}]},{"@type":"WebSite","@id":"https:\/\/www.lilleliis.com\/et\/#website","url":"https:\/\/www.lilleliis.com\/et\/","name":"lilleliis","description":"Amigurumi m\u00e4nguasjad ja mustrid","potentialAction":[{"@type":"SearchAction","target":{"@type":"EntryPoint","urlTemplate":"https:\/\/www.lilleliis.com\/et\/?s={search_term_string}"},"query-input":{"@type":"PropertyValueSpecification","valueRequired":true,"valueName":"search_term_string"}}],"inLanguage":"et"}]}},"_links":{"self":[{"href":"https:\/\/www.lilleliis.com\/et\/wp-json\/wp\/v2\/product\/105320","targetHints":{"allow":["GET"]}}],"collection":[{"href":"https:\/\/www.lilleliis.com\/et\/wp-json\/wp\/v2\/product"}],"about":[{"href":"https:\/\/www.lilleliis.com\/et\/wp-json\/wp\/v2\/types\/product"}],"replies":[{"embeddable":true,"href":"https:\/\/www.lilleliis.com\/et\/wp-json\/wp\/v2\/comments?post=105320"}],"wp:featuredmedia":[{"embeddable":true,"href":"https:\/\/www.lilleliis.com\/et\/wp-json\/wp\/v2\/media\/105321"}],"wp:attachment":[{"href":"https:\/\/www.lilleliis.com\/et\/wp-json\/wp\/v2\/media?parent=105320"}],"wp:term":[{"taxonomy":"product_brand","embeddable":true,"href":"https:\/\/www.lilleliis.com\/et\/wp-json\/wp\/v2\/product_brand?post=105320"},{"taxonomy":"product_cat","embeddable":true,"href":"https:\/\/www.lilleliis.com\/et\/wp-json\/wp\/v2\/product_cat?post=105320"},{"taxonomy":"product_tag","embeddable":true,"href":"https:\/\/www.lilleliis.com\/et\/wp-json\/wp\/v2\/product_tag?post=105320"}],"curies":[{"name":"wp","href":"https:\/\/api.w.org\/{rel}","templated":true}]}}