{"id":105687,"date":"2026-03-24T09:21:47","date_gmt":"2026-03-24T07:21:47","guid":{"rendered":"https:\/\/www.lilleliis.com\/?post_type=product&#038;p=105687"},"modified":"2026-04-01T18:54:20","modified_gmt":"2026-04-01T15:54:20","slug":"heegeldatud-pardi-muster","status":"publish","type":"product","link":"https:\/\/www.lilleliis.com\/et\/toode\/heegeldatud-pardi-muster\/","title":{"rendered":"Heegeldatud pardi muster &#8211; Pehme pardipoeg"},"content":{"rendered":"<p data-start=\"68\" data-end=\"197\">Pardipoja heegeldamise muster &#8211; tee ise pehme ja armas pardipoeg, mis on valmistatud amigurumi tehnikas.<\/p>\n<p data-start=\"199\" data-end=\"311\">\u0160enill-l\u00f5ng annab pardipojale m\u00f5nusalt pehme ja veidi pontsaka keha, mida on hea k\u00e4es hoida ja kaisutada.<\/p>\n<p data-start=\"313\" data-end=\"410\">Soovi korral saad pardipojast teha ka v\u00e4ikese jonnipunni, lisades keha sisse k\u00f5liseva <a href=\"https:\/\/www.lilleliis.com\/et\/toode\/jonnipunni-sisu-vaike\/\">jonnipunni sisu<\/a>.<\/p>\n<div class=\"is-divider divider clearfix\" ><\/div>\n<h3>Mustrist<\/h3>\n<p>Allalaetav ja lihtsasti j\u00e4lgitav k\u00e4sit\u00f6\u00f6 \u00f5petus (PDF fail). Juhend sisaldab samm-sammulist \u00f5petust eseme valmistamiseks ning hulgaliselt abistavaid fotosid.<\/p>\n<p>Keel: eesti, inglise<\/p>\n<p>\u00d5petuse raskusaste: keskmine<\/p>\n<p>Vajaminevad v\u00f5tted: kinnissilmus<\/p>\n<div class=\"is-divider divider clearfix\"><div class=\"is-divider divider clearfix\" ><\/div><\/div>\n<h3>Suurus ja materjal<\/h3>\n<p>Suurus: 15 cm<\/p>\n<p>Valmistamiseks on kasutatud j\u00e4medamat \u0161enill-l\u00f5nga ja puuvillast l\u00f5nga ning heegeln\u00f5elu j\u00e4medusega 2,5 ja 3,75 mm.<\/p>\n<div class=\"is-divider divider clearfix\"><div class=\"is-divider divider clearfix\" ><\/div><\/div>\n<h3>Abi ja copyright<\/h3>\n<p>K\u00fcsimuste korral saab abi\u00a0<a href=\"mailto:%20lilleliis@gmail.com\">e-posti teel<\/a>.<\/p>\n<p>\u00d5petuse j\u00e4rgi valmistatud esemeid v\u00f5ib m\u00fc\u00fca. \u00d5petust on keelatud jagada. Autori\u00f5igustega tutvu\u00a0<a href=\"https:\/\/www.lilleliis.com\/et\/autorioigused\/\" target=\"_blank\" rel=\"noopener\">siin<\/a>.<\/p>\n","protected":false},"excerpt":{"rendered":"<p data-start=\"141\" data-end=\"234\">Heegeldatud pardi muster, millest valmib pehme ja armas \u0161enill-l\u00f5ngast pardipoeg.<\/p>\n<p data-start=\"236\" data-end=\"433\">Sa vaata teda &#8211; need suured silmad ja \u00f5rnalt kaarduv nokk teevad pardipojast t\u00f5eliselt vastupandamatu tegelase. Disain lihtne ning tulemus m\u00f5nusalt pehme &#8211; just kaisutamiseks loodud.<\/p>\n<p data-start=\"435\" data-end=\"667\">Pehme pardipoeg valmib vaid kahest p\u00f5hidetailist ning n\u00f5uab minimaalselt \u00f5mblemist. Muster sisaldab juhiseid nii \u00fchev\u00e4rvilise kui ka kolmev\u00e4rvilise pardi valmistamiseks, lisaks ka m\u00e4ngulise variandi jaoks, millele on lisatud k\u00f5lisev jonnipunni sisu.<\/p>\n<p data-start=\"669\" data-end=\"758\">Ideaalne v\u00e4ike projekt lihav\u00f5tteks v\u00f5i beebikingituseks.<\/p>\n","protected":false},"featured_media":105648,"comment_status":"open","ping_status":"closed","template":"","meta":[],"product_brand":[],"product_cat":[95,513],"product_tag":[123,1605],"class_list":{"0":"post-105687","1":"product","2":"type-product","3":"status-publish","4":"has-post-thumbnail","6":"product_cat-amigurumi-opetused","7":"product_cat-linnu-mustrid","8":"product_tag-beebidele","9":"product_tag-lihavotted","10":"pa_pattern-language-eesti","11":"pa_pattern-language-inglise","12":"pa_pattern-skill-level-keskmine","14":"first","15":"instock","16":"sold-individually","17":"taxable","18":"shipping-taxable","19":"purchasable","20":"product-type-variable"},"yoast_head":"<!-- This site is optimized with the Yoast SEO plugin v27.3 - https:\/\/yoast.com\/product\/yoast-seo-wordpress\/ -->\n<title>Heegeldatud pardi muster \u2013 pehme pardipoeg \u0161enill-l\u00f5ngast | lilleliis<\/title>\n<meta name=\"description\" content=\"Heegeldatud pardi muster, millest valmib pehme \u0161enill-l\u00f5ngast pardipoeg. Lihtne disain valmib vaid kahest p\u00f5hidetailist ning n\u00f5uab minimaalselt \u00f5mblemist.\" \/>\n<meta name=\"robots\" content=\"index, follow, max-snippet:-1, max-image-preview:large, max-video-preview:-1\" \/>\n<link rel=\"canonical\" href=\"https:\/\/www.lilleliis.com\/et\/toode\/heegeldatud-pardi-muster\/\" \/>\n<meta property=\"og:locale\" content=\"et_EE\" \/>\n<meta property=\"og:type\" content=\"article\" \/>\n<meta property=\"og:title\" content=\"Heegeldatud pardi muster \u2013 pehme pardipoeg \u0161enill-l\u00f5ngast | lilleliis\" \/>\n<meta property=\"og:description\" content=\"Heegeldatud pardi muster, millest valmib pehme \u0161enill-l\u00f5ngast pardipoeg. Lihtne disain valmib vaid kahest p\u00f5hidetailist ning n\u00f5uab minimaalselt \u00f5mblemist.\" \/>\n<meta property=\"og:url\" content=\"https:\/\/www.lilleliis.com\/et\/toode\/heegeldatud-pardi-muster\/\" \/>\n<meta property=\"og:site_name\" content=\"lilleliis\" \/>\n<meta property=\"article:publisher\" content=\"https:\/\/www.facebook.com\/lilleliis-283266335035799\/\" \/>\n<meta property=\"article:modified_time\" content=\"2026-04-01T15:54:20+00:00\" \/>\n<meta property=\"og:image\" content=\"https:\/\/www.lilleliis.com\/wp-content\/uploads\/2026\/03\/amigurumi-crochet-duck1.jpg\" \/>\n\t<meta property=\"og:image:width\" content=\"1000\" \/>\n\t<meta property=\"og:image:height\" content=\"1500\" \/>\n\t<meta property=\"og:image:type\" content=\"image\/jpeg\" \/>\n<meta name=\"twitter:card\" content=\"summary_large_image\" \/>\n<meta name=\"twitter:label1\" content=\"Est. reading time\" \/>\n\t<meta name=\"twitter:data1\" content=\"1 minute\" \/>\n<script type=\"application\/ld+json\" class=\"yoast-schema-graph\">{\"@context\":\"https:\\\/\\\/schema.org\",\"@graph\":[{\"@type\":\"WebPage\",\"@id\":\"https:\\\/\\\/www.lilleliis.com\\\/et\\\/toode\\\/heegeldatud-pardi-muster\\\/\",\"url\":\"https:\\\/\\\/www.lilleliis.com\\\/et\\\/toode\\\/heegeldatud-pardi-muster\\\/\",\"name\":\"Heegeldatud pardi muster \u2013 pehme pardipoeg \u0161enill-l\u00f5ngast | lilleliis\",\"isPartOf\":{\"@id\":\"https:\\\/\\\/www.lilleliis.com\\\/et\\\/#website\"},\"primaryImageOfPage\":{\"@id\":\"https:\\\/\\\/www.lilleliis.com\\\/et\\\/toode\\\/heegeldatud-pardi-muster\\\/#primaryimage\"},\"image\":{\"@id\":\"https:\\\/\\\/www.lilleliis.com\\\/et\\\/toode\\\/heegeldatud-pardi-muster\\\/#primaryimage\"},\"thumbnailUrl\":\"https:\\\/\\\/www.lilleliis.com\\\/wp-content\\\/uploads\\\/2026\\\/03\\\/amigurumi-crochet-duck1.jpg\",\"datePublished\":\"2026-03-24T07:21:47+00:00\",\"dateModified\":\"2026-04-01T15:54:20+00:00\",\"description\":\"Heegeldatud pardi muster, millest valmib pehme \u0161enill-l\u00f5ngast pardipoeg. Lihtne disain valmib vaid kahest p\u00f5hidetailist ning n\u00f5uab minimaalselt \u00f5mblemist.\",\"breadcrumb\":{\"@id\":\"https:\\\/\\\/www.lilleliis.com\\\/et\\\/toode\\\/heegeldatud-pardi-muster\\\/#breadcrumb\"},\"inLanguage\":\"et\",\"potentialAction\":[{\"@type\":\"ReadAction\",\"target\":[\"https:\\\/\\\/www.lilleliis.com\\\/et\\\/toode\\\/heegeldatud-pardi-muster\\\/\"]}]},{\"@type\":\"ImageObject\",\"inLanguage\":\"et\",\"@id\":\"https:\\\/\\\/www.lilleliis.com\\\/et\\\/toode\\\/heegeldatud-pardi-muster\\\/#primaryimage\",\"url\":\"https:\\\/\\\/www.lilleliis.com\\\/wp-content\\\/uploads\\\/2026\\\/03\\\/amigurumi-crochet-duck1.jpg\",\"contentUrl\":\"https:\\\/\\\/www.lilleliis.com\\\/wp-content\\\/uploads\\\/2026\\\/03\\\/amigurumi-crochet-duck1.jpg\",\"width\":1000,\"height\":1500,\"caption\":\"Heegeldatud amigurumi part\"},{\"@type\":\"BreadcrumbList\",\"@id\":\"https:\\\/\\\/www.lilleliis.com\\\/et\\\/toode\\\/heegeldatud-pardi-muster\\\/#breadcrumb\",\"itemListElement\":[{\"@type\":\"ListItem\",\"position\":1,\"name\":\"Home\",\"item\":\"https:\\\/\\\/www.lilleliis.com\\\/et\\\/\"},{\"@type\":\"ListItem\",\"position\":2,\"name\":\"Pood\",\"item\":\"https:\\\/\\\/www.lilleliis.com\\\/et\\\/shop\\\/\"},{\"@type\":\"ListItem\",\"position\":3,\"name\":\"Heegeldatud pardi muster &#8211; Pehme pardipoeg\"}]},{\"@type\":\"WebSite\",\"@id\":\"https:\\\/\\\/www.lilleliis.com\\\/et\\\/#website\",\"url\":\"https:\\\/\\\/www.lilleliis.com\\\/et\\\/\",\"name\":\"lilleliis\",\"description\":\"Amigurumi m\u00e4nguasjad ja mustrid\",\"potentialAction\":[{\"@type\":\"SearchAction\",\"target\":{\"@type\":\"EntryPoint\",\"urlTemplate\":\"https:\\\/\\\/www.lilleliis.com\\\/et\\\/?s={search_term_string}\"},\"query-input\":{\"@type\":\"PropertyValueSpecification\",\"valueRequired\":true,\"valueName\":\"search_term_string\"}}],\"inLanguage\":\"et\"}]}<\/script>\n<!-- \/ Yoast SEO plugin. -->","yoast_head_json":{"title":"Heegeldatud pardi muster \u2013 pehme pardipoeg \u0161enill-l\u00f5ngast | lilleliis","description":"Heegeldatud pardi muster, millest valmib pehme \u0161enill-l\u00f5ngast pardipoeg. Lihtne disain valmib vaid kahest p\u00f5hidetailist ning n\u00f5uab minimaalselt \u00f5mblemist.","robots":{"index":"index","follow":"follow","max-snippet":"max-snippet:-1","max-image-preview":"max-image-preview:large","max-video-preview":"max-video-preview:-1"},"canonical":"https:\/\/www.lilleliis.com\/et\/toode\/heegeldatud-pardi-muster\/","og_locale":"et_EE","og_type":"article","og_title":"Heegeldatud pardi muster \u2013 pehme pardipoeg \u0161enill-l\u00f5ngast | lilleliis","og_description":"Heegeldatud pardi muster, millest valmib pehme \u0161enill-l\u00f5ngast pardipoeg. Lihtne disain valmib vaid kahest p\u00f5hidetailist ning n\u00f5uab minimaalselt \u00f5mblemist.","og_url":"https:\/\/www.lilleliis.com\/et\/toode\/heegeldatud-pardi-muster\/","og_site_name":"lilleliis","article_publisher":"https:\/\/www.facebook.com\/lilleliis-283266335035799\/","article_modified_time":"2026-04-01T15:54:20+00:00","og_image":[{"width":1000,"height":1500,"url":"https:\/\/www.lilleliis.com\/wp-content\/uploads\/2026\/03\/amigurumi-crochet-duck1.jpg","type":"image\/jpeg"}],"twitter_card":"summary_large_image","twitter_misc":{"Est. reading time":"1 minute"},"schema":{"@context":"https:\/\/schema.org","@graph":[{"@type":"WebPage","@id":"https:\/\/www.lilleliis.com\/et\/toode\/heegeldatud-pardi-muster\/","url":"https:\/\/www.lilleliis.com\/et\/toode\/heegeldatud-pardi-muster\/","name":"Heegeldatud pardi muster \u2013 pehme pardipoeg \u0161enill-l\u00f5ngast | lilleliis","isPartOf":{"@id":"https:\/\/www.lilleliis.com\/et\/#website"},"primaryImageOfPage":{"@id":"https:\/\/www.lilleliis.com\/et\/toode\/heegeldatud-pardi-muster\/#primaryimage"},"image":{"@id":"https:\/\/www.lilleliis.com\/et\/toode\/heegeldatud-pardi-muster\/#primaryimage"},"thumbnailUrl":"https:\/\/www.lilleliis.com\/wp-content\/uploads\/2026\/03\/amigurumi-crochet-duck1.jpg","datePublished":"2026-03-24T07:21:47+00:00","dateModified":"2026-04-01T15:54:20+00:00","description":"Heegeldatud pardi muster, millest valmib pehme \u0161enill-l\u00f5ngast pardipoeg. Lihtne disain valmib vaid kahest p\u00f5hidetailist ning n\u00f5uab minimaalselt \u00f5mblemist.","breadcrumb":{"@id":"https:\/\/www.lilleliis.com\/et\/toode\/heegeldatud-pardi-muster\/#breadcrumb"},"inLanguage":"et","potentialAction":[{"@type":"ReadAction","target":["https:\/\/www.lilleliis.com\/et\/toode\/heegeldatud-pardi-muster\/"]}]},{"@type":"ImageObject","inLanguage":"et","@id":"https:\/\/www.lilleliis.com\/et\/toode\/heegeldatud-pardi-muster\/#primaryimage","url":"https:\/\/www.lilleliis.com\/wp-content\/uploads\/2026\/03\/amigurumi-crochet-duck1.jpg","contentUrl":"https:\/\/www.lilleliis.com\/wp-content\/uploads\/2026\/03\/amigurumi-crochet-duck1.jpg","width":1000,"height":1500,"caption":"Heegeldatud amigurumi part"},{"@type":"BreadcrumbList","@id":"https:\/\/www.lilleliis.com\/et\/toode\/heegeldatud-pardi-muster\/#breadcrumb","itemListElement":[{"@type":"ListItem","position":1,"name":"Home","item":"https:\/\/www.lilleliis.com\/et\/"},{"@type":"ListItem","position":2,"name":"Pood","item":"https:\/\/www.lilleliis.com\/et\/shop\/"},{"@type":"ListItem","position":3,"name":"Heegeldatud pardi muster &#8211; Pehme pardipoeg"}]},{"@type":"WebSite","@id":"https:\/\/www.lilleliis.com\/et\/#website","url":"https:\/\/www.lilleliis.com\/et\/","name":"lilleliis","description":"Amigurumi m\u00e4nguasjad ja mustrid","potentialAction":[{"@type":"SearchAction","target":{"@type":"EntryPoint","urlTemplate":"https:\/\/www.lilleliis.com\/et\/?s={search_term_string}"},"query-input":{"@type":"PropertyValueSpecification","valueRequired":true,"valueName":"search_term_string"}}],"inLanguage":"et"}]}},"_links":{"self":[{"href":"https:\/\/www.lilleliis.com\/et\/wp-json\/wp\/v2\/product\/105687","targetHints":{"allow":["GET"]}}],"collection":[{"href":"https:\/\/www.lilleliis.com\/et\/wp-json\/wp\/v2\/product"}],"about":[{"href":"https:\/\/www.lilleliis.com\/et\/wp-json\/wp\/v2\/types\/product"}],"replies":[{"embeddable":true,"href":"https:\/\/www.lilleliis.com\/et\/wp-json\/wp\/v2\/comments?post=105687"}],"wp:featuredmedia":[{"embeddable":true,"href":"https:\/\/www.lilleliis.com\/et\/wp-json\/wp\/v2\/media\/105648"}],"wp:attachment":[{"href":"https:\/\/www.lilleliis.com\/et\/wp-json\/wp\/v2\/media?parent=105687"}],"wp:term":[{"taxonomy":"product_brand","embeddable":true,"href":"https:\/\/www.lilleliis.com\/et\/wp-json\/wp\/v2\/product_brand?post=105687"},{"taxonomy":"product_cat","embeddable":true,"href":"https:\/\/www.lilleliis.com\/et\/wp-json\/wp\/v2\/product_cat?post=105687"},{"taxonomy":"product_tag","embeddable":true,"href":"https:\/\/www.lilleliis.com\/et\/wp-json\/wp\/v2\/product_tag?post=105687"}],"curies":[{"name":"wp","href":"https:\/\/api.w.org\/{rel}","templated":true}]}}