{"id":105838,"date":"2026-03-31T10:50:02","date_gmt":"2026-03-31T07:50:02","guid":{"rendered":"https:\/\/www.lilleliis.com\/?post_type=product&#038;p=105838"},"modified":"2026-04-29T20:37:20","modified_gmt":"2026-04-29T17:37:20","slug":"koaala-heegeldamise-komplekt","status":"publish","type":"product","link":"https:\/\/www.lilleliis.com\/et\/toode\/koaala-heegeldamise-komplekt\/","title":{"rendered":"Koaala heegeldamise komplekt (tr\u00fckitud \u00f5petusega)"},"content":{"rendered":"<h3 data-start=\"60\" data-end=\"91\">Iga\u00fchest v\u00f5ib saada amigurumi meister!<\/h3>\n<p data-start=\"260\" data-end=\"377\">Koaala heegeldamise komplekt sisaldab k\u00f5ike, mida vajad oma esimese armsa amigurumi m\u00e4nguasja valmistamiseks.<\/p>\n<p data-start=\"379\" data-end=\"615\">See k\u00e4sit\u00f6\u00f6komplekt on 100% Eesti toode. Armsa koaala on disaininud tunnustatud m\u00e4nguasjalooja Mari-Liis Lille, keda tuntakse lilleliisi nime all. Ka materjalid on tema poolt hoolikalt valitud, et tagada parim tulemus ja r\u00f5\u00f5m loomisest.<\/p>\n<h3 data-start=\"411\" data-end=\"719\">Lihtne ja nauditav heegeldamine<\/h3>\n<p data-start=\"662\" data-end=\"914\">Armas koaalabeebi on loodud just alustavatele amigurumi-huvilistele. Muster kasutab ainult kinnissilmuseid, mis on \u00fcks lihtsamaid heegeldamise v\u00f5tteid. \u00d5petuse raskusaste on keskmine, sobides julgematele alustajatele.<\/p>\n<p data-start=\"916\" data-end=\"1068\">Valmis m\u00e4nguasja pikkus on umbes 13 cm &#8211; piisavalt v\u00e4ike, et valmistamine ei v\u00f5taks \u00fclearu kaua aega, kuid samas piisavalt suur, et t\u00f6\u00f6 sujuks m\u00f5nusalt.<\/p>\n<h3 data-start=\"721\" data-end=\"910\">Armsad detailid ja kvaliteetsed materjalid<\/h3>\n<p data-start=\"1126\" data-end=\"1299\">Koaala muudab eriliseks kahe erineva l\u00f5nga kasutamine. Keha ja k\u00f5rvad heegeldatakse sametiselt pehmest \u0161enill-l\u00f5ngast, samas kui \u00fclej\u00e4\u00e4nud detailid valmistatakse puuvillast.<\/p>\n<p data-start=\"1301\" data-end=\"1412\">K\u00e4pad \u00f5mmeldakse otsast kokku &#8211; just sellises asendis v\u00f5ib koaalasid sageli n\u00e4ha ka looduses puu otsas k\u00f5lkumas.<\/p>\n<p data-start=\"1414\" data-end=\"1535\">Koaala heegeldamiseks kasutame pehmet ja kvaliteetset l\u00f5nga, mis on \u00f5rn ning sobib h\u00e4sti ka v\u00e4ikelaste m\u00e4nguasjade jaoks.<\/p>\n<h3 data-start=\"912\" data-end=\"956\">Komplekt sisaldab k\u00f5ike vajalikku:<\/h3>\n<ul>\n<li data-start=\"957\" data-end=\"1105\">kvaliteetne l\u00f5ng<\/li>\n<li>allergiavaba t\u00e4itematerjal<\/li>\n<li data-start=\"957\" data-end=\"1105\">heegeln\u00f5el ja \u00f5mblusn\u00f5el<\/li>\n<li data-start=\"957\" data-end=\"1105\">turvasilmad, silmusem\u00e4rkija<\/li>\n<li data-start=\"957\" data-end=\"1105\">niit tikkimiseks<\/li>\n<li data-start=\"957\" data-end=\"1105\">samm-sammuline juhend <strong data-start=\"1070\" data-end=\"1103\">eesti ja inglise keeles<\/strong><\/li>\n<\/ul>\n<p data-start=\"1107\" data-end=\"1314\">Kui soovid oma heegeldatud m\u00e4nguasja kinkida, v\u00f5id pakkimiseks kasutada t\u00e4itematerjali pakendamiseks kasutatud riidest kotti.<\/p>\n<p data-start=\"1107\" data-end=\"1314\">M\u00e4nguasja heegeldamise komplekt on pakitud toredasse kinkekarpi, mist\u00f5ttu sobib see ideaalselt kingituseks k\u00e4sit\u00f6\u00f6s\u00f5brale v\u00f5i heegeldamise entusiastile.<\/p>\n<p data-start=\"1316\" data-end=\"1385\"><div class=\"is-divider divider clearfix\" ><\/div>\n<p data-start=\"1316\" data-end=\"1385\">Karbi m\u00f5\u00f5dud: 11 x 11 x 24 cm<\/p>\n<p data-start=\"1316\" data-end=\"1385\"><div class=\"is-divider divider clearfix\" ><\/div>\n<h4 data-start=\"1316\" data-end=\"1385\"><strong>Vajad seda juba t\u00e4na?<\/strong><\/h4>\n<p data-start=\"1316\" data-end=\"1385\">Astu l\u00e4bi \u00fchest neist poodidest ja v\u00f5ta komplekt kohe kaasa.<\/p>\n<p data-start=\"1316\" data-end=\"1385\">Tallinnas:<\/p>\n<ul>\n<li data-start=\"1316\" data-end=\"1385\">Vabamu muuseumipood (Toompea 8b) &#8211; lahtiolekuajad leiad <a href=\"https:\/\/vabamu.ee\/lahtiolekuajad\/\" target=\"_blank\" rel=\"noopener\">siit<\/a>.<\/li>\n<li data-start=\"1316\" data-end=\"1385\">Kalamaja Kaktus lillepood (Telliskivi 60a) &#8211; lahtiolekuajad leiad <a href=\"https:\/\/kalamajakaktus.ee\" target=\"_blank\" rel=\"noopener\">siit<\/a>.<\/li>\n<\/ul>\n<p data-start=\"1316\" data-end=\"1385\">Tartus:<\/p>\n<ul>\n<li data-start=\"1316\" data-end=\"1385\">Eesti Rahva Muuseumi pood (Muuseumi tee 2)<\/li>\n<\/ul>\n","protected":false},"excerpt":{"rendered":"<p data-start=\"159\" data-end=\"338\">Koaala heegeldamise komplekt, mis sisaldab k\u00f5ike vajalikku pehme ja armsa amigurumi-stiilis m\u00e4nguasja valmistamiseks. Disainitud tunnustatud Eesti m\u00e4nguasjalooja Mari-Liis Lille poolt.<\/p>\n<p data-start=\"340\" data-end=\"468\">Kaunisse kinkekarpi pakitud m\u00e4nguasja heegeldamise komplekt on ideaalne kingitus k\u00e4sit\u00f6\u00f6s\u00f5brale v\u00f5i alustavale heegeldajale.<\/p>\n","protected":false},"featured_media":105869,"comment_status":"open","ping_status":"closed","template":"","meta":[],"product_brand":[1580],"product_cat":[1036],"product_tag":[],"class_list":{"0":"post-105838","1":"product","2":"type-product","3":"status-publish","4":"has-post-thumbnail","6":"product_brand-lilleliis","7":"product_cat-kasitookomplekt","8":"pa_pattern-language-eesti","9":"pa_pattern-language-inglise","11":"first","12":"instock","13":"taxable","14":"shipping-taxable","15":"purchasable","16":"product-type-simple"},"yoast_head":"<!-- This site is optimized with the Yoast SEO plugin v27.3 - https:\/\/yoast.com\/product\/yoast-seo-wordpress\/ -->\n<title>Koaala heegeldamise komplekt (tr\u00fckitud \u00f5petusega) | lilleliis<\/title>\n<meta name=\"description\" content=\"Koaala heegeldamise komplekt algajale - k\u00f5ik vajalik armsa amigurumi m\u00e4nguasja valmistamiseks. Kaunis kinkekarp ja juhend eesti keeles. Disain: Lilleliis.\" \/>\n<meta name=\"robots\" content=\"index, follow, max-snippet:-1, max-image-preview:large, max-video-preview:-1\" \/>\n<link rel=\"canonical\" href=\"https:\/\/www.lilleliis.com\/et\/toode\/koaala-heegeldamise-komplekt\/\" \/>\n<meta property=\"og:locale\" content=\"et_EE\" \/>\n<meta property=\"og:type\" content=\"article\" \/>\n<meta property=\"og:title\" content=\"Koaala heegeldamise komplekt (tr\u00fckitud \u00f5petusega) | lilleliis\" \/>\n<meta property=\"og:description\" content=\"Koaala heegeldamise komplekt algajale - k\u00f5ik vajalik armsa amigurumi m\u00e4nguasja valmistamiseks. Kaunis kinkekarp ja juhend eesti keeles. Disain: Lilleliis.\" \/>\n<meta property=\"og:url\" content=\"https:\/\/www.lilleliis.com\/et\/toode\/koaala-heegeldamise-komplekt\/\" \/>\n<meta property=\"og:site_name\" content=\"lilleliis\" \/>\n<meta property=\"article:publisher\" content=\"https:\/\/www.facebook.com\/lilleliis-283266335035799\/\" \/>\n<meta property=\"article:modified_time\" content=\"2026-04-29T17:37:20+00:00\" \/>\n<meta property=\"og:image\" content=\"https:\/\/www.lilleliis.com\/wp-content\/uploads\/2026\/03\/koaala-heegeldamise-komplekt.jpg\" \/>\n\t<meta property=\"og:image:width\" content=\"1000\" \/>\n\t<meta property=\"og:image:height\" content=\"1500\" \/>\n\t<meta property=\"og:image:type\" content=\"image\/jpeg\" \/>\n<meta name=\"twitter:card\" content=\"summary_large_image\" \/>\n<meta name=\"twitter:label1\" content=\"Est. reading time\" \/>\n\t<meta name=\"twitter:data1\" content=\"2 minutes\" \/>\n<script type=\"application\/ld+json\" class=\"yoast-schema-graph\">{\"@context\":\"https:\\\/\\\/schema.org\",\"@graph\":[{\"@type\":\"WebPage\",\"@id\":\"https:\\\/\\\/www.lilleliis.com\\\/et\\\/toode\\\/koaala-heegeldamise-komplekt\\\/\",\"url\":\"https:\\\/\\\/www.lilleliis.com\\\/et\\\/toode\\\/koaala-heegeldamise-komplekt\\\/\",\"name\":\"Koaala heegeldamise komplekt (tr\u00fckitud \u00f5petusega) | lilleliis\",\"isPartOf\":{\"@id\":\"https:\\\/\\\/www.lilleliis.com\\\/et\\\/#website\"},\"primaryImageOfPage\":{\"@id\":\"https:\\\/\\\/www.lilleliis.com\\\/et\\\/toode\\\/koaala-heegeldamise-komplekt\\\/#primaryimage\"},\"image\":{\"@id\":\"https:\\\/\\\/www.lilleliis.com\\\/et\\\/toode\\\/koaala-heegeldamise-komplekt\\\/#primaryimage\"},\"thumbnailUrl\":\"https:\\\/\\\/www.lilleliis.com\\\/wp-content\\\/uploads\\\/2026\\\/03\\\/koaala-heegeldamise-komplekt.jpg\",\"datePublished\":\"2026-03-31T07:50:02+00:00\",\"dateModified\":\"2026-04-29T17:37:20+00:00\",\"description\":\"Koaala heegeldamise komplekt algajale - k\u00f5ik vajalik armsa amigurumi m\u00e4nguasja valmistamiseks. Kaunis kinkekarp ja juhend eesti keeles. Disain: Lilleliis.\",\"breadcrumb\":{\"@id\":\"https:\\\/\\\/www.lilleliis.com\\\/et\\\/toode\\\/koaala-heegeldamise-komplekt\\\/#breadcrumb\"},\"inLanguage\":\"et\",\"potentialAction\":[{\"@type\":\"ReadAction\",\"target\":[\"https:\\\/\\\/www.lilleliis.com\\\/et\\\/toode\\\/koaala-heegeldamise-komplekt\\\/\"]}]},{\"@type\":\"ImageObject\",\"inLanguage\":\"et\",\"@id\":\"https:\\\/\\\/www.lilleliis.com\\\/et\\\/toode\\\/koaala-heegeldamise-komplekt\\\/#primaryimage\",\"url\":\"https:\\\/\\\/www.lilleliis.com\\\/wp-content\\\/uploads\\\/2026\\\/03\\\/koaala-heegeldamise-komplekt.jpg\",\"contentUrl\":\"https:\\\/\\\/www.lilleliis.com\\\/wp-content\\\/uploads\\\/2026\\\/03\\\/koaala-heegeldamise-komplekt.jpg\",\"width\":1000,\"height\":1500,\"caption\":\"koaala heegeldamise komplekt\"},{\"@type\":\"BreadcrumbList\",\"@id\":\"https:\\\/\\\/www.lilleliis.com\\\/et\\\/toode\\\/koaala-heegeldamise-komplekt\\\/#breadcrumb\",\"itemListElement\":[{\"@type\":\"ListItem\",\"position\":1,\"name\":\"Home\",\"item\":\"https:\\\/\\\/www.lilleliis.com\\\/et\\\/\"},{\"@type\":\"ListItem\",\"position\":2,\"name\":\"Pood\",\"item\":\"https:\\\/\\\/www.lilleliis.com\\\/et\\\/shop\\\/\"},{\"@type\":\"ListItem\",\"position\":3,\"name\":\"Koaala heegeldamise komplekt (tr\u00fckitud \u00f5petusega)\"}]},{\"@type\":\"WebSite\",\"@id\":\"https:\\\/\\\/www.lilleliis.com\\\/et\\\/#website\",\"url\":\"https:\\\/\\\/www.lilleliis.com\\\/et\\\/\",\"name\":\"lilleliis\",\"description\":\"Amigurumi m\u00e4nguasjad ja mustrid\",\"potentialAction\":[{\"@type\":\"SearchAction\",\"target\":{\"@type\":\"EntryPoint\",\"urlTemplate\":\"https:\\\/\\\/www.lilleliis.com\\\/et\\\/?s={search_term_string}\"},\"query-input\":{\"@type\":\"PropertyValueSpecification\",\"valueRequired\":true,\"valueName\":\"search_term_string\"}}],\"inLanguage\":\"et\"}]}<\/script>\n<!-- \/ Yoast SEO plugin. -->","yoast_head_json":{"title":"Koaala heegeldamise komplekt (tr\u00fckitud \u00f5petusega) | lilleliis","description":"Koaala heegeldamise komplekt algajale - k\u00f5ik vajalik armsa amigurumi m\u00e4nguasja valmistamiseks. Kaunis kinkekarp ja juhend eesti keeles. Disain: Lilleliis.","robots":{"index":"index","follow":"follow","max-snippet":"max-snippet:-1","max-image-preview":"max-image-preview:large","max-video-preview":"max-video-preview:-1"},"canonical":"https:\/\/www.lilleliis.com\/et\/toode\/koaala-heegeldamise-komplekt\/","og_locale":"et_EE","og_type":"article","og_title":"Koaala heegeldamise komplekt (tr\u00fckitud \u00f5petusega) | lilleliis","og_description":"Koaala heegeldamise komplekt algajale - k\u00f5ik vajalik armsa amigurumi m\u00e4nguasja valmistamiseks. Kaunis kinkekarp ja juhend eesti keeles. Disain: Lilleliis.","og_url":"https:\/\/www.lilleliis.com\/et\/toode\/koaala-heegeldamise-komplekt\/","og_site_name":"lilleliis","article_publisher":"https:\/\/www.facebook.com\/lilleliis-283266335035799\/","article_modified_time":"2026-04-29T17:37:20+00:00","og_image":[{"width":1000,"height":1500,"url":"https:\/\/www.lilleliis.com\/wp-content\/uploads\/2026\/03\/koaala-heegeldamise-komplekt.jpg","type":"image\/jpeg"}],"twitter_card":"summary_large_image","twitter_misc":{"Est. reading time":"2 minutes"},"schema":{"@context":"https:\/\/schema.org","@graph":[{"@type":"WebPage","@id":"https:\/\/www.lilleliis.com\/et\/toode\/koaala-heegeldamise-komplekt\/","url":"https:\/\/www.lilleliis.com\/et\/toode\/koaala-heegeldamise-komplekt\/","name":"Koaala heegeldamise komplekt (tr\u00fckitud \u00f5petusega) | lilleliis","isPartOf":{"@id":"https:\/\/www.lilleliis.com\/et\/#website"},"primaryImageOfPage":{"@id":"https:\/\/www.lilleliis.com\/et\/toode\/koaala-heegeldamise-komplekt\/#primaryimage"},"image":{"@id":"https:\/\/www.lilleliis.com\/et\/toode\/koaala-heegeldamise-komplekt\/#primaryimage"},"thumbnailUrl":"https:\/\/www.lilleliis.com\/wp-content\/uploads\/2026\/03\/koaala-heegeldamise-komplekt.jpg","datePublished":"2026-03-31T07:50:02+00:00","dateModified":"2026-04-29T17:37:20+00:00","description":"Koaala heegeldamise komplekt algajale - k\u00f5ik vajalik armsa amigurumi m\u00e4nguasja valmistamiseks. Kaunis kinkekarp ja juhend eesti keeles. Disain: Lilleliis.","breadcrumb":{"@id":"https:\/\/www.lilleliis.com\/et\/toode\/koaala-heegeldamise-komplekt\/#breadcrumb"},"inLanguage":"et","potentialAction":[{"@type":"ReadAction","target":["https:\/\/www.lilleliis.com\/et\/toode\/koaala-heegeldamise-komplekt\/"]}]},{"@type":"ImageObject","inLanguage":"et","@id":"https:\/\/www.lilleliis.com\/et\/toode\/koaala-heegeldamise-komplekt\/#primaryimage","url":"https:\/\/www.lilleliis.com\/wp-content\/uploads\/2026\/03\/koaala-heegeldamise-komplekt.jpg","contentUrl":"https:\/\/www.lilleliis.com\/wp-content\/uploads\/2026\/03\/koaala-heegeldamise-komplekt.jpg","width":1000,"height":1500,"caption":"koaala heegeldamise komplekt"},{"@type":"BreadcrumbList","@id":"https:\/\/www.lilleliis.com\/et\/toode\/koaala-heegeldamise-komplekt\/#breadcrumb","itemListElement":[{"@type":"ListItem","position":1,"name":"Home","item":"https:\/\/www.lilleliis.com\/et\/"},{"@type":"ListItem","position":2,"name":"Pood","item":"https:\/\/www.lilleliis.com\/et\/shop\/"},{"@type":"ListItem","position":3,"name":"Koaala heegeldamise komplekt (tr\u00fckitud \u00f5petusega)"}]},{"@type":"WebSite","@id":"https:\/\/www.lilleliis.com\/et\/#website","url":"https:\/\/www.lilleliis.com\/et\/","name":"lilleliis","description":"Amigurumi m\u00e4nguasjad ja mustrid","potentialAction":[{"@type":"SearchAction","target":{"@type":"EntryPoint","urlTemplate":"https:\/\/www.lilleliis.com\/et\/?s={search_term_string}"},"query-input":{"@type":"PropertyValueSpecification","valueRequired":true,"valueName":"search_term_string"}}],"inLanguage":"et"}]}},"_links":{"self":[{"href":"https:\/\/www.lilleliis.com\/et\/wp-json\/wp\/v2\/product\/105838","targetHints":{"allow":["GET"]}}],"collection":[{"href":"https:\/\/www.lilleliis.com\/et\/wp-json\/wp\/v2\/product"}],"about":[{"href":"https:\/\/www.lilleliis.com\/et\/wp-json\/wp\/v2\/types\/product"}],"replies":[{"embeddable":true,"href":"https:\/\/www.lilleliis.com\/et\/wp-json\/wp\/v2\/comments?post=105838"}],"wp:featuredmedia":[{"embeddable":true,"href":"https:\/\/www.lilleliis.com\/et\/wp-json\/wp\/v2\/media\/105869"}],"wp:attachment":[{"href":"https:\/\/www.lilleliis.com\/et\/wp-json\/wp\/v2\/media?parent=105838"}],"wp:term":[{"taxonomy":"product_brand","embeddable":true,"href":"https:\/\/www.lilleliis.com\/et\/wp-json\/wp\/v2\/product_brand?post=105838"},{"taxonomy":"product_cat","embeddable":true,"href":"https:\/\/www.lilleliis.com\/et\/wp-json\/wp\/v2\/product_cat?post=105838"},{"taxonomy":"product_tag","embeddable":true,"href":"https:\/\/www.lilleliis.com\/et\/wp-json\/wp\/v2\/product_tag?post=105838"}],"curies":[{"name":"wp","href":"https:\/\/api.w.org\/{rel}","templated":true}]}}