{"id":106025,"date":"2026-04-13T20:50:19","date_gmt":"2026-04-13T17:50:19","guid":{"rendered":"https:\/\/www.lilleliis.com\/?post_type=product&#038;p=106025"},"modified":"2026-04-13T21:18:43","modified_gmt":"2026-04-13T18:18:43","slug":"votmehoidja-karabiin","status":"publish","type":"product","link":"https:\/\/www.lilleliis.com\/et\/toode\/votmehoidja-karabiin\/","title":{"rendered":"V\u00f5tmehoidja karabiin"},"content":{"rendered":"<p data-start=\"315\" data-end=\"456\">Tugev v\u00f5tmehoidja karabiin v\u00f5tmehoidjate, kotikettide ja erinevate ripatsite valmistamiseks.<\/p>\n<p data-start=\"458\" data-end=\"678\">Kinnita v\u00f5tmed r\u00f5nga k\u00fclge ja haagi need mugavalt koti v\u00f5i v\u00f6\u00f6 k\u00fclge. Soovi korral saad lisada r\u00f5nga k\u00fclge ka k\u00e4sit\u00f6\u00f6na valmistatud kaunistuse, v\u00f5i muu ripatsi ning kinnitada selle koti, seljakoti v\u00f5i jope k\u00fclge.<\/p>\n<p data-start=\"458\" data-end=\"678\">Materjal: nikeldatud metall<\/p>\n<p data-start=\"458\" data-end=\"678\">M\u00f5\u00f5dud: kogupikkus 9 cm<\/p>\n","protected":false},"excerpt":{"rendered":"<p>V\u00f5tmehoidja karabiin v\u00f5tmehoidjate ja kotiripatsite valmistamiseks. Lihtne kinnitada nii v\u00f5tmeid kui ka k\u00e4sit\u00f6\u00f6na valmistatud kaunistusi.<\/p>\n","protected":false},"featured_media":106028,"comment_status":"open","ping_status":"closed","template":"","meta":[],"product_brand":[1572],"product_cat":[429,568],"product_tag":[],"class_list":{"0":"post-106025","1":"product","2":"type-product","3":"status-publish","4":"has-post-thumbnail","6":"product_brand-opry","7":"product_cat-kasitoo-tarvikud","8":"product_cat-muud-tarvikud","9":"pa_color-hobe","10":"pa_color-must","12":"first","13":"instock","14":"taxable","15":"shipping-taxable","16":"purchasable","17":"product-type-variable"},"yoast_head":"<!-- This site is optimized with the Yoast SEO plugin v27.3 - https:\/\/yoast.com\/product\/yoast-seo-wordpress\/ -->\n<title>V\u00f5tmehoidja karabiin v\u00f5tmehoidjate ja kotiripatsite valmistamiseks | lilleliis<\/title>\n<meta name=\"description\" content=\"Tugev v\u00f5tmehoidja karabiin v\u00f5tmehoidjate ja kotiripatsite valmistamiseks. Lihtne kinnitada nii v\u00f5tmeid kui ka k\u00e4sit\u00f6\u00f6na valmistatud kaunistusi.\" \/>\n<meta name=\"robots\" content=\"index, follow, max-snippet:-1, max-image-preview:large, max-video-preview:-1\" \/>\n<link rel=\"canonical\" href=\"https:\/\/www.lilleliis.com\/et\/toode\/votmehoidja-karabiin\/\" \/>\n<meta property=\"og:locale\" content=\"et_EE\" \/>\n<meta property=\"og:type\" content=\"article\" \/>\n<meta property=\"og:title\" content=\"V\u00f5tmehoidja karabiin v\u00f5tmehoidjate ja kotiripatsite valmistamiseks | lilleliis\" \/>\n<meta property=\"og:description\" content=\"Tugev v\u00f5tmehoidja karabiin v\u00f5tmehoidjate ja kotiripatsite valmistamiseks. Lihtne kinnitada nii v\u00f5tmeid kui ka k\u00e4sit\u00f6\u00f6na valmistatud kaunistusi.\" \/>\n<meta property=\"og:url\" content=\"https:\/\/www.lilleliis.com\/et\/toode\/votmehoidja-karabiin\/\" \/>\n<meta property=\"og:site_name\" content=\"lilleliis\" \/>\n<meta property=\"article:publisher\" content=\"https:\/\/www.facebook.com\/lilleliis-283266335035799\/\" \/>\n<meta property=\"article:modified_time\" content=\"2026-04-13T18:18:43+00:00\" \/>\n<meta property=\"og:image\" content=\"https:\/\/www.lilleliis.com\/wp-content\/uploads\/2026\/04\/votmehoidja-karabiin1.jpg\" \/>\n\t<meta property=\"og:image:width\" content=\"1000\" \/>\n\t<meta property=\"og:image:height\" content=\"1500\" \/>\n\t<meta property=\"og:image:type\" content=\"image\/jpeg\" \/>\n<meta name=\"twitter:card\" content=\"summary_large_image\" \/>\n<meta name=\"twitter:label1\" content=\"Est. reading time\" \/>\n\t<meta name=\"twitter:data1\" content=\"1 minute\" \/>\n<script type=\"application\/ld+json\" class=\"yoast-schema-graph\">{\"@context\":\"https:\\\/\\\/schema.org\",\"@graph\":[{\"@type\":\"WebPage\",\"@id\":\"https:\\\/\\\/www.lilleliis.com\\\/et\\\/toode\\\/votmehoidja-karabiin\\\/\",\"url\":\"https:\\\/\\\/www.lilleliis.com\\\/et\\\/toode\\\/votmehoidja-karabiin\\\/\",\"name\":\"V\u00f5tmehoidja karabiin v\u00f5tmehoidjate ja kotiripatsite valmistamiseks | lilleliis\",\"isPartOf\":{\"@id\":\"https:\\\/\\\/www.lilleliis.com\\\/et\\\/#website\"},\"primaryImageOfPage\":{\"@id\":\"https:\\\/\\\/www.lilleliis.com\\\/et\\\/toode\\\/votmehoidja-karabiin\\\/#primaryimage\"},\"image\":{\"@id\":\"https:\\\/\\\/www.lilleliis.com\\\/et\\\/toode\\\/votmehoidja-karabiin\\\/#primaryimage\"},\"thumbnailUrl\":\"https:\\\/\\\/www.lilleliis.com\\\/wp-content\\\/uploads\\\/2026\\\/04\\\/votmehoidja-karabiin1.jpg\",\"datePublished\":\"2026-04-13T17:50:19+00:00\",\"dateModified\":\"2026-04-13T18:18:43+00:00\",\"description\":\"Tugev v\u00f5tmehoidja karabiin v\u00f5tmehoidjate ja kotiripatsite valmistamiseks. Lihtne kinnitada nii v\u00f5tmeid kui ka k\u00e4sit\u00f6\u00f6na valmistatud kaunistusi.\",\"breadcrumb\":{\"@id\":\"https:\\\/\\\/www.lilleliis.com\\\/et\\\/toode\\\/votmehoidja-karabiin\\\/#breadcrumb\"},\"inLanguage\":\"et\",\"potentialAction\":[{\"@type\":\"ReadAction\",\"target\":[\"https:\\\/\\\/www.lilleliis.com\\\/et\\\/toode\\\/votmehoidja-karabiin\\\/\"]}]},{\"@type\":\"ImageObject\",\"inLanguage\":\"et\",\"@id\":\"https:\\\/\\\/www.lilleliis.com\\\/et\\\/toode\\\/votmehoidja-karabiin\\\/#primaryimage\",\"url\":\"https:\\\/\\\/www.lilleliis.com\\\/wp-content\\\/uploads\\\/2026\\\/04\\\/votmehoidja-karabiin1.jpg\",\"contentUrl\":\"https:\\\/\\\/www.lilleliis.com\\\/wp-content\\\/uploads\\\/2026\\\/04\\\/votmehoidja-karabiin1.jpg\",\"width\":1000,\"height\":1500,\"caption\":\"v\u00f5tmehoidja karabiin\"},{\"@type\":\"BreadcrumbList\",\"@id\":\"https:\\\/\\\/www.lilleliis.com\\\/et\\\/toode\\\/votmehoidja-karabiin\\\/#breadcrumb\",\"itemListElement\":[{\"@type\":\"ListItem\",\"position\":1,\"name\":\"Home\",\"item\":\"https:\\\/\\\/www.lilleliis.com\\\/et\\\/\"},{\"@type\":\"ListItem\",\"position\":2,\"name\":\"Pood\",\"item\":\"https:\\\/\\\/www.lilleliis.com\\\/et\\\/shop\\\/\"},{\"@type\":\"ListItem\",\"position\":3,\"name\":\"V\u00f5tmehoidja karabiin\"}]},{\"@type\":\"WebSite\",\"@id\":\"https:\\\/\\\/www.lilleliis.com\\\/et\\\/#website\",\"url\":\"https:\\\/\\\/www.lilleliis.com\\\/et\\\/\",\"name\":\"lilleliis\",\"description\":\"Amigurumi m\u00e4nguasjad ja mustrid\",\"potentialAction\":[{\"@type\":\"SearchAction\",\"target\":{\"@type\":\"EntryPoint\",\"urlTemplate\":\"https:\\\/\\\/www.lilleliis.com\\\/et\\\/?s={search_term_string}\"},\"query-input\":{\"@type\":\"PropertyValueSpecification\",\"valueRequired\":true,\"valueName\":\"search_term_string\"}}],\"inLanguage\":\"et\"}]}<\/script>\n<!-- \/ Yoast SEO plugin. -->","yoast_head_json":{"title":"V\u00f5tmehoidja karabiin v\u00f5tmehoidjate ja kotiripatsite valmistamiseks | lilleliis","description":"Tugev v\u00f5tmehoidja karabiin v\u00f5tmehoidjate ja kotiripatsite valmistamiseks. Lihtne kinnitada nii v\u00f5tmeid kui ka k\u00e4sit\u00f6\u00f6na valmistatud kaunistusi.","robots":{"index":"index","follow":"follow","max-snippet":"max-snippet:-1","max-image-preview":"max-image-preview:large","max-video-preview":"max-video-preview:-1"},"canonical":"https:\/\/www.lilleliis.com\/et\/toode\/votmehoidja-karabiin\/","og_locale":"et_EE","og_type":"article","og_title":"V\u00f5tmehoidja karabiin v\u00f5tmehoidjate ja kotiripatsite valmistamiseks | lilleliis","og_description":"Tugev v\u00f5tmehoidja karabiin v\u00f5tmehoidjate ja kotiripatsite valmistamiseks. Lihtne kinnitada nii v\u00f5tmeid kui ka k\u00e4sit\u00f6\u00f6na valmistatud kaunistusi.","og_url":"https:\/\/www.lilleliis.com\/et\/toode\/votmehoidja-karabiin\/","og_site_name":"lilleliis","article_publisher":"https:\/\/www.facebook.com\/lilleliis-283266335035799\/","article_modified_time":"2026-04-13T18:18:43+00:00","og_image":[{"width":1000,"height":1500,"url":"https:\/\/www.lilleliis.com\/wp-content\/uploads\/2026\/04\/votmehoidja-karabiin1.jpg","type":"image\/jpeg"}],"twitter_card":"summary_large_image","twitter_misc":{"Est. reading time":"1 minute"},"schema":{"@context":"https:\/\/schema.org","@graph":[{"@type":"WebPage","@id":"https:\/\/www.lilleliis.com\/et\/toode\/votmehoidja-karabiin\/","url":"https:\/\/www.lilleliis.com\/et\/toode\/votmehoidja-karabiin\/","name":"V\u00f5tmehoidja karabiin v\u00f5tmehoidjate ja kotiripatsite valmistamiseks | lilleliis","isPartOf":{"@id":"https:\/\/www.lilleliis.com\/et\/#website"},"primaryImageOfPage":{"@id":"https:\/\/www.lilleliis.com\/et\/toode\/votmehoidja-karabiin\/#primaryimage"},"image":{"@id":"https:\/\/www.lilleliis.com\/et\/toode\/votmehoidja-karabiin\/#primaryimage"},"thumbnailUrl":"https:\/\/www.lilleliis.com\/wp-content\/uploads\/2026\/04\/votmehoidja-karabiin1.jpg","datePublished":"2026-04-13T17:50:19+00:00","dateModified":"2026-04-13T18:18:43+00:00","description":"Tugev v\u00f5tmehoidja karabiin v\u00f5tmehoidjate ja kotiripatsite valmistamiseks. Lihtne kinnitada nii v\u00f5tmeid kui ka k\u00e4sit\u00f6\u00f6na valmistatud kaunistusi.","breadcrumb":{"@id":"https:\/\/www.lilleliis.com\/et\/toode\/votmehoidja-karabiin\/#breadcrumb"},"inLanguage":"et","potentialAction":[{"@type":"ReadAction","target":["https:\/\/www.lilleliis.com\/et\/toode\/votmehoidja-karabiin\/"]}]},{"@type":"ImageObject","inLanguage":"et","@id":"https:\/\/www.lilleliis.com\/et\/toode\/votmehoidja-karabiin\/#primaryimage","url":"https:\/\/www.lilleliis.com\/wp-content\/uploads\/2026\/04\/votmehoidja-karabiin1.jpg","contentUrl":"https:\/\/www.lilleliis.com\/wp-content\/uploads\/2026\/04\/votmehoidja-karabiin1.jpg","width":1000,"height":1500,"caption":"v\u00f5tmehoidja karabiin"},{"@type":"BreadcrumbList","@id":"https:\/\/www.lilleliis.com\/et\/toode\/votmehoidja-karabiin\/#breadcrumb","itemListElement":[{"@type":"ListItem","position":1,"name":"Home","item":"https:\/\/www.lilleliis.com\/et\/"},{"@type":"ListItem","position":2,"name":"Pood","item":"https:\/\/www.lilleliis.com\/et\/shop\/"},{"@type":"ListItem","position":3,"name":"V\u00f5tmehoidja karabiin"}]},{"@type":"WebSite","@id":"https:\/\/www.lilleliis.com\/et\/#website","url":"https:\/\/www.lilleliis.com\/et\/","name":"lilleliis","description":"Amigurumi m\u00e4nguasjad ja mustrid","potentialAction":[{"@type":"SearchAction","target":{"@type":"EntryPoint","urlTemplate":"https:\/\/www.lilleliis.com\/et\/?s={search_term_string}"},"query-input":{"@type":"PropertyValueSpecification","valueRequired":true,"valueName":"search_term_string"}}],"inLanguage":"et"}]}},"_links":{"self":[{"href":"https:\/\/www.lilleliis.com\/et\/wp-json\/wp\/v2\/product\/106025","targetHints":{"allow":["GET"]}}],"collection":[{"href":"https:\/\/www.lilleliis.com\/et\/wp-json\/wp\/v2\/product"}],"about":[{"href":"https:\/\/www.lilleliis.com\/et\/wp-json\/wp\/v2\/types\/product"}],"replies":[{"embeddable":true,"href":"https:\/\/www.lilleliis.com\/et\/wp-json\/wp\/v2\/comments?post=106025"}],"wp:featuredmedia":[{"embeddable":true,"href":"https:\/\/www.lilleliis.com\/et\/wp-json\/wp\/v2\/media\/106028"}],"wp:attachment":[{"href":"https:\/\/www.lilleliis.com\/et\/wp-json\/wp\/v2\/media?parent=106025"}],"wp:term":[{"taxonomy":"product_brand","embeddable":true,"href":"https:\/\/www.lilleliis.com\/et\/wp-json\/wp\/v2\/product_brand?post=106025"},{"taxonomy":"product_cat","embeddable":true,"href":"https:\/\/www.lilleliis.com\/et\/wp-json\/wp\/v2\/product_cat?post=106025"},{"taxonomy":"product_tag","embeddable":true,"href":"https:\/\/www.lilleliis.com\/et\/wp-json\/wp\/v2\/product_tag?post=106025"}],"curies":[{"name":"wp","href":"https:\/\/api.w.org\/{rel}","templated":true}]}}