{"id":106038,"date":"2026-04-13T21:48:12","date_gmt":"2026-04-13T18:48:12","guid":{"rendered":"https:\/\/www.lilleliis.com\/?post_type=product&#038;p=106038"},"modified":"2026-04-13T21:48:12","modified_gmt":"2026-04-13T18:48:12","slug":"vahetatavate-heegelnoelte-komplekt","status":"publish","type":"product","link":"https:\/\/www.lilleliis.com\/et\/toode\/vahetatavate-heegelnoelte-komplekt\/","title":{"rendered":"Vahetatavate heegeln\u00f5elte komplekt KnitPro Oasis"},"content":{"rendered":"<p data-start=\"385\" data-end=\"645\"><span class=\"hover:entity-accent entity-underline inline cursor-pointer align-baseline\"><span class=\"whitespace-normal\">KnitPro<\/span><\/span> esitleb t\u00e4iesti uut lahendust heegeldajatele &#8211; vahetatavate otstega heegeln\u00f5elte sarja, kus \u00fcks mugav k\u00e4epide on kombineeritud erinevate otsikutega.<\/p>\n<p data-start=\"647\" data-end=\"725\"><strong data-start=\"647\" data-end=\"681\">KnitPro Oasis Starter komplekt<\/strong> sisaldab k\u00f5ike vajalikku, et alustada kohe:<\/p>\n<ul data-start=\"727\" data-end=\"941\">\n<li data-section-id=\"ublcoe\" data-start=\"727\" data-end=\"769\">1 puidust k\u00e4epide (Grey Onyx toonis)<\/li>\n<li data-section-id=\"1jagbef\" data-start=\"770\" data-end=\"857\">7 vahetatavat heegeln\u00f5ela otsikut (2.0, 2.5, 3.0, 3.5, 4.0, 4.5 ja 5.0 mm)<\/li>\n<li data-section-id=\"1ufw5hm\" data-start=\"858\" data-end=\"892\">10 metallist silmusem\u00e4rkijat<\/li>\n<li data-section-id=\"cdxzo6\" data-start=\"893\" data-end=\"919\">V\u00e4ike m\u00f5\u00f5dulint (150 cm)<\/li>\n<li data-section-id=\"yjykvi\" data-start=\"920\" data-end=\"941\">K\u00e4sit\u00f6\u00f6k\u00e4\u00e4rid<\/li>\n<\/ul>\n<p data-start=\"943\" data-end=\"1137\">Heegeln\u00f5ela otsikud on valmistatud metallist ning kauni roosakuldse l\u00e4ikega. T\u00e4iuslikult sile pind tagab, et silmused libisevad kergelt ja \u00fchtlaselt, muutes heegeldamise sujuvaks.<\/p>\n<p data-start=\"1139\" data-end=\"1266\">Otsikud kinnituvad k\u00e4epideme k\u00fclge lihtsa keermega &#8211; need p\u00fcsivad kindlalt paigal, kuid vajadusel saab neid h\u00f5lpsasti vahetada.<\/p>\n<p data-start=\"1268\" data-end=\"1463\">K\u00e4epide on valmistatud siledast kasepuidust, mis tundub k\u00e4es soe ja m\u00f5nus. Ergonoomiline disain ja kerged sooned tagavad hea haarde ning mugava kasutamise ka pikemate heegeldamissessioonide ajal.<\/p>\n<p data-start=\"1465\" data-end=\"1592\">Kaunis sametine pinal roosakuldsete detailidega on ilus kingitus heegeldajatele, kes hindavad kvaliteeti, l\u00e4bim\u00f5eldud disaini ja t\u00f6\u00f6kindlust.<\/p>\n","protected":false},"excerpt":{"rendered":"<p>KnitPro Oasis vahetatavate otstega heegeln\u00f5elte komplekt pakub mugavust ja paindlikkust. Komplekti keskmeks on ergonoomiline kasepuidust k\u00e4epide, mille k\u00fclge saab kinnitada erinevas suuruses vahetatavaid heegeln\u00f5ela otsikuid.<\/p>\n<p>Komplekt sisaldab ka muid v\u00e4iksemaid tarvikuid, mis on k\u00f5ik pakitud ilusasse k\u00e4sit\u00f6\u00f6pinalisse.<\/p>\n","protected":false},"featured_media":106045,"comment_status":"open","ping_status":"closed","template":"","meta":[],"product_brand":[1568],"product_cat":[982,429,568],"product_tag":[1585,1722],"class_list":{"0":"post-106038","1":"product","2":"type-product","3":"status-publish","4":"has-post-thumbnail","6":"product_brand-knitpro","7":"product_cat-heegelnoelad-ja-noelad","8":"product_cat-kasitoo-tarvikud","9":"product_cat-muud-tarvikud","10":"product_tag-heegelnoelad","11":"product_tag-kingitus-kasitooarmastajale","13":"first","14":"instock","15":"taxable","16":"shipping-taxable","17":"purchasable","18":"product-type-simple"},"yoast_head":"<!-- This site is optimized with the Yoast SEO plugin v27.3 - https:\/\/yoast.com\/product\/yoast-seo-wordpress\/ -->\n<title>Vahetatavate heegeln\u00f5elte komplekt KnitPro Oasis | lilleliis<\/title>\n<meta name=\"description\" content=\"Vahetatavate heegeln\u00f5elte komplekt KnitPro Oasis - sisaldab ergonoomilist k\u00e4epidet, erinevaid otsikuid ja tarvikuid mugavaks heegeldamiseks.\" \/>\n<meta name=\"robots\" content=\"index, follow, max-snippet:-1, max-image-preview:large, max-video-preview:-1\" \/>\n<link rel=\"canonical\" href=\"https:\/\/www.lilleliis.com\/et\/toode\/vahetatavate-heegelnoelte-komplekt\/\" \/>\n<meta property=\"og:locale\" content=\"et_EE\" \/>\n<meta property=\"og:type\" content=\"article\" \/>\n<meta property=\"og:title\" content=\"Vahetatavate heegeln\u00f5elte komplekt KnitPro Oasis | lilleliis\" \/>\n<meta property=\"og:description\" content=\"Vahetatavate heegeln\u00f5elte komplekt KnitPro Oasis - sisaldab ergonoomilist k\u00e4epidet, erinevaid otsikuid ja tarvikuid mugavaks heegeldamiseks.\" \/>\n<meta property=\"og:url\" content=\"https:\/\/www.lilleliis.com\/et\/toode\/vahetatavate-heegelnoelte-komplekt\/\" \/>\n<meta property=\"og:site_name\" content=\"lilleliis\" \/>\n<meta property=\"article:publisher\" content=\"https:\/\/www.facebook.com\/lilleliis-283266335035799\/\" \/>\n<meta property=\"og:image\" content=\"https:\/\/www.lilleliis.com\/wp-content\/uploads\/2026\/04\/Vahetatavate-heegelnoelte-komplekt4.jpg\" \/>\n\t<meta property=\"og:image:width\" content=\"1000\" \/>\n\t<meta property=\"og:image:height\" content=\"1500\" \/>\n\t<meta property=\"og:image:type\" content=\"image\/jpeg\" \/>\n<meta name=\"twitter:card\" content=\"summary_large_image\" \/>\n<meta name=\"twitter:label1\" content=\"Est. reading time\" \/>\n\t<meta name=\"twitter:data1\" content=\"1 minute\" \/>\n<script type=\"application\/ld+json\" class=\"yoast-schema-graph\">{\"@context\":\"https:\\\/\\\/schema.org\",\"@graph\":[{\"@type\":\"WebPage\",\"@id\":\"https:\\\/\\\/www.lilleliis.com\\\/et\\\/toode\\\/vahetatavate-heegelnoelte-komplekt\\\/\",\"url\":\"https:\\\/\\\/www.lilleliis.com\\\/et\\\/toode\\\/vahetatavate-heegelnoelte-komplekt\\\/\",\"name\":\"Vahetatavate heegeln\u00f5elte komplekt KnitPro Oasis | lilleliis\",\"isPartOf\":{\"@id\":\"https:\\\/\\\/www.lilleliis.com\\\/et\\\/#website\"},\"primaryImageOfPage\":{\"@id\":\"https:\\\/\\\/www.lilleliis.com\\\/et\\\/toode\\\/vahetatavate-heegelnoelte-komplekt\\\/#primaryimage\"},\"image\":{\"@id\":\"https:\\\/\\\/www.lilleliis.com\\\/et\\\/toode\\\/vahetatavate-heegelnoelte-komplekt\\\/#primaryimage\"},\"thumbnailUrl\":\"https:\\\/\\\/www.lilleliis.com\\\/wp-content\\\/uploads\\\/2026\\\/04\\\/Vahetatavate-heegelnoelte-komplekt4.jpg\",\"datePublished\":\"2026-04-13T18:48:12+00:00\",\"description\":\"Vahetatavate heegeln\u00f5elte komplekt KnitPro Oasis - sisaldab ergonoomilist k\u00e4epidet, erinevaid otsikuid ja tarvikuid mugavaks heegeldamiseks.\",\"breadcrumb\":{\"@id\":\"https:\\\/\\\/www.lilleliis.com\\\/et\\\/toode\\\/vahetatavate-heegelnoelte-komplekt\\\/#breadcrumb\"},\"inLanguage\":\"et\",\"potentialAction\":[{\"@type\":\"ReadAction\",\"target\":[\"https:\\\/\\\/www.lilleliis.com\\\/et\\\/toode\\\/vahetatavate-heegelnoelte-komplekt\\\/\"]}]},{\"@type\":\"ImageObject\",\"inLanguage\":\"et\",\"@id\":\"https:\\\/\\\/www.lilleliis.com\\\/et\\\/toode\\\/vahetatavate-heegelnoelte-komplekt\\\/#primaryimage\",\"url\":\"https:\\\/\\\/www.lilleliis.com\\\/wp-content\\\/uploads\\\/2026\\\/04\\\/Vahetatavate-heegelnoelte-komplekt4.jpg\",\"contentUrl\":\"https:\\\/\\\/www.lilleliis.com\\\/wp-content\\\/uploads\\\/2026\\\/04\\\/Vahetatavate-heegelnoelte-komplekt4.jpg\",\"width\":1000,\"height\":1500,\"caption\":\"Vahetatavate heegeln\u00f5elte komplekt knitpro oasis\"},{\"@type\":\"BreadcrumbList\",\"@id\":\"https:\\\/\\\/www.lilleliis.com\\\/et\\\/toode\\\/vahetatavate-heegelnoelte-komplekt\\\/#breadcrumb\",\"itemListElement\":[{\"@type\":\"ListItem\",\"position\":1,\"name\":\"Home\",\"item\":\"https:\\\/\\\/www.lilleliis.com\\\/et\\\/\"},{\"@type\":\"ListItem\",\"position\":2,\"name\":\"Pood\",\"item\":\"https:\\\/\\\/www.lilleliis.com\\\/et\\\/shop\\\/\"},{\"@type\":\"ListItem\",\"position\":3,\"name\":\"Vahetatavate heegeln\u00f5elte komplekt KnitPro Oasis\"}]},{\"@type\":\"WebSite\",\"@id\":\"https:\\\/\\\/www.lilleliis.com\\\/et\\\/#website\",\"url\":\"https:\\\/\\\/www.lilleliis.com\\\/et\\\/\",\"name\":\"lilleliis\",\"description\":\"Amigurumi m\u00e4nguasjad ja mustrid\",\"potentialAction\":[{\"@type\":\"SearchAction\",\"target\":{\"@type\":\"EntryPoint\",\"urlTemplate\":\"https:\\\/\\\/www.lilleliis.com\\\/et\\\/?s={search_term_string}\"},\"query-input\":{\"@type\":\"PropertyValueSpecification\",\"valueRequired\":true,\"valueName\":\"search_term_string\"}}],\"inLanguage\":\"et\"}]}<\/script>\n<!-- \/ Yoast SEO plugin. -->","yoast_head_json":{"title":"Vahetatavate heegeln\u00f5elte komplekt KnitPro Oasis | lilleliis","description":"Vahetatavate heegeln\u00f5elte komplekt KnitPro Oasis - sisaldab ergonoomilist k\u00e4epidet, erinevaid otsikuid ja tarvikuid mugavaks heegeldamiseks.","robots":{"index":"index","follow":"follow","max-snippet":"max-snippet:-1","max-image-preview":"max-image-preview:large","max-video-preview":"max-video-preview:-1"},"canonical":"https:\/\/www.lilleliis.com\/et\/toode\/vahetatavate-heegelnoelte-komplekt\/","og_locale":"et_EE","og_type":"article","og_title":"Vahetatavate heegeln\u00f5elte komplekt KnitPro Oasis | lilleliis","og_description":"Vahetatavate heegeln\u00f5elte komplekt KnitPro Oasis - sisaldab ergonoomilist k\u00e4epidet, erinevaid otsikuid ja tarvikuid mugavaks heegeldamiseks.","og_url":"https:\/\/www.lilleliis.com\/et\/toode\/vahetatavate-heegelnoelte-komplekt\/","og_site_name":"lilleliis","article_publisher":"https:\/\/www.facebook.com\/lilleliis-283266335035799\/","og_image":[{"width":1000,"height":1500,"url":"https:\/\/www.lilleliis.com\/wp-content\/uploads\/2026\/04\/Vahetatavate-heegelnoelte-komplekt4.jpg","type":"image\/jpeg"}],"twitter_card":"summary_large_image","twitter_misc":{"Est. reading time":"1 minute"},"schema":{"@context":"https:\/\/schema.org","@graph":[{"@type":"WebPage","@id":"https:\/\/www.lilleliis.com\/et\/toode\/vahetatavate-heegelnoelte-komplekt\/","url":"https:\/\/www.lilleliis.com\/et\/toode\/vahetatavate-heegelnoelte-komplekt\/","name":"Vahetatavate heegeln\u00f5elte komplekt KnitPro Oasis | lilleliis","isPartOf":{"@id":"https:\/\/www.lilleliis.com\/et\/#website"},"primaryImageOfPage":{"@id":"https:\/\/www.lilleliis.com\/et\/toode\/vahetatavate-heegelnoelte-komplekt\/#primaryimage"},"image":{"@id":"https:\/\/www.lilleliis.com\/et\/toode\/vahetatavate-heegelnoelte-komplekt\/#primaryimage"},"thumbnailUrl":"https:\/\/www.lilleliis.com\/wp-content\/uploads\/2026\/04\/Vahetatavate-heegelnoelte-komplekt4.jpg","datePublished":"2026-04-13T18:48:12+00:00","description":"Vahetatavate heegeln\u00f5elte komplekt KnitPro Oasis - sisaldab ergonoomilist k\u00e4epidet, erinevaid otsikuid ja tarvikuid mugavaks heegeldamiseks.","breadcrumb":{"@id":"https:\/\/www.lilleliis.com\/et\/toode\/vahetatavate-heegelnoelte-komplekt\/#breadcrumb"},"inLanguage":"et","potentialAction":[{"@type":"ReadAction","target":["https:\/\/www.lilleliis.com\/et\/toode\/vahetatavate-heegelnoelte-komplekt\/"]}]},{"@type":"ImageObject","inLanguage":"et","@id":"https:\/\/www.lilleliis.com\/et\/toode\/vahetatavate-heegelnoelte-komplekt\/#primaryimage","url":"https:\/\/www.lilleliis.com\/wp-content\/uploads\/2026\/04\/Vahetatavate-heegelnoelte-komplekt4.jpg","contentUrl":"https:\/\/www.lilleliis.com\/wp-content\/uploads\/2026\/04\/Vahetatavate-heegelnoelte-komplekt4.jpg","width":1000,"height":1500,"caption":"Vahetatavate heegeln\u00f5elte komplekt knitpro oasis"},{"@type":"BreadcrumbList","@id":"https:\/\/www.lilleliis.com\/et\/toode\/vahetatavate-heegelnoelte-komplekt\/#breadcrumb","itemListElement":[{"@type":"ListItem","position":1,"name":"Home","item":"https:\/\/www.lilleliis.com\/et\/"},{"@type":"ListItem","position":2,"name":"Pood","item":"https:\/\/www.lilleliis.com\/et\/shop\/"},{"@type":"ListItem","position":3,"name":"Vahetatavate heegeln\u00f5elte komplekt KnitPro Oasis"}]},{"@type":"WebSite","@id":"https:\/\/www.lilleliis.com\/et\/#website","url":"https:\/\/www.lilleliis.com\/et\/","name":"lilleliis","description":"Amigurumi m\u00e4nguasjad ja mustrid","potentialAction":[{"@type":"SearchAction","target":{"@type":"EntryPoint","urlTemplate":"https:\/\/www.lilleliis.com\/et\/?s={search_term_string}"},"query-input":{"@type":"PropertyValueSpecification","valueRequired":true,"valueName":"search_term_string"}}],"inLanguage":"et"}]}},"_links":{"self":[{"href":"https:\/\/www.lilleliis.com\/et\/wp-json\/wp\/v2\/product\/106038","targetHints":{"allow":["GET"]}}],"collection":[{"href":"https:\/\/www.lilleliis.com\/et\/wp-json\/wp\/v2\/product"}],"about":[{"href":"https:\/\/www.lilleliis.com\/et\/wp-json\/wp\/v2\/types\/product"}],"replies":[{"embeddable":true,"href":"https:\/\/www.lilleliis.com\/et\/wp-json\/wp\/v2\/comments?post=106038"}],"wp:featuredmedia":[{"embeddable":true,"href":"https:\/\/www.lilleliis.com\/et\/wp-json\/wp\/v2\/media\/106045"}],"wp:attachment":[{"href":"https:\/\/www.lilleliis.com\/et\/wp-json\/wp\/v2\/media?parent=106038"}],"wp:term":[{"taxonomy":"product_brand","embeddable":true,"href":"https:\/\/www.lilleliis.com\/et\/wp-json\/wp\/v2\/product_brand?post=106038"},{"taxonomy":"product_cat","embeddable":true,"href":"https:\/\/www.lilleliis.com\/et\/wp-json\/wp\/v2\/product_cat?post=106038"},{"taxonomy":"product_tag","embeddable":true,"href":"https:\/\/www.lilleliis.com\/et\/wp-json\/wp\/v2\/product_tag?post=106038"}],"curies":[{"name":"wp","href":"https:\/\/api.w.org\/{rel}","templated":true}]}}