{"id":106061,"date":"2026-04-15T10:17:42","date_gmt":"2026-04-15T07:17:42","guid":{"rendered":"https:\/\/www.lilleliis.com\/?post_type=product&#038;p=106061"},"modified":"2026-04-16T15:05:04","modified_gmt":"2026-04-16T12:05:04","slug":"lettlopi-islandi-villane-long","status":"publish","type":"product","link":"https:\/\/www.lilleliis.com\/et\/toode\/lettlopi-islandi-villane-long\/","title":{"rendered":"Istex Lopi Lettlopi &#8211; 100% Islandi vill &#8211; 50 g \/ 100 m"},"content":{"rendered":"<p data-start=\"469\" data-end=\"819\">Lettlopi on kvaliteetne ja eksklusiivne l\u00f5ng, mis on valmistatud 100% ehtsast Islandi villast. T\u00e4nu oma looduslikele omadustele on Lettlopi soe, hingav ja vastupidav, mist\u00f5ttu on see ideaalne valik klassikaliste Islandi kampsunite kudumiseks.<\/p>\n<p data-start=\"469\" data-end=\"819\">Villasest l\u00f5ngast saab heegeldada ka erilise maal\u00e4hedase karakteriga m\u00e4nguasju.<\/p>\n<p data-start=\"469\" data-end=\"819\"><div class=\"is-divider divider clearfix\" ><\/div>\n<p data-start=\"821\" data-end=\"1002\">L\u00f5ng on sertifitseeritud OEKO-TEX\u00ae Standard 100 m\u00e4rgisega, mis tagab, et see on ohutu ja nahas\u00f5bralik.<\/p>\n<p data-start=\"821\" data-end=\"1002\">L\u00f5nga on soovitatav pesta k\u00e4sitsi, et s\u00e4ilitada selle parimad omadused ja v\u00e4limus.<\/p>\n<h3>Suurus ja materjal<\/h3>\n<p>L\u00f5nga j\u00e4medus: 50 g \/ 100 m (Aran, 10 ply)<\/p>\n<p>Materjal: 100% Islandi vill<\/p>\n<p>Tootja: Island<\/p>\n<h3>Oeco-tex standard 100 sertifikaat<\/h3>\n<p>Istex Lopi l\u00f5ngad on toodetud rangete Euroopa Liidu eeskirjade j\u00e4rgi ja sertifitseeritud OEKO-TEX Standard 100, tooteklass 1 sertifikaadiga. Tooteklass 1 sertifikaatidel on rangeimad kriteeriumid, mist\u00f5ttu sobib l\u00f5ng ka beebide ja v\u00e4ikelaste tekkide, riiete ja m\u00e4nguasjade tegemiseks. Lisaks on l\u00f5ngale tehtud eraldi laboritestid (Euroopa standardid DIN EN71-3) mis kinnitab, et l\u00f5ng on sobilik m\u00e4nguasjade tootmiseks.<\/p>\n<h3>Kuidas l\u00f5nga hooldada<\/h3>\n<p>K\u00e4sipesu, max 30\u00b0C \/ kuivata tasapinnal<\/p>\n","protected":false},"excerpt":{"rendered":"<p>Lettlopi on peen ja eksklusiivne 100% Islandi villane l\u00f5ng, mis on m\u00f5eldud erinevate kudumite, ennek\u00f5ike traditsiooniliste Islandi kampsunite kudumiseks.<\/p>\n<p>Villasest l\u00f5ngast saab heegeldada ka m\u00e4nguasju ja Islandi villane l\u00f5ng annab neile oma v\u00e4ga erilise karakteri.<\/p>\n<p>L\u00f5ng on OEKO-TEX\u00ae Standard 100 sertifikaadiga. \u00dcks kera kaalub 50 g ja sisaldab 100 m l\u00f5nga.<\/p>\n","protected":false},"featured_media":106082,"comment_status":"open","ping_status":"closed","template":"","meta":[],"product_brand":[1756],"product_cat":[708,429],"product_tag":[1589],"class_list":{"0":"post-106061","1":"product","2":"type-product","3":"status-publish","4":"has-post-thumbnail","6":"product_brand-istex-lopi","7":"product_cat-longad","8":"product_cat-kasitoo-tarvikud","9":"product_tag-villased-longad","10":"pa_yarn-weight-aran-10-ply","12":"first","13":"instock","14":"taxable","15":"shipping-taxable","16":"purchasable","17":"product-type-variable"},"yoast_head":"<!-- This site is optimized with the Yoast SEO plugin v27.3 - https:\/\/yoast.com\/product\/yoast-seo-wordpress\/ -->\n<title>Istex Lopi Lettlopi - 100% Islandi vill - 50 g \/ 100 m | lilleliis<\/title>\n<meta name=\"description\" content=\"Lettlopi islandi villane l\u00f5ng - naturaalne, soe ja vastupidav. Ideaalne Islandi kampsunite ja maal\u00e4hedases stiilis m\u00e4nguasjade valmistamiseks.\" \/>\n<meta name=\"robots\" content=\"index, follow, max-snippet:-1, max-image-preview:large, max-video-preview:-1\" \/>\n<link rel=\"canonical\" href=\"https:\/\/www.lilleliis.com\/et\/toode\/lettlopi-islandi-villane-long\/\" \/>\n<meta property=\"og:locale\" content=\"et_EE\" \/>\n<meta property=\"og:type\" content=\"article\" \/>\n<meta property=\"og:title\" content=\"Istex Lopi Lettlopi - 100% Islandi vill - 50 g \/ 100 m | lilleliis\" \/>\n<meta property=\"og:description\" content=\"Lettlopi islandi villane l\u00f5ng - naturaalne, soe ja vastupidav. Ideaalne Islandi kampsunite ja maal\u00e4hedases stiilis m\u00e4nguasjade valmistamiseks.\" \/>\n<meta property=\"og:url\" content=\"https:\/\/www.lilleliis.com\/et\/toode\/lettlopi-islandi-villane-long\/\" \/>\n<meta property=\"og:site_name\" content=\"lilleliis\" \/>\n<meta property=\"article:publisher\" content=\"https:\/\/www.facebook.com\/lilleliis-283266335035799\/\" \/>\n<meta property=\"article:modified_time\" content=\"2026-04-16T12:05:04+00:00\" \/>\n<meta property=\"og:image\" content=\"https:\/\/www.lilleliis.com\/wp-content\/uploads\/2026\/04\/lettlopi-islandi-villane-long1.jpg\" \/>\n\t<meta property=\"og:image:width\" content=\"1000\" \/>\n\t<meta property=\"og:image:height\" content=\"1500\" \/>\n\t<meta property=\"og:image:type\" content=\"image\/jpeg\" \/>\n<meta name=\"twitter:card\" content=\"summary_large_image\" \/>\n<meta name=\"twitter:label1\" content=\"Est. reading time\" \/>\n\t<meta name=\"twitter:data1\" content=\"1 minute\" \/>\n<script type=\"application\/ld+json\" class=\"yoast-schema-graph\">{\"@context\":\"https:\\\/\\\/schema.org\",\"@graph\":[{\"@type\":\"WebPage\",\"@id\":\"https:\\\/\\\/www.lilleliis.com\\\/et\\\/toode\\\/lettlopi-islandi-villane-long\\\/\",\"url\":\"https:\\\/\\\/www.lilleliis.com\\\/et\\\/toode\\\/lettlopi-islandi-villane-long\\\/\",\"name\":\"Istex Lopi Lettlopi - 100% Islandi vill - 50 g \\\/ 100 m | lilleliis\",\"isPartOf\":{\"@id\":\"https:\\\/\\\/www.lilleliis.com\\\/et\\\/#website\"},\"primaryImageOfPage\":{\"@id\":\"https:\\\/\\\/www.lilleliis.com\\\/et\\\/toode\\\/lettlopi-islandi-villane-long\\\/#primaryimage\"},\"image\":{\"@id\":\"https:\\\/\\\/www.lilleliis.com\\\/et\\\/toode\\\/lettlopi-islandi-villane-long\\\/#primaryimage\"},\"thumbnailUrl\":\"https:\\\/\\\/www.lilleliis.com\\\/wp-content\\\/uploads\\\/2026\\\/04\\\/lettlopi-islandi-villane-long1.jpg\",\"datePublished\":\"2026-04-15T07:17:42+00:00\",\"dateModified\":\"2026-04-16T12:05:04+00:00\",\"description\":\"Lettlopi islandi villane l\u00f5ng - naturaalne, soe ja vastupidav. Ideaalne Islandi kampsunite ja maal\u00e4hedases stiilis m\u00e4nguasjade valmistamiseks.\",\"breadcrumb\":{\"@id\":\"https:\\\/\\\/www.lilleliis.com\\\/et\\\/toode\\\/lettlopi-islandi-villane-long\\\/#breadcrumb\"},\"inLanguage\":\"et\",\"potentialAction\":[{\"@type\":\"ReadAction\",\"target\":[\"https:\\\/\\\/www.lilleliis.com\\\/et\\\/toode\\\/lettlopi-islandi-villane-long\\\/\"]}]},{\"@type\":\"ImageObject\",\"inLanguage\":\"et\",\"@id\":\"https:\\\/\\\/www.lilleliis.com\\\/et\\\/toode\\\/lettlopi-islandi-villane-long\\\/#primaryimage\",\"url\":\"https:\\\/\\\/www.lilleliis.com\\\/wp-content\\\/uploads\\\/2026\\\/04\\\/lettlopi-islandi-villane-long1.jpg\",\"contentUrl\":\"https:\\\/\\\/www.lilleliis.com\\\/wp-content\\\/uploads\\\/2026\\\/04\\\/lettlopi-islandi-villane-long1.jpg\",\"width\":1000,\"height\":1500,\"caption\":\"lettlopi islandi villane l\u00f5ng\"},{\"@type\":\"BreadcrumbList\",\"@id\":\"https:\\\/\\\/www.lilleliis.com\\\/et\\\/toode\\\/lettlopi-islandi-villane-long\\\/#breadcrumb\",\"itemListElement\":[{\"@type\":\"ListItem\",\"position\":1,\"name\":\"Home\",\"item\":\"https:\\\/\\\/www.lilleliis.com\\\/et\\\/\"},{\"@type\":\"ListItem\",\"position\":2,\"name\":\"Pood\",\"item\":\"https:\\\/\\\/www.lilleliis.com\\\/et\\\/shop\\\/\"},{\"@type\":\"ListItem\",\"position\":3,\"name\":\"Istex Lopi Lettlopi &#8211; 100% Islandi vill &#8211; 50 g \\\/ 100 m\"}]},{\"@type\":\"WebSite\",\"@id\":\"https:\\\/\\\/www.lilleliis.com\\\/et\\\/#website\",\"url\":\"https:\\\/\\\/www.lilleliis.com\\\/et\\\/\",\"name\":\"lilleliis\",\"description\":\"Amigurumi m\u00e4nguasjad ja mustrid\",\"potentialAction\":[{\"@type\":\"SearchAction\",\"target\":{\"@type\":\"EntryPoint\",\"urlTemplate\":\"https:\\\/\\\/www.lilleliis.com\\\/et\\\/?s={search_term_string}\"},\"query-input\":{\"@type\":\"PropertyValueSpecification\",\"valueRequired\":true,\"valueName\":\"search_term_string\"}}],\"inLanguage\":\"et\"}]}<\/script>\n<!-- \/ Yoast SEO plugin. -->","yoast_head_json":{"title":"Istex Lopi Lettlopi - 100% Islandi vill - 50 g \/ 100 m | lilleliis","description":"Lettlopi islandi villane l\u00f5ng - naturaalne, soe ja vastupidav. Ideaalne Islandi kampsunite ja maal\u00e4hedases stiilis m\u00e4nguasjade valmistamiseks.","robots":{"index":"index","follow":"follow","max-snippet":"max-snippet:-1","max-image-preview":"max-image-preview:large","max-video-preview":"max-video-preview:-1"},"canonical":"https:\/\/www.lilleliis.com\/et\/toode\/lettlopi-islandi-villane-long\/","og_locale":"et_EE","og_type":"article","og_title":"Istex Lopi Lettlopi - 100% Islandi vill - 50 g \/ 100 m | lilleliis","og_description":"Lettlopi islandi villane l\u00f5ng - naturaalne, soe ja vastupidav. Ideaalne Islandi kampsunite ja maal\u00e4hedases stiilis m\u00e4nguasjade valmistamiseks.","og_url":"https:\/\/www.lilleliis.com\/et\/toode\/lettlopi-islandi-villane-long\/","og_site_name":"lilleliis","article_publisher":"https:\/\/www.facebook.com\/lilleliis-283266335035799\/","article_modified_time":"2026-04-16T12:05:04+00:00","og_image":[{"width":1000,"height":1500,"url":"https:\/\/www.lilleliis.com\/wp-content\/uploads\/2026\/04\/lettlopi-islandi-villane-long1.jpg","type":"image\/jpeg"}],"twitter_card":"summary_large_image","twitter_misc":{"Est. reading time":"1 minute"},"schema":{"@context":"https:\/\/schema.org","@graph":[{"@type":"WebPage","@id":"https:\/\/www.lilleliis.com\/et\/toode\/lettlopi-islandi-villane-long\/","url":"https:\/\/www.lilleliis.com\/et\/toode\/lettlopi-islandi-villane-long\/","name":"Istex Lopi Lettlopi - 100% Islandi vill - 50 g \/ 100 m | lilleliis","isPartOf":{"@id":"https:\/\/www.lilleliis.com\/et\/#website"},"primaryImageOfPage":{"@id":"https:\/\/www.lilleliis.com\/et\/toode\/lettlopi-islandi-villane-long\/#primaryimage"},"image":{"@id":"https:\/\/www.lilleliis.com\/et\/toode\/lettlopi-islandi-villane-long\/#primaryimage"},"thumbnailUrl":"https:\/\/www.lilleliis.com\/wp-content\/uploads\/2026\/04\/lettlopi-islandi-villane-long1.jpg","datePublished":"2026-04-15T07:17:42+00:00","dateModified":"2026-04-16T12:05:04+00:00","description":"Lettlopi islandi villane l\u00f5ng - naturaalne, soe ja vastupidav. Ideaalne Islandi kampsunite ja maal\u00e4hedases stiilis m\u00e4nguasjade valmistamiseks.","breadcrumb":{"@id":"https:\/\/www.lilleliis.com\/et\/toode\/lettlopi-islandi-villane-long\/#breadcrumb"},"inLanguage":"et","potentialAction":[{"@type":"ReadAction","target":["https:\/\/www.lilleliis.com\/et\/toode\/lettlopi-islandi-villane-long\/"]}]},{"@type":"ImageObject","inLanguage":"et","@id":"https:\/\/www.lilleliis.com\/et\/toode\/lettlopi-islandi-villane-long\/#primaryimage","url":"https:\/\/www.lilleliis.com\/wp-content\/uploads\/2026\/04\/lettlopi-islandi-villane-long1.jpg","contentUrl":"https:\/\/www.lilleliis.com\/wp-content\/uploads\/2026\/04\/lettlopi-islandi-villane-long1.jpg","width":1000,"height":1500,"caption":"lettlopi islandi villane l\u00f5ng"},{"@type":"BreadcrumbList","@id":"https:\/\/www.lilleliis.com\/et\/toode\/lettlopi-islandi-villane-long\/#breadcrumb","itemListElement":[{"@type":"ListItem","position":1,"name":"Home","item":"https:\/\/www.lilleliis.com\/et\/"},{"@type":"ListItem","position":2,"name":"Pood","item":"https:\/\/www.lilleliis.com\/et\/shop\/"},{"@type":"ListItem","position":3,"name":"Istex Lopi Lettlopi &#8211; 100% Islandi vill &#8211; 50 g \/ 100 m"}]},{"@type":"WebSite","@id":"https:\/\/www.lilleliis.com\/et\/#website","url":"https:\/\/www.lilleliis.com\/et\/","name":"lilleliis","description":"Amigurumi m\u00e4nguasjad ja mustrid","potentialAction":[{"@type":"SearchAction","target":{"@type":"EntryPoint","urlTemplate":"https:\/\/www.lilleliis.com\/et\/?s={search_term_string}"},"query-input":{"@type":"PropertyValueSpecification","valueRequired":true,"valueName":"search_term_string"}}],"inLanguage":"et"}]}},"_links":{"self":[{"href":"https:\/\/www.lilleliis.com\/et\/wp-json\/wp\/v2\/product\/106061","targetHints":{"allow":["GET"]}}],"collection":[{"href":"https:\/\/www.lilleliis.com\/et\/wp-json\/wp\/v2\/product"}],"about":[{"href":"https:\/\/www.lilleliis.com\/et\/wp-json\/wp\/v2\/types\/product"}],"replies":[{"embeddable":true,"href":"https:\/\/www.lilleliis.com\/et\/wp-json\/wp\/v2\/comments?post=106061"}],"wp:featuredmedia":[{"embeddable":true,"href":"https:\/\/www.lilleliis.com\/et\/wp-json\/wp\/v2\/media\/106082"}],"wp:attachment":[{"href":"https:\/\/www.lilleliis.com\/et\/wp-json\/wp\/v2\/media?parent=106061"}],"wp:term":[{"taxonomy":"product_brand","embeddable":true,"href":"https:\/\/www.lilleliis.com\/et\/wp-json\/wp\/v2\/product_brand?post=106061"},{"taxonomy":"product_cat","embeddable":true,"href":"https:\/\/www.lilleliis.com\/et\/wp-json\/wp\/v2\/product_cat?post=106061"},{"taxonomy":"product_tag","embeddable":true,"href":"https:\/\/www.lilleliis.com\/et\/wp-json\/wp\/v2\/product_tag?post=106061"}],"curies":[{"name":"wp","href":"https:\/\/api.w.org\/{rel}","templated":true}]}}