{"id":106100,"date":"2026-04-16T16:01:51","date_gmt":"2026-04-16T13:01:51","guid":{"rendered":"https:\/\/www.lilleliis.com\/?post_type=product&#038;p=106100"},"modified":"2026-04-17T16:07:58","modified_gmt":"2026-04-17T13:07:58","slug":"heegeldatud-pardipoja-komplekt","status":"publish","type":"product","link":"https:\/\/www.lilleliis.com\/et\/toode\/heegeldatud-pardipoja-komplekt\/","title":{"rendered":"Heegeldatud pardipoja komplekt &#8211; l\u00f5ng ja PDF \u00f5petus"},"content":{"rendered":"<p>Pardipoja heegeldamise komplekt sobib ideaalselt neile, kellel on heegeln\u00f5el ja t\u00e4itematerjal juba olemas ning kes tahavad kohe heegeldama asuda.<\/p>\n<div class=\"is-divider divider clearfix\" ><\/div>\n<h3>Materjali komplekt<\/h3>\n<p>Sisaldab:<\/p>\n<ul>\n<li>1 tokk Rico Chenillove \u0161enill-l\u00f5nga pardi keha valmistamiseks<\/li>\n<li>1 tokk Ricorumi DK puuvillast l\u00f5nga noka heegeldamiseks<\/li>\n<li>jonnipunni sisu<\/li>\n<li>turvasilmi<\/li>\n<li>sobivas toonis satiinpaela<\/li>\n<\/ul>\n<p><strong>Komplektile saad juurde osta pehme <a href=\"https:\/\/www.lilleliis.com\/et\/toode\/poluester-kerakiud\/\">t\u00e4itematerjali<\/a>,\u00a0<a href=\"https:\/\/www.lilleliis.com\/et\/toode\/ergonoomiline-heegelnoel-clover\/\">heegeln\u00f5elad<\/a> (2,5 ja 3,75 mm) ja <a href=\"https:\/\/www.lilleliis.com\/et\/toode\/sukanoel\/\">sukan\u00f5ela<\/a> \u00f5mblemiseks.<\/strong><\/p>\n<div class=\"is-divider divider clearfix\" ><\/div>\n<h3>\u00d5petus<\/h3>\n<p>Autor: Mari-Liis Lille (lilleliis)<\/p>\n<p>\u00d5petuse PDF faili saad allalaetava lingina kohe p\u00e4rast tellimuse esitamist. Prindi see v\u00e4lja v\u00f5i kasuta nutiseadmest.<\/p>\n<p>\u00d5petuse keel: eesti<\/p>\n<p>Raskusaste: keskmine<\/p>\n","protected":false},"excerpt":{"rendered":"<p class=\"isSelectedEnd\">Heegelda ise armas pardipoeg selle vahva komplekti abil, mis sisaldab l\u00f5nga ja eestikeelset allalaetavat \u00f5petust.<\/p>\n<p class=\"isSelectedEnd\">Valikus on kolm v\u00e4rvilahendust &#8211; bee\u017e, roheline ja kollane -, et saaksid luua just endale meelep\u00e4rase pardikese.<\/p>\n<p class=\"isSelectedEnd\">Heegeldatud pardipoja komplekt sisaldab lisaks l\u00f5ngale ka turvasilmi, k\u00f5lisevat jonnipunni mehhanismi ning satiinpaela, mis annab valmis pardikesele viimase lihvi.<\/p>\n<p>\u00d5petus on lihtsasti j\u00e4lgitav ja rohkete samm-sammuliste fotodega, et t\u00f6\u00f6 l\u00e4heks kui lennates.<\/p>\n","protected":false},"featured_media":106182,"comment_status":"open","ping_status":"closed","template":"","meta":[],"product_brand":[1580],"product_cat":[1036],"product_tag":[],"class_list":{"0":"post-106100","1":"product","2":"type-product","3":"status-publish","4":"has-post-thumbnail","6":"product_brand-lilleliis","7":"product_cat-kasitookomplekt","8":"pa_color-beez","9":"pa_color-kollane","10":"pa_color-roheline","12":"first","13":"instock","14":"taxable","15":"shipping-taxable","16":"purchasable","17":"product-type-variable"},"yoast_head":"<!-- This site is optimized with the Yoast SEO plugin v27.3 - https:\/\/yoast.com\/product\/yoast-seo-wordpress\/ -->\n<title>Heegeldatud pardipoja komplekt - l\u00f5ng ja PDF \u00f5petus | lilleliis<\/title>\n<meta name=\"description\" content=\"Heegelda ise armas pardipoeg! Komplekt sisaldab l\u00f5nga, turvasilmi, k\u00f5risevat sisu ja PDF-\u00f5petust. Vali kolme v\u00e4rvilahenduse vahel.\" \/>\n<meta name=\"robots\" content=\"index, follow, max-snippet:-1, max-image-preview:large, max-video-preview:-1\" \/>\n<link rel=\"canonical\" href=\"https:\/\/www.lilleliis.com\/et\/toode\/heegeldatud-pardipoja-komplekt\/\" \/>\n<meta property=\"og:locale\" content=\"et_EE\" \/>\n<meta property=\"og:type\" content=\"article\" \/>\n<meta property=\"og:title\" content=\"Heegeldatud pardipoja komplekt - l\u00f5ng ja PDF \u00f5petus | lilleliis\" \/>\n<meta property=\"og:description\" content=\"Heegelda ise armas pardipoeg! Komplekt sisaldab l\u00f5nga, turvasilmi, k\u00f5risevat sisu ja PDF-\u00f5petust. Vali kolme v\u00e4rvilahenduse vahel.\" \/>\n<meta property=\"og:url\" content=\"https:\/\/www.lilleliis.com\/et\/toode\/heegeldatud-pardipoja-komplekt\/\" \/>\n<meta property=\"og:site_name\" content=\"lilleliis\" \/>\n<meta property=\"article:publisher\" content=\"https:\/\/www.facebook.com\/lilleliis-283266335035799\/\" \/>\n<meta property=\"article:modified_time\" content=\"2026-04-17T13:07:58+00:00\" \/>\n<meta property=\"og:image\" content=\"https:\/\/www.lilleliis.com\/wp-content\/uploads\/2026\/04\/Heegeldatud-pardipoja-komplekt2.jpg\" \/>\n\t<meta property=\"og:image:width\" content=\"1000\" \/>\n\t<meta property=\"og:image:height\" content=\"1500\" \/>\n\t<meta property=\"og:image:type\" content=\"image\/jpeg\" \/>\n<meta name=\"twitter:card\" content=\"summary_large_image\" \/>\n<meta name=\"twitter:label1\" content=\"Est. reading time\" \/>\n\t<meta name=\"twitter:data1\" content=\"1 minute\" \/>\n<script type=\"application\/ld+json\" class=\"yoast-schema-graph\">{\"@context\":\"https:\\\/\\\/schema.org\",\"@graph\":[{\"@type\":\"WebPage\",\"@id\":\"https:\\\/\\\/www.lilleliis.com\\\/et\\\/toode\\\/heegeldatud-pardipoja-komplekt\\\/\",\"url\":\"https:\\\/\\\/www.lilleliis.com\\\/et\\\/toode\\\/heegeldatud-pardipoja-komplekt\\\/\",\"name\":\"Heegeldatud pardipoja komplekt - l\u00f5ng ja PDF \u00f5petus | lilleliis\",\"isPartOf\":{\"@id\":\"https:\\\/\\\/www.lilleliis.com\\\/et\\\/#website\"},\"primaryImageOfPage\":{\"@id\":\"https:\\\/\\\/www.lilleliis.com\\\/et\\\/toode\\\/heegeldatud-pardipoja-komplekt\\\/#primaryimage\"},\"image\":{\"@id\":\"https:\\\/\\\/www.lilleliis.com\\\/et\\\/toode\\\/heegeldatud-pardipoja-komplekt\\\/#primaryimage\"},\"thumbnailUrl\":\"https:\\\/\\\/www.lilleliis.com\\\/wp-content\\\/uploads\\\/2026\\\/04\\\/Heegeldatud-pardipoja-komplekt2.jpg\",\"datePublished\":\"2026-04-16T13:01:51+00:00\",\"dateModified\":\"2026-04-17T13:07:58+00:00\",\"description\":\"Heegelda ise armas pardipoeg! Komplekt sisaldab l\u00f5nga, turvasilmi, k\u00f5risevat sisu ja PDF-\u00f5petust. Vali kolme v\u00e4rvilahenduse vahel.\",\"breadcrumb\":{\"@id\":\"https:\\\/\\\/www.lilleliis.com\\\/et\\\/toode\\\/heegeldatud-pardipoja-komplekt\\\/#breadcrumb\"},\"inLanguage\":\"et\",\"potentialAction\":[{\"@type\":\"ReadAction\",\"target\":[\"https:\\\/\\\/www.lilleliis.com\\\/et\\\/toode\\\/heegeldatud-pardipoja-komplekt\\\/\"]}]},{\"@type\":\"ImageObject\",\"inLanguage\":\"et\",\"@id\":\"https:\\\/\\\/www.lilleliis.com\\\/et\\\/toode\\\/heegeldatud-pardipoja-komplekt\\\/#primaryimage\",\"url\":\"https:\\\/\\\/www.lilleliis.com\\\/wp-content\\\/uploads\\\/2026\\\/04\\\/Heegeldatud-pardipoja-komplekt2.jpg\",\"contentUrl\":\"https:\\\/\\\/www.lilleliis.com\\\/wp-content\\\/uploads\\\/2026\\\/04\\\/Heegeldatud-pardipoja-komplekt2.jpg\",\"width\":1000,\"height\":1500,\"caption\":\"Heegeldatud pardipoja komplekt\"},{\"@type\":\"BreadcrumbList\",\"@id\":\"https:\\\/\\\/www.lilleliis.com\\\/et\\\/toode\\\/heegeldatud-pardipoja-komplekt\\\/#breadcrumb\",\"itemListElement\":[{\"@type\":\"ListItem\",\"position\":1,\"name\":\"Home\",\"item\":\"https:\\\/\\\/www.lilleliis.com\\\/et\\\/\"},{\"@type\":\"ListItem\",\"position\":2,\"name\":\"Pood\",\"item\":\"https:\\\/\\\/www.lilleliis.com\\\/et\\\/shop\\\/\"},{\"@type\":\"ListItem\",\"position\":3,\"name\":\"Heegeldatud pardipoja komplekt &#8211; l\u00f5ng ja PDF \u00f5petus\"}]},{\"@type\":\"WebSite\",\"@id\":\"https:\\\/\\\/www.lilleliis.com\\\/et\\\/#website\",\"url\":\"https:\\\/\\\/www.lilleliis.com\\\/et\\\/\",\"name\":\"lilleliis\",\"description\":\"Amigurumi m\u00e4nguasjad ja mustrid\",\"potentialAction\":[{\"@type\":\"SearchAction\",\"target\":{\"@type\":\"EntryPoint\",\"urlTemplate\":\"https:\\\/\\\/www.lilleliis.com\\\/et\\\/?s={search_term_string}\"},\"query-input\":{\"@type\":\"PropertyValueSpecification\",\"valueRequired\":true,\"valueName\":\"search_term_string\"}}],\"inLanguage\":\"et\"}]}<\/script>\n<!-- \/ Yoast SEO plugin. -->","yoast_head_json":{"title":"Heegeldatud pardipoja komplekt - l\u00f5ng ja PDF \u00f5petus | lilleliis","description":"Heegelda ise armas pardipoeg! Komplekt sisaldab l\u00f5nga, turvasilmi, k\u00f5risevat sisu ja PDF-\u00f5petust. Vali kolme v\u00e4rvilahenduse vahel.","robots":{"index":"index","follow":"follow","max-snippet":"max-snippet:-1","max-image-preview":"max-image-preview:large","max-video-preview":"max-video-preview:-1"},"canonical":"https:\/\/www.lilleliis.com\/et\/toode\/heegeldatud-pardipoja-komplekt\/","og_locale":"et_EE","og_type":"article","og_title":"Heegeldatud pardipoja komplekt - l\u00f5ng ja PDF \u00f5petus | lilleliis","og_description":"Heegelda ise armas pardipoeg! Komplekt sisaldab l\u00f5nga, turvasilmi, k\u00f5risevat sisu ja PDF-\u00f5petust. Vali kolme v\u00e4rvilahenduse vahel.","og_url":"https:\/\/www.lilleliis.com\/et\/toode\/heegeldatud-pardipoja-komplekt\/","og_site_name":"lilleliis","article_publisher":"https:\/\/www.facebook.com\/lilleliis-283266335035799\/","article_modified_time":"2026-04-17T13:07:58+00:00","og_image":[{"width":1000,"height":1500,"url":"https:\/\/www.lilleliis.com\/wp-content\/uploads\/2026\/04\/Heegeldatud-pardipoja-komplekt2.jpg","type":"image\/jpeg"}],"twitter_card":"summary_large_image","twitter_misc":{"Est. reading time":"1 minute"},"schema":{"@context":"https:\/\/schema.org","@graph":[{"@type":"WebPage","@id":"https:\/\/www.lilleliis.com\/et\/toode\/heegeldatud-pardipoja-komplekt\/","url":"https:\/\/www.lilleliis.com\/et\/toode\/heegeldatud-pardipoja-komplekt\/","name":"Heegeldatud pardipoja komplekt - l\u00f5ng ja PDF \u00f5petus | lilleliis","isPartOf":{"@id":"https:\/\/www.lilleliis.com\/et\/#website"},"primaryImageOfPage":{"@id":"https:\/\/www.lilleliis.com\/et\/toode\/heegeldatud-pardipoja-komplekt\/#primaryimage"},"image":{"@id":"https:\/\/www.lilleliis.com\/et\/toode\/heegeldatud-pardipoja-komplekt\/#primaryimage"},"thumbnailUrl":"https:\/\/www.lilleliis.com\/wp-content\/uploads\/2026\/04\/Heegeldatud-pardipoja-komplekt2.jpg","datePublished":"2026-04-16T13:01:51+00:00","dateModified":"2026-04-17T13:07:58+00:00","description":"Heegelda ise armas pardipoeg! Komplekt sisaldab l\u00f5nga, turvasilmi, k\u00f5risevat sisu ja PDF-\u00f5petust. Vali kolme v\u00e4rvilahenduse vahel.","breadcrumb":{"@id":"https:\/\/www.lilleliis.com\/et\/toode\/heegeldatud-pardipoja-komplekt\/#breadcrumb"},"inLanguage":"et","potentialAction":[{"@type":"ReadAction","target":["https:\/\/www.lilleliis.com\/et\/toode\/heegeldatud-pardipoja-komplekt\/"]}]},{"@type":"ImageObject","inLanguage":"et","@id":"https:\/\/www.lilleliis.com\/et\/toode\/heegeldatud-pardipoja-komplekt\/#primaryimage","url":"https:\/\/www.lilleliis.com\/wp-content\/uploads\/2026\/04\/Heegeldatud-pardipoja-komplekt2.jpg","contentUrl":"https:\/\/www.lilleliis.com\/wp-content\/uploads\/2026\/04\/Heegeldatud-pardipoja-komplekt2.jpg","width":1000,"height":1500,"caption":"Heegeldatud pardipoja komplekt"},{"@type":"BreadcrumbList","@id":"https:\/\/www.lilleliis.com\/et\/toode\/heegeldatud-pardipoja-komplekt\/#breadcrumb","itemListElement":[{"@type":"ListItem","position":1,"name":"Home","item":"https:\/\/www.lilleliis.com\/et\/"},{"@type":"ListItem","position":2,"name":"Pood","item":"https:\/\/www.lilleliis.com\/et\/shop\/"},{"@type":"ListItem","position":3,"name":"Heegeldatud pardipoja komplekt &#8211; l\u00f5ng ja PDF \u00f5petus"}]},{"@type":"WebSite","@id":"https:\/\/www.lilleliis.com\/et\/#website","url":"https:\/\/www.lilleliis.com\/et\/","name":"lilleliis","description":"Amigurumi m\u00e4nguasjad ja mustrid","potentialAction":[{"@type":"SearchAction","target":{"@type":"EntryPoint","urlTemplate":"https:\/\/www.lilleliis.com\/et\/?s={search_term_string}"},"query-input":{"@type":"PropertyValueSpecification","valueRequired":true,"valueName":"search_term_string"}}],"inLanguage":"et"}]}},"_links":{"self":[{"href":"https:\/\/www.lilleliis.com\/et\/wp-json\/wp\/v2\/product\/106100","targetHints":{"allow":["GET"]}}],"collection":[{"href":"https:\/\/www.lilleliis.com\/et\/wp-json\/wp\/v2\/product"}],"about":[{"href":"https:\/\/www.lilleliis.com\/et\/wp-json\/wp\/v2\/types\/product"}],"replies":[{"embeddable":true,"href":"https:\/\/www.lilleliis.com\/et\/wp-json\/wp\/v2\/comments?post=106100"}],"wp:featuredmedia":[{"embeddable":true,"href":"https:\/\/www.lilleliis.com\/et\/wp-json\/wp\/v2\/media\/106182"}],"wp:attachment":[{"href":"https:\/\/www.lilleliis.com\/et\/wp-json\/wp\/v2\/media?parent=106100"}],"wp:term":[{"taxonomy":"product_brand","embeddable":true,"href":"https:\/\/www.lilleliis.com\/et\/wp-json\/wp\/v2\/product_brand?post=106100"},{"taxonomy":"product_cat","embeddable":true,"href":"https:\/\/www.lilleliis.com\/et\/wp-json\/wp\/v2\/product_cat?post=106100"},{"taxonomy":"product_tag","embeddable":true,"href":"https:\/\/www.lilleliis.com\/et\/wp-json\/wp\/v2\/product_tag?post=106100"}],"curies":[{"name":"wp","href":"https:\/\/api.w.org\/{rel}","templated":true}]}}