{"id":106414,"date":"2026-04-28T13:46:43","date_gmt":"2026-04-28T10:46:43","guid":{"rendered":"https:\/\/www.lilleliis.com\/?post_type=product&#038;p=106414"},"modified":"2026-04-28T14:31:52","modified_gmt":"2026-04-28T11:31:52","slug":"lamba-heegeldamise-komplekt","status":"publish","type":"product","link":"https:\/\/www.lilleliis.com\/et\/toode\/lamba-heegeldamise-komplekt\/","title":{"rendered":"Lamba heegeldamise komplekt (l\u00f5ng ja PDF \u00f5petus)"},"content":{"rendered":"<p>Lamba heegeldamise komplekt sobib ideaalselt neile, kellel on heegeln\u00f5el ja t\u00e4itematerjal juba olemas ning kes tahavad kohe heegeldama asuda.<\/p>\n<div class=\"is-divider divider clearfix\" ><\/div>\n<h3>Materjali komplekt<\/h3>\n<p>Sisaldab:<\/p>\n<ul>\n<li>1 tokk Rico Fashion Alpaca Superfine Heavens Uni erilise karvaefekti saavutamiseks<\/li>\n<li>3 tokki Rico Essentials Soft Merino Aran meriinovillast l\u00f5nga<\/li>\n<li>tumepruunis toonis turvasilmi<\/li>\n<li>3 pisikest n\u00f6\u00f6pi<\/li>\n<\/ul>\n<p><strong>Komplektile saad juurde osta pehme <a href=\"https:\/\/www.lilleliis.com\/et\/toode\/poluester-kerakiud\/\">t\u00e4itematerjali<\/a>,\u00a0<a href=\"https:\/\/www.lilleliis.com\/et\/toode\/ergonoomiline-heegelnoel-clover\/\">heegeln\u00f5elad<\/a> (3,0 ja 3,5 mm) ja <a href=\"https:\/\/www.lilleliis.com\/et\/toode\/sukanoel\/\">sukan\u00f5ela<\/a> \u00f5mblemiseks.<\/strong><\/p>\n<div class=\"is-divider divider clearfix\" ><\/div>\n<h3>\u00d5petus<\/h3>\n<p>Autor: Mari-Liis Lille (lilleliis)<\/p>\n<p>\u00d5petuse &#8220;Lammas Pilvepai&#8221; PDF faili saad allalaetava lingina kohe p\u00e4rast tellimuse esitamist. Prindi see v\u00e4lja v\u00f5i kasuta nutiseadmest.<\/p>\n<p>\u00d5petuse keel: eesti<\/p>\n<p>Raskusaste: keskmine<\/p>\n","protected":false},"excerpt":{"rendered":"<p class=\"isSelectedEnd\">Heegelda ise pehme lammas selle vahva komplekti abil, mis sisaldab materjale ja eestikeelset allalaetavat \u00f5petust.<\/p>\n<p class=\"isSelectedEnd\">Lamba heegeldamise komplekt sisaldab kvaliteetseid ja naturaalseid meriino- ja alpakavilla sisaldavaid l\u00f5ngu, mis annavad lambale eriliselt pehme ja koheva, ehtsa lambakarva sarnase tekstuuri. Lisaks on komplektis sobivas suuruses turvasilmad ning v\u00e4ikesed n\u00f6\u00f6bid, mis lisavad viimase lihvi.<\/p>\n<p>Valikus on kaks v\u00e4rvilahendust &#8211; bee\u017e ja hall.<\/p>\n<p>Keskmisele raskusastmele m\u00f5eldud \u00f5petus on lihtsasti j\u00e4lgitav ja rohkete samm-sammuliste fotodega, et t\u00f6\u00f6 l\u00e4heks libedalt.<\/p>\n","protected":false},"featured_media":106424,"comment_status":"open","ping_status":"closed","template":"","meta":[],"product_brand":[1580],"product_cat":[1036],"product_tag":[],"class_list":{"0":"post-106414","1":"product","2":"type-product","3":"status-publish","4":"has-post-thumbnail","6":"product_brand-lilleliis","7":"product_cat-kasitookomplekt","8":"pa_color-beez","9":"pa_color-hall","11":"first","12":"instock","13":"taxable","14":"shipping-taxable","15":"purchasable","16":"product-type-variable"},"yoast_head":"<!-- This site is optimized with the Yoast SEO plugin v27.3 - https:\/\/yoast.com\/product\/yoast-seo-wordpress\/ -->\n<title>Lamba heegeldamise komplekt - l\u00f5ng ja PDF \u00f5petus | lilleliis<\/title>\n<meta name=\"description\" content=\"Heegelda ise eriliselt pehme ja m\u00f5nus kaisulammas. Lamba heegeldamise komplekt sisaldab vajalikke materjale ja allalaetavat eestikeelset \u00f5petust.\" \/>\n<meta name=\"robots\" content=\"index, follow, max-snippet:-1, max-image-preview:large, max-video-preview:-1\" \/>\n<link rel=\"canonical\" href=\"https:\/\/www.lilleliis.com\/et\/toode\/lamba-heegeldamise-komplekt\/\" \/>\n<meta property=\"og:locale\" content=\"et_EE\" \/>\n<meta property=\"og:type\" content=\"article\" \/>\n<meta property=\"og:title\" content=\"Lamba heegeldamise komplekt - l\u00f5ng ja PDF \u00f5petus | lilleliis\" \/>\n<meta property=\"og:description\" content=\"Heegelda ise eriliselt pehme ja m\u00f5nus kaisulammas. Lamba heegeldamise komplekt sisaldab vajalikke materjale ja allalaetavat eestikeelset \u00f5petust.\" \/>\n<meta property=\"og:url\" content=\"https:\/\/www.lilleliis.com\/et\/toode\/lamba-heegeldamise-komplekt\/\" \/>\n<meta property=\"og:site_name\" content=\"lilleliis\" \/>\n<meta property=\"article:publisher\" content=\"https:\/\/www.facebook.com\/lilleliis-283266335035799\/\" \/>\n<meta property=\"article:modified_time\" content=\"2026-04-28T11:31:52+00:00\" \/>\n<meta property=\"og:image\" content=\"https:\/\/www.lilleliis.com\/wp-content\/uploads\/2026\/04\/lamba-heegeldamise-komplekt1.jpg\" \/>\n\t<meta property=\"og:image:width\" content=\"1000\" \/>\n\t<meta property=\"og:image:height\" content=\"1500\" \/>\n\t<meta property=\"og:image:type\" content=\"image\/jpeg\" \/>\n<meta name=\"twitter:card\" content=\"summary_large_image\" \/>\n<meta name=\"twitter:label1\" content=\"Est. reading time\" \/>\n\t<meta name=\"twitter:data1\" content=\"1 minute\" \/>\n<script type=\"application\/ld+json\" class=\"yoast-schema-graph\">{\"@context\":\"https:\\\/\\\/schema.org\",\"@graph\":[{\"@type\":\"WebPage\",\"@id\":\"https:\\\/\\\/www.lilleliis.com\\\/et\\\/toode\\\/lamba-heegeldamise-komplekt\\\/\",\"url\":\"https:\\\/\\\/www.lilleliis.com\\\/et\\\/toode\\\/lamba-heegeldamise-komplekt\\\/\",\"name\":\"Lamba heegeldamise komplekt - l\u00f5ng ja PDF \u00f5petus | lilleliis\",\"isPartOf\":{\"@id\":\"https:\\\/\\\/www.lilleliis.com\\\/et\\\/#website\"},\"primaryImageOfPage\":{\"@id\":\"https:\\\/\\\/www.lilleliis.com\\\/et\\\/toode\\\/lamba-heegeldamise-komplekt\\\/#primaryimage\"},\"image\":{\"@id\":\"https:\\\/\\\/www.lilleliis.com\\\/et\\\/toode\\\/lamba-heegeldamise-komplekt\\\/#primaryimage\"},\"thumbnailUrl\":\"https:\\\/\\\/www.lilleliis.com\\\/wp-content\\\/uploads\\\/2026\\\/04\\\/lamba-heegeldamise-komplekt1.jpg\",\"datePublished\":\"2026-04-28T10:46:43+00:00\",\"dateModified\":\"2026-04-28T11:31:52+00:00\",\"description\":\"Heegelda ise eriliselt pehme ja m\u00f5nus kaisulammas. Lamba heegeldamise komplekt sisaldab vajalikke materjale ja allalaetavat eestikeelset \u00f5petust.\",\"breadcrumb\":{\"@id\":\"https:\\\/\\\/www.lilleliis.com\\\/et\\\/toode\\\/lamba-heegeldamise-komplekt\\\/#breadcrumb\"},\"inLanguage\":\"et\",\"potentialAction\":[{\"@type\":\"ReadAction\",\"target\":[\"https:\\\/\\\/www.lilleliis.com\\\/et\\\/toode\\\/lamba-heegeldamise-komplekt\\\/\"]}]},{\"@type\":\"ImageObject\",\"inLanguage\":\"et\",\"@id\":\"https:\\\/\\\/www.lilleliis.com\\\/et\\\/toode\\\/lamba-heegeldamise-komplekt\\\/#primaryimage\",\"url\":\"https:\\\/\\\/www.lilleliis.com\\\/wp-content\\\/uploads\\\/2026\\\/04\\\/lamba-heegeldamise-komplekt1.jpg\",\"contentUrl\":\"https:\\\/\\\/www.lilleliis.com\\\/wp-content\\\/uploads\\\/2026\\\/04\\\/lamba-heegeldamise-komplekt1.jpg\",\"width\":1000,\"height\":1500,\"caption\":\"lamba heegeldamise komplekt\"},{\"@type\":\"BreadcrumbList\",\"@id\":\"https:\\\/\\\/www.lilleliis.com\\\/et\\\/toode\\\/lamba-heegeldamise-komplekt\\\/#breadcrumb\",\"itemListElement\":[{\"@type\":\"ListItem\",\"position\":1,\"name\":\"Home\",\"item\":\"https:\\\/\\\/www.lilleliis.com\\\/et\\\/\"},{\"@type\":\"ListItem\",\"position\":2,\"name\":\"Pood\",\"item\":\"https:\\\/\\\/www.lilleliis.com\\\/et\\\/shop\\\/\"},{\"@type\":\"ListItem\",\"position\":3,\"name\":\"Lamba heegeldamise komplekt (l\u00f5ng ja PDF \u00f5petus)\"}]},{\"@type\":\"WebSite\",\"@id\":\"https:\\\/\\\/www.lilleliis.com\\\/et\\\/#website\",\"url\":\"https:\\\/\\\/www.lilleliis.com\\\/et\\\/\",\"name\":\"lilleliis\",\"description\":\"Amigurumi m\u00e4nguasjad ja mustrid\",\"potentialAction\":[{\"@type\":\"SearchAction\",\"target\":{\"@type\":\"EntryPoint\",\"urlTemplate\":\"https:\\\/\\\/www.lilleliis.com\\\/et\\\/?s={search_term_string}\"},\"query-input\":{\"@type\":\"PropertyValueSpecification\",\"valueRequired\":true,\"valueName\":\"search_term_string\"}}],\"inLanguage\":\"et\"}]}<\/script>\n<!-- \/ Yoast SEO plugin. -->","yoast_head_json":{"title":"Lamba heegeldamise komplekt - l\u00f5ng ja PDF \u00f5petus | lilleliis","description":"Heegelda ise eriliselt pehme ja m\u00f5nus kaisulammas. Lamba heegeldamise komplekt sisaldab vajalikke materjale ja allalaetavat eestikeelset \u00f5petust.","robots":{"index":"index","follow":"follow","max-snippet":"max-snippet:-1","max-image-preview":"max-image-preview:large","max-video-preview":"max-video-preview:-1"},"canonical":"https:\/\/www.lilleliis.com\/et\/toode\/lamba-heegeldamise-komplekt\/","og_locale":"et_EE","og_type":"article","og_title":"Lamba heegeldamise komplekt - l\u00f5ng ja PDF \u00f5petus | lilleliis","og_description":"Heegelda ise eriliselt pehme ja m\u00f5nus kaisulammas. Lamba heegeldamise komplekt sisaldab vajalikke materjale ja allalaetavat eestikeelset \u00f5petust.","og_url":"https:\/\/www.lilleliis.com\/et\/toode\/lamba-heegeldamise-komplekt\/","og_site_name":"lilleliis","article_publisher":"https:\/\/www.facebook.com\/lilleliis-283266335035799\/","article_modified_time":"2026-04-28T11:31:52+00:00","og_image":[{"width":1000,"height":1500,"url":"https:\/\/www.lilleliis.com\/wp-content\/uploads\/2026\/04\/lamba-heegeldamise-komplekt1.jpg","type":"image\/jpeg"}],"twitter_card":"summary_large_image","twitter_misc":{"Est. reading time":"1 minute"},"schema":{"@context":"https:\/\/schema.org","@graph":[{"@type":"WebPage","@id":"https:\/\/www.lilleliis.com\/et\/toode\/lamba-heegeldamise-komplekt\/","url":"https:\/\/www.lilleliis.com\/et\/toode\/lamba-heegeldamise-komplekt\/","name":"Lamba heegeldamise komplekt - l\u00f5ng ja PDF \u00f5petus | lilleliis","isPartOf":{"@id":"https:\/\/www.lilleliis.com\/et\/#website"},"primaryImageOfPage":{"@id":"https:\/\/www.lilleliis.com\/et\/toode\/lamba-heegeldamise-komplekt\/#primaryimage"},"image":{"@id":"https:\/\/www.lilleliis.com\/et\/toode\/lamba-heegeldamise-komplekt\/#primaryimage"},"thumbnailUrl":"https:\/\/www.lilleliis.com\/wp-content\/uploads\/2026\/04\/lamba-heegeldamise-komplekt1.jpg","datePublished":"2026-04-28T10:46:43+00:00","dateModified":"2026-04-28T11:31:52+00:00","description":"Heegelda ise eriliselt pehme ja m\u00f5nus kaisulammas. Lamba heegeldamise komplekt sisaldab vajalikke materjale ja allalaetavat eestikeelset \u00f5petust.","breadcrumb":{"@id":"https:\/\/www.lilleliis.com\/et\/toode\/lamba-heegeldamise-komplekt\/#breadcrumb"},"inLanguage":"et","potentialAction":[{"@type":"ReadAction","target":["https:\/\/www.lilleliis.com\/et\/toode\/lamba-heegeldamise-komplekt\/"]}]},{"@type":"ImageObject","inLanguage":"et","@id":"https:\/\/www.lilleliis.com\/et\/toode\/lamba-heegeldamise-komplekt\/#primaryimage","url":"https:\/\/www.lilleliis.com\/wp-content\/uploads\/2026\/04\/lamba-heegeldamise-komplekt1.jpg","contentUrl":"https:\/\/www.lilleliis.com\/wp-content\/uploads\/2026\/04\/lamba-heegeldamise-komplekt1.jpg","width":1000,"height":1500,"caption":"lamba heegeldamise komplekt"},{"@type":"BreadcrumbList","@id":"https:\/\/www.lilleliis.com\/et\/toode\/lamba-heegeldamise-komplekt\/#breadcrumb","itemListElement":[{"@type":"ListItem","position":1,"name":"Home","item":"https:\/\/www.lilleliis.com\/et\/"},{"@type":"ListItem","position":2,"name":"Pood","item":"https:\/\/www.lilleliis.com\/et\/shop\/"},{"@type":"ListItem","position":3,"name":"Lamba heegeldamise komplekt (l\u00f5ng ja PDF \u00f5petus)"}]},{"@type":"WebSite","@id":"https:\/\/www.lilleliis.com\/et\/#website","url":"https:\/\/www.lilleliis.com\/et\/","name":"lilleliis","description":"Amigurumi m\u00e4nguasjad ja mustrid","potentialAction":[{"@type":"SearchAction","target":{"@type":"EntryPoint","urlTemplate":"https:\/\/www.lilleliis.com\/et\/?s={search_term_string}"},"query-input":{"@type":"PropertyValueSpecification","valueRequired":true,"valueName":"search_term_string"}}],"inLanguage":"et"}]}},"_links":{"self":[{"href":"https:\/\/www.lilleliis.com\/et\/wp-json\/wp\/v2\/product\/106414","targetHints":{"allow":["GET"]}}],"collection":[{"href":"https:\/\/www.lilleliis.com\/et\/wp-json\/wp\/v2\/product"}],"about":[{"href":"https:\/\/www.lilleliis.com\/et\/wp-json\/wp\/v2\/types\/product"}],"replies":[{"embeddable":true,"href":"https:\/\/www.lilleliis.com\/et\/wp-json\/wp\/v2\/comments?post=106414"}],"wp:featuredmedia":[{"embeddable":true,"href":"https:\/\/www.lilleliis.com\/et\/wp-json\/wp\/v2\/media\/106424"}],"wp:attachment":[{"href":"https:\/\/www.lilleliis.com\/et\/wp-json\/wp\/v2\/media?parent=106414"}],"wp:term":[{"taxonomy":"product_brand","embeddable":true,"href":"https:\/\/www.lilleliis.com\/et\/wp-json\/wp\/v2\/product_brand?post=106414"},{"taxonomy":"product_cat","embeddable":true,"href":"https:\/\/www.lilleliis.com\/et\/wp-json\/wp\/v2\/product_cat?post=106414"},{"taxonomy":"product_tag","embeddable":true,"href":"https:\/\/www.lilleliis.com\/et\/wp-json\/wp\/v2\/product_tag?post=106414"}],"curies":[{"name":"wp","href":"https:\/\/api.w.org\/{rel}","templated":true}]}}