{"id":106540,"date":"2026-05-13T09:38:23","date_gmt":"2026-05-13T06:38:23","guid":{"rendered":"https:\/\/www.lilleliis.com\/?post_type=product&#038;p=106540"},"modified":"2026-05-13T10:12:37","modified_gmt":"2026-05-13T07:12:37","slug":"mangopuust-heegelnoel","status":"publish","type":"product","link":"https:\/\/www.lilleliis.com\/et\/toode\/mangopuust-heegelnoel\/","title":{"rendered":"Mangopuust heegeln\u00f5el \u2013 Bohin (3,5-8 mm)"},"content":{"rendered":"<p data-start=\"246\" data-end=\"470\">Bohini mangopuust heegeln\u00f5el on loodud heegeldajale, kes hindab kvaliteeti ja kaunist v\u00e4limust. Naturaalsest mangopuust valmistatud k\u00e4epide on soe ja mugav hoida. Parajalt terava tipuga heegeln\u00f5el liigub sujuvalt l\u00e4bi silmuste ning k\u00e4si ei v\u00e4si ka pikema heegeldamise ajal.<\/p>\n<p data-start=\"472\" data-end=\"741\">Kuna tegemist on naturaalse puiduga, siis on iga heegeln\u00f5el oman\u00e4olise puidus\u00fc\u00fcga. K\u00f5igil suurustel on ise v\u00e4rvi k\u00e4epide, mille t\u00f5ttu on neid lihtne eristada.<\/p>\n<p data-start=\"743\" data-end=\"932\"><div class=\"is-divider divider clearfix\" ><\/div>\n<p data-start=\"743\" data-end=\"932\">Pikkus: 15 cm<\/p>\n<p data-start=\"743\" data-end=\"932\">Materjal: mangopuu<\/p>\n","protected":false},"excerpt":{"rendered":"<p>Elegantne ja mugav mangopuust heegeln\u00f5el firmalt Bohin. See ei ole lihtsalt t\u00f6\u00f6vahend, vaid ka ilus detail sinu k\u00e4sit\u00f6\u00f6kotis.<\/p>\n<p>Naturaalne puidust k\u00e4epide on soe ja istub m\u00f5nusalt k\u00e4es, see muudab heegeldamise nauditavaks ka suuremate projektide puhul.<\/p>\n","protected":false},"featured_media":106571,"comment_status":"open","ping_status":"closed","template":"","meta":[],"product_brand":[1571],"product_cat":[982,429],"product_tag":[1585],"class_list":{"0":"post-106540","1":"product","2":"type-product","3":"status-publish","4":"has-post-thumbnail","6":"product_brand-bohin","7":"product_cat-heegelnoelad-ja-noelad","8":"product_cat-kasitoo-tarvikud","9":"product_tag-heegelnoelad","10":"pa_choose-hook-size-3-5-mm","11":"pa_choose-hook-size-4-0-mm","12":"pa_choose-hook-size-5-0-mm","13":"pa_choose-hook-size-6-0-mm","14":"pa_choose-hook-size-7-mm","15":"pa_choose-hook-size-8-mm","17":"first","18":"instock","19":"taxable","20":"shipping-taxable","21":"purchasable","22":"product-type-variable"},"yoast_head":"<!-- This site is optimized with the Yoast SEO plugin v27.3 - https:\/\/yoast.com\/product\/yoast-seo-wordpress\/ -->\n<title>Mangopuust heegeln\u00f5el firmalt Bohin | lilleliis<\/title>\n<meta name=\"description\" content=\"Elegantne ja mugav mangopuust heegeln\u00f5el firmalt Bohin. Naturaalne puidust k\u00e4epide on soe ja istub m\u00f5nusalt k\u00e4es. Terav tipp libiseb sujuvalt l\u00e4bi t\u00f6\u00f6.\" \/>\n<meta name=\"robots\" content=\"index, follow, max-snippet:-1, max-image-preview:large, max-video-preview:-1\" \/>\n<link rel=\"canonical\" href=\"https:\/\/www.lilleliis.com\/et\/toode\/mangopuust-heegelnoel\/\" \/>\n<meta property=\"og:locale\" content=\"et_EE\" \/>\n<meta property=\"og:type\" content=\"article\" \/>\n<meta property=\"og:title\" content=\"Mangopuust heegeln\u00f5el firmalt Bohin | lilleliis\" \/>\n<meta property=\"og:description\" content=\"Elegantne ja mugav mangopuust heegeln\u00f5el firmalt Bohin. Naturaalne puidust k\u00e4epide on soe ja istub m\u00f5nusalt k\u00e4es. Terav tipp libiseb sujuvalt l\u00e4bi t\u00f6\u00f6.\" \/>\n<meta property=\"og:url\" content=\"https:\/\/www.lilleliis.com\/et\/toode\/mangopuust-heegelnoel\/\" \/>\n<meta property=\"og:site_name\" content=\"lilleliis\" \/>\n<meta property=\"article:publisher\" content=\"https:\/\/www.facebook.com\/lilleliis-283266335035799\/\" \/>\n<meta property=\"article:modified_time\" content=\"2026-05-13T07:12:37+00:00\" \/>\n<meta property=\"og:image\" content=\"https:\/\/www.lilleliis.com\/wp-content\/uploads\/2026\/05\/mangopuust-heegelnoel4.jpg\" \/>\n\t<meta property=\"og:image:width\" content=\"1000\" \/>\n\t<meta property=\"og:image:height\" content=\"1500\" \/>\n\t<meta property=\"og:image:type\" content=\"image\/jpeg\" \/>\n<meta name=\"twitter:card\" content=\"summary_large_image\" \/>\n<meta name=\"twitter:label1\" content=\"Est. reading time\" \/>\n\t<meta name=\"twitter:data1\" content=\"1 minute\" \/>\n<script type=\"application\/ld+json\" class=\"yoast-schema-graph\">{\"@context\":\"https:\\\/\\\/schema.org\",\"@graph\":[{\"@type\":\"WebPage\",\"@id\":\"https:\\\/\\\/www.lilleliis.com\\\/et\\\/toode\\\/mangopuust-heegelnoel\\\/\",\"url\":\"https:\\\/\\\/www.lilleliis.com\\\/et\\\/toode\\\/mangopuust-heegelnoel\\\/\",\"name\":\"Mangopuust heegeln\u00f5el firmalt Bohin | lilleliis\",\"isPartOf\":{\"@id\":\"https:\\\/\\\/www.lilleliis.com\\\/et\\\/#website\"},\"primaryImageOfPage\":{\"@id\":\"https:\\\/\\\/www.lilleliis.com\\\/et\\\/toode\\\/mangopuust-heegelnoel\\\/#primaryimage\"},\"image\":{\"@id\":\"https:\\\/\\\/www.lilleliis.com\\\/et\\\/toode\\\/mangopuust-heegelnoel\\\/#primaryimage\"},\"thumbnailUrl\":\"https:\\\/\\\/www.lilleliis.com\\\/wp-content\\\/uploads\\\/2026\\\/05\\\/mangopuust-heegelnoel4.jpg\",\"datePublished\":\"2026-05-13T06:38:23+00:00\",\"dateModified\":\"2026-05-13T07:12:37+00:00\",\"description\":\"Elegantne ja mugav mangopuust heegeln\u00f5el firmalt Bohin. Naturaalne puidust k\u00e4epide on soe ja istub m\u00f5nusalt k\u00e4es. Terav tipp libiseb sujuvalt l\u00e4bi t\u00f6\u00f6.\",\"breadcrumb\":{\"@id\":\"https:\\\/\\\/www.lilleliis.com\\\/et\\\/toode\\\/mangopuust-heegelnoel\\\/#breadcrumb\"},\"inLanguage\":\"et\",\"potentialAction\":[{\"@type\":\"ReadAction\",\"target\":[\"https:\\\/\\\/www.lilleliis.com\\\/et\\\/toode\\\/mangopuust-heegelnoel\\\/\"]}]},{\"@type\":\"ImageObject\",\"inLanguage\":\"et\",\"@id\":\"https:\\\/\\\/www.lilleliis.com\\\/et\\\/toode\\\/mangopuust-heegelnoel\\\/#primaryimage\",\"url\":\"https:\\\/\\\/www.lilleliis.com\\\/wp-content\\\/uploads\\\/2026\\\/05\\\/mangopuust-heegelnoel4.jpg\",\"contentUrl\":\"https:\\\/\\\/www.lilleliis.com\\\/wp-content\\\/uploads\\\/2026\\\/05\\\/mangopuust-heegelnoel4.jpg\",\"width\":1000,\"height\":1500,\"caption\":\"mangopuust heegeln\u00f5el bohin\"},{\"@type\":\"BreadcrumbList\",\"@id\":\"https:\\\/\\\/www.lilleliis.com\\\/et\\\/toode\\\/mangopuust-heegelnoel\\\/#breadcrumb\",\"itemListElement\":[{\"@type\":\"ListItem\",\"position\":1,\"name\":\"Home\",\"item\":\"https:\\\/\\\/www.lilleliis.com\\\/et\\\/\"},{\"@type\":\"ListItem\",\"position\":2,\"name\":\"Pood\",\"item\":\"https:\\\/\\\/www.lilleliis.com\\\/et\\\/shop\\\/\"},{\"@type\":\"ListItem\",\"position\":3,\"name\":\"Mangopuust heegeln\u00f5el \u2013 Bohin (3,5-8 mm)\"}]},{\"@type\":\"WebSite\",\"@id\":\"https:\\\/\\\/www.lilleliis.com\\\/et\\\/#website\",\"url\":\"https:\\\/\\\/www.lilleliis.com\\\/et\\\/\",\"name\":\"lilleliis\",\"description\":\"Amigurumi m\u00e4nguasjad ja mustrid\",\"potentialAction\":[{\"@type\":\"SearchAction\",\"target\":{\"@type\":\"EntryPoint\",\"urlTemplate\":\"https:\\\/\\\/www.lilleliis.com\\\/et\\\/?s={search_term_string}\"},\"query-input\":{\"@type\":\"PropertyValueSpecification\",\"valueRequired\":true,\"valueName\":\"search_term_string\"}}],\"inLanguage\":\"et\"}]}<\/script>\n<!-- \/ Yoast SEO plugin. -->","yoast_head_json":{"title":"Mangopuust heegeln\u00f5el firmalt Bohin | lilleliis","description":"Elegantne ja mugav mangopuust heegeln\u00f5el firmalt Bohin. Naturaalne puidust k\u00e4epide on soe ja istub m\u00f5nusalt k\u00e4es. Terav tipp libiseb sujuvalt l\u00e4bi t\u00f6\u00f6.","robots":{"index":"index","follow":"follow","max-snippet":"max-snippet:-1","max-image-preview":"max-image-preview:large","max-video-preview":"max-video-preview:-1"},"canonical":"https:\/\/www.lilleliis.com\/et\/toode\/mangopuust-heegelnoel\/","og_locale":"et_EE","og_type":"article","og_title":"Mangopuust heegeln\u00f5el firmalt Bohin | lilleliis","og_description":"Elegantne ja mugav mangopuust heegeln\u00f5el firmalt Bohin. Naturaalne puidust k\u00e4epide on soe ja istub m\u00f5nusalt k\u00e4es. Terav tipp libiseb sujuvalt l\u00e4bi t\u00f6\u00f6.","og_url":"https:\/\/www.lilleliis.com\/et\/toode\/mangopuust-heegelnoel\/","og_site_name":"lilleliis","article_publisher":"https:\/\/www.facebook.com\/lilleliis-283266335035799\/","article_modified_time":"2026-05-13T07:12:37+00:00","og_image":[{"width":1000,"height":1500,"url":"https:\/\/www.lilleliis.com\/wp-content\/uploads\/2026\/05\/mangopuust-heegelnoel4.jpg","type":"image\/jpeg"}],"twitter_card":"summary_large_image","twitter_misc":{"Est. reading time":"1 minute"},"schema":{"@context":"https:\/\/schema.org","@graph":[{"@type":"WebPage","@id":"https:\/\/www.lilleliis.com\/et\/toode\/mangopuust-heegelnoel\/","url":"https:\/\/www.lilleliis.com\/et\/toode\/mangopuust-heegelnoel\/","name":"Mangopuust heegeln\u00f5el firmalt Bohin | lilleliis","isPartOf":{"@id":"https:\/\/www.lilleliis.com\/et\/#website"},"primaryImageOfPage":{"@id":"https:\/\/www.lilleliis.com\/et\/toode\/mangopuust-heegelnoel\/#primaryimage"},"image":{"@id":"https:\/\/www.lilleliis.com\/et\/toode\/mangopuust-heegelnoel\/#primaryimage"},"thumbnailUrl":"https:\/\/www.lilleliis.com\/wp-content\/uploads\/2026\/05\/mangopuust-heegelnoel4.jpg","datePublished":"2026-05-13T06:38:23+00:00","dateModified":"2026-05-13T07:12:37+00:00","description":"Elegantne ja mugav mangopuust heegeln\u00f5el firmalt Bohin. Naturaalne puidust k\u00e4epide on soe ja istub m\u00f5nusalt k\u00e4es. Terav tipp libiseb sujuvalt l\u00e4bi t\u00f6\u00f6.","breadcrumb":{"@id":"https:\/\/www.lilleliis.com\/et\/toode\/mangopuust-heegelnoel\/#breadcrumb"},"inLanguage":"et","potentialAction":[{"@type":"ReadAction","target":["https:\/\/www.lilleliis.com\/et\/toode\/mangopuust-heegelnoel\/"]}]},{"@type":"ImageObject","inLanguage":"et","@id":"https:\/\/www.lilleliis.com\/et\/toode\/mangopuust-heegelnoel\/#primaryimage","url":"https:\/\/www.lilleliis.com\/wp-content\/uploads\/2026\/05\/mangopuust-heegelnoel4.jpg","contentUrl":"https:\/\/www.lilleliis.com\/wp-content\/uploads\/2026\/05\/mangopuust-heegelnoel4.jpg","width":1000,"height":1500,"caption":"mangopuust heegeln\u00f5el bohin"},{"@type":"BreadcrumbList","@id":"https:\/\/www.lilleliis.com\/et\/toode\/mangopuust-heegelnoel\/#breadcrumb","itemListElement":[{"@type":"ListItem","position":1,"name":"Home","item":"https:\/\/www.lilleliis.com\/et\/"},{"@type":"ListItem","position":2,"name":"Pood","item":"https:\/\/www.lilleliis.com\/et\/shop\/"},{"@type":"ListItem","position":3,"name":"Mangopuust heegeln\u00f5el \u2013 Bohin (3,5-8 mm)"}]},{"@type":"WebSite","@id":"https:\/\/www.lilleliis.com\/et\/#website","url":"https:\/\/www.lilleliis.com\/et\/","name":"lilleliis","description":"Amigurumi m\u00e4nguasjad ja mustrid","potentialAction":[{"@type":"SearchAction","target":{"@type":"EntryPoint","urlTemplate":"https:\/\/www.lilleliis.com\/et\/?s={search_term_string}"},"query-input":{"@type":"PropertyValueSpecification","valueRequired":true,"valueName":"search_term_string"}}],"inLanguage":"et"}]}},"_links":{"self":[{"href":"https:\/\/www.lilleliis.com\/et\/wp-json\/wp\/v2\/product\/106540","targetHints":{"allow":["GET"]}}],"collection":[{"href":"https:\/\/www.lilleliis.com\/et\/wp-json\/wp\/v2\/product"}],"about":[{"href":"https:\/\/www.lilleliis.com\/et\/wp-json\/wp\/v2\/types\/product"}],"replies":[{"embeddable":true,"href":"https:\/\/www.lilleliis.com\/et\/wp-json\/wp\/v2\/comments?post=106540"}],"wp:featuredmedia":[{"embeddable":true,"href":"https:\/\/www.lilleliis.com\/et\/wp-json\/wp\/v2\/media\/106571"}],"wp:attachment":[{"href":"https:\/\/www.lilleliis.com\/et\/wp-json\/wp\/v2\/media?parent=106540"}],"wp:term":[{"taxonomy":"product_brand","embeddable":true,"href":"https:\/\/www.lilleliis.com\/et\/wp-json\/wp\/v2\/product_brand?post=106540"},{"taxonomy":"product_cat","embeddable":true,"href":"https:\/\/www.lilleliis.com\/et\/wp-json\/wp\/v2\/product_cat?post=106540"},{"taxonomy":"product_tag","embeddable":true,"href":"https:\/\/www.lilleliis.com\/et\/wp-json\/wp\/v2\/product_tag?post=106540"}],"curies":[{"name":"wp","href":"https:\/\/api.w.org\/{rel}","templated":true}]}}