{"id":11367,"date":"2025-07-21T10:56:39","date_gmt":"2025-07-21T07:56:39","guid":{"rendered":"http:\/\/lilleliis.com\/?post_type=product&#038;p=11367"},"modified":"2025-07-21T11:04:50","modified_gmt":"2025-07-21T08:04:50","slug":"amigurumi-opetus-karupoeg-teodor","status":"publish","type":"product","link":"https:\/\/www.lilleliis.com\/et\/toode\/amigurumi-opetus-karupoeg-teodor\/","title":{"rendered":"Karupoeg Teodor p\u00fckste ja salliga  &#8211; amigurumi muster (eng)"},"content":{"rendered":null,"protected":false},"excerpt":{"rendered":"<p>Karupoeg Teodor on pea 40 sentimeetri pikkune, muheda n\u00e4oga s\u00f5bralik karum\u00f5mm. Talle saab jalga heegeldada vahvad traksip\u00fcksid ja kaela pehme salli. Neid v\u00f5ib valmistada erinevates v\u00e4rvitoonides, sest nii muutub m\u00e4ng veelgi l\u00f5busamaks.<\/p>\n<p>\u00d5petus on koostatud kahes versioonis &#8211; kangaga k\u00f5rvadel ja jalataldadel v\u00f5i ilma kangata.<\/p>\n<hr \/>\n<p><span data-text-color=\"primary\">MUSTRIST<\/span><\/p>\n<p>Allalaetav ja lihtsasti j\u00e4lgitav k\u00e4sit\u00f6\u00f6 \u00f5petus (PDF fail). Juhend sisaldab samm-sammulist \u00f5petust eseme valmistamiseks ning hulgaliselt abistavaid fotosid.<\/p>\n<p>Keel: inglise<\/p>\n<p>\u00d5petuse raskusaste: keskmine<\/p>\n<p>Vajaminevad v\u00f5tted: kinnissilmust, \u00fchekordne sammas<\/p>\n<hr \/>\n<p><span data-text-color=\"primary\">SUURUS JA MATERJAL<\/span><\/p>\n<p>Suurus: 37 cm<\/p>\n<p>Valmistamiseks on kasutatud nii villast kui puuvillast l\u00f5nga ja heegeln\u00f5ela j\u00e4medusega 3,5 mm.<\/p>\n<hr \/>\n<p><span data-text-color=\"primary\">ABI JA COPYRIGHT<\/span><\/p>\n<p>K\u00fcsimuste korral saab abi\u00a0<a href=\"mailto:%20lilleliis@gmail.com\">e-posti teel<\/a>.<\/p>\n<p>\u00d5petuse j\u00e4rgi valmistatud esemeid v\u00f5ib m\u00fc\u00fca. \u00d5petust on keelatud jagada. Autori\u00f5igustega tutvu\u00a0<a href=\"https:\/\/www.lilleliis.com\/et\/autorioigused\/\" target=\"_blank\" rel=\"noopener\">siin<\/a>.<\/p>\n","protected":false},"featured_media":43053,"comment_status":"open","ping_status":"closed","template":"","meta":[],"product_brand":[],"product_cat":[95,149],"product_tag":[172],"class_list":{"0":"post-11367","1":"product","2":"type-product","3":"status-publish","4":"has-post-thumbnail","6":"product_cat-amigurumi-opetused","7":"product_cat-kaisukaru-mustrid","8":"product_tag-poistele","9":"pa_pattern-language-inglise","10":"pa_pattern-skill-level-keeruline","12":"first","13":"instock","14":"downloadable","15":"virtual","16":"sold-individually","17":"taxable","18":"purchasable","19":"product-type-simple"},"yoast_head":"<!-- This site is optimized with the Yoast SEO plugin v27.3 - https:\/\/yoast.com\/product\/yoast-seo-wordpress\/ -->\n<title>Karupoeg Teodor p\u00fckste ja salliga | Heegeldatud karu \u00f5petus | lilleliis<\/title>\n<meta name=\"description\" content=\"Heegeldatud Karupoeg Teodor on vahvate traksip\u00fckste ja salliga m\u00f5mmik. Peaaegu 40 cm pikkusena on ta lapse jaoks suur m\u00e4nguasi.\" \/>\n<meta name=\"robots\" content=\"index, follow, max-snippet:-1, max-image-preview:large, max-video-preview:-1\" \/>\n<link rel=\"canonical\" href=\"https:\/\/www.lilleliis.com\/et\/toode\/amigurumi-opetus-karupoeg-teodor\/\" \/>\n<meta property=\"og:locale\" content=\"et_EE\" \/>\n<meta property=\"og:type\" content=\"article\" \/>\n<meta property=\"og:title\" content=\"Karupoeg Teodor p\u00fckste ja salliga | Heegeldatud karu \u00f5petus | lilleliis\" \/>\n<meta property=\"og:description\" content=\"Heegeldatud Karupoeg Teodor on vahvate traksip\u00fckste ja salliga m\u00f5mmik. Peaaegu 40 cm pikkusena on ta lapse jaoks suur m\u00e4nguasi.\" \/>\n<meta property=\"og:url\" content=\"https:\/\/www.lilleliis.com\/et\/toode\/amigurumi-opetus-karupoeg-teodor\/\" \/>\n<meta property=\"og:site_name\" content=\"lilleliis\" \/>\n<meta property=\"article:publisher\" content=\"https:\/\/www.facebook.com\/lilleliis-283266335035799\/\" \/>\n<meta property=\"article:modified_time\" content=\"2025-07-21T08:04:50+00:00\" \/>\n<meta property=\"og:image\" content=\"https:\/\/www.lilleliis.com\/wp-content\/uploads\/2015\/01\/DSC_5171.jpg\" \/>\n\t<meta property=\"og:image:width\" content=\"1000\" \/>\n\t<meta property=\"og:image:height\" content=\"1500\" \/>\n\t<meta property=\"og:image:type\" content=\"image\/jpeg\" \/>\n<meta name=\"twitter:card\" content=\"summary_large_image\" \/>\n<script type=\"application\/ld+json\" class=\"yoast-schema-graph\">{\"@context\":\"https:\\\/\\\/schema.org\",\"@graph\":[{\"@type\":\"WebPage\",\"@id\":\"https:\\\/\\\/www.lilleliis.com\\\/et\\\/toode\\\/amigurumi-opetus-karupoeg-teodor\\\/\",\"url\":\"https:\\\/\\\/www.lilleliis.com\\\/et\\\/toode\\\/amigurumi-opetus-karupoeg-teodor\\\/\",\"name\":\"Karupoeg Teodor p\u00fckste ja salliga | Heegeldatud karu \u00f5petus | lilleliis\",\"isPartOf\":{\"@id\":\"https:\\\/\\\/www.lilleliis.com\\\/et\\\/#website\"},\"primaryImageOfPage\":{\"@id\":\"https:\\\/\\\/www.lilleliis.com\\\/et\\\/toode\\\/amigurumi-opetus-karupoeg-teodor\\\/#primaryimage\"},\"image\":{\"@id\":\"https:\\\/\\\/www.lilleliis.com\\\/et\\\/toode\\\/amigurumi-opetus-karupoeg-teodor\\\/#primaryimage\"},\"thumbnailUrl\":\"https:\\\/\\\/www.lilleliis.com\\\/wp-content\\\/uploads\\\/2015\\\/01\\\/DSC_5171.jpg\",\"datePublished\":\"2025-07-21T07:56:39+00:00\",\"dateModified\":\"2025-07-21T08:04:50+00:00\",\"description\":\"Heegeldatud Karupoeg Teodor on vahvate traksip\u00fckste ja salliga m\u00f5mmik. Peaaegu 40 cm pikkusena on ta lapse jaoks suur m\u00e4nguasi.\",\"breadcrumb\":{\"@id\":\"https:\\\/\\\/www.lilleliis.com\\\/et\\\/toode\\\/amigurumi-opetus-karupoeg-teodor\\\/#breadcrumb\"},\"inLanguage\":\"et\",\"potentialAction\":[{\"@type\":\"ReadAction\",\"target\":[\"https:\\\/\\\/www.lilleliis.com\\\/et\\\/toode\\\/amigurumi-opetus-karupoeg-teodor\\\/\"]}]},{\"@type\":\"ImageObject\",\"inLanguage\":\"et\",\"@id\":\"https:\\\/\\\/www.lilleliis.com\\\/et\\\/toode\\\/amigurumi-opetus-karupoeg-teodor\\\/#primaryimage\",\"url\":\"https:\\\/\\\/www.lilleliis.com\\\/wp-content\\\/uploads\\\/2015\\\/01\\\/DSC_5171.jpg\",\"contentUrl\":\"https:\\\/\\\/www.lilleliis.com\\\/wp-content\\\/uploads\\\/2015\\\/01\\\/DSC_5171.jpg\",\"width\":1000,\"height\":1500,\"caption\":\"heegeldatud p\u00fckste ja salliga karu\"},{\"@type\":\"BreadcrumbList\",\"@id\":\"https:\\\/\\\/www.lilleliis.com\\\/et\\\/toode\\\/amigurumi-opetus-karupoeg-teodor\\\/#breadcrumb\",\"itemListElement\":[{\"@type\":\"ListItem\",\"position\":1,\"name\":\"Home\",\"item\":\"https:\\\/\\\/www.lilleliis.com\\\/et\\\/\"},{\"@type\":\"ListItem\",\"position\":2,\"name\":\"Pood\",\"item\":\"https:\\\/\\\/www.lilleliis.com\\\/et\\\/shop\\\/\"},{\"@type\":\"ListItem\",\"position\":3,\"name\":\"Karupoeg Teodor p\u00fckste ja salliga &#8211; amigurumi muster (eng)\"}]},{\"@type\":\"WebSite\",\"@id\":\"https:\\\/\\\/www.lilleliis.com\\\/et\\\/#website\",\"url\":\"https:\\\/\\\/www.lilleliis.com\\\/et\\\/\",\"name\":\"lilleliis\",\"description\":\"Amigurumi m\u00e4nguasjad ja mustrid\",\"potentialAction\":[{\"@type\":\"SearchAction\",\"target\":{\"@type\":\"EntryPoint\",\"urlTemplate\":\"https:\\\/\\\/www.lilleliis.com\\\/et\\\/?s={search_term_string}\"},\"query-input\":{\"@type\":\"PropertyValueSpecification\",\"valueRequired\":true,\"valueName\":\"search_term_string\"}}],\"inLanguage\":\"et\"}]}<\/script>\n<!-- \/ Yoast SEO plugin. -->","yoast_head_json":{"title":"Karupoeg Teodor p\u00fckste ja salliga | Heegeldatud karu \u00f5petus | lilleliis","description":"Heegeldatud Karupoeg Teodor on vahvate traksip\u00fckste ja salliga m\u00f5mmik. Peaaegu 40 cm pikkusena on ta lapse jaoks suur m\u00e4nguasi.","robots":{"index":"index","follow":"follow","max-snippet":"max-snippet:-1","max-image-preview":"max-image-preview:large","max-video-preview":"max-video-preview:-1"},"canonical":"https:\/\/www.lilleliis.com\/et\/toode\/amigurumi-opetus-karupoeg-teodor\/","og_locale":"et_EE","og_type":"article","og_title":"Karupoeg Teodor p\u00fckste ja salliga | Heegeldatud karu \u00f5petus | lilleliis","og_description":"Heegeldatud Karupoeg Teodor on vahvate traksip\u00fckste ja salliga m\u00f5mmik. Peaaegu 40 cm pikkusena on ta lapse jaoks suur m\u00e4nguasi.","og_url":"https:\/\/www.lilleliis.com\/et\/toode\/amigurumi-opetus-karupoeg-teodor\/","og_site_name":"lilleliis","article_publisher":"https:\/\/www.facebook.com\/lilleliis-283266335035799\/","article_modified_time":"2025-07-21T08:04:50+00:00","og_image":[{"width":1000,"height":1500,"url":"https:\/\/www.lilleliis.com\/wp-content\/uploads\/2015\/01\/DSC_5171.jpg","type":"image\/jpeg"}],"twitter_card":"summary_large_image","schema":{"@context":"https:\/\/schema.org","@graph":[{"@type":"WebPage","@id":"https:\/\/www.lilleliis.com\/et\/toode\/amigurumi-opetus-karupoeg-teodor\/","url":"https:\/\/www.lilleliis.com\/et\/toode\/amigurumi-opetus-karupoeg-teodor\/","name":"Karupoeg Teodor p\u00fckste ja salliga | Heegeldatud karu \u00f5petus | lilleliis","isPartOf":{"@id":"https:\/\/www.lilleliis.com\/et\/#website"},"primaryImageOfPage":{"@id":"https:\/\/www.lilleliis.com\/et\/toode\/amigurumi-opetus-karupoeg-teodor\/#primaryimage"},"image":{"@id":"https:\/\/www.lilleliis.com\/et\/toode\/amigurumi-opetus-karupoeg-teodor\/#primaryimage"},"thumbnailUrl":"https:\/\/www.lilleliis.com\/wp-content\/uploads\/2015\/01\/DSC_5171.jpg","datePublished":"2025-07-21T07:56:39+00:00","dateModified":"2025-07-21T08:04:50+00:00","description":"Heegeldatud Karupoeg Teodor on vahvate traksip\u00fckste ja salliga m\u00f5mmik. Peaaegu 40 cm pikkusena on ta lapse jaoks suur m\u00e4nguasi.","breadcrumb":{"@id":"https:\/\/www.lilleliis.com\/et\/toode\/amigurumi-opetus-karupoeg-teodor\/#breadcrumb"},"inLanguage":"et","potentialAction":[{"@type":"ReadAction","target":["https:\/\/www.lilleliis.com\/et\/toode\/amigurumi-opetus-karupoeg-teodor\/"]}]},{"@type":"ImageObject","inLanguage":"et","@id":"https:\/\/www.lilleliis.com\/et\/toode\/amigurumi-opetus-karupoeg-teodor\/#primaryimage","url":"https:\/\/www.lilleliis.com\/wp-content\/uploads\/2015\/01\/DSC_5171.jpg","contentUrl":"https:\/\/www.lilleliis.com\/wp-content\/uploads\/2015\/01\/DSC_5171.jpg","width":1000,"height":1500,"caption":"heegeldatud p\u00fckste ja salliga karu"},{"@type":"BreadcrumbList","@id":"https:\/\/www.lilleliis.com\/et\/toode\/amigurumi-opetus-karupoeg-teodor\/#breadcrumb","itemListElement":[{"@type":"ListItem","position":1,"name":"Home","item":"https:\/\/www.lilleliis.com\/et\/"},{"@type":"ListItem","position":2,"name":"Pood","item":"https:\/\/www.lilleliis.com\/et\/shop\/"},{"@type":"ListItem","position":3,"name":"Karupoeg Teodor p\u00fckste ja salliga &#8211; amigurumi muster (eng)"}]},{"@type":"WebSite","@id":"https:\/\/www.lilleliis.com\/et\/#website","url":"https:\/\/www.lilleliis.com\/et\/","name":"lilleliis","description":"Amigurumi m\u00e4nguasjad ja mustrid","potentialAction":[{"@type":"SearchAction","target":{"@type":"EntryPoint","urlTemplate":"https:\/\/www.lilleliis.com\/et\/?s={search_term_string}"},"query-input":{"@type":"PropertyValueSpecification","valueRequired":true,"valueName":"search_term_string"}}],"inLanguage":"et"}]}},"_links":{"self":[{"href":"https:\/\/www.lilleliis.com\/et\/wp-json\/wp\/v2\/product\/11367","targetHints":{"allow":["GET"]}}],"collection":[{"href":"https:\/\/www.lilleliis.com\/et\/wp-json\/wp\/v2\/product"}],"about":[{"href":"https:\/\/www.lilleliis.com\/et\/wp-json\/wp\/v2\/types\/product"}],"replies":[{"embeddable":true,"href":"https:\/\/www.lilleliis.com\/et\/wp-json\/wp\/v2\/comments?post=11367"}],"wp:featuredmedia":[{"embeddable":true,"href":"https:\/\/www.lilleliis.com\/et\/wp-json\/wp\/v2\/media\/43053"}],"wp:attachment":[{"href":"https:\/\/www.lilleliis.com\/et\/wp-json\/wp\/v2\/media?parent=11367"}],"wp:term":[{"taxonomy":"product_brand","embeddable":true,"href":"https:\/\/www.lilleliis.com\/et\/wp-json\/wp\/v2\/product_brand?post=11367"},{"taxonomy":"product_cat","embeddable":true,"href":"https:\/\/www.lilleliis.com\/et\/wp-json\/wp\/v2\/product_cat?post=11367"},{"taxonomy":"product_tag","embeddable":true,"href":"https:\/\/www.lilleliis.com\/et\/wp-json\/wp\/v2\/product_tag?post=11367"}],"curies":[{"name":"wp","href":"https:\/\/api.w.org\/{rel}","templated":true}]}}