{"id":11472,"date":"2026-04-06T14:50:01","date_gmt":"2026-04-06T11:50:01","guid":{"rendered":"http:\/\/lilleliis.com\/?post_type=product&#038;p=11472"},"modified":"2026-04-06T14:58:14","modified_gmt":"2026-04-06T11:58:14","slug":"amigurumi-putuka-korin","status":"publish","type":"product","link":"https:\/\/www.lilleliis.com\/et\/toode\/amigurumi-putuka-korin\/","title":{"rendered":"Putu-mutuka k\u00f5rin- amigurumi muster (eng)"},"content":{"rendered":null,"protected":false},"excerpt":{"rendered":"<p>Putu-mutuka k\u00f5rinaid on lihtne heegeldada ja need muudavad iga beebi r\u00f5\u00f5msaks. \u00d5petus koosneb kolmest putukast &#8211; armas liblikas, s\u00f5bralik mesilane ja uudishimulik t\u00f5uk.<\/p>\n<p>Tore isetehtud kingitus vasts\u00fcndinule.<\/p>\n<hr \/>\n<p><span data-text-color=\"primary\">MUSTRIST<\/span><\/p>\n<p>Allalaetav ja lihtsasti j\u00e4lgitav k\u00e4sit\u00f6\u00f6 \u00f5petus (PDF fail). Juhend sisaldab samm-sammulist \u00f5petust eseme valmistamiseks ning hulgaliselt abistavaid fotosid.<\/p>\n<p>Keel: inglise, hispaania, hollandi, taani, portugali<\/p>\n<p>\u00d5petuse raskusaste: keskmine<\/p>\n<p>Vajaminevad v\u00f5tted: kinnissilmust, poolsammas<\/p>\n<hr \/>\n<p><span data-text-color=\"primary\">SUURUS JA MATERJAL<\/span><\/p>\n<p>Suurus: 17 cm<\/p>\n<p>Valmistamiseks on kasutatud puuvillast l\u00f5nga ja heegeln\u00f5ela j\u00e4medusega 3,5 mm.<\/p>\n<hr \/>\n<p><span data-text-color=\"primary\">ABI JA COPYRIGHT<\/span><\/p>\n<p>K\u00fcsimuste korral saab abi\u00a0<a href=\"mailto:%20lilleliis@gmail.com\">e-posti teel<\/a>.<\/p>\n<p>\u00d5petuse j\u00e4rgi valmistatud esemeid v\u00f5ib m\u00fc\u00fca. \u00d5petust on keelatud jagada. Autori\u00f5igustega tutvu\u00a0<a href=\"https:\/\/www.lilleliis.com\/et\/autorioigused\/\" target=\"_blank\" rel=\"noopener\">siin<\/a>.<\/p>\n","protected":false},"featured_media":47614,"comment_status":"open","ping_status":"closed","template":"","meta":[],"product_brand":[],"product_cat":[95,115,125],"product_tag":[123],"class_list":{"0":"post-11472","1":"product","2":"type-product","3":"status-publish","4":"has-post-thumbnail","6":"product_cat-amigurumi-opetused","7":"product_cat-beebimanguasjade-mustrid","8":"product_cat-looma-mustrid","9":"product_tag-beebidele","10":"pa_pattern-language-hispaania","11":"pa_pattern-language-hollandi","12":"pa_pattern-language-inglise","13":"pa_pattern-language-portugali","14":"pa_pattern-language-taani","15":"pa_pattern-skill-level-keskmine","17":"first","18":"instock","19":"sold-individually","20":"taxable","21":"shipping-taxable","22":"purchasable","23":"product-type-variable"},"yoast_head":"<!-- This site is optimized with the Yoast SEO plugin v27.3 - https:\/\/yoast.com\/product\/yoast-seo-wordpress\/ -->\n<title>Heegeldatud putuka k\u00f5rin | Amigurumi muster - Putu-mutuka k\u00f5rin | lilleliis<\/title>\n<meta name=\"description\" content=\"V\u00e4rvilisi amigurumi putuka k\u00f5rinaid on lihtne ise heegeldada. Tee liblikas, mesilane v\u00f5i t\u00f5uk. Ideaalne kingitus vasts\u00fcndinule v\u00f5i beebile.\" \/>\n<meta name=\"robots\" content=\"index, follow, max-snippet:-1, max-image-preview:large, max-video-preview:-1\" \/>\n<link rel=\"canonical\" href=\"https:\/\/www.lilleliis.com\/et\/toode\/amigurumi-putuka-korin\/\" \/>\n<meta property=\"og:locale\" content=\"et_EE\" \/>\n<meta property=\"og:type\" content=\"article\" \/>\n<meta property=\"og:title\" content=\"Heegeldatud putuka k\u00f5rin | Amigurumi muster - Putu-mutuka k\u00f5rin | lilleliis\" \/>\n<meta property=\"og:description\" content=\"V\u00e4rvilisi amigurumi putuka k\u00f5rinaid on lihtne ise heegeldada. Tee liblikas, mesilane v\u00f5i t\u00f5uk. Ideaalne kingitus vasts\u00fcndinule v\u00f5i beebile.\" \/>\n<meta property=\"og:url\" content=\"https:\/\/www.lilleliis.com\/et\/toode\/amigurumi-putuka-korin\/\" \/>\n<meta property=\"og:site_name\" content=\"lilleliis\" \/>\n<meta property=\"article:publisher\" content=\"https:\/\/www.facebook.com\/lilleliis-283266335035799\/\" \/>\n<meta property=\"article:modified_time\" content=\"2026-04-06T11:58:14+00:00\" \/>\n<meta property=\"og:image\" content=\"https:\/\/www.lilleliis.com\/wp-content\/uploads\/2015\/01\/DSC_0223.jpg\" \/>\n\t<meta property=\"og:image:width\" content=\"1500\" \/>\n\t<meta property=\"og:image:height\" content=\"1000\" \/>\n\t<meta property=\"og:image:type\" content=\"image\/jpeg\" \/>\n<meta name=\"twitter:card\" content=\"summary_large_image\" \/>\n<script type=\"application\/ld+json\" class=\"yoast-schema-graph\">{\"@context\":\"https:\\\/\\\/schema.org\",\"@graph\":[{\"@type\":\"WebPage\",\"@id\":\"https:\\\/\\\/www.lilleliis.com\\\/et\\\/toode\\\/amigurumi-putuka-korin\\\/\",\"url\":\"https:\\\/\\\/www.lilleliis.com\\\/et\\\/toode\\\/amigurumi-putuka-korin\\\/\",\"name\":\"Heegeldatud putuka k\u00f5rin | Amigurumi muster - Putu-mutuka k\u00f5rin | lilleliis\",\"isPartOf\":{\"@id\":\"https:\\\/\\\/www.lilleliis.com\\\/et\\\/#website\"},\"primaryImageOfPage\":{\"@id\":\"https:\\\/\\\/www.lilleliis.com\\\/et\\\/toode\\\/amigurumi-putuka-korin\\\/#primaryimage\"},\"image\":{\"@id\":\"https:\\\/\\\/www.lilleliis.com\\\/et\\\/toode\\\/amigurumi-putuka-korin\\\/#primaryimage\"},\"thumbnailUrl\":\"https:\\\/\\\/www.lilleliis.com\\\/wp-content\\\/uploads\\\/2015\\\/01\\\/DSC_0223.jpg\",\"datePublished\":\"2026-04-06T11:50:01+00:00\",\"dateModified\":\"2026-04-06T11:58:14+00:00\",\"description\":\"V\u00e4rvilisi amigurumi putuka k\u00f5rinaid on lihtne ise heegeldada. Tee liblikas, mesilane v\u00f5i t\u00f5uk. Ideaalne kingitus vasts\u00fcndinule v\u00f5i beebile.\",\"breadcrumb\":{\"@id\":\"https:\\\/\\\/www.lilleliis.com\\\/et\\\/toode\\\/amigurumi-putuka-korin\\\/#breadcrumb\"},\"inLanguage\":\"et\",\"potentialAction\":[{\"@type\":\"ReadAction\",\"target\":[\"https:\\\/\\\/www.lilleliis.com\\\/et\\\/toode\\\/amigurumi-putuka-korin\\\/\"]}]},{\"@type\":\"ImageObject\",\"inLanguage\":\"et\",\"@id\":\"https:\\\/\\\/www.lilleliis.com\\\/et\\\/toode\\\/amigurumi-putuka-korin\\\/#primaryimage\",\"url\":\"https:\\\/\\\/www.lilleliis.com\\\/wp-content\\\/uploads\\\/2015\\\/01\\\/DSC_0223.jpg\",\"contentUrl\":\"https:\\\/\\\/www.lilleliis.com\\\/wp-content\\\/uploads\\\/2015\\\/01\\\/DSC_0223.jpg\",\"width\":1500,\"height\":1000,\"caption\":\"heegeldatud putuka k\u00f5rinad\"},{\"@type\":\"BreadcrumbList\",\"@id\":\"https:\\\/\\\/www.lilleliis.com\\\/et\\\/toode\\\/amigurumi-putuka-korin\\\/#breadcrumb\",\"itemListElement\":[{\"@type\":\"ListItem\",\"position\":1,\"name\":\"Home\",\"item\":\"https:\\\/\\\/www.lilleliis.com\\\/et\\\/\"},{\"@type\":\"ListItem\",\"position\":2,\"name\":\"Pood\",\"item\":\"https:\\\/\\\/www.lilleliis.com\\\/et\\\/shop\\\/\"},{\"@type\":\"ListItem\",\"position\":3,\"name\":\"Putu-mutuka k\u00f5rin- amigurumi muster (eng)\"}]},{\"@type\":\"WebSite\",\"@id\":\"https:\\\/\\\/www.lilleliis.com\\\/et\\\/#website\",\"url\":\"https:\\\/\\\/www.lilleliis.com\\\/et\\\/\",\"name\":\"lilleliis\",\"description\":\"Amigurumi m\u00e4nguasjad ja mustrid\",\"potentialAction\":[{\"@type\":\"SearchAction\",\"target\":{\"@type\":\"EntryPoint\",\"urlTemplate\":\"https:\\\/\\\/www.lilleliis.com\\\/et\\\/?s={search_term_string}\"},\"query-input\":{\"@type\":\"PropertyValueSpecification\",\"valueRequired\":true,\"valueName\":\"search_term_string\"}}],\"inLanguage\":\"et\"}]}<\/script>\n<!-- \/ Yoast SEO plugin. -->","yoast_head_json":{"title":"Heegeldatud putuka k\u00f5rin | Amigurumi muster - Putu-mutuka k\u00f5rin | lilleliis","description":"V\u00e4rvilisi amigurumi putuka k\u00f5rinaid on lihtne ise heegeldada. Tee liblikas, mesilane v\u00f5i t\u00f5uk. Ideaalne kingitus vasts\u00fcndinule v\u00f5i beebile.","robots":{"index":"index","follow":"follow","max-snippet":"max-snippet:-1","max-image-preview":"max-image-preview:large","max-video-preview":"max-video-preview:-1"},"canonical":"https:\/\/www.lilleliis.com\/et\/toode\/amigurumi-putuka-korin\/","og_locale":"et_EE","og_type":"article","og_title":"Heegeldatud putuka k\u00f5rin | Amigurumi muster - Putu-mutuka k\u00f5rin | lilleliis","og_description":"V\u00e4rvilisi amigurumi putuka k\u00f5rinaid on lihtne ise heegeldada. Tee liblikas, mesilane v\u00f5i t\u00f5uk. Ideaalne kingitus vasts\u00fcndinule v\u00f5i beebile.","og_url":"https:\/\/www.lilleliis.com\/et\/toode\/amigurumi-putuka-korin\/","og_site_name":"lilleliis","article_publisher":"https:\/\/www.facebook.com\/lilleliis-283266335035799\/","article_modified_time":"2026-04-06T11:58:14+00:00","og_image":[{"width":1500,"height":1000,"url":"https:\/\/www.lilleliis.com\/wp-content\/uploads\/2015\/01\/DSC_0223.jpg","type":"image\/jpeg"}],"twitter_card":"summary_large_image","schema":{"@context":"https:\/\/schema.org","@graph":[{"@type":"WebPage","@id":"https:\/\/www.lilleliis.com\/et\/toode\/amigurumi-putuka-korin\/","url":"https:\/\/www.lilleliis.com\/et\/toode\/amigurumi-putuka-korin\/","name":"Heegeldatud putuka k\u00f5rin | Amigurumi muster - Putu-mutuka k\u00f5rin | lilleliis","isPartOf":{"@id":"https:\/\/www.lilleliis.com\/et\/#website"},"primaryImageOfPage":{"@id":"https:\/\/www.lilleliis.com\/et\/toode\/amigurumi-putuka-korin\/#primaryimage"},"image":{"@id":"https:\/\/www.lilleliis.com\/et\/toode\/amigurumi-putuka-korin\/#primaryimage"},"thumbnailUrl":"https:\/\/www.lilleliis.com\/wp-content\/uploads\/2015\/01\/DSC_0223.jpg","datePublished":"2026-04-06T11:50:01+00:00","dateModified":"2026-04-06T11:58:14+00:00","description":"V\u00e4rvilisi amigurumi putuka k\u00f5rinaid on lihtne ise heegeldada. Tee liblikas, mesilane v\u00f5i t\u00f5uk. Ideaalne kingitus vasts\u00fcndinule v\u00f5i beebile.","breadcrumb":{"@id":"https:\/\/www.lilleliis.com\/et\/toode\/amigurumi-putuka-korin\/#breadcrumb"},"inLanguage":"et","potentialAction":[{"@type":"ReadAction","target":["https:\/\/www.lilleliis.com\/et\/toode\/amigurumi-putuka-korin\/"]}]},{"@type":"ImageObject","inLanguage":"et","@id":"https:\/\/www.lilleliis.com\/et\/toode\/amigurumi-putuka-korin\/#primaryimage","url":"https:\/\/www.lilleliis.com\/wp-content\/uploads\/2015\/01\/DSC_0223.jpg","contentUrl":"https:\/\/www.lilleliis.com\/wp-content\/uploads\/2015\/01\/DSC_0223.jpg","width":1500,"height":1000,"caption":"heegeldatud putuka k\u00f5rinad"},{"@type":"BreadcrumbList","@id":"https:\/\/www.lilleliis.com\/et\/toode\/amigurumi-putuka-korin\/#breadcrumb","itemListElement":[{"@type":"ListItem","position":1,"name":"Home","item":"https:\/\/www.lilleliis.com\/et\/"},{"@type":"ListItem","position":2,"name":"Pood","item":"https:\/\/www.lilleliis.com\/et\/shop\/"},{"@type":"ListItem","position":3,"name":"Putu-mutuka k\u00f5rin- amigurumi muster (eng)"}]},{"@type":"WebSite","@id":"https:\/\/www.lilleliis.com\/et\/#website","url":"https:\/\/www.lilleliis.com\/et\/","name":"lilleliis","description":"Amigurumi m\u00e4nguasjad ja mustrid","potentialAction":[{"@type":"SearchAction","target":{"@type":"EntryPoint","urlTemplate":"https:\/\/www.lilleliis.com\/et\/?s={search_term_string}"},"query-input":{"@type":"PropertyValueSpecification","valueRequired":true,"valueName":"search_term_string"}}],"inLanguage":"et"}]}},"_links":{"self":[{"href":"https:\/\/www.lilleliis.com\/et\/wp-json\/wp\/v2\/product\/11472","targetHints":{"allow":["GET"]}}],"collection":[{"href":"https:\/\/www.lilleliis.com\/et\/wp-json\/wp\/v2\/product"}],"about":[{"href":"https:\/\/www.lilleliis.com\/et\/wp-json\/wp\/v2\/types\/product"}],"replies":[{"embeddable":true,"href":"https:\/\/www.lilleliis.com\/et\/wp-json\/wp\/v2\/comments?post=11472"}],"wp:featuredmedia":[{"embeddable":true,"href":"https:\/\/www.lilleliis.com\/et\/wp-json\/wp\/v2\/media\/47614"}],"wp:attachment":[{"href":"https:\/\/www.lilleliis.com\/et\/wp-json\/wp\/v2\/media?parent=11472"}],"wp:term":[{"taxonomy":"product_brand","embeddable":true,"href":"https:\/\/www.lilleliis.com\/et\/wp-json\/wp\/v2\/product_brand?post=11472"},{"taxonomy":"product_cat","embeddable":true,"href":"https:\/\/www.lilleliis.com\/et\/wp-json\/wp\/v2\/product_cat?post=11472"},{"taxonomy":"product_tag","embeddable":true,"href":"https:\/\/www.lilleliis.com\/et\/wp-json\/wp\/v2\/product_tag?post=11472"}],"curies":[{"name":"wp","href":"https:\/\/api.w.org\/{rel}","templated":true}]}}