{"id":1989,"date":"2026-01-12T16:30:50","date_gmt":"2026-01-12T14:30:50","guid":{"rendered":"http:\/\/lilleliis.com\/?post_type=product&#038;p=1989"},"modified":"2026-02-10T18:33:28","modified_gmt":"2026-02-10T16:33:28","slug":"opetus-soovide-puu","status":"publish","type":"product","link":"https:\/\/www.lilleliis.com\/et\/toode\/opetus-soovide-puu\/","title":{"rendered":"Soovide puu &#8211; amigurumi muster"},"content":{"rendered":null,"protected":false},"excerpt":{"rendered":"<p>Selle \u00f5petuse j\u00e4rgi valmib maagiline soovide puu, mis on kena kodusisustus element ning kaunis kingitus igast soost ja igas vanuses inimesele.<\/p>\n<p>Heegeldatud puu sobib h\u00e4sti aknalauale, kus on m\u00f5nus oma m\u00f5tteid m\u00f5tlemas ja unistusi unistamas k\u00e4ia. Seda puud luues kujutlesin, et selles talletuvad k\u00f5ik salasoovid ning hakkavad otsima v\u00f5imalust reaalsuseks muutuda.<\/p>\n<p>Hea isetehtud kingituse idee, kuna valmib kiiresti ja lihtsate v\u00f5tete abil.<\/p>\n<hr \/>\n<p><span data-text-color=\"primary\">MUSTRIST<\/span><\/p>\n<p>Allalaetav ja lihtsasti j\u00e4lgitav k\u00e4sit\u00f6\u00f6 \u00f5petus (PDF fail). Juhend sisaldab samm-sammulist \u00f5petust eseme valmistamiseks ning hulgaliselt abistavaid fotosid.<\/p>\n<p>Keel: eesti, inglise<\/p>\n<p>\u00d5petuse raskusaste: lihtne<\/p>\n<p>Vajaminevad v\u00f5tted: kinnissilmust<\/p>\n<hr \/>\n<p><span data-text-color=\"primary\">SUURUS JA MATERJAL<\/span><\/p>\n<p>Suurus: umbes 12 cm<\/p>\n<p>Valmistamiseks on kasutatud puuvillast l\u00f5nga ja heegeln\u00f5ela j\u00e4medusega 3,5 mm.<\/p>\n<hr \/>\n<p><span data-text-color=\"primary\">ABI JA COPYRIGHT<\/span><\/p>\n<p>K\u00fcsimuste korral saab abi\u00a0<a href=\"mailto:%20lilleliis@gmail.com\">e-posti teel<\/a>.<\/p>\n<p>\u00d5petuse j\u00e4rgi valmistatud esemeid v\u00f5ib m\u00fc\u00fca. \u00d5petust on keelatud jagada. Autori\u00f5igustega tutvu\u00a0<a href=\"https:\/\/www.lilleliis.com\/et\/autorioigused\/\" target=\"_blank\" rel=\"noopener\">siin<\/a>.<\/p>\n","protected":false},"featured_media":43463,"comment_status":"open","ping_status":"closed","template":"","meta":[],"product_brand":[],"product_cat":[96],"product_tag":[1606,1605],"class_list":{"0":"post-1989","1":"product","2":"type-product","3":"status-publish","4":"has-post-thumbnail","6":"product_cat-heegeldamise-opetused","7":"product_tag-lastetuppa","8":"product_tag-lihavotted","9":"pa_pattern-language-eesti","10":"pa_pattern-language-inglise","11":"pa_pattern-skill-level-lihtne","13":"first","14":"instock","15":"sold-individually","16":"taxable","17":"shipping-taxable","18":"purchasable","19":"product-type-variable"},"yoast_head":"<!-- This site is optimized with the Yoast SEO plugin v27.3 - https:\/\/yoast.com\/product\/yoast-seo-wordpress\/ -->\n<title>Maagiline soovide puu | Heegeldatud puu \u00f5petus | lilleliis<\/title>\n<meta name=\"description\" content=\"Heegeldatud soovide puu \u00f5petus. V\u00e4ike amigurumi stiilis puu on vahva kodusisustus element ning sobib kingiks igas soos ja vanuses inimesele.\" \/>\n<meta name=\"robots\" content=\"index, follow, max-snippet:-1, max-image-preview:large, max-video-preview:-1\" \/>\n<link rel=\"canonical\" href=\"https:\/\/www.lilleliis.com\/et\/toode\/opetus-soovide-puu\/\" \/>\n<meta property=\"og:locale\" content=\"et_EE\" \/>\n<meta property=\"og:type\" content=\"article\" \/>\n<meta property=\"og:title\" content=\"Maagiline soovide puu | Heegeldatud puu \u00f5petus | lilleliis\" \/>\n<meta property=\"og:description\" content=\"Heegeldatud soovide puu \u00f5petus. V\u00e4ike amigurumi stiilis puu on vahva kodusisustus element ning sobib kingiks igas soos ja vanuses inimesele.\" \/>\n<meta property=\"og:url\" content=\"https:\/\/www.lilleliis.com\/et\/toode\/opetus-soovide-puu\/\" \/>\n<meta property=\"og:site_name\" content=\"lilleliis\" \/>\n<meta property=\"article:publisher\" content=\"https:\/\/www.facebook.com\/lilleliis-283266335035799\/\" \/>\n<meta property=\"article:modified_time\" content=\"2026-02-10T16:33:28+00:00\" \/>\n<meta property=\"og:image\" content=\"https:\/\/www.lilleliis.com\/wp-content\/uploads\/2013\/04\/magic-tree-8.jpg\" \/>\n\t<meta property=\"og:image:width\" content=\"1001\" \/>\n\t<meta property=\"og:image:height\" content=\"1500\" \/>\n\t<meta property=\"og:image:type\" content=\"image\/jpeg\" \/>\n<meta name=\"twitter:card\" content=\"summary_large_image\" \/>\n<meta name=\"twitter:label1\" content=\"Est. reading time\" \/>\n\t<meta name=\"twitter:data1\" content=\"1 minute\" \/>\n<script type=\"application\/ld+json\" class=\"yoast-schema-graph\">{\"@context\":\"https:\\\/\\\/schema.org\",\"@graph\":[{\"@type\":\"WebPage\",\"@id\":\"https:\\\/\\\/www.lilleliis.com\\\/et\\\/toode\\\/opetus-soovide-puu\\\/\",\"url\":\"https:\\\/\\\/www.lilleliis.com\\\/et\\\/toode\\\/opetus-soovide-puu\\\/\",\"name\":\"Maagiline soovide puu | Heegeldatud puu \u00f5petus | lilleliis\",\"isPartOf\":{\"@id\":\"https:\\\/\\\/www.lilleliis.com\\\/et\\\/#website\"},\"primaryImageOfPage\":{\"@id\":\"https:\\\/\\\/www.lilleliis.com\\\/et\\\/toode\\\/opetus-soovide-puu\\\/#primaryimage\"},\"image\":{\"@id\":\"https:\\\/\\\/www.lilleliis.com\\\/et\\\/toode\\\/opetus-soovide-puu\\\/#primaryimage\"},\"thumbnailUrl\":\"https:\\\/\\\/www.lilleliis.com\\\/wp-content\\\/uploads\\\/2013\\\/04\\\/magic-tree-8.jpg\",\"datePublished\":\"2026-01-12T14:30:50+00:00\",\"dateModified\":\"2026-02-10T16:33:28+00:00\",\"description\":\"Heegeldatud soovide puu \u00f5petus. V\u00e4ike amigurumi stiilis puu on vahva kodusisustus element ning sobib kingiks igas soos ja vanuses inimesele.\",\"breadcrumb\":{\"@id\":\"https:\\\/\\\/www.lilleliis.com\\\/et\\\/toode\\\/opetus-soovide-puu\\\/#breadcrumb\"},\"inLanguage\":\"et\",\"potentialAction\":[{\"@type\":\"ReadAction\",\"target\":[\"https:\\\/\\\/www.lilleliis.com\\\/et\\\/toode\\\/opetus-soovide-puu\\\/\"]}]},{\"@type\":\"ImageObject\",\"inLanguage\":\"et\",\"@id\":\"https:\\\/\\\/www.lilleliis.com\\\/et\\\/toode\\\/opetus-soovide-puu\\\/#primaryimage\",\"url\":\"https:\\\/\\\/www.lilleliis.com\\\/wp-content\\\/uploads\\\/2013\\\/04\\\/magic-tree-8.jpg\",\"contentUrl\":\"https:\\\/\\\/www.lilleliis.com\\\/wp-content\\\/uploads\\\/2013\\\/04\\\/magic-tree-8.jpg\",\"width\":1001,\"height\":1500,\"caption\":\"amigurumi puu\"},{\"@type\":\"BreadcrumbList\",\"@id\":\"https:\\\/\\\/www.lilleliis.com\\\/et\\\/toode\\\/opetus-soovide-puu\\\/#breadcrumb\",\"itemListElement\":[{\"@type\":\"ListItem\",\"position\":1,\"name\":\"Home\",\"item\":\"https:\\\/\\\/www.lilleliis.com\\\/et\\\/\"},{\"@type\":\"ListItem\",\"position\":2,\"name\":\"Pood\",\"item\":\"https:\\\/\\\/www.lilleliis.com\\\/et\\\/shop\\\/\"},{\"@type\":\"ListItem\",\"position\":3,\"name\":\"Soovide puu &#8211; amigurumi muster\"}]},{\"@type\":\"WebSite\",\"@id\":\"https:\\\/\\\/www.lilleliis.com\\\/et\\\/#website\",\"url\":\"https:\\\/\\\/www.lilleliis.com\\\/et\\\/\",\"name\":\"lilleliis\",\"description\":\"Amigurumi m\u00e4nguasjad ja mustrid\",\"potentialAction\":[{\"@type\":\"SearchAction\",\"target\":{\"@type\":\"EntryPoint\",\"urlTemplate\":\"https:\\\/\\\/www.lilleliis.com\\\/et\\\/?s={search_term_string}\"},\"query-input\":{\"@type\":\"PropertyValueSpecification\",\"valueRequired\":true,\"valueName\":\"search_term_string\"}}],\"inLanguage\":\"et\"}]}<\/script>\n<!-- \/ Yoast SEO plugin. -->","yoast_head_json":{"title":"Maagiline soovide puu | Heegeldatud puu \u00f5petus | lilleliis","description":"Heegeldatud soovide puu \u00f5petus. V\u00e4ike amigurumi stiilis puu on vahva kodusisustus element ning sobib kingiks igas soos ja vanuses inimesele.","robots":{"index":"index","follow":"follow","max-snippet":"max-snippet:-1","max-image-preview":"max-image-preview:large","max-video-preview":"max-video-preview:-1"},"canonical":"https:\/\/www.lilleliis.com\/et\/toode\/opetus-soovide-puu\/","og_locale":"et_EE","og_type":"article","og_title":"Maagiline soovide puu | Heegeldatud puu \u00f5petus | lilleliis","og_description":"Heegeldatud soovide puu \u00f5petus. V\u00e4ike amigurumi stiilis puu on vahva kodusisustus element ning sobib kingiks igas soos ja vanuses inimesele.","og_url":"https:\/\/www.lilleliis.com\/et\/toode\/opetus-soovide-puu\/","og_site_name":"lilleliis","article_publisher":"https:\/\/www.facebook.com\/lilleliis-283266335035799\/","article_modified_time":"2026-02-10T16:33:28+00:00","og_image":[{"width":1001,"height":1500,"url":"https:\/\/www.lilleliis.com\/wp-content\/uploads\/2013\/04\/magic-tree-8.jpg","type":"image\/jpeg"}],"twitter_card":"summary_large_image","twitter_misc":{"Est. reading time":"1 minute"},"schema":{"@context":"https:\/\/schema.org","@graph":[{"@type":"WebPage","@id":"https:\/\/www.lilleliis.com\/et\/toode\/opetus-soovide-puu\/","url":"https:\/\/www.lilleliis.com\/et\/toode\/opetus-soovide-puu\/","name":"Maagiline soovide puu | Heegeldatud puu \u00f5petus | lilleliis","isPartOf":{"@id":"https:\/\/www.lilleliis.com\/et\/#website"},"primaryImageOfPage":{"@id":"https:\/\/www.lilleliis.com\/et\/toode\/opetus-soovide-puu\/#primaryimage"},"image":{"@id":"https:\/\/www.lilleliis.com\/et\/toode\/opetus-soovide-puu\/#primaryimage"},"thumbnailUrl":"https:\/\/www.lilleliis.com\/wp-content\/uploads\/2013\/04\/magic-tree-8.jpg","datePublished":"2026-01-12T14:30:50+00:00","dateModified":"2026-02-10T16:33:28+00:00","description":"Heegeldatud soovide puu \u00f5petus. V\u00e4ike amigurumi stiilis puu on vahva kodusisustus element ning sobib kingiks igas soos ja vanuses inimesele.","breadcrumb":{"@id":"https:\/\/www.lilleliis.com\/et\/toode\/opetus-soovide-puu\/#breadcrumb"},"inLanguage":"et","potentialAction":[{"@type":"ReadAction","target":["https:\/\/www.lilleliis.com\/et\/toode\/opetus-soovide-puu\/"]}]},{"@type":"ImageObject","inLanguage":"et","@id":"https:\/\/www.lilleliis.com\/et\/toode\/opetus-soovide-puu\/#primaryimage","url":"https:\/\/www.lilleliis.com\/wp-content\/uploads\/2013\/04\/magic-tree-8.jpg","contentUrl":"https:\/\/www.lilleliis.com\/wp-content\/uploads\/2013\/04\/magic-tree-8.jpg","width":1001,"height":1500,"caption":"amigurumi puu"},{"@type":"BreadcrumbList","@id":"https:\/\/www.lilleliis.com\/et\/toode\/opetus-soovide-puu\/#breadcrumb","itemListElement":[{"@type":"ListItem","position":1,"name":"Home","item":"https:\/\/www.lilleliis.com\/et\/"},{"@type":"ListItem","position":2,"name":"Pood","item":"https:\/\/www.lilleliis.com\/et\/shop\/"},{"@type":"ListItem","position":3,"name":"Soovide puu &#8211; amigurumi muster"}]},{"@type":"WebSite","@id":"https:\/\/www.lilleliis.com\/et\/#website","url":"https:\/\/www.lilleliis.com\/et\/","name":"lilleliis","description":"Amigurumi m\u00e4nguasjad ja mustrid","potentialAction":[{"@type":"SearchAction","target":{"@type":"EntryPoint","urlTemplate":"https:\/\/www.lilleliis.com\/et\/?s={search_term_string}"},"query-input":{"@type":"PropertyValueSpecification","valueRequired":true,"valueName":"search_term_string"}}],"inLanguage":"et"}]}},"_links":{"self":[{"href":"https:\/\/www.lilleliis.com\/et\/wp-json\/wp\/v2\/product\/1989","targetHints":{"allow":["GET"]}}],"collection":[{"href":"https:\/\/www.lilleliis.com\/et\/wp-json\/wp\/v2\/product"}],"about":[{"href":"https:\/\/www.lilleliis.com\/et\/wp-json\/wp\/v2\/types\/product"}],"replies":[{"embeddable":true,"href":"https:\/\/www.lilleliis.com\/et\/wp-json\/wp\/v2\/comments?post=1989"}],"wp:featuredmedia":[{"embeddable":true,"href":"https:\/\/www.lilleliis.com\/et\/wp-json\/wp\/v2\/media\/43463"}],"wp:attachment":[{"href":"https:\/\/www.lilleliis.com\/et\/wp-json\/wp\/v2\/media?parent=1989"}],"wp:term":[{"taxonomy":"product_brand","embeddable":true,"href":"https:\/\/www.lilleliis.com\/et\/wp-json\/wp\/v2\/product_brand?post=1989"},{"taxonomy":"product_cat","embeddable":true,"href":"https:\/\/www.lilleliis.com\/et\/wp-json\/wp\/v2\/product_cat?post=1989"},{"taxonomy":"product_tag","embeddable":true,"href":"https:\/\/www.lilleliis.com\/et\/wp-json\/wp\/v2\/product_tag?post=1989"}],"curies":[{"name":"wp","href":"https:\/\/api.w.org\/{rel}","templated":true}]}}