{"id":2007,"date":"2025-06-02T11:13:24","date_gmt":"2025-06-02T08:13:24","guid":{"rendered":"http:\/\/lilleliis.com\/?post_type=product&#038;p=2007"},"modified":"2026-02-22T19:52:22","modified_gmt":"2026-02-22T17:52:22","slug":"opetus-vaike-baleriin-janku","status":"publish","type":"product","link":"https:\/\/www.lilleliis.com\/et\/toode\/opetus-vaike-baleriin-janku\/","title":{"rendered":"Baleriin j\u00e4nese heegeldamise \u00f5petus \u2013 V\u00e4ike baleriin j\u00e4nku"},"content":{"rendered":"<p>Amigurumi j\u00e4nese heegeldamise \u00f5petus &#8211; V\u00e4ike baleriin-j\u00e4nku<\/p>\n<h3>Mustrist<\/h3>\n<p>Allalaetav ja lihtsasti j\u00e4lgitav k\u00e4sit\u00f6\u00f6 \u00f5petus (PDF fail). Juhend sisaldab samm-sammulist \u00f5petust eseme valmistamiseks ning hulgaliselt abistavaid fotosid.<\/p>\n<p>Keel: eesti, inglise, hollandi, taani<\/p>\n<p>\u00d5petuse raskusaste: lihtne<\/p>\n<p>Vajaminevad v\u00f5tted: kinnissilmus, poolsammas<\/p>\n<div class=\"is-divider divider clearfix\" ><\/div>\n<h3>Suurus ja materjal<\/h3>\n<p>Suurus: 18 cm<\/p>\n<p>Valmistamiseks on kasutatud puuvillast l\u00f5nga ning heegeln\u00f5ela j\u00e4medusega 2,5 mm.<\/p>\n<div class=\"is-divider divider clearfix\" ><\/div>\n<h3>Abi ja copyright<\/h3>\n<p>K\u00fcsimuste korral saab abi\u00a0<a href=\"mailto:%20lilleliis@gmail.com\">e-posti teel<\/a>.<\/p>\n<p>\u00d5petuse j\u00e4rgi valmistatud esemeid v\u00f5ib m\u00fc\u00fca. \u00d5petust on keelatud jagada. Autori\u00f5igustega tutvu\u00a0<a href=\"https:\/\/www.lilleliis.com\/et\/autorioigused\/\" target=\"_blank\" rel=\"noopener\">siin<\/a>.<\/p>\n","protected":false},"excerpt":{"rendered":"<p data-start=\"569\" data-end=\"824\">Imearmas v\u00e4ike baleriin j\u00e4nku on t\u00f5eliselt roosamanna tegelane, mis r\u00f5\u00f5mustab eriti v\u00e4ikeseid t\u00fcdrukuid. Tal on seljas heegeldatud balletiseelik ja jalas pisikesed balletisussid. Riideid ei saa eemaldada. J\u00e4nku k\u00f5rvu kaunistavad armsad tekstiilist lapikesed.<\/p>\n<p data-start=\"826\" data-end=\"951\">Baleriin j\u00e4nese heegeldamise \u00f5petus sobib ka alustajale ning juhendab samm-sammult armsa amigurumi j\u00e4nku valmimiseni.<\/p>\n<p data-start=\"826\" data-end=\"951\"><div class=\"is-divider divider clearfix\" ><\/div>\n<p data-start=\"826\" data-end=\"951\">Tegemist on allalaetava <strong data-start=\"326\" data-end=\"343\">PDF-\u00f5petusega<\/strong>, mis sisaldab rohkelt fotosid. \u00d5petuse raskusaste on <strong>lihtne <\/strong>ja see on saadaval ka eesti keeles.<\/p>\n","protected":false},"featured_media":80429,"comment_status":"open","ping_status":"closed","template":"","meta":[],"product_brand":[],"product_cat":[95,119],"product_tag":[122],"class_list":{"0":"post-2007","1":"product","2":"type-product","3":"status-publish","4":"has-post-thumbnail","6":"product_cat-amigurumi-opetused","7":"product_cat-janku-mustrid","8":"product_tag-tudrukutele","9":"pa_pattern-language-eesti","10":"pa_pattern-language-hollandi","11":"pa_pattern-language-inglise","12":"pa_pattern-language-taani","13":"pa_pattern-skill-level-lihtne","15":"first","16":"instock","17":"sold-individually","18":"taxable","19":"shipping-taxable","20":"purchasable","21":"product-type-variable"},"yoast_head":"<!-- This site is optimized with the Yoast SEO plugin v27.3 - https:\/\/yoast.com\/product\/yoast-seo-wordpress\/ -->\n<title>Baleriin j\u00e4nese heegeldamise \u00f5petus \u2013 V\u00e4ike baleriin-j\u00e4nku| lilleliis<\/title>\n<meta name=\"description\" content=\"Heegelda imearmas baleriin j\u00e4nku! Lihtne \u00f5petus v\u00e4ikese amigurumi j\u00e4nese valmistamiseks. \u00d5petus on eesti keeles ja sobib ka algajatele.\" \/>\n<meta name=\"robots\" content=\"index, follow, max-snippet:-1, max-image-preview:large, max-video-preview:-1\" \/>\n<link rel=\"canonical\" href=\"https:\/\/www.lilleliis.com\/et\/toode\/opetus-vaike-baleriin-janku\/\" \/>\n<meta property=\"og:locale\" content=\"et_EE\" \/>\n<meta property=\"og:type\" content=\"article\" \/>\n<meta property=\"og:title\" content=\"Baleriin j\u00e4nese heegeldamise \u00f5petus \u2013 V\u00e4ike baleriin-j\u00e4nku| lilleliis\" \/>\n<meta property=\"og:description\" content=\"Heegelda imearmas baleriin j\u00e4nku! Lihtne \u00f5petus v\u00e4ikese amigurumi j\u00e4nese valmistamiseks. \u00d5petus on eesti keeles ja sobib ka algajatele.\" \/>\n<meta property=\"og:url\" content=\"https:\/\/www.lilleliis.com\/et\/toode\/opetus-vaike-baleriin-janku\/\" \/>\n<meta property=\"og:site_name\" content=\"lilleliis\" \/>\n<meta property=\"article:publisher\" content=\"https:\/\/www.facebook.com\/lilleliis-283266335035799\/\" \/>\n<meta property=\"article:modified_time\" content=\"2026-02-22T17:52:22+00:00\" \/>\n<meta property=\"og:image\" content=\"https:\/\/www.lilleliis.com\/wp-content\/uploads\/2021\/09\/little-ballerina-bunny-amigurumi-pattern-4.jpg\" \/>\n\t<meta property=\"og:image:width\" content=\"853\" \/>\n\t<meta property=\"og:image:height\" content=\"1280\" \/>\n\t<meta property=\"og:image:type\" content=\"image\/jpeg\" \/>\n<meta name=\"twitter:card\" content=\"summary_large_image\" \/>\n<meta name=\"twitter:label1\" content=\"Est. reading time\" \/>\n\t<meta name=\"twitter:data1\" content=\"1 minute\" \/>\n<script type=\"application\/ld+json\" class=\"yoast-schema-graph\">{\"@context\":\"https:\\\/\\\/schema.org\",\"@graph\":[{\"@type\":\"WebPage\",\"@id\":\"https:\\\/\\\/www.lilleliis.com\\\/et\\\/toode\\\/opetus-vaike-baleriin-janku\\\/\",\"url\":\"https:\\\/\\\/www.lilleliis.com\\\/et\\\/toode\\\/opetus-vaike-baleriin-janku\\\/\",\"name\":\"Baleriin j\u00e4nese heegeldamise \u00f5petus \u2013 V\u00e4ike baleriin-j\u00e4nku| lilleliis\",\"isPartOf\":{\"@id\":\"https:\\\/\\\/www.lilleliis.com\\\/et\\\/#website\"},\"primaryImageOfPage\":{\"@id\":\"https:\\\/\\\/www.lilleliis.com\\\/et\\\/toode\\\/opetus-vaike-baleriin-janku\\\/#primaryimage\"},\"image\":{\"@id\":\"https:\\\/\\\/www.lilleliis.com\\\/et\\\/toode\\\/opetus-vaike-baleriin-janku\\\/#primaryimage\"},\"thumbnailUrl\":\"https:\\\/\\\/www.lilleliis.com\\\/wp-content\\\/uploads\\\/2021\\\/09\\\/little-ballerina-bunny-amigurumi-pattern-4.jpg\",\"datePublished\":\"2025-06-02T08:13:24+00:00\",\"dateModified\":\"2026-02-22T17:52:22+00:00\",\"description\":\"Heegelda imearmas baleriin j\u00e4nku! Lihtne \u00f5petus v\u00e4ikese amigurumi j\u00e4nese valmistamiseks. \u00d5petus on eesti keeles ja sobib ka algajatele.\",\"breadcrumb\":{\"@id\":\"https:\\\/\\\/www.lilleliis.com\\\/et\\\/toode\\\/opetus-vaike-baleriin-janku\\\/#breadcrumb\"},\"inLanguage\":\"et\",\"potentialAction\":[{\"@type\":\"ReadAction\",\"target\":[\"https:\\\/\\\/www.lilleliis.com\\\/et\\\/toode\\\/opetus-vaike-baleriin-janku\\\/\"]}]},{\"@type\":\"ImageObject\",\"inLanguage\":\"et\",\"@id\":\"https:\\\/\\\/www.lilleliis.com\\\/et\\\/toode\\\/opetus-vaike-baleriin-janku\\\/#primaryimage\",\"url\":\"https:\\\/\\\/www.lilleliis.com\\\/wp-content\\\/uploads\\\/2021\\\/09\\\/little-ballerina-bunny-amigurumi-pattern-4.jpg\",\"contentUrl\":\"https:\\\/\\\/www.lilleliis.com\\\/wp-content\\\/uploads\\\/2021\\\/09\\\/little-ballerina-bunny-amigurumi-pattern-4.jpg\",\"width\":853,\"height\":1280,\"caption\":\"v\u00e4ike baleriin j\u00e4nku amigurumi\"},{\"@type\":\"BreadcrumbList\",\"@id\":\"https:\\\/\\\/www.lilleliis.com\\\/et\\\/toode\\\/opetus-vaike-baleriin-janku\\\/#breadcrumb\",\"itemListElement\":[{\"@type\":\"ListItem\",\"position\":1,\"name\":\"Home\",\"item\":\"https:\\\/\\\/www.lilleliis.com\\\/et\\\/\"},{\"@type\":\"ListItem\",\"position\":2,\"name\":\"Pood\",\"item\":\"https:\\\/\\\/www.lilleliis.com\\\/et\\\/shop\\\/\"},{\"@type\":\"ListItem\",\"position\":3,\"name\":\"Baleriin j\u00e4nese heegeldamise \u00f5petus \u2013 V\u00e4ike baleriin j\u00e4nku\"}]},{\"@type\":\"WebSite\",\"@id\":\"https:\\\/\\\/www.lilleliis.com\\\/et\\\/#website\",\"url\":\"https:\\\/\\\/www.lilleliis.com\\\/et\\\/\",\"name\":\"lilleliis\",\"description\":\"Amigurumi m\u00e4nguasjad ja mustrid\",\"potentialAction\":[{\"@type\":\"SearchAction\",\"target\":{\"@type\":\"EntryPoint\",\"urlTemplate\":\"https:\\\/\\\/www.lilleliis.com\\\/et\\\/?s={search_term_string}\"},\"query-input\":{\"@type\":\"PropertyValueSpecification\",\"valueRequired\":true,\"valueName\":\"search_term_string\"}}],\"inLanguage\":\"et\"}]}<\/script>\n<!-- \/ Yoast SEO plugin. -->","yoast_head_json":{"title":"Baleriin j\u00e4nese heegeldamise \u00f5petus \u2013 V\u00e4ike baleriin-j\u00e4nku| lilleliis","description":"Heegelda imearmas baleriin j\u00e4nku! Lihtne \u00f5petus v\u00e4ikese amigurumi j\u00e4nese valmistamiseks. \u00d5petus on eesti keeles ja sobib ka algajatele.","robots":{"index":"index","follow":"follow","max-snippet":"max-snippet:-1","max-image-preview":"max-image-preview:large","max-video-preview":"max-video-preview:-1"},"canonical":"https:\/\/www.lilleliis.com\/et\/toode\/opetus-vaike-baleriin-janku\/","og_locale":"et_EE","og_type":"article","og_title":"Baleriin j\u00e4nese heegeldamise \u00f5petus \u2013 V\u00e4ike baleriin-j\u00e4nku| lilleliis","og_description":"Heegelda imearmas baleriin j\u00e4nku! Lihtne \u00f5petus v\u00e4ikese amigurumi j\u00e4nese valmistamiseks. \u00d5petus on eesti keeles ja sobib ka algajatele.","og_url":"https:\/\/www.lilleliis.com\/et\/toode\/opetus-vaike-baleriin-janku\/","og_site_name":"lilleliis","article_publisher":"https:\/\/www.facebook.com\/lilleliis-283266335035799\/","article_modified_time":"2026-02-22T17:52:22+00:00","og_image":[{"width":853,"height":1280,"url":"https:\/\/www.lilleliis.com\/wp-content\/uploads\/2021\/09\/little-ballerina-bunny-amigurumi-pattern-4.jpg","type":"image\/jpeg"}],"twitter_card":"summary_large_image","twitter_misc":{"Est. reading time":"1 minute"},"schema":{"@context":"https:\/\/schema.org","@graph":[{"@type":"WebPage","@id":"https:\/\/www.lilleliis.com\/et\/toode\/opetus-vaike-baleriin-janku\/","url":"https:\/\/www.lilleliis.com\/et\/toode\/opetus-vaike-baleriin-janku\/","name":"Baleriin j\u00e4nese heegeldamise \u00f5petus \u2013 V\u00e4ike baleriin-j\u00e4nku| lilleliis","isPartOf":{"@id":"https:\/\/www.lilleliis.com\/et\/#website"},"primaryImageOfPage":{"@id":"https:\/\/www.lilleliis.com\/et\/toode\/opetus-vaike-baleriin-janku\/#primaryimage"},"image":{"@id":"https:\/\/www.lilleliis.com\/et\/toode\/opetus-vaike-baleriin-janku\/#primaryimage"},"thumbnailUrl":"https:\/\/www.lilleliis.com\/wp-content\/uploads\/2021\/09\/little-ballerina-bunny-amigurumi-pattern-4.jpg","datePublished":"2025-06-02T08:13:24+00:00","dateModified":"2026-02-22T17:52:22+00:00","description":"Heegelda imearmas baleriin j\u00e4nku! Lihtne \u00f5petus v\u00e4ikese amigurumi j\u00e4nese valmistamiseks. \u00d5petus on eesti keeles ja sobib ka algajatele.","breadcrumb":{"@id":"https:\/\/www.lilleliis.com\/et\/toode\/opetus-vaike-baleriin-janku\/#breadcrumb"},"inLanguage":"et","potentialAction":[{"@type":"ReadAction","target":["https:\/\/www.lilleliis.com\/et\/toode\/opetus-vaike-baleriin-janku\/"]}]},{"@type":"ImageObject","inLanguage":"et","@id":"https:\/\/www.lilleliis.com\/et\/toode\/opetus-vaike-baleriin-janku\/#primaryimage","url":"https:\/\/www.lilleliis.com\/wp-content\/uploads\/2021\/09\/little-ballerina-bunny-amigurumi-pattern-4.jpg","contentUrl":"https:\/\/www.lilleliis.com\/wp-content\/uploads\/2021\/09\/little-ballerina-bunny-amigurumi-pattern-4.jpg","width":853,"height":1280,"caption":"v\u00e4ike baleriin j\u00e4nku amigurumi"},{"@type":"BreadcrumbList","@id":"https:\/\/www.lilleliis.com\/et\/toode\/opetus-vaike-baleriin-janku\/#breadcrumb","itemListElement":[{"@type":"ListItem","position":1,"name":"Home","item":"https:\/\/www.lilleliis.com\/et\/"},{"@type":"ListItem","position":2,"name":"Pood","item":"https:\/\/www.lilleliis.com\/et\/shop\/"},{"@type":"ListItem","position":3,"name":"Baleriin j\u00e4nese heegeldamise \u00f5petus \u2013 V\u00e4ike baleriin j\u00e4nku"}]},{"@type":"WebSite","@id":"https:\/\/www.lilleliis.com\/et\/#website","url":"https:\/\/www.lilleliis.com\/et\/","name":"lilleliis","description":"Amigurumi m\u00e4nguasjad ja mustrid","potentialAction":[{"@type":"SearchAction","target":{"@type":"EntryPoint","urlTemplate":"https:\/\/www.lilleliis.com\/et\/?s={search_term_string}"},"query-input":{"@type":"PropertyValueSpecification","valueRequired":true,"valueName":"search_term_string"}}],"inLanguage":"et"}]}},"_links":{"self":[{"href":"https:\/\/www.lilleliis.com\/et\/wp-json\/wp\/v2\/product\/2007","targetHints":{"allow":["GET"]}}],"collection":[{"href":"https:\/\/www.lilleliis.com\/et\/wp-json\/wp\/v2\/product"}],"about":[{"href":"https:\/\/www.lilleliis.com\/et\/wp-json\/wp\/v2\/types\/product"}],"replies":[{"embeddable":true,"href":"https:\/\/www.lilleliis.com\/et\/wp-json\/wp\/v2\/comments?post=2007"}],"wp:featuredmedia":[{"embeddable":true,"href":"https:\/\/www.lilleliis.com\/et\/wp-json\/wp\/v2\/media\/80429"}],"wp:attachment":[{"href":"https:\/\/www.lilleliis.com\/et\/wp-json\/wp\/v2\/media?parent=2007"}],"wp:term":[{"taxonomy":"product_brand","embeddable":true,"href":"https:\/\/www.lilleliis.com\/et\/wp-json\/wp\/v2\/product_brand?post=2007"},{"taxonomy":"product_cat","embeddable":true,"href":"https:\/\/www.lilleliis.com\/et\/wp-json\/wp\/v2\/product_cat?post=2007"},{"taxonomy":"product_tag","embeddable":true,"href":"https:\/\/www.lilleliis.com\/et\/wp-json\/wp\/v2\/product_tag?post=2007"}],"curies":[{"name":"wp","href":"https:\/\/api.w.org\/{rel}","templated":true}]}}