{"id":2049,"date":"2025-03-31T16:06:11","date_gmt":"2025-03-31T13:06:11","guid":{"rendered":"http:\/\/lilleliis.com\/?post_type=product&#038;p=2049"},"modified":"2026-02-25T13:31:08","modified_gmt":"2026-02-25T11:31:08","slug":"opetus-jankuharra","status":"publish","type":"product","link":"https:\/\/www.lilleliis.com\/et\/toode\/opetus-jankuharra\/","title":{"rendered":"Traksidega j\u00e4nku heegeldamise \u00f5petus &#8211; J\u00e4nkuh\u00e4rra"},"content":{"rendered":"<p>Amigurumi j\u00e4nese heegeldamise \u00f5petus \u2013 J\u00e4nkuh\u00e4rra<\/p>\n<p data-start=\"347\" data-end=\"461\">J\u00e4nkuh\u00e4rra pikkade jalgade t\u00f5ttu saab teda kenasti istuma s\u00e4ttida \u2013 riiulile, voodile v\u00f5i lastetuppa kaunistuseks.<\/p>\n<p data-start=\"463\" data-end=\"619\">See traksidega j\u00e4nku heegeldamise \u00f5petus aitab sul luua armsa ja iseloomuga m\u00e4nguasja, mis sobib h\u00e4sti kingituseks v\u00f5i <a href=\"https:\/\/www.lilleliis.com\/et\/toode\/heegeldatud-jankupreili-muster\/\">J\u00e4nkupreili<\/a> seltsiliseks (\u00f5petus m\u00fc\u00fcgil eraldi).<\/p>\n<div class=\"is-divider divider clearfix\" ><\/div>\n<h3>Mustrist<\/h3>\n<p>Allalaetav ja lihtsasti j\u00e4lgitav k\u00e4sit\u00f6\u00f6 \u00f5petus (PDF fail). Juhend sisaldab samm-sammulist \u00f5petust eseme valmistamiseks ning hulgaliselt abistavaid fotosid.<\/p>\n<p>Keel: eesti, inglise, hollandi<\/p>\n<p>\u00d5petuse raskusaste: keskmine<\/p>\n<p>Vajaminevad v\u00f5tted: kinnissilmus<\/p>\n<div class=\"is-divider divider clearfix\" ><\/div>\n<h3>Suurus ja materjal<\/h3>\n<p>Suurus: umbes 30 cm<\/p>\n<p>Valmistamiseks on kasutatud puuvillast l\u00f5nga ja heegeln\u00f5ela j\u00e4medusega 3,5 mm.<\/p>\n<div class=\"is-divider divider clearfix\" ><\/div>\n<h3>Abi ja copyright<\/h3>\n<p>K\u00fcsimuste korral saab abi\u00a0<a href=\"mailto:%20lilleliis@gmail.com\">e-posti teel<\/a>.<\/p>\n<p>\u00d5petuse j\u00e4rgi valmistatud esemeid v\u00f5ib m\u00fc\u00fca. \u00d5petust on keelatud jagada. Autori\u00f5igustega tutvu\u00a0<a href=\"https:\/\/www.lilleliis.com\/et\/autorioigused\/\" target=\"_blank\" rel=\"noopener\">siin<\/a>.<\/p>\n","protected":false},"excerpt":{"rendered":"<p data-start=\"110\" data-end=\"345\">J\u00e4nkuh\u00e4rra on s\u00f5bralik ja viisakas sell. Nagu \u00fchele t\u00f5elisele h\u00e4rrasmehele kohane, on tal seljas valge n\u00f6\u00f6pidega triiks\u00e4rk, jalas traksip\u00fcksid ja peas kaabu. Loomulikult ei puudu ka v\u00e4ike kaelaside, mis annab talle eriti soliidse ilme.<\/p>\n<p data-start=\"463\" data-end=\"619\"><div class=\"is-divider divider clearfix\" ><\/div>\n<p data-start=\"463\" data-end=\"619\">Tegemist on allalaetava <strong data-start=\"326\" data-end=\"343\">PDF-\u00f5petusega<\/strong>, mis sisaldab rohkelt fotosid. \u00d5petuse raskusaste on <strong data-start=\"397\" data-end=\"409\">keskmine<\/strong>. Saadaval ka eesti keeles.<\/p>\n","protected":false},"featured_media":44253,"comment_status":"open","ping_status":"closed","template":"","meta":[],"product_brand":[],"product_cat":[95,119],"product_tag":[172],"class_list":{"0":"post-2049","1":"product","2":"type-product","3":"status-publish","4":"has-post-thumbnail","6":"product_cat-amigurumi-opetused","7":"product_cat-janku-mustrid","8":"product_tag-poistele","9":"pa_pattern-language-eesti","10":"pa_pattern-language-hollandi","11":"pa_pattern-language-inglise","12":"pa_pattern-skill-level-keskmine","14":"first","15":"instock","16":"sold-individually","17":"taxable","18":"shipping-taxable","19":"purchasable","20":"product-type-variable"},"yoast_head":"<!-- This site is optimized with the Yoast SEO plugin v27.3 - https:\/\/yoast.com\/product\/yoast-seo-wordpress\/ -->\n<title>Traksidega j\u00e4nku heegeldamise \u00f5petus - J\u00e4nkuh\u00e4rra | lilleliis<\/title>\n<meta name=\"description\" content=\"Traksidega j\u00e4nku heegeldamise \u00f5petus - J\u00e4nkuh\u00e4rra. Armas heegeldatud j\u00e4nes triiks\u00e4rgi, traksip\u00fckste ja kaabuga. Eestikeelne amigurumi muster.\" \/>\n<meta name=\"robots\" content=\"index, follow, max-snippet:-1, max-image-preview:large, max-video-preview:-1\" \/>\n<link rel=\"canonical\" href=\"https:\/\/www.lilleliis.com\/et\/toode\/opetus-jankuharra\/\" \/>\n<meta property=\"og:locale\" content=\"et_EE\" \/>\n<meta property=\"og:type\" content=\"article\" \/>\n<meta property=\"og:title\" content=\"Traksidega j\u00e4nku heegeldamise \u00f5petus - J\u00e4nkuh\u00e4rra | lilleliis\" \/>\n<meta property=\"og:description\" content=\"Traksidega j\u00e4nku heegeldamise \u00f5petus - J\u00e4nkuh\u00e4rra. Armas heegeldatud j\u00e4nes triiks\u00e4rgi, traksip\u00fckste ja kaabuga. Eestikeelne amigurumi muster.\" \/>\n<meta property=\"og:url\" content=\"https:\/\/www.lilleliis.com\/et\/toode\/opetus-jankuharra\/\" \/>\n<meta property=\"og:site_name\" content=\"lilleliis\" \/>\n<meta property=\"article:publisher\" content=\"https:\/\/www.facebook.com\/lilleliis-283266335035799\/\" \/>\n<meta property=\"article:modified_time\" content=\"2026-02-25T11:31:08+00:00\" \/>\n<meta property=\"og:image\" content=\"https:\/\/www.lilleliis.com\/wp-content\/uploads\/2014\/12\/amigurumi-j\u00e4nes-1.jpg\" \/>\n\t<meta property=\"og:image:width\" content=\"1001\" \/>\n\t<meta property=\"og:image:height\" content=\"1500\" \/>\n\t<meta property=\"og:image:type\" content=\"image\/jpeg\" \/>\n<meta name=\"twitter:card\" content=\"summary_large_image\" \/>\n<meta name=\"twitter:label1\" content=\"Est. reading time\" \/>\n\t<meta name=\"twitter:data1\" content=\"1 minute\" \/>\n<script type=\"application\/ld+json\" class=\"yoast-schema-graph\">{\"@context\":\"https:\\\/\\\/schema.org\",\"@graph\":[{\"@type\":\"WebPage\",\"@id\":\"https:\\\/\\\/www.lilleliis.com\\\/et\\\/toode\\\/opetus-jankuharra\\\/\",\"url\":\"https:\\\/\\\/www.lilleliis.com\\\/et\\\/toode\\\/opetus-jankuharra\\\/\",\"name\":\"Traksidega j\u00e4nku heegeldamise \u00f5petus - J\u00e4nkuh\u00e4rra | lilleliis\",\"isPartOf\":{\"@id\":\"https:\\\/\\\/www.lilleliis.com\\\/et\\\/#website\"},\"primaryImageOfPage\":{\"@id\":\"https:\\\/\\\/www.lilleliis.com\\\/et\\\/toode\\\/opetus-jankuharra\\\/#primaryimage\"},\"image\":{\"@id\":\"https:\\\/\\\/www.lilleliis.com\\\/et\\\/toode\\\/opetus-jankuharra\\\/#primaryimage\"},\"thumbnailUrl\":\"https:\\\/\\\/www.lilleliis.com\\\/wp-content\\\/uploads\\\/2014\\\/12\\\/amigurumi-j\u00e4nes-1.jpg\",\"datePublished\":\"2025-03-31T13:06:11+00:00\",\"dateModified\":\"2026-02-25T11:31:08+00:00\",\"description\":\"Traksidega j\u00e4nku heegeldamise \u00f5petus - J\u00e4nkuh\u00e4rra. Armas heegeldatud j\u00e4nes triiks\u00e4rgi, traksip\u00fckste ja kaabuga. Eestikeelne amigurumi muster.\",\"breadcrumb\":{\"@id\":\"https:\\\/\\\/www.lilleliis.com\\\/et\\\/toode\\\/opetus-jankuharra\\\/#breadcrumb\"},\"inLanguage\":\"et\",\"potentialAction\":[{\"@type\":\"ReadAction\",\"target\":[\"https:\\\/\\\/www.lilleliis.com\\\/et\\\/toode\\\/opetus-jankuharra\\\/\"]}]},{\"@type\":\"ImageObject\",\"inLanguage\":\"et\",\"@id\":\"https:\\\/\\\/www.lilleliis.com\\\/et\\\/toode\\\/opetus-jankuharra\\\/#primaryimage\",\"url\":\"https:\\\/\\\/www.lilleliis.com\\\/wp-content\\\/uploads\\\/2014\\\/12\\\/amigurumi-j\u00e4nes-1.jpg\",\"contentUrl\":\"https:\\\/\\\/www.lilleliis.com\\\/wp-content\\\/uploads\\\/2014\\\/12\\\/amigurumi-j\u00e4nes-1.jpg\",\"width\":1001,\"height\":1500},{\"@type\":\"BreadcrumbList\",\"@id\":\"https:\\\/\\\/www.lilleliis.com\\\/et\\\/toode\\\/opetus-jankuharra\\\/#breadcrumb\",\"itemListElement\":[{\"@type\":\"ListItem\",\"position\":1,\"name\":\"Home\",\"item\":\"https:\\\/\\\/www.lilleliis.com\\\/et\\\/\"},{\"@type\":\"ListItem\",\"position\":2,\"name\":\"Pood\",\"item\":\"https:\\\/\\\/www.lilleliis.com\\\/et\\\/shop\\\/\"},{\"@type\":\"ListItem\",\"position\":3,\"name\":\"Traksidega j\u00e4nku heegeldamise \u00f5petus &#8211; J\u00e4nkuh\u00e4rra\"}]},{\"@type\":\"WebSite\",\"@id\":\"https:\\\/\\\/www.lilleliis.com\\\/et\\\/#website\",\"url\":\"https:\\\/\\\/www.lilleliis.com\\\/et\\\/\",\"name\":\"lilleliis\",\"description\":\"Amigurumi m\u00e4nguasjad ja mustrid\",\"potentialAction\":[{\"@type\":\"SearchAction\",\"target\":{\"@type\":\"EntryPoint\",\"urlTemplate\":\"https:\\\/\\\/www.lilleliis.com\\\/et\\\/?s={search_term_string}\"},\"query-input\":{\"@type\":\"PropertyValueSpecification\",\"valueRequired\":true,\"valueName\":\"search_term_string\"}}],\"inLanguage\":\"et\"}]}<\/script>\n<!-- \/ Yoast SEO plugin. -->","yoast_head_json":{"title":"Traksidega j\u00e4nku heegeldamise \u00f5petus - J\u00e4nkuh\u00e4rra | lilleliis","description":"Traksidega j\u00e4nku heegeldamise \u00f5petus - J\u00e4nkuh\u00e4rra. Armas heegeldatud j\u00e4nes triiks\u00e4rgi, traksip\u00fckste ja kaabuga. Eestikeelne amigurumi muster.","robots":{"index":"index","follow":"follow","max-snippet":"max-snippet:-1","max-image-preview":"max-image-preview:large","max-video-preview":"max-video-preview:-1"},"canonical":"https:\/\/www.lilleliis.com\/et\/toode\/opetus-jankuharra\/","og_locale":"et_EE","og_type":"article","og_title":"Traksidega j\u00e4nku heegeldamise \u00f5petus - J\u00e4nkuh\u00e4rra | lilleliis","og_description":"Traksidega j\u00e4nku heegeldamise \u00f5petus - J\u00e4nkuh\u00e4rra. Armas heegeldatud j\u00e4nes triiks\u00e4rgi, traksip\u00fckste ja kaabuga. Eestikeelne amigurumi muster.","og_url":"https:\/\/www.lilleliis.com\/et\/toode\/opetus-jankuharra\/","og_site_name":"lilleliis","article_publisher":"https:\/\/www.facebook.com\/lilleliis-283266335035799\/","article_modified_time":"2026-02-25T11:31:08+00:00","og_image":[{"width":1001,"height":1500,"url":"https:\/\/www.lilleliis.com\/wp-content\/uploads\/2014\/12\/amigurumi-j\u00e4nes-1.jpg","type":"image\/jpeg"}],"twitter_card":"summary_large_image","twitter_misc":{"Est. reading time":"1 minute"},"schema":{"@context":"https:\/\/schema.org","@graph":[{"@type":"WebPage","@id":"https:\/\/www.lilleliis.com\/et\/toode\/opetus-jankuharra\/","url":"https:\/\/www.lilleliis.com\/et\/toode\/opetus-jankuharra\/","name":"Traksidega j\u00e4nku heegeldamise \u00f5petus - J\u00e4nkuh\u00e4rra | lilleliis","isPartOf":{"@id":"https:\/\/www.lilleliis.com\/et\/#website"},"primaryImageOfPage":{"@id":"https:\/\/www.lilleliis.com\/et\/toode\/opetus-jankuharra\/#primaryimage"},"image":{"@id":"https:\/\/www.lilleliis.com\/et\/toode\/opetus-jankuharra\/#primaryimage"},"thumbnailUrl":"https:\/\/www.lilleliis.com\/wp-content\/uploads\/2014\/12\/amigurumi-j\u00e4nes-1.jpg","datePublished":"2025-03-31T13:06:11+00:00","dateModified":"2026-02-25T11:31:08+00:00","description":"Traksidega j\u00e4nku heegeldamise \u00f5petus - J\u00e4nkuh\u00e4rra. Armas heegeldatud j\u00e4nes triiks\u00e4rgi, traksip\u00fckste ja kaabuga. Eestikeelne amigurumi muster.","breadcrumb":{"@id":"https:\/\/www.lilleliis.com\/et\/toode\/opetus-jankuharra\/#breadcrumb"},"inLanguage":"et","potentialAction":[{"@type":"ReadAction","target":["https:\/\/www.lilleliis.com\/et\/toode\/opetus-jankuharra\/"]}]},{"@type":"ImageObject","inLanguage":"et","@id":"https:\/\/www.lilleliis.com\/et\/toode\/opetus-jankuharra\/#primaryimage","url":"https:\/\/www.lilleliis.com\/wp-content\/uploads\/2014\/12\/amigurumi-j\u00e4nes-1.jpg","contentUrl":"https:\/\/www.lilleliis.com\/wp-content\/uploads\/2014\/12\/amigurumi-j\u00e4nes-1.jpg","width":1001,"height":1500},{"@type":"BreadcrumbList","@id":"https:\/\/www.lilleliis.com\/et\/toode\/opetus-jankuharra\/#breadcrumb","itemListElement":[{"@type":"ListItem","position":1,"name":"Home","item":"https:\/\/www.lilleliis.com\/et\/"},{"@type":"ListItem","position":2,"name":"Pood","item":"https:\/\/www.lilleliis.com\/et\/shop\/"},{"@type":"ListItem","position":3,"name":"Traksidega j\u00e4nku heegeldamise \u00f5petus &#8211; J\u00e4nkuh\u00e4rra"}]},{"@type":"WebSite","@id":"https:\/\/www.lilleliis.com\/et\/#website","url":"https:\/\/www.lilleliis.com\/et\/","name":"lilleliis","description":"Amigurumi m\u00e4nguasjad ja mustrid","potentialAction":[{"@type":"SearchAction","target":{"@type":"EntryPoint","urlTemplate":"https:\/\/www.lilleliis.com\/et\/?s={search_term_string}"},"query-input":{"@type":"PropertyValueSpecification","valueRequired":true,"valueName":"search_term_string"}}],"inLanguage":"et"}]}},"_links":{"self":[{"href":"https:\/\/www.lilleliis.com\/et\/wp-json\/wp\/v2\/product\/2049","targetHints":{"allow":["GET"]}}],"collection":[{"href":"https:\/\/www.lilleliis.com\/et\/wp-json\/wp\/v2\/product"}],"about":[{"href":"https:\/\/www.lilleliis.com\/et\/wp-json\/wp\/v2\/types\/product"}],"replies":[{"embeddable":true,"href":"https:\/\/www.lilleliis.com\/et\/wp-json\/wp\/v2\/comments?post=2049"}],"wp:featuredmedia":[{"embeddable":true,"href":"https:\/\/www.lilleliis.com\/et\/wp-json\/wp\/v2\/media\/44253"}],"wp:attachment":[{"href":"https:\/\/www.lilleliis.com\/et\/wp-json\/wp\/v2\/media?parent=2049"}],"wp:term":[{"taxonomy":"product_brand","embeddable":true,"href":"https:\/\/www.lilleliis.com\/et\/wp-json\/wp\/v2\/product_brand?post=2049"},{"taxonomy":"product_cat","embeddable":true,"href":"https:\/\/www.lilleliis.com\/et\/wp-json\/wp\/v2\/product_cat?post=2049"},{"taxonomy":"product_tag","embeddable":true,"href":"https:\/\/www.lilleliis.com\/et\/wp-json\/wp\/v2\/product_tag?post=2049"}],"curies":[{"name":"wp","href":"https:\/\/api.w.org\/{rel}","templated":true}]}}