{"id":2059,"date":"2026-01-13T12:32:53","date_gmt":"2026-01-13T10:32:53","guid":{"rendered":"http:\/\/lilleliis.com\/?post_type=product&#038;p=2059"},"modified":"2026-01-22T21:42:59","modified_gmt":"2026-01-22T19:42:59","slug":"heegeldatud-kaisubeebi-muster","status":"publish","type":"product","link":"https:\/\/www.lilleliis.com\/et\/toode\/heegeldatud-kaisubeebi-muster\/","title":{"rendered":"Kaisubeebi &#8211; amigurumi muster"},"content":{"rendered":null,"protected":false},"excerpt":{"rendered":"<p>Heegeldatud kaisubeebi sobib h\u00e4sti lapse esimeseks nukuks \u2013 see on pehme ja ei sisalda pisidetaile, mis beebile ohtu v\u00f5iksid kujutada. Kui valmistad nuku (mahe)puuvillasest l\u00f5ngast, ei juhtu midagi ka siis, kui tita seda suhu pistab.<\/p>\n<p>Kaisubeebi v\u00f5ib olla armsaks tudukaaslaseks, mille k\u00e4tteandmine t\u00e4histab magamamineku aega. Aga sama h\u00e4sti sobib see ka m\u00e4ngimiseks, mille abil \u00f5petada lapsele tita eest hoolitsemist \u2013 magamapanemist, s\u00f6\u00f6tmist, kussutamist jne.<\/p>\n<hr \/>\n<p><span data-text-color=\"primary\">MUSTRIST<\/span><\/p>\n<p>Allalaetav ja lihtsasti j\u00e4lgitav k\u00e4sit\u00f6\u00f6 \u00f5petus (PDF fail). Juhend sisaldab samm-sammulist \u00f5petust eseme valmistamiseks ning hulgaliselt abistavaid fotosid.<\/p>\n<p>Keel: eesti, inglise, itaalia, hispaania, hollandi, portugali, prantsuse, saksa, taani<\/p>\n<p>\u00d5petuse raskusaste: lihtne<\/p>\n<p>Vajaminevad v\u00f5tted: kinnissilmust, \u00fchekordne sammas<\/p>\n<hr \/>\n<p><span data-text-color=\"primary\">SUURUS JA MATERJAL<\/span><\/p>\n<p>Suurus: umbes 29 cm<\/p>\n<p>Valmistamiseks on kasutatud puuvillast l\u00f5nga ja heegeln\u00f5ela j\u00e4medusega 3,5 mm.<\/p>\n<hr \/>\n<p><span data-text-color=\"primary\">ABI JA COPYRIGHT<\/span><\/p>\n<p>K\u00fcsimuste korral saab abi\u00a0<a href=\"mailto:%20lilleliis@gmail.com\">e-posti teel<\/a>.<\/p>\n<p>\u00d5petuse j\u00e4rgi valmistatud esemeid v\u00f5ib m\u00fc\u00fca. \u00d5petust on keelatud jagada. Autori\u00f5igustega tutvu\u00a0<a href=\"https:\/\/www.lilleliis.com\/et\/autorioigused\/\" target=\"_blank\" rel=\"noopener\">siin<\/a>.<\/p>\n","protected":false},"featured_media":43386,"comment_status":"open","ping_status":"closed","template":"","meta":[],"product_brand":[],"product_cat":[95,115,128],"product_tag":[123],"class_list":{"0":"post-2059","1":"product","2":"type-product","3":"status-publish","4":"has-post-thumbnail","6":"product_cat-amigurumi-opetused","7":"product_cat-beebimanguasjade-mustrid","8":"product_cat-nuku-mustrid","9":"product_tag-beebidele","10":"pa_pattern-language-eesti","11":"pa_pattern-language-hispaania","12":"pa_pattern-language-hollandi","13":"pa_pattern-language-inglise","14":"pa_pattern-language-itaalia","15":"pa_pattern-language-portugali","16":"pa_pattern-language-prantsuse","17":"pa_pattern-language-saksa","18":"pa_pattern-language-taani","19":"pa_pattern-skill-level-lihtne","21":"first","22":"instock","23":"sold-individually","24":"taxable","25":"shipping-taxable","26":"purchasable","27":"product-type-variable"},"yoast_head":"<!-- This site is optimized with the Yoast SEO plugin v27.3 - https:\/\/yoast.com\/product\/yoast-seo-wordpress\/ -->\n<title>Kaisubeebi amigurumi muster | Heegelda ise beebi esimene nukk | lilleliis<\/title>\n<meta name=\"description\" content=\"Heegeldatud kaisubeebi sobib h\u00e4sti lapse esimeseks nukuks \u2013 see on pehme ja ei sisalda beebile ohtlikke detaile. Eestikeelne amigurumi muster.\" \/>\n<meta name=\"robots\" content=\"index, follow, max-snippet:-1, max-image-preview:large, max-video-preview:-1\" \/>\n<link rel=\"canonical\" href=\"https:\/\/www.lilleliis.com\/et\/toode\/heegeldatud-kaisubeebi-muster\/\" \/>\n<meta property=\"og:locale\" content=\"et_EE\" \/>\n<meta property=\"og:type\" content=\"article\" \/>\n<meta property=\"og:title\" content=\"Kaisubeebi amigurumi muster | Heegelda ise beebi esimene nukk | lilleliis\" \/>\n<meta property=\"og:description\" content=\"Heegeldatud kaisubeebi sobib h\u00e4sti lapse esimeseks nukuks \u2013 see on pehme ja ei sisalda beebile ohtlikke detaile. Eestikeelne amigurumi muster.\" \/>\n<meta property=\"og:url\" content=\"https:\/\/www.lilleliis.com\/et\/toode\/heegeldatud-kaisubeebi-muster\/\" \/>\n<meta property=\"og:site_name\" content=\"lilleliis\" \/>\n<meta property=\"article:publisher\" content=\"https:\/\/www.facebook.com\/lilleliis-283266335035799\/\" \/>\n<meta property=\"article:modified_time\" content=\"2026-01-22T19:42:59+00:00\" \/>\n<meta property=\"og:image\" content=\"https:\/\/www.lilleliis.com\/wp-content\/uploads\/2013\/04\/DSC_0003.jpg\" \/>\n\t<meta property=\"og:image:width\" content=\"1500\" \/>\n\t<meta property=\"og:image:height\" content=\"1000\" \/>\n\t<meta property=\"og:image:type\" content=\"image\/jpeg\" \/>\n<meta name=\"twitter:card\" content=\"summary_large_image\" \/>\n<meta name=\"twitter:label1\" content=\"Est. reading time\" \/>\n\t<meta name=\"twitter:data1\" content=\"1 minute\" \/>\n<script type=\"application\/ld+json\" class=\"yoast-schema-graph\">{\"@context\":\"https:\\\/\\\/schema.org\",\"@graph\":[{\"@type\":\"WebPage\",\"@id\":\"https:\\\/\\\/www.lilleliis.com\\\/et\\\/toode\\\/heegeldatud-kaisubeebi-muster\\\/\",\"url\":\"https:\\\/\\\/www.lilleliis.com\\\/et\\\/toode\\\/heegeldatud-kaisubeebi-muster\\\/\",\"name\":\"Kaisubeebi amigurumi muster | Heegelda ise beebi esimene nukk | lilleliis\",\"isPartOf\":{\"@id\":\"https:\\\/\\\/www.lilleliis.com\\\/et\\\/#website\"},\"primaryImageOfPage\":{\"@id\":\"https:\\\/\\\/www.lilleliis.com\\\/et\\\/toode\\\/heegeldatud-kaisubeebi-muster\\\/#primaryimage\"},\"image\":{\"@id\":\"https:\\\/\\\/www.lilleliis.com\\\/et\\\/toode\\\/heegeldatud-kaisubeebi-muster\\\/#primaryimage\"},\"thumbnailUrl\":\"https:\\\/\\\/www.lilleliis.com\\\/wp-content\\\/uploads\\\/2013\\\/04\\\/DSC_0003.jpg\",\"datePublished\":\"2026-01-13T10:32:53+00:00\",\"dateModified\":\"2026-01-22T19:42:59+00:00\",\"description\":\"Heegeldatud kaisubeebi sobib h\u00e4sti lapse esimeseks nukuks \u2013 see on pehme ja ei sisalda beebile ohtlikke detaile. Eestikeelne amigurumi muster.\",\"breadcrumb\":{\"@id\":\"https:\\\/\\\/www.lilleliis.com\\\/et\\\/toode\\\/heegeldatud-kaisubeebi-muster\\\/#breadcrumb\"},\"inLanguage\":\"et\",\"potentialAction\":[{\"@type\":\"ReadAction\",\"target\":[\"https:\\\/\\\/www.lilleliis.com\\\/et\\\/toode\\\/heegeldatud-kaisubeebi-muster\\\/\"]}]},{\"@type\":\"ImageObject\",\"inLanguage\":\"et\",\"@id\":\"https:\\\/\\\/www.lilleliis.com\\\/et\\\/toode\\\/heegeldatud-kaisubeebi-muster\\\/#primaryimage\",\"url\":\"https:\\\/\\\/www.lilleliis.com\\\/wp-content\\\/uploads\\\/2013\\\/04\\\/DSC_0003.jpg\",\"contentUrl\":\"https:\\\/\\\/www.lilleliis.com\\\/wp-content\\\/uploads\\\/2013\\\/04\\\/DSC_0003.jpg\",\"width\":1500,\"height\":1000,\"caption\":\"amigurumi muster kaisubeebi\"},{\"@type\":\"BreadcrumbList\",\"@id\":\"https:\\\/\\\/www.lilleliis.com\\\/et\\\/toode\\\/heegeldatud-kaisubeebi-muster\\\/#breadcrumb\",\"itemListElement\":[{\"@type\":\"ListItem\",\"position\":1,\"name\":\"Home\",\"item\":\"https:\\\/\\\/www.lilleliis.com\\\/et\\\/\"},{\"@type\":\"ListItem\",\"position\":2,\"name\":\"Pood\",\"item\":\"https:\\\/\\\/www.lilleliis.com\\\/et\\\/shop\\\/\"},{\"@type\":\"ListItem\",\"position\":3,\"name\":\"Kaisubeebi &#8211; amigurumi muster\"}]},{\"@type\":\"WebSite\",\"@id\":\"https:\\\/\\\/www.lilleliis.com\\\/et\\\/#website\",\"url\":\"https:\\\/\\\/www.lilleliis.com\\\/et\\\/\",\"name\":\"lilleliis\",\"description\":\"Amigurumi m\u00e4nguasjad ja mustrid\",\"potentialAction\":[{\"@type\":\"SearchAction\",\"target\":{\"@type\":\"EntryPoint\",\"urlTemplate\":\"https:\\\/\\\/www.lilleliis.com\\\/et\\\/?s={search_term_string}\"},\"query-input\":{\"@type\":\"PropertyValueSpecification\",\"valueRequired\":true,\"valueName\":\"search_term_string\"}}],\"inLanguage\":\"et\"}]}<\/script>\n<!-- \/ Yoast SEO plugin. -->","yoast_head_json":{"title":"Kaisubeebi amigurumi muster | Heegelda ise beebi esimene nukk | lilleliis","description":"Heegeldatud kaisubeebi sobib h\u00e4sti lapse esimeseks nukuks \u2013 see on pehme ja ei sisalda beebile ohtlikke detaile. Eestikeelne amigurumi muster.","robots":{"index":"index","follow":"follow","max-snippet":"max-snippet:-1","max-image-preview":"max-image-preview:large","max-video-preview":"max-video-preview:-1"},"canonical":"https:\/\/www.lilleliis.com\/et\/toode\/heegeldatud-kaisubeebi-muster\/","og_locale":"et_EE","og_type":"article","og_title":"Kaisubeebi amigurumi muster | Heegelda ise beebi esimene nukk | lilleliis","og_description":"Heegeldatud kaisubeebi sobib h\u00e4sti lapse esimeseks nukuks \u2013 see on pehme ja ei sisalda beebile ohtlikke detaile. Eestikeelne amigurumi muster.","og_url":"https:\/\/www.lilleliis.com\/et\/toode\/heegeldatud-kaisubeebi-muster\/","og_site_name":"lilleliis","article_publisher":"https:\/\/www.facebook.com\/lilleliis-283266335035799\/","article_modified_time":"2026-01-22T19:42:59+00:00","og_image":[{"width":1500,"height":1000,"url":"https:\/\/www.lilleliis.com\/wp-content\/uploads\/2013\/04\/DSC_0003.jpg","type":"image\/jpeg"}],"twitter_card":"summary_large_image","twitter_misc":{"Est. reading time":"1 minute"},"schema":{"@context":"https:\/\/schema.org","@graph":[{"@type":"WebPage","@id":"https:\/\/www.lilleliis.com\/et\/toode\/heegeldatud-kaisubeebi-muster\/","url":"https:\/\/www.lilleliis.com\/et\/toode\/heegeldatud-kaisubeebi-muster\/","name":"Kaisubeebi amigurumi muster | Heegelda ise beebi esimene nukk | lilleliis","isPartOf":{"@id":"https:\/\/www.lilleliis.com\/et\/#website"},"primaryImageOfPage":{"@id":"https:\/\/www.lilleliis.com\/et\/toode\/heegeldatud-kaisubeebi-muster\/#primaryimage"},"image":{"@id":"https:\/\/www.lilleliis.com\/et\/toode\/heegeldatud-kaisubeebi-muster\/#primaryimage"},"thumbnailUrl":"https:\/\/www.lilleliis.com\/wp-content\/uploads\/2013\/04\/DSC_0003.jpg","datePublished":"2026-01-13T10:32:53+00:00","dateModified":"2026-01-22T19:42:59+00:00","description":"Heegeldatud kaisubeebi sobib h\u00e4sti lapse esimeseks nukuks \u2013 see on pehme ja ei sisalda beebile ohtlikke detaile. Eestikeelne amigurumi muster.","breadcrumb":{"@id":"https:\/\/www.lilleliis.com\/et\/toode\/heegeldatud-kaisubeebi-muster\/#breadcrumb"},"inLanguage":"et","potentialAction":[{"@type":"ReadAction","target":["https:\/\/www.lilleliis.com\/et\/toode\/heegeldatud-kaisubeebi-muster\/"]}]},{"@type":"ImageObject","inLanguage":"et","@id":"https:\/\/www.lilleliis.com\/et\/toode\/heegeldatud-kaisubeebi-muster\/#primaryimage","url":"https:\/\/www.lilleliis.com\/wp-content\/uploads\/2013\/04\/DSC_0003.jpg","contentUrl":"https:\/\/www.lilleliis.com\/wp-content\/uploads\/2013\/04\/DSC_0003.jpg","width":1500,"height":1000,"caption":"amigurumi muster kaisubeebi"},{"@type":"BreadcrumbList","@id":"https:\/\/www.lilleliis.com\/et\/toode\/heegeldatud-kaisubeebi-muster\/#breadcrumb","itemListElement":[{"@type":"ListItem","position":1,"name":"Home","item":"https:\/\/www.lilleliis.com\/et\/"},{"@type":"ListItem","position":2,"name":"Pood","item":"https:\/\/www.lilleliis.com\/et\/shop\/"},{"@type":"ListItem","position":3,"name":"Kaisubeebi &#8211; amigurumi muster"}]},{"@type":"WebSite","@id":"https:\/\/www.lilleliis.com\/et\/#website","url":"https:\/\/www.lilleliis.com\/et\/","name":"lilleliis","description":"Amigurumi m\u00e4nguasjad ja mustrid","potentialAction":[{"@type":"SearchAction","target":{"@type":"EntryPoint","urlTemplate":"https:\/\/www.lilleliis.com\/et\/?s={search_term_string}"},"query-input":{"@type":"PropertyValueSpecification","valueRequired":true,"valueName":"search_term_string"}}],"inLanguage":"et"}]}},"_links":{"self":[{"href":"https:\/\/www.lilleliis.com\/et\/wp-json\/wp\/v2\/product\/2059","targetHints":{"allow":["GET"]}}],"collection":[{"href":"https:\/\/www.lilleliis.com\/et\/wp-json\/wp\/v2\/product"}],"about":[{"href":"https:\/\/www.lilleliis.com\/et\/wp-json\/wp\/v2\/types\/product"}],"replies":[{"embeddable":true,"href":"https:\/\/www.lilleliis.com\/et\/wp-json\/wp\/v2\/comments?post=2059"}],"wp:featuredmedia":[{"embeddable":true,"href":"https:\/\/www.lilleliis.com\/et\/wp-json\/wp\/v2\/media\/43386"}],"wp:attachment":[{"href":"https:\/\/www.lilleliis.com\/et\/wp-json\/wp\/v2\/media?parent=2059"}],"wp:term":[{"taxonomy":"product_brand","embeddable":true,"href":"https:\/\/www.lilleliis.com\/et\/wp-json\/wp\/v2\/product_brand?post=2059"},{"taxonomy":"product_cat","embeddable":true,"href":"https:\/\/www.lilleliis.com\/et\/wp-json\/wp\/v2\/product_cat?post=2059"},{"taxonomy":"product_tag","embeddable":true,"href":"https:\/\/www.lilleliis.com\/et\/wp-json\/wp\/v2\/product_tag?post=2059"}],"curies":[{"name":"wp","href":"https:\/\/api.w.org\/{rel}","templated":true}]}}