{"id":2082,"date":"2025-07-12T15:30:45","date_gmt":"2025-07-12T12:30:45","guid":{"rendered":"http:\/\/lilleliis.com\/?post_type=product&#038;p=2082"},"modified":"2025-07-12T15:40:32","modified_gmt":"2025-07-12T12:40:32","slug":"amigurumi-opetus-pardikuplika","status":"publish","type":"product","link":"https:\/\/www.lilleliis.com\/et\/toode\/amigurumi-opetus-pardikuplika\/","title":{"rendered":"P\u00e4rdikuplika &#8211; amigurumi muster"},"content":{"rendered":null,"protected":false},"excerpt":{"rendered":"<p>Amigurumi p\u00e4rdikuplika on \u00fcks ulakas ja vahva tegelane. T\u00e4nu pikkadele, paindlikele\u00a0 j\u00e4semetele saab ahvikest erinevatesse asenditesse s\u00e4ttida ja kasv\u00f5i k\u00e4ppapidi kardina k\u00fclge siduda. Eriti krutskit t\u00e4is on trukiga saba, mida saab ahvi keha k\u00fclge kinnitada.<\/p>\n<p>Tekstiili ja vildi t\u00fckkidest kombineeritud n\u00e4gu muudab ta t\u00f5eliselt eriliseks. Kui kasutad n\u00e4ol t\u00fckikest m\u00f5nest lapse v\u00e4ikeseks j\u00e4\u00e4nud riideesemest, p\u00fcsivad lapsep\u00f5lve m\u00e4lestused kauem.<\/p>\n<hr \/>\n<p><span data-text-color=\"primary\">MUSTRIST<\/span><\/p>\n<p>Allalaetav ja lihtsasti j\u00e4lgitav k\u00e4sit\u00f6\u00f6 \u00f5petus (PDF fail). Juhend sisaldab samm-sammulist \u00f5petust eseme valmistamiseks ning hulgaliselt abistavaid fotosid.<\/p>\n<p>Keel: eesti, inglise, hollandi<\/p>\n<p>\u00d5petuse raskusaste: keskmine<\/p>\n<p>Vajaminevad v\u00f5tted: kinnissilmus, poolsammas, \u00fchekordne sammas<\/p>\n<hr \/>\n<p><span data-text-color=\"primary\">SUURUS JA MATERJAL<\/span><\/p>\n<p>Suurus: 30 cm<\/p>\n<p>Valmistamiseks on kasutatud puuvillast l\u00f5nga ja heegeln\u00f5ela j\u00e4medusega 3,5 mm.<\/p>\n<hr \/>\n<p><span data-text-color=\"primary\">ABI JA COPYRIGHT<\/span><\/p>\n<p>K\u00fcsimuste korral saab abi\u00a0<a href=\"mailto:%20lilleliis@gmail.com\">e-posti teel<\/a>.<\/p>\n<p>\u00d5petuse j\u00e4rgi valmistatud esemeid v\u00f5ib m\u00fc\u00fca. \u00d5petust on keelatud jagada. Autori\u00f5igustega tutvu\u00a0<a href=\"https:\/\/www.lilleliis.com\/et\/autorioigused\/\" target=\"_blank\" rel=\"noopener\">siin<\/a>.<\/p>\n","protected":false},"featured_media":69264,"comment_status":"open","ping_status":"closed","template":"","meta":[],"product_brand":[],"product_cat":[95,125],"product_tag":[],"class_list":{"0":"post-2082","1":"product","2":"type-product","3":"status-publish","4":"has-post-thumbnail","6":"product_cat-amigurumi-opetused","7":"product_cat-looma-mustrid","8":"pa_pattern-language-eesti","9":"pa_pattern-language-hollandi","10":"pa_pattern-language-inglise","11":"pa_pattern-skill-level-keskmine","13":"first","14":"instock","15":"sold-individually","16":"taxable","17":"shipping-taxable","18":"purchasable","19":"product-type-variable"},"yoast_head":"<!-- This site is optimized with the Yoast SEO plugin v27.3 - https:\/\/yoast.com\/product\/yoast-seo-wordpress\/ -->\n<title>Amigurumi muster P\u00e4rdikuplika | Heegelda ise ahv | lilleliis<\/title>\n<meta name=\"description\" content=\"Heegelda ise amigurumi p\u00e4rdikuplika, kelle tekstiilist ja vildi t\u00fckkidest n\u00e4gu ning trukiga saba muudavad ta t\u00f5eliselt eriliseks.\" \/>\n<meta name=\"robots\" content=\"index, follow, max-snippet:-1, max-image-preview:large, max-video-preview:-1\" \/>\n<link rel=\"canonical\" href=\"https:\/\/www.lilleliis.com\/et\/toode\/amigurumi-opetus-pardikuplika\/\" \/>\n<meta property=\"og:locale\" content=\"et_EE\" \/>\n<meta property=\"og:type\" content=\"article\" \/>\n<meta property=\"og:title\" content=\"Amigurumi muster P\u00e4rdikuplika | Heegelda ise ahv | lilleliis\" \/>\n<meta property=\"og:description\" content=\"Heegelda ise amigurumi p\u00e4rdikuplika, kelle tekstiilist ja vildi t\u00fckkidest n\u00e4gu ning trukiga saba muudavad ta t\u00f5eliselt eriliseks.\" \/>\n<meta property=\"og:url\" content=\"https:\/\/www.lilleliis.com\/et\/toode\/amigurumi-opetus-pardikuplika\/\" \/>\n<meta property=\"og:site_name\" content=\"lilleliis\" \/>\n<meta property=\"article:publisher\" content=\"https:\/\/www.facebook.com\/lilleliis-283266335035799\/\" \/>\n<meta property=\"article:modified_time\" content=\"2025-07-12T12:40:32+00:00\" \/>\n<meta property=\"og:image\" content=\"https:\/\/www.lilleliis.com\/wp-content\/uploads\/2020\/04\/amigurumi-monkey.jpg\" \/>\n\t<meta property=\"og:image:width\" content=\"1000\" \/>\n\t<meta property=\"og:image:height\" content=\"1500\" \/>\n\t<meta property=\"og:image:type\" content=\"image\/jpeg\" \/>\n<meta name=\"twitter:card\" content=\"summary_large_image\" \/>\n<meta name=\"twitter:label1\" content=\"Est. reading time\" \/>\n\t<meta name=\"twitter:data1\" content=\"1 minute\" \/>\n<script type=\"application\/ld+json\" class=\"yoast-schema-graph\">{\"@context\":\"https:\\\/\\\/schema.org\",\"@graph\":[{\"@type\":\"WebPage\",\"@id\":\"https:\\\/\\\/www.lilleliis.com\\\/et\\\/toode\\\/amigurumi-opetus-pardikuplika\\\/\",\"url\":\"https:\\\/\\\/www.lilleliis.com\\\/et\\\/toode\\\/amigurumi-opetus-pardikuplika\\\/\",\"name\":\"Amigurumi muster P\u00e4rdikuplika | Heegelda ise ahv | lilleliis\",\"isPartOf\":{\"@id\":\"https:\\\/\\\/www.lilleliis.com\\\/et\\\/#website\"},\"primaryImageOfPage\":{\"@id\":\"https:\\\/\\\/www.lilleliis.com\\\/et\\\/toode\\\/amigurumi-opetus-pardikuplika\\\/#primaryimage\"},\"image\":{\"@id\":\"https:\\\/\\\/www.lilleliis.com\\\/et\\\/toode\\\/amigurumi-opetus-pardikuplika\\\/#primaryimage\"},\"thumbnailUrl\":\"https:\\\/\\\/www.lilleliis.com\\\/wp-content\\\/uploads\\\/2020\\\/04\\\/amigurumi-monkey.jpg\",\"datePublished\":\"2025-07-12T12:30:45+00:00\",\"dateModified\":\"2025-07-12T12:40:32+00:00\",\"description\":\"Heegelda ise amigurumi p\u00e4rdikuplika, kelle tekstiilist ja vildi t\u00fckkidest n\u00e4gu ning trukiga saba muudavad ta t\u00f5eliselt eriliseks.\",\"breadcrumb\":{\"@id\":\"https:\\\/\\\/www.lilleliis.com\\\/et\\\/toode\\\/amigurumi-opetus-pardikuplika\\\/#breadcrumb\"},\"inLanguage\":\"et\",\"potentialAction\":[{\"@type\":\"ReadAction\",\"target\":[\"https:\\\/\\\/www.lilleliis.com\\\/et\\\/toode\\\/amigurumi-opetus-pardikuplika\\\/\"]}]},{\"@type\":\"ImageObject\",\"inLanguage\":\"et\",\"@id\":\"https:\\\/\\\/www.lilleliis.com\\\/et\\\/toode\\\/amigurumi-opetus-pardikuplika\\\/#primaryimage\",\"url\":\"https:\\\/\\\/www.lilleliis.com\\\/wp-content\\\/uploads\\\/2020\\\/04\\\/amigurumi-monkey.jpg\",\"contentUrl\":\"https:\\\/\\\/www.lilleliis.com\\\/wp-content\\\/uploads\\\/2020\\\/04\\\/amigurumi-monkey.jpg\",\"width\":1000,\"height\":1500,\"caption\":\"amigurumi ahv p\u00e4rdik\"},{\"@type\":\"BreadcrumbList\",\"@id\":\"https:\\\/\\\/www.lilleliis.com\\\/et\\\/toode\\\/amigurumi-opetus-pardikuplika\\\/#breadcrumb\",\"itemListElement\":[{\"@type\":\"ListItem\",\"position\":1,\"name\":\"Home\",\"item\":\"https:\\\/\\\/www.lilleliis.com\\\/et\\\/\"},{\"@type\":\"ListItem\",\"position\":2,\"name\":\"Pood\",\"item\":\"https:\\\/\\\/www.lilleliis.com\\\/et\\\/shop\\\/\"},{\"@type\":\"ListItem\",\"position\":3,\"name\":\"P\u00e4rdikuplika &#8211; amigurumi muster\"}]},{\"@type\":\"WebSite\",\"@id\":\"https:\\\/\\\/www.lilleliis.com\\\/et\\\/#website\",\"url\":\"https:\\\/\\\/www.lilleliis.com\\\/et\\\/\",\"name\":\"lilleliis\",\"description\":\"Amigurumi m\u00e4nguasjad ja mustrid\",\"potentialAction\":[{\"@type\":\"SearchAction\",\"target\":{\"@type\":\"EntryPoint\",\"urlTemplate\":\"https:\\\/\\\/www.lilleliis.com\\\/et\\\/?s={search_term_string}\"},\"query-input\":{\"@type\":\"PropertyValueSpecification\",\"valueRequired\":true,\"valueName\":\"search_term_string\"}}],\"inLanguage\":\"et\"}]}<\/script>\n<!-- \/ Yoast SEO plugin. -->","yoast_head_json":{"title":"Amigurumi muster P\u00e4rdikuplika | Heegelda ise ahv | lilleliis","description":"Heegelda ise amigurumi p\u00e4rdikuplika, kelle tekstiilist ja vildi t\u00fckkidest n\u00e4gu ning trukiga saba muudavad ta t\u00f5eliselt eriliseks.","robots":{"index":"index","follow":"follow","max-snippet":"max-snippet:-1","max-image-preview":"max-image-preview:large","max-video-preview":"max-video-preview:-1"},"canonical":"https:\/\/www.lilleliis.com\/et\/toode\/amigurumi-opetus-pardikuplika\/","og_locale":"et_EE","og_type":"article","og_title":"Amigurumi muster P\u00e4rdikuplika | Heegelda ise ahv | lilleliis","og_description":"Heegelda ise amigurumi p\u00e4rdikuplika, kelle tekstiilist ja vildi t\u00fckkidest n\u00e4gu ning trukiga saba muudavad ta t\u00f5eliselt eriliseks.","og_url":"https:\/\/www.lilleliis.com\/et\/toode\/amigurumi-opetus-pardikuplika\/","og_site_name":"lilleliis","article_publisher":"https:\/\/www.facebook.com\/lilleliis-283266335035799\/","article_modified_time":"2025-07-12T12:40:32+00:00","og_image":[{"width":1000,"height":1500,"url":"https:\/\/www.lilleliis.com\/wp-content\/uploads\/2020\/04\/amigurumi-monkey.jpg","type":"image\/jpeg"}],"twitter_card":"summary_large_image","twitter_misc":{"Est. reading time":"1 minute"},"schema":{"@context":"https:\/\/schema.org","@graph":[{"@type":"WebPage","@id":"https:\/\/www.lilleliis.com\/et\/toode\/amigurumi-opetus-pardikuplika\/","url":"https:\/\/www.lilleliis.com\/et\/toode\/amigurumi-opetus-pardikuplika\/","name":"Amigurumi muster P\u00e4rdikuplika | Heegelda ise ahv | lilleliis","isPartOf":{"@id":"https:\/\/www.lilleliis.com\/et\/#website"},"primaryImageOfPage":{"@id":"https:\/\/www.lilleliis.com\/et\/toode\/amigurumi-opetus-pardikuplika\/#primaryimage"},"image":{"@id":"https:\/\/www.lilleliis.com\/et\/toode\/amigurumi-opetus-pardikuplika\/#primaryimage"},"thumbnailUrl":"https:\/\/www.lilleliis.com\/wp-content\/uploads\/2020\/04\/amigurumi-monkey.jpg","datePublished":"2025-07-12T12:30:45+00:00","dateModified":"2025-07-12T12:40:32+00:00","description":"Heegelda ise amigurumi p\u00e4rdikuplika, kelle tekstiilist ja vildi t\u00fckkidest n\u00e4gu ning trukiga saba muudavad ta t\u00f5eliselt eriliseks.","breadcrumb":{"@id":"https:\/\/www.lilleliis.com\/et\/toode\/amigurumi-opetus-pardikuplika\/#breadcrumb"},"inLanguage":"et","potentialAction":[{"@type":"ReadAction","target":["https:\/\/www.lilleliis.com\/et\/toode\/amigurumi-opetus-pardikuplika\/"]}]},{"@type":"ImageObject","inLanguage":"et","@id":"https:\/\/www.lilleliis.com\/et\/toode\/amigurumi-opetus-pardikuplika\/#primaryimage","url":"https:\/\/www.lilleliis.com\/wp-content\/uploads\/2020\/04\/amigurumi-monkey.jpg","contentUrl":"https:\/\/www.lilleliis.com\/wp-content\/uploads\/2020\/04\/amigurumi-monkey.jpg","width":1000,"height":1500,"caption":"amigurumi ahv p\u00e4rdik"},{"@type":"BreadcrumbList","@id":"https:\/\/www.lilleliis.com\/et\/toode\/amigurumi-opetus-pardikuplika\/#breadcrumb","itemListElement":[{"@type":"ListItem","position":1,"name":"Home","item":"https:\/\/www.lilleliis.com\/et\/"},{"@type":"ListItem","position":2,"name":"Pood","item":"https:\/\/www.lilleliis.com\/et\/shop\/"},{"@type":"ListItem","position":3,"name":"P\u00e4rdikuplika &#8211; amigurumi muster"}]},{"@type":"WebSite","@id":"https:\/\/www.lilleliis.com\/et\/#website","url":"https:\/\/www.lilleliis.com\/et\/","name":"lilleliis","description":"Amigurumi m\u00e4nguasjad ja mustrid","potentialAction":[{"@type":"SearchAction","target":{"@type":"EntryPoint","urlTemplate":"https:\/\/www.lilleliis.com\/et\/?s={search_term_string}"},"query-input":{"@type":"PropertyValueSpecification","valueRequired":true,"valueName":"search_term_string"}}],"inLanguage":"et"}]}},"_links":{"self":[{"href":"https:\/\/www.lilleliis.com\/et\/wp-json\/wp\/v2\/product\/2082","targetHints":{"allow":["GET"]}}],"collection":[{"href":"https:\/\/www.lilleliis.com\/et\/wp-json\/wp\/v2\/product"}],"about":[{"href":"https:\/\/www.lilleliis.com\/et\/wp-json\/wp\/v2\/types\/product"}],"replies":[{"embeddable":true,"href":"https:\/\/www.lilleliis.com\/et\/wp-json\/wp\/v2\/comments?post=2082"}],"wp:featuredmedia":[{"embeddable":true,"href":"https:\/\/www.lilleliis.com\/et\/wp-json\/wp\/v2\/media\/69264"}],"wp:attachment":[{"href":"https:\/\/www.lilleliis.com\/et\/wp-json\/wp\/v2\/media?parent=2082"}],"wp:term":[{"taxonomy":"product_brand","embeddable":true,"href":"https:\/\/www.lilleliis.com\/et\/wp-json\/wp\/v2\/product_brand?post=2082"},{"taxonomy":"product_cat","embeddable":true,"href":"https:\/\/www.lilleliis.com\/et\/wp-json\/wp\/v2\/product_cat?post=2082"},{"taxonomy":"product_tag","embeddable":true,"href":"https:\/\/www.lilleliis.com\/et\/wp-json\/wp\/v2\/product_tag?post=2082"}],"curies":[{"name":"wp","href":"https:\/\/api.w.org\/{rel}","templated":true}]}}