{"id":2970,"date":"2025-06-14T10:32:45","date_gmt":"2025-06-14T07:32:45","guid":{"rendered":"http:\/\/lilleliis.com\/?post_type=product&#038;p=2970"},"modified":"2026-02-10T17:04:45","modified_gmt":"2026-02-10T15:04:45","slug":"heegeldatud-mommi-opetus","status":"publish","type":"product","link":"https:\/\/www.lilleliis.com\/et\/toode\/heegeldatud-mommi-opetus\/","title":{"rendered":"M\u00f5mmi &#8211; amigurumi muster"},"content":{"rendered":null,"protected":false},"excerpt":{"rendered":"<p>Heegeldatud M\u00f5mmi \u00f5petuse aluseks on kaisukaru, mille heegeldasin oma 3-aastasele pojale. See imearmas kaisukaru on eriline oma vahvate k\u00e4ppade, nabalohu ja pisut nukrav\u00f5itu ilme poolest.<\/p>\n<p>Parajalt suur karu on m\u00f5nus nii kaissu v\u00f5tmiseks kui ka m\u00e4ngimiseks. M\u00f5mmi on v\u00e4ikese lapse t\u00f5eline s\u00f5ber!<\/p>\n<div class=\"product-short-description\">\n<hr \/>\n<p><span data-text-color=\"primary\">MUSTRIST<\/span><\/p>\n<p>Allalaetav ja lihtsasti j\u00e4lgitav k\u00e4sit\u00f6\u00f6 \u00f5petus (PDF fail). Juhend sisaldab samm-sammulist \u00f5petust eseme valmistamiseks ning hulgaliselt abistavaid fotosid.<\/p>\n<p>Keel: eesti, inglise, prantsuse, hollandi, taani, portugali<\/p>\n<p>\u00d5petuse raskusaste: keskmine<\/p>\n<p>Vajaminevad v\u00f5tted: kinnissilmus<\/p>\n<hr \/>\n<p><span data-text-color=\"primary\">SUURUS JA MATERJAL<\/span><\/p>\n<p>Suurus: 33 cm<\/p>\n<p>Valmistamiseks on kasutatud villast l\u00f5nga ning heegeln\u00f5ela j\u00e4medusega 3,5 mm.<\/p>\n<hr \/>\n<p><span data-text-color=\"primary\">ABI JA COPYRIGHT<\/span><\/p>\n<p>K\u00fcsimuste korral saab abi\u00a0<a href=\"mailto:%20lilleliis@gmail.com\">e-posti teel<\/a>.<\/p>\n<p>\u00d5petuse j\u00e4rgi valmistatud esemeid v\u00f5ib m\u00fc\u00fca. \u00d5petust on keelatud jagada. Autori\u00f5igustega tutvu\u00a0<a href=\"https:\/\/www.lilleliis.com\/et\/autorioigused\/\" target=\"_blank\" rel=\"noopener\">siin<\/a>.<\/p>\n<\/div>\n<form class=\"variations_form cart\" action=\"https:\/\/www.lilleliis.com\/et\/toode\/amigurumi-opetus-muhe-momm\/\" enctype=\"multipart\/form-data\" method=\"post\" data-product_id=\"5302\" data-product_variations=\"[{&quot;attributes&quot;:{&quot;attribute_pa_patterns-by-language&quot;:&quot;eesti&quot;},&quot;availability_html&quot;:&quot;&quot;,&quot;backorders_allowed&quot;:false,&quot;dimensions&quot;:{&quot;length&quot;:&quot;&quot;,&quot;width&quot;:&quot;&quot;,&quot;height&quot;:&quot;&quot;},&quot;dimensions_html&quot;:&quot;-&quot;,&quot;display_price&quot;:3.9,&quot;display_regular_price&quot;:3.9,&quot;image&quot;:{&quot;title&quot;:&quot;&quot;,&quot;caption&quot;:&quot;&quot;,&quot;url&quot;:&quot;https:\\\/\\\/www.lilleliis.com\\\/wp-content\\\/uploads\\\/2021\\\/05\\\/easy-amigurumi-smugly-bear-10.jpg&quot;,&quot;alt&quot;:&quot;lihtne heegeldatud karu muster&quot;,&quot;src&quot;:&quot;https:\\\/\\\/www.lilleliis.com\\\/wp-content\\\/uploads\\\/2021\\\/05\\\/easy-amigurumi-smugly-bear-10-510x765.jpg&quot;,&quot;srcset&quot;:&quot;https:\\\/\\\/www.lilleliis.com\\\/wp-content\\\/uploads\\\/2021\\\/05\\\/easy-amigurumi-smugly-bear-10-510x765.jpg 510w, https:\\\/\\\/www.lilleliis.com\\\/wp-content\\\/uploads\\\/2021\\\/05\\\/easy-amigurumi-smugly-bear-10-267x400.jpg 267w, https:\\\/\\\/www.lilleliis.com\\\/wp-content\\\/uploads\\\/2021\\\/05\\\/easy-amigurumi-smugly-bear-10-533x800.jpg 533w, https:\\\/\\\/www.lilleliis.com\\\/wp-content\\\/uploads\\\/2021\\\/05\\\/easy-amigurumi-smugly-bear-10-768x1152.jpg 768w, https:\\\/\\\/www.lilleliis.com\\\/wp-content\\\/uploads\\\/2021\\\/05\\\/easy-amigurumi-smugly-bear-10.jpg 853w&quot;,&quot;sizes&quot;:&quot;(max-width: 510px) 100vw, 510px&quot;,&quot;full_src&quot;:&quot;https:\\\/\\\/www.lilleliis.com\\\/wp-content\\\/uploads\\\/2021\\\/05\\\/easy-amigurumi-smugly-bear-10.jpg&quot;,&quot;full_src_w&quot;:853,&quot;full_src_h&quot;:1280,&quot;gallery_thumbnail_src&quot;:&quot;https:\\\/\\\/www.lilleliis.com\\\/wp-content\\\/uploads\\\/2021\\\/05\\\/easy-amigurumi-smugly-bear-10-100x100.jpg&quot;,&quot;gallery_thumbnail_src_w&quot;:100,&quot;gallery_thumbnail_src_h&quot;:100,&quot;thumb_src&quot;:&quot;https:\\\/\\\/www.lilleliis.com\\\/wp-content\\\/uploads\\\/2021\\\/05\\\/easy-amigurumi-smugly-bear-10-247x296.jpg&quot;,&quot;thumb_src_w&quot;:247,&quot;thumb_src_h&quot;:296,&quot;src_w&quot;:510,&quot;src_h&quot;:765},&quot;image_id&quot;:78636,&quot;is_downloadable&quot;:true,&quot;is_in_stock&quot;:true,&quot;is_purchasable&quot;:true,&quot;is_sold_individually&quot;:&quot;yes&quot;,&quot;is_virtual&quot;:true,&quot;max_qty&quot;:1,&quot;min_qty&quot;:1,&quot;price_html&quot;:&quot;&quot;,&quot;sku&quot;:&quot;I-1301&quot;,&quot;variation_description&quot;:&quot;&quot;,&quot;variation_id&quot;:83501,&quot;variation_is_active&quot;:true,&quot;variation_is_visible&quot;:true,&quot;weight&quot;:&quot;&quot;,&quot;weight_html&quot;:&quot;-&quot;},{&quot;attributes&quot;:{&quot;attribute_pa_patterns-by-language&quot;:&quot;hollandi&quot;},&quot;availability_html&quot;:&quot;&quot;,&quot;backorders_allowed&quot;:false,&quot;dimensions&quot;:{&quot;length&quot;:&quot;&quot;,&quot;width&quot;:&quot;&quot;,&quot;height&quot;:&quot;&quot;},&quot;dimensions_html&quot;:&quot;-&quot;,&quot;display_price&quot;:3.9,&quot;display_regular_price&quot;:3.9,&quot;image&quot;:{&quot;title&quot;:&quot;&quot;,&quot;caption&quot;:&quot;&quot;,&quot;url&quot;:&quot;https:\\\/\\\/www.lilleliis.com\\\/wp-content\\\/uploads\\\/2021\\\/05\\\/easy-amigurumi-smugly-bear-10.jpg&quot;,&quot;alt&quot;:&quot;lihtne heegeldatud karu muster&quot;,&quot;src&quot;:&quot;https:\\\/\\\/www.lilleliis.com\\\/wp-content\\\/uploads\\\/2021\\\/05\\\/easy-amigurumi-smugly-bear-10-510x765.jpg&quot;,&quot;srcset&quot;:&quot;https:\\\/\\\/www.lilleliis.com\\\/wp-content\\\/uploads\\\/2021\\\/05\\\/easy-amigurumi-smugly-bear-10-510x765.jpg 510w, https:\\\/\\\/www.lilleliis.com\\\/wp-content\\\/uploads\\\/2021\\\/05\\\/easy-amigurumi-smugly-bear-10-267x400.jpg 267w, https:\\\/\\\/www.lilleliis.com\\\/wp-content\\\/uploads\\\/2021\\\/05\\\/easy-amigurumi-smugly-bear-10-533x800.jpg 533w, https:\\\/\\\/www.lilleliis.com\\\/wp-content\\\/uploads\\\/2021\\\/05\\\/easy-amigurumi-smugly-bear-10-768x1152.jpg 768w, https:\\\/\\\/www.lilleliis.com\\\/wp-content\\\/uploads\\\/2021\\\/05\\\/easy-amigurumi-smugly-bear-10.jpg 853w&quot;,&quot;sizes&quot;:&quot;(max-width: 510px) 100vw, 510px&quot;,&quot;full_src&quot;:&quot;https:\\\/\\\/www.lilleliis.com\\\/wp-content\\\/uploads\\\/2021\\\/05\\\/easy-amigurumi-smugly-bear-10.jpg&quot;,&quot;full_src_w&quot;:853,&quot;full_src_h&quot;:1280,&quot;gallery_thumbnail_src&quot;:&quot;https:\\\/\\\/www.lilleliis.com\\\/wp-content\\\/uploads\\\/2021\\\/05\\\/easy-amigurumi-smugly-bear-10-100x100.jpg&quot;,&quot;gallery_thumbnail_src_w&quot;:100,&quot;gallery_thumbnail_src_h&quot;:100,&quot;thumb_src&quot;:&quot;https:\\\/\\\/www.lilleliis.com\\\/wp-content\\\/uploads\\\/2021\\\/05\\\/easy-amigurumi-smugly-bear-10-247x296.jpg&quot;,&quot;thumb_src_w&quot;:247,&quot;thumb_src_h&quot;:296,&quot;src_w&quot;:510,&quot;src_h&quot;:765},&quot;image_id&quot;:78636,&quot;is_downloadable&quot;:true,&quot;is_in_stock&quot;:true,&quot;is_purchasable&quot;:true,&quot;is_sold_individually&quot;:&quot;yes&quot;,&quot;is_virtual&quot;:true,&quot;max_qty&quot;:1,&quot;min_qty&quot;:1,&quot;price_html&quot;:&quot;&quot;,&quot;sku&quot;:&quot;I-1301&quot;,&quot;variation_description&quot;:&quot;&quot;,&quot;variation_id&quot;:83502,&quot;variation_is_active&quot;:true,&quot;variation_is_visible&quot;:true,&quot;weight&quot;:&quot;&quot;,&quot;weight_html&quot;:&quot;-&quot;},{&quot;attributes&quot;:{&quot;attribute_pa_patterns-by-language&quot;:&quot;inglise&quot;},&quot;availability_html&quot;:&quot;&quot;,&quot;backorders_allowed&quot;:false,&quot;dimensions&quot;:{&quot;length&quot;:&quot;&quot;,&quot;width&quot;:&quot;&quot;,&quot;height&quot;:&quot;&quot;},&quot;dimensions_html&quot;:&quot;-&quot;,&quot;display_price&quot;:3.9,&quot;display_regular_price&quot;:3.9,&quot;image&quot;:{&quot;title&quot;:&quot;&quot;,&quot;caption&quot;:&quot;&quot;,&quot;url&quot;:&quot;https:\\\/\\\/www.lilleliis.com\\\/wp-content\\\/uploads\\\/2021\\\/05\\\/easy-amigurumi-smugly-bear-10.jpg&quot;,&quot;alt&quot;:&quot;lihtne heegeldatud karu muster&quot;,&quot;src&quot;:&quot;https:\\\/\\\/www.lilleliis.com\\\/wp-content\\\/uploads\\\/2021\\\/05\\\/easy-amigurumi-smugly-bear-10-510x765.jpg&quot;,&quot;srcset&quot;:&quot;https:\\\/\\\/www.lilleliis.com\\\/wp-content\\\/uploads\\\/2021\\\/05\\\/easy-amigurumi-smugly-bear-10-510x765.jpg 510w, https:\\\/\\\/www.lilleliis.com\\\/wp-content\\\/uploads\\\/2021\\\/05\\\/easy-amigurumi-smugly-bear-10-267x400.jpg 267w, https:\\\/\\\/www.lilleliis.com\\\/wp-content\\\/uploads\\\/2021\\\/05\\\/easy-amigurumi-smugly-bear-10-533x800.jpg 533w, https:\\\/\\\/www.lilleliis.com\\\/wp-content\\\/uploads\\\/2021\\\/05\\\/easy-amigurumi-smugly-bear-10-768x1152.jpg 768w, https:\\\/\\\/www.lilleliis.com\\\/wp-content\\\/uploads\\\/2021\\\/05\\\/easy-amigurumi-smugly-bear-10.jpg 853w&quot;,&quot;sizes&quot;:&quot;(max-width: 510px) 100vw, 510px&quot;,&quot;full_src&quot;:&quot;https:\\\/\\\/www.lilleliis.com\\\/wp-content\\\/uploads\\\/2021\\\/05\\\/easy-amigurumi-smugly-bear-10.jpg&quot;,&quot;full_src_w&quot;:853,&quot;full_src_h&quot;:1280,&quot;gallery_thumbnail_src&quot;:&quot;https:\\\/\\\/www.lilleliis.com\\\/wp-content\\\/uploads\\\/2021\\\/05\\\/easy-amigurumi-smugly-bear-10-100x100.jpg&quot;,&quot;gallery_thumbnail_src_w&quot;:100,&quot;gallery_thumbnail_src_h&quot;:100,&quot;thumb_src&quot;:&quot;https:\\\/\\\/www.lilleliis.com\\\/wp-content\\\/uploads\\\/2021\\\/05\\\/easy-amigurumi-smugly-bear-10-247x296.jpg&quot;,&quot;thumb_src_w&quot;:247,&quot;thumb_src_h&quot;:296,&quot;src_w&quot;:510,&quot;src_h&quot;:765},&quot;image_id&quot;:78636,&quot;is_downloadable&quot;:true,&quot;is_in_stock&quot;:true,&quot;is_purchasable&quot;:true,&quot;is_sold_individually&quot;:&quot;yes&quot;,&quot;is_virtual&quot;:true,&quot;max_qty&quot;:1,&quot;min_qty&quot;:1,&quot;price_html&quot;:&quot;&quot;,&quot;sku&quot;:&quot;I-1301&quot;,&quot;variation_description&quot;:&quot;&quot;,&quot;variation_id&quot;:83503,&quot;variation_is_active&quot;:true,&quot;variation_is_visible&quot;:true,&quot;weight&quot;:&quot;&quot;,&quot;weight_html&quot;:&quot;-&quot;}]\"><\/form>\n","protected":false},"featured_media":43305,"comment_status":"open","ping_status":"closed","template":"","meta":[],"product_brand":[],"product_cat":[95,149],"product_tag":[],"class_list":{"0":"post-2970","1":"product","2":"type-product","3":"status-publish","4":"has-post-thumbnail","6":"product_cat-amigurumi-opetused","7":"product_cat-kaisukaru-mustrid","8":"pa_pattern-language-eesti","9":"pa_pattern-language-hollandi","10":"pa_pattern-language-inglise","11":"pa_pattern-language-portugali","12":"pa_pattern-language-prantsuse","13":"pa_pattern-language-taani","14":"pa_pattern-skill-level-keskmine","16":"first","17":"instock","18":"sold-individually","19":"taxable","20":"shipping-taxable","21":"purchasable","22":"product-type-variable"},"yoast_head":"<!-- This site is optimized with the Yoast SEO plugin v27.3 - https:\/\/yoast.com\/product\/yoast-seo-wordpress\/ -->\n<title>M\u00f5mmi | Heegeldatud kaisukaru \u00f5petus | lilleliis<\/title>\n<meta name=\"description\" content=\"Heegeldatud M\u00f5mmi on eriline kaisukaru oma vahvate k\u00e4ppade, nabalohu ja nukra ilme poolest. Parajalt suur kaissu v\u00f5tmiseks.\" \/>\n<meta name=\"robots\" content=\"index, follow, max-snippet:-1, max-image-preview:large, max-video-preview:-1\" \/>\n<link rel=\"canonical\" href=\"https:\/\/www.lilleliis.com\/et\/toode\/heegeldatud-mommi-opetus\/\" \/>\n<meta property=\"og:locale\" content=\"et_EE\" \/>\n<meta property=\"og:type\" content=\"article\" \/>\n<meta property=\"og:title\" content=\"M\u00f5mmi | Heegeldatud kaisukaru \u00f5petus | lilleliis\" \/>\n<meta property=\"og:description\" content=\"Heegeldatud M\u00f5mmi on eriline kaisukaru oma vahvate k\u00e4ppade, nabalohu ja nukra ilme poolest. Parajalt suur kaissu v\u00f5tmiseks.\" \/>\n<meta property=\"og:url\" content=\"https:\/\/www.lilleliis.com\/et\/toode\/heegeldatud-mommi-opetus\/\" \/>\n<meta property=\"og:site_name\" content=\"lilleliis\" \/>\n<meta property=\"article:publisher\" content=\"https:\/\/www.facebook.com\/lilleliis-283266335035799\/\" \/>\n<meta property=\"article:modified_time\" content=\"2026-02-10T15:04:45+00:00\" \/>\n<meta property=\"og:image\" content=\"https:\/\/www.lilleliis.com\/wp-content\/uploads\/2013\/06\/DSC_6062.jpg\" \/>\n\t<meta property=\"og:image:width\" content=\"1500\" \/>\n\t<meta property=\"og:image:height\" content=\"1000\" \/>\n\t<meta property=\"og:image:type\" content=\"image\/jpeg\" \/>\n<meta name=\"twitter:card\" content=\"summary_large_image\" \/>\n<script type=\"application\/ld+json\" class=\"yoast-schema-graph\">{\"@context\":\"https:\\\/\\\/schema.org\",\"@graph\":[{\"@type\":\"WebPage\",\"@id\":\"https:\\\/\\\/www.lilleliis.com\\\/et\\\/toode\\\/heegeldatud-mommi-opetus\\\/\",\"url\":\"https:\\\/\\\/www.lilleliis.com\\\/et\\\/toode\\\/heegeldatud-mommi-opetus\\\/\",\"name\":\"M\u00f5mmi | Heegeldatud kaisukaru \u00f5petus | lilleliis\",\"isPartOf\":{\"@id\":\"https:\\\/\\\/www.lilleliis.com\\\/et\\\/#website\"},\"primaryImageOfPage\":{\"@id\":\"https:\\\/\\\/www.lilleliis.com\\\/et\\\/toode\\\/heegeldatud-mommi-opetus\\\/#primaryimage\"},\"image\":{\"@id\":\"https:\\\/\\\/www.lilleliis.com\\\/et\\\/toode\\\/heegeldatud-mommi-opetus\\\/#primaryimage\"},\"thumbnailUrl\":\"https:\\\/\\\/www.lilleliis.com\\\/wp-content\\\/uploads\\\/2013\\\/06\\\/DSC_6062.jpg\",\"datePublished\":\"2025-06-14T07:32:45+00:00\",\"dateModified\":\"2026-02-10T15:04:45+00:00\",\"description\":\"Heegeldatud M\u00f5mmi on eriline kaisukaru oma vahvate k\u00e4ppade, nabalohu ja nukra ilme poolest. Parajalt suur kaissu v\u00f5tmiseks.\",\"breadcrumb\":{\"@id\":\"https:\\\/\\\/www.lilleliis.com\\\/et\\\/toode\\\/heegeldatud-mommi-opetus\\\/#breadcrumb\"},\"inLanguage\":\"et\",\"potentialAction\":[{\"@type\":\"ReadAction\",\"target\":[\"https:\\\/\\\/www.lilleliis.com\\\/et\\\/toode\\\/heegeldatud-mommi-opetus\\\/\"]}]},{\"@type\":\"ImageObject\",\"inLanguage\":\"et\",\"@id\":\"https:\\\/\\\/www.lilleliis.com\\\/et\\\/toode\\\/heegeldatud-mommi-opetus\\\/#primaryimage\",\"url\":\"https:\\\/\\\/www.lilleliis.com\\\/wp-content\\\/uploads\\\/2013\\\/06\\\/DSC_6062.jpg\",\"contentUrl\":\"https:\\\/\\\/www.lilleliis.com\\\/wp-content\\\/uploads\\\/2013\\\/06\\\/DSC_6062.jpg\",\"width\":1500,\"height\":1000,\"caption\":\"amigurumi muster m\u00f5mmi\"},{\"@type\":\"BreadcrumbList\",\"@id\":\"https:\\\/\\\/www.lilleliis.com\\\/et\\\/toode\\\/heegeldatud-mommi-opetus\\\/#breadcrumb\",\"itemListElement\":[{\"@type\":\"ListItem\",\"position\":1,\"name\":\"Home\",\"item\":\"https:\\\/\\\/www.lilleliis.com\\\/et\\\/\"},{\"@type\":\"ListItem\",\"position\":2,\"name\":\"Pood\",\"item\":\"https:\\\/\\\/www.lilleliis.com\\\/et\\\/shop\\\/\"},{\"@type\":\"ListItem\",\"position\":3,\"name\":\"M\u00f5mmi &#8211; amigurumi muster\"}]},{\"@type\":\"WebSite\",\"@id\":\"https:\\\/\\\/www.lilleliis.com\\\/et\\\/#website\",\"url\":\"https:\\\/\\\/www.lilleliis.com\\\/et\\\/\",\"name\":\"lilleliis\",\"description\":\"Amigurumi m\u00e4nguasjad ja mustrid\",\"potentialAction\":[{\"@type\":\"SearchAction\",\"target\":{\"@type\":\"EntryPoint\",\"urlTemplate\":\"https:\\\/\\\/www.lilleliis.com\\\/et\\\/?s={search_term_string}\"},\"query-input\":{\"@type\":\"PropertyValueSpecification\",\"valueRequired\":true,\"valueName\":\"search_term_string\"}}],\"inLanguage\":\"et\"}]}<\/script>\n<!-- \/ Yoast SEO plugin. -->","yoast_head_json":{"title":"M\u00f5mmi | Heegeldatud kaisukaru \u00f5petus | lilleliis","description":"Heegeldatud M\u00f5mmi on eriline kaisukaru oma vahvate k\u00e4ppade, nabalohu ja nukra ilme poolest. Parajalt suur kaissu v\u00f5tmiseks.","robots":{"index":"index","follow":"follow","max-snippet":"max-snippet:-1","max-image-preview":"max-image-preview:large","max-video-preview":"max-video-preview:-1"},"canonical":"https:\/\/www.lilleliis.com\/et\/toode\/heegeldatud-mommi-opetus\/","og_locale":"et_EE","og_type":"article","og_title":"M\u00f5mmi | Heegeldatud kaisukaru \u00f5petus | lilleliis","og_description":"Heegeldatud M\u00f5mmi on eriline kaisukaru oma vahvate k\u00e4ppade, nabalohu ja nukra ilme poolest. Parajalt suur kaissu v\u00f5tmiseks.","og_url":"https:\/\/www.lilleliis.com\/et\/toode\/heegeldatud-mommi-opetus\/","og_site_name":"lilleliis","article_publisher":"https:\/\/www.facebook.com\/lilleliis-283266335035799\/","article_modified_time":"2026-02-10T15:04:45+00:00","og_image":[{"width":1500,"height":1000,"url":"https:\/\/www.lilleliis.com\/wp-content\/uploads\/2013\/06\/DSC_6062.jpg","type":"image\/jpeg"}],"twitter_card":"summary_large_image","schema":{"@context":"https:\/\/schema.org","@graph":[{"@type":"WebPage","@id":"https:\/\/www.lilleliis.com\/et\/toode\/heegeldatud-mommi-opetus\/","url":"https:\/\/www.lilleliis.com\/et\/toode\/heegeldatud-mommi-opetus\/","name":"M\u00f5mmi | Heegeldatud kaisukaru \u00f5petus | lilleliis","isPartOf":{"@id":"https:\/\/www.lilleliis.com\/et\/#website"},"primaryImageOfPage":{"@id":"https:\/\/www.lilleliis.com\/et\/toode\/heegeldatud-mommi-opetus\/#primaryimage"},"image":{"@id":"https:\/\/www.lilleliis.com\/et\/toode\/heegeldatud-mommi-opetus\/#primaryimage"},"thumbnailUrl":"https:\/\/www.lilleliis.com\/wp-content\/uploads\/2013\/06\/DSC_6062.jpg","datePublished":"2025-06-14T07:32:45+00:00","dateModified":"2026-02-10T15:04:45+00:00","description":"Heegeldatud M\u00f5mmi on eriline kaisukaru oma vahvate k\u00e4ppade, nabalohu ja nukra ilme poolest. Parajalt suur kaissu v\u00f5tmiseks.","breadcrumb":{"@id":"https:\/\/www.lilleliis.com\/et\/toode\/heegeldatud-mommi-opetus\/#breadcrumb"},"inLanguage":"et","potentialAction":[{"@type":"ReadAction","target":["https:\/\/www.lilleliis.com\/et\/toode\/heegeldatud-mommi-opetus\/"]}]},{"@type":"ImageObject","inLanguage":"et","@id":"https:\/\/www.lilleliis.com\/et\/toode\/heegeldatud-mommi-opetus\/#primaryimage","url":"https:\/\/www.lilleliis.com\/wp-content\/uploads\/2013\/06\/DSC_6062.jpg","contentUrl":"https:\/\/www.lilleliis.com\/wp-content\/uploads\/2013\/06\/DSC_6062.jpg","width":1500,"height":1000,"caption":"amigurumi muster m\u00f5mmi"},{"@type":"BreadcrumbList","@id":"https:\/\/www.lilleliis.com\/et\/toode\/heegeldatud-mommi-opetus\/#breadcrumb","itemListElement":[{"@type":"ListItem","position":1,"name":"Home","item":"https:\/\/www.lilleliis.com\/et\/"},{"@type":"ListItem","position":2,"name":"Pood","item":"https:\/\/www.lilleliis.com\/et\/shop\/"},{"@type":"ListItem","position":3,"name":"M\u00f5mmi &#8211; amigurumi muster"}]},{"@type":"WebSite","@id":"https:\/\/www.lilleliis.com\/et\/#website","url":"https:\/\/www.lilleliis.com\/et\/","name":"lilleliis","description":"Amigurumi m\u00e4nguasjad ja mustrid","potentialAction":[{"@type":"SearchAction","target":{"@type":"EntryPoint","urlTemplate":"https:\/\/www.lilleliis.com\/et\/?s={search_term_string}"},"query-input":{"@type":"PropertyValueSpecification","valueRequired":true,"valueName":"search_term_string"}}],"inLanguage":"et"}]}},"_links":{"self":[{"href":"https:\/\/www.lilleliis.com\/et\/wp-json\/wp\/v2\/product\/2970","targetHints":{"allow":["GET"]}}],"collection":[{"href":"https:\/\/www.lilleliis.com\/et\/wp-json\/wp\/v2\/product"}],"about":[{"href":"https:\/\/www.lilleliis.com\/et\/wp-json\/wp\/v2\/types\/product"}],"replies":[{"embeddable":true,"href":"https:\/\/www.lilleliis.com\/et\/wp-json\/wp\/v2\/comments?post=2970"}],"wp:featuredmedia":[{"embeddable":true,"href":"https:\/\/www.lilleliis.com\/et\/wp-json\/wp\/v2\/media\/43305"}],"wp:attachment":[{"href":"https:\/\/www.lilleliis.com\/et\/wp-json\/wp\/v2\/media?parent=2970"}],"wp:term":[{"taxonomy":"product_brand","embeddable":true,"href":"https:\/\/www.lilleliis.com\/et\/wp-json\/wp\/v2\/product_brand?post=2970"},{"taxonomy":"product_cat","embeddable":true,"href":"https:\/\/www.lilleliis.com\/et\/wp-json\/wp\/v2\/product_cat?post=2970"},{"taxonomy":"product_tag","embeddable":true,"href":"https:\/\/www.lilleliis.com\/et\/wp-json\/wp\/v2\/product_tag?post=2970"}],"curies":[{"name":"wp","href":"https:\/\/api.w.org\/{rel}","templated":true}]}}