{"id":30575,"date":"2025-12-05T11:56:29","date_gmt":"2025-12-05T09:56:29","guid":{"rendered":"http:\/\/www.lilleliis.com\/uus\/?post_type=product&#038;p=30575"},"modified":"2025-02-01T12:01:35","modified_gmt":"2025-02-01T10:01:35","slug":"opetus-heegeldatud-hiir","status":"publish","type":"product","link":"https:\/\/www.lilleliis.com\/et\/toode\/opetus-heegeldatud-hiir\/","title":{"rendered":"Siidine kevadhiir &#8211; amigurumi muster (eng)"},"content":{"rendered":null,"protected":false},"excerpt":{"rendered":"<p>Siidine kevadhiir valmis suures kevadeootusest. Hiireke on just nii pisike tegelane, et mahub peopesale istuma. Kena tulemuse saad nii l\u00e4ikivast siidil\u00f5ngast kui karvasest alpakast. Kaelas on tal pitsist krae, mis lisab v\u00e4\u00e4rikust.<\/p>\n<p>V\u00e4ike heegeldatud hiir v\u00f5ib olla m\u00e4nguloomaks lapsele, aga ka v\u00f5tmehoidjaks v\u00f5i armsaks sisustusdetailiks.<\/p>\n<hr \/>\n<p><span data-text-color=\"primary\">MUSTRIST<\/span><\/p>\n<p>Allalaetav ja lihtsasti j\u00e4lgitav k\u00e4sit\u00f6\u00f6 \u00f5petus (PDF fail). Juhend sisaldab samm-sammulist \u00f5petust eseme valmistamiseks ning hulgaliselt abistavaid fotosid.<\/p>\n<p>Keel: inglise<\/p>\n<p>\u00d5petuse raskusaste: keskmine<\/p>\n<p>Vajaminevad v\u00f5tted: kinnissilmus<\/p>\n<hr \/>\n<p><span data-text-color=\"primary\">SUURUS JA MATERJAL<\/span><\/p>\n<p>Suurus: 10 cm<\/p>\n<p>Valmistamiseks on kasutatud siidisegust l\u00f5nga ning heegeln\u00f5ela j\u00e4medusega 3,5 mm.<\/p>\n<hr \/>\n<p><span data-text-color=\"primary\">ABI JA COPYRIGHT<\/span><\/p>\n<p>K\u00fcsimuste korral saab abi\u00a0<a href=\"mailto:%20lilleliis@gmail.com\">e-posti teel<\/a>.<\/p>\n<p>\u00d5petuse j\u00e4rgi valmistatud esemeid v\u00f5ib m\u00fc\u00fca. \u00d5petust on keelatud jagada. Autori\u00f5igustega tutvu\u00a0<a href=\"https:\/\/www.lilleliis.com\/et\/autorioigused\/\" target=\"_blank\" rel=\"noopener\">siin<\/a>.<\/p>\n","protected":false},"featured_media":40145,"comment_status":"open","ping_status":"closed","template":"","meta":[],"product_brand":[],"product_cat":[95,125],"product_tag":[],"class_list":{"0":"post-30575","1":"product","2":"type-product","3":"status-publish","4":"has-post-thumbnail","6":"product_cat-amigurumi-opetused","7":"product_cat-looma-mustrid","8":"pa_pattern-language-inglise","9":"pa_pattern-skill-level-lihtne","11":"first","12":"instock","13":"downloadable","14":"virtual","15":"sold-individually","16":"taxable","17":"purchasable","18":"product-type-simple"},"yoast_head":"<!-- This site is optimized with the Yoast SEO plugin v27.3 - https:\/\/yoast.com\/product\/yoast-seo-wordpress\/ -->\n<title>Siidine kevadhiir | Amigurumi heegeldamise \u00f5petus | lilleliis<\/title>\n<meta name=\"description\" content=\"\u00d5petus heegeldatud hiir. Heegelda ise v\u00e4ike amigurumi hiir, mis mahub peopesale istuma. Kaelas on tal kena pitsist krae.\" \/>\n<meta name=\"robots\" content=\"index, follow, max-snippet:-1, max-image-preview:large, max-video-preview:-1\" \/>\n<link rel=\"canonical\" href=\"https:\/\/www.lilleliis.com\/et\/toode\/opetus-heegeldatud-hiir\/\" \/>\n<meta property=\"og:locale\" content=\"et_EE\" \/>\n<meta property=\"og:type\" content=\"article\" \/>\n<meta property=\"og:title\" content=\"Siidine kevadhiir | Amigurumi heegeldamise \u00f5petus | lilleliis\" \/>\n<meta property=\"og:description\" content=\"\u00d5petus heegeldatud hiir. Heegelda ise v\u00e4ike amigurumi hiir, mis mahub peopesale istuma. Kaelas on tal kena pitsist krae.\" \/>\n<meta property=\"og:url\" content=\"https:\/\/www.lilleliis.com\/et\/toode\/opetus-heegeldatud-hiir\/\" \/>\n<meta property=\"og:site_name\" content=\"lilleliis\" \/>\n<meta property=\"article:publisher\" content=\"https:\/\/www.facebook.com\/lilleliis-283266335035799\/\" \/>\n<meta property=\"og:image\" content=\"https:\/\/www.lilleliis.com\/wp-content\/uploads\/2017\/03\/amigurumi-pattern-little-mouse-rat-4.jpg\" \/>\n\t<meta property=\"og:image:width\" content=\"600\" \/>\n\t<meta property=\"og:image:height\" content=\"400\" \/>\n\t<meta property=\"og:image:type\" content=\"image\/jpeg\" \/>\n<meta name=\"twitter:card\" content=\"summary_large_image\" \/>\n<script type=\"application\/ld+json\" class=\"yoast-schema-graph\">{\"@context\":\"https:\\\/\\\/schema.org\",\"@graph\":[{\"@type\":\"WebPage\",\"@id\":\"https:\\\/\\\/www.lilleliis.com\\\/et\\\/toode\\\/opetus-heegeldatud-hiir\\\/\",\"url\":\"https:\\\/\\\/www.lilleliis.com\\\/et\\\/toode\\\/opetus-heegeldatud-hiir\\\/\",\"name\":\"Siidine kevadhiir | Amigurumi heegeldamise \u00f5petus | lilleliis\",\"isPartOf\":{\"@id\":\"https:\\\/\\\/www.lilleliis.com\\\/et\\\/#website\"},\"primaryImageOfPage\":{\"@id\":\"https:\\\/\\\/www.lilleliis.com\\\/et\\\/toode\\\/opetus-heegeldatud-hiir\\\/#primaryimage\"},\"image\":{\"@id\":\"https:\\\/\\\/www.lilleliis.com\\\/et\\\/toode\\\/opetus-heegeldatud-hiir\\\/#primaryimage\"},\"thumbnailUrl\":\"https:\\\/\\\/www.lilleliis.com\\\/wp-content\\\/uploads\\\/2017\\\/03\\\/amigurumi-pattern-little-mouse-rat-4.jpg\",\"datePublished\":\"2025-12-05T09:56:29+00:00\",\"description\":\"\u00d5petus heegeldatud hiir. Heegelda ise v\u00e4ike amigurumi hiir, mis mahub peopesale istuma. Kaelas on tal kena pitsist krae.\",\"breadcrumb\":{\"@id\":\"https:\\\/\\\/www.lilleliis.com\\\/et\\\/toode\\\/opetus-heegeldatud-hiir\\\/#breadcrumb\"},\"inLanguage\":\"et\",\"potentialAction\":[{\"@type\":\"ReadAction\",\"target\":[\"https:\\\/\\\/www.lilleliis.com\\\/et\\\/toode\\\/opetus-heegeldatud-hiir\\\/\"]}]},{\"@type\":\"ImageObject\",\"inLanguage\":\"et\",\"@id\":\"https:\\\/\\\/www.lilleliis.com\\\/et\\\/toode\\\/opetus-heegeldatud-hiir\\\/#primaryimage\",\"url\":\"https:\\\/\\\/www.lilleliis.com\\\/wp-content\\\/uploads\\\/2017\\\/03\\\/amigurumi-pattern-little-mouse-rat-4.jpg\",\"contentUrl\":\"https:\\\/\\\/www.lilleliis.com\\\/wp-content\\\/uploads\\\/2017\\\/03\\\/amigurumi-pattern-little-mouse-rat-4.jpg\",\"width\":600,\"height\":400,\"caption\":\"amigurumi pattern little mouse rat\"},{\"@type\":\"BreadcrumbList\",\"@id\":\"https:\\\/\\\/www.lilleliis.com\\\/et\\\/toode\\\/opetus-heegeldatud-hiir\\\/#breadcrumb\",\"itemListElement\":[{\"@type\":\"ListItem\",\"position\":1,\"name\":\"Home\",\"item\":\"https:\\\/\\\/www.lilleliis.com\\\/et\\\/\"},{\"@type\":\"ListItem\",\"position\":2,\"name\":\"Pood\",\"item\":\"https:\\\/\\\/www.lilleliis.com\\\/et\\\/shop\\\/\"},{\"@type\":\"ListItem\",\"position\":3,\"name\":\"Siidine kevadhiir &#8211; amigurumi muster (eng)\"}]},{\"@type\":\"WebSite\",\"@id\":\"https:\\\/\\\/www.lilleliis.com\\\/et\\\/#website\",\"url\":\"https:\\\/\\\/www.lilleliis.com\\\/et\\\/\",\"name\":\"lilleliis\",\"description\":\"Amigurumi m\u00e4nguasjad ja mustrid\",\"potentialAction\":[{\"@type\":\"SearchAction\",\"target\":{\"@type\":\"EntryPoint\",\"urlTemplate\":\"https:\\\/\\\/www.lilleliis.com\\\/et\\\/?s={search_term_string}\"},\"query-input\":{\"@type\":\"PropertyValueSpecification\",\"valueRequired\":true,\"valueName\":\"search_term_string\"}}],\"inLanguage\":\"et\"}]}<\/script>\n<!-- \/ Yoast SEO plugin. -->","yoast_head_json":{"title":"Siidine kevadhiir | Amigurumi heegeldamise \u00f5petus | lilleliis","description":"\u00d5petus heegeldatud hiir. Heegelda ise v\u00e4ike amigurumi hiir, mis mahub peopesale istuma. Kaelas on tal kena pitsist krae.","robots":{"index":"index","follow":"follow","max-snippet":"max-snippet:-1","max-image-preview":"max-image-preview:large","max-video-preview":"max-video-preview:-1"},"canonical":"https:\/\/www.lilleliis.com\/et\/toode\/opetus-heegeldatud-hiir\/","og_locale":"et_EE","og_type":"article","og_title":"Siidine kevadhiir | Amigurumi heegeldamise \u00f5petus | lilleliis","og_description":"\u00d5petus heegeldatud hiir. Heegelda ise v\u00e4ike amigurumi hiir, mis mahub peopesale istuma. Kaelas on tal kena pitsist krae.","og_url":"https:\/\/www.lilleliis.com\/et\/toode\/opetus-heegeldatud-hiir\/","og_site_name":"lilleliis","article_publisher":"https:\/\/www.facebook.com\/lilleliis-283266335035799\/","og_image":[{"width":600,"height":400,"url":"https:\/\/www.lilleliis.com\/wp-content\/uploads\/2017\/03\/amigurumi-pattern-little-mouse-rat-4.jpg","type":"image\/jpeg"}],"twitter_card":"summary_large_image","schema":{"@context":"https:\/\/schema.org","@graph":[{"@type":"WebPage","@id":"https:\/\/www.lilleliis.com\/et\/toode\/opetus-heegeldatud-hiir\/","url":"https:\/\/www.lilleliis.com\/et\/toode\/opetus-heegeldatud-hiir\/","name":"Siidine kevadhiir | Amigurumi heegeldamise \u00f5petus | lilleliis","isPartOf":{"@id":"https:\/\/www.lilleliis.com\/et\/#website"},"primaryImageOfPage":{"@id":"https:\/\/www.lilleliis.com\/et\/toode\/opetus-heegeldatud-hiir\/#primaryimage"},"image":{"@id":"https:\/\/www.lilleliis.com\/et\/toode\/opetus-heegeldatud-hiir\/#primaryimage"},"thumbnailUrl":"https:\/\/www.lilleliis.com\/wp-content\/uploads\/2017\/03\/amigurumi-pattern-little-mouse-rat-4.jpg","datePublished":"2025-12-05T09:56:29+00:00","description":"\u00d5petus heegeldatud hiir. Heegelda ise v\u00e4ike amigurumi hiir, mis mahub peopesale istuma. Kaelas on tal kena pitsist krae.","breadcrumb":{"@id":"https:\/\/www.lilleliis.com\/et\/toode\/opetus-heegeldatud-hiir\/#breadcrumb"},"inLanguage":"et","potentialAction":[{"@type":"ReadAction","target":["https:\/\/www.lilleliis.com\/et\/toode\/opetus-heegeldatud-hiir\/"]}]},{"@type":"ImageObject","inLanguage":"et","@id":"https:\/\/www.lilleliis.com\/et\/toode\/opetus-heegeldatud-hiir\/#primaryimage","url":"https:\/\/www.lilleliis.com\/wp-content\/uploads\/2017\/03\/amigurumi-pattern-little-mouse-rat-4.jpg","contentUrl":"https:\/\/www.lilleliis.com\/wp-content\/uploads\/2017\/03\/amigurumi-pattern-little-mouse-rat-4.jpg","width":600,"height":400,"caption":"amigurumi pattern little mouse rat"},{"@type":"BreadcrumbList","@id":"https:\/\/www.lilleliis.com\/et\/toode\/opetus-heegeldatud-hiir\/#breadcrumb","itemListElement":[{"@type":"ListItem","position":1,"name":"Home","item":"https:\/\/www.lilleliis.com\/et\/"},{"@type":"ListItem","position":2,"name":"Pood","item":"https:\/\/www.lilleliis.com\/et\/shop\/"},{"@type":"ListItem","position":3,"name":"Siidine kevadhiir &#8211; amigurumi muster (eng)"}]},{"@type":"WebSite","@id":"https:\/\/www.lilleliis.com\/et\/#website","url":"https:\/\/www.lilleliis.com\/et\/","name":"lilleliis","description":"Amigurumi m\u00e4nguasjad ja mustrid","potentialAction":[{"@type":"SearchAction","target":{"@type":"EntryPoint","urlTemplate":"https:\/\/www.lilleliis.com\/et\/?s={search_term_string}"},"query-input":{"@type":"PropertyValueSpecification","valueRequired":true,"valueName":"search_term_string"}}],"inLanguage":"et"}]}},"_links":{"self":[{"href":"https:\/\/www.lilleliis.com\/et\/wp-json\/wp\/v2\/product\/30575","targetHints":{"allow":["GET"]}}],"collection":[{"href":"https:\/\/www.lilleliis.com\/et\/wp-json\/wp\/v2\/product"}],"about":[{"href":"https:\/\/www.lilleliis.com\/et\/wp-json\/wp\/v2\/types\/product"}],"replies":[{"embeddable":true,"href":"https:\/\/www.lilleliis.com\/et\/wp-json\/wp\/v2\/comments?post=30575"}],"wp:featuredmedia":[{"embeddable":true,"href":"https:\/\/www.lilleliis.com\/et\/wp-json\/wp\/v2\/media\/40145"}],"wp:attachment":[{"href":"https:\/\/www.lilleliis.com\/et\/wp-json\/wp\/v2\/media?parent=30575"}],"wp:term":[{"taxonomy":"product_brand","embeddable":true,"href":"https:\/\/www.lilleliis.com\/et\/wp-json\/wp\/v2\/product_brand?post=30575"},{"taxonomy":"product_cat","embeddable":true,"href":"https:\/\/www.lilleliis.com\/et\/wp-json\/wp\/v2\/product_cat?post=30575"},{"taxonomy":"product_tag","embeddable":true,"href":"https:\/\/www.lilleliis.com\/et\/wp-json\/wp\/v2\/product_tag?post=30575"}],"curies":[{"name":"wp","href":"https:\/\/api.w.org\/{rel}","templated":true}]}}