{"id":30604,"date":"2025-07-10T13:01:16","date_gmt":"2025-07-10T10:01:16","guid":{"rendered":"http:\/\/www.lilleliis.com\/uus\/?post_type=product&#038;p=30604"},"modified":"2026-02-25T13:28:10","modified_gmt":"2026-02-25T11:28:10","slug":"opetus-janes-pikk-korv","status":"publish","type":"product","link":"https:\/\/www.lilleliis.com\/et\/toode\/opetus-janes-pikk-korv\/","title":{"rendered":"J\u00e4nkupoisi heegeldamise \u00f5petus &#8211; J\u00e4nes Pikk-k\u00f5rv (eng)"},"content":{"rendered":"<p>Amigurumi j\u00e4nese heegeldamise \u00f5petus \u2013 J\u00e4nes Pikk-k\u00f5rv.<\/p>\n<p data-start=\"310\" data-end=\"482\">Tal on seljas heegeldatud triibuline pluus ja jalas toredad traksip\u00fcksid. Kangast detailid k\u00f5rvadel ning vahva n\u00f6\u00f6p p\u00fckstel annavad j\u00e4nesele eriti armsa ja oman\u00e4olise ilme.<\/p>\n<p data-start=\"484\" data-end=\"592\">T\u00e4nu pikkadele jalgadele saab j\u00e4nese kenasti istuma s\u00e4ttida &#8211; riiulile, voodile v\u00f5i lastetuppa.<\/p>\n<p data-start=\"594\" data-end=\"723\">J\u00e4nkupoisi heegeldamise \u00f5petus aitab sul luua vahva k\u00e4sitsi valmistatud m\u00e4nguasja, mis v\u00f5ib saada lapse lemmik kaaslaseks!<\/p>\n<p data-start=\"725\" data-end=\"789\">Pikk-k\u00f5rval on ka s\u00f5branna <a href=\"https:\/\/www.lilleliis.com\/et\/toode\/opetus-janes-sats-puks\/\">Sats-p\u00fcks<\/a> (muster m\u00fc\u00fcgil eraldi).<\/p>\n<div class=\"is-divider divider clearfix\" ><\/div>\n<h3>Mustrist<\/h3>\n<p>Allalaetav ja lihtsasti j\u00e4lgitav k\u00e4sit\u00f6\u00f6 \u00f5petus (PDF fail). Juhend sisaldab samm-sammulist \u00f5petust eseme valmistamiseks ning hulgaliselt abistavaid fotosid.<\/p>\n<p>Keel: inglise<\/p>\n<p>\u00d5petuse raskusaste: keskmine<\/p>\n<p>Vajaminevad v\u00f5tted: kinnissilmus, poolsammas<\/p>\n<div class=\"is-divider divider clearfix\" ><\/div>\n<h3>Suurus ja materjal<\/h3>\n<p>Suurus: umbes 48 cm<\/p>\n<p>Valmistamiseks on kasutatud puuvillast l\u00f5nga ja heegeln\u00f5ela j\u00e4medusega 3,5 mm.<\/p>\n<div class=\"is-divider divider clearfix\" ><\/div>\n<h3>Abi ja copyright<\/h3>\n<p>K\u00fcsimuste korral saab abi\u00a0<a href=\"mailto:%20lilleliis@gmail.com\">e-posti teel<\/a>.<\/p>\n<p>\u00d5petuse j\u00e4rgi valmistatud esemeid v\u00f5ib m\u00fc\u00fca. \u00d5petust on keelatud jagada. Autori\u00f5igustega tutvu\u00a0<a href=\"https:\/\/www.lilleliis.com\/et\/autorioigused\/\" target=\"_blank\" rel=\"noopener\">siin<\/a>.<\/p>\n","protected":false},"excerpt":{"rendered":"<p data-start=\"121\" data-end=\"308\">Pikk-k\u00f5rv on armas ja lustakas kaisuj\u00e4nes, kellega on vahva l\u00e4bi lapsep\u00f5lve seigelda. Ta on loodud just v\u00e4ikestele poistele ning sobib nii m\u00e4ngukaaslaseks kui ka lastetuba kaunistama.<\/p>\n<p data-start=\"725\" data-end=\"789\"><div class=\"is-divider divider clearfix\" ><\/div>\n<p data-start=\"725\" data-end=\"789\">Tegemist on allalaetava <strong data-start=\"326\" data-end=\"343\">PDF-\u00f5petusega<\/strong>, mis sisaldab rohkelt fotosid. \u00d5petuse raskusaste on <strong>keskmine<\/strong>. \u00d5petus on <strong>inglise keeles<\/strong>.<\/p>\n","protected":false},"featured_media":43336,"comment_status":"open","ping_status":"closed","template":"","meta":[],"product_brand":[],"product_cat":[95,119],"product_tag":[172],"class_list":{"0":"post-30604","1":"product","2":"type-product","3":"status-publish","4":"has-post-thumbnail","6":"product_cat-amigurumi-opetused","7":"product_cat-janku-mustrid","8":"product_tag-poistele","9":"pa_pattern-language-inglise","10":"pa_pattern-skill-level-keskmine","12":"first","13":"instock","14":"downloadable","15":"virtual","16":"sold-individually","17":"taxable","18":"purchasable","19":"product-type-simple"},"yoast_head":"<!-- This site is optimized with the Yoast SEO plugin v27.3 - https:\/\/yoast.com\/product\/yoast-seo-wordpress\/ -->\n<title>J\u00e4nkupoisi heegeldamise \u00f5petus - J\u00e4nes Pikk-k\u00f5rv (eng) | lilleliis<\/title>\n<meta name=\"description\" content=\"J\u00e4nkupoisi heegeldamise \u00f5petus. Tee ise vahva heegeldatud kaisuj\u00e4nes triibulise pluusi ja traksip\u00fckstega. Sobib kingituseks v\u00f5i lastetuppa.\" \/>\n<meta name=\"robots\" content=\"index, follow, max-snippet:-1, max-image-preview:large, max-video-preview:-1\" \/>\n<link rel=\"canonical\" href=\"https:\/\/www.lilleliis.com\/et\/toode\/opetus-janes-pikk-korv\/\" \/>\n<meta property=\"og:locale\" content=\"et_EE\" \/>\n<meta property=\"og:type\" content=\"article\" \/>\n<meta property=\"og:title\" content=\"J\u00e4nkupoisi heegeldamise \u00f5petus - J\u00e4nes Pikk-k\u00f5rv (eng) | lilleliis\" \/>\n<meta property=\"og:description\" content=\"J\u00e4nkupoisi heegeldamise \u00f5petus. Tee ise vahva heegeldatud kaisuj\u00e4nes triibulise pluusi ja traksip\u00fckstega. Sobib kingituseks v\u00f5i lastetuppa.\" \/>\n<meta property=\"og:url\" content=\"https:\/\/www.lilleliis.com\/et\/toode\/opetus-janes-pikk-korv\/\" \/>\n<meta property=\"og:site_name\" content=\"lilleliis\" \/>\n<meta property=\"article:publisher\" content=\"https:\/\/www.facebook.com\/lilleliis-283266335035799\/\" \/>\n<meta property=\"article:modified_time\" content=\"2026-02-25T11:28:10+00:00\" \/>\n<meta property=\"og:image\" content=\"https:\/\/www.lilleliis.com\/wp-content\/uploads\/2013\/03\/DSC_9105.jpg\" \/>\n\t<meta property=\"og:image:width\" content=\"1500\" \/>\n\t<meta property=\"og:image:height\" content=\"1000\" \/>\n\t<meta property=\"og:image:type\" content=\"image\/jpeg\" \/>\n<meta name=\"twitter:card\" content=\"summary_large_image\" \/>\n<meta name=\"twitter:label1\" content=\"Est. reading time\" \/>\n\t<meta name=\"twitter:data1\" content=\"1 minute\" \/>\n<script type=\"application\/ld+json\" class=\"yoast-schema-graph\">{\"@context\":\"https:\\\/\\\/schema.org\",\"@graph\":[{\"@type\":\"WebPage\",\"@id\":\"https:\\\/\\\/www.lilleliis.com\\\/et\\\/toode\\\/opetus-janes-pikk-korv\\\/\",\"url\":\"https:\\\/\\\/www.lilleliis.com\\\/et\\\/toode\\\/opetus-janes-pikk-korv\\\/\",\"name\":\"J\u00e4nkupoisi heegeldamise \u00f5petus - J\u00e4nes Pikk-k\u00f5rv (eng) | lilleliis\",\"isPartOf\":{\"@id\":\"https:\\\/\\\/www.lilleliis.com\\\/et\\\/#website\"},\"primaryImageOfPage\":{\"@id\":\"https:\\\/\\\/www.lilleliis.com\\\/et\\\/toode\\\/opetus-janes-pikk-korv\\\/#primaryimage\"},\"image\":{\"@id\":\"https:\\\/\\\/www.lilleliis.com\\\/et\\\/toode\\\/opetus-janes-pikk-korv\\\/#primaryimage\"},\"thumbnailUrl\":\"https:\\\/\\\/www.lilleliis.com\\\/wp-content\\\/uploads\\\/2013\\\/03\\\/DSC_9105.jpg\",\"datePublished\":\"2025-07-10T10:01:16+00:00\",\"dateModified\":\"2026-02-25T11:28:10+00:00\",\"description\":\"J\u00e4nkupoisi heegeldamise \u00f5petus. Tee ise vahva heegeldatud kaisuj\u00e4nes triibulise pluusi ja traksip\u00fckstega. Sobib kingituseks v\u00f5i lastetuppa.\",\"breadcrumb\":{\"@id\":\"https:\\\/\\\/www.lilleliis.com\\\/et\\\/toode\\\/opetus-janes-pikk-korv\\\/#breadcrumb\"},\"inLanguage\":\"et\",\"potentialAction\":[{\"@type\":\"ReadAction\",\"target\":[\"https:\\\/\\\/www.lilleliis.com\\\/et\\\/toode\\\/opetus-janes-pikk-korv\\\/\"]}]},{\"@type\":\"ImageObject\",\"inLanguage\":\"et\",\"@id\":\"https:\\\/\\\/www.lilleliis.com\\\/et\\\/toode\\\/opetus-janes-pikk-korv\\\/#primaryimage\",\"url\":\"https:\\\/\\\/www.lilleliis.com\\\/wp-content\\\/uploads\\\/2013\\\/03\\\/DSC_9105.jpg\",\"contentUrl\":\"https:\\\/\\\/www.lilleliis.com\\\/wp-content\\\/uploads\\\/2013\\\/03\\\/DSC_9105.jpg\",\"width\":1500,\"height\":1000,\"caption\":\"amigurumi muster j\u00e4nes\"},{\"@type\":\"BreadcrumbList\",\"@id\":\"https:\\\/\\\/www.lilleliis.com\\\/et\\\/toode\\\/opetus-janes-pikk-korv\\\/#breadcrumb\",\"itemListElement\":[{\"@type\":\"ListItem\",\"position\":1,\"name\":\"Home\",\"item\":\"https:\\\/\\\/www.lilleliis.com\\\/et\\\/\"},{\"@type\":\"ListItem\",\"position\":2,\"name\":\"Pood\",\"item\":\"https:\\\/\\\/www.lilleliis.com\\\/et\\\/shop\\\/\"},{\"@type\":\"ListItem\",\"position\":3,\"name\":\"J\u00e4nkupoisi heegeldamise \u00f5petus &#8211; J\u00e4nes Pikk-k\u00f5rv (eng)\"}]},{\"@type\":\"WebSite\",\"@id\":\"https:\\\/\\\/www.lilleliis.com\\\/et\\\/#website\",\"url\":\"https:\\\/\\\/www.lilleliis.com\\\/et\\\/\",\"name\":\"lilleliis\",\"description\":\"Amigurumi m\u00e4nguasjad ja mustrid\",\"potentialAction\":[{\"@type\":\"SearchAction\",\"target\":{\"@type\":\"EntryPoint\",\"urlTemplate\":\"https:\\\/\\\/www.lilleliis.com\\\/et\\\/?s={search_term_string}\"},\"query-input\":{\"@type\":\"PropertyValueSpecification\",\"valueRequired\":true,\"valueName\":\"search_term_string\"}}],\"inLanguage\":\"et\"}]}<\/script>\n<!-- \/ Yoast SEO plugin. -->","yoast_head_json":{"title":"J\u00e4nkupoisi heegeldamise \u00f5petus - J\u00e4nes Pikk-k\u00f5rv (eng) | lilleliis","description":"J\u00e4nkupoisi heegeldamise \u00f5petus. Tee ise vahva heegeldatud kaisuj\u00e4nes triibulise pluusi ja traksip\u00fckstega. Sobib kingituseks v\u00f5i lastetuppa.","robots":{"index":"index","follow":"follow","max-snippet":"max-snippet:-1","max-image-preview":"max-image-preview:large","max-video-preview":"max-video-preview:-1"},"canonical":"https:\/\/www.lilleliis.com\/et\/toode\/opetus-janes-pikk-korv\/","og_locale":"et_EE","og_type":"article","og_title":"J\u00e4nkupoisi heegeldamise \u00f5petus - J\u00e4nes Pikk-k\u00f5rv (eng) | lilleliis","og_description":"J\u00e4nkupoisi heegeldamise \u00f5petus. Tee ise vahva heegeldatud kaisuj\u00e4nes triibulise pluusi ja traksip\u00fckstega. Sobib kingituseks v\u00f5i lastetuppa.","og_url":"https:\/\/www.lilleliis.com\/et\/toode\/opetus-janes-pikk-korv\/","og_site_name":"lilleliis","article_publisher":"https:\/\/www.facebook.com\/lilleliis-283266335035799\/","article_modified_time":"2026-02-25T11:28:10+00:00","og_image":[{"width":1500,"height":1000,"url":"https:\/\/www.lilleliis.com\/wp-content\/uploads\/2013\/03\/DSC_9105.jpg","type":"image\/jpeg"}],"twitter_card":"summary_large_image","twitter_misc":{"Est. reading time":"1 minute"},"schema":{"@context":"https:\/\/schema.org","@graph":[{"@type":"WebPage","@id":"https:\/\/www.lilleliis.com\/et\/toode\/opetus-janes-pikk-korv\/","url":"https:\/\/www.lilleliis.com\/et\/toode\/opetus-janes-pikk-korv\/","name":"J\u00e4nkupoisi heegeldamise \u00f5petus - J\u00e4nes Pikk-k\u00f5rv (eng) | lilleliis","isPartOf":{"@id":"https:\/\/www.lilleliis.com\/et\/#website"},"primaryImageOfPage":{"@id":"https:\/\/www.lilleliis.com\/et\/toode\/opetus-janes-pikk-korv\/#primaryimage"},"image":{"@id":"https:\/\/www.lilleliis.com\/et\/toode\/opetus-janes-pikk-korv\/#primaryimage"},"thumbnailUrl":"https:\/\/www.lilleliis.com\/wp-content\/uploads\/2013\/03\/DSC_9105.jpg","datePublished":"2025-07-10T10:01:16+00:00","dateModified":"2026-02-25T11:28:10+00:00","description":"J\u00e4nkupoisi heegeldamise \u00f5petus. Tee ise vahva heegeldatud kaisuj\u00e4nes triibulise pluusi ja traksip\u00fckstega. Sobib kingituseks v\u00f5i lastetuppa.","breadcrumb":{"@id":"https:\/\/www.lilleliis.com\/et\/toode\/opetus-janes-pikk-korv\/#breadcrumb"},"inLanguage":"et","potentialAction":[{"@type":"ReadAction","target":["https:\/\/www.lilleliis.com\/et\/toode\/opetus-janes-pikk-korv\/"]}]},{"@type":"ImageObject","inLanguage":"et","@id":"https:\/\/www.lilleliis.com\/et\/toode\/opetus-janes-pikk-korv\/#primaryimage","url":"https:\/\/www.lilleliis.com\/wp-content\/uploads\/2013\/03\/DSC_9105.jpg","contentUrl":"https:\/\/www.lilleliis.com\/wp-content\/uploads\/2013\/03\/DSC_9105.jpg","width":1500,"height":1000,"caption":"amigurumi muster j\u00e4nes"},{"@type":"BreadcrumbList","@id":"https:\/\/www.lilleliis.com\/et\/toode\/opetus-janes-pikk-korv\/#breadcrumb","itemListElement":[{"@type":"ListItem","position":1,"name":"Home","item":"https:\/\/www.lilleliis.com\/et\/"},{"@type":"ListItem","position":2,"name":"Pood","item":"https:\/\/www.lilleliis.com\/et\/shop\/"},{"@type":"ListItem","position":3,"name":"J\u00e4nkupoisi heegeldamise \u00f5petus &#8211; J\u00e4nes Pikk-k\u00f5rv (eng)"}]},{"@type":"WebSite","@id":"https:\/\/www.lilleliis.com\/et\/#website","url":"https:\/\/www.lilleliis.com\/et\/","name":"lilleliis","description":"Amigurumi m\u00e4nguasjad ja mustrid","potentialAction":[{"@type":"SearchAction","target":{"@type":"EntryPoint","urlTemplate":"https:\/\/www.lilleliis.com\/et\/?s={search_term_string}"},"query-input":{"@type":"PropertyValueSpecification","valueRequired":true,"valueName":"search_term_string"}}],"inLanguage":"et"}]}},"_links":{"self":[{"href":"https:\/\/www.lilleliis.com\/et\/wp-json\/wp\/v2\/product\/30604","targetHints":{"allow":["GET"]}}],"collection":[{"href":"https:\/\/www.lilleliis.com\/et\/wp-json\/wp\/v2\/product"}],"about":[{"href":"https:\/\/www.lilleliis.com\/et\/wp-json\/wp\/v2\/types\/product"}],"replies":[{"embeddable":true,"href":"https:\/\/www.lilleliis.com\/et\/wp-json\/wp\/v2\/comments?post=30604"}],"wp:featuredmedia":[{"embeddable":true,"href":"https:\/\/www.lilleliis.com\/et\/wp-json\/wp\/v2\/media\/43336"}],"wp:attachment":[{"href":"https:\/\/www.lilleliis.com\/et\/wp-json\/wp\/v2\/media?parent=30604"}],"wp:term":[{"taxonomy":"product_brand","embeddable":true,"href":"https:\/\/www.lilleliis.com\/et\/wp-json\/wp\/v2\/product_brand?post=30604"},{"taxonomy":"product_cat","embeddable":true,"href":"https:\/\/www.lilleliis.com\/et\/wp-json\/wp\/v2\/product_cat?post=30604"},{"taxonomy":"product_tag","embeddable":true,"href":"https:\/\/www.lilleliis.com\/et\/wp-json\/wp\/v2\/product_tag?post=30604"}],"curies":[{"name":"wp","href":"https:\/\/api.w.org\/{rel}","templated":true}]}}