{"id":32627,"date":"2025-06-19T09:10:55","date_gmt":"2025-06-19T06:10:55","guid":{"rendered":"http:\/\/www.lilleliis.com\/et\/toode\/lohepoiss-lars-opetus\/"},"modified":"2025-06-19T09:18:59","modified_gmt":"2025-06-19T06:18:59","slug":"lohepoiss-lars-opetus","status":"publish","type":"product","link":"https:\/\/www.lilleliis.com\/et\/toode\/lohepoiss-lars-opetus\/","title":{"rendered":"Lohepoiss Lars &#8211; amigurumi muster (eng)"},"content":{"rendered":null,"protected":false},"excerpt":{"rendered":"<p>Lohepoiss Larsi heegeldasin oma pojale 4. s\u00fcnnip\u00e4evaks. Sellest ajast on draakon kuulunud tema k\u00f5ige lemmikumate amigurumi kaisukate hulka.<\/p>\n<p>M\u00e4nguloom on istuvas asendis ja v\u00e4ikelapse jaoks t\u00e4pselt parajas suuruses. Vahvad detailid, nagu tiivad ja luuplaadid seljal, teevad poiste meele r\u00f5\u00f5msaks. Tore kaarjas suu on k\u00f5igi laste lemmik, sest just sealt pidavat lohepoiss tuld purskama.<\/p>\n<hr \/>\n<p><span data-text-color=\"primary\">MUSTRIST<\/span><\/p>\n<p>Allalaetav ja lihtsasti j\u00e4lgitav k\u00e4sit\u00f6\u00f6 \u00f5petus (PDF fail). Juhend sisaldab samm-sammulist \u00f5petust eseme valmistamiseks ning hulgaliselt abistavaid fotosid.<\/p>\n<p>Keel: inglise, hollandi<\/p>\n<p>\u00d5petuse raskusaste: keeruline<\/p>\n<p>Vajaminevad v\u00f5tted: kinnissilmust, poolsammas, \u00fchekordne sammas<\/p>\n<hr \/>\n<p><span data-text-color=\"primary\">SUURUS JA MATERJAL<\/span><\/p>\n<p>Suurus: 24 cm<\/p>\n<p>Valmistamiseks on kasutatud puuvillast l\u00f5nga ja heegeln\u00f5ela j\u00e4medusega 3,5 mm.<\/p>\n<hr \/>\n<p><span data-text-color=\"primary\">ABI JA COPYRIGHT<\/span><\/p>\n<p>K\u00fcsimuste korral saab abi\u00a0<a href=\"mailto:%20lilleliis@gmail.com\">e-posti teel<\/a>.<\/p>\n<p>\u00d5petuse j\u00e4rgi valmistatud esemeid v\u00f5ib m\u00fc\u00fca. \u00d5petust on keelatud jagada. Autori\u00f5igustega tutvu\u00a0<a href=\"https:\/\/www.lilleliis.com\/et\/autorioigused\/\" target=\"_blank\" rel=\"noopener\">siin<\/a>.<\/p>\n","protected":false},"featured_media":43132,"comment_status":"open","ping_status":"closed","template":"","meta":[],"product_brand":[],"product_cat":[95,125],"product_tag":[172],"class_list":{"0":"post-32627","1":"product","2":"type-product","3":"status-publish","4":"has-post-thumbnail","6":"product_cat-amigurumi-opetused","7":"product_cat-looma-mustrid","8":"product_tag-poistele","9":"pa_pattern-language-hollandi","10":"pa_pattern-language-inglise","11":"pa_pattern-skill-level-keeruline","13":"first","14":"instock","15":"sold-individually","16":"taxable","17":"shipping-taxable","18":"purchasable","19":"product-type-variable"},"yoast_head":"<!-- This site is optimized with the Yoast SEO plugin v27.3 - https:\/\/yoast.com\/product\/yoast-seo-wordpress\/ -->\n<title>Lohepoiss Lars - amigurumi muster (eng) | Heegeldatud draakon | lilleliis<\/title>\n<meta name=\"description\" content=\"Heegelda ise draakon. Amigurumi muster Lohepoiss Lars \u00f5petab, kuidas heegeldada uhkete tiibade ja vahvate luuplaatidega draakon.\" \/>\n<meta name=\"robots\" content=\"index, follow, max-snippet:-1, max-image-preview:large, max-video-preview:-1\" \/>\n<link rel=\"canonical\" href=\"https:\/\/www.lilleliis.com\/et\/toode\/lohepoiss-lars-opetus\/\" \/>\n<meta property=\"og:locale\" content=\"et_EE\" \/>\n<meta property=\"og:type\" content=\"article\" \/>\n<meta property=\"og:title\" content=\"Lohepoiss Lars - amigurumi muster (eng) | Heegeldatud draakon | lilleliis\" \/>\n<meta property=\"og:description\" content=\"Heegelda ise draakon. Amigurumi muster Lohepoiss Lars \u00f5petab, kuidas heegeldada uhkete tiibade ja vahvate luuplaatidega draakon.\" \/>\n<meta property=\"og:url\" content=\"https:\/\/www.lilleliis.com\/et\/toode\/lohepoiss-lars-opetus\/\" \/>\n<meta property=\"og:site_name\" content=\"lilleliis\" \/>\n<meta property=\"article:publisher\" content=\"https:\/\/www.facebook.com\/lilleliis-283266335035799\/\" \/>\n<meta property=\"article:modified_time\" content=\"2025-06-19T06:18:59+00:00\" \/>\n<meta property=\"og:image\" content=\"https:\/\/www.lilleliis.com\/wp-content\/uploads\/2015\/09\/AMP_4627.jpg\" \/>\n\t<meta property=\"og:image:width\" content=\"1500\" \/>\n\t<meta property=\"og:image:height\" content=\"1001\" \/>\n\t<meta property=\"og:image:type\" content=\"image\/jpeg\" \/>\n<meta name=\"twitter:card\" content=\"summary_large_image\" \/>\n<meta name=\"twitter:label1\" content=\"Est. reading time\" \/>\n\t<meta name=\"twitter:data1\" content=\"1 minute\" \/>\n<script type=\"application\/ld+json\" class=\"yoast-schema-graph\">{\"@context\":\"https:\\\/\\\/schema.org\",\"@graph\":[{\"@type\":\"WebPage\",\"@id\":\"https:\\\/\\\/www.lilleliis.com\\\/et\\\/toode\\\/lohepoiss-lars-opetus\\\/\",\"url\":\"https:\\\/\\\/www.lilleliis.com\\\/et\\\/toode\\\/lohepoiss-lars-opetus\\\/\",\"name\":\"Lohepoiss Lars - amigurumi muster (eng) | Heegeldatud draakon | lilleliis\",\"isPartOf\":{\"@id\":\"https:\\\/\\\/www.lilleliis.com\\\/et\\\/#website\"},\"primaryImageOfPage\":{\"@id\":\"https:\\\/\\\/www.lilleliis.com\\\/et\\\/toode\\\/lohepoiss-lars-opetus\\\/#primaryimage\"},\"image\":{\"@id\":\"https:\\\/\\\/www.lilleliis.com\\\/et\\\/toode\\\/lohepoiss-lars-opetus\\\/#primaryimage\"},\"thumbnailUrl\":\"https:\\\/\\\/www.lilleliis.com\\\/wp-content\\\/uploads\\\/2015\\\/09\\\/AMP_4627.jpg\",\"datePublished\":\"2025-06-19T06:10:55+00:00\",\"dateModified\":\"2025-06-19T06:18:59+00:00\",\"description\":\"Heegelda ise draakon. Amigurumi muster Lohepoiss Lars \u00f5petab, kuidas heegeldada uhkete tiibade ja vahvate luuplaatidega draakon.\",\"breadcrumb\":{\"@id\":\"https:\\\/\\\/www.lilleliis.com\\\/et\\\/toode\\\/lohepoiss-lars-opetus\\\/#breadcrumb\"},\"inLanguage\":\"et\",\"potentialAction\":[{\"@type\":\"ReadAction\",\"target\":[\"https:\\\/\\\/www.lilleliis.com\\\/et\\\/toode\\\/lohepoiss-lars-opetus\\\/\"]}]},{\"@type\":\"ImageObject\",\"inLanguage\":\"et\",\"@id\":\"https:\\\/\\\/www.lilleliis.com\\\/et\\\/toode\\\/lohepoiss-lars-opetus\\\/#primaryimage\",\"url\":\"https:\\\/\\\/www.lilleliis.com\\\/wp-content\\\/uploads\\\/2015\\\/09\\\/AMP_4627.jpg\",\"contentUrl\":\"https:\\\/\\\/www.lilleliis.com\\\/wp-content\\\/uploads\\\/2015\\\/09\\\/AMP_4627.jpg\",\"width\":1500,\"height\":1001,\"caption\":\"lohepoiss lars amigurumi muster\"},{\"@type\":\"BreadcrumbList\",\"@id\":\"https:\\\/\\\/www.lilleliis.com\\\/et\\\/toode\\\/lohepoiss-lars-opetus\\\/#breadcrumb\",\"itemListElement\":[{\"@type\":\"ListItem\",\"position\":1,\"name\":\"Home\",\"item\":\"https:\\\/\\\/www.lilleliis.com\\\/et\\\/\"},{\"@type\":\"ListItem\",\"position\":2,\"name\":\"Pood\",\"item\":\"https:\\\/\\\/www.lilleliis.com\\\/et\\\/shop\\\/\"},{\"@type\":\"ListItem\",\"position\":3,\"name\":\"Lohepoiss Lars &#8211; amigurumi muster (eng)\"}]},{\"@type\":\"WebSite\",\"@id\":\"https:\\\/\\\/www.lilleliis.com\\\/et\\\/#website\",\"url\":\"https:\\\/\\\/www.lilleliis.com\\\/et\\\/\",\"name\":\"lilleliis\",\"description\":\"Amigurumi m\u00e4nguasjad ja mustrid\",\"potentialAction\":[{\"@type\":\"SearchAction\",\"target\":{\"@type\":\"EntryPoint\",\"urlTemplate\":\"https:\\\/\\\/www.lilleliis.com\\\/et\\\/?s={search_term_string}\"},\"query-input\":{\"@type\":\"PropertyValueSpecification\",\"valueRequired\":true,\"valueName\":\"search_term_string\"}}],\"inLanguage\":\"et\"}]}<\/script>\n<!-- \/ Yoast SEO plugin. -->","yoast_head_json":{"title":"Lohepoiss Lars - amigurumi muster (eng) | Heegeldatud draakon | lilleliis","description":"Heegelda ise draakon. Amigurumi muster Lohepoiss Lars \u00f5petab, kuidas heegeldada uhkete tiibade ja vahvate luuplaatidega draakon.","robots":{"index":"index","follow":"follow","max-snippet":"max-snippet:-1","max-image-preview":"max-image-preview:large","max-video-preview":"max-video-preview:-1"},"canonical":"https:\/\/www.lilleliis.com\/et\/toode\/lohepoiss-lars-opetus\/","og_locale":"et_EE","og_type":"article","og_title":"Lohepoiss Lars - amigurumi muster (eng) | Heegeldatud draakon | lilleliis","og_description":"Heegelda ise draakon. Amigurumi muster Lohepoiss Lars \u00f5petab, kuidas heegeldada uhkete tiibade ja vahvate luuplaatidega draakon.","og_url":"https:\/\/www.lilleliis.com\/et\/toode\/lohepoiss-lars-opetus\/","og_site_name":"lilleliis","article_publisher":"https:\/\/www.facebook.com\/lilleliis-283266335035799\/","article_modified_time":"2025-06-19T06:18:59+00:00","og_image":[{"width":1500,"height":1001,"url":"https:\/\/www.lilleliis.com\/wp-content\/uploads\/2015\/09\/AMP_4627.jpg","type":"image\/jpeg"}],"twitter_card":"summary_large_image","twitter_misc":{"Est. reading time":"1 minute"},"schema":{"@context":"https:\/\/schema.org","@graph":[{"@type":"WebPage","@id":"https:\/\/www.lilleliis.com\/et\/toode\/lohepoiss-lars-opetus\/","url":"https:\/\/www.lilleliis.com\/et\/toode\/lohepoiss-lars-opetus\/","name":"Lohepoiss Lars - amigurumi muster (eng) | Heegeldatud draakon | lilleliis","isPartOf":{"@id":"https:\/\/www.lilleliis.com\/et\/#website"},"primaryImageOfPage":{"@id":"https:\/\/www.lilleliis.com\/et\/toode\/lohepoiss-lars-opetus\/#primaryimage"},"image":{"@id":"https:\/\/www.lilleliis.com\/et\/toode\/lohepoiss-lars-opetus\/#primaryimage"},"thumbnailUrl":"https:\/\/www.lilleliis.com\/wp-content\/uploads\/2015\/09\/AMP_4627.jpg","datePublished":"2025-06-19T06:10:55+00:00","dateModified":"2025-06-19T06:18:59+00:00","description":"Heegelda ise draakon. Amigurumi muster Lohepoiss Lars \u00f5petab, kuidas heegeldada uhkete tiibade ja vahvate luuplaatidega draakon.","breadcrumb":{"@id":"https:\/\/www.lilleliis.com\/et\/toode\/lohepoiss-lars-opetus\/#breadcrumb"},"inLanguage":"et","potentialAction":[{"@type":"ReadAction","target":["https:\/\/www.lilleliis.com\/et\/toode\/lohepoiss-lars-opetus\/"]}]},{"@type":"ImageObject","inLanguage":"et","@id":"https:\/\/www.lilleliis.com\/et\/toode\/lohepoiss-lars-opetus\/#primaryimage","url":"https:\/\/www.lilleliis.com\/wp-content\/uploads\/2015\/09\/AMP_4627.jpg","contentUrl":"https:\/\/www.lilleliis.com\/wp-content\/uploads\/2015\/09\/AMP_4627.jpg","width":1500,"height":1001,"caption":"lohepoiss lars amigurumi muster"},{"@type":"BreadcrumbList","@id":"https:\/\/www.lilleliis.com\/et\/toode\/lohepoiss-lars-opetus\/#breadcrumb","itemListElement":[{"@type":"ListItem","position":1,"name":"Home","item":"https:\/\/www.lilleliis.com\/et\/"},{"@type":"ListItem","position":2,"name":"Pood","item":"https:\/\/www.lilleliis.com\/et\/shop\/"},{"@type":"ListItem","position":3,"name":"Lohepoiss Lars &#8211; amigurumi muster (eng)"}]},{"@type":"WebSite","@id":"https:\/\/www.lilleliis.com\/et\/#website","url":"https:\/\/www.lilleliis.com\/et\/","name":"lilleliis","description":"Amigurumi m\u00e4nguasjad ja mustrid","potentialAction":[{"@type":"SearchAction","target":{"@type":"EntryPoint","urlTemplate":"https:\/\/www.lilleliis.com\/et\/?s={search_term_string}"},"query-input":{"@type":"PropertyValueSpecification","valueRequired":true,"valueName":"search_term_string"}}],"inLanguage":"et"}]}},"_links":{"self":[{"href":"https:\/\/www.lilleliis.com\/et\/wp-json\/wp\/v2\/product\/32627","targetHints":{"allow":["GET"]}}],"collection":[{"href":"https:\/\/www.lilleliis.com\/et\/wp-json\/wp\/v2\/product"}],"about":[{"href":"https:\/\/www.lilleliis.com\/et\/wp-json\/wp\/v2\/types\/product"}],"replies":[{"embeddable":true,"href":"https:\/\/www.lilleliis.com\/et\/wp-json\/wp\/v2\/comments?post=32627"}],"wp:featuredmedia":[{"embeddable":true,"href":"https:\/\/www.lilleliis.com\/et\/wp-json\/wp\/v2\/media\/43132"}],"wp:attachment":[{"href":"https:\/\/www.lilleliis.com\/et\/wp-json\/wp\/v2\/media?parent=32627"}],"wp:term":[{"taxonomy":"product_brand","embeddable":true,"href":"https:\/\/www.lilleliis.com\/et\/wp-json\/wp\/v2\/product_brand?post=32627"},{"taxonomy":"product_cat","embeddable":true,"href":"https:\/\/www.lilleliis.com\/et\/wp-json\/wp\/v2\/product_cat?post=32627"},{"taxonomy":"product_tag","embeddable":true,"href":"https:\/\/www.lilleliis.com\/et\/wp-json\/wp\/v2\/product_tag?post=32627"}],"curies":[{"name":"wp","href":"https:\/\/api.w.org\/{rel}","templated":true}]}}