{"id":35739,"date":"2016-05-27T16:55:52","date_gmt":"2016-05-27T13:55:52","guid":{"rendered":"http:\/\/www.lilleliis.com\/et\/toode\/heegeldatud-kaelakee-lastele-4\/"},"modified":"2026-02-11T11:45:34","modified_gmt":"2026-02-11T09:45:34","slug":"heegeldatud-kaelakee-lastele-4","status":"publish","type":"product","link":"https:\/\/www.lilleliis.com\/et\/toode\/heegeldatud-kaelakee-lastele-4\/","title":{"rendered":"Heegeldatud kaelakee &#8211; mustikas samblas"},"content":{"rendered":"<p>Materjal:<\/p>\n<ul>\n<li>puidust p\u00e4rlid<\/li>\n<li>puuvillane l\u00f5ng<\/li>\n<\/ul>\n<p>Pikkus otsast otsani: 65 cm.\u00a0T\u00e4nu kaela tagant seotavatele paeltele\u00a0kergesti reguleeritav.<\/p>\n<p style=\"text-align: left;\">V\u00e4rvid:\u00a0hele puit, lilla, roheline<\/p>\n<blockquote>\n<p style=\"text-align: center;\"><em>Disain ja teostus \u2013 PILO<\/em><\/p>\n<\/blockquote>\n","protected":false},"excerpt":{"rendered":"<p>Armas\u00a0kaelakee, milles on kombineeritud puitu ja \u00fcleheegeldatud kuule. Sobilik t\u00fcdrukutele esimeseks ehteks.<\/p>\n<p>Kaelakeed v\u00f5ib kasutada beebieast alates, n\u00e4iteks vankri k\u00fclge riputamiseks.\u00a0Kui ema paneb kee imetamise ajal kaela, siis aitab\u00a0v\u00e4rvidest pakatav aksessuaar beebi t\u00e4helepanu k\u00f6ita ning kutsub uurima ja katsuma, aidates seel\u00e4bi s\u00f6\u00f6misele keskenduda.<\/p>\n<p>Naturaalne ja lapses\u00f5bralik. Lihtsasti reguleeritav paelkinnitus.<\/p>\n","protected":false},"featured_media":35747,"comment_status":"open","ping_status":"closed","template":"","meta":[],"product_brand":[],"product_cat":[391],"product_tag":[123,122],"class_list":{"0":"post-35739","1":"product","2":"type-product","3":"status-publish","4":"has-post-thumbnail","6":"product_cat-beebile","7":"product_tag-beebidele","8":"product_tag-tudrukutele","10":"first","11":"outofstock","12":"taxable","13":"shipping-taxable","14":"purchasable","15":"product-type-simple"},"yoast_head":"<!-- This site is optimized with the Yoast SEO plugin v27.3 - https:\/\/yoast.com\/product\/yoast-seo-wordpress\/ -->\n<title>Heegeldatud kaelakee - mustikas samblas | lilleliis<\/title>\n<meta name=\"robots\" content=\"index, follow, max-snippet:-1, max-image-preview:large, max-video-preview:-1\" \/>\n<link rel=\"canonical\" href=\"https:\/\/www.lilleliis.com\/et\/toode\/heegeldatud-kaelakee-lastele-4\/\" \/>\n<meta property=\"og:locale\" content=\"et_EE\" \/>\n<meta property=\"og:type\" content=\"article\" \/>\n<meta property=\"og:title\" content=\"Heegeldatud kaelakee - mustikas samblas | lilleliis\" \/>\n<meta property=\"og:description\" content=\"Armas\u00a0kaelakee, milles on kombineeritud puitu ja \u00fcleheegeldatud kuule. Sobilik t\u00fcdrukutele esimeseks ehteks.  Kaelakeed v\u00f5ib kasutada beebieast alates, n\u00e4iteks vankri k\u00fclge riputamiseks.\u00a0Kui ema paneb kee imetamise ajal kaela, siis aitab\u00a0v\u00e4rvidest pakatav aksessuaar beebi t\u00e4helepanu k\u00f6ita ning kutsub uurima ja katsuma, aidates seel\u00e4bi s\u00f6\u00f6misele keskenduda.  Naturaalne ja lapses\u00f5bralik. Lihtsasti reguleeritav paelkinnitus.\" \/>\n<meta property=\"og:url\" content=\"https:\/\/www.lilleliis.com\/et\/toode\/heegeldatud-kaelakee-lastele-4\/\" \/>\n<meta property=\"og:site_name\" content=\"lilleliis\" \/>\n<meta property=\"article:publisher\" content=\"https:\/\/www.facebook.com\/lilleliis-283266335035799\/\" \/>\n<meta property=\"article:modified_time\" content=\"2026-02-11T09:45:34+00:00\" \/>\n<meta property=\"og:image\" content=\"https:\/\/www.lilleliis.com\/wp-content\/uploads\/2016\/05\/heegeldatud-kaelakee-lastele-lilla-roheline-4.jpg\" \/>\n\t<meta property=\"og:image:width\" content=\"600\" \/>\n\t<meta property=\"og:image:height\" content=\"400\" \/>\n\t<meta property=\"og:image:type\" content=\"image\/jpeg\" \/>\n<meta name=\"twitter:card\" content=\"summary_large_image\" \/>\n<script type=\"application\/ld+json\" class=\"yoast-schema-graph\">{\"@context\":\"https:\\\/\\\/schema.org\",\"@graph\":[{\"@type\":\"WebPage\",\"@id\":\"https:\\\/\\\/www.lilleliis.com\\\/et\\\/toode\\\/heegeldatud-kaelakee-lastele-4\\\/\",\"url\":\"https:\\\/\\\/www.lilleliis.com\\\/et\\\/toode\\\/heegeldatud-kaelakee-lastele-4\\\/\",\"name\":\"Heegeldatud kaelakee - mustikas samblas | lilleliis\",\"isPartOf\":{\"@id\":\"https:\\\/\\\/www.lilleliis.com\\\/et\\\/#website\"},\"primaryImageOfPage\":{\"@id\":\"https:\\\/\\\/www.lilleliis.com\\\/et\\\/toode\\\/heegeldatud-kaelakee-lastele-4\\\/#primaryimage\"},\"image\":{\"@id\":\"https:\\\/\\\/www.lilleliis.com\\\/et\\\/toode\\\/heegeldatud-kaelakee-lastele-4\\\/#primaryimage\"},\"thumbnailUrl\":\"https:\\\/\\\/www.lilleliis.com\\\/wp-content\\\/uploads\\\/2016\\\/05\\\/heegeldatud-kaelakee-lastele-lilla-roheline-4.jpg\",\"datePublished\":\"2016-05-27T13:55:52+00:00\",\"dateModified\":\"2026-02-11T09:45:34+00:00\",\"breadcrumb\":{\"@id\":\"https:\\\/\\\/www.lilleliis.com\\\/et\\\/toode\\\/heegeldatud-kaelakee-lastele-4\\\/#breadcrumb\"},\"inLanguage\":\"et\",\"potentialAction\":[{\"@type\":\"ReadAction\",\"target\":[\"https:\\\/\\\/www.lilleliis.com\\\/et\\\/toode\\\/heegeldatud-kaelakee-lastele-4\\\/\"]}]},{\"@type\":\"ImageObject\",\"inLanguage\":\"et\",\"@id\":\"https:\\\/\\\/www.lilleliis.com\\\/et\\\/toode\\\/heegeldatud-kaelakee-lastele-4\\\/#primaryimage\",\"url\":\"https:\\\/\\\/www.lilleliis.com\\\/wp-content\\\/uploads\\\/2016\\\/05\\\/heegeldatud-kaelakee-lastele-lilla-roheline-4.jpg\",\"contentUrl\":\"https:\\\/\\\/www.lilleliis.com\\\/wp-content\\\/uploads\\\/2016\\\/05\\\/heegeldatud-kaelakee-lastele-lilla-roheline-4.jpg\",\"width\":600,\"height\":400},{\"@type\":\"BreadcrumbList\",\"@id\":\"https:\\\/\\\/www.lilleliis.com\\\/et\\\/toode\\\/heegeldatud-kaelakee-lastele-4\\\/#breadcrumb\",\"itemListElement\":[{\"@type\":\"ListItem\",\"position\":1,\"name\":\"Home\",\"item\":\"https:\\\/\\\/www.lilleliis.com\\\/et\\\/\"},{\"@type\":\"ListItem\",\"position\":2,\"name\":\"Pood\",\"item\":\"https:\\\/\\\/www.lilleliis.com\\\/et\\\/shop\\\/\"},{\"@type\":\"ListItem\",\"position\":3,\"name\":\"Heegeldatud kaelakee &#8211; mustikas samblas\"}]},{\"@type\":\"WebSite\",\"@id\":\"https:\\\/\\\/www.lilleliis.com\\\/et\\\/#website\",\"url\":\"https:\\\/\\\/www.lilleliis.com\\\/et\\\/\",\"name\":\"lilleliis\",\"description\":\"Amigurumi m\u00e4nguasjad ja mustrid\",\"potentialAction\":[{\"@type\":\"SearchAction\",\"target\":{\"@type\":\"EntryPoint\",\"urlTemplate\":\"https:\\\/\\\/www.lilleliis.com\\\/et\\\/?s={search_term_string}\"},\"query-input\":{\"@type\":\"PropertyValueSpecification\",\"valueRequired\":true,\"valueName\":\"search_term_string\"}}],\"inLanguage\":\"et\"}]}<\/script>\n<!-- \/ Yoast SEO plugin. -->","yoast_head_json":{"title":"Heegeldatud kaelakee - mustikas samblas | lilleliis","robots":{"index":"index","follow":"follow","max-snippet":"max-snippet:-1","max-image-preview":"max-image-preview:large","max-video-preview":"max-video-preview:-1"},"canonical":"https:\/\/www.lilleliis.com\/et\/toode\/heegeldatud-kaelakee-lastele-4\/","og_locale":"et_EE","og_type":"article","og_title":"Heegeldatud kaelakee - mustikas samblas | lilleliis","og_description":"Armas\u00a0kaelakee, milles on kombineeritud puitu ja \u00fcleheegeldatud kuule. Sobilik t\u00fcdrukutele esimeseks ehteks.  Kaelakeed v\u00f5ib kasutada beebieast alates, n\u00e4iteks vankri k\u00fclge riputamiseks.\u00a0Kui ema paneb kee imetamise ajal kaela, siis aitab\u00a0v\u00e4rvidest pakatav aksessuaar beebi t\u00e4helepanu k\u00f6ita ning kutsub uurima ja katsuma, aidates seel\u00e4bi s\u00f6\u00f6misele keskenduda.  Naturaalne ja lapses\u00f5bralik. Lihtsasti reguleeritav paelkinnitus.","og_url":"https:\/\/www.lilleliis.com\/et\/toode\/heegeldatud-kaelakee-lastele-4\/","og_site_name":"lilleliis","article_publisher":"https:\/\/www.facebook.com\/lilleliis-283266335035799\/","article_modified_time":"2026-02-11T09:45:34+00:00","og_image":[{"width":600,"height":400,"url":"https:\/\/www.lilleliis.com\/wp-content\/uploads\/2016\/05\/heegeldatud-kaelakee-lastele-lilla-roheline-4.jpg","type":"image\/jpeg"}],"twitter_card":"summary_large_image","schema":{"@context":"https:\/\/schema.org","@graph":[{"@type":"WebPage","@id":"https:\/\/www.lilleliis.com\/et\/toode\/heegeldatud-kaelakee-lastele-4\/","url":"https:\/\/www.lilleliis.com\/et\/toode\/heegeldatud-kaelakee-lastele-4\/","name":"Heegeldatud kaelakee - mustikas samblas | lilleliis","isPartOf":{"@id":"https:\/\/www.lilleliis.com\/et\/#website"},"primaryImageOfPage":{"@id":"https:\/\/www.lilleliis.com\/et\/toode\/heegeldatud-kaelakee-lastele-4\/#primaryimage"},"image":{"@id":"https:\/\/www.lilleliis.com\/et\/toode\/heegeldatud-kaelakee-lastele-4\/#primaryimage"},"thumbnailUrl":"https:\/\/www.lilleliis.com\/wp-content\/uploads\/2016\/05\/heegeldatud-kaelakee-lastele-lilla-roheline-4.jpg","datePublished":"2016-05-27T13:55:52+00:00","dateModified":"2026-02-11T09:45:34+00:00","breadcrumb":{"@id":"https:\/\/www.lilleliis.com\/et\/toode\/heegeldatud-kaelakee-lastele-4\/#breadcrumb"},"inLanguage":"et","potentialAction":[{"@type":"ReadAction","target":["https:\/\/www.lilleliis.com\/et\/toode\/heegeldatud-kaelakee-lastele-4\/"]}]},{"@type":"ImageObject","inLanguage":"et","@id":"https:\/\/www.lilleliis.com\/et\/toode\/heegeldatud-kaelakee-lastele-4\/#primaryimage","url":"https:\/\/www.lilleliis.com\/wp-content\/uploads\/2016\/05\/heegeldatud-kaelakee-lastele-lilla-roheline-4.jpg","contentUrl":"https:\/\/www.lilleliis.com\/wp-content\/uploads\/2016\/05\/heegeldatud-kaelakee-lastele-lilla-roheline-4.jpg","width":600,"height":400},{"@type":"BreadcrumbList","@id":"https:\/\/www.lilleliis.com\/et\/toode\/heegeldatud-kaelakee-lastele-4\/#breadcrumb","itemListElement":[{"@type":"ListItem","position":1,"name":"Home","item":"https:\/\/www.lilleliis.com\/et\/"},{"@type":"ListItem","position":2,"name":"Pood","item":"https:\/\/www.lilleliis.com\/et\/shop\/"},{"@type":"ListItem","position":3,"name":"Heegeldatud kaelakee &#8211; mustikas samblas"}]},{"@type":"WebSite","@id":"https:\/\/www.lilleliis.com\/et\/#website","url":"https:\/\/www.lilleliis.com\/et\/","name":"lilleliis","description":"Amigurumi m\u00e4nguasjad ja mustrid","potentialAction":[{"@type":"SearchAction","target":{"@type":"EntryPoint","urlTemplate":"https:\/\/www.lilleliis.com\/et\/?s={search_term_string}"},"query-input":{"@type":"PropertyValueSpecification","valueRequired":true,"valueName":"search_term_string"}}],"inLanguage":"et"}]}},"_links":{"self":[{"href":"https:\/\/www.lilleliis.com\/et\/wp-json\/wp\/v2\/product\/35739","targetHints":{"allow":["GET"]}}],"collection":[{"href":"https:\/\/www.lilleliis.com\/et\/wp-json\/wp\/v2\/product"}],"about":[{"href":"https:\/\/www.lilleliis.com\/et\/wp-json\/wp\/v2\/types\/product"}],"replies":[{"embeddable":true,"href":"https:\/\/www.lilleliis.com\/et\/wp-json\/wp\/v2\/comments?post=35739"}],"wp:featuredmedia":[{"embeddable":true,"href":"https:\/\/www.lilleliis.com\/et\/wp-json\/wp\/v2\/media\/35747"}],"wp:attachment":[{"href":"https:\/\/www.lilleliis.com\/et\/wp-json\/wp\/v2\/media?parent=35739"}],"wp:term":[{"taxonomy":"product_brand","embeddable":true,"href":"https:\/\/www.lilleliis.com\/et\/wp-json\/wp\/v2\/product_brand?post=35739"},{"taxonomy":"product_cat","embeddable":true,"href":"https:\/\/www.lilleliis.com\/et\/wp-json\/wp\/v2\/product_cat?post=35739"},{"taxonomy":"product_tag","embeddable":true,"href":"https:\/\/www.lilleliis.com\/et\/wp-json\/wp\/v2\/product_tag?post=35739"}],"curies":[{"name":"wp","href":"https:\/\/api.w.org\/{rel}","templated":true}]}}