{"id":3644,"date":"2025-10-29T08:27:29","date_gmt":"2025-10-29T06:27:29","guid":{"rendered":"http:\/\/lilleliis.com\/?post_type=product&#038;p=3644"},"modified":"2026-02-10T15:45:03","modified_gmt":"2026-02-10T13:45:03","slug":"printsess-hobeking-opetus","status":"publish","type":"product","link":"https:\/\/www.lilleliis.com\/et\/toode\/printsess-hobeking-opetus\/","title":{"rendered":"Printsess H\u00f5beking &#8211; amigurumi muster"},"content":{"rendered":null,"protected":false},"excerpt":{"rendered":"<p>Selle \u00f5petuse j\u00e4rgi valmib kaunis heegeldatud printsess. Printsess H\u00f5beking on p\u00fchendatud k\u00f5igile neile v\u00e4ikestele t\u00fcdrukutele, keda v\u00f5lub muinasjutumaailm. Printsessi riietuses nukk kannab vahuste volangidega kleiti, p\u00e4rlitega kaunistatud h\u00f5bekingi ning kuldkollast krooni. Lokkis juuksed ja suured silmad muudavad ta imearmsaks.<\/p>\n<p>Kleit ja kingad pole eemaldatavad.<\/p>\n<div class=\"product-short-description\">\n<hr \/>\n<p><span data-text-color=\"primary\">MUSTRIST<\/span><\/p>\n<p>Allalaetav ja lihtsasti j\u00e4lgitav k\u00e4sit\u00f6\u00f6 \u00f5petus (PDF fail). Juhend sisaldab samm-sammulist \u00f5petust eseme valmistamiseks ning hulgaliselt abistavaid fotosid.<\/p>\n<p>Keel: eesti, inglise, hollandi<\/p>\n<p>\u00d5petuse raskusaste: keeruline<\/p>\n<p>Vajaminevad v\u00f5tted: kinnissilmus, poolsammas, \u00fchekordne sammas<\/p>\n<hr \/>\n<p><span data-text-color=\"primary\">SUURUS JA MATERJAL<\/span><\/p>\n<p>Suurus: 37 cm<\/p>\n<p>Valmistamiseks on kasutatud puuvillast l\u00f5nga ning heegeln\u00f5ela j\u00e4medusega 3,5 mm.<\/p>\n<hr \/>\n<p><span data-text-color=\"primary\">ABI JA COPYRIGHT<\/span><\/p>\n<p>K\u00fcsimuste korral saab abi\u00a0<a href=\"mailto:%20lilleliis@gmail.com\">e-posti teel<\/a>.<\/p>\n<p>\u00d5petuse j\u00e4rgi valmistatud esemeid v\u00f5ib m\u00fc\u00fca. \u00d5petust on keelatud jagada. Autori\u00f5igustega tutvu\u00a0<a href=\"https:\/\/www.lilleliis.com\/et\/autorioigused\/\" target=\"_blank\" rel=\"noopener\">siin<\/a>.<\/p>\n<\/div>\n","protected":false},"featured_media":43419,"comment_status":"open","ping_status":"closed","template":"","meta":[],"product_brand":[],"product_cat":[95,128],"product_tag":[122],"class_list":{"0":"post-3644","1":"product","2":"type-product","3":"status-publish","4":"has-post-thumbnail","6":"product_cat-amigurumi-opetused","7":"product_cat-nuku-mustrid","8":"product_tag-tudrukutele","9":"pa_pattern-language-eesti","10":"pa_pattern-language-hollandi","11":"pa_pattern-language-inglise","12":"pa_pattern-skill-level-keeruline","14":"first","15":"instock","16":"sold-individually","17":"taxable","18":"shipping-taxable","19":"purchasable","20":"product-type-variable"},"yoast_head":"<!-- This site is optimized with the Yoast SEO plugin v27.3 - https:\/\/yoast.com\/product\/yoast-seo-wordpress\/ -->\n<title>Printsess H\u00f5beking | Heegeldatud printsessi \u00f5petus | lilleliis<\/title>\n<meta name=\"description\" content=\"Heegeldatud Printsess H\u00f5beking imelises volangidega kleidis. \u00d5petus juhendab sind samm-sammult, et nuku valmistamine oleks lihtne ja m\u00f5nus.\" \/>\n<meta name=\"robots\" content=\"index, follow, max-snippet:-1, max-image-preview:large, max-video-preview:-1\" \/>\n<link rel=\"canonical\" href=\"https:\/\/www.lilleliis.com\/et\/toode\/printsess-hobeking-opetus\/\" \/>\n<meta property=\"og:locale\" content=\"et_EE\" \/>\n<meta property=\"og:type\" content=\"article\" \/>\n<meta property=\"og:title\" content=\"Printsess H\u00f5beking | Heegeldatud printsessi \u00f5petus | lilleliis\" \/>\n<meta property=\"og:description\" content=\"Heegeldatud Printsess H\u00f5beking imelises volangidega kleidis. \u00d5petus juhendab sind samm-sammult, et nuku valmistamine oleks lihtne ja m\u00f5nus.\" \/>\n<meta property=\"og:url\" content=\"https:\/\/www.lilleliis.com\/et\/toode\/printsess-hobeking-opetus\/\" \/>\n<meta property=\"og:site_name\" content=\"lilleliis\" \/>\n<meta property=\"article:publisher\" content=\"https:\/\/www.facebook.com\/lilleliis-283266335035799\/\" \/>\n<meta property=\"article:modified_time\" content=\"2026-02-10T13:45:03+00:00\" \/>\n<meta property=\"og:image\" content=\"https:\/\/www.lilleliis.com\/wp-content\/uploads\/2013\/07\/IMG_7384.jpg\" \/>\n\t<meta property=\"og:image:width\" content=\"1001\" \/>\n\t<meta property=\"og:image:height\" content=\"1500\" \/>\n\t<meta property=\"og:image:type\" content=\"image\/jpeg\" \/>\n<meta name=\"twitter:card\" content=\"summary_large_image\" \/>\n<script type=\"application\/ld+json\" class=\"yoast-schema-graph\">{\"@context\":\"https:\\\/\\\/schema.org\",\"@graph\":[{\"@type\":\"WebPage\",\"@id\":\"https:\\\/\\\/www.lilleliis.com\\\/et\\\/toode\\\/printsess-hobeking-opetus\\\/\",\"url\":\"https:\\\/\\\/www.lilleliis.com\\\/et\\\/toode\\\/printsess-hobeking-opetus\\\/\",\"name\":\"Printsess H\u00f5beking | Heegeldatud printsessi \u00f5petus | lilleliis\",\"isPartOf\":{\"@id\":\"https:\\\/\\\/www.lilleliis.com\\\/et\\\/#website\"},\"primaryImageOfPage\":{\"@id\":\"https:\\\/\\\/www.lilleliis.com\\\/et\\\/toode\\\/printsess-hobeking-opetus\\\/#primaryimage\"},\"image\":{\"@id\":\"https:\\\/\\\/www.lilleliis.com\\\/et\\\/toode\\\/printsess-hobeking-opetus\\\/#primaryimage\"},\"thumbnailUrl\":\"https:\\\/\\\/www.lilleliis.com\\\/wp-content\\\/uploads\\\/2013\\\/07\\\/IMG_7384.jpg\",\"datePublished\":\"2025-10-29T06:27:29+00:00\",\"dateModified\":\"2026-02-10T13:45:03+00:00\",\"description\":\"Heegeldatud Printsess H\u00f5beking imelises volangidega kleidis. \u00d5petus juhendab sind samm-sammult, et nuku valmistamine oleks lihtne ja m\u00f5nus.\",\"breadcrumb\":{\"@id\":\"https:\\\/\\\/www.lilleliis.com\\\/et\\\/toode\\\/printsess-hobeking-opetus\\\/#breadcrumb\"},\"inLanguage\":\"et\",\"potentialAction\":[{\"@type\":\"ReadAction\",\"target\":[\"https:\\\/\\\/www.lilleliis.com\\\/et\\\/toode\\\/printsess-hobeking-opetus\\\/\"]}]},{\"@type\":\"ImageObject\",\"inLanguage\":\"et\",\"@id\":\"https:\\\/\\\/www.lilleliis.com\\\/et\\\/toode\\\/printsess-hobeking-opetus\\\/#primaryimage\",\"url\":\"https:\\\/\\\/www.lilleliis.com\\\/wp-content\\\/uploads\\\/2013\\\/07\\\/IMG_7384.jpg\",\"contentUrl\":\"https:\\\/\\\/www.lilleliis.com\\\/wp-content\\\/uploads\\\/2013\\\/07\\\/IMG_7384.jpg\",\"width\":1001,\"height\":1500,\"caption\":\"printsess h\u00f5beking amigurumi muster\"},{\"@type\":\"BreadcrumbList\",\"@id\":\"https:\\\/\\\/www.lilleliis.com\\\/et\\\/toode\\\/printsess-hobeking-opetus\\\/#breadcrumb\",\"itemListElement\":[{\"@type\":\"ListItem\",\"position\":1,\"name\":\"Home\",\"item\":\"https:\\\/\\\/www.lilleliis.com\\\/et\\\/\"},{\"@type\":\"ListItem\",\"position\":2,\"name\":\"Pood\",\"item\":\"https:\\\/\\\/www.lilleliis.com\\\/et\\\/shop\\\/\"},{\"@type\":\"ListItem\",\"position\":3,\"name\":\"Printsess H\u00f5beking &#8211; amigurumi muster\"}]},{\"@type\":\"WebSite\",\"@id\":\"https:\\\/\\\/www.lilleliis.com\\\/et\\\/#website\",\"url\":\"https:\\\/\\\/www.lilleliis.com\\\/et\\\/\",\"name\":\"lilleliis\",\"description\":\"Amigurumi m\u00e4nguasjad ja mustrid\",\"potentialAction\":[{\"@type\":\"SearchAction\",\"target\":{\"@type\":\"EntryPoint\",\"urlTemplate\":\"https:\\\/\\\/www.lilleliis.com\\\/et\\\/?s={search_term_string}\"},\"query-input\":{\"@type\":\"PropertyValueSpecification\",\"valueRequired\":true,\"valueName\":\"search_term_string\"}}],\"inLanguage\":\"et\"}]}<\/script>\n<!-- \/ Yoast SEO plugin. -->","yoast_head_json":{"title":"Printsess H\u00f5beking | Heegeldatud printsessi \u00f5petus | lilleliis","description":"Heegeldatud Printsess H\u00f5beking imelises volangidega kleidis. \u00d5petus juhendab sind samm-sammult, et nuku valmistamine oleks lihtne ja m\u00f5nus.","robots":{"index":"index","follow":"follow","max-snippet":"max-snippet:-1","max-image-preview":"max-image-preview:large","max-video-preview":"max-video-preview:-1"},"canonical":"https:\/\/www.lilleliis.com\/et\/toode\/printsess-hobeking-opetus\/","og_locale":"et_EE","og_type":"article","og_title":"Printsess H\u00f5beking | Heegeldatud printsessi \u00f5petus | lilleliis","og_description":"Heegeldatud Printsess H\u00f5beking imelises volangidega kleidis. \u00d5petus juhendab sind samm-sammult, et nuku valmistamine oleks lihtne ja m\u00f5nus.","og_url":"https:\/\/www.lilleliis.com\/et\/toode\/printsess-hobeking-opetus\/","og_site_name":"lilleliis","article_publisher":"https:\/\/www.facebook.com\/lilleliis-283266335035799\/","article_modified_time":"2026-02-10T13:45:03+00:00","og_image":[{"width":1001,"height":1500,"url":"https:\/\/www.lilleliis.com\/wp-content\/uploads\/2013\/07\/IMG_7384.jpg","type":"image\/jpeg"}],"twitter_card":"summary_large_image","schema":{"@context":"https:\/\/schema.org","@graph":[{"@type":"WebPage","@id":"https:\/\/www.lilleliis.com\/et\/toode\/printsess-hobeking-opetus\/","url":"https:\/\/www.lilleliis.com\/et\/toode\/printsess-hobeking-opetus\/","name":"Printsess H\u00f5beking | Heegeldatud printsessi \u00f5petus | lilleliis","isPartOf":{"@id":"https:\/\/www.lilleliis.com\/et\/#website"},"primaryImageOfPage":{"@id":"https:\/\/www.lilleliis.com\/et\/toode\/printsess-hobeking-opetus\/#primaryimage"},"image":{"@id":"https:\/\/www.lilleliis.com\/et\/toode\/printsess-hobeking-opetus\/#primaryimage"},"thumbnailUrl":"https:\/\/www.lilleliis.com\/wp-content\/uploads\/2013\/07\/IMG_7384.jpg","datePublished":"2025-10-29T06:27:29+00:00","dateModified":"2026-02-10T13:45:03+00:00","description":"Heegeldatud Printsess H\u00f5beking imelises volangidega kleidis. \u00d5petus juhendab sind samm-sammult, et nuku valmistamine oleks lihtne ja m\u00f5nus.","breadcrumb":{"@id":"https:\/\/www.lilleliis.com\/et\/toode\/printsess-hobeking-opetus\/#breadcrumb"},"inLanguage":"et","potentialAction":[{"@type":"ReadAction","target":["https:\/\/www.lilleliis.com\/et\/toode\/printsess-hobeking-opetus\/"]}]},{"@type":"ImageObject","inLanguage":"et","@id":"https:\/\/www.lilleliis.com\/et\/toode\/printsess-hobeking-opetus\/#primaryimage","url":"https:\/\/www.lilleliis.com\/wp-content\/uploads\/2013\/07\/IMG_7384.jpg","contentUrl":"https:\/\/www.lilleliis.com\/wp-content\/uploads\/2013\/07\/IMG_7384.jpg","width":1001,"height":1500,"caption":"printsess h\u00f5beking amigurumi muster"},{"@type":"BreadcrumbList","@id":"https:\/\/www.lilleliis.com\/et\/toode\/printsess-hobeking-opetus\/#breadcrumb","itemListElement":[{"@type":"ListItem","position":1,"name":"Home","item":"https:\/\/www.lilleliis.com\/et\/"},{"@type":"ListItem","position":2,"name":"Pood","item":"https:\/\/www.lilleliis.com\/et\/shop\/"},{"@type":"ListItem","position":3,"name":"Printsess H\u00f5beking &#8211; amigurumi muster"}]},{"@type":"WebSite","@id":"https:\/\/www.lilleliis.com\/et\/#website","url":"https:\/\/www.lilleliis.com\/et\/","name":"lilleliis","description":"Amigurumi m\u00e4nguasjad ja mustrid","potentialAction":[{"@type":"SearchAction","target":{"@type":"EntryPoint","urlTemplate":"https:\/\/www.lilleliis.com\/et\/?s={search_term_string}"},"query-input":{"@type":"PropertyValueSpecification","valueRequired":true,"valueName":"search_term_string"}}],"inLanguage":"et"}]}},"_links":{"self":[{"href":"https:\/\/www.lilleliis.com\/et\/wp-json\/wp\/v2\/product\/3644","targetHints":{"allow":["GET"]}}],"collection":[{"href":"https:\/\/www.lilleliis.com\/et\/wp-json\/wp\/v2\/product"}],"about":[{"href":"https:\/\/www.lilleliis.com\/et\/wp-json\/wp\/v2\/types\/product"}],"replies":[{"embeddable":true,"href":"https:\/\/www.lilleliis.com\/et\/wp-json\/wp\/v2\/comments?post=3644"}],"wp:featuredmedia":[{"embeddable":true,"href":"https:\/\/www.lilleliis.com\/et\/wp-json\/wp\/v2\/media\/43419"}],"wp:attachment":[{"href":"https:\/\/www.lilleliis.com\/et\/wp-json\/wp\/v2\/media?parent=3644"}],"wp:term":[{"taxonomy":"product_brand","embeddable":true,"href":"https:\/\/www.lilleliis.com\/et\/wp-json\/wp\/v2\/product_brand?post=3644"},{"taxonomy":"product_cat","embeddable":true,"href":"https:\/\/www.lilleliis.com\/et\/wp-json\/wp\/v2\/product_cat?post=3644"},{"taxonomy":"product_tag","embeddable":true,"href":"https:\/\/www.lilleliis.com\/et\/wp-json\/wp\/v2\/product_tag?post=3644"}],"curies":[{"name":"wp","href":"https:\/\/api.w.org\/{rel}","templated":true}]}}