{"id":36601,"date":"2026-03-08T18:00:30","date_gmt":"2026-03-08T16:00:30","guid":{"rendered":"http:\/\/www.lilleliis.com\/et\/toode\/pitskrae-janes-muster\/"},"modified":"2026-03-08T18:08:25","modified_gmt":"2026-03-08T16:08:25","slug":"pitskrae-janes-muster","status":"publish","type":"product","link":"https:\/\/www.lilleliis.com\/et\/toode\/pitskrae-janes-muster\/","title":{"rendered":"J\u00e4nkut\u00fcdruku heegeldamise \u00f5petus &#8211; Pits-krae j\u00e4nes"},"content":{"rendered":"<p>Amigurumi j\u00e4nese heegeldamise \u00f5petus \u2013 Pits-krae j\u00e4nes.<\/p>\n<p>M\u00e4nguasja valmistamisel kombineeritakse villast ja puuvillast l\u00f5nga, mille kooslus annab j\u00e4nesele ilusa tekstuuri ja huvitava kontrasti.<\/p>\n<h3>Mustrist<\/h3>\n<p>Allalaetav ja lihtsasti j\u00e4lgitav k\u00e4sit\u00f6\u00f6 \u00f5petus (PDF fail). Juhend sisaldab samm-sammulist \u00f5petust eseme valmistamiseks ning hulgaliselt abistavaid fotosid.<\/p>\n<p>Keel: eesti, inglise<\/p>\n<p>\u00d5petuse raskusaste: keskmine<\/p>\n<p>Vajaminevad v\u00f5tted: kinnissilmus, \u00fchekordne sammas<\/p>\n<div class=\"is-divider divider clearfix\" ><\/div>\n<h3>Suurus ja materjal<\/h3>\n<p>Suurus: umbes 29 cm<\/p>\n<p>Valmistamiseks on kasutatud puuvillast ja villast l\u00f5nga ning heegeln\u00f5ela j\u00e4medusega 3 mm.<\/p>\n<div class=\"is-divider divider clearfix\" ><\/div>\n<h3>Abi ja copyright<\/h3>\n<p>K\u00fcsimuste korral saab abi\u00a0<a href=\"mailto:%20lilleliis@gmail.com\">e-posti teel<\/a>.<\/p>\n<p>\u00d5petuse j\u00e4rgi valmistatud esemeid v\u00f5ib m\u00fc\u00fca. \u00d5petust on keelatud jagada. Autori\u00f5igustega tutvu\u00a0<a href=\"https:\/\/www.lilleliis.com\/et\/autorioigused\/\" target=\"_blank\" rel=\"noopener\">siin<\/a>.<\/p>\n","protected":false},"excerpt":{"rendered":"<p>J\u00e4nkut\u00fcdruku heegeldamise \u00f5petuse abil saad luua toreda pitsilise krae ja lipsukestega j\u00e4nku. Pits-krae j\u00e4nes on keskmise suurusega ning saleda figuuriga, mist\u00f5ttu on teda mugav k\u00e4es hoida. Sobib h\u00e4sti nii m\u00e4ngukaaslaseks kui ka lastetuba kaunistama.<\/p>\n<p>Tegemist on allalaetava <strong data-start=\"326\" data-end=\"343\">PDF-\u00f5petusega<\/strong>, mis sisaldab rohkelt fotosid. \u00d5petuse raskusaste on <strong>keskmine<\/strong>\u00a0ja see on saadaval ka eesti keeles.<\/p>\n","protected":false},"featured_media":43094,"comment_status":"open","ping_status":"closed","template":"","meta":[],"product_brand":[],"product_cat":[95,119],"product_tag":[],"class_list":{"0":"post-36601","1":"product","2":"type-product","3":"status-publish","4":"has-post-thumbnail","6":"product_cat-amigurumi-opetused","7":"product_cat-janku-mustrid","8":"pa_pattern-language-eesti","9":"pa_pattern-language-inglise","10":"pa_pattern-skill-level-keskmine","12":"first","13":"instock","14":"sold-individually","15":"taxable","16":"shipping-taxable","17":"purchasable","18":"product-type-variable"},"yoast_head":"<!-- This site is optimized with the Yoast SEO plugin v27.3 - https:\/\/yoast.com\/product\/yoast-seo-wordpress\/ -->\n<title>J\u00e4nkut\u00fcdruku heegeldamise \u00f5petus - Pits-krae j\u00e4nes | lilleliis<\/title>\n<meta name=\"description\" content=\"J\u00e4nkut\u00fcdruku heegeldamise \u00f5petus - armas Pitskrae j\u00e4nes pitsilise krae, lipsukeste ja kangast detailidega. \u00d5petus on eesti keeles.\" \/>\n<meta name=\"robots\" content=\"index, follow, max-snippet:-1, max-image-preview:large, max-video-preview:-1\" \/>\n<link rel=\"canonical\" href=\"https:\/\/www.lilleliis.com\/et\/toode\/pitskrae-janes-muster\/\" \/>\n<meta property=\"og:locale\" content=\"et_EE\" \/>\n<meta property=\"og:type\" content=\"article\" \/>\n<meta property=\"og:title\" content=\"J\u00e4nkut\u00fcdruku heegeldamise \u00f5petus - Pits-krae j\u00e4nes | lilleliis\" \/>\n<meta property=\"og:description\" content=\"J\u00e4nkut\u00fcdruku heegeldamise \u00f5petus - armas Pitskrae j\u00e4nes pitsilise krae, lipsukeste ja kangast detailidega. \u00d5petus on eesti keeles.\" \/>\n<meta property=\"og:url\" content=\"https:\/\/www.lilleliis.com\/et\/toode\/pitskrae-janes-muster\/\" \/>\n<meta property=\"og:site_name\" content=\"lilleliis\" \/>\n<meta property=\"article:publisher\" content=\"https:\/\/www.facebook.com\/lilleliis-283266335035799\/\" \/>\n<meta property=\"article:modified_time\" content=\"2026-03-08T16:08:25+00:00\" \/>\n<meta property=\"og:image\" content=\"https:\/\/www.lilleliis.com\/wp-content\/uploads\/2016\/08\/lace-collar-bunny-9.jpg\" \/>\n\t<meta property=\"og:image:width\" content=\"1000\" \/>\n\t<meta property=\"og:image:height\" content=\"1500\" \/>\n\t<meta property=\"og:image:type\" content=\"image\/jpeg\" \/>\n<meta name=\"twitter:card\" content=\"summary_large_image\" \/>\n<meta name=\"twitter:label1\" content=\"Est. reading time\" \/>\n\t<meta name=\"twitter:data1\" content=\"1 minute\" \/>\n<script type=\"application\/ld+json\" class=\"yoast-schema-graph\">{\"@context\":\"https:\\\/\\\/schema.org\",\"@graph\":[{\"@type\":\"WebPage\",\"@id\":\"https:\\\/\\\/www.lilleliis.com\\\/et\\\/toode\\\/pitskrae-janes-muster\\\/\",\"url\":\"https:\\\/\\\/www.lilleliis.com\\\/et\\\/toode\\\/pitskrae-janes-muster\\\/\",\"name\":\"J\u00e4nkut\u00fcdruku heegeldamise \u00f5petus - Pits-krae j\u00e4nes | lilleliis\",\"isPartOf\":{\"@id\":\"https:\\\/\\\/www.lilleliis.com\\\/et\\\/#website\"},\"primaryImageOfPage\":{\"@id\":\"https:\\\/\\\/www.lilleliis.com\\\/et\\\/toode\\\/pitskrae-janes-muster\\\/#primaryimage\"},\"image\":{\"@id\":\"https:\\\/\\\/www.lilleliis.com\\\/et\\\/toode\\\/pitskrae-janes-muster\\\/#primaryimage\"},\"thumbnailUrl\":\"https:\\\/\\\/www.lilleliis.com\\\/wp-content\\\/uploads\\\/2016\\\/08\\\/lace-collar-bunny-9.jpg\",\"datePublished\":\"2026-03-08T16:00:30+00:00\",\"dateModified\":\"2026-03-08T16:08:25+00:00\",\"description\":\"J\u00e4nkut\u00fcdruku heegeldamise \u00f5petus - armas Pitskrae j\u00e4nes pitsilise krae, lipsukeste ja kangast detailidega. \u00d5petus on eesti keeles.\",\"breadcrumb\":{\"@id\":\"https:\\\/\\\/www.lilleliis.com\\\/et\\\/toode\\\/pitskrae-janes-muster\\\/#breadcrumb\"},\"inLanguage\":\"et\",\"potentialAction\":[{\"@type\":\"ReadAction\",\"target\":[\"https:\\\/\\\/www.lilleliis.com\\\/et\\\/toode\\\/pitskrae-janes-muster\\\/\"]}]},{\"@type\":\"ImageObject\",\"inLanguage\":\"et\",\"@id\":\"https:\\\/\\\/www.lilleliis.com\\\/et\\\/toode\\\/pitskrae-janes-muster\\\/#primaryimage\",\"url\":\"https:\\\/\\\/www.lilleliis.com\\\/wp-content\\\/uploads\\\/2016\\\/08\\\/lace-collar-bunny-9.jpg\",\"contentUrl\":\"https:\\\/\\\/www.lilleliis.com\\\/wp-content\\\/uploads\\\/2016\\\/08\\\/lace-collar-bunny-9.jpg\",\"width\":1000,\"height\":1500,\"caption\":\"heegeldatud pits-krae j\u00e4nes \u00f5petus\"},{\"@type\":\"BreadcrumbList\",\"@id\":\"https:\\\/\\\/www.lilleliis.com\\\/et\\\/toode\\\/pitskrae-janes-muster\\\/#breadcrumb\",\"itemListElement\":[{\"@type\":\"ListItem\",\"position\":1,\"name\":\"Home\",\"item\":\"https:\\\/\\\/www.lilleliis.com\\\/et\\\/\"},{\"@type\":\"ListItem\",\"position\":2,\"name\":\"Pood\",\"item\":\"https:\\\/\\\/www.lilleliis.com\\\/et\\\/shop\\\/\"},{\"@type\":\"ListItem\",\"position\":3,\"name\":\"J\u00e4nkut\u00fcdruku heegeldamise \u00f5petus &#8211; Pits-krae j\u00e4nes\"}]},{\"@type\":\"WebSite\",\"@id\":\"https:\\\/\\\/www.lilleliis.com\\\/et\\\/#website\",\"url\":\"https:\\\/\\\/www.lilleliis.com\\\/et\\\/\",\"name\":\"lilleliis\",\"description\":\"Amigurumi m\u00e4nguasjad ja mustrid\",\"potentialAction\":[{\"@type\":\"SearchAction\",\"target\":{\"@type\":\"EntryPoint\",\"urlTemplate\":\"https:\\\/\\\/www.lilleliis.com\\\/et\\\/?s={search_term_string}\"},\"query-input\":{\"@type\":\"PropertyValueSpecification\",\"valueRequired\":true,\"valueName\":\"search_term_string\"}}],\"inLanguage\":\"et\"}]}<\/script>\n<!-- \/ Yoast SEO plugin. -->","yoast_head_json":{"title":"J\u00e4nkut\u00fcdruku heegeldamise \u00f5petus - Pits-krae j\u00e4nes | lilleliis","description":"J\u00e4nkut\u00fcdruku heegeldamise \u00f5petus - armas Pitskrae j\u00e4nes pitsilise krae, lipsukeste ja kangast detailidega. \u00d5petus on eesti keeles.","robots":{"index":"index","follow":"follow","max-snippet":"max-snippet:-1","max-image-preview":"max-image-preview:large","max-video-preview":"max-video-preview:-1"},"canonical":"https:\/\/www.lilleliis.com\/et\/toode\/pitskrae-janes-muster\/","og_locale":"et_EE","og_type":"article","og_title":"J\u00e4nkut\u00fcdruku heegeldamise \u00f5petus - Pits-krae j\u00e4nes | lilleliis","og_description":"J\u00e4nkut\u00fcdruku heegeldamise \u00f5petus - armas Pitskrae j\u00e4nes pitsilise krae, lipsukeste ja kangast detailidega. \u00d5petus on eesti keeles.","og_url":"https:\/\/www.lilleliis.com\/et\/toode\/pitskrae-janes-muster\/","og_site_name":"lilleliis","article_publisher":"https:\/\/www.facebook.com\/lilleliis-283266335035799\/","article_modified_time":"2026-03-08T16:08:25+00:00","og_image":[{"width":1000,"height":1500,"url":"https:\/\/www.lilleliis.com\/wp-content\/uploads\/2016\/08\/lace-collar-bunny-9.jpg","type":"image\/jpeg"}],"twitter_card":"summary_large_image","twitter_misc":{"Est. reading time":"1 minute"},"schema":{"@context":"https:\/\/schema.org","@graph":[{"@type":"WebPage","@id":"https:\/\/www.lilleliis.com\/et\/toode\/pitskrae-janes-muster\/","url":"https:\/\/www.lilleliis.com\/et\/toode\/pitskrae-janes-muster\/","name":"J\u00e4nkut\u00fcdruku heegeldamise \u00f5petus - Pits-krae j\u00e4nes | lilleliis","isPartOf":{"@id":"https:\/\/www.lilleliis.com\/et\/#website"},"primaryImageOfPage":{"@id":"https:\/\/www.lilleliis.com\/et\/toode\/pitskrae-janes-muster\/#primaryimage"},"image":{"@id":"https:\/\/www.lilleliis.com\/et\/toode\/pitskrae-janes-muster\/#primaryimage"},"thumbnailUrl":"https:\/\/www.lilleliis.com\/wp-content\/uploads\/2016\/08\/lace-collar-bunny-9.jpg","datePublished":"2026-03-08T16:00:30+00:00","dateModified":"2026-03-08T16:08:25+00:00","description":"J\u00e4nkut\u00fcdruku heegeldamise \u00f5petus - armas Pitskrae j\u00e4nes pitsilise krae, lipsukeste ja kangast detailidega. \u00d5petus on eesti keeles.","breadcrumb":{"@id":"https:\/\/www.lilleliis.com\/et\/toode\/pitskrae-janes-muster\/#breadcrumb"},"inLanguage":"et","potentialAction":[{"@type":"ReadAction","target":["https:\/\/www.lilleliis.com\/et\/toode\/pitskrae-janes-muster\/"]}]},{"@type":"ImageObject","inLanguage":"et","@id":"https:\/\/www.lilleliis.com\/et\/toode\/pitskrae-janes-muster\/#primaryimage","url":"https:\/\/www.lilleliis.com\/wp-content\/uploads\/2016\/08\/lace-collar-bunny-9.jpg","contentUrl":"https:\/\/www.lilleliis.com\/wp-content\/uploads\/2016\/08\/lace-collar-bunny-9.jpg","width":1000,"height":1500,"caption":"heegeldatud pits-krae j\u00e4nes \u00f5petus"},{"@type":"BreadcrumbList","@id":"https:\/\/www.lilleliis.com\/et\/toode\/pitskrae-janes-muster\/#breadcrumb","itemListElement":[{"@type":"ListItem","position":1,"name":"Home","item":"https:\/\/www.lilleliis.com\/et\/"},{"@type":"ListItem","position":2,"name":"Pood","item":"https:\/\/www.lilleliis.com\/et\/shop\/"},{"@type":"ListItem","position":3,"name":"J\u00e4nkut\u00fcdruku heegeldamise \u00f5petus &#8211; Pits-krae j\u00e4nes"}]},{"@type":"WebSite","@id":"https:\/\/www.lilleliis.com\/et\/#website","url":"https:\/\/www.lilleliis.com\/et\/","name":"lilleliis","description":"Amigurumi m\u00e4nguasjad ja mustrid","potentialAction":[{"@type":"SearchAction","target":{"@type":"EntryPoint","urlTemplate":"https:\/\/www.lilleliis.com\/et\/?s={search_term_string}"},"query-input":{"@type":"PropertyValueSpecification","valueRequired":true,"valueName":"search_term_string"}}],"inLanguage":"et"}]}},"_links":{"self":[{"href":"https:\/\/www.lilleliis.com\/et\/wp-json\/wp\/v2\/product\/36601","targetHints":{"allow":["GET"]}}],"collection":[{"href":"https:\/\/www.lilleliis.com\/et\/wp-json\/wp\/v2\/product"}],"about":[{"href":"https:\/\/www.lilleliis.com\/et\/wp-json\/wp\/v2\/types\/product"}],"replies":[{"embeddable":true,"href":"https:\/\/www.lilleliis.com\/et\/wp-json\/wp\/v2\/comments?post=36601"}],"wp:featuredmedia":[{"embeddable":true,"href":"https:\/\/www.lilleliis.com\/et\/wp-json\/wp\/v2\/media\/43094"}],"wp:attachment":[{"href":"https:\/\/www.lilleliis.com\/et\/wp-json\/wp\/v2\/media?parent=36601"}],"wp:term":[{"taxonomy":"product_brand","embeddable":true,"href":"https:\/\/www.lilleliis.com\/et\/wp-json\/wp\/v2\/product_brand?post=36601"},{"taxonomy":"product_cat","embeddable":true,"href":"https:\/\/www.lilleliis.com\/et\/wp-json\/wp\/v2\/product_cat?post=36601"},{"taxonomy":"product_tag","embeddable":true,"href":"https:\/\/www.lilleliis.com\/et\/wp-json\/wp\/v2\/product_tag?post=36601"}],"curies":[{"name":"wp","href":"https:\/\/api.w.org\/{rel}","templated":true}]}}