{"id":37317,"date":"2025-10-16T15:35:45","date_gmt":"2025-10-16T12:35:45","guid":{"rendered":"http:\/\/www.lilleliis.com\/et\/toode\/naljanina-pakapikk-pdf-muster\/"},"modified":"2025-10-17T00:01:14","modified_gmt":"2025-10-16T21:01:14","slug":"naljanina-pakapikk-opetus","status":"publish","type":"product","link":"https:\/\/www.lilleliis.com\/et\/toode\/naljanina-pakapikk-opetus\/","title":{"rendered":"Naljanina p\u00e4kapikk &#8211; amigurumi muster"},"content":{"rendered":null,"protected":false},"excerpt":{"rendered":"<p>Naljanina p\u00e4kapikk pole mingi tilluke p\u00e4kapikuke. Ta on t\u00e4issuuruses nukk, keda v\u00e4ikelapsel on m\u00f5nus kaisutada. P\u00e4kapikk on r\u00f5\u00f5mus tegelane, kellega koos j\u00f5ulude saabumist oodata.<\/p>\n<p>Armsa ja s\u00f5braliku v\u00e4limusega Waldorf nukkudest inspireeritud p\u00e4kapikul on selga heegeldatud riided, m\u00fcts ja saapad. Salli saab \u00e4ra v\u00f5tta. See on hea lahendus just nende laste puhul, kes kipuvad nukkudel riided seljast kiskuma ja nad paljalt p\u00f5randale vedelema j\u00e4tma.<\/p>\n<hr \/>\n<p><span data-text-color=\"primary\">MUSTRIST<\/span><\/p>\n<p>Allalaetav ja lihtsasti j\u00e4lgitav k\u00e4sit\u00f6\u00f6 \u00f5petus (PDF fail). Juhend sisaldab samm-sammulist \u00f5petust eseme valmistamiseks ning hulgaliselt abistavaid fotosid.<\/p>\n<p>Keel: eesti, inglise, taani, hollandi<\/p>\n<p>\u00d5petuse raskusaste: keskmine<\/p>\n<p>Vajaminevad v\u00f5tted: kinnissilmus, poolsammas<\/p>\n<hr \/>\n<p><span data-text-color=\"primary\">SUURUS JA MATERJAL<\/span><\/p>\n<p>Suurus: 33 cm<\/p>\n<p>Valmistamiseks on kasutatud puuvillast l\u00f5nga ning heegeln\u00f5ela j\u00e4medusega 3,5 mm.<\/p>\n<hr \/>\n<p><span data-text-color=\"primary\">ABI JA COPYRIGHT<\/span><\/p>\n<p>K\u00fcsimuste korral saab abi\u00a0<a href=\"mailto:%20lilleliis@gmail.com\">e-posti teel<\/a>.<\/p>\n<p>\u00d5petuse j\u00e4rgi valmistatud esemeid v\u00f5ib m\u00fc\u00fca. \u00d5petust on keelatud jagada. Autori\u00f5igustega tutvu\u00a0<a href=\"https:\/\/www.lilleliis.com\/et\/autorioigused\/\" target=\"_blank\" rel=\"noopener\">siin<\/a>.<\/p>\n","protected":false},"featured_media":43010,"comment_status":"open","ping_status":"closed","template":"","meta":[],"product_brand":[],"product_cat":[95,128],"product_tag":[339],"class_list":{"0":"post-37317","1":"product","2":"type-product","3":"status-publish","4":"has-post-thumbnail","6":"product_cat-amigurumi-opetused","7":"product_cat-nuku-mustrid","8":"product_tag-joulud","9":"pa_pattern-language-eesti","10":"pa_pattern-language-hollandi","11":"pa_pattern-language-inglise","12":"pa_pattern-language-taani","13":"pa_pattern-skill-level-keskmine","15":"first","16":"instock","17":"sold-individually","18":"taxable","19":"shipping-taxable","20":"purchasable","21":"product-type-variable"},"yoast_head":"<!-- This site is optimized with the Yoast SEO plugin v27.3 - https:\/\/yoast.com\/product\/yoast-seo-wordpress\/ -->\n<title>Naljanina p\u00e4kapikk | heegeldatud p\u00e4kapiku \u00f5petus | lilleliis<\/title>\n<meta name=\"description\" content=\"Heegeldatud Naljanina p\u00e4kapikk \u00f5petus eesti keeles. Waldorf nukkudest inspireeritud p\u00e4kapikul on selga heegeldatud riided, m\u00fcts ja saapad.\" \/>\n<meta name=\"robots\" content=\"index, follow, max-snippet:-1, max-image-preview:large, max-video-preview:-1\" \/>\n<link rel=\"canonical\" href=\"https:\/\/www.lilleliis.com\/et\/toode\/naljanina-pakapikk-opetus\/\" \/>\n<meta property=\"og:locale\" content=\"et_EE\" \/>\n<meta property=\"og:type\" content=\"article\" \/>\n<meta property=\"og:title\" content=\"Naljanina p\u00e4kapikk | heegeldatud p\u00e4kapiku \u00f5petus | lilleliis\" \/>\n<meta property=\"og:description\" content=\"Heegeldatud Naljanina p\u00e4kapikk \u00f5petus eesti keeles. Waldorf nukkudest inspireeritud p\u00e4kapikul on selga heegeldatud riided, m\u00fcts ja saapad.\" \/>\n<meta property=\"og:url\" content=\"https:\/\/www.lilleliis.com\/et\/toode\/naljanina-pakapikk-opetus\/\" \/>\n<meta property=\"og:site_name\" content=\"lilleliis\" \/>\n<meta property=\"article:publisher\" content=\"https:\/\/www.facebook.com\/lilleliis-283266335035799\/\" \/>\n<meta property=\"article:modified_time\" content=\"2025-10-16T21:01:14+00:00\" \/>\n<meta property=\"og:image\" content=\"https:\/\/www.lilleliis.com\/wp-content\/uploads\/2016\/10\/amigurumi-gnome-pattern-lilleliis-7.jpg\" \/>\n\t<meta property=\"og:image:width\" content=\"1000\" \/>\n\t<meta property=\"og:image:height\" content=\"1500\" \/>\n\t<meta property=\"og:image:type\" content=\"image\/jpeg\" \/>\n<meta name=\"twitter:card\" content=\"summary_large_image\" \/>\n<meta name=\"twitter:label1\" content=\"Est. reading time\" \/>\n\t<meta name=\"twitter:data1\" content=\"1 minute\" \/>\n<script type=\"application\/ld+json\" class=\"yoast-schema-graph\">{\"@context\":\"https:\\\/\\\/schema.org\",\"@graph\":[{\"@type\":\"WebPage\",\"@id\":\"https:\\\/\\\/www.lilleliis.com\\\/et\\\/toode\\\/naljanina-pakapikk-opetus\\\/\",\"url\":\"https:\\\/\\\/www.lilleliis.com\\\/et\\\/toode\\\/naljanina-pakapikk-opetus\\\/\",\"name\":\"Naljanina p\u00e4kapikk | heegeldatud p\u00e4kapiku \u00f5petus | lilleliis\",\"isPartOf\":{\"@id\":\"https:\\\/\\\/www.lilleliis.com\\\/et\\\/#website\"},\"primaryImageOfPage\":{\"@id\":\"https:\\\/\\\/www.lilleliis.com\\\/et\\\/toode\\\/naljanina-pakapikk-opetus\\\/#primaryimage\"},\"image\":{\"@id\":\"https:\\\/\\\/www.lilleliis.com\\\/et\\\/toode\\\/naljanina-pakapikk-opetus\\\/#primaryimage\"},\"thumbnailUrl\":\"https:\\\/\\\/www.lilleliis.com\\\/wp-content\\\/uploads\\\/2016\\\/10\\\/amigurumi-gnome-pattern-lilleliis-7.jpg\",\"datePublished\":\"2025-10-16T12:35:45+00:00\",\"dateModified\":\"2025-10-16T21:01:14+00:00\",\"description\":\"Heegeldatud Naljanina p\u00e4kapikk \u00f5petus eesti keeles. Waldorf nukkudest inspireeritud p\u00e4kapikul on selga heegeldatud riided, m\u00fcts ja saapad.\",\"breadcrumb\":{\"@id\":\"https:\\\/\\\/www.lilleliis.com\\\/et\\\/toode\\\/naljanina-pakapikk-opetus\\\/#breadcrumb\"},\"inLanguage\":\"et\",\"potentialAction\":[{\"@type\":\"ReadAction\",\"target\":[\"https:\\\/\\\/www.lilleliis.com\\\/et\\\/toode\\\/naljanina-pakapikk-opetus\\\/\"]}]},{\"@type\":\"ImageObject\",\"inLanguage\":\"et\",\"@id\":\"https:\\\/\\\/www.lilleliis.com\\\/et\\\/toode\\\/naljanina-pakapikk-opetus\\\/#primaryimage\",\"url\":\"https:\\\/\\\/www.lilleliis.com\\\/wp-content\\\/uploads\\\/2016\\\/10\\\/amigurumi-gnome-pattern-lilleliis-7.jpg\",\"contentUrl\":\"https:\\\/\\\/www.lilleliis.com\\\/wp-content\\\/uploads\\\/2016\\\/10\\\/amigurumi-gnome-pattern-lilleliis-7.jpg\",\"width\":1000,\"height\":1500,\"caption\":\"heegeldatud p\u00e4kapikk \u00f5petus\"},{\"@type\":\"BreadcrumbList\",\"@id\":\"https:\\\/\\\/www.lilleliis.com\\\/et\\\/toode\\\/naljanina-pakapikk-opetus\\\/#breadcrumb\",\"itemListElement\":[{\"@type\":\"ListItem\",\"position\":1,\"name\":\"Home\",\"item\":\"https:\\\/\\\/www.lilleliis.com\\\/et\\\/\"},{\"@type\":\"ListItem\",\"position\":2,\"name\":\"Pood\",\"item\":\"https:\\\/\\\/www.lilleliis.com\\\/et\\\/shop\\\/\"},{\"@type\":\"ListItem\",\"position\":3,\"name\":\"Naljanina p\u00e4kapikk &#8211; amigurumi muster\"}]},{\"@type\":\"WebSite\",\"@id\":\"https:\\\/\\\/www.lilleliis.com\\\/et\\\/#website\",\"url\":\"https:\\\/\\\/www.lilleliis.com\\\/et\\\/\",\"name\":\"lilleliis\",\"description\":\"Amigurumi m\u00e4nguasjad ja mustrid\",\"potentialAction\":[{\"@type\":\"SearchAction\",\"target\":{\"@type\":\"EntryPoint\",\"urlTemplate\":\"https:\\\/\\\/www.lilleliis.com\\\/et\\\/?s={search_term_string}\"},\"query-input\":{\"@type\":\"PropertyValueSpecification\",\"valueRequired\":true,\"valueName\":\"search_term_string\"}}],\"inLanguage\":\"et\"}]}<\/script>\n<!-- \/ Yoast SEO plugin. -->","yoast_head_json":{"title":"Naljanina p\u00e4kapikk | heegeldatud p\u00e4kapiku \u00f5petus | lilleliis","description":"Heegeldatud Naljanina p\u00e4kapikk \u00f5petus eesti keeles. Waldorf nukkudest inspireeritud p\u00e4kapikul on selga heegeldatud riided, m\u00fcts ja saapad.","robots":{"index":"index","follow":"follow","max-snippet":"max-snippet:-1","max-image-preview":"max-image-preview:large","max-video-preview":"max-video-preview:-1"},"canonical":"https:\/\/www.lilleliis.com\/et\/toode\/naljanina-pakapikk-opetus\/","og_locale":"et_EE","og_type":"article","og_title":"Naljanina p\u00e4kapikk | heegeldatud p\u00e4kapiku \u00f5petus | lilleliis","og_description":"Heegeldatud Naljanina p\u00e4kapikk \u00f5petus eesti keeles. Waldorf nukkudest inspireeritud p\u00e4kapikul on selga heegeldatud riided, m\u00fcts ja saapad.","og_url":"https:\/\/www.lilleliis.com\/et\/toode\/naljanina-pakapikk-opetus\/","og_site_name":"lilleliis","article_publisher":"https:\/\/www.facebook.com\/lilleliis-283266335035799\/","article_modified_time":"2025-10-16T21:01:14+00:00","og_image":[{"width":1000,"height":1500,"url":"https:\/\/www.lilleliis.com\/wp-content\/uploads\/2016\/10\/amigurumi-gnome-pattern-lilleliis-7.jpg","type":"image\/jpeg"}],"twitter_card":"summary_large_image","twitter_misc":{"Est. reading time":"1 minute"},"schema":{"@context":"https:\/\/schema.org","@graph":[{"@type":"WebPage","@id":"https:\/\/www.lilleliis.com\/et\/toode\/naljanina-pakapikk-opetus\/","url":"https:\/\/www.lilleliis.com\/et\/toode\/naljanina-pakapikk-opetus\/","name":"Naljanina p\u00e4kapikk | heegeldatud p\u00e4kapiku \u00f5petus | lilleliis","isPartOf":{"@id":"https:\/\/www.lilleliis.com\/et\/#website"},"primaryImageOfPage":{"@id":"https:\/\/www.lilleliis.com\/et\/toode\/naljanina-pakapikk-opetus\/#primaryimage"},"image":{"@id":"https:\/\/www.lilleliis.com\/et\/toode\/naljanina-pakapikk-opetus\/#primaryimage"},"thumbnailUrl":"https:\/\/www.lilleliis.com\/wp-content\/uploads\/2016\/10\/amigurumi-gnome-pattern-lilleliis-7.jpg","datePublished":"2025-10-16T12:35:45+00:00","dateModified":"2025-10-16T21:01:14+00:00","description":"Heegeldatud Naljanina p\u00e4kapikk \u00f5petus eesti keeles. Waldorf nukkudest inspireeritud p\u00e4kapikul on selga heegeldatud riided, m\u00fcts ja saapad.","breadcrumb":{"@id":"https:\/\/www.lilleliis.com\/et\/toode\/naljanina-pakapikk-opetus\/#breadcrumb"},"inLanguage":"et","potentialAction":[{"@type":"ReadAction","target":["https:\/\/www.lilleliis.com\/et\/toode\/naljanina-pakapikk-opetus\/"]}]},{"@type":"ImageObject","inLanguage":"et","@id":"https:\/\/www.lilleliis.com\/et\/toode\/naljanina-pakapikk-opetus\/#primaryimage","url":"https:\/\/www.lilleliis.com\/wp-content\/uploads\/2016\/10\/amigurumi-gnome-pattern-lilleliis-7.jpg","contentUrl":"https:\/\/www.lilleliis.com\/wp-content\/uploads\/2016\/10\/amigurumi-gnome-pattern-lilleliis-7.jpg","width":1000,"height":1500,"caption":"heegeldatud p\u00e4kapikk \u00f5petus"},{"@type":"BreadcrumbList","@id":"https:\/\/www.lilleliis.com\/et\/toode\/naljanina-pakapikk-opetus\/#breadcrumb","itemListElement":[{"@type":"ListItem","position":1,"name":"Home","item":"https:\/\/www.lilleliis.com\/et\/"},{"@type":"ListItem","position":2,"name":"Pood","item":"https:\/\/www.lilleliis.com\/et\/shop\/"},{"@type":"ListItem","position":3,"name":"Naljanina p\u00e4kapikk &#8211; amigurumi muster"}]},{"@type":"WebSite","@id":"https:\/\/www.lilleliis.com\/et\/#website","url":"https:\/\/www.lilleliis.com\/et\/","name":"lilleliis","description":"Amigurumi m\u00e4nguasjad ja mustrid","potentialAction":[{"@type":"SearchAction","target":{"@type":"EntryPoint","urlTemplate":"https:\/\/www.lilleliis.com\/et\/?s={search_term_string}"},"query-input":{"@type":"PropertyValueSpecification","valueRequired":true,"valueName":"search_term_string"}}],"inLanguage":"et"}]}},"_links":{"self":[{"href":"https:\/\/www.lilleliis.com\/et\/wp-json\/wp\/v2\/product\/37317","targetHints":{"allow":["GET"]}}],"collection":[{"href":"https:\/\/www.lilleliis.com\/et\/wp-json\/wp\/v2\/product"}],"about":[{"href":"https:\/\/www.lilleliis.com\/et\/wp-json\/wp\/v2\/types\/product"}],"replies":[{"embeddable":true,"href":"https:\/\/www.lilleliis.com\/et\/wp-json\/wp\/v2\/comments?post=37317"}],"wp:featuredmedia":[{"embeddable":true,"href":"https:\/\/www.lilleliis.com\/et\/wp-json\/wp\/v2\/media\/43010"}],"wp:attachment":[{"href":"https:\/\/www.lilleliis.com\/et\/wp-json\/wp\/v2\/media?parent=37317"}],"wp:term":[{"taxonomy":"product_brand","embeddable":true,"href":"https:\/\/www.lilleliis.com\/et\/wp-json\/wp\/v2\/product_brand?post=37317"},{"taxonomy":"product_cat","embeddable":true,"href":"https:\/\/www.lilleliis.com\/et\/wp-json\/wp\/v2\/product_cat?post=37317"},{"taxonomy":"product_tag","embeddable":true,"href":"https:\/\/www.lilleliis.com\/et\/wp-json\/wp\/v2\/product_tag?post=37317"}],"curies":[{"name":"wp","href":"https:\/\/api.w.org\/{rel}","templated":true}]}}