{"id":38245,"date":"2025-07-18T22:30:33","date_gmt":"2016-11-16T18:55:12","guid":{"rendered":"http:\/\/www.lilleliis.com\/et\/?post_type=product&#038;p=38245"},"modified":"2026-01-31T00:00:14","modified_gmt":"2026-01-30T22:00:14","slug":"pisike-ingliplika-amigurumi-muster","status":"publish","type":"product","link":"https:\/\/www.lilleliis.com\/et\/toode\/pisike-ingliplika-amigurumi-muster\/","title":{"rendered":"Pisike ingliplika &#8211; amigurumi muster"},"content":{"rendered":null,"protected":false},"excerpt":{"rendered":"<p>Tee ise heegeldatud ingel. Pisike ingliplika on v\u00f5luv ja habras. T\u00e4nu peenikesele kehale meenutab ta inglitiibadega pabernukku.<\/p>\n<p>Vaata k\u00f5iki neid pisikesi detaile, mis teda kaunistavad \u2013 kuldniidiga ehitud tiivad, kaunid l\u00f5ngast patsid, tikitud p\u00f5sed, helkivad helmed kleidil.<\/p>\n<p>See keeruka raskusastme \u00f5petus selgitab rohkete piltide abil, kuidas valmistada Waldorf nukkudele t\u00fc\u00fcpilisi juukseid ning heegeldada pead ja keha \u00fches t\u00fckis.<\/p>\n<hr \/>\n<p><span data-text-color=\"primary\">MUSTRIST<\/span><\/p>\n<p>Allalaetav ja lihtsasti j\u00e4lgitav k\u00e4sit\u00f6\u00f6 \u00f5petus (PDF fail). Juhend sisaldab samm-sammulist \u00f5petust eseme valmistamiseks ning hulgaliselt abistavaid fotosid.<\/p>\n<p>Keel: eesti, inglise, hollandi, taani<\/p>\n<p>\u00d5petuse raskusaste: keeruline<\/p>\n<p>Vajaminevad v\u00f5tted: kinnissilmus, poolsammas, \u00fchekordne sammas<\/p>\n<hr \/>\n<p><span data-text-color=\"primary\">SUURUS JA MATERJAL<\/span><\/p>\n<p>Suurus: 22 cm<\/p>\n<p>Valmistamiseks on kasutatud puuvillast ja moh\u00e4\u00e4r l\u00f5nga ning heegeln\u00f5ela j\u00e4medusega 3 mm.<\/p>\n<hr \/>\n<p><span data-text-color=\"primary\">ABI JA COPYRIGHT<\/span><\/p>\n<p>K\u00fcsimuste korral saab abi\u00a0<a href=\"mailto:%20lilleliis@gmail.com\">e-posti teel<\/a>.<\/p>\n<p>\u00d5petuse j\u00e4rgi valmistatud esemeid v\u00f5ib m\u00fc\u00fca. \u00d5petust on keelatud jagada. Autori\u00f5igustega tutvu\u00a0<a href=\"https:\/\/www.lilleliis.com\/et\/autorioigused\/\" target=\"_blank\" rel=\"noopener\">siin<\/a>.<\/p>\n","protected":false},"featured_media":57389,"comment_status":"open","ping_status":"closed","template":"","meta":[],"product_brand":[],"product_cat":[95,128],"product_tag":[339,122],"class_list":{"0":"post-38245","1":"product","2":"type-product","3":"status-publish","4":"has-post-thumbnail","6":"product_cat-amigurumi-opetused","7":"product_cat-nuku-mustrid","8":"product_tag-joulud","9":"product_tag-tudrukutele","10":"pa_pattern-language-eesti","11":"pa_pattern-language-hollandi","12":"pa_pattern-language-inglise","13":"pa_pattern-language-taani","14":"pa_pattern-skill-level-keeruline","16":"first","17":"instock","18":"sold-individually","19":"taxable","20":"shipping-taxable","21":"purchasable","22":"product-type-variable"},"yoast_head":"<!-- This site is optimized with the Yoast SEO plugin v27.3 - https:\/\/yoast.com\/product\/yoast-seo-wordpress\/ -->\n<title>Pisike ingliplika | Amigurumi muster heegeldatud ingel | lilleliis<\/title>\n<meta name=\"description\" content=\"Valmista ise heegeldatud ingel. Pisikese ingliplika muster on eesti keeles ja selle j\u00e4rgi valmib imeliselt kaunis nukk.\" \/>\n<meta name=\"robots\" content=\"index, follow, max-snippet:-1, max-image-preview:large, max-video-preview:-1\" \/>\n<link rel=\"canonical\" href=\"https:\/\/www.lilleliis.com\/et\/toode\/pisike-ingliplika-amigurumi-muster\/\" \/>\n<meta property=\"og:locale\" content=\"et_EE\" \/>\n<meta property=\"og:type\" content=\"article\" \/>\n<meta property=\"og:title\" content=\"Pisike ingliplika | Amigurumi muster heegeldatud ingel | lilleliis\" \/>\n<meta property=\"og:description\" content=\"Valmista ise heegeldatud ingel. Pisikese ingliplika muster on eesti keeles ja selle j\u00e4rgi valmib imeliselt kaunis nukk.\" \/>\n<meta property=\"og:url\" content=\"https:\/\/www.lilleliis.com\/et\/toode\/pisike-ingliplika-amigurumi-muster\/\" \/>\n<meta property=\"og:site_name\" content=\"lilleliis\" \/>\n<meta property=\"article:publisher\" content=\"https:\/\/www.facebook.com\/lilleliis-283266335035799\/\" \/>\n<meta property=\"article:modified_time\" content=\"2026-01-30T22:00:14+00:00\" \/>\n<meta property=\"og:image\" content=\"https:\/\/www.lilleliis.com\/wp-content\/uploads\/2019\/11\/amigurumi-crochet-angel-doll-6.jpg\" \/>\n\t<meta property=\"og:image:width\" content=\"1000\" \/>\n\t<meta property=\"og:image:height\" content=\"1500\" \/>\n\t<meta property=\"og:image:type\" content=\"image\/jpeg\" \/>\n<meta name=\"twitter:card\" content=\"summary_large_image\" \/>\n<script type=\"application\/ld+json\" class=\"yoast-schema-graph\">{\"@context\":\"https:\\\/\\\/schema.org\",\"@graph\":[{\"@type\":\"WebPage\",\"@id\":\"https:\\\/\\\/www.lilleliis.com\\\/et\\\/toode\\\/pisike-ingliplika-amigurumi-muster\\\/\",\"url\":\"https:\\\/\\\/www.lilleliis.com\\\/et\\\/toode\\\/pisike-ingliplika-amigurumi-muster\\\/\",\"name\":\"Pisike ingliplika | Amigurumi muster heegeldatud ingel | lilleliis\",\"isPartOf\":{\"@id\":\"https:\\\/\\\/www.lilleliis.com\\\/et\\\/#website\"},\"primaryImageOfPage\":{\"@id\":\"https:\\\/\\\/www.lilleliis.com\\\/et\\\/toode\\\/pisike-ingliplika-amigurumi-muster\\\/#primaryimage\"},\"image\":{\"@id\":\"https:\\\/\\\/www.lilleliis.com\\\/et\\\/toode\\\/pisike-ingliplika-amigurumi-muster\\\/#primaryimage\"},\"thumbnailUrl\":\"https:\\\/\\\/www.lilleliis.com\\\/wp-content\\\/uploads\\\/2019\\\/11\\\/amigurumi-crochet-angel-doll-6.jpg\",\"datePublished\":\"2016-11-16T18:55:12+00:00\",\"dateModified\":\"2026-01-30T22:00:14+00:00\",\"description\":\"Valmista ise heegeldatud ingel. Pisikese ingliplika muster on eesti keeles ja selle j\u00e4rgi valmib imeliselt kaunis nukk.\",\"breadcrumb\":{\"@id\":\"https:\\\/\\\/www.lilleliis.com\\\/et\\\/toode\\\/pisike-ingliplika-amigurumi-muster\\\/#breadcrumb\"},\"inLanguage\":\"et\",\"potentialAction\":[{\"@type\":\"ReadAction\",\"target\":[\"https:\\\/\\\/www.lilleliis.com\\\/et\\\/toode\\\/pisike-ingliplika-amigurumi-muster\\\/\"]}]},{\"@type\":\"ImageObject\",\"inLanguage\":\"et\",\"@id\":\"https:\\\/\\\/www.lilleliis.com\\\/et\\\/toode\\\/pisike-ingliplika-amigurumi-muster\\\/#primaryimage\",\"url\":\"https:\\\/\\\/www.lilleliis.com\\\/wp-content\\\/uploads\\\/2019\\\/11\\\/amigurumi-crochet-angel-doll-6.jpg\",\"contentUrl\":\"https:\\\/\\\/www.lilleliis.com\\\/wp-content\\\/uploads\\\/2019\\\/11\\\/amigurumi-crochet-angel-doll-6.jpg\",\"width\":1000,\"height\":1500,\"caption\":\"heegeldatud j\u00f5uluingel\"},{\"@type\":\"BreadcrumbList\",\"@id\":\"https:\\\/\\\/www.lilleliis.com\\\/et\\\/toode\\\/pisike-ingliplika-amigurumi-muster\\\/#breadcrumb\",\"itemListElement\":[{\"@type\":\"ListItem\",\"position\":1,\"name\":\"Home\",\"item\":\"https:\\\/\\\/www.lilleliis.com\\\/et\\\/\"},{\"@type\":\"ListItem\",\"position\":2,\"name\":\"Pood\",\"item\":\"https:\\\/\\\/www.lilleliis.com\\\/et\\\/shop\\\/\"},{\"@type\":\"ListItem\",\"position\":3,\"name\":\"Pisike ingliplika &#8211; amigurumi muster\"}]},{\"@type\":\"WebSite\",\"@id\":\"https:\\\/\\\/www.lilleliis.com\\\/et\\\/#website\",\"url\":\"https:\\\/\\\/www.lilleliis.com\\\/et\\\/\",\"name\":\"lilleliis\",\"description\":\"Amigurumi m\u00e4nguasjad ja mustrid\",\"potentialAction\":[{\"@type\":\"SearchAction\",\"target\":{\"@type\":\"EntryPoint\",\"urlTemplate\":\"https:\\\/\\\/www.lilleliis.com\\\/et\\\/?s={search_term_string}\"},\"query-input\":{\"@type\":\"PropertyValueSpecification\",\"valueRequired\":true,\"valueName\":\"search_term_string\"}}],\"inLanguage\":\"et\"}]}<\/script>\n<!-- \/ Yoast SEO plugin. -->","yoast_head_json":{"title":"Pisike ingliplika | Amigurumi muster heegeldatud ingel | lilleliis","description":"Valmista ise heegeldatud ingel. Pisikese ingliplika muster on eesti keeles ja selle j\u00e4rgi valmib imeliselt kaunis nukk.","robots":{"index":"index","follow":"follow","max-snippet":"max-snippet:-1","max-image-preview":"max-image-preview:large","max-video-preview":"max-video-preview:-1"},"canonical":"https:\/\/www.lilleliis.com\/et\/toode\/pisike-ingliplika-amigurumi-muster\/","og_locale":"et_EE","og_type":"article","og_title":"Pisike ingliplika | Amigurumi muster heegeldatud ingel | lilleliis","og_description":"Valmista ise heegeldatud ingel. Pisikese ingliplika muster on eesti keeles ja selle j\u00e4rgi valmib imeliselt kaunis nukk.","og_url":"https:\/\/www.lilleliis.com\/et\/toode\/pisike-ingliplika-amigurumi-muster\/","og_site_name":"lilleliis","article_publisher":"https:\/\/www.facebook.com\/lilleliis-283266335035799\/","article_modified_time":"2026-01-30T22:00:14+00:00","og_image":[{"width":1000,"height":1500,"url":"https:\/\/www.lilleliis.com\/wp-content\/uploads\/2019\/11\/amigurumi-crochet-angel-doll-6.jpg","type":"image\/jpeg"}],"twitter_card":"summary_large_image","schema":{"@context":"https:\/\/schema.org","@graph":[{"@type":"WebPage","@id":"https:\/\/www.lilleliis.com\/et\/toode\/pisike-ingliplika-amigurumi-muster\/","url":"https:\/\/www.lilleliis.com\/et\/toode\/pisike-ingliplika-amigurumi-muster\/","name":"Pisike ingliplika | Amigurumi muster heegeldatud ingel | lilleliis","isPartOf":{"@id":"https:\/\/www.lilleliis.com\/et\/#website"},"primaryImageOfPage":{"@id":"https:\/\/www.lilleliis.com\/et\/toode\/pisike-ingliplika-amigurumi-muster\/#primaryimage"},"image":{"@id":"https:\/\/www.lilleliis.com\/et\/toode\/pisike-ingliplika-amigurumi-muster\/#primaryimage"},"thumbnailUrl":"https:\/\/www.lilleliis.com\/wp-content\/uploads\/2019\/11\/amigurumi-crochet-angel-doll-6.jpg","datePublished":"2016-11-16T18:55:12+00:00","dateModified":"2026-01-30T22:00:14+00:00","description":"Valmista ise heegeldatud ingel. Pisikese ingliplika muster on eesti keeles ja selle j\u00e4rgi valmib imeliselt kaunis nukk.","breadcrumb":{"@id":"https:\/\/www.lilleliis.com\/et\/toode\/pisike-ingliplika-amigurumi-muster\/#breadcrumb"},"inLanguage":"et","potentialAction":[{"@type":"ReadAction","target":["https:\/\/www.lilleliis.com\/et\/toode\/pisike-ingliplika-amigurumi-muster\/"]}]},{"@type":"ImageObject","inLanguage":"et","@id":"https:\/\/www.lilleliis.com\/et\/toode\/pisike-ingliplika-amigurumi-muster\/#primaryimage","url":"https:\/\/www.lilleliis.com\/wp-content\/uploads\/2019\/11\/amigurumi-crochet-angel-doll-6.jpg","contentUrl":"https:\/\/www.lilleliis.com\/wp-content\/uploads\/2019\/11\/amigurumi-crochet-angel-doll-6.jpg","width":1000,"height":1500,"caption":"heegeldatud j\u00f5uluingel"},{"@type":"BreadcrumbList","@id":"https:\/\/www.lilleliis.com\/et\/toode\/pisike-ingliplika-amigurumi-muster\/#breadcrumb","itemListElement":[{"@type":"ListItem","position":1,"name":"Home","item":"https:\/\/www.lilleliis.com\/et\/"},{"@type":"ListItem","position":2,"name":"Pood","item":"https:\/\/www.lilleliis.com\/et\/shop\/"},{"@type":"ListItem","position":3,"name":"Pisike ingliplika &#8211; amigurumi muster"}]},{"@type":"WebSite","@id":"https:\/\/www.lilleliis.com\/et\/#website","url":"https:\/\/www.lilleliis.com\/et\/","name":"lilleliis","description":"Amigurumi m\u00e4nguasjad ja mustrid","potentialAction":[{"@type":"SearchAction","target":{"@type":"EntryPoint","urlTemplate":"https:\/\/www.lilleliis.com\/et\/?s={search_term_string}"},"query-input":{"@type":"PropertyValueSpecification","valueRequired":true,"valueName":"search_term_string"}}],"inLanguage":"et"}]}},"_links":{"self":[{"href":"https:\/\/www.lilleliis.com\/et\/wp-json\/wp\/v2\/product\/38245","targetHints":{"allow":["GET"]}}],"collection":[{"href":"https:\/\/www.lilleliis.com\/et\/wp-json\/wp\/v2\/product"}],"about":[{"href":"https:\/\/www.lilleliis.com\/et\/wp-json\/wp\/v2\/types\/product"}],"replies":[{"embeddable":true,"href":"https:\/\/www.lilleliis.com\/et\/wp-json\/wp\/v2\/comments?post=38245"}],"wp:featuredmedia":[{"embeddable":true,"href":"https:\/\/www.lilleliis.com\/et\/wp-json\/wp\/v2\/media\/57389"}],"wp:attachment":[{"href":"https:\/\/www.lilleliis.com\/et\/wp-json\/wp\/v2\/media?parent=38245"}],"wp:term":[{"taxonomy":"product_brand","embeddable":true,"href":"https:\/\/www.lilleliis.com\/et\/wp-json\/wp\/v2\/product_brand?post=38245"},{"taxonomy":"product_cat","embeddable":true,"href":"https:\/\/www.lilleliis.com\/et\/wp-json\/wp\/v2\/product_cat?post=38245"},{"taxonomy":"product_tag","embeddable":true,"href":"https:\/\/www.lilleliis.com\/et\/wp-json\/wp\/v2\/product_tag?post=38245"}],"curies":[{"name":"wp","href":"https:\/\/api.w.org\/{rel}","templated":true}]}}