{"id":38762,"date":"2025-12-15T20:25:39","date_gmt":"2025-12-15T18:25:39","guid":{"rendered":"http:\/\/www.lilleliis.com\/et\/toode\/laiskvorst-karu-pdf-muster\/"},"modified":"2026-02-02T11:38:53","modified_gmt":"2026-02-02T09:38:53","slug":"laiskvorst-karu-amigurumi-muster","status":"publish","type":"product","link":"https:\/\/www.lilleliis.com\/et\/toode\/laiskvorst-karu-amigurumi-muster\/","title":{"rendered":"Laiskvorst karu &#8211; amigurumi muster (ENG)"},"content":{"rendered":null,"protected":false},"excerpt":{"rendered":"<p>Laiskvorst karu amigurumi muster on loodud m\u00f5eldes k\u00f5igile neile m\u00e4nguasja heegeldajatele, kellele ei meeldi detailide kokku\u00f5mblemine.<\/p>\n<p>Karu keha on heegeldatud \u00fches t\u00fckis, alustades jalgadest ja l\u00f5petades k\u00f5rvadega. K\u00e4igepealt heegeldatakse talle selga vahva triibuline kampsun, oma kohale lisatakse armsad kurblikud silmad. Hiljem lisatakse k\u00e4pad ja kampsunile krae, kinnitatakse koon ja tikitakse nina.<\/p>\n<p>Mina kutsun Laiskvorsti \u00fche \u00f5htu karuks, sest selle heegeldamine on lihtne ja l\u00f5bus.<\/p>\n<p>Oma mureliku n\u00e4o ja armsa triibulise kampsuniga sulatab see karu k\u00f5igi s\u00fcdame!<\/p>\n<hr \/>\n<p><span data-text-color=\"primary\">MUSTRIST<\/span><\/p>\n<p>Allalaetav ja lihtsasti j\u00e4lgitav k\u00e4sit\u00f6\u00f6 \u00f5petus (PDF fail). 13-lehek\u00fcljeline juhend sisaldab samm-sammulist \u00f5petust ning hulgaliselt fotosid, mis muudavad valmistamise protsessi nauditavaks.<\/p>\n<p>Keel: inglise (US), hollandi, hispaania<\/p>\n<p>\u00d5petuse raskusaste: keskmine<\/p>\n<p>Vajaminevad v\u00f5tted: kinnissilmust, \u00fchekordne sammas<\/p>\n<hr \/>\n<p><span data-text-color=\"primary\">SUURUS JA MATERJAL<\/span><\/p>\n<p>Suurus: 23 cm<\/p>\n<p>Valmistamiseks on kasutatud DK j\u00e4meduses \u0161enill-l\u00f5nga ja puuvillast l\u00f5nga ning heegeln\u00f5ela j\u00e4medusega 3,5 mm.<\/p>\n<hr \/>\n<p><span data-text-color=\"primary\">ABI JA COPYRIGHT<\/span><\/p>\n<p>K\u00fcsimuste korral saab abi\u00a0<a href=\"mailto:%20lilleliis@gmail.com\">e-posti teel<\/a>.<\/p>\n<p>\u00d5petuse j\u00e4rgi valmistatud esemeid v\u00f5ib m\u00fc\u00fca. \u00d5petust on keelatud jagada. Autori\u00f5igustega tutvu\u00a0<a href=\"https:\/\/www.lilleliis.com\/et\/autorioigused\/\" target=\"_blank\" rel=\"noopener\">siin<\/a>.<\/p>\n","protected":false},"featured_media":43116,"comment_status":"open","ping_status":"closed","template":"","meta":[],"product_brand":[],"product_cat":[95,149],"product_tag":[172],"class_list":{"0":"post-38762","1":"product","2":"type-product","3":"status-publish","4":"has-post-thumbnail","6":"product_cat-amigurumi-opetused","7":"product_cat-kaisukaru-mustrid","8":"product_tag-poistele","9":"pa_pattern-language-hispaania","10":"pa_pattern-language-hollandi","11":"pa_pattern-language-inglise","12":"pa_pattern-skill-level-keskmine","14":"first","15":"instock","16":"sold-individually","17":"taxable","18":"shipping-taxable","19":"purchasable","20":"product-type-variable"},"yoast_head":"<!-- This site is optimized with the Yoast SEO plugin v27.3 - https:\/\/yoast.com\/product\/yoast-seo-wordpress\/ -->\n<title>Lazybones karu muster | Amigurumi heegeldamise \u00f5petus | lilleliis<\/title>\n<meta name=\"description\" content=\"Lazybones karu muster on ideaalne neile, kellele ei meeldi t\u00fckke kokku \u00f5mmelda. Lihtne ja l\u00f5bus teha, \u00fche \u00f5htu karu.\" \/>\n<meta name=\"robots\" content=\"index, follow, max-snippet:-1, max-image-preview:large, max-video-preview:-1\" \/>\n<link rel=\"canonical\" href=\"https:\/\/www.lilleliis.com\/et\/toode\/laiskvorst-karu-amigurumi-muster\/\" \/>\n<meta property=\"og:locale\" content=\"et_EE\" \/>\n<meta property=\"og:type\" content=\"article\" \/>\n<meta property=\"og:title\" content=\"Lazybones karu muster | Amigurumi heegeldamise \u00f5petus | lilleliis\" \/>\n<meta property=\"og:description\" content=\"Lazybones karu muster on ideaalne neile, kellele ei meeldi t\u00fckke kokku \u00f5mmelda. Lihtne ja l\u00f5bus teha, \u00fche \u00f5htu karu.\" \/>\n<meta property=\"og:url\" content=\"https:\/\/www.lilleliis.com\/et\/toode\/laiskvorst-karu-amigurumi-muster\/\" \/>\n<meta property=\"og:site_name\" content=\"lilleliis\" \/>\n<meta property=\"article:publisher\" content=\"https:\/\/www.facebook.com\/lilleliis-283266335035799\/\" \/>\n<meta property=\"article:modified_time\" content=\"2026-02-02T09:38:53+00:00\" \/>\n<meta property=\"og:image\" content=\"https:\/\/www.lilleliis.com\/wp-content\/uploads\/2016\/12\/DSC_0979.jpg\" \/>\n\t<meta property=\"og:image:width\" content=\"1500\" \/>\n\t<meta property=\"og:image:height\" content=\"1000\" \/>\n\t<meta property=\"og:image:type\" content=\"image\/jpeg\" \/>\n<meta name=\"twitter:card\" content=\"summary_large_image\" \/>\n<meta name=\"twitter:label1\" content=\"Est. reading time\" \/>\n\t<meta name=\"twitter:data1\" content=\"1 minute\" \/>\n<script type=\"application\/ld+json\" class=\"yoast-schema-graph\">{\"@context\":\"https:\\\/\\\/schema.org\",\"@graph\":[{\"@type\":\"WebPage\",\"@id\":\"https:\\\/\\\/www.lilleliis.com\\\/et\\\/toode\\\/laiskvorst-karu-amigurumi-muster\\\/\",\"url\":\"https:\\\/\\\/www.lilleliis.com\\\/et\\\/toode\\\/laiskvorst-karu-amigurumi-muster\\\/\",\"name\":\"Lazybones karu muster | Amigurumi heegeldamise \u00f5petus | lilleliis\",\"isPartOf\":{\"@id\":\"https:\\\/\\\/www.lilleliis.com\\\/et\\\/#website\"},\"primaryImageOfPage\":{\"@id\":\"https:\\\/\\\/www.lilleliis.com\\\/et\\\/toode\\\/laiskvorst-karu-amigurumi-muster\\\/#primaryimage\"},\"image\":{\"@id\":\"https:\\\/\\\/www.lilleliis.com\\\/et\\\/toode\\\/laiskvorst-karu-amigurumi-muster\\\/#primaryimage\"},\"thumbnailUrl\":\"https:\\\/\\\/www.lilleliis.com\\\/wp-content\\\/uploads\\\/2016\\\/12\\\/DSC_0979.jpg\",\"datePublished\":\"2025-12-15T18:25:39+00:00\",\"dateModified\":\"2026-02-02T09:38:53+00:00\",\"description\":\"Lazybones karu muster on ideaalne neile, kellele ei meeldi t\u00fckke kokku \u00f5mmelda. Lihtne ja l\u00f5bus teha, \u00fche \u00f5htu karu.\",\"breadcrumb\":{\"@id\":\"https:\\\/\\\/www.lilleliis.com\\\/et\\\/toode\\\/laiskvorst-karu-amigurumi-muster\\\/#breadcrumb\"},\"inLanguage\":\"et\",\"potentialAction\":[{\"@type\":\"ReadAction\",\"target\":[\"https:\\\/\\\/www.lilleliis.com\\\/et\\\/toode\\\/laiskvorst-karu-amigurumi-muster\\\/\"]}]},{\"@type\":\"ImageObject\",\"inLanguage\":\"et\",\"@id\":\"https:\\\/\\\/www.lilleliis.com\\\/et\\\/toode\\\/laiskvorst-karu-amigurumi-muster\\\/#primaryimage\",\"url\":\"https:\\\/\\\/www.lilleliis.com\\\/wp-content\\\/uploads\\\/2016\\\/12\\\/DSC_0979.jpg\",\"contentUrl\":\"https:\\\/\\\/www.lilleliis.com\\\/wp-content\\\/uploads\\\/2016\\\/12\\\/DSC_0979.jpg\",\"width\":1500,\"height\":1000,\"caption\":\"laiskvorst karu amigurumi muster\"},{\"@type\":\"BreadcrumbList\",\"@id\":\"https:\\\/\\\/www.lilleliis.com\\\/et\\\/toode\\\/laiskvorst-karu-amigurumi-muster\\\/#breadcrumb\",\"itemListElement\":[{\"@type\":\"ListItem\",\"position\":1,\"name\":\"Home\",\"item\":\"https:\\\/\\\/www.lilleliis.com\\\/et\\\/\"},{\"@type\":\"ListItem\",\"position\":2,\"name\":\"Pood\",\"item\":\"https:\\\/\\\/www.lilleliis.com\\\/et\\\/shop\\\/\"},{\"@type\":\"ListItem\",\"position\":3,\"name\":\"Laiskvorst karu &#8211; amigurumi muster (ENG)\"}]},{\"@type\":\"WebSite\",\"@id\":\"https:\\\/\\\/www.lilleliis.com\\\/et\\\/#website\",\"url\":\"https:\\\/\\\/www.lilleliis.com\\\/et\\\/\",\"name\":\"lilleliis\",\"description\":\"Amigurumi m\u00e4nguasjad ja mustrid\",\"potentialAction\":[{\"@type\":\"SearchAction\",\"target\":{\"@type\":\"EntryPoint\",\"urlTemplate\":\"https:\\\/\\\/www.lilleliis.com\\\/et\\\/?s={search_term_string}\"},\"query-input\":{\"@type\":\"PropertyValueSpecification\",\"valueRequired\":true,\"valueName\":\"search_term_string\"}}],\"inLanguage\":\"et\"}]}<\/script>\n<!-- \/ Yoast SEO plugin. -->","yoast_head_json":{"title":"Lazybones karu muster | Amigurumi heegeldamise \u00f5petus | lilleliis","description":"Lazybones karu muster on ideaalne neile, kellele ei meeldi t\u00fckke kokku \u00f5mmelda. Lihtne ja l\u00f5bus teha, \u00fche \u00f5htu karu.","robots":{"index":"index","follow":"follow","max-snippet":"max-snippet:-1","max-image-preview":"max-image-preview:large","max-video-preview":"max-video-preview:-1"},"canonical":"https:\/\/www.lilleliis.com\/et\/toode\/laiskvorst-karu-amigurumi-muster\/","og_locale":"et_EE","og_type":"article","og_title":"Lazybones karu muster | Amigurumi heegeldamise \u00f5petus | lilleliis","og_description":"Lazybones karu muster on ideaalne neile, kellele ei meeldi t\u00fckke kokku \u00f5mmelda. Lihtne ja l\u00f5bus teha, \u00fche \u00f5htu karu.","og_url":"https:\/\/www.lilleliis.com\/et\/toode\/laiskvorst-karu-amigurumi-muster\/","og_site_name":"lilleliis","article_publisher":"https:\/\/www.facebook.com\/lilleliis-283266335035799\/","article_modified_time":"2026-02-02T09:38:53+00:00","og_image":[{"width":1500,"height":1000,"url":"https:\/\/www.lilleliis.com\/wp-content\/uploads\/2016\/12\/DSC_0979.jpg","type":"image\/jpeg"}],"twitter_card":"summary_large_image","twitter_misc":{"Est. reading time":"1 minute"},"schema":{"@context":"https:\/\/schema.org","@graph":[{"@type":"WebPage","@id":"https:\/\/www.lilleliis.com\/et\/toode\/laiskvorst-karu-amigurumi-muster\/","url":"https:\/\/www.lilleliis.com\/et\/toode\/laiskvorst-karu-amigurumi-muster\/","name":"Lazybones karu muster | Amigurumi heegeldamise \u00f5petus | lilleliis","isPartOf":{"@id":"https:\/\/www.lilleliis.com\/et\/#website"},"primaryImageOfPage":{"@id":"https:\/\/www.lilleliis.com\/et\/toode\/laiskvorst-karu-amigurumi-muster\/#primaryimage"},"image":{"@id":"https:\/\/www.lilleliis.com\/et\/toode\/laiskvorst-karu-amigurumi-muster\/#primaryimage"},"thumbnailUrl":"https:\/\/www.lilleliis.com\/wp-content\/uploads\/2016\/12\/DSC_0979.jpg","datePublished":"2025-12-15T18:25:39+00:00","dateModified":"2026-02-02T09:38:53+00:00","description":"Lazybones karu muster on ideaalne neile, kellele ei meeldi t\u00fckke kokku \u00f5mmelda. Lihtne ja l\u00f5bus teha, \u00fche \u00f5htu karu.","breadcrumb":{"@id":"https:\/\/www.lilleliis.com\/et\/toode\/laiskvorst-karu-amigurumi-muster\/#breadcrumb"},"inLanguage":"et","potentialAction":[{"@type":"ReadAction","target":["https:\/\/www.lilleliis.com\/et\/toode\/laiskvorst-karu-amigurumi-muster\/"]}]},{"@type":"ImageObject","inLanguage":"et","@id":"https:\/\/www.lilleliis.com\/et\/toode\/laiskvorst-karu-amigurumi-muster\/#primaryimage","url":"https:\/\/www.lilleliis.com\/wp-content\/uploads\/2016\/12\/DSC_0979.jpg","contentUrl":"https:\/\/www.lilleliis.com\/wp-content\/uploads\/2016\/12\/DSC_0979.jpg","width":1500,"height":1000,"caption":"laiskvorst karu amigurumi muster"},{"@type":"BreadcrumbList","@id":"https:\/\/www.lilleliis.com\/et\/toode\/laiskvorst-karu-amigurumi-muster\/#breadcrumb","itemListElement":[{"@type":"ListItem","position":1,"name":"Home","item":"https:\/\/www.lilleliis.com\/et\/"},{"@type":"ListItem","position":2,"name":"Pood","item":"https:\/\/www.lilleliis.com\/et\/shop\/"},{"@type":"ListItem","position":3,"name":"Laiskvorst karu &#8211; amigurumi muster (ENG)"}]},{"@type":"WebSite","@id":"https:\/\/www.lilleliis.com\/et\/#website","url":"https:\/\/www.lilleliis.com\/et\/","name":"lilleliis","description":"Amigurumi m\u00e4nguasjad ja mustrid","potentialAction":[{"@type":"SearchAction","target":{"@type":"EntryPoint","urlTemplate":"https:\/\/www.lilleliis.com\/et\/?s={search_term_string}"},"query-input":{"@type":"PropertyValueSpecification","valueRequired":true,"valueName":"search_term_string"}}],"inLanguage":"et"}]}},"_links":{"self":[{"href":"https:\/\/www.lilleliis.com\/et\/wp-json\/wp\/v2\/product\/38762","targetHints":{"allow":["GET"]}}],"collection":[{"href":"https:\/\/www.lilleliis.com\/et\/wp-json\/wp\/v2\/product"}],"about":[{"href":"https:\/\/www.lilleliis.com\/et\/wp-json\/wp\/v2\/types\/product"}],"replies":[{"embeddable":true,"href":"https:\/\/www.lilleliis.com\/et\/wp-json\/wp\/v2\/comments?post=38762"}],"wp:featuredmedia":[{"embeddable":true,"href":"https:\/\/www.lilleliis.com\/et\/wp-json\/wp\/v2\/media\/43116"}],"wp:attachment":[{"href":"https:\/\/www.lilleliis.com\/et\/wp-json\/wp\/v2\/media?parent=38762"}],"wp:term":[{"taxonomy":"product_brand","embeddable":true,"href":"https:\/\/www.lilleliis.com\/et\/wp-json\/wp\/v2\/product_brand?post=38762"},{"taxonomy":"product_cat","embeddable":true,"href":"https:\/\/www.lilleliis.com\/et\/wp-json\/wp\/v2\/product_cat?post=38762"},{"taxonomy":"product_tag","embeddable":true,"href":"https:\/\/www.lilleliis.com\/et\/wp-json\/wp\/v2\/product_tag?post=38762"}],"curies":[{"name":"wp","href":"https:\/\/api.w.org\/{rel}","templated":true}]}}