{"id":39123,"date":"2021-10-12T10:14:39","date_gmt":"2017-01-05T10:14:39","guid":{"rendered":"http:\/\/www.lilleliis.com\/et\/toode\/kaevoru-nr-3\/"},"modified":"2017-01-05T10:27:43","modified_gmt":"2017-01-05T10:27:43","slug":"kaevoru-nr-3","status":"publish","type":"product","link":"https:\/\/www.lilleliis.com\/et\/toode\/kaevoru-nr-3\/","title":{"rendered":"K\u00e4ev\u00f5ru nr 3"},"content":{"rendered":"<p>Materjal:<\/p>\n<ul>\n<li>poolv\u00e4\u00e4riskivid &#8211; sammalahhaat, hematiit, haoliit<\/li>\n<li>elastne kummipael<\/li>\n<\/ul>\n<p>Suurus: sobib randmele \u00fcmberm\u00f5\u00f5duga 16 cm<\/p>\n","protected":false},"excerpt":{"rendered":"<p>K\u00e4ev\u00f5ru on valmistatud naturaalsetest poolv\u00e4\u00e4riskividest. Kombineeritud on erineva varjundiga (hall, roheline, oran\u017e) sammalahhaate (6 mm), nende vahel erineva kujuga hematiidi helmeid ning kahte suurt haoliidi kivi.<\/p>\n","protected":false},"featured_media":39125,"comment_status":"open","ping_status":"closed","template":"","meta":[],"product_brand":[],"product_cat":[485],"product_tag":[],"class_list":{"0":"post-39123","1":"product","2":"type-product","3":"status-publish","4":"has-post-thumbnail","6":"product_cat-uncategorized","8":"first","9":"outofstock","10":"taxable","11":"shipping-taxable","12":"purchasable","13":"product-type-simple"},"yoast_head":"<!-- This site is optimized with the Yoast SEO plugin v27.3 - https:\/\/yoast.com\/product\/yoast-seo-wordpress\/ -->\n<title>K\u00e4ev\u00f5ru nr 3 | lilleliis<\/title>\n<meta name=\"robots\" content=\"index, follow, max-snippet:-1, max-image-preview:large, max-video-preview:-1\" \/>\n<link rel=\"canonical\" href=\"https:\/\/www.lilleliis.com\/et\/toode\/kaevoru-nr-3\/\" \/>\n<meta property=\"og:locale\" content=\"et_EE\" \/>\n<meta property=\"og:type\" content=\"article\" \/>\n<meta property=\"og:title\" content=\"K\u00e4ev\u00f5ru nr 3 | lilleliis\" \/>\n<meta property=\"og:description\" content=\"K\u00e4ev\u00f5ru on valmistatud naturaalsetest poolv\u00e4\u00e4riskividest. Kombineeritud on erineva varjundiga (hall, roheline, oran\u017e) sammalahhaate (6 mm), nende vahel erineva kujuga hematiidi helmeid ning kahte suurt haoliidi kivi.\" \/>\n<meta property=\"og:url\" content=\"https:\/\/www.lilleliis.com\/et\/toode\/kaevoru-nr-3\/\" \/>\n<meta property=\"og:site_name\" content=\"lilleliis\" \/>\n<meta property=\"article:publisher\" content=\"https:\/\/www.facebook.com\/lilleliis-283266335035799\/\" \/>\n<meta property=\"article:modified_time\" content=\"2017-01-05T10:27:43+00:00\" \/>\n<meta property=\"og:image\" content=\"https:\/\/www.lilleliis.com\/wp-content\/uploads\/2017\/01\/sammalahhaat-hematiit-hauliit-1.jpg\" \/>\n\t<meta property=\"og:image:width\" content=\"600\" \/>\n\t<meta property=\"og:image:height\" content=\"400\" \/>\n\t<meta property=\"og:image:type\" content=\"image\/jpeg\" \/>\n<meta name=\"twitter:card\" content=\"summary_large_image\" \/>\n<script type=\"application\/ld+json\" class=\"yoast-schema-graph\">{\"@context\":\"https:\\\/\\\/schema.org\",\"@graph\":[{\"@type\":\"WebPage\",\"@id\":\"https:\\\/\\\/www.lilleliis.com\\\/et\\\/toode\\\/kaevoru-nr-3\\\/\",\"url\":\"https:\\\/\\\/www.lilleliis.com\\\/et\\\/toode\\\/kaevoru-nr-3\\\/\",\"name\":\"K\u00e4ev\u00f5ru nr 3 | lilleliis\",\"isPartOf\":{\"@id\":\"https:\\\/\\\/www.lilleliis.com\\\/et\\\/#website\"},\"primaryImageOfPage\":{\"@id\":\"https:\\\/\\\/www.lilleliis.com\\\/et\\\/toode\\\/kaevoru-nr-3\\\/#primaryimage\"},\"image\":{\"@id\":\"https:\\\/\\\/www.lilleliis.com\\\/et\\\/toode\\\/kaevoru-nr-3\\\/#primaryimage\"},\"thumbnailUrl\":\"https:\\\/\\\/www.lilleliis.com\\\/wp-content\\\/uploads\\\/2017\\\/01\\\/sammalahhaat-hematiit-hauliit-1.jpg\",\"datePublished\":\"2017-01-05T10:14:39+00:00\",\"dateModified\":\"2017-01-05T10:27:43+00:00\",\"breadcrumb\":{\"@id\":\"https:\\\/\\\/www.lilleliis.com\\\/et\\\/toode\\\/kaevoru-nr-3\\\/#breadcrumb\"},\"inLanguage\":\"et\",\"potentialAction\":[{\"@type\":\"ReadAction\",\"target\":[\"https:\\\/\\\/www.lilleliis.com\\\/et\\\/toode\\\/kaevoru-nr-3\\\/\"]}]},{\"@type\":\"ImageObject\",\"inLanguage\":\"et\",\"@id\":\"https:\\\/\\\/www.lilleliis.com\\\/et\\\/toode\\\/kaevoru-nr-3\\\/#primaryimage\",\"url\":\"https:\\\/\\\/www.lilleliis.com\\\/wp-content\\\/uploads\\\/2017\\\/01\\\/sammalahhaat-hematiit-hauliit-1.jpg\",\"contentUrl\":\"https:\\\/\\\/www.lilleliis.com\\\/wp-content\\\/uploads\\\/2017\\\/01\\\/sammalahhaat-hematiit-hauliit-1.jpg\",\"width\":600,\"height\":400},{\"@type\":\"BreadcrumbList\",\"@id\":\"https:\\\/\\\/www.lilleliis.com\\\/et\\\/toode\\\/kaevoru-nr-3\\\/#breadcrumb\",\"itemListElement\":[{\"@type\":\"ListItem\",\"position\":1,\"name\":\"Home\",\"item\":\"https:\\\/\\\/www.lilleliis.com\\\/et\\\/\"},{\"@type\":\"ListItem\",\"position\":2,\"name\":\"Pood\",\"item\":\"https:\\\/\\\/www.lilleliis.com\\\/et\\\/shop\\\/\"},{\"@type\":\"ListItem\",\"position\":3,\"name\":\"K\u00e4ev\u00f5ru nr 3\"}]},{\"@type\":\"WebSite\",\"@id\":\"https:\\\/\\\/www.lilleliis.com\\\/et\\\/#website\",\"url\":\"https:\\\/\\\/www.lilleliis.com\\\/et\\\/\",\"name\":\"lilleliis\",\"description\":\"Amigurumi m\u00e4nguasjad ja mustrid\",\"potentialAction\":[{\"@type\":\"SearchAction\",\"target\":{\"@type\":\"EntryPoint\",\"urlTemplate\":\"https:\\\/\\\/www.lilleliis.com\\\/et\\\/?s={search_term_string}\"},\"query-input\":{\"@type\":\"PropertyValueSpecification\",\"valueRequired\":true,\"valueName\":\"search_term_string\"}}],\"inLanguage\":\"et\"}]}<\/script>\n<!-- \/ Yoast SEO plugin. -->","yoast_head_json":{"title":"K\u00e4ev\u00f5ru nr 3 | lilleliis","robots":{"index":"index","follow":"follow","max-snippet":"max-snippet:-1","max-image-preview":"max-image-preview:large","max-video-preview":"max-video-preview:-1"},"canonical":"https:\/\/www.lilleliis.com\/et\/toode\/kaevoru-nr-3\/","og_locale":"et_EE","og_type":"article","og_title":"K\u00e4ev\u00f5ru nr 3 | lilleliis","og_description":"K\u00e4ev\u00f5ru on valmistatud naturaalsetest poolv\u00e4\u00e4riskividest. Kombineeritud on erineva varjundiga (hall, roheline, oran\u017e) sammalahhaate (6 mm), nende vahel erineva kujuga hematiidi helmeid ning kahte suurt haoliidi kivi.","og_url":"https:\/\/www.lilleliis.com\/et\/toode\/kaevoru-nr-3\/","og_site_name":"lilleliis","article_publisher":"https:\/\/www.facebook.com\/lilleliis-283266335035799\/","article_modified_time":"2017-01-05T10:27:43+00:00","og_image":[{"width":600,"height":400,"url":"https:\/\/www.lilleliis.com\/wp-content\/uploads\/2017\/01\/sammalahhaat-hematiit-hauliit-1.jpg","type":"image\/jpeg"}],"twitter_card":"summary_large_image","schema":{"@context":"https:\/\/schema.org","@graph":[{"@type":"WebPage","@id":"https:\/\/www.lilleliis.com\/et\/toode\/kaevoru-nr-3\/","url":"https:\/\/www.lilleliis.com\/et\/toode\/kaevoru-nr-3\/","name":"K\u00e4ev\u00f5ru nr 3 | lilleliis","isPartOf":{"@id":"https:\/\/www.lilleliis.com\/et\/#website"},"primaryImageOfPage":{"@id":"https:\/\/www.lilleliis.com\/et\/toode\/kaevoru-nr-3\/#primaryimage"},"image":{"@id":"https:\/\/www.lilleliis.com\/et\/toode\/kaevoru-nr-3\/#primaryimage"},"thumbnailUrl":"https:\/\/www.lilleliis.com\/wp-content\/uploads\/2017\/01\/sammalahhaat-hematiit-hauliit-1.jpg","datePublished":"2017-01-05T10:14:39+00:00","dateModified":"2017-01-05T10:27:43+00:00","breadcrumb":{"@id":"https:\/\/www.lilleliis.com\/et\/toode\/kaevoru-nr-3\/#breadcrumb"},"inLanguage":"et","potentialAction":[{"@type":"ReadAction","target":["https:\/\/www.lilleliis.com\/et\/toode\/kaevoru-nr-3\/"]}]},{"@type":"ImageObject","inLanguage":"et","@id":"https:\/\/www.lilleliis.com\/et\/toode\/kaevoru-nr-3\/#primaryimage","url":"https:\/\/www.lilleliis.com\/wp-content\/uploads\/2017\/01\/sammalahhaat-hematiit-hauliit-1.jpg","contentUrl":"https:\/\/www.lilleliis.com\/wp-content\/uploads\/2017\/01\/sammalahhaat-hematiit-hauliit-1.jpg","width":600,"height":400},{"@type":"BreadcrumbList","@id":"https:\/\/www.lilleliis.com\/et\/toode\/kaevoru-nr-3\/#breadcrumb","itemListElement":[{"@type":"ListItem","position":1,"name":"Home","item":"https:\/\/www.lilleliis.com\/et\/"},{"@type":"ListItem","position":2,"name":"Pood","item":"https:\/\/www.lilleliis.com\/et\/shop\/"},{"@type":"ListItem","position":3,"name":"K\u00e4ev\u00f5ru nr 3"}]},{"@type":"WebSite","@id":"https:\/\/www.lilleliis.com\/et\/#website","url":"https:\/\/www.lilleliis.com\/et\/","name":"lilleliis","description":"Amigurumi m\u00e4nguasjad ja mustrid","potentialAction":[{"@type":"SearchAction","target":{"@type":"EntryPoint","urlTemplate":"https:\/\/www.lilleliis.com\/et\/?s={search_term_string}"},"query-input":{"@type":"PropertyValueSpecification","valueRequired":true,"valueName":"search_term_string"}}],"inLanguage":"et"}]}},"_links":{"self":[{"href":"https:\/\/www.lilleliis.com\/et\/wp-json\/wp\/v2\/product\/39123","targetHints":{"allow":["GET"]}}],"collection":[{"href":"https:\/\/www.lilleliis.com\/et\/wp-json\/wp\/v2\/product"}],"about":[{"href":"https:\/\/www.lilleliis.com\/et\/wp-json\/wp\/v2\/types\/product"}],"replies":[{"embeddable":true,"href":"https:\/\/www.lilleliis.com\/et\/wp-json\/wp\/v2\/comments?post=39123"}],"wp:featuredmedia":[{"embeddable":true,"href":"https:\/\/www.lilleliis.com\/et\/wp-json\/wp\/v2\/media\/39125"}],"wp:attachment":[{"href":"https:\/\/www.lilleliis.com\/et\/wp-json\/wp\/v2\/media?parent=39123"}],"wp:term":[{"taxonomy":"product_brand","embeddable":true,"href":"https:\/\/www.lilleliis.com\/et\/wp-json\/wp\/v2\/product_brand?post=39123"},{"taxonomy":"product_cat","embeddable":true,"href":"https:\/\/www.lilleliis.com\/et\/wp-json\/wp\/v2\/product_cat?post=39123"},{"taxonomy":"product_tag","embeddable":true,"href":"https:\/\/www.lilleliis.com\/et\/wp-json\/wp\/v2\/product_tag?post=39123"}],"curies":[{"name":"wp","href":"https:\/\/api.w.org\/{rel}","templated":true}]}}