{"id":40325,"date":"2026-02-25T18:47:27","date_gmt":"2026-02-25T16:47:27","guid":{"rendered":"http:\/\/www.lilleliis.com\/et\/toode\/amigurumi-kommi-janes-muster\/"},"modified":"2026-02-22T19:53:16","modified_gmt":"2026-02-22T17:53:16","slug":"heegeldatud-kommi-janes-muster","status":"publish","type":"product","link":"https:\/\/www.lilleliis.com\/et\/toode\/heegeldatud-kommi-janes-muster\/","title":{"rendered":"Lihav\u00f5tte j\u00e4nese heegeldamise \u00f5petus &#8211; Kommi-j\u00e4nes"},"content":{"rendered":"<p>Amigurumi lihav\u00f5tte j\u00e4nese heegeldamise \u00f5petus &#8211; Kommi-j\u00e4nes<\/p>\n<h3>Mustrist<\/h3>\n<p>Allalaetav ja lihtsasti j\u00e4lgitav k\u00e4sit\u00f6\u00f6 \u00f5petus (PDF fail). Juhend sisaldab samm-sammulist \u00f5petust eseme valmistamiseks ning hulgaliselt abistavaid fotosid.<\/p>\n<p>Keel: eesti, inglise, soome hispaania, taani, itaalia<\/p>\n<p>\u00d5petuse raskusaste: keeruline<\/p>\n<p>Vajaminevad v\u00f5tted: kinnissilmus<\/p>\n<div class=\"is-divider divider clearfix\" ><\/div>\n<h3>Suurus ja materjal<\/h3>\n<p>Suurus: umbes 25 cm<\/p>\n<p>Valmistamiseks on kasutatud puuvillasegust l\u00f5nga ning heegeln\u00f5ela j\u00e4medusega 3 mm.<\/p>\n<div class=\"is-divider divider clearfix\" ><\/div>\n<h3>Abi ja copyright<\/h3>\n<p>K\u00fcsimuste korral saab abi\u00a0<a href=\"mailto:%20lilleliis@gmail.com\">e-posti teel<\/a>.<\/p>\n<p>\u00d5petuse j\u00e4rgi valmistatud esemeid v\u00f5ib m\u00fc\u00fca. \u00d5petust on keelatud jagada. Autori\u00f5igustega tutvu\u00a0<a href=\"https:\/\/www.lilleliis.com\/et\/autorioigused\/\" target=\"_blank\" rel=\"noopener\">siin<\/a>.<\/p>\n","protected":false},"excerpt":{"rendered":"<p data-start=\"550\" data-end=\"762\">Siin on \u00fcks vahva lihav\u00f5tte j\u00e4nese heegeldamise \u00f5petus. Kuna tema keha katavad magusad kommi moodi t\u00e4pid, siis kannab ta ka nime Kommi-j\u00e4nes. T\u00e4pikesed n\u00e4evad nii maitsvad v\u00e4lja, et need tahaks lausa \u00fckshaaval suhu noppida. \u00dcldse on Kommi-j\u00e4nes \u00fcks r\u00f5\u00f5mus tegelane.<\/p>\n<p data-start=\"867\" data-end=\"1019\">Heegeldamiseks vajad vaid kinnissilmust, kuid ole valmis veidi p\u00f5nevamaks \u00f5mblemiseks ja tikkimiseks, mis annavad j\u00e4nesele tema erilise ilme.<\/p>\n<div class=\"is-divider divider clearfix\" ><\/div>\n<p>Tegemist on allalaetava <strong data-start=\"326\" data-end=\"343\">PDF-\u00f5petusega<\/strong>, mis sisaldab rohkelt fotosid. \u00d5petuse raskusaste on <strong data-start=\"397\" data-end=\"409\">keeruline<\/strong>. \u00d5petus on saadaval ka eesti keeles.<\/p>\n","protected":false},"featured_media":43368,"comment_status":"open","ping_status":"closed","template":"","meta":[],"product_brand":[],"product_cat":[95,119],"product_tag":[1605],"class_list":{"0":"post-40325","1":"product","2":"type-product","3":"status-publish","4":"has-post-thumbnail","6":"product_cat-amigurumi-opetused","7":"product_cat-janku-mustrid","8":"product_tag-lihavotted","9":"pa_pattern-language-eesti","10":"pa_pattern-language-hispaania","11":"pa_pattern-language-inglise","12":"pa_pattern-language-itaalia","13":"pa_pattern-language-soome","14":"pa_pattern-language-taani","15":"pa_pattern-skill-level-keeruline","17":"first","18":"instock","19":"featured","20":"sold-individually","21":"taxable","22":"shipping-taxable","23":"purchasable","24":"product-type-variable"},"yoast_head":"<!-- This site is optimized with the Yoast SEO plugin v27.3 - https:\/\/yoast.com\/product\/yoast-seo-wordpress\/ -->\n<title>Lihav\u00f5tte j\u00e4nese heegeldamise \u00f5petus - Kommi-j\u00e4nes | lilleliis<\/title>\n<meta name=\"description\" content=\"Lihav\u00f5tte j\u00e4nese heegeldamise \u00f5petus. Kommi-j\u00e4nes on vahva amigurumi projekt, mille heegeldamiseks vajad vaid kinnissilmust. \u00d5petus on eesti keeles.\" \/>\n<meta name=\"robots\" content=\"index, follow, max-snippet:-1, max-image-preview:large, max-video-preview:-1\" \/>\n<link rel=\"canonical\" href=\"https:\/\/www.lilleliis.com\/et\/toode\/heegeldatud-kommi-janes-muster\/\" \/>\n<meta property=\"og:locale\" content=\"et_EE\" \/>\n<meta property=\"og:type\" content=\"article\" \/>\n<meta property=\"og:title\" content=\"Lihav\u00f5tte j\u00e4nese heegeldamise \u00f5petus - Kommi-j\u00e4nes | lilleliis\" \/>\n<meta property=\"og:description\" content=\"Lihav\u00f5tte j\u00e4nese heegeldamise \u00f5petus. Kommi-j\u00e4nes on vahva amigurumi projekt, mille heegeldamiseks vajad vaid kinnissilmust. \u00d5petus on eesti keeles.\" \/>\n<meta property=\"og:url\" content=\"https:\/\/www.lilleliis.com\/et\/toode\/heegeldatud-kommi-janes-muster\/\" \/>\n<meta property=\"og:site_name\" content=\"lilleliis\" \/>\n<meta property=\"article:publisher\" content=\"https:\/\/www.facebook.com\/lilleliis-283266335035799\/\" \/>\n<meta property=\"og:image\" content=\"https:\/\/www.lilleliis.com\/wp-content\/uploads\/2017\/03\/DSC_5073.jpg\" \/>\n\t<meta property=\"og:image:width\" content=\"1000\" \/>\n\t<meta property=\"og:image:height\" content=\"1500\" \/>\n\t<meta property=\"og:image:type\" content=\"image\/jpeg\" \/>\n<meta name=\"twitter:card\" content=\"summary_large_image\" \/>\n<meta name=\"twitter:label1\" content=\"Est. reading time\" \/>\n\t<meta name=\"twitter:data1\" content=\"1 minute\" \/>\n<script type=\"application\/ld+json\" class=\"yoast-schema-graph\">{\"@context\":\"https:\\\/\\\/schema.org\",\"@graph\":[{\"@type\":\"WebPage\",\"@id\":\"https:\\\/\\\/www.lilleliis.com\\\/et\\\/toode\\\/heegeldatud-kommi-janes-muster\\\/\",\"url\":\"https:\\\/\\\/www.lilleliis.com\\\/et\\\/toode\\\/heegeldatud-kommi-janes-muster\\\/\",\"name\":\"Lihav\u00f5tte j\u00e4nese heegeldamise \u00f5petus - Kommi-j\u00e4nes | lilleliis\",\"isPartOf\":{\"@id\":\"https:\\\/\\\/www.lilleliis.com\\\/et\\\/#website\"},\"primaryImageOfPage\":{\"@id\":\"https:\\\/\\\/www.lilleliis.com\\\/et\\\/toode\\\/heegeldatud-kommi-janes-muster\\\/#primaryimage\"},\"image\":{\"@id\":\"https:\\\/\\\/www.lilleliis.com\\\/et\\\/toode\\\/heegeldatud-kommi-janes-muster\\\/#primaryimage\"},\"thumbnailUrl\":\"https:\\\/\\\/www.lilleliis.com\\\/wp-content\\\/uploads\\\/2017\\\/03\\\/DSC_5073.jpg\",\"datePublished\":\"2026-02-25T16:47:27+00:00\",\"description\":\"Lihav\u00f5tte j\u00e4nese heegeldamise \u00f5petus. Kommi-j\u00e4nes on vahva amigurumi projekt, mille heegeldamiseks vajad vaid kinnissilmust. \u00d5petus on eesti keeles.\",\"breadcrumb\":{\"@id\":\"https:\\\/\\\/www.lilleliis.com\\\/et\\\/toode\\\/heegeldatud-kommi-janes-muster\\\/#breadcrumb\"},\"inLanguage\":\"et\",\"potentialAction\":[{\"@type\":\"ReadAction\",\"target\":[\"https:\\\/\\\/www.lilleliis.com\\\/et\\\/toode\\\/heegeldatud-kommi-janes-muster\\\/\"]}]},{\"@type\":\"ImageObject\",\"inLanguage\":\"et\",\"@id\":\"https:\\\/\\\/www.lilleliis.com\\\/et\\\/toode\\\/heegeldatud-kommi-janes-muster\\\/#primaryimage\",\"url\":\"https:\\\/\\\/www.lilleliis.com\\\/wp-content\\\/uploads\\\/2017\\\/03\\\/DSC_5073.jpg\",\"contentUrl\":\"https:\\\/\\\/www.lilleliis.com\\\/wp-content\\\/uploads\\\/2017\\\/03\\\/DSC_5073.jpg\",\"width\":1000,\"height\":1500,\"caption\":\"amigurumi kommij\u00e4nes\"},{\"@type\":\"BreadcrumbList\",\"@id\":\"https:\\\/\\\/www.lilleliis.com\\\/et\\\/toode\\\/heegeldatud-kommi-janes-muster\\\/#breadcrumb\",\"itemListElement\":[{\"@type\":\"ListItem\",\"position\":1,\"name\":\"Home\",\"item\":\"https:\\\/\\\/www.lilleliis.com\\\/et\\\/\"},{\"@type\":\"ListItem\",\"position\":2,\"name\":\"Pood\",\"item\":\"https:\\\/\\\/www.lilleliis.com\\\/et\\\/shop\\\/\"},{\"@type\":\"ListItem\",\"position\":3,\"name\":\"Lihav\u00f5tte j\u00e4nese heegeldamise \u00f5petus &#8211; Kommi-j\u00e4nes\"}]},{\"@type\":\"WebSite\",\"@id\":\"https:\\\/\\\/www.lilleliis.com\\\/et\\\/#website\",\"url\":\"https:\\\/\\\/www.lilleliis.com\\\/et\\\/\",\"name\":\"lilleliis\",\"description\":\"Amigurumi m\u00e4nguasjad ja mustrid\",\"potentialAction\":[{\"@type\":\"SearchAction\",\"target\":{\"@type\":\"EntryPoint\",\"urlTemplate\":\"https:\\\/\\\/www.lilleliis.com\\\/et\\\/?s={search_term_string}\"},\"query-input\":{\"@type\":\"PropertyValueSpecification\",\"valueRequired\":true,\"valueName\":\"search_term_string\"}}],\"inLanguage\":\"et\"}]}<\/script>\n<!-- \/ Yoast SEO plugin. -->","yoast_head_json":{"title":"Lihav\u00f5tte j\u00e4nese heegeldamise \u00f5petus - Kommi-j\u00e4nes | lilleliis","description":"Lihav\u00f5tte j\u00e4nese heegeldamise \u00f5petus. Kommi-j\u00e4nes on vahva amigurumi projekt, mille heegeldamiseks vajad vaid kinnissilmust. \u00d5petus on eesti keeles.","robots":{"index":"index","follow":"follow","max-snippet":"max-snippet:-1","max-image-preview":"max-image-preview:large","max-video-preview":"max-video-preview:-1"},"canonical":"https:\/\/www.lilleliis.com\/et\/toode\/heegeldatud-kommi-janes-muster\/","og_locale":"et_EE","og_type":"article","og_title":"Lihav\u00f5tte j\u00e4nese heegeldamise \u00f5petus - Kommi-j\u00e4nes | lilleliis","og_description":"Lihav\u00f5tte j\u00e4nese heegeldamise \u00f5petus. Kommi-j\u00e4nes on vahva amigurumi projekt, mille heegeldamiseks vajad vaid kinnissilmust. \u00d5petus on eesti keeles.","og_url":"https:\/\/www.lilleliis.com\/et\/toode\/heegeldatud-kommi-janes-muster\/","og_site_name":"lilleliis","article_publisher":"https:\/\/www.facebook.com\/lilleliis-283266335035799\/","og_image":[{"width":1000,"height":1500,"url":"https:\/\/www.lilleliis.com\/wp-content\/uploads\/2017\/03\/DSC_5073.jpg","type":"image\/jpeg"}],"twitter_card":"summary_large_image","twitter_misc":{"Est. reading time":"1 minute"},"schema":{"@context":"https:\/\/schema.org","@graph":[{"@type":"WebPage","@id":"https:\/\/www.lilleliis.com\/et\/toode\/heegeldatud-kommi-janes-muster\/","url":"https:\/\/www.lilleliis.com\/et\/toode\/heegeldatud-kommi-janes-muster\/","name":"Lihav\u00f5tte j\u00e4nese heegeldamise \u00f5petus - Kommi-j\u00e4nes | lilleliis","isPartOf":{"@id":"https:\/\/www.lilleliis.com\/et\/#website"},"primaryImageOfPage":{"@id":"https:\/\/www.lilleliis.com\/et\/toode\/heegeldatud-kommi-janes-muster\/#primaryimage"},"image":{"@id":"https:\/\/www.lilleliis.com\/et\/toode\/heegeldatud-kommi-janes-muster\/#primaryimage"},"thumbnailUrl":"https:\/\/www.lilleliis.com\/wp-content\/uploads\/2017\/03\/DSC_5073.jpg","datePublished":"2026-02-25T16:47:27+00:00","description":"Lihav\u00f5tte j\u00e4nese heegeldamise \u00f5petus. Kommi-j\u00e4nes on vahva amigurumi projekt, mille heegeldamiseks vajad vaid kinnissilmust. \u00d5petus on eesti keeles.","breadcrumb":{"@id":"https:\/\/www.lilleliis.com\/et\/toode\/heegeldatud-kommi-janes-muster\/#breadcrumb"},"inLanguage":"et","potentialAction":[{"@type":"ReadAction","target":["https:\/\/www.lilleliis.com\/et\/toode\/heegeldatud-kommi-janes-muster\/"]}]},{"@type":"ImageObject","inLanguage":"et","@id":"https:\/\/www.lilleliis.com\/et\/toode\/heegeldatud-kommi-janes-muster\/#primaryimage","url":"https:\/\/www.lilleliis.com\/wp-content\/uploads\/2017\/03\/DSC_5073.jpg","contentUrl":"https:\/\/www.lilleliis.com\/wp-content\/uploads\/2017\/03\/DSC_5073.jpg","width":1000,"height":1500,"caption":"amigurumi kommij\u00e4nes"},{"@type":"BreadcrumbList","@id":"https:\/\/www.lilleliis.com\/et\/toode\/heegeldatud-kommi-janes-muster\/#breadcrumb","itemListElement":[{"@type":"ListItem","position":1,"name":"Home","item":"https:\/\/www.lilleliis.com\/et\/"},{"@type":"ListItem","position":2,"name":"Pood","item":"https:\/\/www.lilleliis.com\/et\/shop\/"},{"@type":"ListItem","position":3,"name":"Lihav\u00f5tte j\u00e4nese heegeldamise \u00f5petus &#8211; Kommi-j\u00e4nes"}]},{"@type":"WebSite","@id":"https:\/\/www.lilleliis.com\/et\/#website","url":"https:\/\/www.lilleliis.com\/et\/","name":"lilleliis","description":"Amigurumi m\u00e4nguasjad ja mustrid","potentialAction":[{"@type":"SearchAction","target":{"@type":"EntryPoint","urlTemplate":"https:\/\/www.lilleliis.com\/et\/?s={search_term_string}"},"query-input":{"@type":"PropertyValueSpecification","valueRequired":true,"valueName":"search_term_string"}}],"inLanguage":"et"}]}},"_links":{"self":[{"href":"https:\/\/www.lilleliis.com\/et\/wp-json\/wp\/v2\/product\/40325","targetHints":{"allow":["GET"]}}],"collection":[{"href":"https:\/\/www.lilleliis.com\/et\/wp-json\/wp\/v2\/product"}],"about":[{"href":"https:\/\/www.lilleliis.com\/et\/wp-json\/wp\/v2\/types\/product"}],"replies":[{"embeddable":true,"href":"https:\/\/www.lilleliis.com\/et\/wp-json\/wp\/v2\/comments?post=40325"}],"wp:featuredmedia":[{"embeddable":true,"href":"https:\/\/www.lilleliis.com\/et\/wp-json\/wp\/v2\/media\/43368"}],"wp:attachment":[{"href":"https:\/\/www.lilleliis.com\/et\/wp-json\/wp\/v2\/media?parent=40325"}],"wp:term":[{"taxonomy":"product_brand","embeddable":true,"href":"https:\/\/www.lilleliis.com\/et\/wp-json\/wp\/v2\/product_brand?post=40325"},{"taxonomy":"product_cat","embeddable":true,"href":"https:\/\/www.lilleliis.com\/et\/wp-json\/wp\/v2\/product_cat?post=40325"},{"taxonomy":"product_tag","embeddable":true,"href":"https:\/\/www.lilleliis.com\/et\/wp-json\/wp\/v2\/product_tag?post=40325"}],"curies":[{"name":"wp","href":"https:\/\/api.w.org\/{rel}","templated":true}]}}