{"id":42212,"date":"2025-08-23T17:21:13","date_gmt":"2025-08-23T14:21:13","guid":{"rendered":"http:\/\/www.lilleliis.com\/et\/toode\/seenekorin-pdf-muster"},"modified":"2025-03-14T17:43:17","modified_gmt":"2025-03-14T15:43:17","slug":"heegeldatud-seenekorin-muster","status":"publish","type":"product","link":"https:\/\/www.lilleliis.com\/et\/toode\/heegeldatud-seenekorin-muster\/","title":{"rendered":"Seenek\u00f5rin &#8211; amigurumi \u00f5petus (eng)"},"content":{"rendered":"<p><span data-text-color=\"primary\">VEEL BEEBIK\u00d5RINATE IDEID<\/span><\/p>\n<div class=\"row row-divided\"  id=\"row-1289039191\">\n\n\t<div id=\"col-616245152\" class=\"col medium-1\/3 large-4\"  >\n\t\t\t\t<div class=\"col-inner\"  >\n\t\t\t\n\t\t\t\n<div class=\"woocommerce \"><div class=\"products row row-small row-masonry has-packery large-columns-3 medium-columns-3 small-columns-2\">\n<div class=\"product-small col has-hover product type-product post-54565 status-publish first instock product_cat-amigurumi-opetused product_cat-linnu-mustrid product_tag-beebidele has-post-thumbnail sold-individually taxable shipping-taxable purchasable product-type-variable\">\n\t<div class=\"col-inner\">\n\t\n<div class=\"badge-container absolute left top z-1\">\n\n<\/div>\n\t<div class=\"product-small box \">\n\t\t<div class=\"box-image\">\n\t\t\t<div class=\"image-zoom-fade\">\n\t\t\t\t<a href=\"https:\/\/www.lilleliis.com\/et\/toode\/heegeldatud-linnukorin-amigurumi-opetus\/\">\n\t\t\t\t\t<img loading=\"lazy\" decoding=\"async\" width=\"247\" height=\"296\" src=\"https:\/\/www.lilleliis.com\/wp-content\/uploads\/2019\/07\/DSC_3184-247x296.jpg\" class=\"attachment-woocommerce_thumbnail size-woocommerce_thumbnail\" alt=\"amigurumi linnukorin\" \/>\t\t\t\t<\/a>\n\t\t\t<\/div>\n\t\t\t<div class=\"image-tools is-small top right show-on-hover\">\n\t\t\t\t\t\t\t<\/div>\n\t\t\t<div class=\"image-tools is-small hide-for-small bottom left show-on-hover\">\n\t\t\t\t\t\t\t<\/div>\n\t\t\t<div class=\"image-tools grid-tools text-center hide-for-small bottom hover-slide-in show-on-hover\">\n\t\t\t\t<a href=\"#quick-view\" class=\"quick-view\" role=\"button\" data-prod=\"54565\" aria-haspopup=\"dialog\" aria-expanded=\"false\" data-flatsome-role-button>Quick View<\/a>\t\t\t<\/div>\n\t\t\t\t\t<\/div>\n\n\t\t<div class=\"box-text box-text-products\">\n\t\t\t<div class=\"title-wrapper\">\t\t<p class=\"category uppercase is-smaller no-text-overflow product-cat op-8\">\n\t\t\tAmigurumi \u00f5petused\t\t<\/p>\n\t<p class=\"name product-title woocommerce-loop-product__title\"><a href=\"https:\/\/www.lilleliis.com\/et\/toode\/heegeldatud-linnukorin-amigurumi-opetus\/\" class=\"woocommerce-LoopProduct-link woocommerce-loop-product__link\">Beebi k\u00f5rina heegeldamise \u00f5petus &#8211; Linnuk\u00f5rin<\/a><\/p><\/div><div class=\"price-wrapper\"><div class=\"star-rating star-rating--inline\" role=\"img\" aria-label=\"Hinnanguga 5 \/ 5\"><span style=\"width:100%\">Hinnanguga <strong class=\"rating\">5<\/strong> \/ 5<\/span><\/div><span class=\"review-count is-small op-8\" aria-label=\"0 arvustused\">(0)<\/span>\n\t<span class=\"price\"><span class=\"woocommerce-Price-amount amount\"><bdi><span class=\"woocommerce-Price-currencySymbol\">&euro;<\/span>4.00<\/bdi><\/span><\/span>\n<\/div><div class=\"add-to-cart-button\"><a href=\"https:\/\/www.lilleliis.com\/et\/toode\/heegeldatud-linnukorin-amigurumi-opetus\/\" aria-describedby=\"woocommerce_loop_add_to_cart_link_describedby_54565\" data-quantity=\"1\" class=\"primary is-small mb-0 button product_type_variable add_to_cart_button is-flat\" data-product_id=\"54565\" data-product_sku=\"P-1902\" aria-label=\"Vali tootele &ldquo;Beebi k\u00f5rina heegeldamise \u00f5petus - Linnuk\u00f5rin&rdquo; omadused\" rel=\"nofollow\">Vali<\/a><\/div>\t<span id=\"woocommerce_loop_add_to_cart_link_describedby_54565\" class=\"screen-reader-text\">\n\t\tThis product has multiple variants. The options may be chosen on the product page\t<\/span>\n\t\t<\/div>\n\t<\/div>\n\t<span class=\"gtm4wp_productdata\" style=\"display:none; visibility:hidden;\" data-gtm4wp_product_data=\"{&quot;internal_id&quot;:54565,&quot;item_id&quot;:54565,&quot;item_name&quot;:&quot;Beebi k\\u00f5rina heegeldamise \\u00f5petus - Linnuk\\u00f5rin&quot;,&quot;sku&quot;:&quot;P-1902&quot;,&quot;price&quot;:4,&quot;stocklevel&quot;:null,&quot;stockstatus&quot;:&quot;instock&quot;,&quot;google_business_vertical&quot;:&quot;retail&quot;,&quot;item_category&quot;:&quot;Amigurumi \\u00f5petused&quot;,&quot;id&quot;:54565,&quot;productlink&quot;:&quot;https:\\\/\\\/www.lilleliis.com\\\/et\\\/toode\\\/heegeldatud-linnukorin-amigurumi-opetus\\\/&quot;,&quot;item_list_name&quot;:&quot;General Product List&quot;,&quot;index&quot;:1,&quot;product_type&quot;:&quot;variable&quot;,&quot;item_brand&quot;:&quot;&quot;}\"><\/span>\t<\/div>\n<\/div><\/div><!-- row -->\n<\/div>\n\t\t<\/div>\n\t\t\t\t\t<\/div>\n\n\t\n\n\t<div id=\"col-401066816\" class=\"col medium-1\/3 large-4\"  >\n\t\t\t\t<div class=\"col-inner\"  >\n\t\t\t\n\t\t\t\n<div class=\"woocommerce \"><div class=\"products row row-small row-masonry has-packery large-columns-3 medium-columns-3 small-columns-2\">\n<div class=\"product-small col has-hover product type-product post-69663 status-publish first instock product_cat-amigurumi-opetused product_cat-beebimanguasjade-mustrid product_tag-beebidele has-post-thumbnail sold-individually taxable shipping-taxable purchasable product-type-variable\">\n\t<div class=\"col-inner\">\n\t\n<div class=\"badge-container absolute left top z-1\">\n\n<\/div>\n\t<div class=\"product-small box \">\n\t\t<div class=\"box-image\">\n\t\t\t<div class=\"image-zoom-fade\">\n\t\t\t\t<a href=\"https:\/\/www.lilleliis.com\/et\/toode\/roomus-ounakorin-amigurumi-muster\/\">\n\t\t\t\t\t<img loading=\"lazy\" decoding=\"async\" width=\"247\" height=\"296\" src=\"https:\/\/www.lilleliis.com\/wp-content\/uploads\/2020\/05\/amigurumi-happy-apple-rattle-2-247x296.jpg\" class=\"attachment-woocommerce_thumbnail size-woocommerce_thumbnail\" alt=\"amigurumi muster r\u00f5\u00f5mus \u00f5unak\u00f5rin\" \/>\t\t\t\t<\/a>\n\t\t\t<\/div>\n\t\t\t<div class=\"image-tools is-small top right show-on-hover\">\n\t\t\t\t\t\t\t<\/div>\n\t\t\t<div class=\"image-tools is-small hide-for-small bottom left show-on-hover\">\n\t\t\t\t\t\t\t<\/div>\n\t\t\t<div class=\"image-tools grid-tools text-center hide-for-small bottom hover-slide-in show-on-hover\">\n\t\t\t\t<a href=\"#quick-view\" class=\"quick-view\" role=\"button\" data-prod=\"69663\" aria-haspopup=\"dialog\" aria-expanded=\"false\" data-flatsome-role-button>Quick View<\/a>\t\t\t<\/div>\n\t\t\t\t\t<\/div>\n\n\t\t<div class=\"box-text box-text-products\">\n\t\t\t<div class=\"title-wrapper\">\t\t<p class=\"category uppercase is-smaller no-text-overflow product-cat op-8\">\n\t\t\tAmigurumi \u00f5petused\t\t<\/p>\n\t<p class=\"name product-title woocommerce-loop-product__title\"><a href=\"https:\/\/www.lilleliis.com\/et\/toode\/roomus-ounakorin-amigurumi-muster\/\" class=\"woocommerce-LoopProduct-link woocommerce-loop-product__link\">R\u00f5\u00f5mus \u00f5unak\u00f5rin &#8211; amigurumi muster<\/a><\/p><\/div><div class=\"price-wrapper\">\n\t<span class=\"price\"><span class=\"woocommerce-Price-amount amount\"><bdi><span class=\"woocommerce-Price-currencySymbol\">&euro;<\/span>3.50<\/bdi><\/span><\/span>\n<\/div><div class=\"add-to-cart-button\"><a href=\"https:\/\/www.lilleliis.com\/et\/toode\/roomus-ounakorin-amigurumi-muster\/\" aria-describedby=\"woocommerce_loop_add_to_cart_link_describedby_69663\" data-quantity=\"1\" class=\"primary is-small mb-0 button product_type_variable add_to_cart_button is-flat\" data-product_id=\"69663\" data-product_sku=\"P-2003\" aria-label=\"Vali tootele &ldquo;R\u00f5\u00f5mus \u00f5unak\u00f5rin - amigurumi muster&rdquo; omadused\" rel=\"nofollow\">Vali<\/a><\/div>\t<span id=\"woocommerce_loop_add_to_cart_link_describedby_69663\" class=\"screen-reader-text\">\n\t\tThis product has multiple variants. The options may be chosen on the product page\t<\/span>\n\t\t<\/div>\n\t<\/div>\n\t<span class=\"gtm4wp_productdata\" style=\"display:none; visibility:hidden;\" data-gtm4wp_product_data=\"{&quot;internal_id&quot;:69663,&quot;item_id&quot;:69663,&quot;item_name&quot;:&quot;R\\u00f5\\u00f5mus \\u00f5unak\\u00f5rin - amigurumi muster&quot;,&quot;sku&quot;:&quot;P-2003&quot;,&quot;price&quot;:3.5,&quot;stocklevel&quot;:null,&quot;stockstatus&quot;:&quot;instock&quot;,&quot;google_business_vertical&quot;:&quot;retail&quot;,&quot;item_category&quot;:&quot;Amigurumi \\u00f5petused&quot;,&quot;id&quot;:69663,&quot;productlink&quot;:&quot;https:\\\/\\\/www.lilleliis.com\\\/et\\\/toode\\\/roomus-ounakorin-amigurumi-muster\\\/&quot;,&quot;item_list_name&quot;:&quot;General Product List&quot;,&quot;index&quot;:1,&quot;product_type&quot;:&quot;variable&quot;,&quot;item_brand&quot;:&quot;&quot;}\"><\/span>\t<\/div>\n<\/div><\/div><!-- row -->\n<\/div>\n\t\t<\/div>\n\t\t\t\t\t<\/div>\n\n\t\n\n\t<div id=\"col-150087229\" class=\"col medium-1\/3 large-4\"  >\n\t\t\t\t<div class=\"col-inner\"  >\n\t\t\t\n\t\t\t\n<div class=\"woocommerce \"><div class=\"products row row-small row-masonry has-packery large-columns-3 medium-columns-3 small-columns-2\">\n<div class=\"product-small col has-hover product type-product post-2019 status-publish first instock product_cat-amigurumi-opetused product_cat-beebimanguasjade-mustrid product_tag-beebidele has-post-thumbnail sold-individually taxable shipping-taxable purchasable product-type-variable\">\n\t<div class=\"col-inner\">\n\t\n<div class=\"badge-container absolute left top z-1\">\n\n<\/div>\n\t<div class=\"product-small box \">\n\t\t<div class=\"box-image\">\n\t\t\t<div class=\"image-zoom-fade\">\n\t\t\t\t<a href=\"https:\/\/www.lilleliis.com\/et\/toode\/heegeldatud-lutikorin\/\">\n\t\t\t\t\t<img loading=\"lazy\" decoding=\"async\" width=\"247\" height=\"296\" src=\"https:\/\/www.lilleliis.com\/wp-content\/uploads\/2013\/04\/DSC_4791-247x296.jpg\" class=\"attachment-woocommerce_thumbnail size-woocommerce_thumbnail\" alt=\"amigurumi muster lutik\u00f5rin\" \/>\t\t\t\t<\/a>\n\t\t\t<\/div>\n\t\t\t<div class=\"image-tools is-small top right show-on-hover\">\n\t\t\t\t\t\t\t<\/div>\n\t\t\t<div class=\"image-tools is-small hide-for-small bottom left show-on-hover\">\n\t\t\t\t\t\t\t<\/div>\n\t\t\t<div class=\"image-tools grid-tools text-center hide-for-small bottom hover-slide-in show-on-hover\">\n\t\t\t\t<a href=\"#quick-view\" class=\"quick-view\" role=\"button\" data-prod=\"2019\" aria-haspopup=\"dialog\" aria-expanded=\"false\" data-flatsome-role-button>Quick View<\/a>\t\t\t<\/div>\n\t\t\t\t\t<\/div>\n\n\t\t<div class=\"box-text box-text-products\">\n\t\t\t<div class=\"title-wrapper\">\t\t<p class=\"category uppercase is-smaller no-text-overflow product-cat op-8\">\n\t\t\tAmigurumi \u00f5petused\t\t<\/p>\n\t<p class=\"name product-title woocommerce-loop-product__title\"><a href=\"https:\/\/www.lilleliis.com\/et\/toode\/heegeldatud-lutikorin\/\" class=\"woocommerce-LoopProduct-link woocommerce-loop-product__link\">Lutik\u00f5rin &#8211; amigurumi muster<\/a><\/p><\/div><div class=\"price-wrapper\">\n\t<span class=\"price\"><span class=\"woocommerce-Price-amount amount\"><bdi><span class=\"woocommerce-Price-currencySymbol\">&euro;<\/span>3.50<\/bdi><\/span><\/span>\n<\/div><div class=\"add-to-cart-button\"><a href=\"https:\/\/www.lilleliis.com\/et\/toode\/heegeldatud-lutikorin\/\" aria-describedby=\"woocommerce_loop_add_to_cart_link_describedby_2019\" data-quantity=\"1\" class=\"primary is-small mb-0 button product_type_variable add_to_cart_button is-flat\" data-product_id=\"2019\" data-product_sku=\"IE-1208\" aria-label=\"Vali tootele &ldquo;Lutik\u00f5rin - amigurumi muster&rdquo; omadused\" rel=\"nofollow\">Vali<\/a><\/div>\t<span id=\"woocommerce_loop_add_to_cart_link_describedby_2019\" class=\"screen-reader-text\">\n\t\tThis product has multiple variants. The options may be chosen on the product page\t<\/span>\n\t\t<\/div>\n\t<\/div>\n\t<span class=\"gtm4wp_productdata\" style=\"display:none; visibility:hidden;\" data-gtm4wp_product_data=\"{&quot;internal_id&quot;:2019,&quot;item_id&quot;:2019,&quot;item_name&quot;:&quot;Lutik\\u00f5rin - amigurumi muster&quot;,&quot;sku&quot;:&quot;IE-1208&quot;,&quot;price&quot;:3.5,&quot;stocklevel&quot;:null,&quot;stockstatus&quot;:&quot;instock&quot;,&quot;google_business_vertical&quot;:&quot;retail&quot;,&quot;item_category&quot;:&quot;Amigurumi \\u00f5petused&quot;,&quot;item_category2&quot;:&quot;Beebim\\u00e4nguasjade mustrid&quot;,&quot;id&quot;:2019,&quot;productlink&quot;:&quot;https:\\\/\\\/www.lilleliis.com\\\/et\\\/toode\\\/heegeldatud-lutikorin\\\/&quot;,&quot;item_list_name&quot;:&quot;General Product List&quot;,&quot;index&quot;:1,&quot;product_type&quot;:&quot;variable&quot;,&quot;item_brand&quot;:&quot;&quot;}\"><\/span>\t<\/div>\n<\/div><\/div><!-- row -->\n<\/div>\n\t\t<\/div>\n\t\t\t\t\t<\/div>\n\n\t\n<\/div>\n","protected":false},"excerpt":{"rendered":"<p>Tee ise heegeldatud seenek\u00f5rin beebile.<\/p>\n<p>Seenek\u00f5rin valmib kiiresti ja on toredaks kingituseks beebile v\u00f5i vasts\u00fcndinule, eriti neile, kes s\u00fcndinud s\u00fcgisel. Langenud leht seenek\u00fcbaral ja jalale tikitud rohuk\u00f5rred muudavad selle k\u00f5rina t\u00f5eliselt isikup\u00e4raseks.<\/p>\n<hr \/>\n<p><span data-text-color=\"primary\">MUSTRIST<\/span><\/p>\n<p>Allalaetav ja lihtsasti j\u00e4lgitav k\u00e4sit\u00f6\u00f6 \u00f5petus (PDF fail). Juhend sisaldab samm-sammulist \u00f5petust eseme valmistamiseks ning hulgaliselt abistavaid fotosid.<\/p>\n<p>Keel: inglise, taani<\/p>\n<p>\u00d5petuse raskusaste: keskmine<\/p>\n<p>Vajaminevad v\u00f5tted: kinnissilmus, poolsammas, \u00fchekordne sammas, eest t\u00f5stega \u00fchekordne sammas<\/p>\n<hr \/>\n<p><span data-text-color=\"primary\">SUURUS JA MATERJAL<\/span><\/p>\n<p>Suurus: 12 cm<\/p>\n<p>Valmistamiseks on kasutatud puuvillasegust l\u00f5nga ning heegeln\u00f5ela j\u00e4medusega 2,5 mm.<\/p>\n<hr \/>\n<p><span data-text-color=\"primary\">ABI JA COPYRIGHT<\/span><\/p>\n<p>K\u00fcsimuste korral saab abi\u00a0<a href=\"mailto:%20lilleliis@gmail.com\">e-posti teel<\/a>.<\/p>\n<p>\u00d5petuse j\u00e4rgi valmistatud esemeid v\u00f5ib m\u00fc\u00fca. \u00d5petust on keelatud jagada. Autori\u00f5igustega tutvu\u00a0<a href=\"https:\/\/www.lilleliis.com\/et\/autorioigused\/\" target=\"_blank\" rel=\"noopener\">siin<\/a>.<\/p>\n","protected":false},"featured_media":42963,"comment_status":"open","ping_status":"closed","template":"","meta":[],"product_brand":[],"product_cat":[95,115],"product_tag":[123],"class_list":{"0":"post-42212","1":"product","2":"type-product","3":"status-publish","4":"has-post-thumbnail","6":"product_cat-amigurumi-opetused","7":"product_cat-beebimanguasjade-mustrid","8":"product_tag-beebidele","9":"pa_pattern-language-inglise","10":"pa_pattern-language-taani","11":"pa_pattern-skill-level-keskmine","13":"first","14":"instock","15":"sold-individually","16":"taxable","17":"shipping-taxable","18":"purchasable","19":"product-type-variable"},"yoast_head":"<!-- This site is optimized with the Yoast SEO plugin v27.3 - https:\/\/yoast.com\/product\/yoast-seo-wordpress\/ -->\n<title>Heegeldatud seenek\u00f5rin beebile | Amigurumi muster | lilleliis<\/title>\n<meta name=\"description\" content=\"Seenek\u00f5rin valmib kiiresti ja on toredaks isetehtud kingituseks beebile v\u00f5i vasts\u00fcndinule, eriti neile, kes s\u00fcndinud s\u00fcgisel.\" \/>\n<meta name=\"robots\" content=\"index, follow, max-snippet:-1, max-image-preview:large, max-video-preview:-1\" \/>\n<link rel=\"canonical\" href=\"https:\/\/www.lilleliis.com\/et\/toode\/heegeldatud-seenekorin-muster\/\" \/>\n<meta property=\"og:locale\" content=\"et_EE\" \/>\n<meta property=\"og:type\" content=\"article\" \/>\n<meta property=\"og:title\" content=\"Heegeldatud seenek\u00f5rin beebile | Amigurumi muster | lilleliis\" \/>\n<meta property=\"og:description\" content=\"Seenek\u00f5rin valmib kiiresti ja on toredaks isetehtud kingituseks beebile v\u00f5i vasts\u00fcndinule, eriti neile, kes s\u00fcndinud s\u00fcgisel.\" \/>\n<meta property=\"og:url\" content=\"https:\/\/www.lilleliis.com\/et\/toode\/heegeldatud-seenekorin-muster\/\" \/>\n<meta property=\"og:site_name\" content=\"lilleliis\" \/>\n<meta property=\"article:publisher\" content=\"https:\/\/www.facebook.com\/lilleliis-283266335035799\/\" \/>\n<meta property=\"og:image\" content=\"https:\/\/www.lilleliis.com\/wp-content\/uploads\/2017\/08\/DSC_1830a-1.jpg\" \/>\n\t<meta property=\"og:image:width\" content=\"1500\" \/>\n\t<meta property=\"og:image:height\" content=\"1000\" \/>\n\t<meta property=\"og:image:type\" content=\"image\/jpeg\" \/>\n<meta name=\"twitter:card\" content=\"summary_large_image\" \/>\n<meta name=\"twitter:label1\" content=\"Est. reading time\" \/>\n\t<meta name=\"twitter:data1\" content=\"1 minute\" \/>\n<script type=\"application\/ld+json\" class=\"yoast-schema-graph\">{\"@context\":\"https:\\\/\\\/schema.org\",\"@graph\":[{\"@type\":\"WebPage\",\"@id\":\"https:\\\/\\\/www.lilleliis.com\\\/et\\\/toode\\\/heegeldatud-seenekorin-muster\\\/\",\"url\":\"https:\\\/\\\/www.lilleliis.com\\\/et\\\/toode\\\/heegeldatud-seenekorin-muster\\\/\",\"name\":\"Heegeldatud seenek\u00f5rin beebile | Amigurumi muster | lilleliis\",\"isPartOf\":{\"@id\":\"https:\\\/\\\/www.lilleliis.com\\\/et\\\/#website\"},\"primaryImageOfPage\":{\"@id\":\"https:\\\/\\\/www.lilleliis.com\\\/et\\\/toode\\\/heegeldatud-seenekorin-muster\\\/#primaryimage\"},\"image\":{\"@id\":\"https:\\\/\\\/www.lilleliis.com\\\/et\\\/toode\\\/heegeldatud-seenekorin-muster\\\/#primaryimage\"},\"thumbnailUrl\":\"https:\\\/\\\/www.lilleliis.com\\\/wp-content\\\/uploads\\\/2017\\\/08\\\/DSC_1830a-1.jpg\",\"datePublished\":\"2025-08-23T14:21:13+00:00\",\"description\":\"Seenek\u00f5rin valmib kiiresti ja on toredaks isetehtud kingituseks beebile v\u00f5i vasts\u00fcndinule, eriti neile, kes s\u00fcndinud s\u00fcgisel.\",\"breadcrumb\":{\"@id\":\"https:\\\/\\\/www.lilleliis.com\\\/et\\\/toode\\\/heegeldatud-seenekorin-muster\\\/#breadcrumb\"},\"inLanguage\":\"et\",\"potentialAction\":[{\"@type\":\"ReadAction\",\"target\":[\"https:\\\/\\\/www.lilleliis.com\\\/et\\\/toode\\\/heegeldatud-seenekorin-muster\\\/\"]}]},{\"@type\":\"ImageObject\",\"inLanguage\":\"et\",\"@id\":\"https:\\\/\\\/www.lilleliis.com\\\/et\\\/toode\\\/heegeldatud-seenekorin-muster\\\/#primaryimage\",\"url\":\"https:\\\/\\\/www.lilleliis.com\\\/wp-content\\\/uploads\\\/2017\\\/08\\\/DSC_1830a-1.jpg\",\"contentUrl\":\"https:\\\/\\\/www.lilleliis.com\\\/wp-content\\\/uploads\\\/2017\\\/08\\\/DSC_1830a-1.jpg\",\"width\":1500,\"height\":1000,\"caption\":\"amigurumi seenek\u00f5rin\"},{\"@type\":\"BreadcrumbList\",\"@id\":\"https:\\\/\\\/www.lilleliis.com\\\/et\\\/toode\\\/heegeldatud-seenekorin-muster\\\/#breadcrumb\",\"itemListElement\":[{\"@type\":\"ListItem\",\"position\":1,\"name\":\"Home\",\"item\":\"https:\\\/\\\/www.lilleliis.com\\\/et\\\/\"},{\"@type\":\"ListItem\",\"position\":2,\"name\":\"Pood\",\"item\":\"https:\\\/\\\/www.lilleliis.com\\\/et\\\/shop\\\/\"},{\"@type\":\"ListItem\",\"position\":3,\"name\":\"Seenek\u00f5rin &#8211; amigurumi \u00f5petus (eng)\"}]},{\"@type\":\"WebSite\",\"@id\":\"https:\\\/\\\/www.lilleliis.com\\\/et\\\/#website\",\"url\":\"https:\\\/\\\/www.lilleliis.com\\\/et\\\/\",\"name\":\"lilleliis\",\"description\":\"Amigurumi m\u00e4nguasjad ja mustrid\",\"potentialAction\":[{\"@type\":\"SearchAction\",\"target\":{\"@type\":\"EntryPoint\",\"urlTemplate\":\"https:\\\/\\\/www.lilleliis.com\\\/et\\\/?s={search_term_string}\"},\"query-input\":{\"@type\":\"PropertyValueSpecification\",\"valueRequired\":true,\"valueName\":\"search_term_string\"}}],\"inLanguage\":\"et\"}]}<\/script>\n<!-- \/ Yoast SEO plugin. -->","yoast_head_json":{"title":"Heegeldatud seenek\u00f5rin beebile | Amigurumi muster | lilleliis","description":"Seenek\u00f5rin valmib kiiresti ja on toredaks isetehtud kingituseks beebile v\u00f5i vasts\u00fcndinule, eriti neile, kes s\u00fcndinud s\u00fcgisel.","robots":{"index":"index","follow":"follow","max-snippet":"max-snippet:-1","max-image-preview":"max-image-preview:large","max-video-preview":"max-video-preview:-1"},"canonical":"https:\/\/www.lilleliis.com\/et\/toode\/heegeldatud-seenekorin-muster\/","og_locale":"et_EE","og_type":"article","og_title":"Heegeldatud seenek\u00f5rin beebile | Amigurumi muster | lilleliis","og_description":"Seenek\u00f5rin valmib kiiresti ja on toredaks isetehtud kingituseks beebile v\u00f5i vasts\u00fcndinule, eriti neile, kes s\u00fcndinud s\u00fcgisel.","og_url":"https:\/\/www.lilleliis.com\/et\/toode\/heegeldatud-seenekorin-muster\/","og_site_name":"lilleliis","article_publisher":"https:\/\/www.facebook.com\/lilleliis-283266335035799\/","og_image":[{"width":1500,"height":1000,"url":"https:\/\/www.lilleliis.com\/wp-content\/uploads\/2017\/08\/DSC_1830a-1.jpg","type":"image\/jpeg"}],"twitter_card":"summary_large_image","twitter_misc":{"Est. reading time":"1 minute"},"schema":{"@context":"https:\/\/schema.org","@graph":[{"@type":"WebPage","@id":"https:\/\/www.lilleliis.com\/et\/toode\/heegeldatud-seenekorin-muster\/","url":"https:\/\/www.lilleliis.com\/et\/toode\/heegeldatud-seenekorin-muster\/","name":"Heegeldatud seenek\u00f5rin beebile | Amigurumi muster | lilleliis","isPartOf":{"@id":"https:\/\/www.lilleliis.com\/et\/#website"},"primaryImageOfPage":{"@id":"https:\/\/www.lilleliis.com\/et\/toode\/heegeldatud-seenekorin-muster\/#primaryimage"},"image":{"@id":"https:\/\/www.lilleliis.com\/et\/toode\/heegeldatud-seenekorin-muster\/#primaryimage"},"thumbnailUrl":"https:\/\/www.lilleliis.com\/wp-content\/uploads\/2017\/08\/DSC_1830a-1.jpg","datePublished":"2025-08-23T14:21:13+00:00","description":"Seenek\u00f5rin valmib kiiresti ja on toredaks isetehtud kingituseks beebile v\u00f5i vasts\u00fcndinule, eriti neile, kes s\u00fcndinud s\u00fcgisel.","breadcrumb":{"@id":"https:\/\/www.lilleliis.com\/et\/toode\/heegeldatud-seenekorin-muster\/#breadcrumb"},"inLanguage":"et","potentialAction":[{"@type":"ReadAction","target":["https:\/\/www.lilleliis.com\/et\/toode\/heegeldatud-seenekorin-muster\/"]}]},{"@type":"ImageObject","inLanguage":"et","@id":"https:\/\/www.lilleliis.com\/et\/toode\/heegeldatud-seenekorin-muster\/#primaryimage","url":"https:\/\/www.lilleliis.com\/wp-content\/uploads\/2017\/08\/DSC_1830a-1.jpg","contentUrl":"https:\/\/www.lilleliis.com\/wp-content\/uploads\/2017\/08\/DSC_1830a-1.jpg","width":1500,"height":1000,"caption":"amigurumi seenek\u00f5rin"},{"@type":"BreadcrumbList","@id":"https:\/\/www.lilleliis.com\/et\/toode\/heegeldatud-seenekorin-muster\/#breadcrumb","itemListElement":[{"@type":"ListItem","position":1,"name":"Home","item":"https:\/\/www.lilleliis.com\/et\/"},{"@type":"ListItem","position":2,"name":"Pood","item":"https:\/\/www.lilleliis.com\/et\/shop\/"},{"@type":"ListItem","position":3,"name":"Seenek\u00f5rin &#8211; amigurumi \u00f5petus (eng)"}]},{"@type":"WebSite","@id":"https:\/\/www.lilleliis.com\/et\/#website","url":"https:\/\/www.lilleliis.com\/et\/","name":"lilleliis","description":"Amigurumi m\u00e4nguasjad ja mustrid","potentialAction":[{"@type":"SearchAction","target":{"@type":"EntryPoint","urlTemplate":"https:\/\/www.lilleliis.com\/et\/?s={search_term_string}"},"query-input":{"@type":"PropertyValueSpecification","valueRequired":true,"valueName":"search_term_string"}}],"inLanguage":"et"}]}},"_links":{"self":[{"href":"https:\/\/www.lilleliis.com\/et\/wp-json\/wp\/v2\/product\/42212","targetHints":{"allow":["GET"]}}],"collection":[{"href":"https:\/\/www.lilleliis.com\/et\/wp-json\/wp\/v2\/product"}],"about":[{"href":"https:\/\/www.lilleliis.com\/et\/wp-json\/wp\/v2\/types\/product"}],"replies":[{"embeddable":true,"href":"https:\/\/www.lilleliis.com\/et\/wp-json\/wp\/v2\/comments?post=42212"}],"wp:featuredmedia":[{"embeddable":true,"href":"https:\/\/www.lilleliis.com\/et\/wp-json\/wp\/v2\/media\/42963"}],"wp:attachment":[{"href":"https:\/\/www.lilleliis.com\/et\/wp-json\/wp\/v2\/media?parent=42212"}],"wp:term":[{"taxonomy":"product_brand","embeddable":true,"href":"https:\/\/www.lilleliis.com\/et\/wp-json\/wp\/v2\/product_brand?post=42212"},{"taxonomy":"product_cat","embeddable":true,"href":"https:\/\/www.lilleliis.com\/et\/wp-json\/wp\/v2\/product_cat?post=42212"},{"taxonomy":"product_tag","embeddable":true,"href":"https:\/\/www.lilleliis.com\/et\/wp-json\/wp\/v2\/product_tag?post=42212"}],"curies":[{"name":"wp","href":"https:\/\/api.w.org\/{rel}","templated":true}]}}