{"id":44495,"date":"2019-11-15T10:17:33","date_gmt":"2017-10-13T10:28:10","guid":{"rendered":"http:\/\/www.lilleliis.com\/?post_type=product&#038;p=44495"},"modified":"2019-11-15T18:46:37","modified_gmt":"2019-11-15T18:46:37","slug":"linnu-kaunistus-sarts","status":"publish","type":"product","link":"https:\/\/www.lilleliis.com\/et\/toode\/linnu-kaunistus-sarts\/","title":{"rendered":"Linnu kaunistus &#8220;S\u00e4rts&#8221;"},"content":{"rendered":"<p>Materjal:<\/p>\n<ul>\n<li>100 % puuvillane l\u00f5ng<\/li>\n<li>pol\u00fcester kerakiud<\/li>\n<li>puuvillane kangas<\/li>\n<\/ul>\n<p>Suurus: 6 x 6 cm<\/p>\n<p>V\u00e4rv: elevandiluu, l\u00f5heroosa, m\u00fcnt<\/p>\n<p>&nbsp;<\/p>\n","protected":false},"excerpt":{"rendered":"<p>Kaunid tuvid kodu kaunistuseks j\u00f5uludel v\u00f5i kevadp\u00fchadel. Minimalistlik disain, modernne v\u00e4rvilahendus. Komplektis 2 lindu laimirohelises karbis.<\/p>\n","protected":false},"featured_media":44486,"comment_status":"open","ping_status":"closed","template":"","meta":[],"product_brand":[],"product_cat":[485],"product_tag":[],"class_list":{"0":"post-44495","1":"product","2":"type-product","3":"status-publish","4":"has-post-thumbnail","6":"product_cat-uncategorized","8":"first","9":"outofstock","10":"taxable","11":"shipping-taxable","12":"purchasable","13":"product-type-simple"},"yoast_head":"<!-- This site is optimized with the Yoast SEO plugin v27.3 - https:\/\/yoast.com\/product\/yoast-seo-wordpress\/ -->\n<title>Linnu kaunistus &quot;S\u00e4rts&quot; | lilleliis<\/title>\n<meta name=\"robots\" content=\"index, follow, max-snippet:-1, max-image-preview:large, max-video-preview:-1\" \/>\n<link rel=\"canonical\" href=\"https:\/\/www.lilleliis.com\/et\/toode\/linnu-kaunistus-sarts\/\" \/>\n<meta property=\"og:locale\" content=\"et_EE\" \/>\n<meta property=\"og:type\" content=\"article\" \/>\n<meta property=\"og:title\" content=\"Linnu kaunistus &quot;S\u00e4rts&quot; | lilleliis\" \/>\n<meta property=\"og:description\" content=\"Kaunid tuvid kodu kaunistuseks j\u00f5uludel v\u00f5i kevadp\u00fchadel. Minimalistlik disain, modernne v\u00e4rvilahendus. Komplektis 2 lindu laimirohelises karbis.\" \/>\n<meta property=\"og:url\" content=\"https:\/\/www.lilleliis.com\/et\/toode\/linnu-kaunistus-sarts\/\" \/>\n<meta property=\"og:site_name\" content=\"lilleliis\" \/>\n<meta property=\"article:publisher\" content=\"https:\/\/www.facebook.com\/lilleliis-283266335035799\/\" \/>\n<meta property=\"article:modified_time\" content=\"2019-11-15T18:46:37+00:00\" \/>\n<meta property=\"og:image\" content=\"https:\/\/www.lilleliis.com\/wp-content\/uploads\/2017\/10\/DSC_4408.jpg\" \/>\n\t<meta property=\"og:image:width\" content=\"1500\" \/>\n\t<meta property=\"og:image:height\" content=\"1000\" \/>\n\t<meta property=\"og:image:type\" content=\"image\/jpeg\" \/>\n<meta name=\"twitter:card\" content=\"summary_large_image\" \/>\n<script type=\"application\/ld+json\" class=\"yoast-schema-graph\">{\"@context\":\"https:\\\/\\\/schema.org\",\"@graph\":[{\"@type\":\"WebPage\",\"@id\":\"https:\\\/\\\/www.lilleliis.com\\\/et\\\/toode\\\/linnu-kaunistus-sarts\\\/\",\"url\":\"https:\\\/\\\/www.lilleliis.com\\\/et\\\/toode\\\/linnu-kaunistus-sarts\\\/\",\"name\":\"Linnu kaunistus \\\"S\u00e4rts\\\" | lilleliis\",\"isPartOf\":{\"@id\":\"https:\\\/\\\/www.lilleliis.com\\\/et\\\/#website\"},\"primaryImageOfPage\":{\"@id\":\"https:\\\/\\\/www.lilleliis.com\\\/et\\\/toode\\\/linnu-kaunistus-sarts\\\/#primaryimage\"},\"image\":{\"@id\":\"https:\\\/\\\/www.lilleliis.com\\\/et\\\/toode\\\/linnu-kaunistus-sarts\\\/#primaryimage\"},\"thumbnailUrl\":\"https:\\\/\\\/www.lilleliis.com\\\/wp-content\\\/uploads\\\/2017\\\/10\\\/DSC_4408.jpg\",\"datePublished\":\"2017-10-13T10:28:10+00:00\",\"dateModified\":\"2019-11-15T18:46:37+00:00\",\"breadcrumb\":{\"@id\":\"https:\\\/\\\/www.lilleliis.com\\\/et\\\/toode\\\/linnu-kaunistus-sarts\\\/#breadcrumb\"},\"inLanguage\":\"et\",\"potentialAction\":[{\"@type\":\"ReadAction\",\"target\":[\"https:\\\/\\\/www.lilleliis.com\\\/et\\\/toode\\\/linnu-kaunistus-sarts\\\/\"]}]},{\"@type\":\"ImageObject\",\"inLanguage\":\"et\",\"@id\":\"https:\\\/\\\/www.lilleliis.com\\\/et\\\/toode\\\/linnu-kaunistus-sarts\\\/#primaryimage\",\"url\":\"https:\\\/\\\/www.lilleliis.com\\\/wp-content\\\/uploads\\\/2017\\\/10\\\/DSC_4408.jpg\",\"contentUrl\":\"https:\\\/\\\/www.lilleliis.com\\\/wp-content\\\/uploads\\\/2017\\\/10\\\/DSC_4408.jpg\",\"width\":1500,\"height\":1000},{\"@type\":\"BreadcrumbList\",\"@id\":\"https:\\\/\\\/www.lilleliis.com\\\/et\\\/toode\\\/linnu-kaunistus-sarts\\\/#breadcrumb\",\"itemListElement\":[{\"@type\":\"ListItem\",\"position\":1,\"name\":\"Home\",\"item\":\"https:\\\/\\\/www.lilleliis.com\\\/et\\\/\"},{\"@type\":\"ListItem\",\"position\":2,\"name\":\"Pood\",\"item\":\"https:\\\/\\\/www.lilleliis.com\\\/et\\\/shop\\\/\"},{\"@type\":\"ListItem\",\"position\":3,\"name\":\"Linnu kaunistus &#8220;S\u00e4rts&#8221;\"}]},{\"@type\":\"WebSite\",\"@id\":\"https:\\\/\\\/www.lilleliis.com\\\/et\\\/#website\",\"url\":\"https:\\\/\\\/www.lilleliis.com\\\/et\\\/\",\"name\":\"lilleliis\",\"description\":\"Amigurumi m\u00e4nguasjad ja mustrid\",\"potentialAction\":[{\"@type\":\"SearchAction\",\"target\":{\"@type\":\"EntryPoint\",\"urlTemplate\":\"https:\\\/\\\/www.lilleliis.com\\\/et\\\/?s={search_term_string}\"},\"query-input\":{\"@type\":\"PropertyValueSpecification\",\"valueRequired\":true,\"valueName\":\"search_term_string\"}}],\"inLanguage\":\"et\"}]}<\/script>\n<!-- \/ Yoast SEO plugin. -->","yoast_head_json":{"title":"Linnu kaunistus \"S\u00e4rts\" | lilleliis","robots":{"index":"index","follow":"follow","max-snippet":"max-snippet:-1","max-image-preview":"max-image-preview:large","max-video-preview":"max-video-preview:-1"},"canonical":"https:\/\/www.lilleliis.com\/et\/toode\/linnu-kaunistus-sarts\/","og_locale":"et_EE","og_type":"article","og_title":"Linnu kaunistus \"S\u00e4rts\" | lilleliis","og_description":"Kaunid tuvid kodu kaunistuseks j\u00f5uludel v\u00f5i kevadp\u00fchadel. Minimalistlik disain, modernne v\u00e4rvilahendus. Komplektis 2 lindu laimirohelises karbis.","og_url":"https:\/\/www.lilleliis.com\/et\/toode\/linnu-kaunistus-sarts\/","og_site_name":"lilleliis","article_publisher":"https:\/\/www.facebook.com\/lilleliis-283266335035799\/","article_modified_time":"2019-11-15T18:46:37+00:00","og_image":[{"width":1500,"height":1000,"url":"https:\/\/www.lilleliis.com\/wp-content\/uploads\/2017\/10\/DSC_4408.jpg","type":"image\/jpeg"}],"twitter_card":"summary_large_image","schema":{"@context":"https:\/\/schema.org","@graph":[{"@type":"WebPage","@id":"https:\/\/www.lilleliis.com\/et\/toode\/linnu-kaunistus-sarts\/","url":"https:\/\/www.lilleliis.com\/et\/toode\/linnu-kaunistus-sarts\/","name":"Linnu kaunistus \"S\u00e4rts\" | lilleliis","isPartOf":{"@id":"https:\/\/www.lilleliis.com\/et\/#website"},"primaryImageOfPage":{"@id":"https:\/\/www.lilleliis.com\/et\/toode\/linnu-kaunistus-sarts\/#primaryimage"},"image":{"@id":"https:\/\/www.lilleliis.com\/et\/toode\/linnu-kaunistus-sarts\/#primaryimage"},"thumbnailUrl":"https:\/\/www.lilleliis.com\/wp-content\/uploads\/2017\/10\/DSC_4408.jpg","datePublished":"2017-10-13T10:28:10+00:00","dateModified":"2019-11-15T18:46:37+00:00","breadcrumb":{"@id":"https:\/\/www.lilleliis.com\/et\/toode\/linnu-kaunistus-sarts\/#breadcrumb"},"inLanguage":"et","potentialAction":[{"@type":"ReadAction","target":["https:\/\/www.lilleliis.com\/et\/toode\/linnu-kaunistus-sarts\/"]}]},{"@type":"ImageObject","inLanguage":"et","@id":"https:\/\/www.lilleliis.com\/et\/toode\/linnu-kaunistus-sarts\/#primaryimage","url":"https:\/\/www.lilleliis.com\/wp-content\/uploads\/2017\/10\/DSC_4408.jpg","contentUrl":"https:\/\/www.lilleliis.com\/wp-content\/uploads\/2017\/10\/DSC_4408.jpg","width":1500,"height":1000},{"@type":"BreadcrumbList","@id":"https:\/\/www.lilleliis.com\/et\/toode\/linnu-kaunistus-sarts\/#breadcrumb","itemListElement":[{"@type":"ListItem","position":1,"name":"Home","item":"https:\/\/www.lilleliis.com\/et\/"},{"@type":"ListItem","position":2,"name":"Pood","item":"https:\/\/www.lilleliis.com\/et\/shop\/"},{"@type":"ListItem","position":3,"name":"Linnu kaunistus &#8220;S\u00e4rts&#8221;"}]},{"@type":"WebSite","@id":"https:\/\/www.lilleliis.com\/et\/#website","url":"https:\/\/www.lilleliis.com\/et\/","name":"lilleliis","description":"Amigurumi m\u00e4nguasjad ja mustrid","potentialAction":[{"@type":"SearchAction","target":{"@type":"EntryPoint","urlTemplate":"https:\/\/www.lilleliis.com\/et\/?s={search_term_string}"},"query-input":{"@type":"PropertyValueSpecification","valueRequired":true,"valueName":"search_term_string"}}],"inLanguage":"et"}]}},"_links":{"self":[{"href":"https:\/\/www.lilleliis.com\/et\/wp-json\/wp\/v2\/product\/44495","targetHints":{"allow":["GET"]}}],"collection":[{"href":"https:\/\/www.lilleliis.com\/et\/wp-json\/wp\/v2\/product"}],"about":[{"href":"https:\/\/www.lilleliis.com\/et\/wp-json\/wp\/v2\/types\/product"}],"replies":[{"embeddable":true,"href":"https:\/\/www.lilleliis.com\/et\/wp-json\/wp\/v2\/comments?post=44495"}],"wp:featuredmedia":[{"embeddable":true,"href":"https:\/\/www.lilleliis.com\/et\/wp-json\/wp\/v2\/media\/44486"}],"wp:attachment":[{"href":"https:\/\/www.lilleliis.com\/et\/wp-json\/wp\/v2\/media?parent=44495"}],"wp:term":[{"taxonomy":"product_brand","embeddable":true,"href":"https:\/\/www.lilleliis.com\/et\/wp-json\/wp\/v2\/product_brand?post=44495"},{"taxonomy":"product_cat","embeddable":true,"href":"https:\/\/www.lilleliis.com\/et\/wp-json\/wp\/v2\/product_cat?post=44495"},{"taxonomy":"product_tag","embeddable":true,"href":"https:\/\/www.lilleliis.com\/et\/wp-json\/wp\/v2\/product_tag?post=44495"}],"curies":[{"name":"wp","href":"https:\/\/api.w.org\/{rel}","templated":true}]}}