{"id":44897,"date":"2025-11-04T11:12:01","date_gmt":"2025-11-04T09:12:01","guid":{"rendered":"http:\/\/www.lilleliis.com\/?post_type=product&#038;p=44897"},"modified":"2026-01-31T00:00:14","modified_gmt":"2026-01-30T22:00:14","slug":"heegeldatud-amigurumi-karu-muster","status":"publish","type":"product","link":"https:\/\/www.lilleliis.com\/et\/toode\/heegeldatud-amigurumi-karu-muster\/","title":{"rendered":"M\u00f6mm &#8211; amigurumi muster (eng)"},"content":{"rendered":null,"protected":false},"excerpt":{"rendered":"<p>M\u00f6mm on pehme ja villane, padjakujuline amigurumi karu. Isegi tema viguriga silmad on l\u00f5ngast, nii et karul pole \u00fchtegi k\u00f5va detaili. Lapiku karu k\u00f5hule on hea pead toetada, kui kuulad unejuttu v\u00f5i j\u00e4\u00e4d tudule. Heegeldatud lapid annavad karule hoopis uudse ja p\u00f5neva ilme.<\/p>\n<hr \/>\n<p><span data-text-color=\"primary\">MUSTRIST<\/span><\/p>\n<p>Allalaetav ja lihtsasti j\u00e4lgitav k\u00e4sit\u00f6\u00f6 \u00f5petus (PDF fail). Juhend sisaldab samm-sammulist \u00f5petust eseme valmistamiseks ning hulgaliselt abistavaid fotosid.<\/p>\n<p>Keel: inglise, saksa, hollandi, taani<\/p>\n<p>\u00d5petuse raskusaste: keeruline<\/p>\n<p>Vajaminevad v\u00f5tted: kinnissilmus, \u00fchekordne sammas<\/p>\n<hr \/>\n<p><span data-text-color=\"primary\">SUURUS JA MATERJAL<\/span><\/p>\n<p>Suurus: 28 cm<\/p>\n<p>Valmistamiseks on kasutatud nii villasegust kui puuvillast l\u00f5nga ning heegeln\u00f5elu j\u00e4medusega 2,5 ja 3,5 mm.<\/p>\n<hr \/>\n<p><span data-text-color=\"primary\">ABI JA COPYRIGHT<\/span><\/p>\n<p>K\u00fcsimuste korral saab abi\u00a0<a href=\"mailto:%20lilleliis@gmail.com\">e-posti teel<\/a>.<\/p>\n<p>\u00d5petuse j\u00e4rgi valmistatud esemeid v\u00f5ib m\u00fc\u00fca. \u00d5petust on keelatud jagada. Autori\u00f5igustega tutvu\u00a0<a href=\"https:\/\/www.lilleliis.com\/et\/autorioigused\/\" target=\"_blank\" rel=\"noopener\">siin<\/a>.<\/p>\n","protected":false},"featured_media":44902,"comment_status":"open","ping_status":"closed","template":"","meta":[],"product_brand":[],"product_cat":[95,149],"product_tag":[],"class_list":{"0":"post-44897","1":"product","2":"type-product","3":"status-publish","4":"has-post-thumbnail","6":"product_cat-amigurumi-opetused","7":"product_cat-kaisukaru-mustrid","8":"pa_pattern-language-hollandi","9":"pa_pattern-language-inglise","10":"pa_pattern-language-saksa","11":"pa_pattern-language-taani","12":"pa_pattern-skill-level-keeruline","14":"first","15":"instock","16":"sold-individually","17":"taxable","18":"shipping-taxable","19":"purchasable","20":"product-type-variable"},"yoast_head":"<!-- This site is optimized with the Yoast SEO plugin v27.3 - https:\/\/yoast.com\/product\/yoast-seo-wordpress\/ -->\n<title>M\u00f6mm | Heegeldatud amigurumi karu muster | lilleliis<\/title>\n<meta name=\"description\" content=\"Heegeldatud amigurumi karu muster. Heegelda ise pehme, padjakujuline M\u00f6mm. Karul pole \u00fchtegi k\u00f5va detaili.\" \/>\n<meta name=\"robots\" content=\"index, follow, max-snippet:-1, max-image-preview:large, max-video-preview:-1\" \/>\n<link rel=\"canonical\" href=\"https:\/\/www.lilleliis.com\/et\/toode\/heegeldatud-amigurumi-karu-muster\/\" \/>\n<meta property=\"og:locale\" content=\"et_EE\" \/>\n<meta property=\"og:type\" content=\"article\" \/>\n<meta property=\"og:title\" content=\"M\u00f6mm | Heegeldatud amigurumi karu muster | lilleliis\" \/>\n<meta property=\"og:description\" content=\"Heegeldatud amigurumi karu muster. Heegelda ise pehme, padjakujuline M\u00f6mm. Karul pole \u00fchtegi k\u00f5va detaili.\" \/>\n<meta property=\"og:url\" content=\"https:\/\/www.lilleliis.com\/et\/toode\/heegeldatud-amigurumi-karu-muster\/\" \/>\n<meta property=\"og:site_name\" content=\"lilleliis\" \/>\n<meta property=\"article:publisher\" content=\"https:\/\/www.facebook.com\/lilleliis-283266335035799\/\" \/>\n<meta property=\"article:modified_time\" content=\"2026-01-30T22:00:14+00:00\" \/>\n<meta property=\"og:image\" content=\"https:\/\/www.lilleliis.com\/wp-content\/uploads\/2017\/10\/DSC_4832.jpg\" \/>\n\t<meta property=\"og:image:width\" content=\"1500\" \/>\n\t<meta property=\"og:image:height\" content=\"1000\" \/>\n\t<meta property=\"og:image:type\" content=\"image\/jpeg\" \/>\n<meta name=\"twitter:card\" content=\"summary_large_image\" \/>\n<script type=\"application\/ld+json\" class=\"yoast-schema-graph\">{\"@context\":\"https:\\\/\\\/schema.org\",\"@graph\":[{\"@type\":\"WebPage\",\"@id\":\"https:\\\/\\\/www.lilleliis.com\\\/et\\\/toode\\\/heegeldatud-amigurumi-karu-muster\\\/\",\"url\":\"https:\\\/\\\/www.lilleliis.com\\\/et\\\/toode\\\/heegeldatud-amigurumi-karu-muster\\\/\",\"name\":\"M\u00f6mm | Heegeldatud amigurumi karu muster | lilleliis\",\"isPartOf\":{\"@id\":\"https:\\\/\\\/www.lilleliis.com\\\/et\\\/#website\"},\"primaryImageOfPage\":{\"@id\":\"https:\\\/\\\/www.lilleliis.com\\\/et\\\/toode\\\/heegeldatud-amigurumi-karu-muster\\\/#primaryimage\"},\"image\":{\"@id\":\"https:\\\/\\\/www.lilleliis.com\\\/et\\\/toode\\\/heegeldatud-amigurumi-karu-muster\\\/#primaryimage\"},\"thumbnailUrl\":\"https:\\\/\\\/www.lilleliis.com\\\/wp-content\\\/uploads\\\/2017\\\/10\\\/DSC_4832.jpg\",\"datePublished\":\"2025-11-04T09:12:01+00:00\",\"dateModified\":\"2026-01-30T22:00:14+00:00\",\"description\":\"Heegeldatud amigurumi karu muster. Heegelda ise pehme, padjakujuline M\u00f6mm. Karul pole \u00fchtegi k\u00f5va detaili.\",\"breadcrumb\":{\"@id\":\"https:\\\/\\\/www.lilleliis.com\\\/et\\\/toode\\\/heegeldatud-amigurumi-karu-muster\\\/#breadcrumb\"},\"inLanguage\":\"et\",\"potentialAction\":[{\"@type\":\"ReadAction\",\"target\":[\"https:\\\/\\\/www.lilleliis.com\\\/et\\\/toode\\\/heegeldatud-amigurumi-karu-muster\\\/\"]}]},{\"@type\":\"ImageObject\",\"inLanguage\":\"et\",\"@id\":\"https:\\\/\\\/www.lilleliis.com\\\/et\\\/toode\\\/heegeldatud-amigurumi-karu-muster\\\/#primaryimage\",\"url\":\"https:\\\/\\\/www.lilleliis.com\\\/wp-content\\\/uploads\\\/2017\\\/10\\\/DSC_4832.jpg\",\"contentUrl\":\"https:\\\/\\\/www.lilleliis.com\\\/wp-content\\\/uploads\\\/2017\\\/10\\\/DSC_4832.jpg\",\"width\":1500,\"height\":1000,\"caption\":\"Heegelda ise karu M\u00f6mm pdf muster inglise keeles\"},{\"@type\":\"BreadcrumbList\",\"@id\":\"https:\\\/\\\/www.lilleliis.com\\\/et\\\/toode\\\/heegeldatud-amigurumi-karu-muster\\\/#breadcrumb\",\"itemListElement\":[{\"@type\":\"ListItem\",\"position\":1,\"name\":\"Home\",\"item\":\"https:\\\/\\\/www.lilleliis.com\\\/et\\\/\"},{\"@type\":\"ListItem\",\"position\":2,\"name\":\"Pood\",\"item\":\"https:\\\/\\\/www.lilleliis.com\\\/et\\\/shop\\\/\"},{\"@type\":\"ListItem\",\"position\":3,\"name\":\"M\u00f6mm &#8211; amigurumi muster (eng)\"}]},{\"@type\":\"WebSite\",\"@id\":\"https:\\\/\\\/www.lilleliis.com\\\/et\\\/#website\",\"url\":\"https:\\\/\\\/www.lilleliis.com\\\/et\\\/\",\"name\":\"lilleliis\",\"description\":\"Amigurumi m\u00e4nguasjad ja mustrid\",\"potentialAction\":[{\"@type\":\"SearchAction\",\"target\":{\"@type\":\"EntryPoint\",\"urlTemplate\":\"https:\\\/\\\/www.lilleliis.com\\\/et\\\/?s={search_term_string}\"},\"query-input\":{\"@type\":\"PropertyValueSpecification\",\"valueRequired\":true,\"valueName\":\"search_term_string\"}}],\"inLanguage\":\"et\"}]}<\/script>\n<!-- \/ Yoast SEO plugin. -->","yoast_head_json":{"title":"M\u00f6mm | Heegeldatud amigurumi karu muster | lilleliis","description":"Heegeldatud amigurumi karu muster. Heegelda ise pehme, padjakujuline M\u00f6mm. Karul pole \u00fchtegi k\u00f5va detaili.","robots":{"index":"index","follow":"follow","max-snippet":"max-snippet:-1","max-image-preview":"max-image-preview:large","max-video-preview":"max-video-preview:-1"},"canonical":"https:\/\/www.lilleliis.com\/et\/toode\/heegeldatud-amigurumi-karu-muster\/","og_locale":"et_EE","og_type":"article","og_title":"M\u00f6mm | Heegeldatud amigurumi karu muster | lilleliis","og_description":"Heegeldatud amigurumi karu muster. Heegelda ise pehme, padjakujuline M\u00f6mm. Karul pole \u00fchtegi k\u00f5va detaili.","og_url":"https:\/\/www.lilleliis.com\/et\/toode\/heegeldatud-amigurumi-karu-muster\/","og_site_name":"lilleliis","article_publisher":"https:\/\/www.facebook.com\/lilleliis-283266335035799\/","article_modified_time":"2026-01-30T22:00:14+00:00","og_image":[{"width":1500,"height":1000,"url":"https:\/\/www.lilleliis.com\/wp-content\/uploads\/2017\/10\/DSC_4832.jpg","type":"image\/jpeg"}],"twitter_card":"summary_large_image","schema":{"@context":"https:\/\/schema.org","@graph":[{"@type":"WebPage","@id":"https:\/\/www.lilleliis.com\/et\/toode\/heegeldatud-amigurumi-karu-muster\/","url":"https:\/\/www.lilleliis.com\/et\/toode\/heegeldatud-amigurumi-karu-muster\/","name":"M\u00f6mm | Heegeldatud amigurumi karu muster | lilleliis","isPartOf":{"@id":"https:\/\/www.lilleliis.com\/et\/#website"},"primaryImageOfPage":{"@id":"https:\/\/www.lilleliis.com\/et\/toode\/heegeldatud-amigurumi-karu-muster\/#primaryimage"},"image":{"@id":"https:\/\/www.lilleliis.com\/et\/toode\/heegeldatud-amigurumi-karu-muster\/#primaryimage"},"thumbnailUrl":"https:\/\/www.lilleliis.com\/wp-content\/uploads\/2017\/10\/DSC_4832.jpg","datePublished":"2025-11-04T09:12:01+00:00","dateModified":"2026-01-30T22:00:14+00:00","description":"Heegeldatud amigurumi karu muster. Heegelda ise pehme, padjakujuline M\u00f6mm. Karul pole \u00fchtegi k\u00f5va detaili.","breadcrumb":{"@id":"https:\/\/www.lilleliis.com\/et\/toode\/heegeldatud-amigurumi-karu-muster\/#breadcrumb"},"inLanguage":"et","potentialAction":[{"@type":"ReadAction","target":["https:\/\/www.lilleliis.com\/et\/toode\/heegeldatud-amigurumi-karu-muster\/"]}]},{"@type":"ImageObject","inLanguage":"et","@id":"https:\/\/www.lilleliis.com\/et\/toode\/heegeldatud-amigurumi-karu-muster\/#primaryimage","url":"https:\/\/www.lilleliis.com\/wp-content\/uploads\/2017\/10\/DSC_4832.jpg","contentUrl":"https:\/\/www.lilleliis.com\/wp-content\/uploads\/2017\/10\/DSC_4832.jpg","width":1500,"height":1000,"caption":"Heegelda ise karu M\u00f6mm pdf muster inglise keeles"},{"@type":"BreadcrumbList","@id":"https:\/\/www.lilleliis.com\/et\/toode\/heegeldatud-amigurumi-karu-muster\/#breadcrumb","itemListElement":[{"@type":"ListItem","position":1,"name":"Home","item":"https:\/\/www.lilleliis.com\/et\/"},{"@type":"ListItem","position":2,"name":"Pood","item":"https:\/\/www.lilleliis.com\/et\/shop\/"},{"@type":"ListItem","position":3,"name":"M\u00f6mm &#8211; amigurumi muster (eng)"}]},{"@type":"WebSite","@id":"https:\/\/www.lilleliis.com\/et\/#website","url":"https:\/\/www.lilleliis.com\/et\/","name":"lilleliis","description":"Amigurumi m\u00e4nguasjad ja mustrid","potentialAction":[{"@type":"SearchAction","target":{"@type":"EntryPoint","urlTemplate":"https:\/\/www.lilleliis.com\/et\/?s={search_term_string}"},"query-input":{"@type":"PropertyValueSpecification","valueRequired":true,"valueName":"search_term_string"}}],"inLanguage":"et"}]}},"_links":{"self":[{"href":"https:\/\/www.lilleliis.com\/et\/wp-json\/wp\/v2\/product\/44897","targetHints":{"allow":["GET"]}}],"collection":[{"href":"https:\/\/www.lilleliis.com\/et\/wp-json\/wp\/v2\/product"}],"about":[{"href":"https:\/\/www.lilleliis.com\/et\/wp-json\/wp\/v2\/types\/product"}],"replies":[{"embeddable":true,"href":"https:\/\/www.lilleliis.com\/et\/wp-json\/wp\/v2\/comments?post=44897"}],"wp:featuredmedia":[{"embeddable":true,"href":"https:\/\/www.lilleliis.com\/et\/wp-json\/wp\/v2\/media\/44902"}],"wp:attachment":[{"href":"https:\/\/www.lilleliis.com\/et\/wp-json\/wp\/v2\/media?parent=44897"}],"wp:term":[{"taxonomy":"product_brand","embeddable":true,"href":"https:\/\/www.lilleliis.com\/et\/wp-json\/wp\/v2\/product_brand?post=44897"},{"taxonomy":"product_cat","embeddable":true,"href":"https:\/\/www.lilleliis.com\/et\/wp-json\/wp\/v2\/product_cat?post=44897"},{"taxonomy":"product_tag","embeddable":true,"href":"https:\/\/www.lilleliis.com\/et\/wp-json\/wp\/v2\/product_tag?post=44897"}],"curies":[{"name":"wp","href":"https:\/\/api.w.org\/{rel}","templated":true}]}}