{"id":4516,"date":"2026-02-15T18:12:56","date_gmt":"2026-02-15T16:12:56","guid":{"rendered":"http:\/\/lilleliis.com\/?post_type=product&#038;p=4516"},"modified":"2026-04-07T09:27:41","modified_gmt":"2026-04-07T06:27:41","slug":"heegeldatud-memmepoeg-janes","status":"publish","type":"product","link":"https:\/\/www.lilleliis.com\/et\/toode\/heegeldatud-memmepoeg-janes\/","title":{"rendered":"Suure j\u00e4nese heegeldamise \u00f5petus &#8211; Memmepoeg j\u00e4nes (ENG)"},"content":{"rendered":"<p>Amigurumi j\u00e4nese heegeldamise \u00f5petus &#8211; Memmepoeg j\u00e4nes<\/p>\n<h3>Mustrist<\/h3>\n<p>Allalaetav ja lihtsasti j\u00e4lgitav heegeldamise \u00f5petus (PDF fail). Juhend sisaldab samm-sammulist \u00f5petust eseme valmistamiseks ning hulgaliselt abistavaid fotosid.<\/p>\n<p>Keel: inglise, taani<\/p>\n<p>\u00d5petuse raskusaste: keskmine<\/p>\n<p>Vajaminevad v\u00f5tted: kinnissilmus, poolsammas, \u00fchekordne sammas<\/p>\n<div class=\"is-divider divider clearfix\" ><\/div>\n<h3>Suurus ja materjal<\/h3>\n<p>Suurus: 52 cm<\/p>\n<p>Valmistamiseks on kasutatud villast ja puuvillast l\u00f5nga ning heegeln\u00f5ela j\u00e4medusega 3,5 mm.<\/p>\n<div class=\"is-divider divider clearfix\" ><\/div>\n<h3>Abi ja copyright<\/h3>\n<p>K\u00fcsimuste korral saab abi\u00a0<a href=\"mailto:%20lilleliis@gmail.com\">e-posti teel<\/a>.<\/p>\n<p>\u00d5petuse j\u00e4rgi valmistatud esemeid v\u00f5ib m\u00fc\u00fca. \u00d5petust on keelatud jagada. Autori\u00f5igustega tutvu\u00a0<a href=\"https:\/\/www.lilleliis.com\/et\/autorioigused\/\" target=\"_blank\" rel=\"noopener\">siin<\/a>.<\/p>\n","protected":false},"excerpt":{"rendered":"<p data-start=\"1546\" data-end=\"1716\">Heegeldatud Memmepoeg j\u00e4nes on suur ja iseloomuga tegelane, kes paistab silma oma hiiglaslike k\u00f5rvade ja suure armastusega porgandite vastu. Tema kurvad silmad sulatavad lausa s\u00fcdame.<\/p>\n<p data-start=\"1724\" data-end=\"1896\">J\u00e4nesel on jalas heegeldatud p\u00fcksid, kangaga kaetud k\u00f5rvad ja eraldi tehtavad sussid. \u00d5petus sisaldab ka v\u00e4ikese porgandi juhist, mida ta kaenla all kanda tavatseb.<\/p>\n<p data-start=\"1904\" data-end=\"2047\">Valmis j\u00e4nes on umbes 52 cm pikk.<\/p>\n<p data-start=\"1904\" data-end=\"2047\"><div class=\"is-divider divider clearfix\" ><\/div>\n<p data-start=\"1904\" data-end=\"2047\">Tegemist on allalaetava <strong data-start=\"326\" data-end=\"343\">PDF-\u00f5petusega<\/strong>, mis sisaldab rohkelt fotosid. \u00d5petuse raskusaste on <strong data-start=\"397\" data-end=\"409\">keskmine<\/strong>. Saadaval inglise ja taani keeles.<\/p>\n","protected":false},"featured_media":43130,"comment_status":"open","ping_status":"closed","template":"","meta":[],"product_brand":[],"product_cat":[95,119],"product_tag":[],"class_list":{"0":"post-4516","1":"product","2":"type-product","3":"status-publish","4":"has-post-thumbnail","6":"product_cat-amigurumi-opetused","7":"product_cat-janku-mustrid","8":"pa_pattern-language-inglise","9":"pa_pattern-language-taani","10":"pa_pattern-skill-level-keskmine","12":"first","13":"instock","14":"sold-individually","15":"taxable","16":"shipping-taxable","17":"purchasable","18":"product-type-variable"},"yoast_head":"<!-- This site is optimized with the Yoast SEO plugin v27.3 - https:\/\/yoast.com\/product\/yoast-seo-wordpress\/ -->\n<title>Suure j\u00e4nese heegeldamise \u00f5petus - Memmepoeg j\u00e4nes (ENG) | lilleliis<\/title>\n<meta name=\"description\" content=\"Suure j\u00e4nese heegeldamise \u00f5petus: heegelda 52 cm amigurumi j\u00e4nes Memmepoeg koos porgandiga. PDF juhend fotodega.\" \/>\n<meta name=\"robots\" content=\"index, follow, max-snippet:-1, max-image-preview:large, max-video-preview:-1\" \/>\n<link rel=\"canonical\" href=\"https:\/\/www.lilleliis.com\/et\/toode\/heegeldatud-memmepoeg-janes\/\" \/>\n<meta property=\"og:locale\" content=\"et_EE\" \/>\n<meta property=\"og:type\" content=\"article\" \/>\n<meta property=\"og:title\" content=\"Suure j\u00e4nese heegeldamise \u00f5petus - Memmepoeg j\u00e4nes (ENG) | lilleliis\" \/>\n<meta property=\"og:description\" content=\"Suure j\u00e4nese heegeldamise \u00f5petus: heegelda 52 cm amigurumi j\u00e4nes Memmepoeg koos porgandiga. PDF juhend fotodega.\" \/>\n<meta property=\"og:url\" content=\"https:\/\/www.lilleliis.com\/et\/toode\/heegeldatud-memmepoeg-janes\/\" \/>\n<meta property=\"og:site_name\" content=\"lilleliis\" \/>\n<meta property=\"article:publisher\" content=\"https:\/\/www.facebook.com\/lilleliis-283266335035799\/\" \/>\n<meta property=\"article:modified_time\" content=\"2026-04-07T06:27:41+00:00\" \/>\n<meta property=\"og:image\" content=\"https:\/\/www.lilleliis.com\/wp-content\/uploads\/2014\/12\/sissy-bunny-pattern-3.jpg\" \/>\n\t<meta property=\"og:image:width\" content=\"1500\" \/>\n\t<meta property=\"og:image:height\" content=\"1000\" \/>\n\t<meta property=\"og:image:type\" content=\"image\/jpeg\" \/>\n<meta name=\"twitter:card\" content=\"summary_large_image\" \/>\n<meta name=\"twitter:label1\" content=\"Est. reading time\" \/>\n\t<meta name=\"twitter:data1\" content=\"1 minute\" \/>\n<script type=\"application\/ld+json\" class=\"yoast-schema-graph\">{\"@context\":\"https:\\\/\\\/schema.org\",\"@graph\":[{\"@type\":\"WebPage\",\"@id\":\"https:\\\/\\\/www.lilleliis.com\\\/et\\\/toode\\\/heegeldatud-memmepoeg-janes\\\/\",\"url\":\"https:\\\/\\\/www.lilleliis.com\\\/et\\\/toode\\\/heegeldatud-memmepoeg-janes\\\/\",\"name\":\"Suure j\u00e4nese heegeldamise \u00f5petus - Memmepoeg j\u00e4nes (ENG) | lilleliis\",\"isPartOf\":{\"@id\":\"https:\\\/\\\/www.lilleliis.com\\\/et\\\/#website\"},\"primaryImageOfPage\":{\"@id\":\"https:\\\/\\\/www.lilleliis.com\\\/et\\\/toode\\\/heegeldatud-memmepoeg-janes\\\/#primaryimage\"},\"image\":{\"@id\":\"https:\\\/\\\/www.lilleliis.com\\\/et\\\/toode\\\/heegeldatud-memmepoeg-janes\\\/#primaryimage\"},\"thumbnailUrl\":\"https:\\\/\\\/www.lilleliis.com\\\/wp-content\\\/uploads\\\/2014\\\/12\\\/sissy-bunny-pattern-3.jpg\",\"datePublished\":\"2026-02-15T16:12:56+00:00\",\"dateModified\":\"2026-04-07T06:27:41+00:00\",\"description\":\"Suure j\u00e4nese heegeldamise \u00f5petus: heegelda 52 cm amigurumi j\u00e4nes Memmepoeg koos porgandiga. PDF juhend fotodega.\",\"breadcrumb\":{\"@id\":\"https:\\\/\\\/www.lilleliis.com\\\/et\\\/toode\\\/heegeldatud-memmepoeg-janes\\\/#breadcrumb\"},\"inLanguage\":\"et\",\"potentialAction\":[{\"@type\":\"ReadAction\",\"target\":[\"https:\\\/\\\/www.lilleliis.com\\\/et\\\/toode\\\/heegeldatud-memmepoeg-janes\\\/\"]}]},{\"@type\":\"ImageObject\",\"inLanguage\":\"et\",\"@id\":\"https:\\\/\\\/www.lilleliis.com\\\/et\\\/toode\\\/heegeldatud-memmepoeg-janes\\\/#primaryimage\",\"url\":\"https:\\\/\\\/www.lilleliis.com\\\/wp-content\\\/uploads\\\/2014\\\/12\\\/sissy-bunny-pattern-3.jpg\",\"contentUrl\":\"https:\\\/\\\/www.lilleliis.com\\\/wp-content\\\/uploads\\\/2014\\\/12\\\/sissy-bunny-pattern-3.jpg\",\"width\":1500,\"height\":1000,\"caption\":\"amigurumi suur j\u00e4nes\"},{\"@type\":\"BreadcrumbList\",\"@id\":\"https:\\\/\\\/www.lilleliis.com\\\/et\\\/toode\\\/heegeldatud-memmepoeg-janes\\\/#breadcrumb\",\"itemListElement\":[{\"@type\":\"ListItem\",\"position\":1,\"name\":\"Home\",\"item\":\"https:\\\/\\\/www.lilleliis.com\\\/et\\\/\"},{\"@type\":\"ListItem\",\"position\":2,\"name\":\"Pood\",\"item\":\"https:\\\/\\\/www.lilleliis.com\\\/et\\\/shop\\\/\"},{\"@type\":\"ListItem\",\"position\":3,\"name\":\"Suure j\u00e4nese heegeldamise \u00f5petus &#8211; Memmepoeg j\u00e4nes (ENG)\"}]},{\"@type\":\"WebSite\",\"@id\":\"https:\\\/\\\/www.lilleliis.com\\\/et\\\/#website\",\"url\":\"https:\\\/\\\/www.lilleliis.com\\\/et\\\/\",\"name\":\"lilleliis\",\"description\":\"Amigurumi m\u00e4nguasjad ja mustrid\",\"potentialAction\":[{\"@type\":\"SearchAction\",\"target\":{\"@type\":\"EntryPoint\",\"urlTemplate\":\"https:\\\/\\\/www.lilleliis.com\\\/et\\\/?s={search_term_string}\"},\"query-input\":{\"@type\":\"PropertyValueSpecification\",\"valueRequired\":true,\"valueName\":\"search_term_string\"}}],\"inLanguage\":\"et\"}]}<\/script>\n<!-- \/ Yoast SEO plugin. -->","yoast_head_json":{"title":"Suure j\u00e4nese heegeldamise \u00f5petus - Memmepoeg j\u00e4nes (ENG) | lilleliis","description":"Suure j\u00e4nese heegeldamise \u00f5petus: heegelda 52 cm amigurumi j\u00e4nes Memmepoeg koos porgandiga. PDF juhend fotodega.","robots":{"index":"index","follow":"follow","max-snippet":"max-snippet:-1","max-image-preview":"max-image-preview:large","max-video-preview":"max-video-preview:-1"},"canonical":"https:\/\/www.lilleliis.com\/et\/toode\/heegeldatud-memmepoeg-janes\/","og_locale":"et_EE","og_type":"article","og_title":"Suure j\u00e4nese heegeldamise \u00f5petus - Memmepoeg j\u00e4nes (ENG) | lilleliis","og_description":"Suure j\u00e4nese heegeldamise \u00f5petus: heegelda 52 cm amigurumi j\u00e4nes Memmepoeg koos porgandiga. PDF juhend fotodega.","og_url":"https:\/\/www.lilleliis.com\/et\/toode\/heegeldatud-memmepoeg-janes\/","og_site_name":"lilleliis","article_publisher":"https:\/\/www.facebook.com\/lilleliis-283266335035799\/","article_modified_time":"2026-04-07T06:27:41+00:00","og_image":[{"width":1500,"height":1000,"url":"https:\/\/www.lilleliis.com\/wp-content\/uploads\/2014\/12\/sissy-bunny-pattern-3.jpg","type":"image\/jpeg"}],"twitter_card":"summary_large_image","twitter_misc":{"Est. reading time":"1 minute"},"schema":{"@context":"https:\/\/schema.org","@graph":[{"@type":"WebPage","@id":"https:\/\/www.lilleliis.com\/et\/toode\/heegeldatud-memmepoeg-janes\/","url":"https:\/\/www.lilleliis.com\/et\/toode\/heegeldatud-memmepoeg-janes\/","name":"Suure j\u00e4nese heegeldamise \u00f5petus - Memmepoeg j\u00e4nes (ENG) | lilleliis","isPartOf":{"@id":"https:\/\/www.lilleliis.com\/et\/#website"},"primaryImageOfPage":{"@id":"https:\/\/www.lilleliis.com\/et\/toode\/heegeldatud-memmepoeg-janes\/#primaryimage"},"image":{"@id":"https:\/\/www.lilleliis.com\/et\/toode\/heegeldatud-memmepoeg-janes\/#primaryimage"},"thumbnailUrl":"https:\/\/www.lilleliis.com\/wp-content\/uploads\/2014\/12\/sissy-bunny-pattern-3.jpg","datePublished":"2026-02-15T16:12:56+00:00","dateModified":"2026-04-07T06:27:41+00:00","description":"Suure j\u00e4nese heegeldamise \u00f5petus: heegelda 52 cm amigurumi j\u00e4nes Memmepoeg koos porgandiga. PDF juhend fotodega.","breadcrumb":{"@id":"https:\/\/www.lilleliis.com\/et\/toode\/heegeldatud-memmepoeg-janes\/#breadcrumb"},"inLanguage":"et","potentialAction":[{"@type":"ReadAction","target":["https:\/\/www.lilleliis.com\/et\/toode\/heegeldatud-memmepoeg-janes\/"]}]},{"@type":"ImageObject","inLanguage":"et","@id":"https:\/\/www.lilleliis.com\/et\/toode\/heegeldatud-memmepoeg-janes\/#primaryimage","url":"https:\/\/www.lilleliis.com\/wp-content\/uploads\/2014\/12\/sissy-bunny-pattern-3.jpg","contentUrl":"https:\/\/www.lilleliis.com\/wp-content\/uploads\/2014\/12\/sissy-bunny-pattern-3.jpg","width":1500,"height":1000,"caption":"amigurumi suur j\u00e4nes"},{"@type":"BreadcrumbList","@id":"https:\/\/www.lilleliis.com\/et\/toode\/heegeldatud-memmepoeg-janes\/#breadcrumb","itemListElement":[{"@type":"ListItem","position":1,"name":"Home","item":"https:\/\/www.lilleliis.com\/et\/"},{"@type":"ListItem","position":2,"name":"Pood","item":"https:\/\/www.lilleliis.com\/et\/shop\/"},{"@type":"ListItem","position":3,"name":"Suure j\u00e4nese heegeldamise \u00f5petus &#8211; Memmepoeg j\u00e4nes (ENG)"}]},{"@type":"WebSite","@id":"https:\/\/www.lilleliis.com\/et\/#website","url":"https:\/\/www.lilleliis.com\/et\/","name":"lilleliis","description":"Amigurumi m\u00e4nguasjad ja mustrid","potentialAction":[{"@type":"SearchAction","target":{"@type":"EntryPoint","urlTemplate":"https:\/\/www.lilleliis.com\/et\/?s={search_term_string}"},"query-input":{"@type":"PropertyValueSpecification","valueRequired":true,"valueName":"search_term_string"}}],"inLanguage":"et"}]}},"_links":{"self":[{"href":"https:\/\/www.lilleliis.com\/et\/wp-json\/wp\/v2\/product\/4516","targetHints":{"allow":["GET"]}}],"collection":[{"href":"https:\/\/www.lilleliis.com\/et\/wp-json\/wp\/v2\/product"}],"about":[{"href":"https:\/\/www.lilleliis.com\/et\/wp-json\/wp\/v2\/types\/product"}],"replies":[{"embeddable":true,"href":"https:\/\/www.lilleliis.com\/et\/wp-json\/wp\/v2\/comments?post=4516"}],"wp:featuredmedia":[{"embeddable":true,"href":"https:\/\/www.lilleliis.com\/et\/wp-json\/wp\/v2\/media\/43130"}],"wp:attachment":[{"href":"https:\/\/www.lilleliis.com\/et\/wp-json\/wp\/v2\/media?parent=4516"}],"wp:term":[{"taxonomy":"product_brand","embeddable":true,"href":"https:\/\/www.lilleliis.com\/et\/wp-json\/wp\/v2\/product_brand?post=4516"},{"taxonomy":"product_cat","embeddable":true,"href":"https:\/\/www.lilleliis.com\/et\/wp-json\/wp\/v2\/product_cat?post=4516"},{"taxonomy":"product_tag","embeddable":true,"href":"https:\/\/www.lilleliis.com\/et\/wp-json\/wp\/v2\/product_tag?post=4516"}],"curies":[{"name":"wp","href":"https:\/\/api.w.org\/{rel}","templated":true}]}}