{"id":45560,"date":"2017-11-21T07:35:08","date_gmt":"2017-11-21T07:39:24","guid":{"rendered":"http:\/\/www.lilleliis.com\/?post_type=product&#038;p=45560"},"modified":"2017-11-21T07:39:24","modified_gmt":"2017-11-21T07:39:24","slug":"paike-ja-pilv-vanik","status":"publish","type":"product","link":"https:\/\/www.lilleliis.com\/et\/toode\/paike-ja-pilv-vanik\/","title":{"rendered":"&#8220;P\u00e4ike ja pilv&#8221; vanik"},"content":{"rendered":"<p>L\u00f5ng: 100 % puuvill<\/p>\n<p>Suurus: pikkus \u00fchest paela otsast teiseni 150 cm, heegeldatud elemendid umbkaudu 7 x 7 cm.<\/p>\n<p>V\u00e4rv: kollane, hall, valge<\/p>\n","protected":false},"excerpt":{"rendered":"<p>See armas heegeldatud kaunistus l\u00f6\u00f6b lastetoa lausa s\u00e4rama! Saab riputada seinale v\u00f5i riiuli k\u00fclge. Vanikul ripub 5 pilve ja 4 p\u00e4ikest.<\/p>\n<p>Ideaalne v\u00e4ike kingitus, mis j\u00f5uab sinuni armsas, k\u00e4sitsi valmistatud karbikeses.<\/p>\n","protected":false},"featured_media":45551,"comment_status":"open","ping_status":"closed","template":"","meta":[],"product_brand":[],"product_cat":[485],"product_tag":[123,377],"class_list":{"0":"post-45560","1":"product","2":"type-product","3":"status-publish","4":"has-post-thumbnail","6":"product_cat-uncategorized","7":"product_tag-beebidele","8":"product_tag-puuvillast-manguasjad","10":"first","11":"outofstock","12":"taxable","13":"shipping-taxable","14":"purchasable","15":"product-type-simple"},"yoast_head":"<!-- This site is optimized with the Yoast SEO plugin v27.3 - https:\/\/yoast.com\/product\/yoast-seo-wordpress\/ -->\n<title>&quot;P\u00e4ike ja pilv&quot; vanik | lilleliis<\/title>\n<meta name=\"robots\" content=\"index, follow, max-snippet:-1, max-image-preview:large, max-video-preview:-1\" \/>\n<link rel=\"canonical\" href=\"https:\/\/www.lilleliis.com\/et\/toode\/paike-ja-pilv-vanik\/\" \/>\n<meta property=\"og:locale\" content=\"et_EE\" \/>\n<meta property=\"og:type\" content=\"article\" \/>\n<meta property=\"og:title\" content=\"&quot;P\u00e4ike ja pilv&quot; vanik | lilleliis\" \/>\n<meta property=\"og:description\" content=\"See armas heegeldatud kaunistus l\u00f6\u00f6b lastetoa lausa s\u00e4rama! Saab riputada seinale v\u00f5i riiuli k\u00fclge. Vanikul ripub 5 pilve ja 4 p\u00e4ikest.  Ideaalne v\u00e4ike kingitus, mis j\u00f5uab sinuni armsas, k\u00e4sitsi valmistatud karbikeses.\" \/>\n<meta property=\"og:url\" content=\"https:\/\/www.lilleliis.com\/et\/toode\/paike-ja-pilv-vanik\/\" \/>\n<meta property=\"og:site_name\" content=\"lilleliis\" \/>\n<meta property=\"article:publisher\" content=\"https:\/\/www.facebook.com\/lilleliis-283266335035799\/\" \/>\n<meta property=\"og:image\" content=\"https:\/\/www.lilleliis.com\/wp-content\/uploads\/2017\/11\/DSC_1448.jpg\" \/>\n\t<meta property=\"og:image:width\" content=\"1800\" \/>\n\t<meta property=\"og:image:height\" content=\"1200\" \/>\n\t<meta property=\"og:image:type\" content=\"image\/jpeg\" \/>\n<meta name=\"twitter:card\" content=\"summary_large_image\" \/>\n<script type=\"application\/ld+json\" class=\"yoast-schema-graph\">{\"@context\":\"https:\\\/\\\/schema.org\",\"@graph\":[{\"@type\":\"WebPage\",\"@id\":\"https:\\\/\\\/www.lilleliis.com\\\/et\\\/toode\\\/paike-ja-pilv-vanik\\\/\",\"url\":\"https:\\\/\\\/www.lilleliis.com\\\/et\\\/toode\\\/paike-ja-pilv-vanik\\\/\",\"name\":\"\\\"P\u00e4ike ja pilv\\\" vanik | lilleliis\",\"isPartOf\":{\"@id\":\"https:\\\/\\\/www.lilleliis.com\\\/et\\\/#website\"},\"primaryImageOfPage\":{\"@id\":\"https:\\\/\\\/www.lilleliis.com\\\/et\\\/toode\\\/paike-ja-pilv-vanik\\\/#primaryimage\"},\"image\":{\"@id\":\"https:\\\/\\\/www.lilleliis.com\\\/et\\\/toode\\\/paike-ja-pilv-vanik\\\/#primaryimage\"},\"thumbnailUrl\":\"https:\\\/\\\/www.lilleliis.com\\\/wp-content\\\/uploads\\\/2017\\\/11\\\/DSC_1448.jpg\",\"datePublished\":\"2017-11-21T07:39:24+00:00\",\"breadcrumb\":{\"@id\":\"https:\\\/\\\/www.lilleliis.com\\\/et\\\/toode\\\/paike-ja-pilv-vanik\\\/#breadcrumb\"},\"inLanguage\":\"et\",\"potentialAction\":[{\"@type\":\"ReadAction\",\"target\":[\"https:\\\/\\\/www.lilleliis.com\\\/et\\\/toode\\\/paike-ja-pilv-vanik\\\/\"]}]},{\"@type\":\"ImageObject\",\"inLanguage\":\"et\",\"@id\":\"https:\\\/\\\/www.lilleliis.com\\\/et\\\/toode\\\/paike-ja-pilv-vanik\\\/#primaryimage\",\"url\":\"https:\\\/\\\/www.lilleliis.com\\\/wp-content\\\/uploads\\\/2017\\\/11\\\/DSC_1448.jpg\",\"contentUrl\":\"https:\\\/\\\/www.lilleliis.com\\\/wp-content\\\/uploads\\\/2017\\\/11\\\/DSC_1448.jpg\",\"width\":1800,\"height\":1200,\"caption\":\"heegeldatud p\u00e4ike ja pilv\"},{\"@type\":\"BreadcrumbList\",\"@id\":\"https:\\\/\\\/www.lilleliis.com\\\/et\\\/toode\\\/paike-ja-pilv-vanik\\\/#breadcrumb\",\"itemListElement\":[{\"@type\":\"ListItem\",\"position\":1,\"name\":\"Home\",\"item\":\"https:\\\/\\\/www.lilleliis.com\\\/et\\\/\"},{\"@type\":\"ListItem\",\"position\":2,\"name\":\"Pood\",\"item\":\"https:\\\/\\\/www.lilleliis.com\\\/et\\\/shop\\\/\"},{\"@type\":\"ListItem\",\"position\":3,\"name\":\"&#8220;P\u00e4ike ja pilv&#8221; vanik\"}]},{\"@type\":\"WebSite\",\"@id\":\"https:\\\/\\\/www.lilleliis.com\\\/et\\\/#website\",\"url\":\"https:\\\/\\\/www.lilleliis.com\\\/et\\\/\",\"name\":\"lilleliis\",\"description\":\"Amigurumi m\u00e4nguasjad ja mustrid\",\"potentialAction\":[{\"@type\":\"SearchAction\",\"target\":{\"@type\":\"EntryPoint\",\"urlTemplate\":\"https:\\\/\\\/www.lilleliis.com\\\/et\\\/?s={search_term_string}\"},\"query-input\":{\"@type\":\"PropertyValueSpecification\",\"valueRequired\":true,\"valueName\":\"search_term_string\"}}],\"inLanguage\":\"et\"}]}<\/script>\n<!-- \/ Yoast SEO plugin. -->","yoast_head_json":{"title":"\"P\u00e4ike ja pilv\" vanik | lilleliis","robots":{"index":"index","follow":"follow","max-snippet":"max-snippet:-1","max-image-preview":"max-image-preview:large","max-video-preview":"max-video-preview:-1"},"canonical":"https:\/\/www.lilleliis.com\/et\/toode\/paike-ja-pilv-vanik\/","og_locale":"et_EE","og_type":"article","og_title":"\"P\u00e4ike ja pilv\" vanik | lilleliis","og_description":"See armas heegeldatud kaunistus l\u00f6\u00f6b lastetoa lausa s\u00e4rama! Saab riputada seinale v\u00f5i riiuli k\u00fclge. Vanikul ripub 5 pilve ja 4 p\u00e4ikest.  Ideaalne v\u00e4ike kingitus, mis j\u00f5uab sinuni armsas, k\u00e4sitsi valmistatud karbikeses.","og_url":"https:\/\/www.lilleliis.com\/et\/toode\/paike-ja-pilv-vanik\/","og_site_name":"lilleliis","article_publisher":"https:\/\/www.facebook.com\/lilleliis-283266335035799\/","og_image":[{"width":1800,"height":1200,"url":"https:\/\/www.lilleliis.com\/wp-content\/uploads\/2017\/11\/DSC_1448.jpg","type":"image\/jpeg"}],"twitter_card":"summary_large_image","schema":{"@context":"https:\/\/schema.org","@graph":[{"@type":"WebPage","@id":"https:\/\/www.lilleliis.com\/et\/toode\/paike-ja-pilv-vanik\/","url":"https:\/\/www.lilleliis.com\/et\/toode\/paike-ja-pilv-vanik\/","name":"\"P\u00e4ike ja pilv\" vanik | lilleliis","isPartOf":{"@id":"https:\/\/www.lilleliis.com\/et\/#website"},"primaryImageOfPage":{"@id":"https:\/\/www.lilleliis.com\/et\/toode\/paike-ja-pilv-vanik\/#primaryimage"},"image":{"@id":"https:\/\/www.lilleliis.com\/et\/toode\/paike-ja-pilv-vanik\/#primaryimage"},"thumbnailUrl":"https:\/\/www.lilleliis.com\/wp-content\/uploads\/2017\/11\/DSC_1448.jpg","datePublished":"2017-11-21T07:39:24+00:00","breadcrumb":{"@id":"https:\/\/www.lilleliis.com\/et\/toode\/paike-ja-pilv-vanik\/#breadcrumb"},"inLanguage":"et","potentialAction":[{"@type":"ReadAction","target":["https:\/\/www.lilleliis.com\/et\/toode\/paike-ja-pilv-vanik\/"]}]},{"@type":"ImageObject","inLanguage":"et","@id":"https:\/\/www.lilleliis.com\/et\/toode\/paike-ja-pilv-vanik\/#primaryimage","url":"https:\/\/www.lilleliis.com\/wp-content\/uploads\/2017\/11\/DSC_1448.jpg","contentUrl":"https:\/\/www.lilleliis.com\/wp-content\/uploads\/2017\/11\/DSC_1448.jpg","width":1800,"height":1200,"caption":"heegeldatud p\u00e4ike ja pilv"},{"@type":"BreadcrumbList","@id":"https:\/\/www.lilleliis.com\/et\/toode\/paike-ja-pilv-vanik\/#breadcrumb","itemListElement":[{"@type":"ListItem","position":1,"name":"Home","item":"https:\/\/www.lilleliis.com\/et\/"},{"@type":"ListItem","position":2,"name":"Pood","item":"https:\/\/www.lilleliis.com\/et\/shop\/"},{"@type":"ListItem","position":3,"name":"&#8220;P\u00e4ike ja pilv&#8221; vanik"}]},{"@type":"WebSite","@id":"https:\/\/www.lilleliis.com\/et\/#website","url":"https:\/\/www.lilleliis.com\/et\/","name":"lilleliis","description":"Amigurumi m\u00e4nguasjad ja mustrid","potentialAction":[{"@type":"SearchAction","target":{"@type":"EntryPoint","urlTemplate":"https:\/\/www.lilleliis.com\/et\/?s={search_term_string}"},"query-input":{"@type":"PropertyValueSpecification","valueRequired":true,"valueName":"search_term_string"}}],"inLanguage":"et"}]}},"_links":{"self":[{"href":"https:\/\/www.lilleliis.com\/et\/wp-json\/wp\/v2\/product\/45560","targetHints":{"allow":["GET"]}}],"collection":[{"href":"https:\/\/www.lilleliis.com\/et\/wp-json\/wp\/v2\/product"}],"about":[{"href":"https:\/\/www.lilleliis.com\/et\/wp-json\/wp\/v2\/types\/product"}],"replies":[{"embeddable":true,"href":"https:\/\/www.lilleliis.com\/et\/wp-json\/wp\/v2\/comments?post=45560"}],"wp:featuredmedia":[{"embeddable":true,"href":"https:\/\/www.lilleliis.com\/et\/wp-json\/wp\/v2\/media\/45551"}],"wp:attachment":[{"href":"https:\/\/www.lilleliis.com\/et\/wp-json\/wp\/v2\/media?parent=45560"}],"wp:term":[{"taxonomy":"product_brand","embeddable":true,"href":"https:\/\/www.lilleliis.com\/et\/wp-json\/wp\/v2\/product_brand?post=45560"},{"taxonomy":"product_cat","embeddable":true,"href":"https:\/\/www.lilleliis.com\/et\/wp-json\/wp\/v2\/product_cat?post=45560"},{"taxonomy":"product_tag","embeddable":true,"href":"https:\/\/www.lilleliis.com\/et\/wp-json\/wp\/v2\/product_tag?post=45560"}],"curies":[{"name":"wp","href":"https:\/\/api.w.org\/{rel}","templated":true}]}}