{"id":47288,"date":"2026-01-17T11:11:46","date_gmt":"2026-01-17T09:11:46","guid":{"rendered":"http:\/\/www.lilleliis.com\/?post_type=product&#038;p=47288"},"modified":"2026-03-27T11:38:26","modified_gmt":"2026-03-27T09:38:26","slug":"heegeldatud-pollulilled-muster","status":"publish","type":"product","link":"https:\/\/www.lilleliis.com\/et\/toode\/heegeldatud-pollulilled-muster\/","title":{"rendered":"Heegeldatud lille muster &#8211; P\u00f5llulilled (3 lille motiivi)"},"content":{"rendered":"<p>Heegeldatud lille muster &#8211; P\u00f5llulilled (rukkilill, karikakar ja moon)<\/p>\n<h3>Mustrist<\/h3>\n<p>Allalaetav ja lihtsasti j\u00e4lgitav k\u00e4sit\u00f6\u00f6 \u00f5petus (PDF fail). Juhend sisaldab samm-sammulist \u00f5petust eseme valmistamiseks ning hulgaliselt abistavaid fotosid.<\/p>\n<p>Keel: eesti, inglise<\/p>\n<p>\u00d5petuse raskusaste: keskmine<\/p>\n<p>Vajaminevad v\u00f5tted: kinnissilmus, poolsammas, \u00fchekordne sammas, kahekordne sammas<\/p>\n<div class=\"is-divider divider clearfix\" ><\/div>\n<h3>Suurus ja materjal<\/h3>\n<p>Suurus (l\u00e4bim\u00f5\u00f5t):\u00a0rukkilill 6,5 cm, karikakar 4,5 cm, moon 6 cm<\/p>\n<p>Valmistamiseks on kasutatud puuvillast l\u00f5nga ja heegeln\u00f5ela j\u00e4medusega 2 mm.<\/p>\n<div class=\"is-divider divider clearfix\" ><\/div>\n<h3>Abi ja autori\u00f5igus<\/h3>\n<p>K\u00fcsimuste korral saab abi\u00a0<a href=\"mailto:%20lilleliis@gmail.com\">e-posti teel<\/a>.<\/p>\n<p>\u00d5petuse j\u00e4rgi valmistatud esemeid v\u00f5ib m\u00fc\u00fca. \u00d5petust on keelatud jagada. Autori\u00f5igustega tutvu\u00a0<a href=\"https:\/\/www.lilleliis.com\/et\/autorioigused\/\" target=\"_blank\" rel=\"noopener\">siin<\/a>.<\/p>\n","protected":false},"excerpt":{"rendered":"<p data-start=\"192\" data-end=\"309\">Heegeldatud lille muster sisaldab juhiseid kolme kauni p\u00f5llulille valmistamiseks: rukkilill, karikakar ja moon.<\/p>\n<p data-start=\"311\" data-end=\"533\">Valmis lilled pakuvad palju erinevaid kasutusv\u00f5imalusi. Kinnita need liimi v\u00f5i m\u00f5ne \u00f5mbluspiste abil juuksel\u00f5ksule, patsikummile, prossin\u00f5elale v\u00f5i peapaelale. Need sobivad suurep\u00e4raselt ka kevadise p\u00e4rja kaunistamiseks.<\/p>\n<p data-start=\"535\" data-end=\"626\">Heegeldatud lilledega saad lisada armsaid detaile ka amigurumi m\u00e4nguloomadele ja nukkudele.<\/p>\n","protected":false},"featured_media":47294,"comment_status":"open","ping_status":"closed","template":"","meta":[],"product_brand":[],"product_cat":[96],"product_tag":[1605,122],"class_list":{"0":"post-47288","1":"product","2":"type-product","3":"status-publish","4":"has-post-thumbnail","6":"product_cat-heegeldamise-opetused","7":"product_tag-lihavotted","8":"product_tag-tudrukutele","9":"pa_pattern-language-eesti","10":"pa_pattern-language-inglise","11":"pa_pattern-skill-level-keskmine","13":"first","14":"instock","15":"sold-individually","16":"taxable","17":"shipping-taxable","18":"purchasable","19":"product-type-variable"},"yoast_head":"<!-- This site is optimized with the Yoast SEO plugin v27.3 - https:\/\/yoast.com\/product\/yoast-seo-wordpress\/ -->\n<title>Heegeldatud lille muster \u2013 rukkilill, moon, karikakar | lilleliis<\/title>\n<meta name=\"description\" content=\"Heegeldatud lille muster, mille j\u00e4rgi valmib kolm rahvuslikku p\u00f5llulille: rukkilill, karikakar ja moon. Sobivad aksessuaaridele, p\u00e4rjale ja kaunistusteks.\" \/>\n<meta name=\"robots\" content=\"index, follow, max-snippet:-1, max-image-preview:large, max-video-preview:-1\" \/>\n<link rel=\"canonical\" href=\"https:\/\/www.lilleliis.com\/et\/toode\/heegeldatud-pollulilled-muster\/\" \/>\n<meta property=\"og:locale\" content=\"et_EE\" \/>\n<meta property=\"og:type\" content=\"article\" \/>\n<meta property=\"og:title\" content=\"Heegeldatud lille muster \u2013 rukkilill, moon, karikakar | lilleliis\" \/>\n<meta property=\"og:description\" content=\"Heegeldatud lille muster, mille j\u00e4rgi valmib kolm rahvuslikku p\u00f5llulille: rukkilill, karikakar ja moon. Sobivad aksessuaaridele, p\u00e4rjale ja kaunistusteks.\" \/>\n<meta property=\"og:url\" content=\"https:\/\/www.lilleliis.com\/et\/toode\/heegeldatud-pollulilled-muster\/\" \/>\n<meta property=\"og:site_name\" content=\"lilleliis\" \/>\n<meta property=\"article:publisher\" content=\"https:\/\/www.facebook.com\/lilleliis-283266335035799\/\" \/>\n<meta property=\"article:modified_time\" content=\"2026-03-27T09:38:26+00:00\" \/>\n<meta property=\"og:image\" content=\"https:\/\/www.lilleliis.com\/wp-content\/uploads\/2018\/03\/DSC_9696.jpg\" \/>\n\t<meta property=\"og:image:width\" content=\"1000\" \/>\n\t<meta property=\"og:image:height\" content=\"1500\" \/>\n\t<meta property=\"og:image:type\" content=\"image\/jpeg\" \/>\n<meta name=\"twitter:card\" content=\"summary_large_image\" \/>\n<meta name=\"twitter:label1\" content=\"Est. reading time\" \/>\n\t<meta name=\"twitter:data1\" content=\"1 minute\" \/>\n<script type=\"application\/ld+json\" class=\"yoast-schema-graph\">{\"@context\":\"https:\\\/\\\/schema.org\",\"@graph\":[{\"@type\":\"WebPage\",\"@id\":\"https:\\\/\\\/www.lilleliis.com\\\/et\\\/toode\\\/heegeldatud-pollulilled-muster\\\/\",\"url\":\"https:\\\/\\\/www.lilleliis.com\\\/et\\\/toode\\\/heegeldatud-pollulilled-muster\\\/\",\"name\":\"Heegeldatud lille muster \u2013 rukkilill, moon, karikakar | lilleliis\",\"isPartOf\":{\"@id\":\"https:\\\/\\\/www.lilleliis.com\\\/et\\\/#website\"},\"primaryImageOfPage\":{\"@id\":\"https:\\\/\\\/www.lilleliis.com\\\/et\\\/toode\\\/heegeldatud-pollulilled-muster\\\/#primaryimage\"},\"image\":{\"@id\":\"https:\\\/\\\/www.lilleliis.com\\\/et\\\/toode\\\/heegeldatud-pollulilled-muster\\\/#primaryimage\"},\"thumbnailUrl\":\"https:\\\/\\\/www.lilleliis.com\\\/wp-content\\\/uploads\\\/2018\\\/03\\\/DSC_9696.jpg\",\"datePublished\":\"2026-01-17T09:11:46+00:00\",\"dateModified\":\"2026-03-27T09:38:26+00:00\",\"description\":\"Heegeldatud lille muster, mille j\u00e4rgi valmib kolm rahvuslikku p\u00f5llulille: rukkilill, karikakar ja moon. Sobivad aksessuaaridele, p\u00e4rjale ja kaunistusteks.\",\"breadcrumb\":{\"@id\":\"https:\\\/\\\/www.lilleliis.com\\\/et\\\/toode\\\/heegeldatud-pollulilled-muster\\\/#breadcrumb\"},\"inLanguage\":\"et\",\"potentialAction\":[{\"@type\":\"ReadAction\",\"target\":[\"https:\\\/\\\/www.lilleliis.com\\\/et\\\/toode\\\/heegeldatud-pollulilled-muster\\\/\"]}]},{\"@type\":\"ImageObject\",\"inLanguage\":\"et\",\"@id\":\"https:\\\/\\\/www.lilleliis.com\\\/et\\\/toode\\\/heegeldatud-pollulilled-muster\\\/#primaryimage\",\"url\":\"https:\\\/\\\/www.lilleliis.com\\\/wp-content\\\/uploads\\\/2018\\\/03\\\/DSC_9696.jpg\",\"contentUrl\":\"https:\\\/\\\/www.lilleliis.com\\\/wp-content\\\/uploads\\\/2018\\\/03\\\/DSC_9696.jpg\",\"width\":1000,\"height\":1500,\"caption\":\"field flowers crochet pattern\"},{\"@type\":\"BreadcrumbList\",\"@id\":\"https:\\\/\\\/www.lilleliis.com\\\/et\\\/toode\\\/heegeldatud-pollulilled-muster\\\/#breadcrumb\",\"itemListElement\":[{\"@type\":\"ListItem\",\"position\":1,\"name\":\"Home\",\"item\":\"https:\\\/\\\/www.lilleliis.com\\\/et\\\/\"},{\"@type\":\"ListItem\",\"position\":2,\"name\":\"Pood\",\"item\":\"https:\\\/\\\/www.lilleliis.com\\\/et\\\/shop\\\/\"},{\"@type\":\"ListItem\",\"position\":3,\"name\":\"Heegeldatud lille muster &#8211; P\u00f5llulilled (3 lille motiivi)\"}]},{\"@type\":\"WebSite\",\"@id\":\"https:\\\/\\\/www.lilleliis.com\\\/et\\\/#website\",\"url\":\"https:\\\/\\\/www.lilleliis.com\\\/et\\\/\",\"name\":\"lilleliis\",\"description\":\"Amigurumi m\u00e4nguasjad ja mustrid\",\"potentialAction\":[{\"@type\":\"SearchAction\",\"target\":{\"@type\":\"EntryPoint\",\"urlTemplate\":\"https:\\\/\\\/www.lilleliis.com\\\/et\\\/?s={search_term_string}\"},\"query-input\":{\"@type\":\"PropertyValueSpecification\",\"valueRequired\":true,\"valueName\":\"search_term_string\"}}],\"inLanguage\":\"et\"}]}<\/script>\n<!-- \/ Yoast SEO plugin. -->","yoast_head_json":{"title":"Heegeldatud lille muster \u2013 rukkilill, moon, karikakar | lilleliis","description":"Heegeldatud lille muster, mille j\u00e4rgi valmib kolm rahvuslikku p\u00f5llulille: rukkilill, karikakar ja moon. Sobivad aksessuaaridele, p\u00e4rjale ja kaunistusteks.","robots":{"index":"index","follow":"follow","max-snippet":"max-snippet:-1","max-image-preview":"max-image-preview:large","max-video-preview":"max-video-preview:-1"},"canonical":"https:\/\/www.lilleliis.com\/et\/toode\/heegeldatud-pollulilled-muster\/","og_locale":"et_EE","og_type":"article","og_title":"Heegeldatud lille muster \u2013 rukkilill, moon, karikakar | lilleliis","og_description":"Heegeldatud lille muster, mille j\u00e4rgi valmib kolm rahvuslikku p\u00f5llulille: rukkilill, karikakar ja moon. Sobivad aksessuaaridele, p\u00e4rjale ja kaunistusteks.","og_url":"https:\/\/www.lilleliis.com\/et\/toode\/heegeldatud-pollulilled-muster\/","og_site_name":"lilleliis","article_publisher":"https:\/\/www.facebook.com\/lilleliis-283266335035799\/","article_modified_time":"2026-03-27T09:38:26+00:00","og_image":[{"width":1000,"height":1500,"url":"https:\/\/www.lilleliis.com\/wp-content\/uploads\/2018\/03\/DSC_9696.jpg","type":"image\/jpeg"}],"twitter_card":"summary_large_image","twitter_misc":{"Est. reading time":"1 minute"},"schema":{"@context":"https:\/\/schema.org","@graph":[{"@type":"WebPage","@id":"https:\/\/www.lilleliis.com\/et\/toode\/heegeldatud-pollulilled-muster\/","url":"https:\/\/www.lilleliis.com\/et\/toode\/heegeldatud-pollulilled-muster\/","name":"Heegeldatud lille muster \u2013 rukkilill, moon, karikakar | lilleliis","isPartOf":{"@id":"https:\/\/www.lilleliis.com\/et\/#website"},"primaryImageOfPage":{"@id":"https:\/\/www.lilleliis.com\/et\/toode\/heegeldatud-pollulilled-muster\/#primaryimage"},"image":{"@id":"https:\/\/www.lilleliis.com\/et\/toode\/heegeldatud-pollulilled-muster\/#primaryimage"},"thumbnailUrl":"https:\/\/www.lilleliis.com\/wp-content\/uploads\/2018\/03\/DSC_9696.jpg","datePublished":"2026-01-17T09:11:46+00:00","dateModified":"2026-03-27T09:38:26+00:00","description":"Heegeldatud lille muster, mille j\u00e4rgi valmib kolm rahvuslikku p\u00f5llulille: rukkilill, karikakar ja moon. Sobivad aksessuaaridele, p\u00e4rjale ja kaunistusteks.","breadcrumb":{"@id":"https:\/\/www.lilleliis.com\/et\/toode\/heegeldatud-pollulilled-muster\/#breadcrumb"},"inLanguage":"et","potentialAction":[{"@type":"ReadAction","target":["https:\/\/www.lilleliis.com\/et\/toode\/heegeldatud-pollulilled-muster\/"]}]},{"@type":"ImageObject","inLanguage":"et","@id":"https:\/\/www.lilleliis.com\/et\/toode\/heegeldatud-pollulilled-muster\/#primaryimage","url":"https:\/\/www.lilleliis.com\/wp-content\/uploads\/2018\/03\/DSC_9696.jpg","contentUrl":"https:\/\/www.lilleliis.com\/wp-content\/uploads\/2018\/03\/DSC_9696.jpg","width":1000,"height":1500,"caption":"field flowers crochet pattern"},{"@type":"BreadcrumbList","@id":"https:\/\/www.lilleliis.com\/et\/toode\/heegeldatud-pollulilled-muster\/#breadcrumb","itemListElement":[{"@type":"ListItem","position":1,"name":"Home","item":"https:\/\/www.lilleliis.com\/et\/"},{"@type":"ListItem","position":2,"name":"Pood","item":"https:\/\/www.lilleliis.com\/et\/shop\/"},{"@type":"ListItem","position":3,"name":"Heegeldatud lille muster &#8211; P\u00f5llulilled (3 lille motiivi)"}]},{"@type":"WebSite","@id":"https:\/\/www.lilleliis.com\/et\/#website","url":"https:\/\/www.lilleliis.com\/et\/","name":"lilleliis","description":"Amigurumi m\u00e4nguasjad ja mustrid","potentialAction":[{"@type":"SearchAction","target":{"@type":"EntryPoint","urlTemplate":"https:\/\/www.lilleliis.com\/et\/?s={search_term_string}"},"query-input":{"@type":"PropertyValueSpecification","valueRequired":true,"valueName":"search_term_string"}}],"inLanguage":"et"}]}},"_links":{"self":[{"href":"https:\/\/www.lilleliis.com\/et\/wp-json\/wp\/v2\/product\/47288","targetHints":{"allow":["GET"]}}],"collection":[{"href":"https:\/\/www.lilleliis.com\/et\/wp-json\/wp\/v2\/product"}],"about":[{"href":"https:\/\/www.lilleliis.com\/et\/wp-json\/wp\/v2\/types\/product"}],"replies":[{"embeddable":true,"href":"https:\/\/www.lilleliis.com\/et\/wp-json\/wp\/v2\/comments?post=47288"}],"wp:featuredmedia":[{"embeddable":true,"href":"https:\/\/www.lilleliis.com\/et\/wp-json\/wp\/v2\/media\/47294"}],"wp:attachment":[{"href":"https:\/\/www.lilleliis.com\/et\/wp-json\/wp\/v2\/media?parent=47288"}],"wp:term":[{"taxonomy":"product_brand","embeddable":true,"href":"https:\/\/www.lilleliis.com\/et\/wp-json\/wp\/v2\/product_brand?post=47288"},{"taxonomy":"product_cat","embeddable":true,"href":"https:\/\/www.lilleliis.com\/et\/wp-json\/wp\/v2\/product_cat?post=47288"},{"taxonomy":"product_tag","embeddable":true,"href":"https:\/\/www.lilleliis.com\/et\/wp-json\/wp\/v2\/product_tag?post=47288"}],"curies":[{"name":"wp","href":"https:\/\/api.w.org\/{rel}","templated":true}]}}