{"id":47728,"date":"2026-01-05T17:11:02","date_gmt":"2026-01-05T15:11:02","guid":{"rendered":"http:\/\/www.lilleliis.com\/?post_type=product&#038;p=47728"},"modified":"2024-09-01T10:20:36","modified_gmt":"2024-09-01T07:20:36","slug":"heegeldatud-kiisuke-mjau-muster","status":"publish","type":"product","link":"https:\/\/www.lilleliis.com\/et\/toode\/heegeldatud-kiisuke-mjau-muster\/","title":{"rendered":"Kiisuke Mj\u00e4u &#8211; amigurumi muster"},"content":{"rendered":null,"protected":false},"excerpt":{"rendered":"<p>Kiisuke Mj\u00e4u amigurumi mustri j\u00e4rgi saad heegeldada r\u00f5\u00f5msates v\u00e4rvitoonides ja pilkup\u00fc\u00fcdvate detailidega kassi. \u00d5petus sisaldab nii poisi kui t\u00fcdruku versiooni. Poisi jalad on triibulised, ta kannab vahvaid traksidega p\u00fckse ja kangast salli kaela \u00fcmber. T\u00fcdrukul on jalas p\u00fcksid ja seljas kena kraega s\u00e4rk, tema pead ehib suur lips.<\/p>\n<p>Leludelt ei saa riideid eemaldada. See lahendus sobib h\u00e4sti just v\u00e4iksematele lastele.<\/p>\n<hr \/>\n<p><span data-text-color=\"primary\">MUSTRIST<\/span><\/p>\n<p>Allalaetav ja lihtsasti j\u00e4lgitav k\u00e4sit\u00f6\u00f6 \u00f5petus (PDF fail). Juhend sisaldab samm-sammulist \u00f5petust eseme valmistamiseks ning hulgaliselt abistavaid fotosid.<\/p>\n<p>Keel: eesti, inglise, hispaania, portugali, hollandi, taani, soome<\/p>\n<p>\u00d5petuse raskusaste: keskmine<\/p>\n<p>Vajaminevad v\u00f5tted: kinnissilmus, \u00fchekordne sammas<\/p>\n<hr \/>\n<p><span data-text-color=\"primary\">SUURUS JA MATERJAL<\/span><\/p>\n<p>Suurus: 25 cm<\/p>\n<p>Valmistamiseks on kasutatud meriinovillast l\u00f5nga ning heegeln\u00f5ela j\u00e4medusega 3 mm.<\/p>\n<hr \/>\n<p><span data-text-color=\"primary\">ABI JA COPYRIGHT<\/span><\/p>\n<p>K\u00fcsimuste korral saab abi\u00a0<a href=\"mailto:%20lilleliis@gmail.com\">e-posti teel<\/a>.<\/p>\n<p>\u00d5petuse j\u00e4rgi valmistatud esemeid v\u00f5ib m\u00fc\u00fca. \u00d5petust on keelatud jagada. Autori\u00f5igustega tutvu\u00a0<a href=\"https:\/\/www.lilleliis.com\/et\/autorioigused\/\" target=\"_blank\" rel=\"noopener\">siin<\/a>.<\/p>\n","protected":false},"featured_media":79466,"comment_status":"open","ping_status":"closed","template":"","meta":[],"product_brand":[],"product_cat":[95,125],"product_tag":[],"class_list":{"0":"post-47728","1":"product","2":"type-product","3":"status-publish","4":"has-post-thumbnail","6":"product_cat-amigurumi-opetused","7":"product_cat-looma-mustrid","8":"pa_pattern-language-eesti","9":"pa_pattern-language-hispaania","10":"pa_pattern-language-hollandi","11":"pa_pattern-language-inglise","12":"pa_pattern-language-portugali","13":"pa_pattern-language-soome","14":"pa_pattern-language-taani","15":"pa_pattern-skill-level-keskmine","17":"first","18":"instock","19":"sold-individually","20":"taxable","21":"shipping-taxable","22":"purchasable","23":"product-type-variable"},"yoast_head":"<!-- This site is optimized with the Yoast SEO plugin v27.3 - https:\/\/yoast.com\/product\/yoast-seo-wordpress\/ -->\n<title>Kiisuke Mj\u00e4u | Amigurumi muster | lilleliis<\/title>\n<meta name=\"description\" content=\"Kiisuke Mj\u00e4u amigurumi muster on keskmise raskusastmega. Selle j\u00e4rgi saad heegeldada r\u00f5\u00f5msates v\u00e4rvitoonides ja pilkup\u00fc\u00fcdvate detailidega kassi.\" \/>\n<meta name=\"robots\" content=\"index, follow, max-snippet:-1, max-image-preview:large, max-video-preview:-1\" \/>\n<link rel=\"canonical\" href=\"https:\/\/www.lilleliis.com\/et\/toode\/heegeldatud-kiisuke-mjau-muster\/\" \/>\n<meta property=\"og:locale\" content=\"et_EE\" \/>\n<meta property=\"og:type\" content=\"article\" \/>\n<meta property=\"og:title\" content=\"Kiisuke Mj\u00e4u | Amigurumi muster | lilleliis\" \/>\n<meta property=\"og:description\" content=\"Kiisuke Mj\u00e4u amigurumi muster on keskmise raskusastmega. Selle j\u00e4rgi saad heegeldada r\u00f5\u00f5msates v\u00e4rvitoonides ja pilkup\u00fc\u00fcdvate detailidega kassi.\" \/>\n<meta property=\"og:url\" content=\"https:\/\/www.lilleliis.com\/et\/toode\/heegeldatud-kiisuke-mjau-muster\/\" \/>\n<meta property=\"og:site_name\" content=\"lilleliis\" \/>\n<meta property=\"article:publisher\" content=\"https:\/\/www.facebook.com\/lilleliis-283266335035799\/\" \/>\n<meta property=\"og:image\" content=\"https:\/\/www.lilleliis.com\/wp-content\/uploads\/2020\/06\/Meow-cat-Mari-Liis-Lille.jpg\" \/>\n\t<meta property=\"og:image:width\" content=\"1280\" \/>\n\t<meta property=\"og:image:height\" content=\"1920\" \/>\n\t<meta property=\"og:image:type\" content=\"image\/jpeg\" \/>\n<meta name=\"twitter:card\" content=\"summary_large_image\" \/>\n<script type=\"application\/ld+json\" class=\"yoast-schema-graph\">{\"@context\":\"https:\\\/\\\/schema.org\",\"@graph\":[{\"@type\":\"WebPage\",\"@id\":\"https:\\\/\\\/www.lilleliis.com\\\/et\\\/toode\\\/heegeldatud-kiisuke-mjau-muster\\\/\",\"url\":\"https:\\\/\\\/www.lilleliis.com\\\/et\\\/toode\\\/heegeldatud-kiisuke-mjau-muster\\\/\",\"name\":\"Kiisuke Mj\u00e4u | Amigurumi muster | lilleliis\",\"isPartOf\":{\"@id\":\"https:\\\/\\\/www.lilleliis.com\\\/et\\\/#website\"},\"primaryImageOfPage\":{\"@id\":\"https:\\\/\\\/www.lilleliis.com\\\/et\\\/toode\\\/heegeldatud-kiisuke-mjau-muster\\\/#primaryimage\"},\"image\":{\"@id\":\"https:\\\/\\\/www.lilleliis.com\\\/et\\\/toode\\\/heegeldatud-kiisuke-mjau-muster\\\/#primaryimage\"},\"thumbnailUrl\":\"https:\\\/\\\/www.lilleliis.com\\\/wp-content\\\/uploads\\\/2020\\\/06\\\/Meow-cat-Mari-Liis-Lille.jpg\",\"datePublished\":\"2026-01-05T15:11:02+00:00\",\"description\":\"Kiisuke Mj\u00e4u amigurumi muster on keskmise raskusastmega. Selle j\u00e4rgi saad heegeldada r\u00f5\u00f5msates v\u00e4rvitoonides ja pilkup\u00fc\u00fcdvate detailidega kassi.\",\"breadcrumb\":{\"@id\":\"https:\\\/\\\/www.lilleliis.com\\\/et\\\/toode\\\/heegeldatud-kiisuke-mjau-muster\\\/#breadcrumb\"},\"inLanguage\":\"et\",\"potentialAction\":[{\"@type\":\"ReadAction\",\"target\":[\"https:\\\/\\\/www.lilleliis.com\\\/et\\\/toode\\\/heegeldatud-kiisuke-mjau-muster\\\/\"]}]},{\"@type\":\"ImageObject\",\"inLanguage\":\"et\",\"@id\":\"https:\\\/\\\/www.lilleliis.com\\\/et\\\/toode\\\/heegeldatud-kiisuke-mjau-muster\\\/#primaryimage\",\"url\":\"https:\\\/\\\/www.lilleliis.com\\\/wp-content\\\/uploads\\\/2020\\\/06\\\/Meow-cat-Mari-Liis-Lille.jpg\",\"contentUrl\":\"https:\\\/\\\/www.lilleliis.com\\\/wp-content\\\/uploads\\\/2020\\\/06\\\/Meow-cat-Mari-Liis-Lille.jpg\",\"width\":1280,\"height\":1920,\"caption\":\"Meow cat Mari-Liis Lille\"},{\"@type\":\"BreadcrumbList\",\"@id\":\"https:\\\/\\\/www.lilleliis.com\\\/et\\\/toode\\\/heegeldatud-kiisuke-mjau-muster\\\/#breadcrumb\",\"itemListElement\":[{\"@type\":\"ListItem\",\"position\":1,\"name\":\"Home\",\"item\":\"https:\\\/\\\/www.lilleliis.com\\\/et\\\/\"},{\"@type\":\"ListItem\",\"position\":2,\"name\":\"Pood\",\"item\":\"https:\\\/\\\/www.lilleliis.com\\\/et\\\/shop\\\/\"},{\"@type\":\"ListItem\",\"position\":3,\"name\":\"Kiisuke Mj\u00e4u &#8211; amigurumi muster\"}]},{\"@type\":\"WebSite\",\"@id\":\"https:\\\/\\\/www.lilleliis.com\\\/et\\\/#website\",\"url\":\"https:\\\/\\\/www.lilleliis.com\\\/et\\\/\",\"name\":\"lilleliis\",\"description\":\"Amigurumi m\u00e4nguasjad ja mustrid\",\"potentialAction\":[{\"@type\":\"SearchAction\",\"target\":{\"@type\":\"EntryPoint\",\"urlTemplate\":\"https:\\\/\\\/www.lilleliis.com\\\/et\\\/?s={search_term_string}\"},\"query-input\":{\"@type\":\"PropertyValueSpecification\",\"valueRequired\":true,\"valueName\":\"search_term_string\"}}],\"inLanguage\":\"et\"}]}<\/script>\n<!-- \/ Yoast SEO plugin. -->","yoast_head_json":{"title":"Kiisuke Mj\u00e4u | Amigurumi muster | lilleliis","description":"Kiisuke Mj\u00e4u amigurumi muster on keskmise raskusastmega. Selle j\u00e4rgi saad heegeldada r\u00f5\u00f5msates v\u00e4rvitoonides ja pilkup\u00fc\u00fcdvate detailidega kassi.","robots":{"index":"index","follow":"follow","max-snippet":"max-snippet:-1","max-image-preview":"max-image-preview:large","max-video-preview":"max-video-preview:-1"},"canonical":"https:\/\/www.lilleliis.com\/et\/toode\/heegeldatud-kiisuke-mjau-muster\/","og_locale":"et_EE","og_type":"article","og_title":"Kiisuke Mj\u00e4u | Amigurumi muster | lilleliis","og_description":"Kiisuke Mj\u00e4u amigurumi muster on keskmise raskusastmega. Selle j\u00e4rgi saad heegeldada r\u00f5\u00f5msates v\u00e4rvitoonides ja pilkup\u00fc\u00fcdvate detailidega kassi.","og_url":"https:\/\/www.lilleliis.com\/et\/toode\/heegeldatud-kiisuke-mjau-muster\/","og_site_name":"lilleliis","article_publisher":"https:\/\/www.facebook.com\/lilleliis-283266335035799\/","og_image":[{"width":1280,"height":1920,"url":"https:\/\/www.lilleliis.com\/wp-content\/uploads\/2020\/06\/Meow-cat-Mari-Liis-Lille.jpg","type":"image\/jpeg"}],"twitter_card":"summary_large_image","schema":{"@context":"https:\/\/schema.org","@graph":[{"@type":"WebPage","@id":"https:\/\/www.lilleliis.com\/et\/toode\/heegeldatud-kiisuke-mjau-muster\/","url":"https:\/\/www.lilleliis.com\/et\/toode\/heegeldatud-kiisuke-mjau-muster\/","name":"Kiisuke Mj\u00e4u | Amigurumi muster | lilleliis","isPartOf":{"@id":"https:\/\/www.lilleliis.com\/et\/#website"},"primaryImageOfPage":{"@id":"https:\/\/www.lilleliis.com\/et\/toode\/heegeldatud-kiisuke-mjau-muster\/#primaryimage"},"image":{"@id":"https:\/\/www.lilleliis.com\/et\/toode\/heegeldatud-kiisuke-mjau-muster\/#primaryimage"},"thumbnailUrl":"https:\/\/www.lilleliis.com\/wp-content\/uploads\/2020\/06\/Meow-cat-Mari-Liis-Lille.jpg","datePublished":"2026-01-05T15:11:02+00:00","description":"Kiisuke Mj\u00e4u amigurumi muster on keskmise raskusastmega. Selle j\u00e4rgi saad heegeldada r\u00f5\u00f5msates v\u00e4rvitoonides ja pilkup\u00fc\u00fcdvate detailidega kassi.","breadcrumb":{"@id":"https:\/\/www.lilleliis.com\/et\/toode\/heegeldatud-kiisuke-mjau-muster\/#breadcrumb"},"inLanguage":"et","potentialAction":[{"@type":"ReadAction","target":["https:\/\/www.lilleliis.com\/et\/toode\/heegeldatud-kiisuke-mjau-muster\/"]}]},{"@type":"ImageObject","inLanguage":"et","@id":"https:\/\/www.lilleliis.com\/et\/toode\/heegeldatud-kiisuke-mjau-muster\/#primaryimage","url":"https:\/\/www.lilleliis.com\/wp-content\/uploads\/2020\/06\/Meow-cat-Mari-Liis-Lille.jpg","contentUrl":"https:\/\/www.lilleliis.com\/wp-content\/uploads\/2020\/06\/Meow-cat-Mari-Liis-Lille.jpg","width":1280,"height":1920,"caption":"Meow cat Mari-Liis Lille"},{"@type":"BreadcrumbList","@id":"https:\/\/www.lilleliis.com\/et\/toode\/heegeldatud-kiisuke-mjau-muster\/#breadcrumb","itemListElement":[{"@type":"ListItem","position":1,"name":"Home","item":"https:\/\/www.lilleliis.com\/et\/"},{"@type":"ListItem","position":2,"name":"Pood","item":"https:\/\/www.lilleliis.com\/et\/shop\/"},{"@type":"ListItem","position":3,"name":"Kiisuke Mj\u00e4u &#8211; amigurumi muster"}]},{"@type":"WebSite","@id":"https:\/\/www.lilleliis.com\/et\/#website","url":"https:\/\/www.lilleliis.com\/et\/","name":"lilleliis","description":"Amigurumi m\u00e4nguasjad ja mustrid","potentialAction":[{"@type":"SearchAction","target":{"@type":"EntryPoint","urlTemplate":"https:\/\/www.lilleliis.com\/et\/?s={search_term_string}"},"query-input":{"@type":"PropertyValueSpecification","valueRequired":true,"valueName":"search_term_string"}}],"inLanguage":"et"}]}},"_links":{"self":[{"href":"https:\/\/www.lilleliis.com\/et\/wp-json\/wp\/v2\/product\/47728","targetHints":{"allow":["GET"]}}],"collection":[{"href":"https:\/\/www.lilleliis.com\/et\/wp-json\/wp\/v2\/product"}],"about":[{"href":"https:\/\/www.lilleliis.com\/et\/wp-json\/wp\/v2\/types\/product"}],"replies":[{"embeddable":true,"href":"https:\/\/www.lilleliis.com\/et\/wp-json\/wp\/v2\/comments?post=47728"}],"wp:featuredmedia":[{"embeddable":true,"href":"https:\/\/www.lilleliis.com\/et\/wp-json\/wp\/v2\/media\/79466"}],"wp:attachment":[{"href":"https:\/\/www.lilleliis.com\/et\/wp-json\/wp\/v2\/media?parent=47728"}],"wp:term":[{"taxonomy":"product_brand","embeddable":true,"href":"https:\/\/www.lilleliis.com\/et\/wp-json\/wp\/v2\/product_brand?post=47728"},{"taxonomy":"product_cat","embeddable":true,"href":"https:\/\/www.lilleliis.com\/et\/wp-json\/wp\/v2\/product_cat?post=47728"},{"taxonomy":"product_tag","embeddable":true,"href":"https:\/\/www.lilleliis.com\/et\/wp-json\/wp\/v2\/product_tag?post=47728"}],"curies":[{"name":"wp","href":"https:\/\/api.w.org\/{rel}","templated":true}]}}