{"id":47862,"date":"2026-04-13T13:20:14","date_gmt":"2026-04-13T10:20:14","guid":{"rendered":"http:\/\/www.lilleliis.com\/?post_type=product&#038;p=47862"},"modified":"2026-04-13T13:27:32","modified_gmt":"2026-04-13T10:27:32","slug":"stopperliim-paeltele","status":"publish","type":"product","link":"https:\/\/www.lilleliis.com\/et\/toode\/stopperliim-paeltele\/","title":{"rendered":"Hargnemisvastane stopperliim (Fray Stop)"},"content":{"rendered":"<p data-start=\"364\" data-end=\"533\">Hargnemisvastane stopperliim (Fray Stop) on v\u00e4ike, kuid v\u00e4ga praktiline abiline, mis aitab \u00e4ra hoida kanga ja paelte hargnemise. Liim kantakse otse kanga servale v\u00f5i paela otsale. Kuivades muutub see l\u00e4bipaistvaks ja elastseks, j\u00e4\u00e4des peaaegu m\u00e4rkamatuks.<\/p>\n<p data-start=\"1019\" data-end=\"1032\"><strong data-start=\"1019\" data-end=\"1032\">Omadused:<\/strong><\/p>\n<ul data-start=\"1033\" data-end=\"1166\">\n<li data-section-id=\"1oninh3\" data-start=\"1033\" data-end=\"1070\">l\u00e4bipaistev ja diskreetne tulemus<\/li>\n<li data-section-id=\"88z3f4\" data-start=\"1071\" data-end=\"1099\">ei muuda kangast j\u00e4igaks<\/li>\n<li data-section-id=\"dm7qyr\" data-start=\"1100\" data-end=\"1130\">lihtne pealekandmine<\/li>\n<li data-section-id=\"1jxqfjr\" data-start=\"1131\" data-end=\"1166\">sobib erinevatele tekstiilidele<\/li>\n<\/ul>\n<p data-start=\"1168\" data-end=\"1257\">Tuntud ka kui <em data-start=\"1182\" data-end=\"1193\">fray stop<\/em> v\u00f5i <em data-start=\"1198\" data-end=\"1210\">fray check<\/em> &#8211; usaldusv\u00e4\u00e4rne abiline igale k\u00e4sit\u00f6\u00f6s\u00f5brale.<\/p>\n<div class=\"is-divider divider clearfix\" ><\/div>\n<p>Tuubi maht: 25 ml<\/p>\n<p>Kuivamisaeg: 5 minutit<\/p>\n<p><strong>OHUTUS TEAVE\u00a0<\/strong><br \/>\nLiim sisaldab lahustit ja on tuleohtlik. S\u00e4ilitada lastele k\u00e4ttesaamatus kohas! Liimist eralduvad aurud v\u00f5ivad olla limaskesti \u00e4rritava toimega. Kasutada hea ventilatsiooniga ruumis. Liimi sattumisel silma pese rohke veega ja p\u00f6\u00f6rdu viivitamatult arsti poole. Nahale sattunud liim pese koheselt \u00e4ra vee ja seebiga.<\/p>\n","protected":false},"excerpt":{"rendered":"<p>Hargnemisvastane stopperliim muudab m\u00e4nguasjade viimistlemisel kasutatavate paelte otsad ja kanga servad hargnematuks. Kuivab l\u00e4bipaistvaks ja j\u00e4\u00e4b elastne.<\/p>\n<p>Kasutamiseks puuduta sirgeks l\u00f5igatud paela serva \u00f5rnalt pudeli otsaga. J\u00e4lgi, et liimi satuks servale kogu ulatuses. Vahendit v\u00f5ib tilgutada ka kartongile ja n\u00f6 kasta paela otsa liimi sisse. NB! J\u00e4lgi, et liim saaks piisavalt kaua \u00f5hu k\u00e4es kuivada ja ei puutuks m\u00e4rjana muude pindade vastu.<\/p>\n","protected":false},"featured_media":106013,"comment_status":"open","ping_status":"closed","template":"","meta":[],"product_brand":[1571],"product_cat":[429,568],"product_tag":[],"class_list":{"0":"post-47862","1":"product","2":"type-product","3":"status-publish","4":"has-post-thumbnail","6":"product_brand-bohin","7":"product_cat-kasitoo-tarvikud","8":"product_cat-muud-tarvikud","10":"first","11":"instock","12":"taxable","13":"shipping-taxable","14":"purchasable","15":"product-type-simple"},"yoast_head":"<!-- This site is optimized with the Yoast SEO plugin v27.3 - https:\/\/yoast.com\/product\/yoast-seo-wordpress\/ -->\n<title>Hargnemisvastane stopperliim (Fray Stop) | lilleliis<\/title>\n<meta name=\"description\" content=\"Hargnemisvastane stopperliim ehk Fray Stop muudab paelte ja kanga servad hargnematuks. Lihtne peale kanda. Vahendit j\u00e4tkub kauaks.\" \/>\n<meta name=\"robots\" content=\"index, follow, max-snippet:-1, max-image-preview:large, max-video-preview:-1\" \/>\n<link rel=\"canonical\" href=\"https:\/\/www.lilleliis.com\/et\/toode\/stopperliim-paeltele\/\" \/>\n<meta property=\"og:locale\" content=\"et_EE\" \/>\n<meta property=\"og:type\" content=\"article\" \/>\n<meta property=\"og:title\" content=\"Hargnemisvastane stopperliim (Fray Stop) | lilleliis\" \/>\n<meta property=\"og:description\" content=\"Hargnemisvastane stopperliim ehk Fray Stop muudab paelte ja kanga servad hargnematuks. Lihtne peale kanda. Vahendit j\u00e4tkub kauaks.\" \/>\n<meta property=\"og:url\" content=\"https:\/\/www.lilleliis.com\/et\/toode\/stopperliim-paeltele\/\" \/>\n<meta property=\"og:site_name\" content=\"lilleliis\" \/>\n<meta property=\"article:publisher\" content=\"https:\/\/www.facebook.com\/lilleliis-283266335035799\/\" \/>\n<meta property=\"article:modified_time\" content=\"2026-04-13T10:27:32+00:00\" \/>\n<meta property=\"og:image\" content=\"https:\/\/www.lilleliis.com\/wp-content\/uploads\/2025\/07\/Hargnemisvastane-stopperliim3.webp\" \/>\n\t<meta property=\"og:image:width\" content=\"1000\" \/>\n\t<meta property=\"og:image:height\" content=\"1000\" \/>\n\t<meta property=\"og:image:type\" content=\"image\/webp\" \/>\n<meta name=\"twitter:card\" content=\"summary_large_image\" \/>\n<meta name=\"twitter:label1\" content=\"Est. reading time\" \/>\n\t<meta name=\"twitter:data1\" content=\"1 minute\" \/>\n<script type=\"application\/ld+json\" class=\"yoast-schema-graph\">{\"@context\":\"https:\\\/\\\/schema.org\",\"@graph\":[{\"@type\":\"WebPage\",\"@id\":\"https:\\\/\\\/www.lilleliis.com\\\/et\\\/toode\\\/stopperliim-paeltele\\\/\",\"url\":\"https:\\\/\\\/www.lilleliis.com\\\/et\\\/toode\\\/stopperliim-paeltele\\\/\",\"name\":\"Hargnemisvastane stopperliim (Fray Stop) | lilleliis\",\"isPartOf\":{\"@id\":\"https:\\\/\\\/www.lilleliis.com\\\/et\\\/#website\"},\"primaryImageOfPage\":{\"@id\":\"https:\\\/\\\/www.lilleliis.com\\\/et\\\/toode\\\/stopperliim-paeltele\\\/#primaryimage\"},\"image\":{\"@id\":\"https:\\\/\\\/www.lilleliis.com\\\/et\\\/toode\\\/stopperliim-paeltele\\\/#primaryimage\"},\"thumbnailUrl\":\"https:\\\/\\\/www.lilleliis.com\\\/wp-content\\\/uploads\\\/2025\\\/07\\\/Hargnemisvastane-stopperliim3.webp\",\"datePublished\":\"2026-04-13T10:20:14+00:00\",\"dateModified\":\"2026-04-13T10:27:32+00:00\",\"description\":\"Hargnemisvastane stopperliim ehk Fray Stop muudab paelte ja kanga servad hargnematuks. Lihtne peale kanda. Vahendit j\u00e4tkub kauaks.\",\"breadcrumb\":{\"@id\":\"https:\\\/\\\/www.lilleliis.com\\\/et\\\/toode\\\/stopperliim-paeltele\\\/#breadcrumb\"},\"inLanguage\":\"et\",\"potentialAction\":[{\"@type\":\"ReadAction\",\"target\":[\"https:\\\/\\\/www.lilleliis.com\\\/et\\\/toode\\\/stopperliim-paeltele\\\/\"]}]},{\"@type\":\"ImageObject\",\"inLanguage\":\"et\",\"@id\":\"https:\\\/\\\/www.lilleliis.com\\\/et\\\/toode\\\/stopperliim-paeltele\\\/#primaryimage\",\"url\":\"https:\\\/\\\/www.lilleliis.com\\\/wp-content\\\/uploads\\\/2025\\\/07\\\/Hargnemisvastane-stopperliim3.webp\",\"contentUrl\":\"https:\\\/\\\/www.lilleliis.com\\\/wp-content\\\/uploads\\\/2025\\\/07\\\/Hargnemisvastane-stopperliim3.webp\",\"width\":1000,\"height\":1000,\"caption\":\"Hargnemisvastane stopperliim\"},{\"@type\":\"BreadcrumbList\",\"@id\":\"https:\\\/\\\/www.lilleliis.com\\\/et\\\/toode\\\/stopperliim-paeltele\\\/#breadcrumb\",\"itemListElement\":[{\"@type\":\"ListItem\",\"position\":1,\"name\":\"Home\",\"item\":\"https:\\\/\\\/www.lilleliis.com\\\/et\\\/\"},{\"@type\":\"ListItem\",\"position\":2,\"name\":\"Pood\",\"item\":\"https:\\\/\\\/www.lilleliis.com\\\/et\\\/shop\\\/\"},{\"@type\":\"ListItem\",\"position\":3,\"name\":\"Hargnemisvastane stopperliim (Fray Stop)\"}]},{\"@type\":\"WebSite\",\"@id\":\"https:\\\/\\\/www.lilleliis.com\\\/et\\\/#website\",\"url\":\"https:\\\/\\\/www.lilleliis.com\\\/et\\\/\",\"name\":\"lilleliis\",\"description\":\"Amigurumi m\u00e4nguasjad ja mustrid\",\"potentialAction\":[{\"@type\":\"SearchAction\",\"target\":{\"@type\":\"EntryPoint\",\"urlTemplate\":\"https:\\\/\\\/www.lilleliis.com\\\/et\\\/?s={search_term_string}\"},\"query-input\":{\"@type\":\"PropertyValueSpecification\",\"valueRequired\":true,\"valueName\":\"search_term_string\"}}],\"inLanguage\":\"et\"}]}<\/script>\n<!-- \/ Yoast SEO plugin. -->","yoast_head_json":{"title":"Hargnemisvastane stopperliim (Fray Stop) | lilleliis","description":"Hargnemisvastane stopperliim ehk Fray Stop muudab paelte ja kanga servad hargnematuks. Lihtne peale kanda. Vahendit j\u00e4tkub kauaks.","robots":{"index":"index","follow":"follow","max-snippet":"max-snippet:-1","max-image-preview":"max-image-preview:large","max-video-preview":"max-video-preview:-1"},"canonical":"https:\/\/www.lilleliis.com\/et\/toode\/stopperliim-paeltele\/","og_locale":"et_EE","og_type":"article","og_title":"Hargnemisvastane stopperliim (Fray Stop) | lilleliis","og_description":"Hargnemisvastane stopperliim ehk Fray Stop muudab paelte ja kanga servad hargnematuks. Lihtne peale kanda. Vahendit j\u00e4tkub kauaks.","og_url":"https:\/\/www.lilleliis.com\/et\/toode\/stopperliim-paeltele\/","og_site_name":"lilleliis","article_publisher":"https:\/\/www.facebook.com\/lilleliis-283266335035799\/","article_modified_time":"2026-04-13T10:27:32+00:00","og_image":[{"width":1000,"height":1000,"url":"https:\/\/www.lilleliis.com\/wp-content\/uploads\/2025\/07\/Hargnemisvastane-stopperliim3.webp","type":"image\/webp"}],"twitter_card":"summary_large_image","twitter_misc":{"Est. reading time":"1 minute"},"schema":{"@context":"https:\/\/schema.org","@graph":[{"@type":"WebPage","@id":"https:\/\/www.lilleliis.com\/et\/toode\/stopperliim-paeltele\/","url":"https:\/\/www.lilleliis.com\/et\/toode\/stopperliim-paeltele\/","name":"Hargnemisvastane stopperliim (Fray Stop) | lilleliis","isPartOf":{"@id":"https:\/\/www.lilleliis.com\/et\/#website"},"primaryImageOfPage":{"@id":"https:\/\/www.lilleliis.com\/et\/toode\/stopperliim-paeltele\/#primaryimage"},"image":{"@id":"https:\/\/www.lilleliis.com\/et\/toode\/stopperliim-paeltele\/#primaryimage"},"thumbnailUrl":"https:\/\/www.lilleliis.com\/wp-content\/uploads\/2025\/07\/Hargnemisvastane-stopperliim3.webp","datePublished":"2026-04-13T10:20:14+00:00","dateModified":"2026-04-13T10:27:32+00:00","description":"Hargnemisvastane stopperliim ehk Fray Stop muudab paelte ja kanga servad hargnematuks. Lihtne peale kanda. Vahendit j\u00e4tkub kauaks.","breadcrumb":{"@id":"https:\/\/www.lilleliis.com\/et\/toode\/stopperliim-paeltele\/#breadcrumb"},"inLanguage":"et","potentialAction":[{"@type":"ReadAction","target":["https:\/\/www.lilleliis.com\/et\/toode\/stopperliim-paeltele\/"]}]},{"@type":"ImageObject","inLanguage":"et","@id":"https:\/\/www.lilleliis.com\/et\/toode\/stopperliim-paeltele\/#primaryimage","url":"https:\/\/www.lilleliis.com\/wp-content\/uploads\/2025\/07\/Hargnemisvastane-stopperliim3.webp","contentUrl":"https:\/\/www.lilleliis.com\/wp-content\/uploads\/2025\/07\/Hargnemisvastane-stopperliim3.webp","width":1000,"height":1000,"caption":"Hargnemisvastane stopperliim"},{"@type":"BreadcrumbList","@id":"https:\/\/www.lilleliis.com\/et\/toode\/stopperliim-paeltele\/#breadcrumb","itemListElement":[{"@type":"ListItem","position":1,"name":"Home","item":"https:\/\/www.lilleliis.com\/et\/"},{"@type":"ListItem","position":2,"name":"Pood","item":"https:\/\/www.lilleliis.com\/et\/shop\/"},{"@type":"ListItem","position":3,"name":"Hargnemisvastane stopperliim (Fray Stop)"}]},{"@type":"WebSite","@id":"https:\/\/www.lilleliis.com\/et\/#website","url":"https:\/\/www.lilleliis.com\/et\/","name":"lilleliis","description":"Amigurumi m\u00e4nguasjad ja mustrid","potentialAction":[{"@type":"SearchAction","target":{"@type":"EntryPoint","urlTemplate":"https:\/\/www.lilleliis.com\/et\/?s={search_term_string}"},"query-input":{"@type":"PropertyValueSpecification","valueRequired":true,"valueName":"search_term_string"}}],"inLanguage":"et"}]}},"_links":{"self":[{"href":"https:\/\/www.lilleliis.com\/et\/wp-json\/wp\/v2\/product\/47862","targetHints":{"allow":["GET"]}}],"collection":[{"href":"https:\/\/www.lilleliis.com\/et\/wp-json\/wp\/v2\/product"}],"about":[{"href":"https:\/\/www.lilleliis.com\/et\/wp-json\/wp\/v2\/types\/product"}],"replies":[{"embeddable":true,"href":"https:\/\/www.lilleliis.com\/et\/wp-json\/wp\/v2\/comments?post=47862"}],"wp:featuredmedia":[{"embeddable":true,"href":"https:\/\/www.lilleliis.com\/et\/wp-json\/wp\/v2\/media\/106013"}],"wp:attachment":[{"href":"https:\/\/www.lilleliis.com\/et\/wp-json\/wp\/v2\/media?parent=47862"}],"wp:term":[{"taxonomy":"product_brand","embeddable":true,"href":"https:\/\/www.lilleliis.com\/et\/wp-json\/wp\/v2\/product_brand?post=47862"},{"taxonomy":"product_cat","embeddable":true,"href":"https:\/\/www.lilleliis.com\/et\/wp-json\/wp\/v2\/product_cat?post=47862"},{"taxonomy":"product_tag","embeddable":true,"href":"https:\/\/www.lilleliis.com\/et\/wp-json\/wp\/v2\/product_tag?post=47862"}],"curies":[{"name":"wp","href":"https:\/\/api.w.org\/{rel}","templated":true}]}}