{"id":48230,"date":"2025-05-19T10:58:14","date_gmt":"2025-05-19T07:58:14","guid":{"rendered":"http:\/\/www.lilleliis.com\/?post_type=product&#038;p=48230"},"modified":"2026-02-11T10:17:31","modified_gmt":"2026-02-11T08:17:31","slug":"noobid-handmade-with-love","status":"publish","type":"product","link":"https:\/\/www.lilleliis.com\/et\/toode\/noobid-handmade-with-love\/","title":{"rendered":"N\u00f6\u00f6p \u201cHandmade with love\u201d 15 mm \u2013 20 tk"},"content":{"rendered":null,"protected":false},"excerpt":{"rendered":"<p>Komplektis on 20 puust n\u00f6\u00f6pi kirjaga <em>Handmade with Love<\/em>. N\u00f6\u00f6bid sobivad m\u00e4nguasjade v\u00f5i riiete kaunistamiseks. Silmatorkav ja vahva viis juhtida ostja t\u00e4helepanu toote k\u00e4sitsi valmistatud p\u00e4ritolule.<\/p>\n<div class=\"is-divider divider clearfix\" style=\"max-width:100%;\"><\/div>\n<p>N\u00f6\u00f6bi l\u00e4bim\u00f5\u00f5t: 15 mm<\/p>\n<p>Augu l\u00e4bim\u00f5\u00f5t: 2 mm<\/p>\n<p>V\u00e4rv: naturaalne puit<\/p>\n","protected":false},"featured_media":48235,"comment_status":"open","ping_status":"closed","template":"","meta":[],"product_brand":[],"product_cat":[429,564],"product_tag":[],"class_list":{"0":"post-48230","1":"product","2":"type-product","3":"status-publish","4":"has-post-thumbnail","6":"product_cat-kasitoo-tarvikud","7":"product_cat-noobid","8":"pa_button-size-15-mm","10":"first","11":"outofstock","12":"taxable","13":"shipping-taxable","14":"purchasable","15":"product-type-simple"},"yoast_head":"<!-- This site is optimized with the Yoast SEO plugin v27.3 - https:\/\/yoast.com\/product\/yoast-seo-wordpress\/ -->\n<title>N\u00f6\u00f6p \u201cHandmade with love\u201d 15 mm \u2013 20 tk | K\u00e4sit\u00f6\u00f6toodete viimistlemiseks | lilleliis<\/title>\n<meta name=\"description\" content=\"N\u00f6\u00f6bid Handmade with Love. L\u00e4bim\u00f5\u00f5t: 15 mm, komplektis 20 tk. Sobivad k\u00e4sit\u00f6\u00f6toodete viimistlemiseks.\" \/>\n<meta name=\"robots\" content=\"index, follow, max-snippet:-1, max-image-preview:large, max-video-preview:-1\" \/>\n<link rel=\"canonical\" href=\"https:\/\/www.lilleliis.com\/et\/toode\/noobid-handmade-with-love\/\" \/>\n<meta property=\"og:locale\" content=\"et_EE\" \/>\n<meta property=\"og:type\" content=\"article\" \/>\n<meta property=\"og:title\" content=\"N\u00f6\u00f6p \u201cHandmade with love\u201d 15 mm \u2013 20 tk | K\u00e4sit\u00f6\u00f6toodete viimistlemiseks | lilleliis\" \/>\n<meta property=\"og:description\" content=\"N\u00f6\u00f6bid Handmade with Love. L\u00e4bim\u00f5\u00f5t: 15 mm, komplektis 20 tk. Sobivad k\u00e4sit\u00f6\u00f6toodete viimistlemiseks.\" \/>\n<meta property=\"og:url\" content=\"https:\/\/www.lilleliis.com\/et\/toode\/noobid-handmade-with-love\/\" \/>\n<meta property=\"og:site_name\" content=\"lilleliis\" \/>\n<meta property=\"article:publisher\" content=\"https:\/\/www.facebook.com\/lilleliis-283266335035799\/\" \/>\n<meta property=\"article:modified_time\" content=\"2026-02-11T08:17:31+00:00\" \/>\n<meta property=\"og:image\" content=\"https:\/\/www.lilleliis.com\/wp-content\/uploads\/2018\/05\/DSC_2587.jpg\" \/>\n\t<meta property=\"og:image:width\" content=\"1500\" \/>\n\t<meta property=\"og:image:height\" content=\"1000\" \/>\n\t<meta property=\"og:image:type\" content=\"image\/jpeg\" \/>\n<meta name=\"twitter:card\" content=\"summary_large_image\" \/>\n<meta name=\"twitter:label1\" content=\"Est. reading time\" \/>\n\t<meta name=\"twitter:data1\" content=\"1 minute\" \/>\n<script type=\"application\/ld+json\" class=\"yoast-schema-graph\">{\"@context\":\"https:\\\/\\\/schema.org\",\"@graph\":[{\"@type\":\"WebPage\",\"@id\":\"https:\\\/\\\/www.lilleliis.com\\\/et\\\/toode\\\/noobid-handmade-with-love\\\/\",\"url\":\"https:\\\/\\\/www.lilleliis.com\\\/et\\\/toode\\\/noobid-handmade-with-love\\\/\",\"name\":\"N\u00f6\u00f6p \u201cHandmade with love\u201d 15 mm \u2013 20 tk | K\u00e4sit\u00f6\u00f6toodete viimistlemiseks | lilleliis\",\"isPartOf\":{\"@id\":\"https:\\\/\\\/www.lilleliis.com\\\/et\\\/#website\"},\"primaryImageOfPage\":{\"@id\":\"https:\\\/\\\/www.lilleliis.com\\\/et\\\/toode\\\/noobid-handmade-with-love\\\/#primaryimage\"},\"image\":{\"@id\":\"https:\\\/\\\/www.lilleliis.com\\\/et\\\/toode\\\/noobid-handmade-with-love\\\/#primaryimage\"},\"thumbnailUrl\":\"https:\\\/\\\/www.lilleliis.com\\\/wp-content\\\/uploads\\\/2018\\\/05\\\/DSC_2587.jpg\",\"datePublished\":\"2025-05-19T07:58:14+00:00\",\"dateModified\":\"2026-02-11T08:17:31+00:00\",\"description\":\"N\u00f6\u00f6bid Handmade with Love. L\u00e4bim\u00f5\u00f5t: 15 mm, komplektis 20 tk. Sobivad k\u00e4sit\u00f6\u00f6toodete viimistlemiseks.\",\"breadcrumb\":{\"@id\":\"https:\\\/\\\/www.lilleliis.com\\\/et\\\/toode\\\/noobid-handmade-with-love\\\/#breadcrumb\"},\"inLanguage\":\"et\",\"potentialAction\":[{\"@type\":\"ReadAction\",\"target\":[\"https:\\\/\\\/www.lilleliis.com\\\/et\\\/toode\\\/noobid-handmade-with-love\\\/\"]}]},{\"@type\":\"ImageObject\",\"inLanguage\":\"et\",\"@id\":\"https:\\\/\\\/www.lilleliis.com\\\/et\\\/toode\\\/noobid-handmade-with-love\\\/#primaryimage\",\"url\":\"https:\\\/\\\/www.lilleliis.com\\\/wp-content\\\/uploads\\\/2018\\\/05\\\/DSC_2587.jpg\",\"contentUrl\":\"https:\\\/\\\/www.lilleliis.com\\\/wp-content\\\/uploads\\\/2018\\\/05\\\/DSC_2587.jpg\",\"width\":1500,\"height\":1000},{\"@type\":\"BreadcrumbList\",\"@id\":\"https:\\\/\\\/www.lilleliis.com\\\/et\\\/toode\\\/noobid-handmade-with-love\\\/#breadcrumb\",\"itemListElement\":[{\"@type\":\"ListItem\",\"position\":1,\"name\":\"Home\",\"item\":\"https:\\\/\\\/www.lilleliis.com\\\/et\\\/\"},{\"@type\":\"ListItem\",\"position\":2,\"name\":\"Pood\",\"item\":\"https:\\\/\\\/www.lilleliis.com\\\/et\\\/shop\\\/\"},{\"@type\":\"ListItem\",\"position\":3,\"name\":\"N\u00f6\u00f6p \u201cHandmade with love\u201d 15 mm \u2013 20 tk\"}]},{\"@type\":\"WebSite\",\"@id\":\"https:\\\/\\\/www.lilleliis.com\\\/et\\\/#website\",\"url\":\"https:\\\/\\\/www.lilleliis.com\\\/et\\\/\",\"name\":\"lilleliis\",\"description\":\"Amigurumi m\u00e4nguasjad ja mustrid\",\"potentialAction\":[{\"@type\":\"SearchAction\",\"target\":{\"@type\":\"EntryPoint\",\"urlTemplate\":\"https:\\\/\\\/www.lilleliis.com\\\/et\\\/?s={search_term_string}\"},\"query-input\":{\"@type\":\"PropertyValueSpecification\",\"valueRequired\":true,\"valueName\":\"search_term_string\"}}],\"inLanguage\":\"et\"}]}<\/script>\n<!-- \/ Yoast SEO plugin. -->","yoast_head_json":{"title":"N\u00f6\u00f6p \u201cHandmade with love\u201d 15 mm \u2013 20 tk | K\u00e4sit\u00f6\u00f6toodete viimistlemiseks | lilleliis","description":"N\u00f6\u00f6bid Handmade with Love. L\u00e4bim\u00f5\u00f5t: 15 mm, komplektis 20 tk. Sobivad k\u00e4sit\u00f6\u00f6toodete viimistlemiseks.","robots":{"index":"index","follow":"follow","max-snippet":"max-snippet:-1","max-image-preview":"max-image-preview:large","max-video-preview":"max-video-preview:-1"},"canonical":"https:\/\/www.lilleliis.com\/et\/toode\/noobid-handmade-with-love\/","og_locale":"et_EE","og_type":"article","og_title":"N\u00f6\u00f6p \u201cHandmade with love\u201d 15 mm \u2013 20 tk | K\u00e4sit\u00f6\u00f6toodete viimistlemiseks | lilleliis","og_description":"N\u00f6\u00f6bid Handmade with Love. L\u00e4bim\u00f5\u00f5t: 15 mm, komplektis 20 tk. Sobivad k\u00e4sit\u00f6\u00f6toodete viimistlemiseks.","og_url":"https:\/\/www.lilleliis.com\/et\/toode\/noobid-handmade-with-love\/","og_site_name":"lilleliis","article_publisher":"https:\/\/www.facebook.com\/lilleliis-283266335035799\/","article_modified_time":"2026-02-11T08:17:31+00:00","og_image":[{"width":1500,"height":1000,"url":"https:\/\/www.lilleliis.com\/wp-content\/uploads\/2018\/05\/DSC_2587.jpg","type":"image\/jpeg"}],"twitter_card":"summary_large_image","twitter_misc":{"Est. reading time":"1 minute"},"schema":{"@context":"https:\/\/schema.org","@graph":[{"@type":"WebPage","@id":"https:\/\/www.lilleliis.com\/et\/toode\/noobid-handmade-with-love\/","url":"https:\/\/www.lilleliis.com\/et\/toode\/noobid-handmade-with-love\/","name":"N\u00f6\u00f6p \u201cHandmade with love\u201d 15 mm \u2013 20 tk | K\u00e4sit\u00f6\u00f6toodete viimistlemiseks | lilleliis","isPartOf":{"@id":"https:\/\/www.lilleliis.com\/et\/#website"},"primaryImageOfPage":{"@id":"https:\/\/www.lilleliis.com\/et\/toode\/noobid-handmade-with-love\/#primaryimage"},"image":{"@id":"https:\/\/www.lilleliis.com\/et\/toode\/noobid-handmade-with-love\/#primaryimage"},"thumbnailUrl":"https:\/\/www.lilleliis.com\/wp-content\/uploads\/2018\/05\/DSC_2587.jpg","datePublished":"2025-05-19T07:58:14+00:00","dateModified":"2026-02-11T08:17:31+00:00","description":"N\u00f6\u00f6bid Handmade with Love. L\u00e4bim\u00f5\u00f5t: 15 mm, komplektis 20 tk. Sobivad k\u00e4sit\u00f6\u00f6toodete viimistlemiseks.","breadcrumb":{"@id":"https:\/\/www.lilleliis.com\/et\/toode\/noobid-handmade-with-love\/#breadcrumb"},"inLanguage":"et","potentialAction":[{"@type":"ReadAction","target":["https:\/\/www.lilleliis.com\/et\/toode\/noobid-handmade-with-love\/"]}]},{"@type":"ImageObject","inLanguage":"et","@id":"https:\/\/www.lilleliis.com\/et\/toode\/noobid-handmade-with-love\/#primaryimage","url":"https:\/\/www.lilleliis.com\/wp-content\/uploads\/2018\/05\/DSC_2587.jpg","contentUrl":"https:\/\/www.lilleliis.com\/wp-content\/uploads\/2018\/05\/DSC_2587.jpg","width":1500,"height":1000},{"@type":"BreadcrumbList","@id":"https:\/\/www.lilleliis.com\/et\/toode\/noobid-handmade-with-love\/#breadcrumb","itemListElement":[{"@type":"ListItem","position":1,"name":"Home","item":"https:\/\/www.lilleliis.com\/et\/"},{"@type":"ListItem","position":2,"name":"Pood","item":"https:\/\/www.lilleliis.com\/et\/shop\/"},{"@type":"ListItem","position":3,"name":"N\u00f6\u00f6p \u201cHandmade with love\u201d 15 mm \u2013 20 tk"}]},{"@type":"WebSite","@id":"https:\/\/www.lilleliis.com\/et\/#website","url":"https:\/\/www.lilleliis.com\/et\/","name":"lilleliis","description":"Amigurumi m\u00e4nguasjad ja mustrid","potentialAction":[{"@type":"SearchAction","target":{"@type":"EntryPoint","urlTemplate":"https:\/\/www.lilleliis.com\/et\/?s={search_term_string}"},"query-input":{"@type":"PropertyValueSpecification","valueRequired":true,"valueName":"search_term_string"}}],"inLanguage":"et"}]}},"_links":{"self":[{"href":"https:\/\/www.lilleliis.com\/et\/wp-json\/wp\/v2\/product\/48230","targetHints":{"allow":["GET"]}}],"collection":[{"href":"https:\/\/www.lilleliis.com\/et\/wp-json\/wp\/v2\/product"}],"about":[{"href":"https:\/\/www.lilleliis.com\/et\/wp-json\/wp\/v2\/types\/product"}],"replies":[{"embeddable":true,"href":"https:\/\/www.lilleliis.com\/et\/wp-json\/wp\/v2\/comments?post=48230"}],"wp:featuredmedia":[{"embeddable":true,"href":"https:\/\/www.lilleliis.com\/et\/wp-json\/wp\/v2\/media\/48235"}],"wp:attachment":[{"href":"https:\/\/www.lilleliis.com\/et\/wp-json\/wp\/v2\/media?parent=48230"}],"wp:term":[{"taxonomy":"product_brand","embeddable":true,"href":"https:\/\/www.lilleliis.com\/et\/wp-json\/wp\/v2\/product_brand?post=48230"},{"taxonomy":"product_cat","embeddable":true,"href":"https:\/\/www.lilleliis.com\/et\/wp-json\/wp\/v2\/product_cat?post=48230"},{"taxonomy":"product_tag","embeddable":true,"href":"https:\/\/www.lilleliis.com\/et\/wp-json\/wp\/v2\/product_tag?post=48230"}],"curies":[{"name":"wp","href":"https:\/\/api.w.org\/{rel}","templated":true}]}}