{"id":48376,"date":"2025-09-04T17:20:14","date_gmt":"2025-09-04T14:20:14","guid":{"rendered":"http:\/\/www.lilleliis.com\/?post_type=product&#038;p=48376"},"modified":"2026-02-10T15:45:37","modified_gmt":"2026-02-10T13:45:37","slug":"ommeldav-etikett-toodetele","status":"publish","type":"product","link":"https:\/\/www.lilleliis.com\/et\/toode\/ommeldav-etikett-toodetele\/","title":{"rendered":"Toote etikett &#8220;Hooked with love&#8221;"},"content":{"rendered":null,"protected":false},"excerpt":{"rendered":"<p>Anna oma k\u00e4sitsi valmistatud toodetele kaubanduslik v\u00e4limus! Umbes 50 cm pikkune etiketi pael kirjaga &#8220;Hooked with love&#8221;, millel on 10 v\u00e4ljal\u00f5igatavat etiketti, sobib selleks suurep\u00e4raselt. Etiketid saab l\u00f5igata koos v\u00f5i ilma s\u00fcdameteta. Vastavalt sellele on \u00fche etiketi pikkus 3,5 v\u00f5i 5 cm.<\/p>\n<p>\u00dche etiketi umbkaudsed m\u00f5\u00f5dud: 50 x 15 mm (ilma s\u00fcdameta 35 x 15 mm)<\/p>\n<p>Materjal: puuvill<\/p>\n<p>V\u00e4rv: naturaalne valge<\/p>\n","protected":false},"featured_media":48381,"comment_status":"open","ping_status":"closed","template":"","meta":[],"product_brand":[],"product_cat":[429,568],"product_tag":[],"class_list":{"0":"post-48376","1":"product","2":"type-product","3":"status-publish","4":"has-post-thumbnail","6":"product_cat-kasitoo-tarvikud","7":"product_cat-muud-tarvikud","9":"first","10":"instock","11":"taxable","12":"shipping-taxable","13":"purchasable","14":"product-type-simple"},"yoast_head":"<!-- This site is optimized with the Yoast SEO plugin v27.3 - https:\/\/yoast.com\/product\/yoast-seo-wordpress\/ -->\n<title>\u00d5mmeldav etikett k\u00e4sit\u00f6\u00f6 tootele kirjaga &quot;Hooked with love&quot;<\/title>\n<meta name=\"description\" content=\"Anna oma k\u00e4sitsi valmistatud toodetele kaubanduslik v\u00e4limus! Umbes 50 cm pikkune etiketi pael kirjaga &quot;Hooked with love&quot;, millel on 10 v\u00e4ljal\u00f5igatavat etiketti, sobib selleks suurep\u00e4raselt. Etiketid saab v\u00e4lja l\u00f5igata koos v\u00f5i ilma s\u00fcdameteta. Vastavalt sellele on \u00fche etiketi pikkus 3,5 v\u00f5i 5 cm. Loe edasi.\" \/>\n<meta name=\"robots\" content=\"index, follow, max-snippet:-1, max-image-preview:large, max-video-preview:-1\" \/>\n<link rel=\"canonical\" href=\"https:\/\/www.lilleliis.com\/et\/toode\/ommeldav-etikett-toodetele\/\" \/>\n<meta property=\"og:locale\" content=\"et_EE\" \/>\n<meta property=\"og:type\" content=\"article\" \/>\n<meta property=\"og:title\" content=\"\u00d5mmeldav etikett k\u00e4sit\u00f6\u00f6 tootele kirjaga &quot;Hooked with love&quot;\" \/>\n<meta property=\"og:description\" content=\"Anna oma k\u00e4sitsi valmistatud toodetele kaubanduslik v\u00e4limus! Umbes 50 cm pikkune etiketi pael kirjaga &quot;Hooked with love&quot;, millel on 10 v\u00e4ljal\u00f5igatavat etiketti, sobib selleks suurep\u00e4raselt. Etiketid saab v\u00e4lja l\u00f5igata koos v\u00f5i ilma s\u00fcdameteta. Vastavalt sellele on \u00fche etiketi pikkus 3,5 v\u00f5i 5 cm. Loe edasi.\" \/>\n<meta property=\"og:url\" content=\"https:\/\/www.lilleliis.com\/et\/toode\/ommeldav-etikett-toodetele\/\" \/>\n<meta property=\"og:site_name\" content=\"lilleliis\" \/>\n<meta property=\"article:publisher\" content=\"https:\/\/www.facebook.com\/lilleliis-283266335035799\/\" \/>\n<meta property=\"article:modified_time\" content=\"2026-02-10T13:45:37+00:00\" \/>\n<meta property=\"og:image\" content=\"https:\/\/www.lilleliis.com\/wp-content\/uploads\/2018\/05\/DSC_3147.jpg\" \/>\n\t<meta property=\"og:image:width\" content=\"1500\" \/>\n\t<meta property=\"og:image:height\" content=\"1000\" \/>\n\t<meta property=\"og:image:type\" content=\"image\/jpeg\" \/>\n<meta name=\"twitter:card\" content=\"summary_large_image\" \/>\n<meta name=\"twitter:label1\" content=\"Est. reading time\" \/>\n\t<meta name=\"twitter:data1\" content=\"1 minute\" \/>\n<script type=\"application\/ld+json\" class=\"yoast-schema-graph\">{\"@context\":\"https:\\\/\\\/schema.org\",\"@graph\":[{\"@type\":\"WebPage\",\"@id\":\"https:\\\/\\\/www.lilleliis.com\\\/et\\\/toode\\\/ommeldav-etikett-toodetele\\\/\",\"url\":\"https:\\\/\\\/www.lilleliis.com\\\/et\\\/toode\\\/ommeldav-etikett-toodetele\\\/\",\"name\":\"\u00d5mmeldav etikett k\u00e4sit\u00f6\u00f6 tootele kirjaga \\\"Hooked with love\\\"\",\"isPartOf\":{\"@id\":\"https:\\\/\\\/www.lilleliis.com\\\/et\\\/#website\"},\"primaryImageOfPage\":{\"@id\":\"https:\\\/\\\/www.lilleliis.com\\\/et\\\/toode\\\/ommeldav-etikett-toodetele\\\/#primaryimage\"},\"image\":{\"@id\":\"https:\\\/\\\/www.lilleliis.com\\\/et\\\/toode\\\/ommeldav-etikett-toodetele\\\/#primaryimage\"},\"thumbnailUrl\":\"https:\\\/\\\/www.lilleliis.com\\\/wp-content\\\/uploads\\\/2018\\\/05\\\/DSC_3147.jpg\",\"datePublished\":\"2025-09-04T14:20:14+00:00\",\"dateModified\":\"2026-02-10T13:45:37+00:00\",\"description\":\"Anna oma k\u00e4sitsi valmistatud toodetele kaubanduslik v\u00e4limus! Umbes 50 cm pikkune etiketi pael kirjaga \\\"Hooked with love\\\", millel on 10 v\u00e4ljal\u00f5igatavat etiketti, sobib selleks suurep\u00e4raselt. Etiketid saab v\u00e4lja l\u00f5igata koos v\u00f5i ilma s\u00fcdameteta. Vastavalt sellele on \u00fche etiketi pikkus 3,5 v\u00f5i 5 cm. Loe edasi.\",\"breadcrumb\":{\"@id\":\"https:\\\/\\\/www.lilleliis.com\\\/et\\\/toode\\\/ommeldav-etikett-toodetele\\\/#breadcrumb\"},\"inLanguage\":\"et\",\"potentialAction\":[{\"@type\":\"ReadAction\",\"target\":[\"https:\\\/\\\/www.lilleliis.com\\\/et\\\/toode\\\/ommeldav-etikett-toodetele\\\/\"]}]},{\"@type\":\"ImageObject\",\"inLanguage\":\"et\",\"@id\":\"https:\\\/\\\/www.lilleliis.com\\\/et\\\/toode\\\/ommeldav-etikett-toodetele\\\/#primaryimage\",\"url\":\"https:\\\/\\\/www.lilleliis.com\\\/wp-content\\\/uploads\\\/2018\\\/05\\\/DSC_3147.jpg\",\"contentUrl\":\"https:\\\/\\\/www.lilleliis.com\\\/wp-content\\\/uploads\\\/2018\\\/05\\\/DSC_3147.jpg\",\"width\":1500,\"height\":1000,\"caption\":\"Etikett pael Hooked with love\"},{\"@type\":\"BreadcrumbList\",\"@id\":\"https:\\\/\\\/www.lilleliis.com\\\/et\\\/toode\\\/ommeldav-etikett-toodetele\\\/#breadcrumb\",\"itemListElement\":[{\"@type\":\"ListItem\",\"position\":1,\"name\":\"Home\",\"item\":\"https:\\\/\\\/www.lilleliis.com\\\/et\\\/\"},{\"@type\":\"ListItem\",\"position\":2,\"name\":\"Pood\",\"item\":\"https:\\\/\\\/www.lilleliis.com\\\/et\\\/shop\\\/\"},{\"@type\":\"ListItem\",\"position\":3,\"name\":\"Toote etikett &#8220;Hooked with love&#8221;\"}]},{\"@type\":\"WebSite\",\"@id\":\"https:\\\/\\\/www.lilleliis.com\\\/et\\\/#website\",\"url\":\"https:\\\/\\\/www.lilleliis.com\\\/et\\\/\",\"name\":\"lilleliis\",\"description\":\"Amigurumi m\u00e4nguasjad ja mustrid\",\"potentialAction\":[{\"@type\":\"SearchAction\",\"target\":{\"@type\":\"EntryPoint\",\"urlTemplate\":\"https:\\\/\\\/www.lilleliis.com\\\/et\\\/?s={search_term_string}\"},\"query-input\":{\"@type\":\"PropertyValueSpecification\",\"valueRequired\":true,\"valueName\":\"search_term_string\"}}],\"inLanguage\":\"et\"}]}<\/script>\n<!-- \/ Yoast SEO plugin. -->","yoast_head_json":{"title":"\u00d5mmeldav etikett k\u00e4sit\u00f6\u00f6 tootele kirjaga \"Hooked with love\"","description":"Anna oma k\u00e4sitsi valmistatud toodetele kaubanduslik v\u00e4limus! Umbes 50 cm pikkune etiketi pael kirjaga \"Hooked with love\", millel on 10 v\u00e4ljal\u00f5igatavat etiketti, sobib selleks suurep\u00e4raselt. Etiketid saab v\u00e4lja l\u00f5igata koos v\u00f5i ilma s\u00fcdameteta. Vastavalt sellele on \u00fche etiketi pikkus 3,5 v\u00f5i 5 cm. Loe edasi.","robots":{"index":"index","follow":"follow","max-snippet":"max-snippet:-1","max-image-preview":"max-image-preview:large","max-video-preview":"max-video-preview:-1"},"canonical":"https:\/\/www.lilleliis.com\/et\/toode\/ommeldav-etikett-toodetele\/","og_locale":"et_EE","og_type":"article","og_title":"\u00d5mmeldav etikett k\u00e4sit\u00f6\u00f6 tootele kirjaga \"Hooked with love\"","og_description":"Anna oma k\u00e4sitsi valmistatud toodetele kaubanduslik v\u00e4limus! Umbes 50 cm pikkune etiketi pael kirjaga \"Hooked with love\", millel on 10 v\u00e4ljal\u00f5igatavat etiketti, sobib selleks suurep\u00e4raselt. Etiketid saab v\u00e4lja l\u00f5igata koos v\u00f5i ilma s\u00fcdameteta. Vastavalt sellele on \u00fche etiketi pikkus 3,5 v\u00f5i 5 cm. Loe edasi.","og_url":"https:\/\/www.lilleliis.com\/et\/toode\/ommeldav-etikett-toodetele\/","og_site_name":"lilleliis","article_publisher":"https:\/\/www.facebook.com\/lilleliis-283266335035799\/","article_modified_time":"2026-02-10T13:45:37+00:00","og_image":[{"width":1500,"height":1000,"url":"https:\/\/www.lilleliis.com\/wp-content\/uploads\/2018\/05\/DSC_3147.jpg","type":"image\/jpeg"}],"twitter_card":"summary_large_image","twitter_misc":{"Est. reading time":"1 minute"},"schema":{"@context":"https:\/\/schema.org","@graph":[{"@type":"WebPage","@id":"https:\/\/www.lilleliis.com\/et\/toode\/ommeldav-etikett-toodetele\/","url":"https:\/\/www.lilleliis.com\/et\/toode\/ommeldav-etikett-toodetele\/","name":"\u00d5mmeldav etikett k\u00e4sit\u00f6\u00f6 tootele kirjaga \"Hooked with love\"","isPartOf":{"@id":"https:\/\/www.lilleliis.com\/et\/#website"},"primaryImageOfPage":{"@id":"https:\/\/www.lilleliis.com\/et\/toode\/ommeldav-etikett-toodetele\/#primaryimage"},"image":{"@id":"https:\/\/www.lilleliis.com\/et\/toode\/ommeldav-etikett-toodetele\/#primaryimage"},"thumbnailUrl":"https:\/\/www.lilleliis.com\/wp-content\/uploads\/2018\/05\/DSC_3147.jpg","datePublished":"2025-09-04T14:20:14+00:00","dateModified":"2026-02-10T13:45:37+00:00","description":"Anna oma k\u00e4sitsi valmistatud toodetele kaubanduslik v\u00e4limus! Umbes 50 cm pikkune etiketi pael kirjaga \"Hooked with love\", millel on 10 v\u00e4ljal\u00f5igatavat etiketti, sobib selleks suurep\u00e4raselt. Etiketid saab v\u00e4lja l\u00f5igata koos v\u00f5i ilma s\u00fcdameteta. Vastavalt sellele on \u00fche etiketi pikkus 3,5 v\u00f5i 5 cm. Loe edasi.","breadcrumb":{"@id":"https:\/\/www.lilleliis.com\/et\/toode\/ommeldav-etikett-toodetele\/#breadcrumb"},"inLanguage":"et","potentialAction":[{"@type":"ReadAction","target":["https:\/\/www.lilleliis.com\/et\/toode\/ommeldav-etikett-toodetele\/"]}]},{"@type":"ImageObject","inLanguage":"et","@id":"https:\/\/www.lilleliis.com\/et\/toode\/ommeldav-etikett-toodetele\/#primaryimage","url":"https:\/\/www.lilleliis.com\/wp-content\/uploads\/2018\/05\/DSC_3147.jpg","contentUrl":"https:\/\/www.lilleliis.com\/wp-content\/uploads\/2018\/05\/DSC_3147.jpg","width":1500,"height":1000,"caption":"Etikett pael Hooked with love"},{"@type":"BreadcrumbList","@id":"https:\/\/www.lilleliis.com\/et\/toode\/ommeldav-etikett-toodetele\/#breadcrumb","itemListElement":[{"@type":"ListItem","position":1,"name":"Home","item":"https:\/\/www.lilleliis.com\/et\/"},{"@type":"ListItem","position":2,"name":"Pood","item":"https:\/\/www.lilleliis.com\/et\/shop\/"},{"@type":"ListItem","position":3,"name":"Toote etikett &#8220;Hooked with love&#8221;"}]},{"@type":"WebSite","@id":"https:\/\/www.lilleliis.com\/et\/#website","url":"https:\/\/www.lilleliis.com\/et\/","name":"lilleliis","description":"Amigurumi m\u00e4nguasjad ja mustrid","potentialAction":[{"@type":"SearchAction","target":{"@type":"EntryPoint","urlTemplate":"https:\/\/www.lilleliis.com\/et\/?s={search_term_string}"},"query-input":{"@type":"PropertyValueSpecification","valueRequired":true,"valueName":"search_term_string"}}],"inLanguage":"et"}]}},"_links":{"self":[{"href":"https:\/\/www.lilleliis.com\/et\/wp-json\/wp\/v2\/product\/48376","targetHints":{"allow":["GET"]}}],"collection":[{"href":"https:\/\/www.lilleliis.com\/et\/wp-json\/wp\/v2\/product"}],"about":[{"href":"https:\/\/www.lilleliis.com\/et\/wp-json\/wp\/v2\/types\/product"}],"replies":[{"embeddable":true,"href":"https:\/\/www.lilleliis.com\/et\/wp-json\/wp\/v2\/comments?post=48376"}],"wp:featuredmedia":[{"embeddable":true,"href":"https:\/\/www.lilleliis.com\/et\/wp-json\/wp\/v2\/media\/48381"}],"wp:attachment":[{"href":"https:\/\/www.lilleliis.com\/et\/wp-json\/wp\/v2\/media?parent=48376"}],"wp:term":[{"taxonomy":"product_brand","embeddable":true,"href":"https:\/\/www.lilleliis.com\/et\/wp-json\/wp\/v2\/product_brand?post=48376"},{"taxonomy":"product_cat","embeddable":true,"href":"https:\/\/www.lilleliis.com\/et\/wp-json\/wp\/v2\/product_cat?post=48376"},{"taxonomy":"product_tag","embeddable":true,"href":"https:\/\/www.lilleliis.com\/et\/wp-json\/wp\/v2\/product_tag?post=48376"}],"curies":[{"name":"wp","href":"https:\/\/api.w.org\/{rel}","templated":true}]}}