{"id":49715,"date":"2026-03-18T21:24:03","date_gmt":"2026-03-18T19:24:03","guid":{"rendered":"https:\/\/www.lilleliis.com\/?post_type=product&#038;p=49715"},"modified":"2026-03-21T17:04:04","modified_gmt":"2026-03-21T15:04:04","slug":"kaltsukass-amigurumi-muster","status":"publish","type":"product","link":"https:\/\/www.lilleliis.com\/et\/toode\/kaltsukass-amigurumi-muster\/","title":{"rendered":"Amigurumi kassi muster &#8211; Kaltsukass"},"content":{"rendered":"<p>Amigurumi kassi heegeldamise \u00f5petus &#8211; Kaltsukass<\/p>\n<h3>Mustrist<\/h3>\n<p>Allalaetav ja lihtsasti j\u00e4lgitav k\u00e4sit\u00f6\u00f6 \u00f5petus (PDF fail). Juhend sisaldab samm-sammulist \u00f5petust eseme valmistamiseks ning hulgaliselt abistavaid fotosid.<\/p>\n<p>Keel: eesti, inglise, hispaania, portugali, hollandi, taani, soome, saksa, itaalia<\/p>\n<p>\u00d5petuse raskusaste: keskmine<\/p>\n<p>Vajaminevad v\u00f5tted: kinnissilmus, poolsammas, \u00fchekordne ja kahekordne sammas<\/p>\n<div class=\"is-divider divider clearfix\" ><\/div>\n<h3>Suurus ja materjal<\/h3>\n<p>Suurus: 27 cm<\/p>\n<p>Valmistamiseks on kasutatud puuvillast l\u00f5nga ning heegeln\u00f5ela j\u00e4medusega 3 mm.<\/p>\n<div class=\"is-divider divider clearfix\" ><\/div>\n<h3>Abi ja copyright<\/h3>\n<p>K\u00fcsimuste korral saab abi\u00a0<a href=\"mailto:%20lilleliis@gmail.com\">e-posti teel<\/a>.<\/p>\n<p>\u00d5petuse j\u00e4rgi valmistatud esemeid v\u00f5ib m\u00fc\u00fca. \u00d5petust on keelatud jagada. Autori\u00f5igustega tutvu\u00a0<a href=\"https:\/\/www.lilleliis.com\/et\/autorioigused\/\" target=\"_blank\" rel=\"noopener\">siin<\/a>.<\/p>\n","protected":false},"excerpt":{"rendered":"<p data-start=\"109\" data-end=\"367\">Amigurumi Kaltsukass on heegeldatud lihtsust ja naturaalsust r\u00f5hutavas Skandinaavia stiilis. Oma armsa ja veidi rustikaalse v\u00e4limusega toob see lastetuppa soojust ning hubasust &#8211; eriti siis, kui valid just sinu lapse tuppa sobivad toonid.<\/p>\n<p data-start=\"369\" data-end=\"477\">Pehme heegeldatud kass on ka armas kaaslane m\u00e4ngimiseks ja kaisutamiseks.<\/p>\n<p data-start=\"479\" data-end=\"654\">Valmistamisel kasutatakse erinevaid silmuseid, kuid t\u00e4nu selgetele juhistele sobib see h\u00e4sti keskmise tasemega heegeldajale, kes soovib oma oskusi veidi edasi arendada.<\/p>\n","protected":false},"featured_media":49724,"comment_status":"open","ping_status":"closed","template":"","meta":[],"product_brand":[],"product_cat":[95,125],"product_tag":[122],"class_list":{"0":"post-49715","1":"product","2":"type-product","3":"status-publish","4":"has-post-thumbnail","6":"product_cat-amigurumi-opetused","7":"product_cat-looma-mustrid","8":"product_tag-tudrukutele","9":"pa_pattern-language-eesti","10":"pa_pattern-language-hispaania","11":"pa_pattern-language-hollandi","12":"pa_pattern-language-inglise","13":"pa_pattern-language-itaalia","14":"pa_pattern-language-portugali","15":"pa_pattern-language-saksa","16":"pa_pattern-language-soome","17":"pa_pattern-language-taani","18":"pa_pattern-skill-level-keskmine","20":"first","21":"instock","22":"sold-individually","23":"taxable","24":"shipping-taxable","25":"purchasable","26":"product-type-variable"},"yoast_head":"<!-- This site is optimized with the Yoast SEO plugin v27.3 - https:\/\/yoast.com\/product\/yoast-seo-wordpress\/ -->\n<title>Amigurumi kassi muster - Kaltsukass | lilleliis<\/title>\n<meta name=\"description\" content=\"Heegelda oma lemmik v\u00e4rvides Kaltsukass! Amigurumi kassi muster pehme ja erilise m\u00e4nguasja valmistamiseks. Ideaalne kingitus ja lastetoa kaunistus.\" \/>\n<meta name=\"robots\" content=\"index, follow, max-snippet:-1, max-image-preview:large, max-video-preview:-1\" \/>\n<link rel=\"canonical\" href=\"https:\/\/www.lilleliis.com\/et\/toode\/kaltsukass-amigurumi-muster\/\" \/>\n<meta property=\"og:locale\" content=\"et_EE\" \/>\n<meta property=\"og:type\" content=\"article\" \/>\n<meta property=\"og:title\" content=\"Amigurumi kassi muster - Kaltsukass | lilleliis\" \/>\n<meta property=\"og:description\" content=\"Heegelda oma lemmik v\u00e4rvides Kaltsukass! Amigurumi kassi muster pehme ja erilise m\u00e4nguasja valmistamiseks. Ideaalne kingitus ja lastetoa kaunistus.\" \/>\n<meta property=\"og:url\" content=\"https:\/\/www.lilleliis.com\/et\/toode\/kaltsukass-amigurumi-muster\/\" \/>\n<meta property=\"og:site_name\" content=\"lilleliis\" \/>\n<meta property=\"article:publisher\" content=\"https:\/\/www.facebook.com\/lilleliis-283266335035799\/\" \/>\n<meta property=\"article:modified_time\" content=\"2026-03-21T15:04:04+00:00\" \/>\n<meta property=\"og:image\" content=\"https:\/\/www.lilleliis.com\/wp-content\/uploads\/2018\/08\/DSC_6204.jpg\" \/>\n\t<meta property=\"og:image:width\" content=\"1500\" \/>\n\t<meta property=\"og:image:height\" content=\"1000\" \/>\n\t<meta property=\"og:image:type\" content=\"image\/jpeg\" \/>\n<meta name=\"twitter:card\" content=\"summary_large_image\" \/>\n<meta name=\"twitter:label1\" content=\"Est. reading time\" \/>\n\t<meta name=\"twitter:data1\" content=\"1 minute\" \/>\n<script type=\"application\/ld+json\" class=\"yoast-schema-graph\">{\"@context\":\"https:\\\/\\\/schema.org\",\"@graph\":[{\"@type\":\"WebPage\",\"@id\":\"https:\\\/\\\/www.lilleliis.com\\\/et\\\/toode\\\/kaltsukass-amigurumi-muster\\\/\",\"url\":\"https:\\\/\\\/www.lilleliis.com\\\/et\\\/toode\\\/kaltsukass-amigurumi-muster\\\/\",\"name\":\"Amigurumi kassi muster - Kaltsukass | lilleliis\",\"isPartOf\":{\"@id\":\"https:\\\/\\\/www.lilleliis.com\\\/et\\\/#website\"},\"primaryImageOfPage\":{\"@id\":\"https:\\\/\\\/www.lilleliis.com\\\/et\\\/toode\\\/kaltsukass-amigurumi-muster\\\/#primaryimage\"},\"image\":{\"@id\":\"https:\\\/\\\/www.lilleliis.com\\\/et\\\/toode\\\/kaltsukass-amigurumi-muster\\\/#primaryimage\"},\"thumbnailUrl\":\"https:\\\/\\\/www.lilleliis.com\\\/wp-content\\\/uploads\\\/2018\\\/08\\\/DSC_6204.jpg\",\"datePublished\":\"2026-03-18T19:24:03+00:00\",\"dateModified\":\"2026-03-21T15:04:04+00:00\",\"description\":\"Heegelda oma lemmik v\u00e4rvides Kaltsukass! Amigurumi kassi muster pehme ja erilise m\u00e4nguasja valmistamiseks. Ideaalne kingitus ja lastetoa kaunistus.\",\"breadcrumb\":{\"@id\":\"https:\\\/\\\/www.lilleliis.com\\\/et\\\/toode\\\/kaltsukass-amigurumi-muster\\\/#breadcrumb\"},\"inLanguage\":\"et\",\"potentialAction\":[{\"@type\":\"ReadAction\",\"target\":[\"https:\\\/\\\/www.lilleliis.com\\\/et\\\/toode\\\/kaltsukass-amigurumi-muster\\\/\"]}]},{\"@type\":\"ImageObject\",\"inLanguage\":\"et\",\"@id\":\"https:\\\/\\\/www.lilleliis.com\\\/et\\\/toode\\\/kaltsukass-amigurumi-muster\\\/#primaryimage\",\"url\":\"https:\\\/\\\/www.lilleliis.com\\\/wp-content\\\/uploads\\\/2018\\\/08\\\/DSC_6204.jpg\",\"contentUrl\":\"https:\\\/\\\/www.lilleliis.com\\\/wp-content\\\/uploads\\\/2018\\\/08\\\/DSC_6204.jpg\",\"width\":1500,\"height\":1000,\"caption\":\"rag doll cat pattern\"},{\"@type\":\"BreadcrumbList\",\"@id\":\"https:\\\/\\\/www.lilleliis.com\\\/et\\\/toode\\\/kaltsukass-amigurumi-muster\\\/#breadcrumb\",\"itemListElement\":[{\"@type\":\"ListItem\",\"position\":1,\"name\":\"Home\",\"item\":\"https:\\\/\\\/www.lilleliis.com\\\/et\\\/\"},{\"@type\":\"ListItem\",\"position\":2,\"name\":\"Pood\",\"item\":\"https:\\\/\\\/www.lilleliis.com\\\/et\\\/shop\\\/\"},{\"@type\":\"ListItem\",\"position\":3,\"name\":\"Amigurumi kassi muster &#8211; Kaltsukass\"}]},{\"@type\":\"WebSite\",\"@id\":\"https:\\\/\\\/www.lilleliis.com\\\/et\\\/#website\",\"url\":\"https:\\\/\\\/www.lilleliis.com\\\/et\\\/\",\"name\":\"lilleliis\",\"description\":\"Amigurumi m\u00e4nguasjad ja mustrid\",\"potentialAction\":[{\"@type\":\"SearchAction\",\"target\":{\"@type\":\"EntryPoint\",\"urlTemplate\":\"https:\\\/\\\/www.lilleliis.com\\\/et\\\/?s={search_term_string}\"},\"query-input\":{\"@type\":\"PropertyValueSpecification\",\"valueRequired\":true,\"valueName\":\"search_term_string\"}}],\"inLanguage\":\"et\"}]}<\/script>\n<!-- \/ Yoast SEO plugin. -->","yoast_head_json":{"title":"Amigurumi kassi muster - Kaltsukass | lilleliis","description":"Heegelda oma lemmik v\u00e4rvides Kaltsukass! Amigurumi kassi muster pehme ja erilise m\u00e4nguasja valmistamiseks. Ideaalne kingitus ja lastetoa kaunistus.","robots":{"index":"index","follow":"follow","max-snippet":"max-snippet:-1","max-image-preview":"max-image-preview:large","max-video-preview":"max-video-preview:-1"},"canonical":"https:\/\/www.lilleliis.com\/et\/toode\/kaltsukass-amigurumi-muster\/","og_locale":"et_EE","og_type":"article","og_title":"Amigurumi kassi muster - Kaltsukass | lilleliis","og_description":"Heegelda oma lemmik v\u00e4rvides Kaltsukass! Amigurumi kassi muster pehme ja erilise m\u00e4nguasja valmistamiseks. Ideaalne kingitus ja lastetoa kaunistus.","og_url":"https:\/\/www.lilleliis.com\/et\/toode\/kaltsukass-amigurumi-muster\/","og_site_name":"lilleliis","article_publisher":"https:\/\/www.facebook.com\/lilleliis-283266335035799\/","article_modified_time":"2026-03-21T15:04:04+00:00","og_image":[{"width":1500,"height":1000,"url":"https:\/\/www.lilleliis.com\/wp-content\/uploads\/2018\/08\/DSC_6204.jpg","type":"image\/jpeg"}],"twitter_card":"summary_large_image","twitter_misc":{"Est. reading time":"1 minute"},"schema":{"@context":"https:\/\/schema.org","@graph":[{"@type":"WebPage","@id":"https:\/\/www.lilleliis.com\/et\/toode\/kaltsukass-amigurumi-muster\/","url":"https:\/\/www.lilleliis.com\/et\/toode\/kaltsukass-amigurumi-muster\/","name":"Amigurumi kassi muster - Kaltsukass | lilleliis","isPartOf":{"@id":"https:\/\/www.lilleliis.com\/et\/#website"},"primaryImageOfPage":{"@id":"https:\/\/www.lilleliis.com\/et\/toode\/kaltsukass-amigurumi-muster\/#primaryimage"},"image":{"@id":"https:\/\/www.lilleliis.com\/et\/toode\/kaltsukass-amigurumi-muster\/#primaryimage"},"thumbnailUrl":"https:\/\/www.lilleliis.com\/wp-content\/uploads\/2018\/08\/DSC_6204.jpg","datePublished":"2026-03-18T19:24:03+00:00","dateModified":"2026-03-21T15:04:04+00:00","description":"Heegelda oma lemmik v\u00e4rvides Kaltsukass! Amigurumi kassi muster pehme ja erilise m\u00e4nguasja valmistamiseks. Ideaalne kingitus ja lastetoa kaunistus.","breadcrumb":{"@id":"https:\/\/www.lilleliis.com\/et\/toode\/kaltsukass-amigurumi-muster\/#breadcrumb"},"inLanguage":"et","potentialAction":[{"@type":"ReadAction","target":["https:\/\/www.lilleliis.com\/et\/toode\/kaltsukass-amigurumi-muster\/"]}]},{"@type":"ImageObject","inLanguage":"et","@id":"https:\/\/www.lilleliis.com\/et\/toode\/kaltsukass-amigurumi-muster\/#primaryimage","url":"https:\/\/www.lilleliis.com\/wp-content\/uploads\/2018\/08\/DSC_6204.jpg","contentUrl":"https:\/\/www.lilleliis.com\/wp-content\/uploads\/2018\/08\/DSC_6204.jpg","width":1500,"height":1000,"caption":"rag doll cat pattern"},{"@type":"BreadcrumbList","@id":"https:\/\/www.lilleliis.com\/et\/toode\/kaltsukass-amigurumi-muster\/#breadcrumb","itemListElement":[{"@type":"ListItem","position":1,"name":"Home","item":"https:\/\/www.lilleliis.com\/et\/"},{"@type":"ListItem","position":2,"name":"Pood","item":"https:\/\/www.lilleliis.com\/et\/shop\/"},{"@type":"ListItem","position":3,"name":"Amigurumi kassi muster &#8211; Kaltsukass"}]},{"@type":"WebSite","@id":"https:\/\/www.lilleliis.com\/et\/#website","url":"https:\/\/www.lilleliis.com\/et\/","name":"lilleliis","description":"Amigurumi m\u00e4nguasjad ja mustrid","potentialAction":[{"@type":"SearchAction","target":{"@type":"EntryPoint","urlTemplate":"https:\/\/www.lilleliis.com\/et\/?s={search_term_string}"},"query-input":{"@type":"PropertyValueSpecification","valueRequired":true,"valueName":"search_term_string"}}],"inLanguage":"et"}]}},"_links":{"self":[{"href":"https:\/\/www.lilleliis.com\/et\/wp-json\/wp\/v2\/product\/49715","targetHints":{"allow":["GET"]}}],"collection":[{"href":"https:\/\/www.lilleliis.com\/et\/wp-json\/wp\/v2\/product"}],"about":[{"href":"https:\/\/www.lilleliis.com\/et\/wp-json\/wp\/v2\/types\/product"}],"replies":[{"embeddable":true,"href":"https:\/\/www.lilleliis.com\/et\/wp-json\/wp\/v2\/comments?post=49715"}],"wp:featuredmedia":[{"embeddable":true,"href":"https:\/\/www.lilleliis.com\/et\/wp-json\/wp\/v2\/media\/49724"}],"wp:attachment":[{"href":"https:\/\/www.lilleliis.com\/et\/wp-json\/wp\/v2\/media?parent=49715"}],"wp:term":[{"taxonomy":"product_brand","embeddable":true,"href":"https:\/\/www.lilleliis.com\/et\/wp-json\/wp\/v2\/product_brand?post=49715"},{"taxonomy":"product_cat","embeddable":true,"href":"https:\/\/www.lilleliis.com\/et\/wp-json\/wp\/v2\/product_cat?post=49715"},{"taxonomy":"product_tag","embeddable":true,"href":"https:\/\/www.lilleliis.com\/et\/wp-json\/wp\/v2\/product_tag?post=49715"}],"curies":[{"name":"wp","href":"https:\/\/api.w.org\/{rel}","templated":true}]}}